{"id":19649,"date":"2025-04-07T06:59:31","date_gmt":"2025-04-07T06:59:31","guid":{"rendered":"https:\/\/www.hydraulic-cylinders.net\/product\/boom-cylinder-for-bonny-ce1000-7\/"},"modified":"2025-04-07T06:59:33","modified_gmt":"2025-04-07T06:59:33","slug":"boom-cylinder-for-bonny-ce1000-7","status":"publish","type":"product","link":"https:\/\/www.hydraulic-cylinders.net\/lv\/products\/boom-cylinder-for-bonny-ce1000-7\/","title":{"rendered":"Str\u0113les cilindrs Bonny CE1000-7"},"content":{"rendered":"<h1>Str\u0113les cilindrs Bonny CE1000-7<\/h1>\n<h2>Str\u0113les cilindra izpratne<\/h2>\n<p>Str\u0113les cilindrs ir svar\u012bga hidrauliska sast\u0101vda\u013ca, ko izmanto da\u017e\u0101d\u0101s smagaj\u0101s ma\u0161\u012bn\u0101s. Tas ir \u012bpa\u0161i izstr\u0101d\u0101ts kausa kust\u012bbas vad\u012bbai ekskavatoros, univers\u0101lajos iekr\u0101v\u0113jos un front\u0101lajos iekr\u0101v\u0113jos, un tas \u013cauj kausam pacelties, nolaisties un noliekties, padarot materi\u0101lu apstr\u0101des uzdevumus efekt\u012bvus un lietder\u012bgus.<\/p>\n<p>K\u0101 hidraulisk\u0101 cilindra veids, str\u0113les cilindrs darbojas, izmantojot hidraulisk\u0101 \u0161\u0137idruma spiedienu, lai rad\u012btu kust\u012bbu. \u0160\u012b funkcionalit\u0101te ir \u013coti svar\u012bga b\u016bvniec\u012bbas un lauksaimniec\u012bbas darbos, kur nepiecie\u0161ama prec\u012bza lielu kravu kontrole. Hidraulisk\u0101 sist\u0113ma izmanto \u0161\u0137idruma meh\u0101nikas jaudu, \u013caujot str\u0113les cilindram neman\u0101mi veikt savus uzdevumus, t\u0101d\u0113j\u0101di uzlabojot produktivit\u0101ti.<\/p>\n<p><img decoding=\"async\" src=\"https:\/\/www.hydraulic-cylinders.net\/wp-content\/uploads\/2025\/04\/songte-company-1.webp\" alt=\"Str\u0113les cilindrs\"><\/p>\n<h2>Str\u0113les cilindra galven\u0101s iez\u012bmes<\/h2>\n<ul>\n<li><strong>Augsta iztur\u012bba un ilgm\u016b\u017e\u012bba:<\/strong> Parasti no augstas stipr\u012bbas t\u0113rauda vai alum\u012bnija izgatavotais str\u0113les cilindrs var iztur\u0113t augstu spiedienu un lielas slodzes. T\u0101 konstrukcija ietver nodilumiztur\u012bbu un iztur\u012bbu pret koroziju, pagarinot t\u0101 kalpo\u0161anas laiku pat skarbos darba apst\u0101k\u013cos.<\/li>\n<li><strong>Efekt\u012bva hidraulisk\u0101 darb\u012bba:<\/strong> Cilindrs izmanto hidraulisk\u0101 \u0161\u0137idruma spiedienu, lai nodro\u0161in\u0101tu vienm\u0113r\u012bgu izvilk\u0161anu un ievilk\u0161anu, \u0101tri rea\u0123\u0113jot uz operatora komand\u0101m un nodro\u0161inot sp\u0113c\u012bgu stum\u0161anas un vilk\u0161anas sp\u0113ku, kas ir piem\u0113rots smagu un sare\u017e\u0123\u012btu uzdevumu veik\u0161anai.<\/li>\n<li><strong>Da\u017e\u0101di veidi:<\/strong> Str\u0113les cilindrs, kas ir pieejams vienk\u0101r\u0161\u0101s darb\u012bbas (izmantojot hidraulisko spiedienu vien\u0101 virzien\u0101) vai divk\u0101r\u0161\u0101s darb\u012bbas (izmantojot hidraulisko spiedienu abos virzienos) konfigur\u0101cij\u0101s, var tikt piel\u0101gots da\u017e\u0101d\u0101m ekspluat\u0101cijas vajadz\u012bb\u0101m. Da\u017ei mode\u013ci ir teleskopiski, kas \u013cauj veikt liel\u0101ku pagarin\u0101jumu, nepalielinot \u0101r\u0113jos izm\u0113rus, kas ir ide\u0101li piem\u0113rots darbam ar ierobe\u017eotu vietu.<\/li>\n<li><strong>Piel\u0101gota ra\u017eo\u0161ana:<\/strong> M\u0113s sp\u0113jam ra\u017eot \u0161o produktu, padarot m\u016bsu cilindrus par perfektu aizvietot\u0101ju j\u016bsu hidrauliskaj\u0101m vajadz\u012bb\u0101m.<\/li>\n<li><strong>Pla\u0161s pielietojumu kl\u0101sts:<\/strong> \u0160\u012b daudzpus\u012bba padara str\u0113les cilindru piem\u0113rotu da\u017e\u0101d\u0101m smagaj\u0101m ma\u0161\u012bn\u0101m un ekspluat\u0101cijas kontekstiem.<\/li>\n<\/ul>\n<p><img decoding=\"async\" src=\"https:\/\/www.hydraulic-cylinders.net\/wp-content\/uploads\/2025\/04\/songte-cylinder-head-with-all-kinds-excavator-models.webp\" alt=\"Ekskavatoru mode\u013ci\"><\/p>\n<h2>Str\u0113les cilindra pielietojumi<\/h2>\n<h3>Celtniec\u012bbas apr\u012bkojums<\/h3>\n<p>Str\u0113les cilindrs tiek pla\u0161i izmantots ekskavatoros, kur tas ir \u013coti svar\u012bgs augsnes vai gru\u017eu rak\u0161anai, iekrau\u0161anai un p\u0101rvieto\u0161anai. T\u0101 prec\u012bz\u0101 vad\u012bba \u013cauj operatoriem veikt prec\u012bzas kust\u012bbas, atvieglojot da\u017e\u0101dus b\u016bvniec\u012bbas uzdevumus. Ekskavatoros-iekr\u0101v\u0113jos str\u0113les cilindrs ne tikai pal\u012bdz rak\u0161an\u0101, bet ar\u012b materi\u0101lu cel\u0161an\u0101, padarot to par b\u016btisku \u0161o ma\u0161\u012bnu sast\u0101vda\u013cu.<\/p>\n<h3>Lauksaimniec\u012bbas tehnika<\/h3>\n<p>Front\u0101lajos iekr\u0101v\u0113jos str\u0113les cilindri tiek izmantoti augsnes, siena un citu materi\u0101lu sav\u0101k\u0161anai, cel\u0161anai un transport\u0113\u0161anai. To iztur\u012bg\u0101 konstrukcija nodro\u0161ina, ka tie var tikt gal\u0101 ar lielaj\u0101m lauksaimniec\u012bbas darbu pras\u012bb\u0101m, uzlabojot efektivit\u0101ti un produktivit\u0101ti lauksaimniec\u012bbas uzdevumos.<\/p>\n<h3>Ekskavatori<\/h3>\n<p>Str\u0113les cilindrs \u013cauj kausam efekt\u012bvi iek\u013c\u016bt zem\u0113, atvieglojot rak\u0161anas procesu. \u0160\u012b funkcionalit\u0101te ir kritiski svar\u012bga b\u016bvniec\u012bbas, ainavu veido\u0161anas un rak\u0161anas projektos, kur nepiecie\u0161amas prec\u012bzas zemes p\u0101rvieto\u0161anas iesp\u0113jas.<\/p>\n<h3>Iekr\u0101v\u0113ji<\/h3>\n<p>Front\u0101lajos iekr\u0101v\u0113jos str\u0113les cilindri pal\u012bdz efekt\u012bvi pacelt un apg\u0101zt kravas. \u0160\u012b sp\u0113ja ir b\u016btiska materi\u0101lu p\u0101rvieto\u0161anai b\u016bvlaukumos, nodro\u0161inot, ka uzdevumi tiek paveikti \u0101tri un dro\u0161i.<\/p>\n<h2>Dizaina apsv\u0113rumi un atlases krit\u0113riji<\/h2>\n<h3>Kravnes\u012bba<\/h3>\n<p>Str\u0113les cilindra kravnes\u012bba ir kritisks aspekts, kas nosaka, cik lielu svaru cilindrs var dro\u0161i pacelt un manevr\u0113t. Pareiza kravnes\u012bbas nov\u0113rt\u0113\u0161ana nodro\u0161ina, ka cilindrs var tikt gal\u0101 ar nepiecie\u0161amajiem konkr\u0113tajiem uzdevumiem bez atteices vai boj\u0101jumu riska.<\/p>\n<h3>Bl\u012bv\u0113juma integrit\u0101te<\/h3>\n<p>Efekt\u012bvs bl\u012bv\u0113jums ir vit\u0101li svar\u012bgs str\u0113les cilindra veiktsp\u0113jai un ilgm\u016b\u017e\u012bbai. Augstas kvalit\u0101tes bl\u012bv\u0113jumi nov\u0113r\u0161 hidraulisk\u0101 \u0161\u0137idruma nopl\u016bdes, nodro\u0161inot optim\u0101lu darb\u012bbu un samazinot vides pies\u0101r\u0146ojuma risku. J\u0101izv\u0113las atbilsto\u0161i bl\u012bv\u0113\u0161anas materi\u0101li un tehnolo\u0123ijas, lai tie atbilstu darba apst\u0101k\u013ciem.<\/p>\n<h3>Iztur\u012bba<\/h3>\n<p>Iztur\u012bba ietver str\u0113les cilindra sp\u0113ju iztur\u0113t nodilumu laika gait\u0101. Tas ietver iztur\u012bbu pret nodilumu, koroziju un nogurumu. Izv\u0113loties materi\u0101lus un apdari, kas uzlabo iztur\u012bbu, tiks nodro\u0161in\u0101ta hidraulisk\u0101 cilindra uzticama darb\u012bba sare\u017e\u0123\u012btos apst\u0101k\u013cos.<\/p>\n<h3>Dro\u0161\u012bbas funkcijas<\/h3>\n<p>Dro\u0161\u012bba ir \u0101rk\u0101rt\u012bgi svar\u012bga, projekt\u0113jot hidrauliskos cilindrus. T\u0101du funkciju k\u0101 p\u0101rslodzes aizsardz\u012bbas un dro\u0161\u012bbas v\u0101rstu iek\u013cau\u0161ana var nov\u0113rst negad\u012bjumus un iek\u0101rtu boj\u0101jumus, aizsarg\u0101jot gan operatorus, gan ma\u0161\u012bnas. Dro\u0161\u012bbas pras\u012bbu un noteikumu izpratne ir \u013coti svar\u012bga, lai nodro\u0161in\u0101tu atbilst\u012bbu projekt\u0113\u0161anas pras\u012bb\u0101m.<\/p>\n<h3>Apkopes apsv\u0113rumi<\/h3>\n<p>Projekt\u0113jot, \u0146emot v\u0113r\u0101 apkopes nepiecie\u0161am\u012bbu, j\u0101\u0146em v\u0113r\u0101, cik viegli var apkalpot vai remont\u0113t str\u0113les cilindru. T\u0101das funkcijas k\u0101 pieejamas bl\u012bves, nomain\u0101mas deta\u013cas un skaidras apkopes vadl\u012bnijas veicina efekt\u012bvu apkopi, samazinot d\u012bkst\u0101ves laiku un ekspluat\u0101cijas izmaksas.<\/p>\n<p><img decoding=\"async\" src=\"https:\/\/www.hydraulic-cylinders.net\/wp-content\/uploads\/2025\/04\/songte-oil-pipes-and-spare-parts.webp\" alt=\"E\u013c\u013cas caurules un rezerves da\u013cas\"><\/p>\n<h2>Bl\u012bv\u0113\u0161ana un e\u013c\u013co\u0161ana<\/h2>\n<p>Efekt\u012bva bl\u012bv\u0113\u0161ana un e\u013c\u013co\u0161ana ir b\u016btiska str\u0113les cilindra optim\u0101lai darb\u012bbai. Da\u017e\u0101diem bl\u012bv\u0113jumiem, piem\u0113ram, virzu\u013ca bl\u012bv\u0113m un stie\u0146a bl\u012bv\u0113m, ir iz\u0161\u0137iro\u0161a noz\u012bme hidraulisk\u0101 spiediena uztur\u0113\u0161an\u0101 un nopl\u016b\u017eu nov\u0113r\u0161an\u0101. Bl\u012bv\u0113jumi, kas izgatavoti no iztur\u012bgiem materi\u0101liem, piem\u0113ram, poliuret\u0101na un nitrila gumijas, uzlabo nodilumiztur\u012bbu.<\/p>\n<p>Cilindra korpusa un v\u012bt\u0146oto galu virsmas ir smalki apstr\u0101d\u0101tas, lai uzlabotu to iztur\u012bbu pret nodilumu. Turkl\u0101t ir svar\u012bgi regul\u0101ri iesmidzin\u0101t atbilsto\u0161u hidraulisko e\u013c\u013cu e\u013c\u013co\u0161anai, nodro\u0161inot visu kust\u012bgo da\u013cu vienm\u0113r\u012bgu darb\u012bbu un samazinot berzi.<\/p>\n<h2>Regul\u0101ras p\u0101rbaudes un profilaktisk\u0101 apkope<\/h2>\n<ul>\n<li><strong>Regul\u0101ras p\u0101rbaudes:<\/strong> Regul\u0101ri p\u0101rbaudiet str\u0113les cilindru, vai nav nodiluma, nopl\u016b\u017eu vai boj\u0101jumu paz\u012bmju. Probl\u0113mu agr\u012bna atkl\u0101\u0161ana var nov\u0113rst nopietn\u0101kas probl\u0113mas un d\u0101rgus remontdarbus.<\/li>\n<li><strong>Piem\u0113rota e\u013c\u013co\u0161ana:<\/strong> P\u0101rliecinieties, vai hidraulisk\u0101s e\u013c\u013cas l\u012bmenis ir pareizs un vai e\u013c\u013co\u0161ana tiek veikta saska\u0146\u0101 ar ra\u017eot\u0101ja vadl\u012bnij\u0101m. Tas uzlabos veiktsp\u0113ju un pagarin\u0101s hidraulisk\u0101 cilindra kalpo\u0161anas laiku.<\/li>\n<li><strong>Bl\u012bv\u0113juma nomai\u0146a:<\/strong> Bl\u012bves j\u0101nomaina regul\u0101ras apkopes grafika ietvaros, lai nov\u0113rstu nopl\u016bdes un saglab\u0101tu sist\u0113mas efektivit\u0101ti. Pareiza nomai\u0146as bl\u012bvju izv\u0113le ir \u013coti svar\u012bga hidraulisk\u0101s sist\u0113mas integrit\u0101tes saglab\u0101\u0161anai.<\/li>\n<\/ul>\n<h2>Uzst\u0101d\u012b\u0161anas vadl\u012bnijas<\/h2>\n<p>Uzst\u0101dot str\u0113les cilindru, ir svar\u012bgi iev\u0113rot \u0161\u012bs vadl\u012bnijas, lai nodro\u0161in\u0101tu pareizu darb\u012bbu un ilgm\u016b\u017e\u012bbu:<\/p>\n<ul>\n<li><strong>Izl\u012bdzin\u0101\u0161ana:<\/strong> Pareizi izl\u012bdziniet cilindru ar stiprin\u0101juma punktiem, lai darb\u012bbas laik\u0101 izvair\u012btos no sprieguma un nepareizas izl\u012bdzin\u0101\u0161anas probl\u0113m\u0101m. Lai pan\u0101ktu pareizu novietojumu, izmantojiet starplikas vai starplikas.<\/li>\n<li><strong>Dro\u0161a mont\u0101\u017ea:<\/strong> Izmantojiet atbilsto\u0161us mont\u0101\u017eas kron\u0161teinus un stiprin\u0101jumus, lai nostiprin\u0101tu cilindru viet\u0101. P\u0101rliecinieties, vai visi stiprin\u0101jumi ir pievilkti atbilsto\u0161i ra\u017eot\u0101ja specifik\u0101cij\u0101m, lai nov\u0113rstu kust\u012bbu darb\u012bbas laik\u0101.<\/li>\n<li><strong>Hidrauliskie savienojumi:<\/strong> Uzman\u012bgi pievienojiet hidraulisk\u0101s l\u012bnijas, lai izvair\u012btos no nopl\u016bd\u0113m. P\u0101rliecinieties, vai visi savienojumi ir nosl\u0113gti un pievilkti atbilsto\u0161i ra\u017eot\u0101ja specifik\u0101cij\u0101m, lai saglab\u0101tu sist\u0113mas integrit\u0101ti.<\/li>\n<li><strong>Test\u0113\u0161ana:<\/strong> P\u0113c uzst\u0101d\u012b\u0161anas veiciet r\u016bp\u012bgu hidraulisk\u0101s sist\u0113mas p\u0101rbaudi, lai nodro\u0161in\u0101tu pareizu darb\u012bbu. Uzraugiet, vai nav nopl\u016b\u017eu, neparastu trok\u0161\u0146u vai veiktsp\u0113jas probl\u0113mu.<\/li>\n<\/ul>\n<p><img decoding=\"async\" src=\"https:\/\/www.hydraulic-cylinders.net\/wp-content\/uploads\/2025\/04\/songte-chushion-collar.webp\" alt=\"Spilvenu apkakle\"><\/p>\n<h2>Dro\u0161\u012bbas apsv\u0113rumi un vides faktori<\/h2>\n<p>Izmantojot hidrauliskos cilindrus, ir svar\u012bgi noteikt dro\u0161\u012bbas pas\u0101kumu priorit\u0101ti. Operatoriem j\u0101b\u016bt apm\u0101c\u012btiem, lai izprastu hidraulisko sist\u0113mu darb\u012bbu un dro\u0161\u012bbas protokolu iev\u0113ro\u0161anas noz\u012bmi ekspluat\u0101cijas un apkopes laik\u0101. Regul\u0101ras dro\u0161\u012bbas rev\u012bzijas un apm\u0101c\u012bbas var mazin\u0101t ar hidraulisko apr\u012bkojumu saist\u012btos riskus.<\/p>\n<h2>Probl\u0113mu nov\u0113r\u0161ana un bie\u017ei sastopamas probl\u0113mas<\/h2>\n<ul>\n<li><strong>Nopl\u016bde:<\/strong> Parasti to izraisa nodilu\u0161as bl\u012bves vai va\u013c\u012bgi savienojumi. P\u0101rbaudiet visus hidrauliskos savienojumus un bl\u012bves, vai nav boj\u0101jumu, un nepiecie\u0161am\u012bbas gad\u012bjum\u0101 salabojiet vai nomainiet.<\/li>\n<li><strong>L\u0113na darb\u012bba:<\/strong> Var liecin\u0101t par zemu hidraulisk\u0101 \u0161\u0137idruma l\u012bmeni vai gaisu sist\u0113m\u0101. P\u0101rbaudiet \u0161\u0137idruma l\u012bmeni un atgaisojiet sist\u0113mu, lai izvad\u012btu iesprostoto gaisu.<\/li>\n<li><strong>P\u0101rm\u0113r\u012bgs troksnis:<\/strong> Bie\u017ei vien t\u0101 ir iek\u0161\u0113ja nodiluma vai kavit\u0101cijas paz\u012bme. P\u0101rbaudiet cilindru un hidraulisko sist\u0113mu, vai nav iesp\u0113jamu boj\u0101jumu, un nekav\u0113joties nov\u0113rsiet tos.<\/li>\n<\/ul>\n<p>Izprotot \u0161\u012bs bie\u017ei sastopam\u0101s probl\u0113mas, operatori var efekt\u012bvi diagnostic\u0113t un nov\u0113rst probl\u0113mas, nodro\u0161inot nemain\u012bgu veiktsp\u0113ju.<\/p>\n<p><img decoding=\"async\" src=\"https:\/\/www.hydraulic-cylinders.net\/wp-content\/uploads\/2025\/04\/songte-bushings-with-all-kinds-of-excavator-models.webp\" alt=\"Bukses ar ekskavatora mode\u013ciem\"><\/p>\n<h2>Secin\u0101jums<\/h2>\n<p>M\u0113s esam vado\u0161ais rezerves hidraulisko cilindru ra\u017eot\u0101js, kas pied\u0101v\u0101 pla\u0161u produktu kl\u0101stu, kas apmierina gan viet\u0113jo, gan starptautisko tirgu vajadz\u012bbas. M\u016bsu ap\u0146em\u0161an\u0101s nodro\u0161in\u0101t izcil\u012bbu un r\u016bp\u012bg\u0101s ra\u017eo\u0161anas vad\u012bbas strat\u0113\u0123ijas pozicion\u0113 m\u016bs k\u0101 augst\u0101k\u0101 l\u012bme\u0146a hidraulisko cilindru ra\u017eot\u0101ju un vairumtirdzniec\u012bbas izplat\u012bt\u0101ju.<\/p>\n<p>M\u0113s priorit\u0101ri r\u016bp\u0113jamies par kvalit\u0101ti, izmantojot modernas ra\u017eo\u0161anas iek\u0101rtas un procesus, prasm\u012bgus darbiniekus un modernu digit\u0101lo apr\u012bkojumu. M\u016bsu uzman\u012bba kvalit\u0101tes nodro\u0161in\u0101\u0161anai apvienojum\u0101 ar sp\u0113ju piel\u0101got risin\u0101jumus nodro\u0161ina, ka m\u0113s efekt\u012bvi apmierin\u0101m klientu da\u017e\u0101d\u0101s vajadz\u012bbas.<\/p>\n<p><img decoding=\"async\" src=\"https:\/\/www.hydraulic-cylinders.net\/wp-content\/uploads\/2025\/04\/songte-company-4.webp\" alt=\"Uz\u0146\u0113muma p\u0101rskats\"><br \/>\n<img decoding=\"async\" src=\"https:\/\/www.hydraulic-cylinders.net\/wp-content\/uploads\/2025\/04\/songte-company-3.webp\" alt=\"Ra\u017eo\u0161anas iek\u0101rta\"><\/p>\n<p>Autors: lil<\/p>","protected":false},"excerpt":{"rendered":"<p>Boom Cylinder For Bonny CE1000-7 Understanding the Boom Cylinder The boom cylinder is a vital hydraulic component used in various heavy machinery. Specifically designed for controlling the movement of the bucket in excavators, backhoes, and front loaders, it allows the bucket to lift, lower, and tilt, making material handling tasks efficient and effective. As a [&hellip;]<\/p>","protected":false},"featured_media":17867,"comment_status":"open","ping_status":"closed","template":"","meta":{"_et_pb_use_builder":"","_et_pb_old_content":"","_et_gb_content_width":""},"product_brand":[],"product_cat":[1546],"product_tag":[1547,1496],"class_list":{"0":"post-19649","1":"product","2":"type-product","3":"status-publish","4":"has-post-thumbnail","6":"product_cat-boom-cylinders","7":"product_tag-boom-cylinders","8":"product_tag-hydraulic-cylinders","10":"first","11":"instock","12":"shipping-taxable","13":"product-type-simple"},"amp_enabled":true,"_links":{"self":[{"href":"https:\/\/www.hydraulic-cylinders.net\/lv\/wp-json\/wp\/v2\/product\/19649","targetHints":{"allow":["GET"]}}],"collection":[{"href":"https:\/\/www.hydraulic-cylinders.net\/lv\/wp-json\/wp\/v2\/product"}],"about":[{"href":"https:\/\/www.hydraulic-cylinders.net\/lv\/wp-json\/wp\/v2\/types\/product"}],"replies":[{"embeddable":true,"href":"https:\/\/www.hydraulic-cylinders.net\/lv\/wp-json\/wp\/v2\/comments?post=19649"}],"wp:featuredmedia":[{"embeddable":true,"href":"https:\/\/www.hydraulic-cylinders.net\/lv\/wp-json\/wp\/v2\/media\/17867"}],"wp:attachment":[{"href":"https:\/\/www.hydraulic-cylinders.net\/lv\/wp-json\/wp\/v2\/media?parent=19649"}],"wp:term":[{"taxonomy":"product_brand","embeddable":true,"href":"https:\/\/www.hydraulic-cylinders.net\/lv\/wp-json\/wp\/v2\/product_brand?post=19649"},{"taxonomy":"product_cat","embeddable":true,"href":"https:\/\/www.hydraulic-cylinders.net\/lv\/wp-json\/wp\/v2\/product_cat?post=19649"},{"taxonomy":"product_tag","embeddable":true,"href":"https:\/\/www.hydraulic-cylinders.net\/lv\/wp-json\/wp\/v2\/product_tag?post=19649"}],"curies":[{"name":"wp","href":"https:\/\/api.w.org\/{rel}","templated":true}]}}