{"id":19651,"date":"2025-04-07T06:59:37","date_gmt":"2025-04-07T06:59:37","guid":{"rendered":"https:\/\/www.hydraulic-cylinders.net\/product\/boom-cylinder-for-bonny-wy160ahd\/"},"modified":"2025-04-07T06:59:40","modified_gmt":"2025-04-07T06:59:40","slug":"boom-cylinder-for-bonny-wy160ahd","status":"publish","type":"product","link":"https:\/\/www.hydraulic-cylinders.net\/lv\/products\/boom-cylinder-for-bonny-wy160ahd\/","title":{"rendered":"Str\u0113les cilindrs Bonny WY160AHD"},"content":{"rendered":"<h1>Str\u0113les cilindrs Bonny WY160AHD<\/h1>\n<h2>Produkta p\u0101rskats<\/h2>\n<p>Bonny WY160AHD str\u0113les cilindrs ir specializ\u0113ts hidrauliskais cilindrs, kas paredz\u0113ts str\u0113les kust\u012bbas vad\u012bbai da\u017e\u0101d\u0101s smagaj\u0101s ma\u0161\u012bn\u0101s, piem\u0113ram, ekskavatoros, iekr\u0101v\u0113jos ar ekskavatoru un front\u0101lajos iekr\u0101v\u0113jos. \u0160ie cilindri \u013cauj str\u0113li pacelt, nolaist un noliekt, atvieglojot materi\u0101lu apstr\u0101des uzdevumus ar vieglumu un precizit\u0101ti. Kausa cilindram ir iz\u0161\u0137iro\u0161a noz\u012bme hidrauliskaj\u0101s sist\u0113m\u0101s, nodro\u0161inot nepiecie\u0161amo sp\u0113ku un kontroli efekt\u012bvai darb\u012bbai sare\u017e\u0123\u012btos apst\u0101k\u013cos.<\/p>\n<p><img decoding=\"async\" src=\"https:\/\/www.hydraulic-cylinders.net\/wp-content\/uploads\/2025\/04\/songte-company-1.webp\" alt=\"Str\u0113les cilindrs Bonny WY160AHD modelim\"><\/p>\n<h3>Defin\u012bcija un funkcionalit\u0101te<\/h3>\n<p>Kausa cilindrs ir hidraulisk\u0101 cilindra veids, kas \u012bpa\u0161i izstr\u0101d\u0101ts, lai p\u0101rvald\u012btu kausa darb\u012bbu uz smag\u0101s tehnikas. Ekskavatoros tas \u013cauj prec\u012bzi rakt, pacelt un noliekt kausu, lai nodro\u0161in\u0101tu efekt\u012bvu materi\u0101la izrak\u0161anu un transport\u0113\u0161anu. \u0160o cilindru konstrukcija parasti paredz augstu iztur\u012bbu un uzticam\u012bbu, nodro\u0161inot optim\u0101lu veiktsp\u0113ju augsta spiediena apst\u0101k\u013cos.<\/p>\n<h2>Str\u0113les cilindra \u012bpa\u0161\u012bbas<\/h2>\n<ul>\n<li><strong>Augsta iztur\u012bba un ilgm\u016b\u017e\u012bba:<\/strong> \u0160ie cilindri ir izgatavoti no augstas stipr\u012bbas t\u0113rauda vai alum\u012bnija, un tie var iztur\u0113t augstu spiedienu un lielas slodzes, padarot tos piem\u0113rotus skarbiem darba apst\u0101k\u013ciem. To konstrukcija ir paredz\u0113ta nodilumiztur\u012bbai un aizsardz\u012bbai pret koroziju, lai pagarin\u0101tu to kalpo\u0161anas laiku.<\/li>\n<li><strong>Efekt\u012bva hidraulisk\u0101 darb\u012bba:<\/strong> Izmantojot hidraulisk\u0101s e\u013c\u013cas spiedienu vienm\u0113r\u012bgai izvilk\u0161anai un ievilk\u0161anai, \u0161ie cilindri \u0101tri rea\u0123\u0113 uz vad\u012bbas komand\u0101m, nodro\u0161inot iev\u0113rojamu stum\u0161anas un vilk\u0161anas sp\u0113ku, kas ir ide\u0101li piem\u0113rots smagu un sare\u017e\u0123\u012btu uzdevumu veik\u0161anai.<\/li>\n<li><strong>Da\u017e\u0101di veidi:<\/strong> Pieejamie varianti ietver vienk\u0101r\u0161as darb\u012bbas (darbojas vien\u0101 virzien\u0101) un divk\u0101r\u0161as darb\u012bbas (darbojas abos virzienos) cilindrus, kas atbilst da\u017e\u0101d\u0101m ekspluat\u0101cijas pras\u012bb\u0101m. Da\u017ei mode\u013ci ir teleskopiski, kas \u013cauj tos pagarin\u0101t, nepalielinot \u0101r\u0113jos izm\u0113rus, un ir piem\u0113roti lietojumiem ar ierobe\u017eotu vietu.<\/li>\n<li><strong>Piel\u0101gojami risin\u0101jumi:<\/strong> M\u016bsu ra\u017eo\u0161anas iesp\u0113jas \u013cauj mums ra\u017eot cilindrus, kas perfekti aizst\u0101j eso\u0161os hidrauliskos cilindrus, nodro\u0161inot neman\u0101mu integr\u0101ciju j\u016bsu iek\u0101rt\u0101s.<\/li>\n<li><strong>Iztur\u012bgs dizains:<\/strong> \u0160o cilindru projekt\u0113\u0161an\u0101 tiek \u0146emti v\u0113r\u0101 t\u0101di faktori k\u0101 kravnes\u012bba, bl\u012bv\u0113jums, iztur\u012bba, dro\u0161\u012bba un apkopes iesp\u0113jas, nodro\u0161inot uzticamu veiktsp\u0113ju da\u017e\u0101d\u0101s lietojumprogramm\u0101s.<\/li>\n<\/ul>\n<p><img decoding=\"async\" src=\"https:\/\/www.hydraulic-cylinders.net\/wp-content\/uploads\/2025\/04\/songte-cylinder-head-with-all-kinds-excavator-models.webp\" alt=\"Cilindra galva ekskavatoriem\"><\/p>\n<h2>Str\u0113les cilindra pielietojums<\/h2>\n<h3>Celtniec\u012bbas apr\u012bkojums<\/h3>\n<p>Ekskavatoros str\u0113les cilindri ir b\u016btiski augsnes vai gru\u017eu rak\u0161anai, iekrau\u0161anai un p\u0101rvieto\u0161anai. Tie nodro\u0161ina nepiecie\u0161amo sp\u0113ku, lai efekt\u012bvi manipul\u0113tu ar str\u0113li, \u013caujot operatoriem prec\u012bzi veikt da\u017e\u0101dus uzdevumus. Str\u0113les sp\u0113ja pacelt smagas kravas ir \u013coti svar\u012bga b\u016bvniec\u012bbas projektos, nodro\u0161inot efektivit\u0101ti un produktivit\u0101ti.<\/p>\n<h3>Lauksaimniec\u012bbas tehnika<\/h3>\n<p>Front\u0101lo iekr\u0101v\u0113ju str\u0113les cilindri atvieglo t\u0101du materi\u0101lu k\u0101 augsnes un siena sav\u0101k\u0161anu, cel\u0161anu un transport\u0113\u0161anu. To iztur\u012bg\u0101 konstrukcija nodro\u0161ina uzticamu darb\u012bbu da\u017e\u0101dos lauksaimniec\u012bbas darbos, iev\u0113rojami uzlabojot ra\u017e\u012bgumu saimniec\u012bb\u0101s.<\/p>\n<h3>Ekskavatori<\/h3>\n<p>Ekskavatoros str\u0113les cilindri nodro\u0161ina rak\u0161anas darb\u012bbas, \u013caujot kausam iek\u013c\u016bt augsn\u0113. To konstrukcija maksim\u0101li palielina hidraulisko efektivit\u0101ti, nodro\u0161inot jaudu, kas nepiecie\u0161ama materi\u0101lu efekt\u012bvai izrak\u0161anai, t\u0101d\u0113j\u0101di uzlabojot tehnikas kop\u0113jo veiktsp\u0113ju.<\/p>\n<h3>Iekr\u0101v\u0113ji<\/h3>\n<p>Front\u0101lajos iekr\u0101v\u0113jos str\u0113les cilindri pal\u012bdz efekt\u012bvi pacelt un izg\u0101zt kravas. To sp\u0113ja apstr\u0101d\u0101t smagus materi\u0101lus padara tos par vit\u0101li svar\u012bgiem b\u016bvniec\u012bb\u0101 un materi\u0101lu apstr\u0101d\u0113, nodro\u0161inot, ka uzdevumi tiek paveikti \u0101tri un efekt\u012bvi.<\/p>\n<h2>Dizaina apsv\u0113rumi un atlases krit\u0113riji<\/h2>\n<h3>Kravnes\u012bba<\/h3>\n<p>Izv\u0113loties str\u0113les cilindru, kravnes\u012bba ir kritisks aspekts. Cilindram j\u0101sp\u0113j iztur\u0113t maksim\u0101lo slodzi, ar kuru saskarsies tehnika. Tas prasa r\u016bp\u012bgu projekt\u0113\u0161anu, lai nodro\u0161in\u0101tu, ka izmantotie materi\u0101li var iztur\u0113t ekspluat\u0101cijas laik\u0101 pieliktos sp\u0113kus bez deform\u0101cijas vai boj\u0101jumiem.<\/p>\n<h3>Bl\u012bv\u0113\u0161ana<\/h3>\n<p>V\u0113l viens b\u016btisks faktors ir bl\u012bv\u0113jums. Efekt\u012bvi bl\u012bv\u0113jumi nov\u0113r\u0161 hidraulisk\u0101 \u0161\u0137idruma nopl\u016bdi un pies\u0101r\u0146ojumu, kas var apdraud\u0113t veiktsp\u0113ju un dro\u0161\u012bbu. Augstas kvalit\u0101tes bl\u012bv\u0113jumi, kas izgatavoti no t\u0101diem materi\u0101liem k\u0101 poliuret\u0101ns vai nitrilgumija, ir \u013coti svar\u012bgi, lai saglab\u0101tu hidraulisk\u0101s sist\u0113mas integrit\u0101ti.<\/p>\n<h3>Iztur\u012bba<\/h3>\n<p>Str\u0113les cilindra iztur\u012bba ir \u013coti svar\u012bga, \u012bpa\u0161i sare\u017e\u0123\u012btos apst\u0101k\u013cos. Tam j\u0101b\u016bt iztur\u012bgam pret nodilumu, ko rada past\u0101v\u012bga lieto\u0161ana un skarbi apst\u0101k\u013ci. Tas ietver nobr\u0101zumus no net\u012brumiem un gru\u017eiem, k\u0101 ar\u012b koroziju no mitruma un \u0137\u012bmisk\u0101m viel\u0101m.<\/p>\n<h3>Dro\u0161\u012bba<\/h3>\n<p>Lai nov\u0113rstu negad\u012bjumus, str\u0113les cilindru konstrukcij\u0101 j\u0101iek\u013cauj dro\u0161\u012bbas funkcijas. Tas ietver p\u0101rslodzes aizsardz\u012bbas meh\u0101nismus un dro\u0161\u012bbas v\u0101rstus, kas var nov\u0113rst sist\u0113mas dro\u0161u ekspluat\u0101cijas robe\u017eu p\u0101rsnieg\u0161anu, nodro\u0161inot gan operatora dro\u0161\u012bbu, gan apr\u012bkojuma ilgm\u016b\u017e\u012bbu.<\/p>\n<h3>Uzturam\u012bba<\/h3>\n<p>Visbeidzot, svar\u012bgs apsv\u0113rums ir apkopes vienk\u0101r\u0161\u012bba. Konstrukcija, kas vienk\u0101r\u0161o p\u0101rbaudes, e\u013c\u013co\u0161anu un bl\u012bv\u0113jumu nomai\u0146u, samazin\u0101s d\u012bkst\u0101ves laiku un apkopes izmaksas. Ra\u017eot\u0101jiem vajadz\u0113tu dot priek\u0161roku konstrukcij\u0101m, kas nodro\u0161ina \u0113rtu piek\u013cuvi kritiski svar\u012bg\u0101m sast\u0101vda\u013c\u0101m.<\/p>\n<p><img decoding=\"async\" src=\"https:\/\/www.hydraulic-cylinders.net\/wp-content\/uploads\/2025\/04\/songte-oil-pipes-and-spare-parts.webp\" alt=\"Hidraulisk\u0101s sast\u0101vda\u013cas\"><\/p>\n<h2>Bl\u012bv\u0113\u0161ana un e\u013c\u013co\u0161ana<\/h2>\n<p>Str\u0113les cilindru efektivit\u0101te liel\u0101 m\u0113r\u0101 ir atkar\u012bga no pareiza bl\u012bv\u0113juma un e\u013c\u013co\u0161anas. Da\u017e\u0101di bl\u012bv\u0113juma komponenti, piem\u0113ram, virzu\u013ca bl\u012bv\u0113jumi un stie\u0146a bl\u012bv\u0113jumi, ir \u013coti svar\u012bgi hidraulisk\u0101 spiediena uztur\u0113\u0161anai un nopl\u016b\u017eu nov\u0113r\u0161anai. Bl\u012bv\u0113jumi parasti tiek izgatavoti no nodilumiztur\u012bgiem materi\u0101liem, piem\u0113ram, poliuret\u0101na vai nitrila gumijas, kas nodro\u0161ina izcilu iztur\u012bbu pret skarbajiem ekspluat\u0101cijas apst\u0101k\u013ciem, ar kuriem bie\u017ei saskaras hidrauliskie cilindri. Turkl\u0101t cilindra korpusa un v\u012bt\u0146oto galu virsmas ir smalki apstr\u0101d\u0101tas, lai uzlabotu nodilumiztur\u012bbu, veicinot cilindra kop\u0113jo uzticam\u012bbu.<\/p>\n<p>Svar\u012bga ir ar\u012b regul\u0101ra e\u013c\u013co\u0161ana. Operatoriem ieteicams periodiski uzpild\u012bt hidraulisko sist\u0113mu ar atbilsto\u0161u hidraulisko e\u013c\u013cu, lai nodro\u0161in\u0101tu visu kust\u012bgo da\u013cu nevainojamu darb\u012bbu un samazin\u0101tu berzi. \u0160\u012b prakse pagarina cilindra kalpo\u0161anas laiku un uztur optim\u0101lu veiktsp\u0113ju.<\/p>\n<h2>Prevent\u012bvie apkopes pas\u0101kumi<\/h2>\n<ul>\n<li><strong>Regul\u0101ras p\u0101rbaudes:<\/strong> Regul\u0101ri veiciet p\u0101rbaudes, lai identific\u0113tu jebk\u0101das nodiluma, nopl\u016bdes vai boj\u0101jumu paz\u012bmes. Probl\u0113mu agr\u012bna atkl\u0101\u0161ana var nov\u0113rst nopietn\u0101ku probl\u0113mu ra\u0161anos.<\/li>\n<li><strong>Piem\u0113rota e\u013c\u013co\u0161ana:<\/strong> Nodro\u0161iniet, lai hidraulisk\u0101 \u0161\u0137idruma l\u012bmenis b\u016btu uztur\u0113ts un sist\u0113ma tiktu regul\u0101ri iee\u013c\u013cota, lai samazin\u0101tu kust\u012bgo da\u013cu berzi un nodilumu.<\/li>\n<li><strong>Bl\u012bv\u0113juma nomai\u0146a:<\/strong> Uzraugiet bl\u012bv\u0113jumu st\u0101vokli un nomainiet tos p\u0113c nepiecie\u0161am\u012bbas, lai nov\u0113rstu nopl\u016bdes un uztur\u0113tu hidraulisko efektivit\u0101ti.<\/li>\n<\/ul>\n<h2>Uzst\u0101d\u012b\u0161anas vadl\u012bnijas<\/h2>\n<p>Pareiza str\u0113les cilindra uzst\u0101d\u012b\u0161ana ir \u013coti svar\u012bga optim\u0101lai darb\u012bbai un ilgm\u016b\u017e\u012bbai. Vispirms p\u0101rliecinieties, vai tehnikas stiprin\u0101juma punkti ir t\u012bri un bez gru\u017eiem. R\u016bp\u012bgi izl\u012bdziniet cilindru, p\u0101rliecinoties, ka tas ir taisns, lai nov\u0113rstu jebk\u0101du nepareizu izl\u012bdzin\u0101\u0161anu, kas var\u0113tu izrais\u012bt priek\u0161laic\u012bgu nodilumu vai boj\u0101jumus. Izmantojiet atbilsto\u0161us stiprin\u0101juma kron\u0161teinus, lai nostiprin\u0101tu cilindru viet\u0101, nodro\u0161inot stingru stiprin\u0101jumu.<\/p>\n<p>Vienm\u0113r skatiet ra\u017eot\u0101ja specifik\u0101cijas attiec\u012bb\u0101 uz griezes momenta iestat\u012bjumiem un jebk\u0101d\u0101m \u012bpa\u0161\u0101m uzst\u0101d\u012b\u0161anas pras\u012bb\u0101m. P\u0113c uzst\u0101d\u012b\u0161anas veiciet p\u0101rbaudes, lai p\u0101rliecin\u0101tos, ka cilindrs darbojas nevainojami un bez nopl\u016bd\u0113m. Visbeidzot, dokument\u0113jiet uzst\u0101d\u012b\u0161anas procesu un visas veikt\u0101s izmai\u0146as turpm\u0101kai uzzi\u0146ai.<\/p>\n<h2>Bie\u017ei sastopamie apkopes uzdevumi<\/h2>\n<h3>Regul\u0101ras p\u0101rbaudes<\/h3>\n<p>Regul\u0101ru p\u0101rbau\u017eu veik\u0161ana ir \u013coti svar\u012bga, lai identific\u0113tu potenci\u0101l\u0101s probl\u0113mas, pirms t\u0101s k\u013c\u016bst par nopietn\u0101m probl\u0113m\u0101m. Mekl\u0113jiet cilindra nodiluma paz\u012bmes, piem\u0113ram, plaisas vai deform\u0101ciju, un p\u0101rbaudiet hidraulisk\u0101 \u0161\u0137idruma l\u012bmeni, lai p\u0101rliecin\u0101tos, ka tas atbilst ieteicamajam diapazonam. P\u0101rbaudes j\u0101veic regul\u0101ri, lai saglab\u0101tu str\u0113les cilindra integrit\u0101ti un veiktsp\u0113ju.<\/p>\n<h3>Piem\u0113rota e\u013c\u013co\u0161ana<\/h3>\n<p>Pareiza e\u013c\u013co\u0161ana ir b\u016btiska, lai pagarin\u0101tu str\u0113les cilindra kalpo\u0161anas laiku. P\u0101rliecinieties, vai hidraulisk\u0101s e\u013c\u013cas l\u012bmenis ir pietiekams un ka e\u013c\u013co\u0161anas punkti tiek regul\u0101ri apkopti. J\u0101izmanto pareiza veida hidraulisk\u0101 e\u013c\u013ca, un operatoriem j\u0101iev\u0113ro ra\u017eot\u0101ja ieteikumi, lai nov\u0113rstu boj\u0101jumus un nodro\u0161in\u0101tu vienm\u0113r\u012bgu darb\u012bbu.<\/p>\n<h3>Bl\u012bv\u0113juma nomai\u0146a<\/h3>\n<p>Bl\u012bv\u0113jumi ir \u013coti svar\u012bgi hidraulisk\u0101 spiediena uztur\u0113\u0161anai un nopl\u016b\u017eu nov\u0113r\u0161anai. Regul\u0101ri p\u0101rbaudiet, vai bl\u012bv\u0113m nav nodiluma vai boj\u0101jumu paz\u012bmju, un nomainiet t\u0101s p\u0113c nepiecie\u0161am\u012bbas. Tas pal\u012bdz\u0113s uztur\u0113t hidraulisk\u0101s sist\u0113mas efektivit\u0101ti un nov\u0113rs\u012bs d\u0101rgus remontdarbus \u0161\u0137idruma nopl\u016b\u017eu d\u0113\u013c. Bl\u012bvju nomai\u0146as uzskaite pal\u012bdz\u0113s izsekot apkopes darbiem.<\/p>\n<p><img decoding=\"async\" src=\"https:\/\/www.hydraulic-cylinders.net\/wp-content\/uploads\/2025\/04\/songte-chushion-collar.webp\" alt=\"Spilvenu apkakle\"><\/p>\n<h2>Dro\u0161\u012bbas apsv\u0113rumi un vides faktori<\/h2>\n<p>Darbinot hidraulisk\u0101s sist\u0113mas, dro\u0161\u012bbas pas\u0101kumi ir \u0101rk\u0101rt\u012bgi svar\u012bgi. Operatoriem vienm\u0113r j\u0101iev\u0113ro dro\u0161\u012bbas protokoli, tostarp j\u0101valk\u0101 atbilsto\u0161i individu\u0101lie aizsardz\u012bbas l\u012bdzek\u013ci (IAL) un j\u0101nodro\u0161ina, lai viss person\u0101ls b\u016btu inform\u0113ts par ekspluat\u0101cijas proced\u016br\u0101m. Pareiza apm\u0101c\u012bba ir b\u016btiska, lai nov\u0113rstu negad\u012bjumus un nodro\u0161in\u0101tu ar str\u0113les cilindriem apr\u012bkotu ma\u0161\u012bnu dro\u0161u ekspluat\u0101ciju.<\/p>\n<p>Ar\u012b vides faktoriem ir b\u016btiska loma hidraulisko cilindru darb\u012bb\u0101 un ilgm\u016b\u017e\u012bb\u0101. Operatoriem j\u0101\u0146em v\u0113r\u0101 ekstrem\u0101las temperat\u016bras, mitruma iedarb\u012bba un iesp\u0113jamie pies\u0101r\u0146ot\u0101ji darba vid\u0113. Aizsardz\u012bbas pas\u0101kumu ievie\u0161ana, piem\u0113ram, p\u0101rsegu izmanto\u0161ana vai atbilsto\u0161u materi\u0101lu izv\u0113le, var mazin\u0101t \u0161os riskus.<\/p>\n<h2>K\u013c\u016bmju diagnostika un bie\u017e\u0101k sastopam\u0101s probl\u0113mas<\/h2>\n<ul>\n<li><strong>Nopl\u016bde:<\/strong> Ja hidrauliskais \u0161\u0137idrums nopl\u016bst, p\u0101rbaudiet bl\u012bves un savienojumus, vai tie nav boj\u0101ti. Nomainiet visas boj\u0101t\u0101s deta\u013cas, lai atjaunotu sist\u0113mas integrit\u0101ti.<\/li>\n<li><strong>Nekonsekventa darb\u012bba:<\/strong> Ja cilindrs neizvirz\u0101s vai neievelkas vienm\u0113r\u012bgi, p\u0101rbaudiet, vai hidrauliskaj\u0101s l\u012bnij\u0101s nav aizsprostojumu, un p\u0101rliecinieties, vai sist\u0113m\u0101 ir pietiekams hidraulisk\u0101 \u0161\u0137idruma l\u012bmenis.<\/li>\n<li><strong>Neparastas ska\u0146as:<\/strong> Grie\u0161an\u0101s vai klab\u0113\u0161anas ska\u0146as var liecin\u0101t par iek\u0161\u0113jiem boj\u0101jumiem vai nodilumu. P\u0101rbaudiet cilindru, vai nav meh\u0101nisku boj\u0101jumu vai nodiluma paz\u012bmju.<\/li>\n<\/ul>\n<h2>Probl\u0113mu nov\u0113r\u0161anas padomi<\/h2>\n<p>Lai efekt\u012bvi diagnostic\u0113tu un nov\u0113rstu probl\u0113mas, operatoriem j\u0101iev\u0113ro sistem\u0101tiska pieeja. S\u0101ciet ar hidraulisk\u0101s sist\u0113mas vizu\u0101lu p\u0101rbaudi, mekl\u0113jot nopl\u016bdes vai ac\u012bmredzamus boj\u0101jumus. Ja tiek konstat\u0113ta probl\u0113ma, iepaz\u012bstieties ar ra\u017eot\u0101ja nor\u0101d\u012bjumiem par probl\u0113mu nov\u0113r\u0161anu un remonta proced\u016br\u0101m. Regul\u0101ra apm\u0101c\u012bba par bie\u017ei sastopam\u0101m probl\u0113m\u0101m un risin\u0101jumiem var dot operatoriem iesp\u0113ju p\u0101rvald\u012bt nelielas probl\u0113mas, pirms t\u0101s p\u0101raug nopietnos remontos.<\/p>\n<p>Prevent\u012bvu pas\u0101kumu, piem\u0113ram, pl\u0101notas apkopes un regul\u0101ru p\u0101rbau\u017eu, ievie\u0161ana var pal\u012bdz\u0113t samazin\u0101t iesp\u0113jam\u0101s probl\u0113mas un nodro\u0161in\u0101t str\u0113les cilindra netrauc\u0113tu darb\u012bbu.<\/p>\n<p><img decoding=\"async\" src=\"https:\/\/www.hydraulic-cylinders.net\/wp-content\/uploads\/2025\/04\/songte-bushings-with-all-kinds-of-excavator-models.webp\" alt=\"Ekskavatoru bukses\"><\/p>\n<h2>Par m\u016bsu uz\u0146\u0113mumu<\/h2>\n<p>M\u0113s esam vado\u0161ais rezerves hidraulisko cilindru ra\u017eot\u0101js un vairumtirdzniec\u012bbas izplat\u012bt\u0101js ar pla\u0161u produktu kl\u0101stu. M\u016bsu ap\u0146em\u0161an\u0101s nodro\u0161in\u0101t izcilu kvalit\u0101ti ir padar\u012bjusi m\u016bs par iev\u0113rojamu sp\u0113l\u0113t\u0101ju gan viet\u0113j\u0101, gan starptautiskaj\u0101 tirg\u016b. M\u0113s iev\u0113rojam izsmalcin\u0101tu, industrializ\u0113tu ra\u017eo\u0161anas vad\u012bbas strat\u0113\u0123iju, kas koncentr\u0113jas uz izcil\u012bbu un efektivit\u0101ti.<\/p>\n<p>M\u016bsu komand\u0101 ir kvalific\u0113ti speci\u0101listi, kas apr\u012bkoti ar modern\u0101m digit\u0101l\u0101s ra\u017eo\u0161anas tehnolo\u0123ij\u0101m un profesion\u0101l\u0101m test\u0113\u0161anas sist\u0113m\u0101m. Tas nodro\u0161ina, ka m\u0113s past\u0101v\u012bgi uzlabojam savu ra\u017eo\u0161anas platformu, pilnveidojot m\u016bsu produktu kvalit\u0101tes ra\u017eo\u0161anas ce\u013cus. M\u016bsu sp\u0113c\u012bg\u0101s rado\u0161\u0101s sp\u0113jas \u013cauj mums apmierin\u0101t da\u017e\u0101das klientu pras\u012bbas ar augstu efektivit\u0101ti, precizit\u0101ti un kvalit\u0101ti.<\/p>\n<p><img decoding=\"async\" src=\"https:\/\/www.hydraulic-cylinders.net\/wp-content\/uploads\/2025\/04\/songte-company-4.webp\" alt=\"Uz\u0146\u0113muma p\u0101rskats\"><br \/>\n<img decoding=\"async\" src=\"https:\/\/www.hydraulic-cylinders.net\/wp-content\/uploads\/2025\/04\/songte-company-3.webp\" alt=\"Ra\u017eo\u0161anas iek\u0101rta\"><\/p>\n<p>M\u0113s pied\u0101v\u0101jam specializ\u0113tus pakalpojumus, tostarp piel\u0101gotus risin\u0101jumus, ko apliecina starptautiski sertifik\u0101ti, kas apliecina m\u016bsu ap\u0146em\u0161anos nodro\u0161in\u0101t kvalit\u0101ti un dro\u0161\u012bbu. M\u016bsu modern\u0101kais ra\u017eo\u0161anas apr\u012bkojums nodro\u0161ina, ka katrs produkts atbilst stingriem nozares standartiem, savuk\u0101rt m\u016bsu specializ\u0113tais p\u0113cp\u0101rdo\u0161anas serviss garant\u0113 klientu apmierin\u0101t\u012bbu un atbalstu.<\/p>\n<p>Autors: lil<\/p>","protected":false},"excerpt":{"rendered":"<p>Boom Cylinder For Bonny WY160AHD Product Overview The Boom Cylinder for Bonny WY160AHD is a specialized hydraulic cylinder designed to control the movement of the boom in various heavy machinery such as excavators, backhoe loaders, and front loaders. These cylinders enable the boom to lift, lower, and tilt, facilitating material handling tasks with ease and [&hellip;]<\/p>","protected":false},"featured_media":17869,"comment_status":"open","ping_status":"closed","template":"","meta":{"_et_pb_use_builder":"","_et_pb_old_content":"","_et_gb_content_width":""},"product_brand":[],"product_cat":[1546],"product_tag":[1547,1496],"class_list":{"0":"post-19651","1":"product","2":"type-product","3":"status-publish","4":"has-post-thumbnail","6":"product_cat-boom-cylinders","7":"product_tag-boom-cylinders","8":"product_tag-hydraulic-cylinders","10":"first","11":"instock","12":"shipping-taxable","13":"product-type-simple"},"amp_enabled":true,"_links":{"self":[{"href":"https:\/\/www.hydraulic-cylinders.net\/lv\/wp-json\/wp\/v2\/product\/19651","targetHints":{"allow":["GET"]}}],"collection":[{"href":"https:\/\/www.hydraulic-cylinders.net\/lv\/wp-json\/wp\/v2\/product"}],"about":[{"href":"https:\/\/www.hydraulic-cylinders.net\/lv\/wp-json\/wp\/v2\/types\/product"}],"replies":[{"embeddable":true,"href":"https:\/\/www.hydraulic-cylinders.net\/lv\/wp-json\/wp\/v2\/comments?post=19651"}],"wp:featuredmedia":[{"embeddable":true,"href":"https:\/\/www.hydraulic-cylinders.net\/lv\/wp-json\/wp\/v2\/media\/17869"}],"wp:attachment":[{"href":"https:\/\/www.hydraulic-cylinders.net\/lv\/wp-json\/wp\/v2\/media?parent=19651"}],"wp:term":[{"taxonomy":"product_brand","embeddable":true,"href":"https:\/\/www.hydraulic-cylinders.net\/lv\/wp-json\/wp\/v2\/product_brand?post=19651"},{"taxonomy":"product_cat","embeddable":true,"href":"https:\/\/www.hydraulic-cylinders.net\/lv\/wp-json\/wp\/v2\/product_cat?post=19651"},{"taxonomy":"product_tag","embeddable":true,"href":"https:\/\/www.hydraulic-cylinders.net\/lv\/wp-json\/wp\/v2\/product_tag?post=19651"}],"curies":[{"name":"wp","href":"https:\/\/api.w.org\/{rel}","templated":true}]}}