{"id":19653,"date":"2025-04-07T06:59:55","date_gmt":"2025-04-07T06:59:55","guid":{"rendered":"https:\/\/www.hydraulic-cylinders.net\/product\/boom-cylinder-for-bonny-ce2200-7\/"},"modified":"2025-04-07T06:59:57","modified_gmt":"2025-04-07T06:59:57","slug":"boom-cylinder-for-bonny-ce2200-7","status":"publish","type":"product","link":"https:\/\/www.hydraulic-cylinders.net\/lv\/products\/boom-cylinder-for-bonny-ce2200-7\/","title":{"rendered":"Str\u0113les cilindrs Bonny CE2200-7"},"content":{"rendered":"<h1>Str\u0113les cilindrs Bonny CE2200-7<\/h1>\n<h2>Produkta p\u0101rskats<\/h2>\n<p>Bonny CE2200-7 str\u0113les cilindrs ir b\u016btiska hidraulisk\u0101 sast\u0101vda\u013ca, kas paredz\u0113ta, lai kontrol\u0113tu kausu kust\u012bbu smagaj\u0101s ma\u0161\u012bn\u0101s, piem\u0113ram, ekskavatoros, ekskavatoros-iekr\u0101v\u0113jos un front\u0101lajos iekr\u0101v\u0113jos. Kausa cilindriem ir iz\u0161\u0137iro\u0161a noz\u012bme materi\u0101lu apstr\u0101des uzdevumu atvieglo\u0161an\u0101, nodro\u0161inot kausa pacel\u0161anu, nolai\u0161anu un noliek\u0161anu. \u0160ie hidrauliskie cilindri ir \u012bpa\u0161i izstr\u0101d\u0101ti, lai iztur\u0113tu sare\u017e\u0123\u012btus apst\u0101k\u013cus, padarot tos par svar\u012bgu hidraulisko sist\u0113mu sast\u0101vda\u013cu da\u017e\u0101dos r\u016bpnieciskos pielietojumos.<\/p>\n<p><img decoding=\"async\" src=\"https:\/\/www.hydraulic-cylinders.net\/wp-content\/uploads\/2025\/04\/songte-company-1.webp\" alt=\"Str\u0113les cilindrs Bonny CE2200-7\"><\/p>\n<h2>Str\u0113les cilindra \u012bpa\u0161\u012bbas<\/h2>\n<ul>\n<li><strong>Augsta iztur\u012bba un ilgm\u016b\u017e\u012bba:<\/strong> Izgatavots no augstas stipr\u012bbas t\u0113rauda vai alum\u012bnija, paredz\u0113ts augsta spiediena un lielu slodzi iztur\u0113\u0161anai, piem\u0113rots skarbiem darba apst\u0101k\u013ciem.<\/li>\n<li><strong>Efekt\u012bva hidraulisk\u0101 darb\u012bba:<\/strong> Izmanto hidraulisk\u0101s e\u013c\u013cas spiedienu vienm\u0113r\u012bgai izvilk\u0161anai un izstiep\u0161anai, nodro\u0161inot sp\u0113c\u012bgu stum\u0161anas un vilk\u0161anas sp\u0113ku, kas ir ide\u0101li piem\u0113rots smagiem un sare\u017e\u0123\u012btiem uzdevumiem.<\/li>\n<li><strong>Da\u017e\u0101di veidi:<\/strong> Pieejami k\u0101 vienas darb\u012bbas (hidrauliski tiek izmantoti vien\u0101 virzien\u0101) vai divk\u0101r\u0161as darb\u012bbas (hidrauliski tiek izmantoti abos virzienos) cilindri, lai apmierin\u0101tu da\u017e\u0101das ekspluat\u0101cijas vajadz\u012bbas.<\/li>\n<li><strong>Vietu taupo\u0161s dizains:<\/strong> Da\u017ei mode\u013ci ir teleskopiski, kas \u013cauj tos izstiept, nepalielinot \u0101r\u0113jos izm\u0113rus, t\u0101p\u0113c tie ir ide\u0101li piem\u0113roti lieto\u0161anai ierobe\u017eot\u0101 telp\u0101.<\/li>\n<li><strong>Korozijas iztur\u012bba:<\/strong> Izstr\u0101d\u0101ts no materi\u0101liem, kas ir iztur\u012bgi pret nodilumu un koroziju, iev\u0113rojami pagarinot cilindra ekspluat\u0101cijas laiku.<\/li>\n<\/ul>\n<p>M\u016bsu produkti var lieliski aizst\u0101t \u0161os hidrauliskos cilindrus.<\/p>\n<p><img decoding=\"async\" src=\"https:\/\/www.hydraulic-cylinders.net\/wp-content\/uploads\/2025\/04\/songte-cylinder-head-with-all-kinds-excavator-models.webp\" alt=\"Hidraulisk\u0101 cilindra galva\"><\/p>\n<h2>Lietojumprogrammu scen\u0101riji<\/h2>\n<h3>Celtniec\u012bbas apr\u012bkojums<\/h3>\n<p>Ekskavatoros str\u0113les cilindrs ir \u013coti svar\u012bgs zemes vai gru\u017eu rak\u0161anai, iekrau\u0161anai un p\u0101rvieto\u0161anai. Tas \u013cauj kausam efekt\u012bvi iek\u013c\u016bt augsn\u0113, atvieglojot rak\u0161anas procesu. Ekskavatoros-iekr\u0101v\u0113jos kausa cilindrs pal\u012bdz gan rak\u0161anas, gan cel\u0161anas darbos, padarot to par neaizst\u0101jamu sast\u0101vda\u013cu b\u016bvniec\u012bbas darbos.<\/p>\n<h3>Lauksaimniec\u012bbas tehnika<\/h3>\n<p>Front\u0101lajos iekr\u0101v\u0113jos kausa cilindrs ir vit\u0101li svar\u012bgs augsnes, siena un citu materi\u0101lu sav\u0101k\u0161anai, cel\u0161anai un transport\u0113\u0161anai. \u0160\u012b funkcionalit\u0101te uzlabo lauksaimniec\u012bbas darbu efektivit\u0101ti, \u013caujot lauksaimniekiem efekt\u012bvi p\u0101rvald\u012bt savus resursus un uzlabot produktivit\u0101ti.<\/p>\n<h3>Ekskavatori<\/h3>\n<p>Ekskavatoru kausa cilindram ir iz\u0161\u0137iro\u0161a loma rak\u0161anas darb\u012bbas nodro\u0161in\u0101\u0161an\u0101, \u013caujot kausam iek\u013c\u016bt augsn\u0113. \u0160\u012b sp\u0113ja ir b\u016btiska da\u017e\u0101diem rak\u0161anas darbiem, nodro\u0161inot efektivit\u0101ti gan b\u016bvniec\u012bbas, gan ainavu veido\u0161anas projektos.<\/p>\n<h3>Iekr\u0101v\u0113ji<\/h3>\n<p>Front\u0101lajos iekr\u0101v\u0113jos str\u0113les cilindrs pal\u012bdz efekt\u012bvi pacelt un izg\u0101zt kravas. \u0160\u012b funkcija ir \u013coti svar\u012bga, lai \u0101tri un dro\u0161i p\u0101rvietotu materi\u0101lus, nodro\u0161inot, ka iekr\u0101v\u0113ji var efekt\u012bvi veikt savus uzdevumus, neapdraudot dro\u0161\u012bbu.<\/p>\n<h2>Dizaina apsv\u0113rumi un atlases krit\u0113riji<\/h2>\n<h3>Kravnes\u012bba<\/h3>\n<p>Izv\u0113loties str\u0113les cilindru, kravnes\u012bba ir \u0101rk\u0101rt\u012bgi svar\u012bga. Cilindram j\u0101sp\u0113j iztur\u0113t maksim\u0101lo svaru, ar ko tas saskarsies ekspluat\u0101cijas laik\u0101. Tas nodro\u0161ina, ka tehnika darbojas dro\u0161i un efekt\u012bvi, nov\u0113r\u0161ot iesp\u0113jamus iek\u0101rtu boj\u0101jumus.<\/p>\n<h3>Bl\u012bv\u0113\u0161ana<\/h3>\n<p>Efekt\u012bvs bl\u012bv\u0113jums ir b\u016btisks hidrauliskajiem cilindriem, lai uztur\u0113tu spiedienu un nov\u0113rstu \u0161\u0137idruma nopl\u016bdes. Bl\u012bv\u0113\u0161anas materi\u0101lu, piem\u0113ram, poliuret\u0101na un nitrilgumijas, izv\u0113le var b\u016btiski ietekm\u0113t cilindra veiktsp\u0113ju un ilgm\u016b\u017e\u012bbu, t\u0101p\u0113c tas ir \u013coti svar\u012bgi \u0146emt v\u0113r\u0101, izv\u0113loties konstrukciju.<\/p>\n<h3>Iztur\u012bba<\/h3>\n<p>Iztur\u012bba ir v\u0113l viens svar\u012bgs faktors, jo hidrauliskie cilindri bie\u017ei tiek pak\u013cauti skarbiem darba apst\u0101k\u013ciem. Konstrukcij\u0101 izmantotajiem materi\u0101liem j\u0101b\u016bt iztur\u012bgiem pret nodilumu, k\u0101 ar\u012b pret vides faktoriem, piem\u0113ram, mitrumu un \u0137\u012bmisk\u0101m viel\u0101m, lai pagarin\u0101tu cilindra kalpo\u0161anas laiku.<\/p>\n<h3>Dro\u0161\u012bba<\/h3>\n<p>Hidraulisko cilindru konstrukcij\u0101 ir \u013coti svar\u012bgi ieviest dro\u0161\u012bbas elementus. Tas ietver p\u0101rslodzes aizsardz\u012bbas sist\u0113mas un av\u0101rijas meh\u0101nismus, lai nodro\u0161in\u0101tu, ka darb\u012bbas trauc\u0113jumu gad\u012bjum\u0101 iek\u0101rta var darboties dro\u0161i, lai nov\u0113rstu negad\u012bjumus.<\/p>\n<h3>Uzturam\u012bba<\/h3>\n<p>Vienk\u0101r\u0161a apkope ir \u013coti svar\u012bga, lai nodro\u0161in\u0101tu hidraulisko sist\u0113mu efekt\u012bvu darb\u012bbu ilgtermi\u0146\u0101. Labi konstru\u0113ts cilindrs \u013cauj vienk\u0101r\u0161i p\u0101rbaud\u012bt, iee\u013c\u013cot un nomain\u012bt bl\u012bves un citas sast\u0101vda\u013cas, t\u0101d\u0113j\u0101di nodro\u0161inot minim\u0101lu tehnikas d\u012bkst\u0101vi.<\/p>\n<p><img decoding=\"async\" src=\"https:\/\/www.hydraulic-cylinders.net\/wp-content\/uploads\/2025\/04\/songte-oil-pipes-and-spare-parts.webp\" alt=\"Hidraulisko cilindru deta\u013cas\"><\/p>\n<h2>Bl\u012bv\u0113\u0161ana un e\u013c\u013co\u0161ana<\/h2>\n<p>Lai nodro\u0161in\u0101tu optim\u0101lu veiktsp\u0113ju, tiek izmantoti da\u017e\u0101di bl\u012bv\u0113\u0161anas komponenti, tostarp virzu\u013ca bl\u012bvsl\u0113gi \u200b\u200bun stie\u0146u bl\u012bvsl\u0113gi. Iztur\u012bgu materi\u0101lu, piem\u0113ram, poliuret\u0101na un nitrila gumijas, izv\u0113le nodro\u0161ina, ka bl\u012bvsl\u0113gi \u200b\u200biztur nodilumu. Hidraulisk\u0101 cilindra korpuss un v\u012bt\u0146ot\u0101s gala virsmas ir smalki apstr\u0101d\u0101tas, lai uzlabotu nodilumiztur\u012bbu. Regul\u0101ra e\u013c\u013co\u0161ana ar hidraulisko e\u013c\u013cu ir nepiecie\u0161ama, lai uztur\u0113tu vienm\u0113r\u012bgu darb\u012bbu un nov\u0113rstu berzes izrais\u012btu nodilumu.<\/p>\n<h2>Prevent\u012bvie apkopes pas\u0101kumi<\/h2>\n<ul>\n<li><strong>Regul\u0101ras p\u0101rbaudes:<\/strong> Veiciet regul\u0101ras p\u0101rbaudes, lai noteiktu jebk\u0101das nodiluma vai boj\u0101jumu paz\u012bmes. Probl\u0113mu agr\u012bna atkl\u0101\u0161ana var nov\u0113rst nopietnus boj\u0101jumus.<\/li>\n<li><strong>Piem\u0113rota e\u013c\u013co\u0161ana:<\/strong> P\u0101rliecinieties, ka hidraulisk\u0101s e\u013c\u013cas l\u012bmenis ir pietiekams un ka e\u013c\u013co\u0161ana tiek veikta regul\u0101ri, lai uztur\u0113tu veiktsp\u0113ju un nov\u0113rstu iestr\u0113g\u0161anu.<\/li>\n<li><strong>Bl\u012bv\u0113juma nomai\u0146a:<\/strong> Uzraugiet bl\u012bves, vai nav nodiluma paz\u012bmju, un nomainiet t\u0101s p\u0113c nepiecie\u0161am\u012bbas, lai nov\u0113rstu nopl\u016bdes un saglab\u0101tu efektivit\u0101ti.<\/li>\n<\/ul>\n<h2>Uzst\u0101d\u012b\u0161anas vadl\u012bnijas<\/h2>\n<p>Pareiza str\u0113les cilindra uzst\u0101d\u012b\u0161ana ir \u013coti svar\u012bga optim\u0101lai veiktsp\u0113jai. Vispirms p\u0101rliecinieties, vai visas sast\u0101vda\u013cas ir t\u012bras un bez gru\u017eiem. Pareizi izl\u012bdziniet cilindru ar mont\u0101\u017eas kron\u0161teiniem, lai nov\u0113rstu p\u0101rm\u0113r\u012bgu slodzi. Izmantojiet piem\u0113rotus mont\u0101\u017eas kron\u0161teinus, lai nostiprin\u0101tu cilindru viet\u0101. Vienm\u0113r skatiet ra\u017eot\u0101ja nor\u0101d\u012bjumus par griezes momenta specifik\u0101cij\u0101m un uzst\u0101d\u012b\u0161anas proced\u016br\u0101m. P\u0113c uzst\u0101d\u012b\u0161anas veiciet r\u016bp\u012bgu p\u0101rbaudi, lai p\u0101rliecin\u0101tos, ka visi savienojumi ir dro\u0161i un darbojas, k\u0101 paredz\u0113ts.<\/p>\n<h2>Bie\u017ei sastopamie apkopes uzdevumi<\/h2>\n<ul>\n<li><strong>Regul\u0101ras p\u0101rbaudes:<\/strong> Pl\u0101nojiet regul\u0101ras p\u0101rbaudes, lai nov\u0113rt\u0113tu hidraulisk\u0101s sist\u0113mas st\u0101vokli un identific\u0113tu iesp\u0113jam\u0101s probl\u0113mas, pirms t\u0101s saasin\u0101s.<\/li>\n<li><strong>Pareiza e\u013c\u013co\u0161ana:<\/strong> Regul\u0101ri iee\u013c\u013cojiet cilindru saska\u0146\u0101 ar ra\u017eot\u0101ja ieteikumiem, lai nodro\u0161in\u0101tu nevainojamu darb\u012bbu un nov\u0113rstu koroziju.<\/li>\n<li><strong>Bl\u012bv\u0113juma nomai\u0146a:<\/strong> Periodiski p\u0101rbaudiet bl\u012bves un nomainiet t\u0101s, kad t\u0101s ir nodilu\u0161as, lai nov\u0113rstu nopl\u016bdes, kas var\u0113tu izrais\u012bt hidraulisko k\u013c\u016bmi.<\/li>\n<\/ul>\n<h2>Dro\u0161\u012bbas apsv\u0113rumi un vides faktori<\/h2>\n<p>Izmantojot hidrauliskos cilindrus, ir svar\u012bgi ieviest atbilsto\u0161us dro\u0161\u012bbas pas\u0101kumus. Tas ietver ar\u012b to, lai operatori b\u016btu apm\u0101c\u012bti darb\u0101 ar apr\u012bkojumu un zin\u0101tu dro\u0161\u012bbas protokolus. T\u012bras darba vides uztur\u0113\u0161ana un pareiza hidraulisko \u0161\u0137idrumu utiliz\u0101cija ir ar\u012b \u013coti svar\u012bga, lai samazin\u0101tu ietekmi uz vidi.<\/p>\n<h2>Probl\u0113mu nov\u0113r\u0161ana un bie\u017ei sastopamas probl\u0113mas<\/h2>\n<ul>\n<li><strong>Hidraulisk\u0101s nopl\u016bdes:<\/strong> Nopl\u016bdes var rasties nodilu\u0161u bl\u012bv\u0113jumu vai boj\u0101tu deta\u013cu d\u0113\u013c. Regul\u0101ras p\u0101rbaudes var identific\u0113t probl\u0113mas, pirms t\u0101s k\u013c\u016bst par nopietn\u0101m probl\u0113m\u0101m.<\/li>\n<li><strong>Slikta cilindra reakcija:<\/strong> Ja cilindrs nerea\u0123\u0113 pareizi, p\u0101rbaudiet hidraulisk\u0101 \u0161\u0137idruma l\u012bmeni un p\u0101rliecinieties, vai sist\u0113m\u0101 nav gaisa burbu\u013cu.<\/li>\n<li><strong>Trok\u0161\u0146aina darb\u012bba:<\/strong> P\u0101rm\u0113r\u012bgs troksnis var liecin\u0101t par zemu \u0161\u0137idruma l\u012bmeni vai meh\u0101nisk\u0101m probl\u0113m\u0101m cilindr\u0101. Regul\u0101ra apkope var pal\u012bdz\u0113t nov\u0113rst \u0161\u012bs probl\u0113mas.<\/li>\n<\/ul>\n<h2>Probl\u0113mu risin\u0101\u0161anas padomi<\/h2>\n<p>Lai efekt\u012bvi diagnostic\u0113tu un nov\u0113rstu probl\u0113mas ar hidraulisko sist\u0113mu, p\u0101rliecinieties, vai visi savienojumi ir cie\u0161i un vai hidraulisk\u0101 \u0161\u0137idruma l\u012bmenis ir optim\u0101ls. Ir \u013coti svar\u012bgi savlaic\u012bgi identific\u0113t nopl\u016bdes; izmantojiet atbilsto\u0161as \u200b\u200bmetodes, lai atrastu avotu. Regul\u0101ras apkopes p\u0101rbaudes var nov\u0113rst daudzas izplat\u012btas probl\u0113mas, pirms t\u0101s saasin\u0101s, nodro\u0161inot sist\u0113mas efektivit\u0101ti un uzticam\u012bbu.<\/p>\n<p><img decoding=\"async\" src=\"https:\/\/www.hydraulic-cylinders.net\/wp-content\/uploads\/2025\/04\/songte-bushings-with-all-kinds-of-excavator-models.webp\" alt=\"Ekskavatora bukses\"><\/p>\n<h2>Uz\u0146\u0113muma ievads<\/h2>\n<p>M\u0113s esam vado\u0161ais rezerves hidraulisko cilindru ra\u017eot\u0101js, kas pied\u0101v\u0101 pla\u0161u produktu kl\u0101stu, lai apmierin\u0101tu viet\u0113j\u0101 un starptautisk\u0101 tirgus piepras\u012bjumu. M\u016bsu ap\u0146em\u0161anos sasniegt izcil\u012bbu atbalsta izsmalcin\u0101ta ra\u017eo\u0161anas strat\u0113\u0123ija, kas ietver progres\u012bvas tehnolo\u0123ijas un kvalific\u0113tu person\u0101lu. Past\u0101v\u012bgi uzlabojot m\u016bsu ra\u017eo\u0161anas iesp\u0113jas un pie\u0161\u0137irot priorit\u0101ti kvalit\u0101tes kontrolei, m\u0113s nodro\u0161in\u0101m, ka m\u016bsu produkti atbilst augst\u0101kajiem standartiem. M\u016bsu pieredze aptver profesion\u0101lu ra\u017eo\u0161anu, starptautisku sertifik\u0101ciju, pas\u016bt\u012bjuma pakalpojumus, modernu ra\u017eo\u0161anas apr\u012bkojumu un izcilu p\u0113cp\u0101rdo\u0161anas apkalpo\u0161anu, \u013caujot mums efekt\u012bvi apmierin\u0101t da\u017e\u0101das klientu vajadz\u012bbas.<\/p>\n<p><img decoding=\"async\" src=\"https:\/\/www.hydraulic-cylinders.net\/wp-content\/uploads\/2025\/04\/songte-company-4.webp\" alt=\"Uz\u0146\u0113muma p\u0101rskats\"><br \/>\n<img decoding=\"async\" src=\"https:\/\/www.hydraulic-cylinders.net\/wp-content\/uploads\/2025\/04\/songte-company-3.webp\" alt=\"Ra\u017eo\u0161anas iek\u0101rta\"><\/p>\n<p>Autors: lil<\/p>","protected":false},"excerpt":{"rendered":"<p>Boom Cylinder For Bonny CE2200-7 Product Overview The Boom Cylinder for Bonny CE2200-7 is an essential hydraulic component designed to control the movement of buckets in heavy machinery such as excavators, backhoe loaders, and front loaders. Bucket cylinders play a crucial role in facilitating tasks related to material handling by enabling the raising, lowering, and [&hellip;]<\/p>","protected":false},"featured_media":17871,"comment_status":"open","ping_status":"closed","template":"","meta":{"_et_pb_use_builder":"","_et_pb_old_content":"","_et_gb_content_width":""},"product_brand":[],"product_cat":[1546],"product_tag":[1547,1496],"class_list":{"0":"post-19653","1":"product","2":"type-product","3":"status-publish","4":"has-post-thumbnail","6":"product_cat-boom-cylinders","7":"product_tag-boom-cylinders","8":"product_tag-hydraulic-cylinders","10":"first","11":"instock","12":"shipping-taxable","13":"product-type-simple"},"amp_enabled":true,"_links":{"self":[{"href":"https:\/\/www.hydraulic-cylinders.net\/lv\/wp-json\/wp\/v2\/product\/19653","targetHints":{"allow":["GET"]}}],"collection":[{"href":"https:\/\/www.hydraulic-cylinders.net\/lv\/wp-json\/wp\/v2\/product"}],"about":[{"href":"https:\/\/www.hydraulic-cylinders.net\/lv\/wp-json\/wp\/v2\/types\/product"}],"replies":[{"embeddable":true,"href":"https:\/\/www.hydraulic-cylinders.net\/lv\/wp-json\/wp\/v2\/comments?post=19653"}],"wp:featuredmedia":[{"embeddable":true,"href":"https:\/\/www.hydraulic-cylinders.net\/lv\/wp-json\/wp\/v2\/media\/17871"}],"wp:attachment":[{"href":"https:\/\/www.hydraulic-cylinders.net\/lv\/wp-json\/wp\/v2\/media?parent=19653"}],"wp:term":[{"taxonomy":"product_brand","embeddable":true,"href":"https:\/\/www.hydraulic-cylinders.net\/lv\/wp-json\/wp\/v2\/product_brand?post=19653"},{"taxonomy":"product_cat","embeddable":true,"href":"https:\/\/www.hydraulic-cylinders.net\/lv\/wp-json\/wp\/v2\/product_cat?post=19653"},{"taxonomy":"product_tag","embeddable":true,"href":"https:\/\/www.hydraulic-cylinders.net\/lv\/wp-json\/wp\/v2\/product_tag?post=19653"}],"curies":[{"name":"wp","href":"https:\/\/api.w.org\/{rel}","templated":true}]}}