{"id":19654,"date":"2025-04-07T06:59:59","date_gmt":"2025-04-07T06:59:59","guid":{"rendered":"https:\/\/www.hydraulic-cylinders.net\/product\/boom-cylinder-for-bonny-wzyd18-6\/"},"modified":"2025-04-07T07:00:01","modified_gmt":"2025-04-07T07:00:01","slug":"boom-cylinder-for-bonny-wzyd18-6","status":"publish","type":"product","link":"https:\/\/www.hydraulic-cylinders.net\/lv\/products\/boom-cylinder-for-bonny-wzyd18-6\/","title":{"rendered":"Str\u0113les cilindrs Bonny WZYD18-6"},"content":{"rendered":"<h1>Str\u0113les cilindrs Bonny WZYD18-6<\/h1>\n<h2>Produkta p\u0101rskats<\/h2>\n<p>Bonny WZYD18-6 str\u0113les cilindrs ir b\u016btiska sast\u0101vda\u013ca da\u017e\u0101d\u0101s smagaj\u0101s ma\u0161\u012bn\u0101s, kas \u012bpa\u0161i paredz\u0113tas kausu kust\u012bbas vad\u012bbai. \u0160im hidrauliskajam cilindram ir iz\u0161\u0137iro\u0161a noz\u012bme hidrauliskaj\u0101s sist\u0113m\u0101s, \u013caujot pacelt, nolaist un noliekt kausus ekskavatoros, ekskavatoros-iekr\u0101v\u0113jos un front\u0101lajos iekr\u0101v\u0113jos. Nodro\u0161inot prec\u012bzu kust\u012bbas kontroli, tas iev\u0113rojami uzlabo materi\u0101lu apstr\u0101des uzdevumu efektivit\u0101ti.<\/p>\n<p><img decoding=\"async\" src=\"https:\/\/www.hydraulic-cylinders.net\/wp-content\/uploads\/2025\/04\/songte-company-1.webp\" alt=\"Str\u0113les cilindrs\" \/><\/p>\n<h3>Kausa cilindru izpratne<\/h3>\n<p>Kausa cilindrs ir specializ\u0113ts hidrauliskais cilindrs, ko izmanto smagaj\u0101 apr\u012bkojum\u0101, lai p\u0101rvald\u012btu kausa darb\u012bbu. Tas atvieglo kritiskas kust\u012bbas, kas ir b\u016btiskas da\u017e\u0101diem uzdevumiem, tostarp rak\u0161anai, cel\u0161anai un materi\u0101lu transport\u0113\u0161anai. Hidraulisk\u0101 sist\u0113ma kust\u012bbas rad\u012b\u0161anai izmanto spiediena \u0161\u0137idrumu, \u013caujot veikt \u0101tras un atsauc\u012bgas kust\u012bbas, kas ir \u013coti svar\u012bgas b\u016bvniec\u012bbas un lauksaimniec\u012bbas darbos.<\/p>\n<h2>Str\u0113les cilindra galven\u0101s iez\u012bmes<\/h2>\n<ul>\n<li><strong>Augsta iztur\u012bba un ilgm\u016b\u017e\u012bba:<\/strong> \u0160is cilindrs ir izgatavots no augstas stipr\u012bbas t\u0113rauda vai alum\u012bnija, un tas ir paredz\u0113ts, lai iztur\u0113tu augstu spiedienu un lielas slodzes, padarot to piem\u0113rotu skarbajiem darba apst\u0101k\u013ciem.<\/li>\n<li><strong>Efekt\u012bva hidraulisk\u0101 darb\u012bba:<\/strong> Izmantojot hidraulisk\u0101s e\u013c\u013cas spiedienu, tas nodro\u0161ina vienm\u0113r\u012bgu izstiep\u0161anu un ievilk\u0161anu, sniedzot jaud\u012bgas stum\u0161anas un vilk\u0161anas iesp\u0113jas, kas ir ide\u0101li piem\u0113rotas smagiem un sare\u017e\u0123\u012btiem uzdevumiem.<\/li>\n<li><strong>Da\u017e\u0101di veidi:<\/strong> Ir pieejamas opcijas vienas darb\u012bbas (izmantojot hidraulisko spiedienu vien\u0101 virzien\u0101) vai divk\u0101r\u0161as darb\u012bbas cilindriem (izmantojot hidraulisko spiedienu abos virzienos), kas atbilst da\u017e\u0101d\u0101m ekspluat\u0101cijas vajadz\u012bb\u0101m.<\/li>\n<li><strong>Kompakts dizains:<\/strong> Da\u017eiem mode\u013ciem ir teleskopiska konstrukcija, kas nodro\u0161ina liel\u0101ku pagarin\u0101jumu, nepalielinot \u0101r\u0113jos izm\u0113rus, padarot tos ide\u0101li piem\u0113rotus lieto\u0161anai ierobe\u017eot\u0101 telp\u0101.<\/li>\n<li><strong>Pagarin\u0101ts kalpo\u0161anas laiks:<\/strong> \u0160ie cilindri, kas izstr\u0101d\u0101ti, \u0146emot v\u0113r\u0101 nodilumiztur\u012bbu un aizsardz\u012bbu pret koroziju, nodro\u0161ina ilgu kalpo\u0161anas laiku pat sare\u017e\u0123\u012btos apst\u0101k\u013cos.<\/li>\n<\/ul>\n<p>M\u016bsu produkti lieliski aizst\u0101j da\u017e\u0101dus r\u016bpniec\u012bb\u0101 izmantotos hidrauliskos cilindrus.<\/p>\n<p><img decoding=\"async\" src=\"https:\/\/www.hydraulic-cylinders.net\/wp-content\/uploads\/2025\/04\/songte-cylinder-head-with-all-kinds-excavator-models.webp\" alt=\"Hidraulisk\u0101 cilindra galva\" \/><\/p>\n<h2>Lietojumprogrammu scen\u0101riji<\/h2>\n<h3>Celtniec\u012bbas apr\u012bkojums<\/h3>\n<p>B\u016bvniec\u012bbas tehnik\u0101 str\u0113les cilindri ir neat\u0146emama ekskavatoru sast\u0101vda\u013ca, kas pal\u012bdz rakt, iekraut un p\u0101rvietot zemi vai gru\u017eus. Tie nodro\u0161ina nepiecie\u0161amo sp\u0113ku kausa manipul\u0113\u0161anai, nodro\u0161inot efekt\u012bvu darb\u012bbu darba viet\u0101s.<\/p>\n<h3>Lauksaimniec\u012bbas tehnika<\/h3>\n<p>Front\u0101lajos iekr\u0101v\u0113jos \u0161ie cilindri tiek izmantoti augsnes, siena un citu materi\u0101lu sav\u0101k\u0161anai, cel\u0161anai un transport\u0113\u0161anai. To uzticam\u012bba un iztur\u012bba padara tos par b\u016btiskiem lauksaimniec\u012bbas darbos, uzlabojot produktivit\u0101ti lauksaimniec\u012bbas darb\u012bb\u0101s.<\/p>\n<h3>Ekskavatori<\/h3>\n<p>Ekskavatoriem kausa cilindri \u013cauj kausam efekt\u012bvi iek\u013c\u016bt zem\u0113, uzlabojot rak\u0161anas procesu. To hidraulisk\u0101s iesp\u0113jas nodro\u0161ina iev\u0113rojamu rak\u0161anas jaudu, padarot tos neaizst\u0101jamus b\u016bvniec\u012bb\u0101 un ainavu veido\u0161an\u0101.<\/p>\n<h3>Iekr\u0101v\u0113ji<\/h3>\n<p>Front\u0101lajos iekr\u0101v\u0113jos \u0161ie cilindri pal\u012bdz efekt\u012bvi pacelt un izkraut kravas. To konstrukcija nodro\u0161ina, ka smagus materi\u0101lus var viegli p\u0101rvietot, uzlabojot kop\u0113jo darb\u012bbas efektivit\u0101ti da\u017e\u0101d\u0101s nozar\u0113s.<\/p>\n<h2>Dizaina apsv\u0113rumi un atlases krit\u0113riji<\/h2>\n<ul>\n<li><strong>Kravnes\u012bba:<\/strong> Kravnes\u012bba ir \u013coti svar\u012bga, jo t\u0101 nosaka svaru, ko cilindrs var dro\u0161i iztur\u0113t. Ir svar\u012bgi izv\u0113l\u0113ties cilindru, kas atbilst vai p\u0101rsniedz iek\u0101rtas, kur\u0101 tas tiks uzst\u0101d\u012bts, slodzes pras\u012bbas.<\/li>\n<li><strong>Bl\u012bv\u0113juma veiktsp\u0113ja:<\/strong> Efekt\u012bvs bl\u012bv\u0113jums nov\u0113r\u0161 hidraulisk\u0101 \u0161\u0137idruma nopl\u016bdes, nodro\u0161inot optim\u0101lu veiktsp\u0113ju. Augstas kvalit\u0101tes bl\u012bv\u0113jumi, kas izgatavoti no iztur\u012bgiem materi\u0101liem, uzlabo hidraulisko cilindru ilgm\u016b\u017e\u012bbu un efektivit\u0101ti.<\/li>\n<li><strong>Iztur\u012bba:<\/strong> B\u016bvniec\u012bb\u0101 izmantotajiem materi\u0101liem j\u0101iztur skarbi apst\u0101k\u013ci, tostarp ekstrem\u0101las temperat\u016bras un kod\u012bga vide. Projekt\u0113jum\u0101 j\u0101iek\u013cauj funkcijas, kas laika gait\u0101 mazina nodilumu.<\/li>\n<li><strong>Dro\u0161\u012bbas standarti:<\/strong> Lai nodro\u0161in\u0101tu dro\u0161u darb\u012bbu, baloniem j\u0101atbilst dro\u0161\u012bbas noteikumiem un standartiem. Tas ietver t\u0101das funkcijas k\u0101 spiediena samazin\u0101\u0161anas v\u0101rstus un citus dro\u0161\u012bbas meh\u0101nismus negad\u012bjumu nov\u0113r\u0161anai.<\/li>\n<li><strong>Apkopes vienk\u0101r\u0161\u012bba:<\/strong> Labi izstr\u0101d\u0101tam cilindram j\u0101nodro\u0161ina \u0113rta piek\u013cuve deta\u013c\u0101m regul\u0101ras apkopes veik\u0161anai. Nomain\u0101mu deta\u013cu un vienk\u0101r\u0161as mont\u0101\u017eas apsv\u0113r\u0161ana var ietaup\u012bt laiku un samazin\u0101t d\u012bkst\u0101ves laiku.<\/li>\n<\/ul>\n<p><img decoding=\"async\" src=\"https:\/\/www.hydraulic-cylinders.net\/wp-content\/uploads\/2025\/04\/songte-oil-pipes-and-spare-parts.webp\" alt=\"E\u013c\u013cas caurules un rezerves da\u013cas\" \/><\/p>\n<h2>Bl\u012bv\u0113\u0161ana un e\u013c\u013co\u0161ana<\/h2>\n<p>Pareiza bl\u012bv\u0113\u0161ana un e\u013c\u013co\u0161ana ir b\u016btiska hidraulisko cilindru funkcionalit\u0101tei un ilgm\u016b\u017e\u012bbai. Lai nov\u0113rstu \u0161\u0137idruma nopl\u016bdi, tiek izmantoti da\u017e\u0101di bl\u012bv\u0113jumi, piem\u0113ram, virzu\u013ca bl\u012bv\u0113jumi un stie\u0146a bl\u012bv\u0113jumi. Bl\u012bv\u0113jumi, kas izgatavoti no nodilumiztur\u012bgiem materi\u0101liem, piem\u0113ram, poliuret\u0101na un nitrila gumijas, nodro\u0161ina iztur\u012bbu zem spiediena. Cilindra korpuss un v\u012bt\u0146ot\u0101s gala virsmas tiek r\u016bp\u012bgi apstr\u0101d\u0101tas, lai uzlabotu nodilumiztur\u012bbu, savuk\u0101rt regul\u0101ra hidraulisk\u0101s e\u013c\u013cas e\u013c\u013co\u0161ana ir nepiecie\u0161ama, lai sist\u0113ma darbotos nevainojami.<\/p>\n<h2>Regul\u0101ra p\u0101rbaude un profilaktisk\u0101 apkope<\/h2>\n<ul>\n<li><strong>Regul\u0101ras p\u0101rbaudes:<\/strong> Regul\u0101ras p\u0101rbaudes pal\u012bdz noteikt nolietojumu, pirms tas noved pie nopietniem boj\u0101jumiem. Mekl\u0113jiet nopl\u016bdes paz\u012bmes, bl\u012bv\u0113jumu nodilumu un kop\u0113jo st\u0101vokli.<\/li>\n<li><strong>Pareiza e\u013c\u013co\u0161ana:<\/strong> Nodro\u0161iniet kust\u012bgo da\u013cu savlaic\u012bgu e\u013c\u013co\u0161anu, lai samazin\u0101tu berzi un nodilumu. \u0160\u012b apkope ir \u013coti svar\u012bga optim\u0101las veiktsp\u0113jas uztur\u0113\u0161anai.<\/li>\n<li><strong>Bl\u012bv\u0113juma nomai\u0146a:<\/strong> Regul\u0101ri p\u0101rbaudiet bl\u012bves, vai nav redzamas nolieto\u0161an\u0101s paz\u012bmes. Nodilu\u0161o bl\u012bvju nomai\u0146a nodro\u0161ina hidraulisk\u0101s sist\u0113mas efekt\u012bvu darb\u012bbu, nov\u0113r\u0161ot nopl\u016bdes un spiediena zudumus.<\/li>\n<\/ul>\n<h2>Uzst\u0101d\u012b\u0161anas vadl\u012bnijas<\/h2>\n<p>When installing the boom cylinder, it is essential to follow the manufacturer&#8217;s guidelines meticulously. Begin by ensuring that the mounting brackets are secure and correctly aligned with the cylinder. Use appropriate tools to tighten bolts, ensuring a snug fit without over-tightening. Proper alignment of the cylinder is crucial to prevent undue stress and potential failure. After installation, check for hydraulic leaks and ensure smooth operation through the entire range of motion. It is recommended to consult with a professional if any issues arise during installation.<\/p>\n<h2>Bie\u017ei sastopamie apkopes uzdevumi<\/h2>\n<ul>\n<li><strong>Regul\u0101ras p\u0101rbaudes:<\/strong> Veiciet regul\u0101ras cilindru darb\u012bbas un integrit\u0101tes p\u0101rbaudes, lai laikus atkl\u0101tu probl\u0113mas.<\/li>\n<li><strong>Piem\u0113rota e\u013c\u013co\u0161ana:<\/strong> Iev\u0113rojiet past\u0101v\u012bgu e\u013c\u013co\u0161anas grafiku, izmantojot augstas kvalit\u0101tes hidraulisko e\u013c\u013cu.<\/li>\n<li><strong>Bl\u012bv\u0113juma nomai\u0146a un kalibr\u0113\u0161ana:<\/strong> P\u0101rliecinieties, ka bl\u012bves tiek nomain\u012btas, kad t\u0101s ir nodilu\u0161as, un regul\u0101ri tiek p\u0101rbaud\u012bta kalibr\u0113\u0161ana, lai uztur\u0113tu optim\u0101lu veiktsp\u0113ju.<\/li>\n<\/ul>\n<p>Pareiza cilindra uzst\u0101d\u012b\u0161anas izl\u012bdzin\u0101\u0161ana ir \u013coti svar\u012bga, un piem\u0113rotu mont\u0101\u017eas kron\u0161teinu izmanto\u0161ana uzlabos stabilit\u0101ti. Regul\u0101ras p\u0101rbaudes, remonts un nomai\u0146a ir b\u016btiska, lai pagarin\u0101tu cilindra kalpo\u0161anas laiku.<\/p>\n<p><img decoding=\"async\" src=\"https:\/\/www.hydraulic-cylinders.net\/wp-content\/uploads\/2025\/04\/songte-chushion-collar.webp\" alt=\"Spilvenu apkakle\" \/><\/p>\n<h2>Dro\u0161\u012bbas apsv\u0113rumi un vides faktori<\/h2>\n<p>Str\u0101d\u0101jot ar hidrauliskajiem cilindriem, dro\u0161\u012bbas pas\u0101kumi ir \u0101rk\u0101rt\u012bgi svar\u012bgi. Operatoriem j\u0101b\u016bt apm\u0101c\u012btiem par dro\u0161u apr\u012bkojuma lieto\u0161anu un j\u0101saprot iesp\u0113jamie apdraud\u0113jumi, kas saist\u012bti ar hidraulisko spiedienu. Regul\u0101ra apm\u0101c\u012bba un dro\u0161\u012bbas protokolu iev\u0113ro\u0161ana var iev\u0113rojami samazin\u0101t negad\u012bjumu risku.<\/p>\n<h2>Probl\u0113mu nov\u0113r\u0161ana un bie\u017ei sastopamas probl\u0113mas<\/h2>\n<ul>\n<li><strong>Spiediena zudums:<\/strong> Ja cilindrs nerea\u0123\u0113 pareizi, p\u0101rbaudiet hidraulisk\u0101 \u0161\u0137idruma l\u012bmeni un iesp\u0113jam\u0101s nopl\u016bdes sist\u0113m\u0101.<\/li>\n<li><strong>Nevienm\u0113r\u012bga kust\u012bba:<\/strong> Tas var nor\u0101d\u012bt uz probl\u0113m\u0101m ar bl\u012bv\u0113m vai iek\u0161\u0113j\u0101m sast\u0101vda\u013c\u0101m. P\u0101rbaudiet bl\u012bves un apsveriet sist\u0113mas atk\u0101rtotu kalibr\u0113\u0161anu.<\/li>\n<li><strong>Neparastas ska\u0146as:<\/strong> Darb\u012bbas laik\u0101 dzirdami trok\u0161\u0146i var liecin\u0101t par nepiecie\u0161am\u012bbu veikt apkopi. Izp\u0113tiet iesp\u0113jam\u0101s probl\u0113mas ar e\u013c\u013co\u0161anu vai nolietot\u0101m deta\u013c\u0101m.<\/li>\n<\/ul>\n<p>Lai efekt\u012bvi diagnostic\u0113tu un nov\u0113rstu probl\u0113mas, iev\u0113rojiet sistem\u0101tisku probl\u0113mu nov\u0113r\u0161anas pieeju. Regul\u0101ri prevent\u012bvie pas\u0101kumi, tostarp nopl\u016b\u017eu un \u0161\u0137idruma l\u012bme\u0146a p\u0101rbaudes, samazin\u0101s iesp\u0113jam\u0101s probl\u0113mas hidrauliskaj\u0101 sist\u0113m\u0101.<\/p>\n<p><img decoding=\"async\" src=\"https:\/\/www.hydraulic-cylinders.net\/wp-content\/uploads\/2025\/04\/songte-bushings-with-all-kinds-of-excavator-models.webp\" alt=\"Bukses ar ekskavatora mode\u013ciem\" \/><\/p>\n<h2>Uz\u0146\u0113muma p\u0101rskats<\/h2>\n<p>M\u0113s esam vado\u0161ais rezerves hidraulisko cilindru ra\u017eot\u0101js un izplat\u012bt\u0101js, pied\u0101v\u0101jot pla\u0161u produktu kl\u0101stu, kas piem\u0113rots gan viet\u0113jam, gan starptautiskajam tirgum. M\u016bsu ap\u0146em\u0161anos sasniegt izcil\u012bbu atbalsta izsmalcin\u0101ta ra\u017eo\u0161anas strat\u0113\u0123ija, kur\u0101 iek\u013cautas progres\u012bvas tehnolo\u0123ijas un kvalific\u0113ts person\u0101ls. M\u0113s past\u0101v\u012bgi uzlabojam savus ra\u017eo\u0161anas procesus, lai uzlabotu produktu kvalit\u0101ti un efektivit\u0101ti, nodro\u0161inot, ka m\u0113s apmierin\u0101m da\u017e\u0101das klientu vajadz\u012bbas ar augstu precizit\u0101ti un uzticam\u012bbu.<\/p>\n<p>M\u016bsu uz\u0146\u0113mums lepojas ar profesionalit\u0101ti, starptautiskiem sertifik\u0101tiem, piel\u0101gotiem pakalpojumiem, modern\u0101m ra\u017eo\u0161anas iek\u0101rt\u0101m un visaptvero\u0161u p\u0113cp\u0101rdo\u0161anas atbalstu.<\/p>\n<p><img decoding=\"async\" src=\"https:\/\/www.hydraulic-cylinders.net\/wp-content\/uploads\/2025\/04\/songte-company-4.webp\" alt=\"Uz\u0146\u0113muma att\u0113ls 4\" \/><br \/>\n<img decoding=\"async\" src=\"https:\/\/www.hydraulic-cylinders.net\/wp-content\/uploads\/2025\/04\/songte-company-3.webp\" alt=\"Uz\u0146\u0113muma att\u0113ls 3\" \/><\/p>\n<p>Autors: lil<\/p>","protected":false},"excerpt":{"rendered":"<p>Boom Cylinder For Bonny WZYD18-6 Product Overview The Boom Cylinder for Bonny WZYD18-6 is an essential component in various heavy machinery, specifically designed to control the movement of buckets. This hydraulic cylinder plays a critical role in hydraulic systems, enabling the lifting, lowering, and tilting of buckets on excavators, backhoe loaders, and front-end loaders. By [&hellip;]<\/p>","protected":false},"featured_media":17872,"comment_status":"open","ping_status":"closed","template":"","meta":{"_et_pb_use_builder":"","_et_pb_old_content":"","_et_gb_content_width":""},"product_brand":[],"product_cat":[1546],"product_tag":[1547,1496],"class_list":{"0":"post-19654","1":"product","2":"type-product","3":"status-publish","4":"has-post-thumbnail","6":"product_cat-boom-cylinders","7":"product_tag-boom-cylinders","8":"product_tag-hydraulic-cylinders","10":"first","11":"instock","12":"shipping-taxable","13":"product-type-simple"},"amp_enabled":true,"_links":{"self":[{"href":"https:\/\/www.hydraulic-cylinders.net\/lv\/wp-json\/wp\/v2\/product\/19654","targetHints":{"allow":["GET"]}}],"collection":[{"href":"https:\/\/www.hydraulic-cylinders.net\/lv\/wp-json\/wp\/v2\/product"}],"about":[{"href":"https:\/\/www.hydraulic-cylinders.net\/lv\/wp-json\/wp\/v2\/types\/product"}],"replies":[{"embeddable":true,"href":"https:\/\/www.hydraulic-cylinders.net\/lv\/wp-json\/wp\/v2\/comments?post=19654"}],"wp:featuredmedia":[{"embeddable":true,"href":"https:\/\/www.hydraulic-cylinders.net\/lv\/wp-json\/wp\/v2\/media\/17872"}],"wp:attachment":[{"href":"https:\/\/www.hydraulic-cylinders.net\/lv\/wp-json\/wp\/v2\/media?parent=19654"}],"wp:term":[{"taxonomy":"product_brand","embeddable":true,"href":"https:\/\/www.hydraulic-cylinders.net\/lv\/wp-json\/wp\/v2\/product_brand?post=19654"},{"taxonomy":"product_cat","embeddable":true,"href":"https:\/\/www.hydraulic-cylinders.net\/lv\/wp-json\/wp\/v2\/product_cat?post=19654"},{"taxonomy":"product_tag","embeddable":true,"href":"https:\/\/www.hydraulic-cylinders.net\/lv\/wp-json\/wp\/v2\/product_tag?post=19654"}],"curies":[{"name":"wp","href":"https:\/\/api.w.org\/{rel}","templated":true}]}}