{"id":19658,"date":"2025-04-07T07:00:10","date_gmt":"2025-04-07T07:00:10","guid":{"rendered":"https:\/\/www.hydraulic-cylinders.net\/product\/boom-cylinder-for-bonny-wzy42-7\/"},"modified":"2025-04-07T07:00:13","modified_gmt":"2025-04-07T07:00:13","slug":"boom-cylinder-for-bonny-wzy42-7","status":"publish","type":"product","link":"https:\/\/www.hydraulic-cylinders.net\/lv\/products\/boom-cylinder-for-bonny-wzy42-7\/","title":{"rendered":"Str\u0113les cilindrs Bonny WZY42-7"},"content":{"rendered":"<h1>Str\u0113les cilindrs Bonny WZY42-7<\/h1>\n<h2>Produkta p\u0101rskats<\/h2>\n<p>Bonny WZY42-7 str\u0113les cilindrs ir specializ\u0113ts hidrauliskais cilindrs, kas paredz\u0113ts smago ma\u0161\u012bnu kausu, piem\u0113ram, ekskavatoru, iekr\u0101v\u0113ju un front\u0101lo iekr\u0101v\u0113ju, kust\u012bbas vad\u012bbai. Kausu cilindri \u013cauj pacelt, nolaist un noliekt kausus, t\u0101d\u0113j\u0101di atvieglojot efekt\u012bvus materi\u0101lu apstr\u0101des uzdevumus. \u0160ie hidrauliskie cilindri ir svar\u012bgas hidraulisko sist\u0113mu sast\u0101vda\u013cas, kas p\u0101rveido hidraulisko ener\u0123iju meh\u0101nisk\u0101 kust\u012bb\u0101.<\/p>\n<p><img decoding=\"async\" src=\"https:\/\/www.hydraulic-cylinders.net\/wp-content\/uploads\/2025\/04\/songte-company-1.webp\" alt=\"Str\u0113les cilindrs\"><\/p>\n<h3>Defin\u012bcija un p\u0101rskats<\/h3>\n<p>Kausa cilindrs ir hidraulisk\u0101 cilindra veids, ko \u012bpa\u0161i izmanto da\u017e\u0101d\u0101s smagaj\u0101s ma\u0161\u012bn\u0101s, lai nodro\u0161in\u0101tu prec\u012bzu kausu kust\u012bbas kontroli. \u0160iem cilindriem ir iz\u0161\u0137iro\u0161a noz\u012bme hidrauliskaj\u0101 sist\u0113m\u0101, izmantojot hidraulisko \u0161\u0137idrumu sp\u0113ka un kust\u012bbas rad\u012b\u0161anai. B\u016bvniec\u012bbas un lauksaimniec\u012bbas kontekst\u0101 str\u0113les cilindru pareiza darb\u012bba ir b\u016btiska t\u0101diem uzdevumiem k\u0101 rak\u0161ana, cel\u0161ana un materi\u0101lu p\u0101rvieto\u0161ana. Tas nodro\u0161ina, ka ma\u0161\u012bnas var efekt\u012bvi darboties lielas slodzes un smagu kravu apst\u0101k\u013cos.<\/p>\n<h2>Str\u0113les cilindra \u012bpa\u0161\u012bbas<\/h2>\n<ul>\n<li><strong>Augsta iztur\u012bba un ilgm\u016b\u017e\u012bba:<\/strong> \u0160ie cilindri, kas parasti ir izgatavoti no augstas stipr\u012bbas t\u0113rauda vai alum\u012bnija, var iztur\u0113t intens\u012bvu spiedienu un lielas slodzes, padarot tos piem\u0113rotus skarbiem darba apst\u0101k\u013ciem.<\/li>\n<li><strong>Efekt\u012bva hidraulisk\u0101 darb\u012bba:<\/strong> Str\u0113les cilindrs izmanto hidraulisk\u0101 \u0161\u0137idruma spiedienu, lai pan\u0101ktu vienm\u0113r\u012bgu izstiep\u0161anu un ievilk\u0161anu, nodro\u0161inot \u0101tru rea\u0123\u0113\u0161anu uz vad\u012bbas komand\u0101m, kas ir ide\u0101li piem\u0113rots smagiem un sare\u017e\u0123\u012btiem ekspluat\u0101cijas uzdevumiem.<\/li>\n<li><strong>Da\u017e\u0101di veidi:<\/strong> Pieejams vienk\u0101r\u0161\u0101s darb\u012bbas (hidrauliska darb\u012bba vien\u0101 virzien\u0101) vai divk\u0101r\u0161\u0101s darb\u012bbas (hidrauliska darb\u012bba abos virzienos) konfigur\u0101cij\u0101s, da\u017eiem mode\u013ciem ir teleskopiska konstrukcija, kas nodro\u0161ina liel\u0101ku sniedzam\u012bbu, nepalielinot \u0101r\u0113jos izm\u0113rus.<\/li>\n<li><strong>Paaugstin\u0101ta nodilumiztur\u012bba:<\/strong> Izstr\u0101d\u0101ts, lai iztur\u0113tu nodilumu un koroziju, t\u0101d\u0113j\u0101di pagarinot kalpo\u0161anas laiku un samazinot apkopes nepiecie\u0161am\u012bbu.<\/li>\n<li><strong>Piel\u0101gojamas opcijas:<\/strong> Piel\u0101gotas specifik\u0101cijas, lai apmierin\u0101tu \u012bpa\u0161as ekspluat\u0101cijas vajadz\u012bbas un v\u0113lmes, nodro\u0161inot optim\u0101lu veiktsp\u0113ju da\u017e\u0101dos pielietojumos.<\/li>\n<\/ul>\n<p>M\u0113s varam ra\u017eot \u0161o produktu, un m\u016bsu produkti var lieliski aizst\u0101t \u0161os hidrauliskos cilindrus.<\/p>\n<p><img decoding=\"async\" src=\"https:\/\/www.hydraulic-cylinders.net\/wp-content\/uploads\/2025\/04\/songte-cylinder-head-with-all-kinds-excavator-models.webp\" alt=\"Ekskavatoru mode\u013ci\"><\/p>\n<h2>Lietojumprogrammu scen\u0101riji<\/h2>\n<h3>Celtniec\u012bbas apr\u012bkojums<\/h3>\n<p>Ekskavatoros str\u0113les cilindri ir kritiski svar\u012bgi augsnes vai gru\u017eu rak\u0161anai, iekrau\u0161anai un p\u0101rvieto\u0161anai. Tie nodro\u0161ina nepiecie\u0161amo sp\u0113ku, lai iek\u013c\u016btu zem\u0113 un efekt\u012bvi p\u0101rvietotu materi\u0101lus. Bez pareizi funkcion\u0113jo\u0161a str\u0113les cilindra ekskavatora veiktsp\u0113ja b\u016btu iev\u0113rojami ierobe\u017eota, k\u0101 rezult\u0101t\u0101 palielin\u0101tos projekta laiks un ekspluat\u0101cijas izmaksas.<\/p>\n<h3>Lauksaimniec\u012bbas tehnika<\/h3>\n<p>Front\u0101lajos iekr\u0101v\u0113jos str\u0113les cilindri atvieglo augsnes, siena un citu materi\u0101lu sav\u0101k\u0161anu, cel\u0161anu un transport\u0113\u0161anu. Tie ir \u013coti svar\u012bgi t\u0101d\u0101m darb\u012bb\u0101m k\u0101 kravas automa\u0161\u012bnu iekrau\u0161ana vai materi\u0101lu p\u0101rvieto\u0161ana uz da\u017e\u0101d\u0101m viet\u0101m, nodro\u0161inot produktivit\u0101ti lauksaimniec\u012bbas praks\u0113.<\/p>\n<h3>Ekskavatori<\/h3>\n<p>Str\u0113les cilindrs \u013cauj kausam iek\u013c\u016bt augsn\u0113, t\u0101d\u0113j\u0101di efekt\u012bvi veicot rak\u0161anas darb\u012bbas. \u0160\u012b sp\u0113ja ir b\u016btiska, lai sasniegtu prec\u012bzu dzi\u013cumu un p\u0101rvietotu iev\u0113rojamu zemes daudzumu, kas ir \u013coti svar\u012bgi b\u016bvniec\u012bbas un ainavu veido\u0161anas projektos.<\/p>\n<h3>Iekr\u0101v\u0113ji<\/h3>\n<p>Front\u0101lajos iekr\u0101v\u0113jos str\u0113les cilindri pal\u012bdz efekt\u012bvi pacelt un izg\u0101zt kravas. Tie uzlabo ma\u0161\u012bnas sp\u0113ju p\u0101rvad\u0101t smagus materi\u0101lus, nodro\u0161inot efekt\u012bvu uzdevumu izpildi un optimiz\u0113jot darbpl\u016bsmu da\u017e\u0101d\u0101s darb\u012bb\u0101s.<\/p>\n<h2>Dizaina apsv\u0113rumi<\/h2>\n<h3>Kravnes\u012bba<\/h3>\n<p>Str\u0113les cilindra kravnes\u012bba ir \u013coti svar\u012bga, lai nodro\u0161in\u0101tu, ka tas sp\u0113j iztur\u0113t apstr\u0101d\u0101jamo materi\u0101lu svaru un spriegumu. Liel\u0101ka kravnes\u012bba nodro\u0161ina liel\u0101ku darb\u012bbas daudzpus\u012bbu, sp\u0113jot iztur\u0113t liel\u0101kas un smag\u0101kas kravas, nerisk\u0113jot saboj\u0101t vai saboj\u0101t hidraulisko sist\u0113mu.<\/p>\n<h3>Bl\u012bv\u0113\u0161ana<\/h3>\n<p>Efekt\u012bva bl\u012bv\u0113\u0161ana ir b\u016btiska, lai nov\u0113rstu hidraulisk\u0101 \u0161\u0137idruma nopl\u016bdi, kas var apdraud\u0113t gan veiktsp\u0113ju, gan dro\u0161\u012bbu. Lai uztur\u0113tu spiedienu cilindr\u0101 un nodro\u0161in\u0101tu efekt\u012bvu darb\u012bbu, samazinot hidraulisk\u0101 \u0161\u0137idruma zuduma un pies\u0101r\u0146ojuma risku, j\u0101izmanto augstas kvalit\u0101tes bl\u012bves.<\/p>\n<h3>Iztur\u012bba<\/h3>\n<p>Iztur\u012bba ir b\u016btisks faktors str\u0113les cilindru konstrukcij\u0101, jo tie bie\u017ei tiek pak\u013cauti skarbiem apst\u0101k\u013ciem. Lai uzlabotu ilgm\u016b\u017e\u012bbu un samazin\u0101tu apkopes nepiecie\u0161am\u012bbu, tiek izmantoti materi\u0101li un p\u0101rkl\u0101jumi, kas ir iztur\u012bgi pret nodilumu un koroziju, t\u0101d\u0113j\u0101di galu gal\u0101 samazinot ekspluat\u0101cijas izmaksas.<\/p>\n<h3>Dro\u0161\u012bba<\/h3>\n<p>Konstrukcij\u0101 j\u0101iek\u013cauj dro\u0161\u012bbas funkcijas, lai aizsarg\u0101tu operatorus un blakus eso\u0161os cilv\u0113kus darb\u012bbas laik\u0101. Tas ietver meh\u0101nismus, kas nov\u0113r\u0161 negaid\u012btas kust\u012bbas un nodro\u0161ina skaidrus vizu\u0101lus balona st\u0101vok\u013ca indikatorus, lai izvair\u012btos no negad\u012bjumiem.<\/p>\n<h3>Uzturam\u012bba<\/h3>\n<p>Str\u0113les cilindru projekt\u0113\u0161ana vienk\u0101r\u0161ai apkopei nodro\u0161ina to \u0101tru un efekt\u012bvu apkopi. Tas ietver piek\u013cuvi kritiski svar\u012bg\u0101m sast\u0101vda\u013c\u0101m p\u0101rbaudei, e\u013c\u013co\u0161anai un nomai\u0146ai, t\u0101d\u0113j\u0101di samazinot d\u012bkst\u0101ves laiku un uzlabojot tehnikas kop\u0113jo uzticam\u012bbu.<\/p>\n<p><img decoding=\"async\" src=\"https:\/\/www.hydraulic-cylinders.net\/wp-content\/uploads\/2025\/04\/songte-oil-pipes-and-spare-parts.webp\" alt=\"E\u013c\u013cas caurules un rezerves da\u013cas\"><\/p>\n<h2>Bl\u012bv\u0113\u0161ana un e\u013c\u013co\u0161ana<\/h2>\n<p>Str\u0113les cilindra efekt\u012bva bl\u012bv\u0113\u0161ana un e\u013c\u013co\u0161ana ir kritiski svar\u012bga t\u0101 veiktsp\u0113jai un ilgm\u016b\u017e\u012bbai. Da\u017e\u0101di bl\u012bv\u0113\u0161anas komponenti, piem\u0113ram, virzu\u013ca bl\u012bv\u0113jumi un stie\u0146a bl\u012bv\u0113jumi, sp\u0113l\u0113 lomu hidraulisk\u0101 spiediena uztur\u0113\u0161an\u0101 un \u0161\u0137idruma nopl\u016b\u017eu nov\u0113r\u0161an\u0101. Izv\u0113loties bl\u012bv\u0113jumus, kas izgatavoti no nodilumiztur\u012bgiem materi\u0101liem, piem\u0113ram, poliuret\u0101na un nitrila gumijas, tiek uzlabota iztur\u012bba un samazin\u0101ta nomai\u0146as bie\u017eums.<\/p>\n<p>Turkl\u0101t cilindra korpuss un v\u012bt\u0146ot\u0101s gala virsmas ir r\u016bp\u012bgi j\u0101apstr\u0101d\u0101, lai uzlabotu nodilumiztur\u012bbu un nodro\u0161in\u0101tu ilg\u0101ku kalpo\u0161anas laiku. Ir \u013coti svar\u012bgi regul\u0101ri pievienot pareizo hidraulisk\u0101s e\u013c\u013cas daudzumu e\u013c\u013co\u0161anai, jo tas samazina berzi starp kust\u012bgaj\u0101m da\u013c\u0101m, t\u0101d\u0113j\u0101di uzlabojot darb\u012bbas efektivit\u0101ti.<\/p>\n<h2>Prevent\u012bvie apkopes pas\u0101kumi<\/h2>\n<ul>\n<li><strong>Regul\u0101ras p\u0101rbaudes:<\/strong> Iepl\u0101nojiet regul\u0101ras p\u0101rbaudes, lai noteiktu nodiluma, boj\u0101jumu vai nopl\u016b\u017eu paz\u012bmes. Regul\u0101ras nov\u0113rt\u0113\u0161anas pal\u012bdz identific\u0113t potenci\u0101l\u0101s probl\u0113mas, pirms t\u0101s saasin\u0101s, nodro\u0161inot str\u0113les cilindra nevainojamu darb\u012bbu.<\/li>\n<li><strong>Piem\u0113rota e\u013c\u013co\u0161ana:<\/strong> P\u0101rliecinieties, vai hidraulisk\u0101s e\u013c\u013cas l\u012bmenis ir pietiekams un vai izmantot\u0101 e\u013c\u013ca atbilst ra\u017eot\u0101ja specifik\u0101cij\u0101m. Pareiza e\u013c\u013co\u0161ana samazina berzi, pagarina deta\u013cu kalpo\u0161anas laiku un uztur efekt\u012bvu darb\u012bbu.<\/li>\n<li><strong>Bl\u012bvju nomai\u0146a:<\/strong> Regul\u0101ri p\u0101rbaudiet bl\u012bves un nomainiet t\u0101s p\u0113c nepiecie\u0161am\u012bbas, lai nov\u0113rstu nopl\u016bdes un uztur\u0113tu hidraulisko spiedienu. Savlaic\u012bga bl\u012bvju nomai\u0146a nodro\u0161ina optim\u0101lu veiktsp\u0113ju un nov\u0113r\u0161 d\u0101rgas k\u013c\u016bmes.<\/li>\n<\/ul>\n<h2>Uzst\u0101d\u012b\u0161anas vadl\u012bnijas<\/h2>\n<p>Pareiza str\u0113les cilindra uzst\u0101d\u012b\u0161ana ir b\u016btiska t\u0101 efekt\u012bvai darb\u012bbai. Pirms mont\u0101\u017eas p\u0101rliecinieties, vai visas sast\u0101vda\u013cas ir t\u012bras un bez gru\u017eiem. Pareizi izl\u012bdziniet cilindru, lai nov\u0113rstu t\u0101 iespr\u016b\u0161anu darb\u012bbas laik\u0101. Ieteicams izmantot atbilsto\u0161us mont\u0101\u017eas kron\u0161teinus, lai nostiprin\u0101tu cilindru viet\u0101, nodro\u0161inot stabilit\u0101ti un samazinot vibr\u0101ciju.<\/p>\n<p>R\u016bp\u012bgi pievienojiet hidraulisk\u0101s l\u012bnijas, p\u0101rliecinoties, ka savienojumi netiek p\u0101r\u0101k cie\u0161i pievilkti, jo tas var izrais\u012bt boj\u0101jumus. P\u0113c uzst\u0101d\u012b\u0161anas p\u0101rbaudiet sist\u0113mu, vai nav nopl\u016b\u017eu, un veiciet r\u016bp\u012bgu darb\u012bbas p\u0101rbaudi, lai p\u0101rliecin\u0101tos, ka cilindrs darbojas, k\u0101 paredz\u0113ts. \u0160o vadl\u012bniju iev\u0113ro\u0161ana pal\u012bdz\u0113s nodro\u0161in\u0101t str\u0113les cilindra ilgu kalpo\u0161anas laiku un efekt\u012bvu darb\u012bbu.<\/p>\n<h2>Bie\u017ei sastopamie apkopes uzdevumi<\/h2>\n<h3>Regul\u0101ras p\u0101rbaudes<\/h3>\n<p>Regul\u0101ras p\u0101rbaudes ir b\u016btiskas, lai identific\u0113tu nodiluma vai potenci\u0101lus boj\u0101jumu punktus. Tas ietver nopl\u016b\u017eu, neparastu trok\u0161\u0146u vai veiktsp\u0113jas izmai\u0146u p\u0101rbaudi. Regul\u0101ras apkopes grafika izveide \u013cauj savlaic\u012bgi iejaukties, nov\u0113rst negaid\u012btus boj\u0101jumus un pagarin\u0101t iek\u0101rtu kalpo\u0161anas laiku.<\/p>\n<h3>Pareiza e\u013c\u013co\u0161ana<\/h3>\n<p>Lai saglab\u0101tu veiktsp\u0113ju, ir \u013coti svar\u012bgi nodro\u0161in\u0101t, lai str\u0113les cilindrs b\u016btu pien\u0101c\u012bgi iee\u013c\u013cots. Regul\u0101ri p\u0101rbaudiet un uzpildiet hidraulisko e\u013c\u013cu, iev\u0113rojot ra\u017eot\u0101ja sniegt\u0101s specifik\u0101cijas. Pareiza e\u013c\u013co\u0161ana samazina berzi, uzlabo efektivit\u0101ti un samazina deta\u013cu nodilumu, t\u0101d\u0113j\u0101di pagarinot str\u0113les cilindra kalpo\u0161anas laiku.<\/p>\n<h3>Bl\u012bv\u0113juma nomai\u0146a un kalibr\u0113\u0161ana<\/h3>\n<p>Regul\u0101ra bl\u012bv\u0113jumu nomai\u0146a ir b\u016btiska, lai uztur\u0113tu hidraulisko spiedienu un nov\u0113rstu nopl\u016bdes. Uzraugiet bl\u012bv\u0113jumu st\u0101vokli un nomainiet tos, par\u0101doties pirmaj\u0101m nolietojuma paz\u012bm\u0113m. Turkl\u0101t hidraulisk\u0101s sist\u0113mas kalibr\u0113\u0161ana nodro\u0161ina optim\u0101lu veiktsp\u0113ju un precizit\u0101ti darb\u012bb\u0101s, kas ir \u013coti svar\u012bgi uzdevumiem, kuriem nepiecie\u0161ama precizit\u0101te.<\/p>\n<p><img decoding=\"async\" src=\"https:\/\/www.hydraulic-cylinders.net\/wp-content\/uploads\/2025\/04\/songte-chushion-collar.webp\" alt=\"\u010cemod\u0101na apkakle\"><\/p>\n<h2>Dro\u0161\u012bbas apsv\u0113rumi<\/h2>\n<p>Str\u0101d\u0101jot ar hidrauliskaj\u0101m sist\u0113m\u0101m, dro\u0161\u012bbas pas\u0101kumi ir \u0101rk\u0101rt\u012bgi svar\u012bgi. Lai izvair\u012btos no negad\u012bjumiem, ir nepiecie\u0161ama atbilsto\u0161a apm\u0101c\u012bba str\u0113les cilindru lieto\u0161an\u0101. Vienm\u0113r valk\u0101jiet atbilsto\u0161us individu\u0101los aizsardz\u012bbas l\u012bdzek\u013cus (IAL) un p\u0101rliecinieties, ka darba zona ir br\u012bva no apdraud\u0113jumiem. Dro\u0161\u012bbas protokolu un \u0101rk\u0101rtas proced\u016bru ievie\u0161ana var iev\u0113rojami mazin\u0101t ar hidraulisko iek\u0101rtu darb\u012bbu saist\u012btos riskus.<\/p>\n<h2>K\u013c\u016bmju diagnostika un bie\u017e\u0101k sastopam\u0101s probl\u0113mas<\/h2>\n<ul>\n<li><strong>Nopl\u016bde:<\/strong> Hidraulisk\u0101 \u0161\u0137idruma kl\u0101tb\u016btne \u0101rpus cilindra var liecin\u0101t par bl\u012bv\u0113juma boj\u0101jumu. Regul\u0101ras p\u0101rbaudes var pal\u012bdz\u0113t laikus identific\u0113t probl\u0113mas, samazinot \u0161\u0137idruma zudumus.<\/li>\n<li><strong>Samazin\u0101ta veiktsp\u0113ja:<\/strong> Ja cilindrs nerea\u0123\u0113, k\u0101 paredz\u0113ts, p\u0101rbaudiet hidraulisk\u0101 \u0161\u0137idruma l\u012bmeni un p\u0101rbaudiet, vai hidrauliskaj\u0101s l\u012bnij\u0101s nav aizsprostojumu.<\/li>\n<li><strong>Neparastas ska\u0146as:<\/strong> Sl\u012bpo\u0161a vai grabo\u0161a ska\u0146a var liecin\u0101t par meh\u0101nisk\u0101m probl\u0113m\u0101m vai e\u013c\u013co\u0161anas tr\u016bkumu. Nekav\u0113joties izp\u0113tiet un nov\u0113rsiet \u0161\u012bs ska\u0146as, lai izvair\u012btos no turpm\u0101kiem boj\u0101jumiem.<\/li>\n<\/ul>\n<h2>Probl\u0113mu nov\u0113r\u0161anas padomi<\/h2>\n<p>Lai efekt\u012bvi diagnostic\u0113tu un nov\u0113rstu probl\u0113mas ar str\u0113les cilindru, vispirms r\u016bp\u012bgi p\u0101rbaudiet visas sast\u0101vda\u013cas. P\u0101rbaudiet, vai nav redzamu nodiluma vai boj\u0101jumu paz\u012bmju, un p\u0101rliecinieties, vai hidraulisk\u0101 \u0161\u0137idruma l\u012bmenis ir pietiekams. Ja tiek konstat\u0113ta nopl\u016bde, nepiecie\u0161am\u012bbas gad\u012bjum\u0101 nomainiet bl\u012bves un p\u0101rbaudiet, vai hidraulisko l\u012bniju savienojumi ir pareizi. Ievie\u0161ot prevent\u012bvus pas\u0101kumus, piem\u0113ram, regul\u0101ru apkopi un savlaic\u012bgu remontu, operatori var samazin\u0101t nopietnu k\u013c\u016bmju risku un pagarin\u0101t hidraulisko sist\u0113mu kalpo\u0161anas laiku.<\/p>\n<p><img decoding=\"async\" src=\"https:\/\/www.hydraulic-cylinders.net\/wp-content\/uploads\/2025\/04\/songte-bushings-with-all-kinds-of-excavator-models.webp\" alt=\"Bukses ar ekskavatora mode\u013ciem\"><\/p>\n<h2>Par m\u016bsu uz\u0146\u0113mumu<\/h2>\n<p>M\u0113s esam vado\u0161ais hidraulisko cilindru ra\u017eot\u0101js, kas specializ\u0113jas da\u017e\u0101du pielietojumu rezerves risin\u0101jumos. M\u016bsu pla\u0161ais produktu kl\u0101sts ir pozicion\u0113jis m\u016bs k\u0101 vienu no vado\u0161ajiem ra\u017eot\u0101jiem un vairumtirgot\u0101jiem gan viet\u0113j\u0101, gan starptautiskaj\u0101 tirg\u016b. M\u0113s iev\u0113rojam izcil\u012bbu kvalit\u0101t\u0113 un izmantojam izsmalcin\u0101tu ra\u017eo\u0161anas vad\u012bbas strat\u0113\u0123iju.<\/p>\n<p>M\u016bsu uz\u0146\u0113mums nep\u0101rtraukti uzlabo ra\u017eo\u0161anas iesp\u0113jas, izmantojot kvalific\u0113tus tehni\u0137us, augstas klases digit\u0101l\u0101s ra\u017eo\u0161anas iek\u0101rtas un profesion\u0101las test\u0113\u0161anas sist\u0113mas. Ar sp\u0113c\u012bgu uzsvaru uz efektivit\u0101ti, precizit\u0101ti un kvalit\u0101ti m\u0113s esam ap\u0146\u0113mu\u0161ies apmierin\u0101t da\u017e\u0101das klientu vajadz\u012bbas, vienlaikus nodro\u0161inot izcilu produktu uzticam\u012bbu.<\/p>\n<p><img decoding=\"async\" src=\"https:\/\/www.hydraulic-cylinders.net\/wp-content\/uploads\/2025\/04\/songte-company-4.webp\" alt=\"Uz\u0146\u0113muma p\u0101rskats\"><br \/>\n<img decoding=\"async\" src=\"https:\/\/www.hydraulic-cylinders.net\/wp-content\/uploads\/2025\/04\/songte-company-3.webp\" alt=\"Uz\u0146\u0113muma telpas\"><\/p>\n<p>Autors: lil<\/p>","protected":false},"excerpt":{"rendered":"<p>Boom Cylinder For Bonny WZY42-7 Product Overview The Boom Cylinder for Bonny WZY42-7 is a specialized hydraulic cylinder designed to control the movement of heavy machinery buckets, such as those found in excavators, backhoe loaders, and front loaders. Bucket cylinders allow for the lifting, lowering, and tilting of buckets, facilitating efficient material handling tasks. These [&hellip;]<\/p>","protected":false},"featured_media":17876,"comment_status":"open","ping_status":"closed","template":"","meta":{"_et_pb_use_builder":"","_et_pb_old_content":"","_et_gb_content_width":""},"product_brand":[],"product_cat":[1546],"product_tag":[1547,1496],"class_list":{"0":"post-19658","1":"product","2":"type-product","3":"status-publish","4":"has-post-thumbnail","6":"product_cat-boom-cylinders","7":"product_tag-boom-cylinders","8":"product_tag-hydraulic-cylinders","10":"first","11":"instock","12":"shipping-taxable","13":"product-type-simple"},"amp_enabled":true,"_links":{"self":[{"href":"https:\/\/www.hydraulic-cylinders.net\/lv\/wp-json\/wp\/v2\/product\/19658","targetHints":{"allow":["GET"]}}],"collection":[{"href":"https:\/\/www.hydraulic-cylinders.net\/lv\/wp-json\/wp\/v2\/product"}],"about":[{"href":"https:\/\/www.hydraulic-cylinders.net\/lv\/wp-json\/wp\/v2\/types\/product"}],"replies":[{"embeddable":true,"href":"https:\/\/www.hydraulic-cylinders.net\/lv\/wp-json\/wp\/v2\/comments?post=19658"}],"wp:featuredmedia":[{"embeddable":true,"href":"https:\/\/www.hydraulic-cylinders.net\/lv\/wp-json\/wp\/v2\/media\/17876"}],"wp:attachment":[{"href":"https:\/\/www.hydraulic-cylinders.net\/lv\/wp-json\/wp\/v2\/media?parent=19658"}],"wp:term":[{"taxonomy":"product_brand","embeddable":true,"href":"https:\/\/www.hydraulic-cylinders.net\/lv\/wp-json\/wp\/v2\/product_brand?post=19658"},{"taxonomy":"product_cat","embeddable":true,"href":"https:\/\/www.hydraulic-cylinders.net\/lv\/wp-json\/wp\/v2\/product_cat?post=19658"},{"taxonomy":"product_tag","embeddable":true,"href":"https:\/\/www.hydraulic-cylinders.net\/lv\/wp-json\/wp\/v2\/product_tag?post=19658"}],"curies":[{"name":"wp","href":"https:\/\/api.w.org\/{rel}","templated":true}]}}