{"id":19659,"date":"2025-04-07T07:00:13","date_gmt":"2025-04-07T07:00:13","guid":{"rendered":"https:\/\/www.hydraulic-cylinders.net\/product\/boom-cylinder-for-bonny-ctd460-6\/"},"modified":"2025-04-07T07:00:16","modified_gmt":"2025-04-07T07:00:16","slug":"boom-cylinder-for-bonny-ctd460-6","status":"publish","type":"product","link":"https:\/\/www.hydraulic-cylinders.net\/lv\/products\/boom-cylinder-for-bonny-ctd460-6\/","title":{"rendered":"Str\u0113les cilindrs Bonny CTD460-6"},"content":{"rendered":"<h1>Str\u0113les cilindrs Bonny CTD460-6<\/h1>\n<h2>Ievads str\u0113les cilindros<\/h2>\n<p>Str\u0113les cilindrs, ko bie\u017ei d\u0113v\u0113 par kausa cilindru, ir specializ\u0113ts hidrauliskais cilindrs, kas galvenok\u0101rt paredz\u0113ts kausu kust\u012bbas vad\u012bbai da\u017e\u0101d\u0101s smagaj\u0101s ma\u0161\u012bn\u0101s, piem\u0113ram, ekskavatoros, ekskavatoros-iekr\u0101v\u0113jos un front\u0101lajos iekr\u0101v\u0113jos. \u0160ie cilindri \u013cauj kausam pacelt, nolaist un noliekt, t\u0101d\u0113j\u0101di veicinot efekt\u012bvas materi\u0101lu apstr\u0101des darb\u012bbas. Str\u0113les cilindram ir iz\u0161\u0137iro\u0161a noz\u012bme hidrauliskaj\u0101s sist\u0113m\u0101s, p\u0101rveidojot hidraulisko ener\u0123iju meh\u0101niskaj\u0101 ener\u0123ij\u0101, nodro\u0161inot nepiecie\u0161amo sp\u0113ku smagu uzdevumu veik\u0161anai. Atkar\u012bb\u0101 no to konstrukcijas un konstrukcijas, str\u0113les cilindri var iztur\u0113t augstu spiedienu un lielas slodzes, padarot tos neaizst\u0101jamus b\u016bvniec\u012bb\u0101, lauksaimniec\u012bb\u0101 un cit\u0101s r\u016bpniecisk\u0101s lietojumprogramm\u0101s.<\/p>\n<p><img decoding=\"async\" src=\"https:\/\/www.hydraulic-cylinders.net\/wp-content\/uploads\/2025\/04\/songte-company-1.webp\" alt=\"Str\u0113les cilindrs\"><\/p>\n<h2>Bonny CTD460-6 str\u0113les cilindra \u012bpa\u0161\u012bbas<\/h2>\n<ul>\n<li><strong>Augsta iztur\u012bba un ilgm\u016b\u017e\u012bba:<\/strong> \u0160ie cilindri ir izgatavoti no augstas stipr\u012bbas t\u0113rauda vai alum\u012bnija, un tie ir paredz\u0113ti, lai iztur\u0113tu augstu spiedienu un lielas slodzes, nodro\u0161inot uzticam\u012bbu skarbos darba apst\u0101k\u013cos.<\/li>\n<li><strong>Efekt\u012bva hidraulisk\u0101 darb\u012bba:<\/strong> Izmantojot hidraulisk\u0101s e\u013c\u013cas spiedienu, \u0161ie cilindri nodro\u0161ina vienm\u0113r\u012bgu izvirz\u012b\u0161anu un ievilk\u0161anu, \u0101tri rea\u0123\u0113jot uz vad\u012bbas komand\u0101m un radot sp\u0113c\u012bgus stum\u0161anas un vilk\u0161anas sp\u0113kus.<\/li>\n<li><strong>Da\u017e\u0101di veidi:<\/strong> Pieejami k\u0101 vienas darb\u012bbas (hidrauliskais spiediens vien\u0101 virzien\u0101) vai divk\u0101r\u0161as darb\u012bbas (hidrauliskais spiediens abos virzienos) cilindri, kas atbilst da\u017e\u0101d\u0101m ekspluat\u0101cijas vajadz\u012bb\u0101m.<\/li>\n<li><strong>Kompakts dizains:<\/strong> Da\u017eiem mode\u013ciem ir teleskopiska konstrukcija, kas \u013cauj liel\u0101ku pagarin\u0101jumu, nepalielinot \u0101r\u0113jos izm\u0113rus, kas ir piem\u0113rots lietojumiem ar ierobe\u017eotu telpu.<\/li>\n<li><strong>Korozijas iztur\u012bba:<\/strong> Izstr\u0101d\u0101ts ar nodilumiztur\u012bg\u0101m un pretkorozijas \u012bpa\u0161\u012bb\u0101m, lai pagarin\u0101tu kalpo\u0161anas laiku pat sare\u017e\u0123\u012btos apst\u0101k\u013cos.<\/li>\n<\/ul>\n<h2>Ra\u017eo\u0161anas iesp\u0113jas<\/h2>\n<p>Mums ir iesp\u0113jas ra\u017eot \u0161o produktu, un m\u016bsu produkti var lieliski aizst\u0101t \u0161os hidrauliskos cilindrus.<\/p>\n<p><img decoding=\"async\" src=\"https:\/\/www.hydraulic-cylinders.net\/wp-content\/uploads\/2025\/04\/songte-cylinder-head-with-all-kinds-excavator-models.webp\" alt=\"Hidraulisko cilindru ra\u017eo\u0161ana\"><\/p>\n<h2>Str\u0113les cilindru pielietojums<\/h2>\n<h3>Celtniec\u012bbas apr\u012bkojums<\/h3>\n<p>Ekskavatoros str\u0113les cilindri ir \u013coti svar\u012bgi augsnes vai gru\u017eu rak\u0161anai, iekrau\u0161anai un p\u0101rvieto\u0161anai. Tie nodro\u0161ina nepiecie\u0161amo sp\u0113ku kausa nolai\u0161anai un pacel\u0161anai, \u013caujot efekt\u012bvi veikt rak\u0161anas darbus un materi\u0101lu apstr\u0101di. Prec\u012bza vad\u012bba, ko pied\u0101v\u0101 \u0161ie cilindri, \u013cauj operatoriem str\u0101d\u0101t efekt\u012bvi pat sare\u017e\u0123\u012bt\u0101 reljef\u0101.<\/p>\n<h3>Lauksaimniec\u012bbas tehnika<\/h3>\n<p>Front\u0101lajos iekr\u0101v\u0113jos str\u0113les cilindri ir b\u016btiski augsnes, siena un citu materi\u0101lu sav\u0101k\u0161anai, pacel\u0161anai un transport\u0113\u0161anai. Hidraulisk\u0101 jauda \u013cauj iekr\u0101v\u0113jam veikt da\u017e\u0101dus uzdevumus, piem\u0113ram, izl\u012bdzin\u0101t laukus un p\u0101rvietot beramkravu, t\u0101d\u0113j\u0101di uzlabojot lauksaimniec\u012bbas darbu produktivit\u0101ti.<\/p>\n<h3>Ekskavatori<\/h3>\n<p>Ar sp\u0113ju iek\u013c\u016bt augsn\u0113, str\u0113les cilindri atvieglo ekskavatoru rak\u0161anas kust\u012bbas. Tie ir paredz\u0113ti, lai iztur\u0113tu rak\u0161anas darbos iesaist\u012btos sp\u0113kus, nodro\u0161inot, ka kauss var efekt\u012bvi un kontrol\u0113ti p\u0101rvietoties gan m\u012bkst\u0101, gan ciet\u0101 zem\u0113.<\/p>\n<h3>Iekr\u0101v\u0113ji<\/h3>\n<p>Front\u0101lajos iekr\u0101v\u0113jos str\u0113les cilindri pal\u012bdz efekt\u012bvi pacelt un izkraut kravas. To hidraulisk\u0101s iesp\u0113jas nodro\u0161ina \u0101tru un efekt\u012bvu materi\u0101lu apstr\u0101di, padarot tos neaizst\u0101jamus b\u016bvniec\u012bbas un materi\u0101lu transport\u0113\u0161anas uzdevumos.<\/p>\n<h2>Dizaina apsv\u0113rumi un atlases krit\u0113riji<\/h2>\n<h3>Kravnes\u012bba<\/h3>\n<p>Str\u0113les cilindra kravnes\u012bba ir viens no galvenajiem apsv\u0113rumiem projekt\u0113\u0161anas laik\u0101. Ir \u013coti svar\u012bgi nodro\u0161in\u0101t, lai cilindrs var\u0113tu iztur\u0113t maksim\u0101lo svaru, kam tas tiks pak\u013cauts ekspluat\u0101cijas laik\u0101. Tas ietver apr\u0113\u0137inus, kuru pamat\u0101 ir cilindra materi\u0101li un konstrukcija, k\u0101 ar\u012b pielietotais hidrauliskais spiediens. Ra\u017eot\u0101jiem j\u0101izv\u0113las augstas kvalit\u0101tes materi\u0101li, kas var iztur\u0113t deform\u0101ciju slodzes laik\u0101, vienlaikus nodro\u0161inot dro\u0161\u012bbu un efektivit\u0101ti darb\u012bb\u0101.<\/p>\n<h3>Bl\u012bv\u0113\u0161ana<\/h3>\n<p>Bl\u012bv\u0113jums ir v\u0113l viens svar\u012bgs konstrukcijas aspekts. Efekt\u012bvs bl\u012bv\u0113jums samazina hidraulisk\u0101 \u0161\u0137idruma nopl\u016bdi, kas ir b\u016btiski spiediena uztur\u0113\u0161anai sist\u0113m\u0101. Da\u017e\u0101di bl\u012bv\u0113\u0161anas materi\u0101li, piem\u0113ram, poliuret\u0101ns un nitrilgumija, tiek izv\u0113l\u0113ti, pamatojoties uz to iztur\u012bbu un nodilumiztur\u012bbu. Konstrukcijai j\u0101nodro\u0161ina ar\u012b atbilsto\u0161a bl\u012bv\u0113jumu uzst\u0101d\u012b\u0161ana, lai nov\u0113rstu pies\u0101r\u0146ojumu un pagarin\u0101tu hidraulisk\u0101 cilindra kalpo\u0161anas laiku.<\/p>\n<h3>Iztur\u012bba<\/h3>\n<p>Iztur\u012bba ir \u0101rk\u0101rt\u012bgi svar\u012bga, \u012bpa\u0161i vid\u0113, kur str\u0113les cilindrs ir pak\u013cauts skarbiem apst\u0101k\u013ciem. T\u0101di faktori k\u0101 nodilums un korozija var b\u016btiski ietekm\u0113t cilindra veiktsp\u0113ju un kalpo\u0161anas laiku. T\u0101d\u0113\u013c ir svar\u012bgi iek\u013caut t\u0101dus elementus k\u0101 cietie p\u0101rkl\u0101jumi un korozijiztur\u012bgi materi\u0101li. Regul\u0101ra apkope var ar\u012b uzlabot iztur\u012bbu, nodro\u0161inot cilindra efekt\u012bvu darb\u012bbu ilgsto\u0161\u0101 laika period\u0101.<\/p>\n<h3>Dro\u0161\u012bba<\/h3>\n<p>Str\u0113les cilindru konstrukcij\u0101 nedr\u012bkst ignor\u0113t dro\u0161\u012bbas elementus. Tas ietver spiediena samazin\u0101\u0161anas v\u0101rstus p\u0101rslodzes nov\u0113r\u0161anai un visaptvero\u0161u test\u0113\u0161anu ra\u017eo\u0161anas laik\u0101, lai nodro\u0161in\u0101tu, ka katra vien\u012bba atbilst nozares dro\u0161\u012bbas standartiem. Uzsvars uz dro\u0161\u012bbu ietver ar\u012b pareizas uzst\u0101d\u012b\u0161anas un lieto\u0161anas vadl\u012bnijas, lai nov\u0113rstu negad\u012bjumus ekspluat\u0101cijas laik\u0101.<\/p>\n<h3>Apkope<\/h3>\n<p>Projekt\u0113\u0161anas apsv\u0113rumos j\u0101\u0146em v\u0113r\u0101 ar\u012b apkopes vienk\u0101r\u0161\u012bba. Sast\u0101vda\u013c\u0101m j\u0101b\u016bt pieejam\u0101m p\u0101rbaudei, e\u013c\u013co\u0161anai un remontam. Regul\u0101ra apkope ir b\u016btiska, lai nodro\u0161in\u0101tu balona ilgm\u016b\u017e\u012bbu un t\u0101 efekt\u012bvu darb\u012bbu. T\u0101d\u0113\u013c priek\u0161roka dodama konstrukcij\u0101m, kas atvieglo piek\u013cuvi deta\u013c\u0101m un to nomai\u0146u.<\/p>\n<p><img decoding=\"async\" src=\"https:\/\/www.hydraulic-cylinders.net\/wp-content\/uploads\/2025\/04\/songte-oil-pipes-and-spare-parts.webp\" alt=\"Hidraulisko cilindru deta\u013cas\"><\/p>\n<h2>Str\u0113les cilindru bl\u012bv\u0113\u0161ana un e\u013c\u013co\u0161ana<\/h2>\n<p>Pareizai bl\u012bv\u0113\u0161anai un e\u013c\u013co\u0161anai ir b\u016btiska loma str\u0113les cilindru darb\u012bb\u0101. Da\u017e\u0101di bl\u012bv\u0113\u0161anas komponenti, piem\u0113ram, virzu\u013ca bl\u012bv\u0113jumi un stie\u0146a bl\u012bv\u0113jumi, ir svar\u012bgi, lai nov\u0113rstu \u0161\u0137idruma nopl\u016bdi, kas var apdraud\u0113t cilindra efektivit\u0101ti. Bl\u012bv\u0113jumi, kas izgatavoti no nodilumiztur\u012bgiem materi\u0101liem, piem\u0113ram, poliuret\u0101na un nitrila gumijas, nodro\u0161ina ilgm\u016b\u017e\u012bbu un iztur\u012bbu ekspluat\u0101cijas slodzes apst\u0101k\u013cos.<\/p>\n<p>Cilindra korpuss un v\u012bt\u0146ot\u0101s gala virsmas ir r\u016bp\u012bgi j\u0101apstr\u0101d\u0101, lai uzlabotu nodilumiztur\u012bbu, kas ir \u013coti svar\u012bgi veiktsp\u0113jas saglab\u0101\u0161anai laika gait\u0101. Svar\u012bga ir ar\u012b regul\u0101ra e\u013c\u013co\u0161ana ar hidraulisko e\u013c\u013cu, jo t\u0101 samazina berzi starp kust\u012bgaj\u0101m da\u013c\u0101m, nodro\u0161inot vienm\u0113r\u012bgu darb\u012bbu un nov\u0113r\u0161ot priek\u0161laic\u012bgu nodilumu. Regul\u0101ras p\u0101rbaudes un atbilsto\u0161a e\u013c\u013co\u0161anas grafika nodro\u0161in\u0101\u0161ana veicina str\u0113les cilindra optim\u0101lu veiktsp\u0113ju un ilgm\u016b\u017e\u012bbu.<\/p>\n<h2>Regul\u0101ras p\u0101rbaudes un profilaktisk\u0101s apkopes pas\u0101kumi<\/h2>\n<ul>\n<li><strong>Regul\u0101ras p\u0101rbaudes:<\/strong> Sistem\u0101tisku p\u0101rbau\u017eu veik\u0161ana \u013cauj laikus atkl\u0101t potenci\u0101las probl\u0113mas. Operatoriem darb\u012bbas laik\u0101 j\u0101p\u0101rbauda, \u200b\u200bvai nav nodiluma paz\u012bmju, nopl\u016b\u017eu un jebk\u0101das neregul\u0101ras darb\u012bbas. Regul\u0101ras p\u0101rbaudes pal\u012bdz identific\u0113t komponentus, kas, iesp\u0113jams, j\u0101nomaina, pirms tie saboj\u0101jas.<\/li>\n<li><strong>Pareiza e\u013c\u013co\u0161ana:<\/strong> Lai nov\u0113rstu nodilumu, ir svar\u012bgi nodro\u0161in\u0101t atbilsto\u0161u hidraulisk\u0101s e\u013c\u013cas l\u012bmeni un visu kust\u012bgo da\u013cu pien\u0101c\u012bgu iee\u013c\u013co\u0161anu. Regul\u0101ra e\u013c\u013co\u0161ana var uzlabot cilindra efektivit\u0101ti un kalpo\u0161anas laiku.<\/li>\n<li><strong>Bl\u012bv\u0113juma nomai\u0146a:<\/strong> Bl\u012bv\u0113jumi laika gait\u0101 ir pak\u013cauti nodilumam nep\u0101rtrauktas hidraulisk\u0101 spiediena un kust\u012bbas d\u0113\u013c. Regul\u0101ra bl\u012bv\u0113jumu nomai\u0146a apkopes ietvaros nov\u0113r\u0161 nopl\u016bdes, nodro\u0161inot cilindra efekt\u012bvu darb\u012bbu.<\/li>\n<\/ul>\n<h2>Str\u0113les cilindru uzst\u0101d\u012b\u0161anas vadl\u012bnijas<\/h2>\n<p>Pareiza str\u0113les cilindru uzst\u0101d\u012b\u0161ana ir \u013coti svar\u012bga, lai nodro\u0161in\u0101tu optim\u0101lu veiktsp\u0113ju un dro\u0161\u012bbu. Vispirms p\u0101rskatiet ra\u017eot\u0101ja uzst\u0101d\u012b\u0161anas rokasgr\u0101matu, lai ieg\u016btu konkr\u0113tus nor\u0101d\u012bjumus. P\u0101rliecinieties, vai mont\u0101\u017eas virsmas ir t\u012bras un bez gru\u017eiem, lai atvieglotu pareizu uzst\u0101d\u012b\u0161anu.<\/p>\n<p>Uzst\u0101d\u012b\u0161anas laik\u0101 prec\u012bzi izl\u012bdziniet cilindru ar stiprin\u0101juma punktiem, lai nov\u0113rstu p\u0101rm\u0113r\u012bgu cilindra un ar to saist\u012bto komponentu slodzi. Atbilsto\u0161u stiprin\u0101juma kron\u0161teinu izmanto\u0161ana var pal\u012bdz\u0113t stabiliz\u0113t cilindru un saglab\u0101t izl\u012bdzin\u0101jumu darb\u012bbas laik\u0101.<\/p>\n<p>P\u0113c uzst\u0101d\u012b\u0161anas p\u0101rbaudiet visus savienojumus, lai p\u0101rliecin\u0101tos, ka tie ir dro\u0161i un bez nopl\u016bd\u0113m. P\u0113c uzst\u0101d\u012b\u0161anas p\u0101rbaudiet sist\u0113mu zem\u0101 spiedien\u0101, lai p\u0101rliecin\u0101tos, ka viss darbojas, k\u0101 paredz\u0113ts, pirms piln\u012bgas lieto\u0161anas. \u0160o darb\u012bbu veik\u0161ana nodro\u0161ina str\u0113les cilindra efekt\u012bvu un dro\u0161u darb\u012bbu.<\/p>\n<h2>Bie\u017ei sastopamie apkopes uzdevumi<\/h2>\n<ul>\n<li><strong>Regul\u0101ras p\u0101rbaudes:<\/strong> Regul\u0101ras p\u0101rbaudes pal\u012bdz laikus identific\u0113t iesp\u0113jam\u0101s probl\u0113mas. Nopl\u016b\u017eu, nodiluma paz\u012bmju un visp\u0101r\u0113j\u0101s funkcionalit\u0101tes p\u0101rbaude nodro\u0161ina balona efekt\u012bvu darb\u012bbu. Operatoriem j\u0101b\u016bt apm\u0101c\u012btiem regul\u0101ri veikt \u0161\u012bs p\u0101rbaudes.<\/li>\n<li><strong>Pareiza e\u013c\u013co\u0161ana:<\/strong> Atbilsto\u0161a e\u013c\u013co\u0161ana samazina berzi un nodilumu, t\u0101d\u0113j\u0101di pagarinot cilindra kalpo\u0161anas laiku. Operatoriem j\u0101iev\u0113ro e\u013c\u013co\u0161anas grafiks, kas balst\u012bts uz lieto\u0161anas un vides apst\u0101k\u013ciem, nodro\u0161inot hidraulisk\u0101s e\u013c\u013cas l\u012bme\u0146a uztur\u0113\u0161anu.<\/li>\n<li><strong>Bl\u012bv\u0113juma nomai\u0146a:<\/strong> Bl\u012bves regul\u0101ri j\u0101p\u0101rbauda un p\u0113c nepiecie\u0161am\u012bbas j\u0101nomaina, lai nov\u0113rstu nopl\u016bdes. Savlaic\u012bga bl\u012bvju nomai\u0146a ir \u013coti svar\u012bga, lai uztur\u0113tu spiedienu hidrauliskaj\u0101 sist\u0113m\u0101 un nodro\u0161in\u0101tu dro\u0161u darb\u012bbu.<\/li>\n<\/ul>\n<h2>Dro\u0161\u012bbas apsv\u0113rumi un vides faktori<\/h2>\n<p>Str\u0101d\u0101jot ar hidrauliskaj\u0101m sist\u0113m\u0101m, dro\u0161\u012bbas pas\u0101kumi ir \u0101rk\u0101rt\u012bgi svar\u012bgi. Nodro\u0161inot, ka visas sast\u0101vda\u013cas ir lab\u0101 st\u0101vokl\u012b un atbilst dro\u0161\u012bbas standartiem, var nov\u0113rst negad\u012bjumus. Operatoriem j\u0101b\u016bt apm\u0101c\u012btiem dro\u0161\u0101 tehnikas lieto\u0161an\u0101 un j\u0101saprot aizsargl\u012bdzek\u013cu lieto\u0161anas noz\u012bme. J\u0101\u0146em v\u0113r\u0101 ar\u012b t\u0101di vides faktori k\u0101 pak\u013cau\u0161ana skarbiem apst\u0101k\u013ciem, jo \u200b\u200btie var ietekm\u0113t str\u0113les cilindru ilgm\u016b\u017e\u012bbu un veiktsp\u0113ju.<\/p>\n<h2>K\u013c\u016bmju diagnostika un bie\u017e\u0101k sastopam\u0101s probl\u0113mas<\/h2>\n<ul>\n<li><strong>Nopl\u016bdu\u0161as bl\u012bves:<\/strong> Ja bl\u012bves ir boj\u0101tas, var nopl\u016bst hidrauliskais \u0161\u0137idrums, samazinot sist\u0113mas spiedienu un izraisot darb\u012bbas trauc\u0113jumus. Regul\u0101ras p\u0101rbaudes var pal\u012bdz\u0113t laikus atkl\u0101t nopl\u016bdes, \u013caujot savlaic\u012bgi veikt remontu vai nomai\u0146u.<\/li>\n<li><strong>Neparastas ska\u0146as:<\/strong> Neparastas ska\u0146as darb\u012bbas laik\u0101 var liecin\u0101t par meh\u0101nisk\u0101m probl\u0113m\u0101m, piem\u0113ram, nepietiekamu e\u013c\u013co\u0161anu vai iek\u0161\u0113jo komponentu nodilumu. Operatoriem nekav\u0113joties j\u0101izp\u0113ta un j\u0101nov\u0113r\u0161 \u0161\u012bs ska\u0146as.<\/li>\n<li><strong>Samazin\u0101ta veiktsp\u0113ja:<\/strong> Ja cilindrs nerea\u0123\u0113, k\u0101 paredz\u0113ts, tas var b\u016bt saist\u012bts ar zemu hidraulisk\u0101 \u0161\u0137idruma l\u012bmeni vai aizsprostojumu hidrauliskaj\u0101s l\u012bnij\u0101s. Pareiza sist\u0113mas apkope var nov\u0113rst veiktsp\u0113jas probl\u0113mas.<\/li>\n<\/ul>\n<h2>Probl\u0113mu nov\u0113r\u0161anas padomi<\/h2>\n<p>Lai efekt\u012bvi diagnostic\u0113tu un nov\u0113rstu probl\u0113mas, operatoriem j\u0101iev\u0113ro sistem\u0101tiska pieeja. Vispirms j\u0101p\u0101rbauda hidraulisk\u0101 \u0161\u0137idruma l\u012bmenis un, ja nepiecie\u0161ams, j\u0101papildina. P\u0113c tam j\u0101p\u0101rbauda bl\u012bves, vai nav nodiluma vai boj\u0101jumu paz\u012bmju, un, ja nepiecie\u0161ams, j\u0101nomaina t\u0101s. Regul\u0101ra apkope, tostarp e\u013c\u013co\u0161ana un p\u0101rbaudes, var nov\u0113rst potenci\u0101lu probl\u0113mu saasin\u0101\u0161anos.<\/p>\n<p>Turkl\u0101t operatoriem ir j\u0101veic detaliz\u0113ta apkopes un remonta uzskaite, lai lab\u0101k izprastu balona darb\u012bbas tendences. \u0160\u012b inform\u0101cija var pal\u012bdz\u0113t prognoz\u0113t iesp\u0113jamos boj\u0101jumus un atvieglot savlaic\u012bgus prevent\u012bvus pas\u0101kumus.<\/p>\n<p><img decoding=\"async\" src=\"https:\/\/www.hydraulic-cylinders.net\/wp-content\/uploads\/2025\/04\/songte-bushings-with-all-kinds-of-excavator-models.webp\" alt=\"Hidraulisko cilindru komponenti\"><\/p>\n<h2>Par m\u016bsu uz\u0146\u0113mumu<\/h2>\n<p>M\u0113s esam vado\u0161ais alternat\u012bvo hidraulisko cilindru ra\u017eot\u0101js un vairumtirdzniec\u012bbas izplat\u012bt\u0101js ar pla\u0161u produktu kl\u0101stu. M\u016bsu uz\u0146\u0113mums ir k\u013cuvis par vienu no vado\u0161ajiem ra\u017eot\u0101jiem viet\u0113j\u0101 un starptautiskaj\u0101 tirg\u016b. M\u0113s iev\u0113rojam stingrus kvalit\u0101tes standartus un pa\u013caujamies uz izsmalcin\u0101tu ra\u017eo\u0161anas vad\u012bbas strat\u0113\u0123iju, kas izmanto progres\u012bvas tehnolo\u0123ijas.<\/p>\n<p>M\u016bsu ap\u0146em\u0161anos sasniegt izcil\u012bbu atbalsta kvalific\u0113ts darbasp\u0113ks, augstas klases digit\u0101l\u0101s ra\u017eo\u0161anas iek\u0101rtas un profesion\u0101las test\u0113\u0161anas sist\u0113mas. M\u0113s nep\u0101rtraukti uzlabojam savu ra\u017eo\u0161anas platformu un pilnveidojam produktu kvalit\u0101tes nodro\u0161in\u0101\u0161anas procesus, nodro\u0161inot, ka m\u0113s apmierin\u0101m da\u017e\u0101das klientu vajadz\u012bbas ar augstu efektivit\u0101ti, precizit\u0101ti un kvalit\u0101ti.<\/p>\n<p><img decoding=\"async\" src=\"https:\/\/www.hydraulic-cylinders.net\/wp-content\/uploads\/2025\/04\/songte-company-4.webp\" alt=\"Uz\u0146\u0113muma p\u0101rskats\"><br \/>\n<img decoding=\"async\" src=\"https:\/\/www.hydraulic-cylinders.net\/wp-content\/uploads\/2025\/04\/songte-company-3.webp\" alt=\"Uz\u0146\u0113muma telpas\"><\/p>\n<p>Autors: lil<\/p>","protected":false},"excerpt":{"rendered":"<p>Boom Cylinder For Bonny CTD460-6 Introduction to Boom Cylinders A boom cylinder, often referred to as a bucket cylinder, is a specialized hydraulic cylinder designed mainly for controlling the movement of buckets in various heavy machinery such as excavators, backhoe loaders, and front loaders. These cylinders allow the bucket to lift, lower, and tilt, facilitating [&hellip;]<\/p>","protected":false},"featured_media":17877,"comment_status":"open","ping_status":"closed","template":"","meta":{"_et_pb_use_builder":"","_et_pb_old_content":"","_et_gb_content_width":""},"product_brand":[],"product_cat":[1546],"product_tag":[1547,1496],"class_list":{"0":"post-19659","1":"product","2":"type-product","3":"status-publish","4":"has-post-thumbnail","6":"product_cat-boom-cylinders","7":"product_tag-boom-cylinders","8":"product_tag-hydraulic-cylinders","10":"first","11":"instock","12":"shipping-taxable","13":"product-type-simple"},"amp_enabled":true,"_links":{"self":[{"href":"https:\/\/www.hydraulic-cylinders.net\/lv\/wp-json\/wp\/v2\/product\/19659","targetHints":{"allow":["GET"]}}],"collection":[{"href":"https:\/\/www.hydraulic-cylinders.net\/lv\/wp-json\/wp\/v2\/product"}],"about":[{"href":"https:\/\/www.hydraulic-cylinders.net\/lv\/wp-json\/wp\/v2\/types\/product"}],"replies":[{"embeddable":true,"href":"https:\/\/www.hydraulic-cylinders.net\/lv\/wp-json\/wp\/v2\/comments?post=19659"}],"wp:featuredmedia":[{"embeddable":true,"href":"https:\/\/www.hydraulic-cylinders.net\/lv\/wp-json\/wp\/v2\/media\/17877"}],"wp:attachment":[{"href":"https:\/\/www.hydraulic-cylinders.net\/lv\/wp-json\/wp\/v2\/media?parent=19659"}],"wp:term":[{"taxonomy":"product_brand","embeddable":true,"href":"https:\/\/www.hydraulic-cylinders.net\/lv\/wp-json\/wp\/v2\/product_brand?post=19659"},{"taxonomy":"product_cat","embeddable":true,"href":"https:\/\/www.hydraulic-cylinders.net\/lv\/wp-json\/wp\/v2\/product_cat?post=19659"},{"taxonomy":"product_tag","embeddable":true,"href":"https:\/\/www.hydraulic-cylinders.net\/lv\/wp-json\/wp\/v2\/product_tag?post=19659"}],"curies":[{"name":"wp","href":"https:\/\/api.w.org\/{rel}","templated":true}]}}