{"id":19660,"date":"2025-04-07T07:00:16","date_gmt":"2025-04-07T07:00:16","guid":{"rendered":"https:\/\/www.hydraulic-cylinders.net\/product\/boom-cylinder-for-bonny-ce1250-7\/"},"modified":"2025-04-07T07:00:19","modified_gmt":"2025-04-07T07:00:19","slug":"boom-cylinder-for-bonny-ce1250-7","status":"publish","type":"product","link":"https:\/\/www.hydraulic-cylinders.net\/lv\/products\/boom-cylinder-for-bonny-ce1250-7\/","title":{"rendered":"Str\u0113les cilindrs Bonny CE1250-7"},"content":{"rendered":"<h1>Str\u0113les cilindrs Bonny CE1250-7<\/h1>\n<h2>Produkta p\u0101rskats<\/h2>\n<p>Bonny CE1250-7 str\u0113les cilindrs ir b\u016btiska hidraulisko sist\u0113mu sast\u0101vda\u013ca, \u012bpa\u0161i smagaj\u0101 ma\u0161\u012bn\u0101. \u0160ie hidrauliskie cilindri ir \u012bpa\u0161i izstr\u0101d\u0101ti, lai kontrol\u0113tu da\u017e\u0101du smago iek\u0101rtu kausu, piem\u0113ram, ekskavatoru, univers\u0101lo iekr\u0101v\u0113ju un front\u0101lo iekr\u0101v\u0113ju kausu, kust\u012bbu. Tie \u013cauj kausam pacelties, nolaisties un noliekties, atvieglojot efekt\u012bvus materi\u0101lu apstr\u0101des uzdevumus. Str\u0113les cilindram ir b\u016btiska loma \u0161o ma\u0161\u012bnu veiktsp\u0113j\u0101, nodro\u0161inot, ka t\u0101s var veikt savas darb\u012bbas vienm\u0113r\u012bgi un efekt\u012bvi.<\/p>\n<p><img decoding=\"async\" src=\"https:\/\/www.hydraulic-cylinders.net\/wp-content\/uploads\/2025\/04\/songte-company-1.webp\" alt=\"Str\u0113les cilindrs\" \/><\/p>\n<h3>Defin\u012bcija un loma hidrauliskaj\u0101s sist\u0113m\u0101s<\/h3>\n<p>Str\u0113les cilindrs ir hidraulisk\u0101 cilindra veids, ko galvenok\u0101rt izmanto, lai kontrol\u0113tu smago ma\u0161\u012bnu str\u0113les sviras le\u0146\u0137i un poz\u012bciju. Tas darbojas p\u0113c hidraulisk\u0101 spiediena principa, kas nodro\u0161ina vienm\u0113r\u012bgas un prec\u012bzas kust\u012bbas. Hidrauliskie cilindri, piem\u0113ram, Bonny CE1250-7 str\u0113les cilindrs, ir nepiecie\u0161ami da\u017e\u0101du uzdevumu veik\u0161anai, piem\u0113ram, rak\u0161anai, cel\u0161anai un materi\u0101lu transport\u0113\u0161anai. \u0160\u012b funkcionalit\u0101te ir kritiski svar\u012bga b\u016bvniec\u012bb\u0101, ieguves r\u016bpniec\u012bb\u0101 un lauksaimniec\u012bbas darbos, kur nepiecie\u0161ama smagu kravu cel\u0161ana un prec\u012bza manevr\u0113tsp\u0113ja.<\/p>\n<h2>Str\u0113les cilindra \u012bpa\u0161\u012bbas<\/h2>\n<ul>\n<li><strong>Augsta iztur\u012bba un ilgm\u016b\u017e\u012bba:<\/strong> \u0160ie cilindri ir izgatavoti no augstas stipr\u012bbas t\u0113rauda vai alum\u012bnija, un tie var iztur\u0113t augstu spiedienu un lielas slodzes, padarot tos piem\u0113rotus skarbajiem darba apst\u0101k\u013ciem.<\/li>\n<li><strong>Efekt\u012bva hidraulisk\u0101 darb\u012bba:<\/strong> Hidraulisk\u0101s e\u013c\u013cas spiediena izmanto\u0161ana nodro\u0161ina vienm\u0113r\u012bgu izvilk\u0161anu un ievilk\u0161anu, nodro\u0161inot jaud\u012bgas stum\u0161anas un vilk\u0161anas iesp\u0113jas smagiem un sare\u017e\u0123\u012btiem uzdevumiem.<\/li>\n<li><strong>Da\u017e\u0101di veidi:<\/strong> Pieejamie varianti ietver vienk\u0101r\u0161as darb\u012bbas (darbojas vien\u0101 virzien\u0101) un divpus\u0113jas darb\u012bbas cilindrus (darbojas abos virzienos), kas \u013cauj piel\u0101got tos atbilsto\u0161i ekspluat\u0101cijas vajadz\u012bb\u0101m.<\/li>\n<li><strong>Kompakts dizains:<\/strong> Da\u017ei mode\u013ci izmanto teleskopisko dizainu, lai nodro\u0161in\u0101tu liel\u0101ku pagarin\u0101jumu, nepalielinot \u0101r\u0113jos izm\u0113rus, kas ir ide\u0101li piem\u0113rots sl\u0113gt\u0101m telp\u0101m.<\/li>\n<li><strong>Viegli kopjams:<\/strong> Tie ir izstr\u0101d\u0101ti, \u0146emot v\u0113r\u0101 pieejam\u012bbu, un tie atvieglo apkopi un apkalpo\u0161anu.<\/li>\n<\/ul>\n<h2>Str\u0113les cilindra pielietojumi<\/h2>\n<h3>Celtniec\u012bbas apr\u012bkojums<\/h3>\n<p>Ekskavatoros str\u0113les cilindri ir galven\u0101 sast\u0101vda\u013ca zemes vai gru\u017eu rak\u0161anai, iekrau\u0161anai un p\u0101rvieto\u0161anai. To sp\u0113ja nodro\u0161in\u0101t stabilu celtsp\u0113ju \u013cauj operatoriem veikt uzdevumus, kuriem nepiecie\u0161ams iev\u0113rojams sp\u0113ks, padarot tos neaizst\u0101jamus b\u016bvlaukumos.<\/p>\n<h3>Lauksaimniec\u012bbas tehnika<\/h3>\n<p>Front\u0101lie iekr\u0101v\u0113ji izmanto str\u0113les cilindrus augsnes, siena un citu materi\u0101lu sav\u0101k\u0161anai, cel\u0161anai un transport\u0113\u0161anai. \u0160\u012b funkcionalit\u0101te uzlabo darb\u012bbas efektivit\u0101ti lauksaimniec\u012bbas darb\u012bb\u0101s, \u013caujot \u0101tr\u0101k paveikt uzdevumus un lab\u0101k p\u0101rvald\u012bt resursus.<\/p>\n<h3>Ekskavatori<\/h3>\n<p>Str\u0113les cilindra loma ekskavatoros sniedzas l\u012bdz pat iek\u013c\u016b\u0161anai augsn\u0113 efekt\u012bvai rak\u0161anai. T\u0101 konstrukcija nodro\u0161ina, ka kauss var pielikt nepiecie\u0161amo sp\u0113ku zemes uzlau\u0161anai, t\u0101d\u0113j\u0101di uzlabojot tehnikas kop\u0113jo produktivit\u0101ti.<\/p>\n<h3>Iekr\u0101v\u0113ji<\/h3>\n<p>Front\u0101lajos iekr\u0101v\u0113jos str\u0113les cilindri pal\u012bdz efekt\u012bvi pacelt un izkraut materi\u0101lus. To uzticam\u0101 darb\u012bba nodro\u0161ina \u0101tru iekrau\u0161anas un izkrau\u0161anas uzdevumu veik\u0161anu, kas ir \u013coti svar\u012bgi darba pl\u016bsmas uztur\u0113\u0161anai darba objektos.<\/p>\n<h2>Dizaina apsv\u0113rumi un atlases krit\u0113riji<\/h2>\n<h3>Kravnes\u012bba<\/h3>\n<p>Izv\u0113loties str\u0113les cilindru, ir \u013coti svar\u012bgi nov\u0113rt\u0113t t\u0101 kravnes\u012bbu. Ir svar\u012bgi nodro\u0161in\u0101t, lai cilindrs darb\u012bbas laik\u0101 iztur\u0113tu maksim\u0101lo paredzamo slodzi. Cilindrs ar nepietiekamu kravnes\u012bbu var izrais\u012bt boj\u0101jumus, radot dro\u0161\u012bbas riskus un apr\u012bkojuma boj\u0101jumus.<\/p>\n<h3>Bl\u012bv\u0113\u0161anas efektivit\u0101te<\/h3>\n<p>Efekt\u012bva bl\u012bv\u0113\u0161ana ir vit\u0101li svar\u012bga hidraulisk\u0101 spiediena uztur\u0113\u0161anai un \u0161\u0137idruma nopl\u016b\u017eu nov\u0113r\u0161anai. Augstas kvalit\u0101tes bl\u012bv\u0113jumi ne tikai uzlabo veiktsp\u0113ju, bet ar\u012b pagarina cilindra kalpo\u0161anas laiku. Regul\u0101ras bl\u012bv\u0113jumu p\u0101rbaudes var nov\u0113rst d\u0101rgus remontdarbus un nodro\u0161in\u0101t optim\u0101lu darb\u012bbu.<\/p>\n<h3>Iztur\u012bba<\/h3>\n<p>Iztur\u012bba ir galvenais apsv\u0113rums, \u012bpa\u0161i skarbos apst\u0101k\u013cos. Str\u0113les cilindra konstrukcij\u0101 izmantotajiem materi\u0101liem j\u0101b\u016bt iztur\u012bgiem pret nodilumu, koroziju un vides faktoriem. Tas nodro\u0161ina ilgm\u016b\u017e\u012bbu un uzticam\u012bbu darb\u012bb\u0101.<\/p>\n<h3>Dro\u0161\u012bbas funkcijas<\/h3>\n<p>Dro\u0161\u012bbas funkcijas nekad nedr\u012bkst aizmirst. Baloniem j\u0101b\u016bt apr\u012bkotiem ar meh\u0101nismiem negaid\u012btu kravu apstr\u0101dei un potenci\u0101lu negad\u012bjumu nov\u0113r\u0161anai. Tas ietver spiediena samazin\u0101\u0161anas v\u0101rstus un av\u0101rijas dro\u0161as konstrukcijas, lai nodro\u0161in\u0101tu iek\u0101rtu dro\u0161u darb\u012bbu jebkuros apst\u0101k\u013cos.<\/p>\n<h3>Uzturam\u012bba<\/h3>\n<p>\u013boti svar\u012bgas ir konstrukcijas, kas nodro\u0161ina \u0113rtu piek\u013cuvi apkopes veik\u0161anai. Viegli apkopjamam hidrauliskajam cilindram b\u016bs nepiecie\u0161ams maz\u0101k d\u012bkst\u0101ves laika un to var apkalpot efekt\u012bv\u0101k, nodro\u0161inot nemain\u012bgu veiktsp\u0113ju un samazinot ilgtermi\u0146a izmaksas.<\/p>\n<p><img decoding=\"async\" src=\"https:\/\/www.hydraulic-cylinders.net\/wp-content\/uploads\/2025\/04\/songte-oil-pipes-and-spare-parts.webp\" alt=\"Hidraulisk\u0101s sast\u0101vda\u013cas\" \/><\/p>\n<h2>Bl\u012bv\u0113\u0161ana un e\u013c\u013co\u0161ana<\/h2>\n<p>Efekt\u012bva bl\u012bv\u0113\u0161ana un e\u013c\u013co\u0161ana ir \u013coti svar\u012bga str\u0113les cilindru darb\u012bbai. Lai uztur\u0113tu hidraulisko spiedienu un nov\u0113rstu \u0161\u0137idruma zudumus, tiek izmantoti da\u017e\u0101di bl\u012bv\u0113jumi, tostarp virzu\u013ca bl\u012bv\u0113jumi un stie\u0146a bl\u012bv\u0113jumi. Materi\u0101li, piem\u0113ram, poliuret\u0101ns un nitrilgumija, parasti tiek izmantoti to nodilumiztur\u012bgo \u012bpa\u0161\u012bbu d\u0113\u013c.<\/p>\n<p>Cilindra korpuss un v\u012bt\u0146ot\u0101s gala virsmas tiek prec\u012bzi apstr\u0101d\u0101tas, lai uzlabotu nodilumiztur\u012bbu, t\u0101d\u0113j\u0101di veicinot cilindra ilgm\u016b\u017e\u012bbu. Ir svar\u012bgi regul\u0101ri uzpild\u012bt hidraulisko e\u013c\u013cu, lai nodro\u0161in\u0101tu kust\u012bgo da\u013cu vienm\u0113r\u012bgu darb\u012bbu un e\u013c\u013co\u0161anu, pal\u012bdzot nov\u0113rst priek\u0161laic\u012bgu nodilumu un boj\u0101jumus.<\/p>\n<h2>Prevent\u012bvie apkopes pas\u0101kumi<\/h2>\n<ul>\n<li><strong>Regul\u0101ras p\u0101rbaudes:<\/strong> Regul\u0101ras nodiluma, nopl\u016b\u017eu un visp\u0101r\u0113j\u0101s cilindra integrit\u0101tes p\u0101rbaudes ir b\u016btiskas. Probl\u0113mu agr\u012bna atkl\u0101\u0161ana var nov\u0113rst liel\u0101kas probl\u0113mas n\u0101kotn\u0113.<\/li>\n<li><strong>Pareiza e\u013c\u013co\u0161ana:<\/strong> Nodro\u0161inot, ka cilindrs ir pien\u0101c\u012bgi iee\u013c\u013cots, tiek samazin\u0101ta berze, uzlabota veiktsp\u0113ja un pagarin\u0101ts cilindra kalpo\u0161anas laiks.<\/li>\n<li><strong>Bl\u012bvju nomai\u0146a:<\/strong> Regul\u0101ra bl\u012bv\u0113jumu nomai\u0146a ir \u013coti svar\u012bga, lai saglab\u0101tu efektivit\u0101ti. Nolietoti bl\u012bv\u0113jumi var izrais\u012bt \u0161\u0137idruma nopl\u016bdes, samazinot efektivit\u0101ti un potenci\u0101li radot boj\u0101jumus.<\/li>\n<\/ul>\n<h2>Uzst\u0101d\u012b\u0161anas vadl\u012bnijas<\/h2>\n<p>Pareiza str\u0113les cilindra uzst\u0101d\u012b\u0161ana ir \u013coti svar\u012bga t\u0101 darb\u012bbai. Vispirms p\u0101rliecinieties, vai visas sast\u0101vda\u013cas ir t\u012bras un bez gru\u017eiem. Izmantojiet atbilsto\u0161us mont\u0101\u017eas kron\u0161teinus, lai nostiprin\u0101tu cilindru viet\u0101, nodro\u0161inot, ka tas ir pareizi izl\u012bdzin\u0101ts ar cit\u0101m sast\u0101vda\u013c\u0101m. Nepareiza izl\u012bdzin\u0101\u0161ana var izrais\u012bt priek\u0161laic\u012bgu nodilumu un boj\u0101jumus.<\/p>\n<p>Uzst\u0101d\u012b\u0161anas laik\u0101 stiprin\u0101jumiem piem\u0113rojiet pareizos griezes momenta iestat\u012bjumus, k\u0101 nor\u0101d\u012bts ra\u017eot\u0101ja vadl\u012bnij\u0101s. P\u0113c cilindra nostiprin\u0101\u0161anas p\u0101rbaudiet, vai nav hidraulisko nopl\u016b\u017eu, un p\u0101rbaudiet darb\u012bbu, lai p\u0101rliecin\u0101tos, ka viss darbojas, k\u0101 paredz\u0113ts. Pareiza uzst\u0101d\u012b\u0161ana b\u016btiski ietekm\u0113 hidraulisk\u0101 cilindra efektivit\u0101ti un kalpo\u0161anas laiku.<\/p>\n<h2>Bie\u017ei sastopamie apkopes uzdevumi<\/h2>\n<h3>Regul\u0101ras p\u0101rbaudes<\/h3>\n<p>Regul\u0101ras str\u0113les cilindra p\u0101rbaudes ir \u013coti svar\u012bgas, lai nodro\u0161in\u0101tu t\u0101 efekt\u012bvu darb\u012bbu. Tas ietver nodiluma paz\u012bmju mekl\u0113\u0161anu, \u0161\u0137idruma l\u012bme\u0146a p\u0101rbaudi un nopl\u016b\u017eu uzraudz\u012bbu. Probl\u0113mu agr\u012bna atkl\u0101\u0161ana var ietaup\u012bt laiku un remonta izmaksas.<\/p>\n<h3>Pareiza e\u013c\u013co\u0161ana<\/h3>\n<p>E\u013c\u013co\u0161ana j\u0101veic saska\u0146\u0101 ar ra\u017eot\u0101ja ieteikumiem. Atbilsto\u0161a hidraulisk\u0101 \u0161\u0137idruma lieto\u0161ana samazina berzi un nodro\u0161ina vienm\u0113r\u012bg\u0101ku darb\u012bbu. Regul\u0101ra e\u013c\u013co\u0161anas l\u012bme\u0146a uzraudz\u012bba un nepiecie\u0161am\u012bbas gad\u012bjum\u0101 papildin\u0101\u0161ana ir b\u016btiska, lai uztur\u0113tu veiktsp\u0113ju.<\/p>\n<h3>Bl\u012bvju nomai\u0146as un kalibr\u0113\u0161anas p\u0101rbaudes<\/h3>\n<p>Regul\u0101ra bl\u012bv\u0113jumu nomai\u0146a pal\u012bdz nov\u0113rst hidraulisk\u0101s nopl\u016bdes un uztur\u0113t spiediena efektivit\u0101ti. Kalibr\u0113\u0161anas p\u0101rbaudes nodro\u0161ina, ka cilindrs darbojas noteiktaj\u0101s robe\u017e\u0101s. Iev\u0113rojot noteikt\u0101s bl\u012bv\u0113jumu p\u0101rbaudes un nomai\u0146as proced\u016bras, tiks uzlabots cilindra kalpo\u0161anas laiks un ekspluat\u0101cijas dro\u0161\u012bba.<\/p>\n<p><img decoding=\"async\" src=\"https:\/\/www.hydraulic-cylinders.net\/wp-content\/uploads\/2025\/04\/songte-chushion-collar.webp\" alt=\"Cilindru komponenti\" \/><\/p>\n<h2>Dro\u0161\u012bbas apsv\u0113rumi un vides faktori<\/h2>\n<p>Dro\u0161\u012bbas pas\u0101kumi hidraulisko cilindru darb\u012bbas laik\u0101 ir \u0101rk\u0101rt\u012bgi svar\u012bgi. Operatoriem vienm\u0113r j\u0101valk\u0101 atbilsto\u0161i individu\u0101lie aizsardz\u012bbas l\u012bdzek\u013ci un j\u0101nodro\u0161ina, lai darba zona b\u016btu br\u012bva no apdraud\u0113jumiem. Izpratne par str\u0113les cilindra svara ierobe\u017eojumiem un darba jaudu var pal\u012bdz\u0113t nov\u0113rst negad\u012bjumus un apr\u012bkojuma boj\u0101jumus.<\/p>\n<h2>Probl\u0113mu nov\u0113r\u0161ana un bie\u017ei sastopamas probl\u0113mas<\/h2>\n<ul>\n<li><strong>Hidraulisk\u0101 \u0161\u0137idruma nopl\u016bdes:<\/strong> P\u0101rbaudiet bl\u012bv\u0113jumu un savienojumu nodilumu. Nomainiet visas boj\u0101t\u0101s deta\u013cas, lai nov\u0113rstu hidraulisk\u0101 \u0161\u0137idruma zudumu.<\/li>\n<li><strong>Nekonsekventa kust\u012bba:<\/strong> P\u0101rbaudiet, vai hidrauliskaj\u0101s l\u012bnij\u0101s nav aizsprostojumu, un p\u0101rliecinieties, vai tiek uztur\u0113ts atbilsto\u0161s e\u013c\u013co\u0161anas l\u012bmenis.<\/li>\n<li><strong>P\u0101rkar\u0161ana:<\/strong> P\u0101rliecinieties, ka hidraulisk\u0101 sist\u0113ma nav p\u0101rslogota, un p\u0101rbaudiet, vai nav pies\u0101r\u0146ots \u0161\u0137idrums. T\u012bra hidraulisk\u0101 \u0161\u0137idruma uztur\u0113\u0161ana ir b\u016btiska sist\u0113mas vesel\u012bbai.<\/li>\n<\/ul>\n<h3>Probl\u0113mu nov\u0113r\u0161anas padomi<\/h3>\n<p>Lai efekt\u012bvi diagnostic\u0113tu un nov\u0113rstu probl\u0113mas, ir svar\u012bgi uztur\u0113t darb\u012bbas probl\u0113mu un veikt\u0101s apkopes \u017eurn\u0101lu. Regul\u0101ra operatoru apm\u0101c\u012bba par potenci\u0101lu probl\u0113mu identific\u0113\u0161anu var ar\u012b pal\u012bdz\u0113t agr\u012bn\u0101 atkl\u0101\u0161an\u0101 un risin\u0101\u0161an\u0101, samazinot d\u012bkst\u0101ves laiku.<\/p>\n<h2>Uz\u0146\u0113muma p\u0101rskats<\/h2>\n<p>M\u0113s esam atz\u012bts rezerves hidraulisko cilindru ra\u017eot\u0101js, kas pied\u0101v\u0101 pla\u0161u produktu kl\u0101stu un k\u013c\u016bst par vienu no vado\u0161ajiem ra\u017eot\u0101jiem un vairumtirgot\u0101jiem gan viet\u0113j\u0101, gan starptautiskaj\u0101 tirg\u016b. M\u016bsu ap\u0146em\u0161an\u0101s sasniegt izcil\u012bbu atspogu\u013cojas m\u016bsu lieliskaj\u0101s ra\u017eo\u0161anas darbn\u012bc\u0101s un r\u016bpniecisk\u0101s ra\u017eo\u0161anas vad\u012bbas strat\u0113\u0123ij\u0101s.<\/p>\n<p>Koncentr\u0113joties uz tehniskajiem talantiem, modern\u0101m digit\u0101laj\u0101m ra\u017eo\u0161anas iek\u0101rt\u0101m un profesion\u0101l\u0101m test\u0113\u0161anas sist\u0113m\u0101m, m\u0113s nep\u0101rtraukti uzlabojam savu ra\u017eo\u0161anas platformu. M\u016bsu sp\u0113c\u012bg\u0101s rado\u0161\u0101s sp\u0113jas \u013cauj mums apmierin\u0101t da\u017e\u0101das klientu vajadz\u012bbas ar augstu efektivit\u0101ti, precizit\u0101ti un kvalit\u0101ti.<\/p>\n<p><img decoding=\"async\" src=\"https:\/\/www.hydraulic-cylinders.net\/wp-content\/uploads\/2025\/04\/songte-company-4.webp\" alt=\"Uz\u0146\u0113muma ra\u017eo\u0161ana\" \/><br \/>\n<img decoding=\"async\" src=\"https:\/\/www.hydraulic-cylinders.net\/wp-content\/uploads\/2025\/04\/songte-company-3.webp\" alt=\"Uz\u0146\u0113muma darb\u012bba\" \/><\/p>\n<p>M\u016bsu profesion\u0101lie pakalpojumi ietver starptautiskus sertifik\u0101tus, piel\u0101gojamus risin\u0101jumus, modern\u0101k\u0101s ra\u017eo\u0161anas iek\u0101rtas un visaptvero\u0161u p\u0113cp\u0101rdo\u0161anas servisu, lai nodro\u0161in\u0101tu klientu apmierin\u0101t\u012bbu.<\/p>\n<p>Autors: lil<\/p>","protected":false},"excerpt":{"rendered":"<p>Boom Cylinder For Bonny CE1250-7 Product Overview The Boom Cylinder for Bonny CE1250-7 is a crucial component in hydraulic systems, particularly in heavy machinery. These hydraulic cylinders are designed specifically to control the movement of various heavy equipment buckets, such as those found in excavators, backhoes, and front loaders. They allow the bucket to lift, [&hellip;]<\/p>","protected":false},"featured_media":17878,"comment_status":"open","ping_status":"closed","template":"","meta":{"_et_pb_use_builder":"","_et_pb_old_content":"","_et_gb_content_width":""},"product_brand":[],"product_cat":[1546],"product_tag":[1547,1496],"class_list":{"0":"post-19660","1":"product","2":"type-product","3":"status-publish","4":"has-post-thumbnail","6":"product_cat-boom-cylinders","7":"product_tag-boom-cylinders","8":"product_tag-hydraulic-cylinders","10":"first","11":"instock","12":"shipping-taxable","13":"product-type-simple"},"amp_enabled":true,"_links":{"self":[{"href":"https:\/\/www.hydraulic-cylinders.net\/lv\/wp-json\/wp\/v2\/product\/19660","targetHints":{"allow":["GET"]}}],"collection":[{"href":"https:\/\/www.hydraulic-cylinders.net\/lv\/wp-json\/wp\/v2\/product"}],"about":[{"href":"https:\/\/www.hydraulic-cylinders.net\/lv\/wp-json\/wp\/v2\/types\/product"}],"replies":[{"embeddable":true,"href":"https:\/\/www.hydraulic-cylinders.net\/lv\/wp-json\/wp\/v2\/comments?post=19660"}],"wp:featuredmedia":[{"embeddable":true,"href":"https:\/\/www.hydraulic-cylinders.net\/lv\/wp-json\/wp\/v2\/media\/17878"}],"wp:attachment":[{"href":"https:\/\/www.hydraulic-cylinders.net\/lv\/wp-json\/wp\/v2\/media?parent=19660"}],"wp:term":[{"taxonomy":"product_brand","embeddable":true,"href":"https:\/\/www.hydraulic-cylinders.net\/lv\/wp-json\/wp\/v2\/product_brand?post=19660"},{"taxonomy":"product_cat","embeddable":true,"href":"https:\/\/www.hydraulic-cylinders.net\/lv\/wp-json\/wp\/v2\/product_cat?post=19660"},{"taxonomy":"product_tag","embeddable":true,"href":"https:\/\/www.hydraulic-cylinders.net\/lv\/wp-json\/wp\/v2\/product_tag?post=19660"}],"curies":[{"name":"wp","href":"https:\/\/api.w.org\/{rel}","templated":true}]}}