{"id":19663,"date":"2025-04-07T07:00:25","date_gmt":"2025-04-07T07:00:25","guid":{"rendered":"https:\/\/www.hydraulic-cylinders.net\/product\/boom-cylinder-for-bonny-ced460-8-ced480-9\/"},"modified":"2025-04-07T07:00:28","modified_gmt":"2025-04-07T07:00:28","slug":"boom-cylinder-for-bonny-ced460-8-ced480-9","status":"publish","type":"product","link":"https:\/\/www.hydraulic-cylinders.net\/lv\/products\/boom-cylinder-for-bonny-ced460-8-ced480-9\/","title":{"rendered":"Str\u0113les cilindrs Bonny CED460-8\/CED480-9 modelim"},"content":{"rendered":"<h1>Str\u0113les cilindrs Bonny CED460-8\/CED480-9 modelim<\/h1>\n<h2>Produkta p\u0101rskats<\/h2>\n<p>Str\u0113les cilindrs ir b\u016btiska sast\u0101vda\u013ca, ko izmanto smagaj\u0101s ma\u0161\u012bn\u0101s, un tas ir \u012bpa\u0161i paredz\u0113ts kausu kust\u012bbas vad\u012bbai ekskavatoros, ekskavatoros-iekr\u0101v\u0113jos un front\u0101lajos iekr\u0101v\u0113jos. \u0160is hidrauliskais cilindrs \u013cauj operatoriem efekt\u012bvi pacelt, nolaist un noliekt kausu, atvieglojot da\u017e\u0101dus materi\u0101lu apstr\u0101des uzdevumus. Kausa cilindrs, kas ir hidraulisk\u0101 cilindra veids, darbojas, p\u0101rveidojot hidraulisko ener\u0123iju meh\u0101nisk\u0101 ener\u0123ij\u0101, lai prec\u012bzi p\u0101rvietotu kausu.<\/p>\n<p><img decoding=\"async\" src=\"https:\/\/www.hydraulic-cylinders.net\/wp-content\/uploads\/2025\/04\/songte-company-1.webp\" alt=\"Str\u0113les cilindrs\" \/><\/p>\n<h3>Kausa cilindru izpratne<\/h3>\n<p>Kausa cilindriem ir iz\u0161\u0137iro\u0161a noz\u012bme hidrauliskaj\u0101s sist\u0113m\u0101s, nodro\u0161inot efekt\u012bvu darb\u012bbu b\u016bvniec\u012bbas un lauksaimniec\u012bbas ma\u0161\u012bn\u0101s. Tie darbojas, izmantojot hidraulisk\u0101s e\u013c\u013cas spiedienu, nodro\u0161inot vienm\u0113r\u012bgas izstiep\u0161anas un ievilk\u0161anas kust\u012bbas. \u0160\u012b funkcionalit\u0101te ir \u013coti svar\u012bga t\u0101diem uzdevumiem k\u0101 rak\u0161ana, cel\u0161ana un materi\u0101lu transport\u0113\u0161ana, padarot tos neaizst\u0101jamus lieljaudas lietojumos.<\/p>\n<h2>Str\u0113les cilindra \u012bpa\u0161\u012bbas<\/h2>\n<ul>\n<li><strong>Augsta iztur\u012bba un ilgm\u016b\u017e\u012bba:<\/strong> \u0160ie cilindri ir izgatavoti no augstas stipr\u012bbas t\u0113rauda vai alum\u012bnija, un tie var iztur\u0113t augstu spiedienu un lielas slodzes, vienlaikus piel\u0101gojoties skarbajai darba videi. Tie ir izstr\u0101d\u0101ti, \u0146emot v\u0113r\u0101 nodilumiztur\u012bbu un korozijas iztur\u012bbu, pagarinot to kalpo\u0161anas laiku.<\/li>\n<li><strong>Efekt\u012bva hidraulisk\u0101 darb\u012bba:<\/strong> Cilindrs izmanto hidraulisk\u0101s e\u013c\u013cas spiedienu, lai nodro\u0161in\u0101tu vienm\u0113r\u012bgu izvilk\u0161anu un ievilk\u0161anu, \u0101tri rea\u0123\u0113jot uz operatora komand\u0101m un nodro\u0161inot sp\u0113c\u012bgus stum\u0161anas un vilk\u0161anas sp\u0113kus, kas ir ide\u0101li piem\u0113roti smagu un sare\u017e\u0123\u012btu uzdevumu veik\u0161anai.<\/li>\n<li><strong>Da\u017e\u0101di veidi:<\/strong> Pieejams vienk\u0101r\u0161\u0101s darb\u012bbas (izmantojot hidraulisko sp\u0113ku vien\u0101 virzien\u0101) vai divk\u0101r\u0161\u0101s darb\u012bbas (izmantojot hidraulisko sp\u0113ku abos virzienos) konfigur\u0101cij\u0101s, kas \u013cauj apmierin\u0101t da\u017e\u0101das ekspluat\u0101cijas vajadz\u012bbas. Da\u017ei mode\u013ci ir teleskopiski, kas nodro\u0161ina liel\u0101ku pagarin\u0101jumu, nepalielinot \u0101r\u0113jos izm\u0113rus, kas ir izdev\u012bgi lietojumos ar ierobe\u017eotu vietu.<\/li>\n<\/ul>\n<p>M\u0113s varam ra\u017eot \u0161o produktu, un m\u016bsu pied\u0101v\u0101jums lieliski aizst\u0101j \u0161os hidrauliskos cilindrus.<\/p>\n<p><img decoding=\"async\" src=\"https:\/\/www.hydraulic-cylinders.net\/wp-content\/uploads\/2025\/04\/songte-cylinder-head-with-all-kinds-excavator-models.webp\" alt=\"Cilindra galva\" \/><\/p>\n<h2>Str\u0113les cilindra pielietojumi<\/h2>\n<h3>Celtniec\u012bbas apr\u012bkojums<\/h3>\n<p>Ekskavatoros str\u0113les cilindri ir b\u016btiski augsnes vai gru\u017eu rak\u0161anai, iekrau\u0161anai un p\u0101rvieto\u0161anai. Tie nodro\u0161ina nepiecie\u0161amo sp\u0113ku, lai iek\u013c\u016btu zem\u0113 un efekt\u012bvi paceltu materi\u0101lus. L\u012bdz\u012bgi ekskavatoros-iekr\u0101v\u0113jos kausa cilindrs pal\u012bdz gan rak\u0161anas, gan cel\u0161anas oper\u0101cij\u0101s, maksim\u0101li palielinot produktivit\u0101ti darba viet\u0101s.<\/p>\n<h3>Lauksaimniec\u012bbas tehnika<\/h3>\n<p>Front\u0101lajos iekr\u0101v\u0113jos \u0161ie cilindri ir \u013coti svar\u012bgi augsnes, siena un citu materi\u0101lu sav\u0101k\u0161anai, cel\u0161anai un transport\u0113\u0161anai. To uzticam\u0101 veiktsp\u0113ja padara tos neaizst\u0101jamus lauksaimniec\u012bbas darbos, kur savlaic\u012bga materi\u0101lu apstr\u0101de ir kritiski svar\u012bga saimniec\u012bbas darb\u012bbai.<\/p>\n<h3>Ekskavatori<\/h3>\n<p>Kausa cilindrs \u013cauj kausam iek\u013c\u016bt augsn\u0113, nodro\u0161inot efekt\u012bvas rak\u0161anas darb\u012bbas. \u0160\u012b sp\u0113ja iev\u0113rojami uzlabo rak\u0161anas procesu, nodro\u0161inot, ka uzdevumi tiek paveikti efekt\u012bvi un v\u0113lamajos termi\u0146os.<\/p>\n<h3>Iekr\u0101v\u0113ji<\/h3>\n<p>Front\u0101lajos iekr\u0101v\u0113jos str\u0113les cilindri pal\u012bdz efekt\u012bvi pacelt un izg\u0101zt kravas, nodro\u0161inot, ka materi\u0101li tiek p\u0101rvietoti \u0101tri un prec\u012bzi. To iztur\u012bg\u0101 konstrukcija pal\u012bdz veikt uzdevumus, kuriem nepiecie\u0161ams iev\u0113rojams cel\u0161anas sp\u0113ks.<\/p>\n<h2>Dizaina apsv\u0113rumi un atlases krit\u0113riji<\/h2>\n<h3>Kravnes\u012bba<\/h3>\n<p>Izv\u0113loties str\u0113les cilindru, \u0101rk\u0101rt\u012bgi svar\u012bgi ir izprast kravnes\u012bbu. Hidrauliskajam cilindram j\u0101sp\u0113j iztur\u0113t maksim\u0101lo slodzi, ar ko tas saskarsies darb\u012bbas laik\u0101. Tas nodro\u0161ina ne tikai efektivit\u0101ti, bet ar\u012b dro\u0161\u012bbu lieto\u0161anas laik\u0101. Ra\u017eot\u0101ji bie\u017ei sniedz specifik\u0101cijas, kur\u0101s s\u012bki aprakst\u012bti slodzes ierobe\u017eojumi, kas j\u0101iev\u0113ro, lai nodro\u0161in\u0101tu optim\u0101lu veiktsp\u0113ju.<\/p>\n<h3>Bl\u012bv\u0113\u0161ana<\/h3>\n<p>Efekt\u012bvs bl\u012bv\u0113jums ir \u013coti svar\u012bgs hidrauliskajiem cilindriem, lai nov\u0113rstu \u0161\u0137idruma nopl\u016bdi. Bl\u012bv\u0113jumu izv\u0113le var iev\u0113rojami ietekm\u0113t cilindra ilgm\u016b\u017e\u012bbu un efektivit\u0101ti. Ieteicams izmantot augstas kvalit\u0101tes bl\u012bv\u0113jumus, kas izgatavoti no t\u0101diem materi\u0101liem k\u0101 poliuret\u0101ns vai nitrilgumija, jo tiem ir lieliska nodilumiztur\u012bba.<\/p>\n<h3>Iztur\u012bba<\/h3>\n<p>Iztur\u012bba ir galvenais aspekts, izv\u0113loties str\u0113les cilindru, \u012bpa\u0161i sare\u017e\u0123\u012btos apst\u0101k\u013cos. Cilindriem j\u0101b\u016bt konstru\u0113tiem t\u0101, lai tie iztur\u0113tu skarbus apst\u0101k\u013cus, tostarp ekstrem\u0101las temperat\u016bras un elementu iedarb\u012bbu. Regul\u0101ras p\u0101rbaudes un augstas kvalit\u0101tes materi\u0101lu izv\u0113le var uzlabot produkta iztur\u012bbu.<\/p>\n<h3>Dro\u0161\u012bba<\/h3>\n<p>Dro\u0161\u012bbas funkcijas ir neat\u0146emama hidraulisko cilindru konstrukcijas sast\u0101vda\u013ca. Tas ietver dro\u0161\u012bbas v\u0101rstu un spiediena samazin\u0101\u0161anas meh\u0101nismu iek\u013cau\u0161anu, lai nov\u0113rstu p\u0101rslodzi un iesp\u0113jamus boj\u0101jumus. Regul\u0101ras apkopes p\u0101rbaudes var v\u0113l vair\u0101k mazin\u0101t ar hidrauliskajiem darb\u012bbas trauc\u0113jumiem saist\u012btos riskus.<\/p>\n<h3>Apkope un izmantojam\u012bba<\/h3>\n<p>Izv\u0113loties str\u0113les cilindru, j\u0101\u0146em v\u0113r\u0101 t\u0101 apkopes un apkalpojam\u012bbas vienk\u0101r\u0161\u012bba. T\u0101das funkcijas k\u0101 viegli pieejamas deta\u013cas p\u0101rbaud\u0113m un modifik\u0101cij\u0101m var iev\u0113rojami samazin\u0101t d\u012bkst\u0101ves laiku un remonta izmaksas. Lietot\u0101jiem j\u0101b\u016bt ar\u012b vadl\u012bnij\u0101m par regul\u0101ru apkopi, lai nodro\u0161in\u0101tu cilindra optim\u0101lu darba st\u0101vokli.<\/p>\n<p><img decoding=\"async\" src=\"https:\/\/www.hydraulic-cylinders.net\/wp-content\/uploads\/2025\/04\/songte-oil-pipes-and-spare-parts.webp\" alt=\"E\u013c\u013cas caurules un rezerves da\u013cas\" \/><\/p>\n<h2>Bl\u012bv\u0113\u0161ana un e\u013c\u013co\u0161ana<\/h2>\n<p>Pareiza bl\u012bv\u0113\u0161ana un e\u013c\u013co\u0161ana ir kritiski svar\u012bga hidraulisko cilindru efekt\u012bvai darb\u012bbai. Lai nodro\u0161in\u0101tu hidraulisk\u0101 \u0161\u0137idruma notur\u0113\u0161anu cilindr\u0101, tiek izmantoti da\u017e\u0101di bl\u012bv\u0113\u0161anas komponenti, piem\u0113ram, virzu\u013ca bl\u012bv\u0113jumi un stie\u0146a bl\u012bv\u0113jumi. Nodilumiztur\u012bgu materi\u0101lu, piem\u0113ram, poliuret\u0101na un nitrila gumijas, izv\u0113le bl\u012bv\u0113m ir b\u016btiska, lai saglab\u0101tu cilindra integrit\u0101ti. Turkl\u0101t cilindra korpuss un v\u012bt\u0146ot\u0101s gala virsmas ir r\u016bp\u012bgi j\u0101apstr\u0101d\u0101, lai uzlabotu nodilumiztur\u012bbu. Regul\u0101ra e\u013c\u013co\u0161ana ar hidraulisko e\u013c\u013cu ir nepiecie\u0161ama, lai samazin\u0101tu berzi un nodilumu, nodro\u0161inot cilindra vienm\u0113r\u012bgu darb\u012bbu un ilgm\u016b\u017e\u012bbu.<\/p>\n<h2>Prevent\u012bvie apkopes pas\u0101kumi<\/h2>\n<ul>\n<li><strong>Regul\u0101ras p\u0101rbaudes:<\/strong> Veiciet regul\u0101ras vizu\u0101las un funkcion\u0101las p\u0101rbaudes, lai identific\u0113tu jebk\u0101das nopl\u016bdes vai nodiluma paz\u012bmes. \u0160\u012b proakt\u012bv\u0101 pieeja pal\u012bdz laikus atkl\u0101t potenci\u0101l\u0101s probl\u0113mas, samazinot k\u013c\u016bmju risku.<\/li>\n<li><strong>Pareiza e\u013c\u013co\u0161ana:<\/strong> P\u0101rliecinieties, vai hidraulisk\u0101s e\u013c\u013cas l\u012bmenis ir pietiekams un vai e\u013c\u013co\u0161ana tiek veikta saska\u0146\u0101 ar ra\u017eot\u0101ja vadl\u012bnij\u0101m. Tas pal\u012bdz\u0113s saglab\u0101t cilindra veiktsp\u0113ju un ilgm\u016b\u017e\u012bbu.<\/li>\n<li><strong>Bl\u012bv\u0113juma nomai\u0146a:<\/strong> Regul\u0101ri p\u0101rbaudiet un nomainiet bl\u012bves, ja nepiecie\u0161ams, lai nov\u0113rstu nopl\u016bdes un uztur\u0113tu hidraulisk\u0101s sist\u0113mas efektivit\u0101ti.<\/li>\n<\/ul>\n<h2>Uzst\u0101d\u012b\u0161anas vadl\u012bnijas<\/h2>\n<p>Pareiza str\u0113les cilindra uzst\u0101d\u012b\u0161ana ir \u013coti svar\u012bga, lai nodro\u0161in\u0101tu t\u0101 efekt\u012bvu darb\u012bbu. Pirms jebk\u0101du uzst\u0101d\u012b\u0161anas darbu veik\u0161anas p\u0101rliecinieties, vai hidrauliskaj\u0101 sist\u0113m\u0101 nav spiediena. Pareizi izl\u012bdziniet cilindru ar mont\u0101\u017eas kron\u0161teiniem, p\u0101rliecinoties, ka tas ir dro\u0161i nostiprin\u0101ts. Izmantojiet atbilsto\u0161us stiprin\u0101juma elementus, lai nov\u0113rstu jebk\u0101du kust\u012bbu darb\u012bbas laik\u0101. Ir svar\u012bgi ar\u012b p\u0101rbaud\u012bt hidrauliskos savienojumus un p\u0101rliecin\u0101ties, ka tie nav nopl\u016b\u017eu pilni. Uzst\u0101d\u012b\u0161anas laik\u0101 iev\u0113rojiet visas ra\u017eot\u0101ja specifik\u0101cijas un vadl\u012bnijas, lai garant\u0113tu optim\u0101lu veiktsp\u0113ju un dro\u0161\u012bbu. Visbeidzot, p\u0113c uzst\u0101d\u012b\u0161anas veiciet testa braucienu, lai p\u0101rliecin\u0101tos, ka cilindrs darbojas vienm\u0113r\u012bgi un efekt\u012bvi.<\/p>\n<p><img decoding=\"async\" src=\"https:\/\/www.hydraulic-cylinders.net\/wp-content\/uploads\/2025\/04\/songte-chushion-collar.webp\" alt=\"Spilvenu apkakle\" \/><\/p>\n<h2>Bie\u017ei sastopamie apkopes uzdevumi<\/h2>\n<h3>Regul\u0101ras p\u0101rbaudes<\/h3>\n<p>Izveidojiet rut\u012bnu str\u0113les cilindra p\u0101rbaudei, lai identific\u0113tu visas iesp\u0113jam\u0101s probl\u0113mas, pirms t\u0101s saasin\u0101s. Tas ietver nopl\u016b\u017eu p\u0101rbaudi, bl\u012bv\u0113jumu p\u0101rbaudi un pietiekama hidraulisk\u0101 \u0161\u0137idruma l\u012bme\u0146a nodro\u0161in\u0101\u0161anu. Regul\u0101ras p\u0101rbaudes pal\u012bdz\u0113s uztur\u0113t maksim\u0101lu veiktsp\u0113ju un nov\u0113rst d\u0101rgus remontdarbus.<\/p>\n<h3>Piem\u0113rota e\u013c\u013co\u0161ana<\/h3>\n<p>Pareiza hidraulisk\u0101 cilindra e\u013c\u013co\u0161ana ir \u013coti svar\u012bga, lai samazin\u0101tu berzi un nodilumu. Uzkl\u0101jiet hidraulisko e\u013c\u013cu, k\u0101 ieteicis ra\u017eot\u0101js, un p\u0101rliecinieties, ka e\u013c\u013co\u0161ana ir vienm\u0113r\u012bga vis\u0101 cilindr\u0101. \u0160\u012b prakse iev\u0113rojami veicina cilindra darb\u012bbas ilgm\u016b\u017e\u012bbu un efektivit\u0101ti.<\/p>\n<h3>Bl\u012bv\u0113juma nomai\u0146a un kalibr\u0113\u0161ana<\/h3>\n<p>Laika gait\u0101 bl\u012bves var nolietoties un t\u0101s ir j\u0101nomaina, lai saglab\u0101tu hidraulisko efektivit\u0101ti. Regul\u0101ri nov\u0113rt\u0113jiet bl\u012bvju st\u0101vokli un nomainiet t\u0101s p\u0113c nepiecie\u0161am\u012bbas. Hidraulisk\u0101s sist\u0113mas kalibr\u0113\u0161ana nodro\u0161ina, ka cilindrs darbojas atbilsto\u0161i noteiktaj\u0101m specifik\u0101cij\u0101m, uzlabojot veiktsp\u0113ju un dro\u0161\u012bbu. Pareiza cilindra uzst\u0101d\u012b\u0161ana, e\u013c\u013co\u0161ana un regul\u0113\u0161ana ir \u013coti svar\u012bga, lai saglab\u0101tu t\u0101 ilgm\u016b\u017e\u012bbu.<\/p>\n<h2>Dro\u0161\u012bbas apsv\u0113rumi un vides faktori<\/h2>\n<p>Str\u0101d\u0101jot ar hidrauliskajiem cilindriem, nedr\u012bkst ignor\u0113t dro\u0161\u012bbas pas\u0101kumus. P\u0101rliecinieties, ka visi operatori ir apm\u0101c\u012bti dro\u0161\u0101 hidraulisko iek\u0101rtu lieto\u0161an\u0101 un izprot iesp\u0113jamos apdraud\u0113jumus, kas saist\u012bti ar augstspiediena sist\u0113m\u0101m. Izmantojiet atbilsto\u0161us individu\u0101los aizsardz\u012bbas l\u012bdzek\u013cus (IAL) un iev\u0113rojiet visas ra\u017eot\u0101ja sniegt\u0101s dro\u0161\u012bbas vadl\u012bnijas. Turkl\u0101t ekspluat\u0101cijas laik\u0101 \u0146emiet v\u0113r\u0101 vides faktorus; izvairieties no hidraulisko cilindru lieto\u0161anas ekstrem\u0101los apst\u0101k\u013cos, kas var\u0113tu apdraud\u0113t to veiktsp\u0113ju vai dro\u0161\u012bbu. Regul\u0101ra apkope un dro\u0161\u012bbas protokolu iev\u0113ro\u0161ana iev\u0113rojami samazin\u0101s riskus un uzlabos ekspluat\u0101cijas dro\u0161\u012bbu.<\/p>\n<h2>Probl\u0113mu nov\u0113r\u0161ana un bie\u017ei sastopamas probl\u0113mas<\/h2>\n<ul>\n<li><strong>Nopl\u016bde:<\/strong> Ja paman\u0101t hidraulisk\u0101 \u0161\u0137idruma nopl\u016bdi no cilindra, p\u0101rbaudiet bl\u012bves un savienojumus. Nomainiet nolietot\u0101s bl\u012bves un p\u0101rliecinieties, vai visi savienojumi ir cie\u0161i piegu\u013co\u0161i.<\/li>\n<li><strong>L\u0113na darb\u012bba:<\/strong> Tas var liecin\u0101t par zemu hidraulisk\u0101 \u0161\u0137idruma l\u012bmeni vai pies\u0101r\u0146ojumu. P\u0101rbaudiet \u0161\u0137idruma l\u012bmeni un kvalit\u0101ti; ja nepiecie\u0161ams, nomainiet.<\/li>\n<li><strong>Neparastas ska\u0146as:<\/strong> Sl\u012bpo\u0161a vai klabo\u0161a ska\u0146a var liecin\u0101t par meh\u0101nisk\u0101m probl\u0113m\u0101m cilindr\u0101. \u0160\u0101dos gad\u012bjumos nekav\u0113joties p\u0101rtrauciet darb\u012bbu un p\u0101rbaudiet, vai nav boj\u0101jumu.<\/li>\n<\/ul>\n<h2>Probl\u0113mu risin\u0101\u0161anas padomi<\/h2>\n<p>Lai efekt\u012bvi risin\u0101tu probl\u0113mas ar hidrauliskajiem cilindriem, s\u0101ciet ar r\u016bp\u012bgu probl\u0113mas diagnostiku, pamatojoties uz simptomiem. Izmantojiet ra\u017eot\u0101ja probl\u0113mu nov\u0113r\u0161anas rokasgr\u0101matu, ja t\u0101da ir pieejama, un nevilcinieties konsult\u0113ties ar speci\u0101listu, ja rodas sare\u017e\u0123\u012btas probl\u0113mas. Prevent\u012bvie pas\u0101kumi, piem\u0113ram, regul\u0101ra apkope un savlaic\u012bgas p\u0101rbaudes, ir galvenie, lai samazin\u0101tu potenci\u0101l\u0101s probl\u0113mas. Saglab\u0101jot modr\u012bbu un proakt\u012bvu r\u012bc\u012bbu, j\u016bs varat nodro\u0161in\u0101t, ka j\u016bsu hidraulisk\u0101s sist\u0113mas turpina darboties nevainojami un efekt\u012bvi.<\/p>\n<p><img decoding=\"async\" src=\"https:\/\/www.hydraulic-cylinders.net\/wp-content\/uploads\/2025\/04\/songte-bushings-with-all-kinds-of-excavator-models.webp\" alt=\"Bukses\" \/><\/p>\n<h2>Par m\u016bsu uz\u0146\u0113mumu<\/h2>\n<p>M\u0113s esam vado\u0161ais hidraulisko cilindru ra\u017eot\u0101js un vairumtirgot\u0101js, kas pied\u0101v\u0101 pla\u0161u produktu kl\u0101stu gan viet\u0113jiem, gan starptautiskajiem tirgiem. M\u016bsu ap\u0146em\u0161anos nodro\u0161in\u0101t izcil\u012bbu kvalit\u0101t\u0113 atbalsta pilnveidota ra\u017eo\u0161anas vad\u012bbas strat\u0113\u0123ija m\u016bsu darbn\u012bc\u0101s. M\u0113s past\u0101v\u012bgi uzlabojam savas ra\u017eo\u0161anas iesp\u0113jas, izmantojot progres\u012bvas tehnolo\u0123ijas, kvalific\u0113tu person\u0101lu un stingras test\u0113\u0161anas sist\u0113mas. M\u016bsu m\u0113r\u0137is ir apmierin\u0101t da\u017e\u0101das klientu vajadz\u012bbas, vienlaikus iev\u0113rojot augstas efektivit\u0101tes, precizit\u0101tes un kvalit\u0101tes principus.<\/p>\n<h3>Profesionalit\u0101te<\/h3>\n<p>M\u016bsu komandu veido nozares eksperti, kas ir ap\u0146\u0113mu\u0161ies pieg\u0101d\u0101t augst\u0101k\u0101s klases hidrauliskos cilindrus. M\u0113s priorit\u0101ri izvirz\u0101m klientu vajadz\u012bbas un past\u0101v\u012bgi ievie\u0161am jaunin\u0101jumus, lai uzlabotu m\u016bsu pied\u0101v\u0101jumus.<\/p>\n<h3>Starptautisk\u0101 sertifik\u0101cija<\/h3>\n<p>M\u0113s iev\u0113rojam starptautiskos standartus un esam sa\u0146\u0113mu\u0161i atbilsto\u0161us sertifik\u0101tus, kas nodro\u0161ina, ka m\u016bsu produkti atbilst visaugst\u0101kaj\u0101m kvalit\u0101tes un dro\u0161\u012bbas pras\u012bb\u0101m.<\/p>\n<h3>Piel\u0101goti pakalpojumi<\/h3>\n<p>M\u0113s pied\u0101v\u0101jam piel\u0101gotus risin\u0101jumus, kas piel\u0101goti konkr\u0113t\u0101m pras\u012bb\u0101m, \u013caujot mums apmierin\u0101t pla\u0161u pielietojumu un klientu v\u0113lmju kl\u0101stu.<\/p>\n<h3>Ra\u017eo\u0161anas iek\u0101rtas<\/h3>\n<p>M\u016bsu modern\u0101k\u0101s ra\u017eo\u0161anas iek\u0101rtas nodro\u0161ina prec\u012bzu ra\u017eo\u0161anu, t\u0101d\u0113j\u0101di veicinot m\u016bsu hidraulisko cilindru visp\u0101r\u0113jo kvalit\u0101ti un uzticam\u012bbu.<\/p>\n<h3>P\u0113cp\u0101rdo\u0161anas serviss<\/h3>\n<p>M\u0113s pied\u0101v\u0101jam visaptvero\u0161u p\u0113cp\u0101rdo\u0161anas atbalstu, nodro\u0161inot, ka m\u016bsu klienti sa\u0146em pal\u012bdz\u012bbu ikreiz, kad t\u0101 nepiecie\u0161ama. M\u016bsu ap\u0146em\u0161an\u0101s sniegt pakalpojumus sniedzas t\u0101l\u0101k par p\u0101rdo\u0161anu, pal\u012bdzot m\u016bsu klientiem efekt\u012bvi uztur\u0113t savu apr\u012bkojumu.<\/p>\n<p><img decoding=\"async\" src=\"https:\/\/www.hydraulic-cylinders.net\/wp-content\/uploads\/2025\/04\/songte-company-4.webp\" alt=\"Uz\u0146\u0113muma p\u0101rskats\" \/><br \/>\n<img decoding=\"async\" src=\"https:\/\/www.hydraulic-cylinders.net\/wp-content\/uploads\/2025\/04\/songte-company-3.webp\" alt=\"Uz\u0146\u0113muma telpas\" \/><\/p>\n<p>Autors: lil<\/p>","protected":false},"excerpt":{"rendered":"<p>Boom Cylinder For Bonny CED460-8\/CED480-9 Product Overview The Boom Cylinder is an essential component used in heavy machinery, specifically designed for controlling the motion of buckets in excavators, backhoe loaders, and front-end loaders. This hydraulic cylinder allows operators to lift, lower, and tilt the bucket effectively, facilitating various material handling tasks. The bucket cylinder, a [&hellip;]<\/p>","protected":false},"featured_media":17881,"comment_status":"open","ping_status":"closed","template":"","meta":{"_et_pb_use_builder":"","_et_pb_old_content":"","_et_gb_content_width":""},"product_brand":[],"product_cat":[1546],"product_tag":[1547,1496],"class_list":{"0":"post-19663","1":"product","2":"type-product","3":"status-publish","4":"has-post-thumbnail","6":"product_cat-boom-cylinders","7":"product_tag-boom-cylinders","8":"product_tag-hydraulic-cylinders","10":"first","11":"instock","12":"shipping-taxable","13":"product-type-simple"},"amp_enabled":true,"_links":{"self":[{"href":"https:\/\/www.hydraulic-cylinders.net\/lv\/wp-json\/wp\/v2\/product\/19663","targetHints":{"allow":["GET"]}}],"collection":[{"href":"https:\/\/www.hydraulic-cylinders.net\/lv\/wp-json\/wp\/v2\/product"}],"about":[{"href":"https:\/\/www.hydraulic-cylinders.net\/lv\/wp-json\/wp\/v2\/types\/product"}],"replies":[{"embeddable":true,"href":"https:\/\/www.hydraulic-cylinders.net\/lv\/wp-json\/wp\/v2\/comments?post=19663"}],"wp:featuredmedia":[{"embeddable":true,"href":"https:\/\/www.hydraulic-cylinders.net\/lv\/wp-json\/wp\/v2\/media\/17881"}],"wp:attachment":[{"href":"https:\/\/www.hydraulic-cylinders.net\/lv\/wp-json\/wp\/v2\/media?parent=19663"}],"wp:term":[{"taxonomy":"product_brand","embeddable":true,"href":"https:\/\/www.hydraulic-cylinders.net\/lv\/wp-json\/wp\/v2\/product_brand?post=19663"},{"taxonomy":"product_cat","embeddable":true,"href":"https:\/\/www.hydraulic-cylinders.net\/lv\/wp-json\/wp\/v2\/product_cat?post=19663"},{"taxonomy":"product_tag","embeddable":true,"href":"https:\/\/www.hydraulic-cylinders.net\/lv\/wp-json\/wp\/v2\/product_tag?post=19663"}],"curies":[{"name":"wp","href":"https:\/\/api.w.org\/{rel}","templated":true}]}}