{"id":19665,"date":"2025-04-07T07:00:30","date_gmt":"2025-04-07T07:00:30","guid":{"rendered":"https:\/\/www.hydraulic-cylinders.net\/product\/boom-cylinder-for-nhig-atlas2606lc\/"},"modified":"2025-04-07T07:00:33","modified_gmt":"2025-04-07T07:00:33","slug":"boom-cylinder-for-nhig-atlas2606lc","status":"publish","type":"product","link":"https:\/\/www.hydraulic-cylinders.net\/lv\/products\/boom-cylinder-for-nhig-atlas2606lc\/","title":{"rendered":"Str\u0113les cilindrs NHIG ATLAS2606LC"},"content":{"rendered":"<h1>Str\u0113les cilindrs NHIG ATLAS2606LC<\/h1>\n<h2>Produkta p\u0101rskats<\/h2>\n<p>NHIG ATLAS2606LC str\u0113les cilindrs ir b\u016btiska sast\u0101vda\u013ca hidrauliskaj\u0101s sist\u0113m\u0101s, ko izmanto smagaj\u0101s ma\u0161\u012bn\u0101s. \u0160is hidrauliskais cilindrs ir \u012bpa\u0161i izstr\u0101d\u0101ts, lai kontrol\u0113tu kausa kust\u012bbu da\u017e\u0101d\u0101s smag\u0101s ma\u0161\u012bn\u0101s, piem\u0113ram, ekskavatoros, ekskavatoros-iekr\u0101v\u0113jos un front\u0101lajos iekr\u0101v\u0113jos. Tas \u013cauj kausam pacelties, nolaisties un noliekties, atvieglojot efekt\u012bvus materi\u0101lu apstr\u0101des uzdevumus.<\/p>\n<p><img decoding=\"async\" src=\"https:\/\/www.hydraulic-cylinders.net\/wp-content\/uploads\/2025\/04\/songte-company-1.webp\" alt=\"Hidrauliskais cilindrs\" \/><\/p>\n<h3>Defin\u012bcija un funkcija<\/h3>\n<p>Kausa cilindrs ir hidraulisk\u0101 cilindra veids, kam ir iz\u0161\u0137iro\u0161a noz\u012bme celtniec\u012bbas tehnikas darb\u012bb\u0101. T\u0101 galven\u0101 funkcija ir p\u0101rvald\u012bt pie ma\u0161\u012bnas piestiprin\u0101t\u0101 kausa pozicion\u0113\u0161anu. \u0160ie cilindri darbojas, izmantojot hidraulisk\u0101 \u0161\u0137idruma spiedienu, lai rad\u012btu sp\u0113ku, kas \u013cauj kontrol\u0113ti p\u0101rvietot smagas kravas. B\u016bt\u012bb\u0101 tie ir neat\u0146emama ekskavatoru un iekr\u0101v\u0113ju veikto rak\u0161anas, cel\u0161anas un izg\u0101\u0161anas darb\u012bbu sast\u0101vda\u013ca, nodro\u0161inot vienm\u0113r\u012bgas un prec\u012bzas darb\u012bbas darb\u012bbas laik\u0101.<\/p>\n<h2>Galven\u0101s iez\u012bmes<\/h2>\n<ul>\n<li><strong>Augsta iztur\u012bba un ilgm\u016b\u017e\u012bba:<\/strong> \u0160ie cilindri ir izgatavoti no augstas stipr\u012bbas t\u0113rauda vai alum\u012bnija, un tie iztur augstu spiedienu un lielas slodzes, kas ir ide\u0101li piem\u0113roti skarbajiem darba apst\u0101k\u013ciem.<\/li>\n<li><strong>Efekt\u012bva hidraulisk\u0101 darb\u012bba:<\/strong> Cilindri izmanto hidraulisk\u0101 \u0161\u0137idruma spiedienu, lai nodro\u0161in\u0101tu vienm\u0113r\u012bgu izvirz\u012b\u0161anos un ievilk\u0161anu, \u013caujot \u0101tri rea\u0123\u0113t uz operatora komand\u0101m.<\/li>\n<li><strong>Da\u017e\u0101di veidi:<\/strong> Pieejams vienk\u0101r\u0161\u0101s vai divk\u0101r\u0161\u0101s darb\u012bbas konfigur\u0101cij\u0101s, nodro\u0161inot piel\u0101go\u0161an\u0101s sp\u0113ju da\u017e\u0101d\u0101m ekspluat\u0101cijas vajadz\u012bb\u0101m.<\/li>\n<li><strong>Telpu taupo\u0161s dizains:<\/strong> Da\u017eiem mode\u013ciem ir teleskopiska konstrukcija, kas \u013cauj tos pagarin\u0101t, nepalielinot \u0101r\u0113jos izm\u0113rus, padarot tos piem\u0113rotus lieto\u0161anai ierobe\u017eot\u0101 telp\u0101.<\/li>\n<li><strong>Korozijas iztur\u012bba:<\/strong> Izstr\u0101d\u0101ts ar nodilumiztur\u012bg\u0101m un korozijiztur\u012bg\u0101m \u012bpa\u0161\u012bb\u0101m, pagarinot cilindra ekspluat\u0101cijas laiku.<\/li>\n<\/ul>\n<p>M\u016bsu uz\u0146\u0113mums specializ\u0113jas \u0161\u012b produkta ra\u017eo\u0161an\u0101, nodro\u0161inot perfektu hidraulisko cilindru aizvieto\u0161anu.<\/p>\n<p><img decoding=\"async\" src=\"https:\/\/www.hydraulic-cylinders.net\/wp-content\/uploads\/2025\/04\/songte-cylinder-head-with-all-kinds-excavator-models.webp\" alt=\"Ekskavatoru mode\u013ci\" \/><\/p>\n<h2>Pieteikumi<\/h2>\n<h3>Celtniec\u012bbas apr\u012bkojums<\/h3>\n<p>Ekskavatoros str\u0113les cilindri ir \u013coti svar\u012bgi rak\u0161anai, iekrau\u0161anai un augsnes vai gru\u017eu p\u0101rvieto\u0161anai. Tie atvieglo rak\u0161anas kust\u012bbu, \u013caujot kausam efekt\u012bvi iek\u013c\u016bt zem\u0113. To nodro\u0161in\u0101t\u0101 hidraulisk\u0101 jauda \u013cauj operatoram prec\u012bzi pacelt un novietot smagas kravas, uzlabojot produktivit\u0101ti darba viet\u0101.<\/p>\n<h3>Lauksaimniec\u012bbas tehnika<\/h3>\n<p>Front\u0101lajos iekr\u0101v\u0113jos str\u0113les cilindrus izmanto augsnes, siena un citu materi\u0101lu sav\u0101k\u0161anai, pacel\u0161anai un transport\u0113\u0161anai. Iesp\u0113ja regul\u0113t kausa le\u0146\u0137i nodro\u0161ina efekt\u012bvu iekrau\u0161anu un izkrau\u0161anu, padarot \u0161os cilindrus par vit\u0101li svar\u012bgiem lauksaimniec\u012bbas darbos.<\/p>\n<h3>Ekskavatori<\/h3>\n<p>Kausa cilindri \u013cauj ekskavatoriem veikt to galveno funkciju \u2013 rak\u0161anu. Tie nodro\u0161ina nepiecie\u0161amo sp\u0113ku, lai iek\u013c\u016btu augsn\u0113 un manevr\u0113tu kausu pa da\u017e\u0101du reljefu, padarot tos neaizst\u0101jamus b\u016bvniec\u012bbas un rak\u0161anas projektos.<\/p>\n<h3>Iekr\u0101v\u0113ji<\/h3>\n<p>Front\u0101lajos iekr\u0101v\u0113jos \u0161ie cilindri pal\u012bdz efekt\u012bvi pacelt un izg\u0101zt kravas. Hidraulisk\u0101 darb\u012bba nodro\u0161ina vienm\u0113r\u012bgu p\u0101reju starp cel\u0161anu un noliek\u0161anu, uzlabojot darb\u012bbas efektivit\u0101ti materi\u0101lu apstr\u0101des uzdevumos.<\/p>\n<h2>Dizaina apsv\u0113rumi un atlases krit\u0113riji<\/h2>\n<h3>Kravnes\u012bba<\/h3>\n<p>Izv\u0113loties str\u0113les cilindru, kravnes\u012bba ir \u0101rk\u0101rt\u012bgi svar\u012bga. Cilindram j\u0101sp\u0113j iztur\u0113t maksim\u0101lo svaru, ar kuru tas saskarsies darb\u012bbas laik\u0101. Tas nodro\u0161ina dro\u0161\u012bbu un uzticam\u012bbu darb\u012bb\u0101. Kravnes\u012bbas p\u0101rv\u0113rt\u0113\u0161ana var izrais\u012bt apr\u012bkojuma boj\u0101jumus, savuk\u0101rt nepietiekama nov\u0113rt\u0113\u0161ana var izrais\u012bt darb\u012bbas neefektivit\u0101ti.<\/p>\n<h3>Bl\u012bv\u0113juma integrit\u0101te<\/h3>\n<p>Bl\u012bv\u0113jumam ir iz\u0161\u0137iro\u0161a noz\u012bme hidraulisko cilindru darb\u012bb\u0101. Efekt\u012bvi bl\u012bv\u0113jumi nov\u0113r\u0161 \u0161\u0137idruma nopl\u016bdi, kas ir svar\u012bgi spiediena uztur\u0113\u0161anai sist\u0113m\u0101. Augstas kvalit\u0101tes materi\u0101lu, piem\u0113ram, poliuret\u0101na un nitrilgumijas, izmanto\u0161ana bl\u012bv\u0113m ir b\u016btiska, lai nodro\u0161in\u0101tu ilgm\u016b\u017e\u012bbu un uzticam\u012bbu.<\/p>\n<h3>Iztur\u012bba<\/h3>\n<p>Str\u0113les cilindra iztur\u012bbu ietekm\u0113 t\u0101 materi\u0101li un konstrukcija. Augstas stipr\u012bbas t\u0113rauds vai alum\u012bnijs nodro\u0161ina nepiecie\u0161amo iztur\u012bbu pret nodilumu, \u012bpa\u0161i sare\u017e\u0123\u012btos darba apst\u0101k\u013cos. Turkl\u0101t cilindriem j\u0101b\u016bt konstru\u0113tiem t\u0101, lai tie iztur\u0113tu atk\u0101rtotu slodzi bez degrad\u0101cijas.<\/p>\n<h3>Dro\u0161\u012bbas funkcijas<\/h3>\n<p>Dro\u0161\u012bba ir kritiski svar\u012bgs apsv\u0113rums hidraulisko cilindru projekt\u0113\u0161an\u0101. T\u0101das funkcijas k\u0101 spiediena samazin\u0101\u0161anas v\u0101rsti var nov\u0113rst p\u0101rspiedienu, samazinot katastrof\u0101las atteices risku. Pareiza konstrukcija nodro\u0161ina, ka cilindrs var iztur\u0113t negaid\u012btas slodzes, neapdraudot dro\u0161\u012bbu.<\/p>\n<h3>Apkope un remont\u0113jam\u012bba<\/h3>\n<p>Apkopes projekt\u0113\u0161ana ir b\u016btiska, lai pagarin\u0101tu hidraulisko cilindru kalpo\u0161anas laiku. Funkcijas, kas atvieglo p\u0101rbaudi, e\u013c\u013co\u0161anu un deta\u013cu nomai\u0146u, veicina vienk\u0101r\u0161\u0101ku apkopi, galu gal\u0101 uzlabojot darb\u012bbas efektivit\u0101ti un samazinot d\u012bkst\u0101ves laiku.<\/p>\n<p><img decoding=\"async\" src=\"https:\/\/www.hydraulic-cylinders.net\/wp-content\/uploads\/2025\/04\/songte-oil-pipes-and-spare-parts.webp\" alt=\"E\u013c\u013cas caurules un rezerves da\u013cas\" \/><\/p>\n<h2>Bl\u012bv\u0113\u0161ana un e\u013c\u013co\u0161ana<\/h2>\n<p>Efekt\u012bvs bl\u012bv\u0113jums ir oblig\u0101ts hidraulisko cilindru optim\u0101lai darb\u012bbai. Lai nodro\u0161in\u0101tu, ka nerodas hidraulisk\u0101 \u0161\u0137idruma nopl\u016bdes, tiek izmantoti da\u017e\u0101di bl\u012bv\u0113\u0161anas elementi, piem\u0113ram, virzu\u013ca bl\u012bv\u0113jumi un stie\u0146a bl\u012bv\u0113jumi. \u0160ie bl\u012bv\u0113jumi bie\u017ei tiek izgatavoti no iztur\u012bgiem materi\u0101liem, piem\u0113ram, poliuret\u0101na un nitrila gumijas, lai iztur\u0113tu hidraulisko darb\u012bbu rad\u012bt\u0101s gr\u016bt\u012bbas.<\/p>\n<p>Cilindra korpuss un v\u012bt\u0146ot\u0101s gala virsmas tiek r\u016bp\u012bgi apstr\u0101d\u0101tas, lai uzlabotu nodilumiztur\u012bbu un nodro\u0161in\u0101tu ilgm\u016b\u017e\u012bbu. Regul\u0101ra e\u013c\u013co\u0161ana ar hidraulisko e\u013c\u013cu ir nepiecie\u0161ama, lai uztur\u0113tu vienm\u0113r\u012bgu darb\u012bbu un nov\u0113rstu iek\u0161\u0113jo nodilumu. Pareiza e\u013c\u013co\u0161anas prakse pal\u012bdz samazin\u0101t berzi, uzlabot efektivit\u0101ti un pagarin\u0101t cilindra kalpo\u0161anas laiku.<\/p>\n<h2>Regul\u0101ra apkope un prevent\u012bvie pas\u0101kumi<\/h2>\n<ul>\n<li><strong>Rut\u012bnas p\u0101rbaudes:<\/strong> Regul\u0101ras p\u0101rbaudes ir \u013coti svar\u012bgas, lai identific\u0113tu iesp\u0113jam\u0101s probl\u0113mas, pirms t\u0101s saasin\u0101s. Tas ietver nopl\u016b\u017eu, nodiluma un pareizas darb\u012bbas p\u0101rbaudi.<\/li>\n<li><strong>Pareiza e\u013c\u013co\u0161ana:<\/strong> Nodro\u0161inot atbilsto\u0161u e\u013c\u013co\u0161anu, tiek nov\u0113rsts iek\u0161\u0113jais nodilums. Regul\u0101ri pl\u0101notas e\u013c\u013co\u0161anas sesijas pal\u012bdz uztur\u0113t nevainojamu darb\u012bbu.<\/li>\n<li><strong>Bl\u012bv\u0113juma nomai\u0146a:<\/strong> Laika gait\u0101 bl\u012bves var nolietoties un t\u0101s ir j\u0101nomaina. Regul\u0101ras p\u0101rbaudes var noteikt, kad bl\u012bves ir j\u0101nomaina, lai nov\u0113rstu nopl\u016bdes un saglab\u0101tu efektivit\u0101ti.<\/li>\n<\/ul>\n<h2>Uzst\u0101d\u012b\u0161anas vadl\u012bnijas<\/h2>\n<p>Uzst\u0101dot str\u0113les cilindru, ir svar\u012bgi iev\u0113rot atbilsto\u0161as \u200b\u200bvadl\u012bnijas, lai nodro\u0161in\u0101tu optim\u0101lu veiktsp\u0113ju. Vispirms p\u0101rliecinieties, vai cilindrs ir pareizi izl\u012bdzin\u0101ts ar ma\u0161\u012bnas stiprin\u0101juma punktiem. Izmantojot atbilsto\u0161us stiprin\u0101juma kron\u0161teinus, var pal\u012bdz\u0113t stingri nostiprin\u0101t cilindru, nov\u0113r\u0161ot nepareizu izl\u012bdzin\u0101\u0161anu darb\u012bbas laik\u0101.<\/p>\n<p>Ir ar\u012b \u013coti svar\u012bgi pareizi savienot hidraulisk\u0101s l\u012bnijas, nodro\u0161inot, ka \u0161\u0137idruma pl\u016bsma ir v\u0113rsta atbilsto\u0161i cilindra funkcijai. P\u0113c uzst\u0101d\u012b\u0161anas r\u016bp\u012bgi p\u0101rbaudiet cilindru zem slodzes, lai p\u0101rliecin\u0101tos, ka tas darbojas vienm\u0113r\u012bgi un efekt\u012bvi. Var b\u016bt nepiecie\u0161amas korekcijas, lai nodro\u0161in\u0101tu, ka cilindrs darbojas atbilsto\u0161i paredz\u0113tajiem parametriem.<\/p>\n<h2>Bie\u017ei sastopamie apkopes uzdevumi<\/h2>\n<h3>Regul\u0101ras p\u0101rbaudes<\/h3>\n<p>Regul\u0101ras hidraulisko cilindru p\u0101rbaudes ir \u013coti svar\u012bgas, lai laikus atkl\u0101tu probl\u0113mas, piem\u0113ram, nopl\u016bdes vai neparastu nodilumu. \u0160\u012b proakt\u012bv\u0101 pieeja pal\u012bdz uztur\u0113t darb\u012bbas efektivit\u0101ti un dro\u0161\u012bbu.<\/p>\n<h3>Piem\u0113rota e\u013c\u013co\u0161ana<\/h3>\n<p>Pareiza e\u013c\u013co\u0161ana ir kritiski svar\u012bga, lai hidrauliskie cilindri darbotos efekt\u012bvi. Regul\u0101ra e\u013c\u013co\u0161ana nodro\u0161ina iek\u0161\u0113jo komponentu aizsardz\u012bbu pret nodilumu un vienm\u0113r\u012bgu darb\u012bbu.<\/p>\n<h3>Bl\u012bvju nomai\u0146as un kalibr\u0113\u0161anas p\u0101rbaudes<\/h3>\n<p>Bl\u012bves regul\u0101ri j\u0101p\u0101rbauda un j\u0101nomaina, kad nepiecie\u0161ams. Prec\u012bza kalibr\u0113\u0161ana nodro\u0161ina, ka cilindrs darbojas paredz\u0113taj\u0101 veid\u0101, saglab\u0101jot efektivit\u0101ti un dro\u0161\u012bbu darb\u012bbas laik\u0101.<\/p>\n<h2>Dro\u0161\u012bbas apsv\u0113rumi un vides faktori<\/h2>\n<p>Izmantojot hidrauliskos cilindrus, dro\u0161\u012bbas pas\u0101kumi ir \u0101rk\u0101rt\u012bgi svar\u012bgi. Operatoriem vienm\u0113r ir j\u0101saprot iek\u0101rtu ekspluat\u0101cijas ierobe\u017eojumi un j\u0101iev\u0113ro dro\u0161\u012bbas protokoli, lai samazin\u0101tu ar hidraulisko spiedienu saist\u012btos riskus. Pareiza apm\u0101c\u012bba un izpratne par iesp\u0113jamiem apdraud\u0113jumiem var iev\u0113rojami samazin\u0101t negad\u012bjumu un traumu skaitu darba viet\u0101.<\/p>\n<h2>Probl\u0113mu nov\u0113r\u0161ana un bie\u017ei sastopamas probl\u0113mas<\/h2>\n<ul>\n<li><strong>Nopl\u016bdu\u0161as bl\u012bves:<\/strong> Bie\u017ei sastopama probl\u0113ma ir bl\u012bv\u0113jumu nopl\u016bdes, kas var izrais\u012bt \u0161\u0137idruma zudumu un spiediena samazin\u0101\u0161anos. Regul\u0101ri p\u0101rbaudiet bl\u012bves un nekav\u0113joties nomainiet t\u0101s, lai uztur\u0113tu veiktsp\u0113ju.<\/li>\n<li><strong>Nekonsekventa kust\u012bba:<\/strong> Ja cilindrs neizvirz\u0101s vai neievelkas vienm\u0113r\u012bgi, tas var liecin\u0101t par iek\u0161\u0113ju nodilumu vai hidraulisk\u0101 \u0161\u0137idruma pies\u0101r\u0146ojumu. Regul\u0101ra apkope un \u0161\u0137idruma mai\u0146a var pal\u012bdz\u0113t nov\u0113rst \u0161o probl\u0113mu.<\/li>\n<li><strong>P\u0101rkar\u0161ana:<\/strong> Augsta temperat\u016bra var saboj\u0101t hidrauliskos komponentus, izraisot to boj\u0101jumus. Uzraugiet darba temperat\u016bru un p\u0101rliecinieties, ka hidrauliskais \u0161\u0137idrums ir lab\u0101 st\u0101vokl\u012b.<\/li>\n<\/ul>\n<h2>Risin\u0101jumi un prevent\u012bvie pas\u0101kumi<\/h2>\n<p>Efekt\u012bva probl\u0113mu nov\u0113r\u0161ana s\u0101kas ar simptomu agr\u012bnu noteik\u0161anu. Nopl\u016bdu\u0161u bl\u012bv\u0113jumu gad\u012bjum\u0101 nomainiet bl\u012bves, tikl\u012bdz t\u0101s tiek atkl\u0101tas. Regul\u0101ras apkopes proced\u016bras, tostarp p\u0101rbaudes un \u0161\u0137idrumu mai\u0146a, var nov\u0113rst daudzas bie\u017ei sastopamas probl\u0113mas, pirms t\u0101s p\u0101raug nopietn\u0101s probl\u0113m\u0101s. Operatoru apm\u0101c\u012bba par pareizu lieto\u0161anu un apkopes praksi ar\u012b ir iz\u0161\u0137iro\u0161a noz\u012bme potenci\u0101lo k\u013c\u016bmju samazin\u0101\u0161an\u0101.<\/p>\n<p><img decoding=\"async\" src=\"https:\/\/www.hydraulic-cylinders.net\/wp-content\/uploads\/2025\/04\/songte-bushings-with-all-kinds-of-excavator-models.webp\" alt=\"Ekskavatoru mode\u013cu bukses\" \/><\/p>\n<h2>Uz\u0146\u0113muma p\u0101rskats<\/h2>\n<p>M\u0113s esam vado\u0161ais rezerves hidraulisko cilindru ra\u017eot\u0101js, kas ir atz\u012bts gan viet\u0113j\u0101, gan starptautiskaj\u0101 tirg\u016b. M\u016bsu pla\u0161ais produktu kl\u0101sts m\u016bs ierindo starp vado\u0161ajiem hidraulisko cilindru ra\u017eot\u0101jiem un vairumtirgot\u0101jiem. M\u0113s iev\u0113rojam izcil\u012bbu kvalit\u0101t\u0113, izmantojot m\u016bsu izsmalcin\u0101t\u0101s ra\u017eo\u0161anas strat\u0113\u0123ijas, un pa\u013caujamies uz modern\u0101m ra\u017eo\u0161anas iek\u0101rt\u0101m un profesion\u0101l\u0101m test\u0113\u0161anas sist\u0113m\u0101m.<\/p>\n<p>M\u016bsu ap\u0146em\u0161an\u0101s nep\u0101rtraukti uzlabot ra\u017eo\u0161anas platformas nodro\u0161ina, ka m\u0113s efekt\u012bvi apmierin\u0101m da\u017e\u0101das klientu vajadz\u012bbas. M\u016bsu augstas efektivit\u0101tes, precizit\u0101tes un kvalit\u0101tes principi mudina m\u016bs sniegt piel\u0101gotus risin\u0101jumus m\u016bsu klientiem.<\/p>\n<p><img decoding=\"async\" src=\"https:\/\/www.hydraulic-cylinders.net\/wp-content\/uploads\/2025\/04\/songte-company-4.webp\" alt=\"Uz\u0146\u0113muma ra\u017eo\u0161ana\" \/><br \/>\n<img decoding=\"async\" src=\"https:\/\/www.hydraulic-cylinders.net\/wp-content\/uploads\/2025\/04\/songte-company-3.webp\" alt=\"Uz\u0146\u0113muma telpas\" \/><\/p>\n<p>Autors: lil<\/p>","protected":false},"excerpt":{"rendered":"<p>Boom Cylinder For NHIG ATLAS2606LC Product Overview The Boom Cylinder for NHIG ATLAS2606LC is an essential component in the hydraulic systems used in heavy machinery. This hydraulic cylinder is specifically designed to control the movement of the bucket in various heavy-duty machines such as excavators, backhoe loaders, and front loaders. It allows the bucket to [&hellip;]<\/p>","protected":false},"featured_media":17868,"comment_status":"open","ping_status":"closed","template":"","meta":{"_et_pb_use_builder":"","_et_pb_old_content":"","_et_gb_content_width":""},"product_brand":[],"product_cat":[1546],"product_tag":[1547,1496],"class_list":{"0":"post-19665","1":"product","2":"type-product","3":"status-publish","4":"has-post-thumbnail","6":"product_cat-boom-cylinders","7":"product_tag-boom-cylinders","8":"product_tag-hydraulic-cylinders","10":"first","11":"instock","12":"shipping-taxable","13":"product-type-simple"},"amp_enabled":true,"_links":{"self":[{"href":"https:\/\/www.hydraulic-cylinders.net\/lv\/wp-json\/wp\/v2\/product\/19665","targetHints":{"allow":["GET"]}}],"collection":[{"href":"https:\/\/www.hydraulic-cylinders.net\/lv\/wp-json\/wp\/v2\/product"}],"about":[{"href":"https:\/\/www.hydraulic-cylinders.net\/lv\/wp-json\/wp\/v2\/types\/product"}],"replies":[{"embeddable":true,"href":"https:\/\/www.hydraulic-cylinders.net\/lv\/wp-json\/wp\/v2\/comments?post=19665"}],"wp:featuredmedia":[{"embeddable":true,"href":"https:\/\/www.hydraulic-cylinders.net\/lv\/wp-json\/wp\/v2\/media\/17868"}],"wp:attachment":[{"href":"https:\/\/www.hydraulic-cylinders.net\/lv\/wp-json\/wp\/v2\/media?parent=19665"}],"wp:term":[{"taxonomy":"product_brand","embeddable":true,"href":"https:\/\/www.hydraulic-cylinders.net\/lv\/wp-json\/wp\/v2\/product_brand?post=19665"},{"taxonomy":"product_cat","embeddable":true,"href":"https:\/\/www.hydraulic-cylinders.net\/lv\/wp-json\/wp\/v2\/product_cat?post=19665"},{"taxonomy":"product_tag","embeddable":true,"href":"https:\/\/www.hydraulic-cylinders.net\/lv\/wp-json\/wp\/v2\/product_tag?post=19665"}],"curies":[{"name":"wp","href":"https:\/\/api.w.org\/{rel}","templated":true}]}}