{"id":19666,"date":"2025-04-07T07:00:33","date_gmt":"2025-04-07T07:00:33","guid":{"rendered":"https:\/\/www.hydraulic-cylinders.net\/product\/boom-cylinder-for-nhig-bf6m2012c\/"},"modified":"2025-04-07T07:00:36","modified_gmt":"2025-04-07T07:00:36","slug":"boom-cylinder-for-nhig-bf6m2012c","status":"publish","type":"product","link":"https:\/\/www.hydraulic-cylinders.net\/lv\/products\/boom-cylinder-for-nhig-bf6m2012c\/","title":{"rendered":"NHIG BF6m2012C str\u0113les cilindrs"},"content":{"rendered":"<h1>NHIG BF6m2012C str\u0113les cilindrs<\/h1>\n<h2>Str\u0113les cilindra p\u0101rskats<\/h2>\n<p>Str\u0113les cilindrs ir kritiski svar\u012bga hidraulisko sist\u0113mu sast\u0101vda\u013ca, kas \u012bpa\u0161i paredz\u0113ta kausu kust\u012bbas vad\u012bbai da\u017e\u0101d\u0101s smagaj\u0101s ma\u0161\u012bn\u0101s, piem\u0113ram, ekskavatoros, ekskavatoros-iekr\u0101v\u0113jos un front\u0101lajos iekr\u0101v\u0113jos. \u0160is hidrauliskais cilindrs \u013cauj kausam pacelt, nolaist un noliekt, t\u0101d\u0113j\u0101di atvieglojot efekt\u012bvus materi\u0101lu apstr\u0101des uzdevumus. Izmantojot hidraulisko spiedienu, \u0161ie cilindri nodro\u0161ina nepiecie\u0161amo sp\u0113ku, lai prec\u012bzi un viegli veiktu sare\u017e\u0123\u012btas darb\u012bbas.<\/p>\n<p><img decoding=\"async\" src=\"https:\/\/www.hydraulic-cylinders.net\/wp-content\/uploads\/2025\/04\/songte-company-1.webp\" alt=\"Str\u0113les cilindra att\u0113ls\" \/><\/p>\n<h3>Defin\u012bcija un funkcija<\/h3>\n<p>Str\u0113les cilindrs ir specializ\u0113ts hidrauliskais cilindrs, ko izmanto, lai manipul\u0113tu kausa kust\u012bbu celtniec\u012bbas ma\u0161\u012bn\u0101s. Tam ir b\u016btiska loma darb\u012bbas efektivit\u0101t\u0113, \u013caujot operatoriem efekt\u012bvi veikt t\u0101dus uzdevumus k\u0101 rak\u0161ana, cel\u0161ana un materi\u0101lu transport\u0113\u0161ana. Kausa cilindra konstrukcija nodro\u0161ina, ka tas var iztur\u0113t augstu spiedienu un lielas slodzes, vienlaikus saglab\u0101jot uzticam\u012bbu skarbos darba apst\u0101k\u013cos.<\/p>\n<h2>Str\u0113les cilindra \u012bpa\u0161\u012bbas<\/h2>\n<ul>\n<li><strong>Augsta iztur\u012bba un ilgm\u016b\u017e\u012bba:<\/strong> \u0160ie cilindri, kas parasti ir izgatavoti no augstas stipr\u012bbas t\u0113rauda vai alum\u012bnija, var iztur\u0113t augstu spiedienu un lielas slodzes, un tie ir paredz\u0113ti, lai iztur\u0113tu skarbus darba apst\u0101k\u013cus, vienlaikus nodro\u0161inot iztur\u012bbu pret nodilumu un koroziju, t\u0101d\u0113j\u0101di pagarinot to kalpo\u0161anas laiku.<\/li>\n<li><strong>Efekt\u012bva hidraulisk\u0101 darb\u012bba:<\/strong> Str\u0113les cilindrs izmanto hidraulisk\u0101s e\u013c\u013cas spiedienu, lai nodro\u0161in\u0101tu vienm\u0113r\u012bgu izstiep\u0161anu un ievilk\u0161anu. Tas \u0101tri rea\u0123\u0113 uz vad\u012bbas komand\u0101m, nodro\u0161inot sp\u0113c\u012bgus stum\u0161anas un vilk\u0161anas sp\u0113kus, kas piem\u0113roti smagu materi\u0101lu apstr\u0101dei un sare\u017e\u0123\u012btu uzdevumu veik\u0161anai.<\/li>\n<li><strong>Veidu da\u017e\u0101d\u012bba:<\/strong> Atkar\u012bb\u0101 no ekspluat\u0101cijas pras\u012bb\u0101m lietot\u0101ji var izv\u0113l\u0113ties starp vienk\u0101r\u0161as darb\u012bbas (hidrauliska darb\u012bba vien\u0101 virzien\u0101) vai divk\u0101r\u0161as darb\u012bbas (hidrauliska darb\u012bba abos virzienos) cilindriem. Da\u017ei mode\u013ci ir teleskopiski, kas \u013cauj tos papla\u0161in\u0101t, nepalielinot \u0101r\u0113jos izm\u0113rus, kas ir ide\u0101li piem\u0113rots ierobe\u017eotas vietas lietojumprogramm\u0101m.<\/li>\n<li><strong>Piel\u0101gota ra\u017eo\u0161ana:<\/strong> M\u016bsu uz\u0146\u0113mums specializ\u0113jas str\u0113les cilindru ra\u017eo\u0161an\u0101, kas perfekti aizst\u0101j eso\u0161os hidrauliskos cilindrus, nodro\u0161inot sader\u012bbu un neman\u0101mu integr\u0101ciju j\u016bsu ma\u0161\u012bn\u0101s.<\/li>\n<li><strong>Uzlabotas tehnolo\u0123ijas:<\/strong> Izmantojot jaun\u0101k\u0101s tehnolo\u0123ijas un ra\u017eo\u0161anas procesus, m\u016bsu str\u0113les cilindri ir izstr\u0101d\u0101ti optim\u0101lai veiktsp\u0113jai un ilgm\u016b\u017e\u012bbai, atbilstot da\u017e\u0101du pielietojumu stingraj\u0101m pras\u012bb\u0101m.<\/li>\n<\/ul>\n<p><img decoding=\"async\" src=\"https:\/\/www.hydraulic-cylinders.net\/wp-content\/uploads\/2025\/04\/songte-cylinder-head-with-all-kinds-excavator-models.webp\" alt=\"Cilindra galvas att\u0113ls\" \/><\/p>\n<h2>Str\u0113les cilindra pielietojumi<\/h2>\n<h3>Celtniec\u012bbas apr\u012bkojums<\/h3>\n<p>Ekskavatoros str\u0113les cilindri ir \u013coti svar\u012bgi augsnes vai gru\u017eu rak\u0161anai, iekrau\u0161anai un transport\u0113\u0161anai. To konstrukcija nodro\u0161ina uzlabotas rak\u0161anas iesp\u0113jas un celtsp\u0113ju, atvieglojot da\u017e\u0101dus b\u016bvniec\u012bbas uzdevumus.<\/p>\n<h3>Lauksaimniec\u012bbas tehnika<\/h3>\n<p>Front\u0101lajos iekr\u0101v\u0113jos \u0161ie cilindri tiek izmantoti augsnes, siena un citu materi\u0101lu sav\u0101k\u0161anai, pacel\u0161anai un transport\u0113\u0161anai. Tiem ir b\u016btiska loma lauksaimniec\u012bbas darbu produktivit\u0101tes un efektivit\u0101tes palielin\u0101\u0161an\u0101.<\/p>\n<h3>Ekskavatori<\/h3>\n<p>Str\u0113les cilindrs \u013cauj kausam iek\u013c\u016bt zem\u0113, padarot rak\u0161anas darbus viegl\u0101k p\u0101rvald\u0101mus un efekt\u012bv\u0101kus. Tas uzlabo ma\u0161\u012bnas sp\u0113ju veikt dzi\u013cu rak\u0161anu un materi\u0101lu p\u0101rvieto\u0161anu.<\/p>\n<h3>Iekr\u0101v\u0113ji<\/h3>\n<p>Front\u0101lajos iekr\u0101v\u0113jos str\u0113les cilindri pal\u012bdz efekt\u012bvi pacelt un izg\u0101zt kravas. To uzticam\u0101 darb\u012bba nodro\u0161ina, ka materi\u0101lus var \u0101tri un dro\u0161i p\u0101rvietot, t\u0101d\u0113j\u0101di veicinot kop\u0113jo produktivit\u0101ti.<\/p>\n<h2>Dizaina apsv\u0113rumi un atlases krit\u0113riji<\/h2>\n<h3>Kravnes\u012bba<\/h3>\n<p>Izv\u0113loties str\u0113les cilindru, ir \u013coti svar\u012bgi izprast t\u0101 kravnes\u012bbu. Cilindram j\u0101sp\u0113j iztur\u0113t maksim\u0101lo slodzi, neapdraudot veiktsp\u0113ju. Tas ietver ne tikai ra\u017eot\u0101ja sniegt\u0101s specifik\u0101cijas, bet ar\u012b darba apst\u0101k\u013cu nov\u0113rt\u0113jumu.<\/p>\n<h3>Bl\u012bv\u0113juma integrit\u0101te<\/h3>\n<p>Bl\u012bv\u0113jums ir b\u016btisks hidraulisk\u0101 cilindra konstrukcijas aspekts. Pareizi bl\u012bv\u0113jumi nov\u0113r\u0161 \u0161\u0137idruma nopl\u016bdi, kas ir svar\u012bgi spiediena uztur\u0113\u0161anai sist\u0113m\u0101. Augstas kvalit\u0101tes bl\u012bv\u0113jumi, kas izgatavoti no t\u0101diem materi\u0101liem k\u0101 poliuret\u0101ns un nitrilgumija, nodro\u0161ina iztur\u012bbu un ilgm\u016b\u017e\u012bbu.<\/p>\n<h3>Iztur\u012bba<\/h3>\n<p>Str\u0113les cilindra iztur\u012bba tie\u0161i ietekm\u0113 t\u0101 kalpo\u0161anas laiku un efektivit\u0101ti. Cilindriem j\u0101b\u016bt konstru\u0113tiem t\u0101, lai tie iztur\u0113tu nodilumu un vides faktorus, nodro\u0161inot to ilgsto\u0161u darb\u012bbu bez bie\u017eas nomai\u0146as.<\/p>\n<h3>Dro\u0161\u012bbas funkcijas<\/h3>\n<p>Dro\u0161\u012bbas funkciju iek\u013cau\u0161ana str\u0113les cilindru konstrukcij\u0101 ir \u0101rk\u0101rt\u012bgi svar\u012bga. Tas ietver aizsardz\u012bbu pret p\u0101rslodzi un av\u0101rijas aptur\u0113\u0161anas meh\u0101nismus, kas var nov\u0113rst negad\u012bjumus un iek\u0101rtu boj\u0101jumus darb\u012bbas laik\u0101.<\/p>\n<h3>Apkopes pieejam\u012bba<\/h3>\n<p>Ir \u013coti svar\u012bgi projekt\u0113t, lai nodro\u0161in\u0101tu \u0113rtu apkopi. Baloniem j\u0101b\u016bt viegli pieejamiem bl\u012bv\u0113jumiem un cit\u0101m sast\u0101vda\u013c\u0101m, atvieglojot regul\u0101rus apkopes darbus, kas var nov\u0113rst d\u0101rgas d\u012bkst\u0101ves un remontu.<\/p>\n<p><img decoding=\"async\" src=\"https:\/\/www.hydraulic-cylinders.net\/wp-content\/uploads\/2025\/04\/songte-oil-pipes-and-spare-parts.webp\" alt=\"E\u013c\u013cas caurules un rezerves da\u013cu att\u0113ls\" \/><\/p>\n<h2>Bl\u012bv\u0113\u0161ana un e\u013c\u013co\u0161ana<\/h2>\n<p>Pareiza str\u0113les cilindra bl\u012bv\u0113\u0161ana un e\u013c\u013co\u0161ana ir b\u016btiska optim\u0101lai darb\u012bbai. Lai uztur\u0113tu hidraulisko \u0161\u0137idrumu cilindr\u0101, tiek izmantoti da\u017e\u0101di bl\u012bv\u0113jumi, tostarp virzu\u013ca bl\u012bv\u0113jumi un stie\u0146a bl\u012bv\u0113jumi. Bl\u012bv\u0113jumi, kas izgatavoti no iztur\u012bgiem materi\u0101liem, piem\u0113ram, poliuret\u0101na un nitrila gumijas, ir v\u0113lami to nodilumiztur\u012bbas d\u0113\u013c.<\/p>\n<p>Cilindra korpuss un v\u012bt\u0146ot\u0101s gala virsmas tiek prec\u012bzi apstr\u0101d\u0101tas, lai uzlabotu nodilumiztur\u012bbu. Regul\u0101ra e\u013c\u013co\u0161ana ar hidraulisko e\u013c\u013cu ir nepiecie\u0161ama, lai samazin\u0101tu berzi un nodilumu, nodro\u0161inot vienm\u0113r\u012bgu darb\u012bbu.<\/p>\n<h2>Prevent\u012bvie apkopes pas\u0101kumi<\/h2>\n<ul>\n<li><strong>Regul\u0101ras p\u0101rbaudes:<\/strong> Veiciet regul\u0101ras p\u0101rbaudes, lai laikus identific\u0113tu nodilumu vai boj\u0101jumus, \u013caujot savlaic\u012bgi veikt remontu un nov\u0113rst iek\u0101rtu boj\u0101jumus.<\/li>\n<li><strong>Piem\u0113rota e\u013c\u013co\u0161ana:<\/strong> P\u0101rliecinieties, vai hidraulisk\u0101s e\u013c\u013cas l\u012bmenis ir ieteicamaj\u0101 l\u012bmen\u012b, nodro\u0161inot pietiekamu e\u013c\u013co\u0161anu vis\u0101m cilindra kust\u012bgaj\u0101m da\u013c\u0101m.<\/li>\n<li><strong>Bl\u012bv\u0113juma nomai\u0146a:<\/strong> Regul\u0101ri p\u0101rbaudiet bl\u012bv\u0113jumu nodilumu un nomainiet tos p\u0113c nepiecie\u0161am\u012bbas, lai saglab\u0101tu hidraulisk\u0101s sist\u0113mas integrit\u0101ti.<\/li>\n<\/ul>\n<h2>Uzst\u0101d\u012b\u0161anas vadl\u012bnijas<\/h2>\n<p>Lai nodro\u0161in\u0101tu pareizu str\u0113les cilindra uzst\u0101d\u012b\u0161anu, veiciet t\u0101l\u0101k nor\u0101d\u012bt\u0101s darb\u012bbas.<\/p>\n<ul>\n<li>Pirms uzst\u0101d\u012b\u0161anas uzs\u0101k\u0161anas p\u0101rliecinieties, vai visas deta\u013cas ir t\u012bras un bez gru\u017eiem.<\/li>\n<li>Pareizi nol\u012bdziniet cilindru ar ma\u0161\u012bnas stiprin\u0101juma punktiem, lai nov\u0113rstu p\u0101rm\u0113r\u012bgu slodzi uz deta\u013c\u0101m.<\/li>\n<li>Izmantojiet atbilsto\u0161us mont\u0101\u017eas kron\u0161teinus, lai nostiprin\u0101tu cilindru viet\u0101, nodro\u0161inot stabilit\u0101ti darb\u012bbas laik\u0101.<\/li>\n<li>V\u0113lreiz p\u0101rbaudiet hidrauliskos savienojumus, vai nav nopl\u016b\u017eu, un p\u0101rliecinieties, vai visi savienojumi ir pievilkti atbilsto\u0161i specifik\u0101cij\u0101m.<\/li>\n<li>P\u0113c uzst\u0101d\u012b\u0161anas p\u0101rbaudiet cilindra darb\u012bbu, lai p\u0101rliecin\u0101tos par t\u0101 funkcionalit\u0101ti, un veiciet nepiecie\u0161am\u0101s korekcijas.<\/li>\n<\/ul>\n<h2>Bie\u017ei sastopamie apkopes uzdevumi<\/h2>\n<h3>Regul\u0101ras p\u0101rbaudes<\/h3>\n<p>Regul\u0101ras p\u0101rbaudes ir \u013coti svar\u012bgas, lai nodro\u0161in\u0101tu str\u0113les cilindra ilgm\u016b\u017e\u012bbu. Operatoriem j\u0101p\u0101rbauda, \u200b\u200bvai nav nodiluma paz\u012bmju, nopl\u016b\u017eu vai deta\u013cu boj\u0101jumu. \u0160\u012b proakt\u012bv\u0101 pieeja pal\u012bdz identific\u0113t potenci\u0101l\u0101s probl\u0113mas, pirms t\u0101s saasin\u0101s, nodro\u0161inot netrauc\u0113tu darb\u012bbu.<\/p>\n<h3>Piem\u0113rota e\u013c\u013co\u0161ana<\/h3>\n<p>Pareizas e\u013c\u013co\u0161anas uztur\u0113\u0161ana ir \u013coti svar\u012bga str\u0113les cilindra netrauc\u0113tai darb\u012bbai. Operatoriem j\u0101nodro\u0161ina pietiekams hidraulisk\u0101s e\u013c\u013cas l\u012bmenis un visas kust\u012bg\u0101s da\u013cas sa\u0146em nepiecie\u0161amo e\u013c\u013co\u0161anu, lai samazin\u0101tu berzi un nodilumu.<\/p>\n<h3>Bl\u012bvju nomai\u0146as un kalibr\u0113\u0161anas p\u0101rbaudes<\/h3>\n<p>Lai saglab\u0101tu hidraulisko integrit\u0101ti, periodiski j\u0101nomaina bl\u012bves. Operatoriem j\u0101izveido bl\u012bvju p\u0101rbaudes un nomai\u0146as grafiks, k\u0101 ar\u012b regul\u0101ras kalibr\u0113\u0161anas p\u0101rbaudes, lai nodro\u0161in\u0101tu, ka cilindrs darbojas paredz\u0113tajos parametros.<\/p>\n<p><img decoding=\"async\" src=\"https:\/\/www.hydraulic-cylinders.net\/wp-content\/uploads\/2025\/04\/songte-chushion-collar.webp\" alt=\"Spilvenu apkakles att\u0113ls\" \/><\/p>\n<h2>Dro\u0161\u012bbas apsv\u0113rumi un vides faktori<\/h2>\n<p>Dro\u0161\u012bbas pas\u0101kumu ievie\u0161ana, str\u0101d\u0101jot ar str\u0113les cilindriem, ir b\u016btiska. Operatoriem j\u0101b\u016bt apm\u0101c\u012btiem dro\u0161\u0101 praks\u0113, piem\u0113ram, apzin\u0101ties apk\u0101rtni un izprast tehnikas ekspluat\u0101cijas ierobe\u017eojumus. Nodro\u0161inot, ka visas dro\u0161\u012bbas ier\u012bces darbojas, tiks samazin\u0101ts ar hidraulisko apr\u012bkojumu saist\u012btais risks.<\/p>\n<h2>K\u013c\u016bmju diagnostika un bie\u017e\u0101k sastopam\u0101s probl\u0113mas<\/h2>\n<ul>\n<li><strong>Hidraulisk\u0101s nopl\u016bdes:<\/strong> Viena no visbie\u017e\u0101k sastopamaj\u0101m probl\u0113m\u0101m ir hidraulisk\u0101 \u0161\u0137idruma nopl\u016bdes, kas var izrais\u012bt spiediena un veiktsp\u0113jas zudumu. Regul\u0101ri p\u0101rbaudiet bl\u012bves un savienojumus, lai samazin\u0101tu \u0161o risku.<\/li>\n<li><strong>L\u0113na darb\u012bba:<\/strong> Ja cilindrs darbojas l\u0113ni, tas var liecin\u0101t par zemu hidraulisk\u0101 \u0161\u0137idruma l\u012bmeni vai pies\u0101r\u0146ojumu. P\u0101rbaudiet \u0161\u0137idruma l\u012bmeni un filtrus, lai nodro\u0161in\u0101tu pareizu pl\u016bsmas \u0101trumu.<\/li>\n<li><strong>Neparastas ska\u0146as:<\/strong> Neparastas ska\u0146as darb\u012bbas laik\u0101 var liecin\u0101t par iek\u0161\u0113jiem boj\u0101jumiem vai gaisu hidrauliskaj\u0101 sist\u0113m\u0101. \u0160o ska\u0146u savlaic\u012bga nov\u0113r\u0161ana var nov\u0113rst turpm\u0101kus boj\u0101jumus.<\/li>\n<\/ul>\n<h2>Probl\u0113mu nov\u0113r\u0161anas padomi<\/h2>\n<p>Lai efekt\u012bvi diagnostic\u0113tu un nov\u0113rstu probl\u0113mas ar str\u0113les cilindru, operatoriem j\u0101veic \u0161\u0101das probl\u0113mu nov\u0113r\u0161anas darb\u012bbas:<\/p>\n<ul>\n<li>P\u0101rbaudiet hidraulisko sist\u0113mu, vai nav nopl\u016b\u017eu, un nekav\u0113joties salabojiet t\u0101s.<\/li>\n<li>P\u0101rbaudiet \u0161\u0137idruma l\u012bmeni un uzpildiet ar atbilsto\u0161u hidraulisko e\u013c\u013cu.<\/li>\n<li>P\u0101rbaudiet bl\u012bves, vai t\u0101s nav nodilu\u0161as, un nomainiet t\u0101s, ja nepiecie\u0161ams, lai nov\u0113rstu turpm\u0101kas nopl\u016bdes.<\/li>\n<\/ul>\n<p><img decoding=\"async\" src=\"https:\/\/www.hydraulic-cylinders.net\/wp-content\/uploads\/2025\/04\/songte-bushings-with-all-kinds-of-excavator-models.webp\" alt=\"Bukses att\u0113ls\" \/><\/p>\n<h2>Uz\u0146\u0113muma p\u0101rskats<\/h2>\n<p>M\u0113s esam vado\u0161ais rezerves hidraulisko cilindru ra\u017eot\u0101js, kas pied\u0101v\u0101 pla\u0161u produktu kl\u0101stu, kas apmierina gan viet\u0113jo, gan starptautisko tirgu vajadz\u012bbas. M\u016bsu ap\u0146em\u0161an\u0101s nodro\u0161in\u0101t izcilu kvalit\u0101ti virza m\u016bsu modern\u0101kos ra\u017eo\u0161anas procesus un stingras ra\u017eo\u0161anas vad\u012bbas strat\u0113\u0123ijas. Koncentr\u0113joties uz augstu efektivit\u0101ti, precizit\u0101ti un kvalit\u0101ti, m\u0113s nep\u0101rtraukti uzlabojam savas ra\u017eo\u0161anas iesp\u0113jas un nodro\u0161in\u0101m, ka m\u016bsu produkti atbilst m\u016bsu klientu da\u017e\u0101daj\u0101m vajadz\u012bb\u0101m.<\/p>\n<p>M\u016bsu uz\u0146\u0113mums izce\u013cas ar savu profesion\u0101lo pieredzi, starptautiskajiem sertifik\u0101tiem un piel\u0101gotiem pakalpojumiem. M\u0113s izmantojam modernu ra\u017eo\u0161anas apr\u012bkojumu un stabilu p\u0113cp\u0101rdo\u0161anas apkalpo\u0161anas sist\u0113mu, lai efekt\u012bvi atbalst\u012btu m\u016bsu klientus.<\/p>\n<p><img decoding=\"async\" src=\"https:\/\/www.hydraulic-cylinders.net\/wp-content\/uploads\/2025\/04\/songte-company-4.webp\" alt=\"Uz\u0146\u0113muma att\u0113ls 1\" \/><br \/>\n<img decoding=\"async\" src=\"https:\/\/www.hydraulic-cylinders.net\/wp-content\/uploads\/2025\/04\/songte-company-3.webp\" alt=\"Uz\u0146\u0113muma att\u0113ls 2\" \/><\/p>\n<p>Autors: lil<\/p>","protected":false},"excerpt":{"rendered":"<p>Boom Cylinder For NHIG BF6m2012C Overview of the Boom Cylinder The Boom Cylinder is a critical component in hydraulic systems, specifically designed for controlling the movement of buckets in various heavy machinery such as excavators, backhoe loaders, and front loaders. This hydraulic cylinder enables the bucket to lift, lower, and tilt, facilitating efficient material handling [&hellip;]<\/p>","protected":false},"featured_media":17869,"comment_status":"open","ping_status":"closed","template":"","meta":{"_et_pb_use_builder":"","_et_pb_old_content":"","_et_gb_content_width":""},"product_brand":[],"product_cat":[1546],"product_tag":[1547,1496],"class_list":{"0":"post-19666","1":"product","2":"type-product","3":"status-publish","4":"has-post-thumbnail","6":"product_cat-boom-cylinders","7":"product_tag-boom-cylinders","8":"product_tag-hydraulic-cylinders","10":"first","11":"instock","12":"shipping-taxable","13":"product-type-simple"},"amp_enabled":true,"_links":{"self":[{"href":"https:\/\/www.hydraulic-cylinders.net\/lv\/wp-json\/wp\/v2\/product\/19666","targetHints":{"allow":["GET"]}}],"collection":[{"href":"https:\/\/www.hydraulic-cylinders.net\/lv\/wp-json\/wp\/v2\/product"}],"about":[{"href":"https:\/\/www.hydraulic-cylinders.net\/lv\/wp-json\/wp\/v2\/types\/product"}],"replies":[{"embeddable":true,"href":"https:\/\/www.hydraulic-cylinders.net\/lv\/wp-json\/wp\/v2\/comments?post=19666"}],"wp:featuredmedia":[{"embeddable":true,"href":"https:\/\/www.hydraulic-cylinders.net\/lv\/wp-json\/wp\/v2\/media\/17869"}],"wp:attachment":[{"href":"https:\/\/www.hydraulic-cylinders.net\/lv\/wp-json\/wp\/v2\/media?parent=19666"}],"wp:term":[{"taxonomy":"product_brand","embeddable":true,"href":"https:\/\/www.hydraulic-cylinders.net\/lv\/wp-json\/wp\/v2\/product_brand?post=19666"},{"taxonomy":"product_cat","embeddable":true,"href":"https:\/\/www.hydraulic-cylinders.net\/lv\/wp-json\/wp\/v2\/product_cat?post=19666"},{"taxonomy":"product_tag","embeddable":true,"href":"https:\/\/www.hydraulic-cylinders.net\/lv\/wp-json\/wp\/v2\/product_tag?post=19666"}],"curies":[{"name":"wp","href":"https:\/\/api.w.org\/{rel}","templated":true}]}}