{"id":19667,"date":"2025-04-07T07:00:36","date_gmt":"2025-04-07T07:00:36","guid":{"rendered":"https:\/\/www.hydraulic-cylinders.net\/product\/boom-cylinder-for-nhig-2306lc\/"},"modified":"2025-04-07T07:00:38","modified_gmt":"2025-04-07T07:00:38","slug":"boom-cylinder-for-nhig-2306lc","status":"publish","type":"product","link":"https:\/\/www.hydraulic-cylinders.net\/lv\/products\/boom-cylinder-for-nhig-2306lc\/","title":{"rendered":"Str\u0113les cilindrs NHIG 2306LC"},"content":{"rendered":"<h1>Str\u0113les cilindrs NHIG 2306LC<\/h1>\n<h2>Produkta p\u0101rskats<\/h2>\n<p>NHIG 2306LC str\u0113les cilindrs ir specializ\u0113ts hidrauliskais cilindrs, kas paredz\u0113ts smagaj\u0101m ma\u0161\u012bn\u0101m, \u012bpa\u0161i ekskavatoriem, iekr\u0101v\u0113jiem un front\u0101lajiem iekr\u0101v\u0113jiem. \u0160\u0101da veida hidrauliskais cilindrs kontrol\u0113 kausa kust\u012bbu, \u013caujot tam efekt\u012bvi pacelt, nolaist un sasv\u0113rt. Str\u0113les cilindram ir iz\u0161\u0137iro\u0161a noz\u012bme hidrauliskaj\u0101s sist\u0113m\u0101s, nodro\u0161inot nepiecie\u0161amo sp\u0113ku da\u017e\u0101du materi\u0101lu apstr\u0101des uzdevumu veik\u0161anai. Izmantojot hidraulisk\u0101 \u0161\u0137idruma spiedienu, \u0161ie cilindri var veikt prec\u012bzas kust\u012bbas, kas nepiecie\u0161amas rak\u0161anai, cel\u0161anai un smagu kravu transport\u0113\u0161anai. \u0160is hidrauliskais cilindrs ir b\u016btisks, lai optimiz\u0113tu veiktsp\u0113ju b\u016bvniec\u012bbas un lauksaimniec\u012bbas ma\u0161\u012bn\u0101s.<\/p>\n<p><img decoding=\"async\" src=\"https:\/\/www.hydraulic-cylinders.net\/wp-content\/uploads\/2025\/04\/songte-company-1.webp\" alt=\"Str\u0113les cilindra att\u0113ls\"><\/p>\n<h2>Str\u0113les cilindra \u012bpa\u0161\u012bbas<\/h2>\n<ul>\n<li><strong>Augsta iztur\u012bba un ilgm\u016b\u017e\u012bba:<\/strong> \u0160is cilindrs ir izgatavots no augstas stipr\u012bbas t\u0113rauda vai alum\u012bnija, un tas ir paredz\u0113ts, lai iztur\u0113tu augstu spiedienu un lielas slodzes, padarot to piem\u0113rotu skarbajiem darba apst\u0101k\u013ciem.<\/li>\n<li><strong>Efekt\u012bva hidraulisk\u0101 darb\u012bba:<\/strong> Tas izmanto hidraulisk\u0101s e\u013c\u013cas spiedienu vienm\u0113r\u012bgai un atsauc\u012bgai izstiep\u0161anai un ievilk\u0161anai, nodro\u0161inot sp\u0113c\u012bgu stum\u0161anas un vilk\u0161anas sp\u0113ku, kas ir ide\u0101li piem\u0113rots smagu un sare\u017e\u0123\u012btu uzdevumu veik\u0161anai.<\/li>\n<li><strong>Da\u017e\u0101di veidi:<\/strong> Pieejams vienvirziena darb\u012bbas (darbojas vien\u0101 virzien\u0101) vai divk\u0101r\u0161as darb\u012bbas (darbojas abos virzienos) konfigur\u0101cij\u0101s, lai apmierin\u0101tu da\u017e\u0101das ekspluat\u0101cijas vajadz\u012bbas. Da\u017eiem mode\u013ciem ir teleskopiska konstrukcija, kas nodro\u0161ina liel\u0101ku pagarin\u0101jumu, nepalielinot \u0101r\u0113jos izm\u0113rus, kas ir piem\u0113rots lietojumiem ar ierobe\u017eotu vietu.<\/li>\n<\/ul>\n<h2>M\u016bsu ra\u017eo\u0161anas iesp\u0113jas<\/h2>\n<p>M\u0113s ar lepnumu ra\u017eojam \u0161o produktu, nodro\u0161inot, ka m\u016bsu cilindri var perfekti aizst\u0101t eso\u0161os hidrauliskos cilindrus tirg\u016b.<\/p>\n<p><img decoding=\"async\" src=\"https:\/\/www.hydraulic-cylinders.net\/wp-content\/uploads\/2025\/04\/songte-cylinder-head-with-all-kinds-excavator-models.webp\" alt=\"Cilindra ra\u017eo\u0161anas att\u0113ls\"><\/p>\n<h2>Lietojumprogrammu scen\u0101riji<\/h2>\n<h3>Celtniec\u012bbas apr\u012bkojums<\/h3>\n<p>Ekskavatoros str\u0113les cilindrs ir vit\u0101li svar\u012bgs rak\u0161anai, iekrau\u0161anai un augsnes vai gru\u017eu p\u0101rvieto\u0161anai. \u0160ie cilindri nodro\u0161ina nepiecie\u0161amo sp\u0113ku, lai iek\u013c\u016btu zem\u0113, atvieglojot efekt\u012bvu rak\u0161anu. Ekskavatoros-iekr\u0101v\u0113jos kausa cilindrs pal\u012bdz gan rak\u0161an\u0101, gan cel\u0161an\u0101, uzlabojot ma\u0161\u012bnas daudzpus\u012bbu da\u017e\u0101diem b\u016bvniec\u012bbas darbiem.<\/p>\n<h3>Lauksaimniec\u012bbas tehnika<\/h3>\n<p>Front\u0101lajos iekr\u0101v\u0113jos str\u0113les cilindrs ir \u013coti svar\u012bgs augsnes, siena un citu materi\u0101lu sav\u0101k\u0161anai, cel\u0161anai un transport\u0113\u0161anai. T\u0101 uzticam\u012bba un iztur\u012bba padara to par b\u016btisku sast\u0101vda\u013cu lauksaimniec\u012bbas darbos, kur nepiecie\u0161ama efekt\u012bva materi\u0101lu apstr\u0101de.<\/p>\n<h3>Ekskavatori<\/h3>\n<p>Ekskavatori izmanto str\u0113les cilindrus, lai kauss var\u0113tu efekt\u012bvi iek\u013c\u016bt zem\u0113, \u013caujot veikt dzi\u013cas rak\u0161anas darbus. \u0160o hidraulisko cilindru nodro\u0161in\u0101t\u0101 precizit\u0101te un vad\u012bba ir veiksm\u012bgu rak\u0161anas darbu atsl\u0113ga.<\/p>\n<h3>Iekr\u0101v\u0113ji<\/h3>\n<p>Front\u0101lajos iekr\u0101v\u0113jos str\u0113les cilindri pal\u012bdz efekt\u012bvi pacelt un izg\u0101zt kravas. To sp\u0113ja nodro\u0161in\u0101t lielu celtsp\u0113ju garant\u0113, ka materi\u0101lus var efekt\u012bvi p\u0101rvietot un novietot tur, kur nepiecie\u0161ams.<\/p>\n<h2>Dizaina apsv\u0113rumi un atlases krit\u0113riji<\/h2>\n<h3>Kravnes\u012bba<\/h3>\n<p>Izv\u0113loties str\u0113les cilindru, kravnes\u012bba ir kritiski svar\u012bga. T\u0101 nosaka maksim\u0101lo svaru, ko cilindrs var dro\u0161i iztur\u0113t bez boj\u0101jumiem. To ietekm\u0113 t\u0101 konstrukcij\u0101 izmantotais materi\u0101ls, cilindra diametrs un hidrauliskais spiediens, k\u0101d\u0101 tas darbojas. Labi konstru\u0113ta cilindra kravnes\u012bbai j\u0101b\u016bt t\u0101dai, kas p\u0101rsniedz maksim\u0101lo paredzamo slodzi ekspluat\u0101cijas laik\u0101, lai nodro\u0161in\u0101tu dro\u0161\u012bbu un uzticam\u012bbu.<\/p>\n<h3>Bl\u012bv\u0113juma veiktsp\u0113ja<\/h3>\n<p>Efekt\u012bva bl\u012bv\u0113\u0161ana ir b\u016btiska, lai nov\u0113rstu hidraulisk\u0101 \u0161\u0137idruma nopl\u016bdes un nodro\u0161in\u0101tu cilindra efekt\u012bvu darb\u012bbu. Iz\u0161\u0137iro\u0161a noz\u012bme ir augstas kvalit\u0101tes bl\u012bv\u0113jumu, piem\u0113ram, virzu\u013ca bl\u012bv\u0113jumu un stie\u0146a bl\u012bv\u0113jumu, kas izgatavoti no iztur\u012bgiem materi\u0101liem, piem\u0113ram, poliuret\u0101na vai nitrila gumijas, izv\u0113lei. Pareiza bl\u012bv\u0113\u0161ana pagarina cilindra kalpo\u0161anas laiku un uztur darb\u012bbas efektivit\u0101ti, samazinot \u0161\u0137idruma zudumus.<\/p>\n<h3>Iztur\u012bba<\/h3>\n<p>Str\u0113les cilindra iztur\u012bbu ietekm\u0113 t\u0101 konstrukcijas materi\u0101li un ra\u017eo\u0161anas kvalit\u0101te. Augstas iztur\u012bbas materi\u0101li, kas sp\u0113j iztur\u0113t nodilumu, ir b\u016btiski ilgtermi\u0146a darb\u012bbai. Turkl\u0101t virsmas apstr\u0101de un p\u0101rkl\u0101jumi var uzlabot iztur\u012bbu pret koroziju un nodilumu, v\u0113l vair\u0101k pagarinot cilindra kalpo\u0161anas laiku.<\/p>\n<h3>Dro\u0161\u012bbas funkcijas<\/h3>\n<p>Dro\u0161\u012bba ir \u0101rk\u0101rt\u012bgi svar\u012bga, projekt\u0113jot hidrauliskos cilindrus. T\u0101das funkcijas k\u0101 spiediena samazin\u0101\u0161anas v\u0101rsti un dro\u0161\u012bbas aptur\u0113\u0161anas meh\u0101nismi var nov\u0113rst p\u0101rslodzes situ\u0101cijas, nodro\u0161inot, ka iek\u0101rta darbojas dro\u0161\u0101s robe\u017e\u0101s. \u0160ie dro\u0161\u012bbas pas\u0101kumi aizsarg\u0101 gan ma\u0161\u012bnu, gan operatoru no iesp\u0113jamiem apdraud\u0113jumiem, kas saist\u012bti ar hidraulisk\u0101m k\u013c\u016bm\u0113m.<\/p>\n<h3>Apkopes pieejam\u012bba<\/h3>\n<p>Str\u0113les cilindra projekt\u0113\u0161ana, \u0146emot v\u0113r\u0101 apkopi, ir \u013coti svar\u012bga, lai nodro\u0161in\u0101tu ilgm\u016b\u017e\u012bbu un veiktsp\u0113ju. Funkcijas, kas nodro\u0161ina \u0113rtu piek\u013cuvi bl\u012bv\u0113m un cit\u0101m sast\u0101vda\u013c\u0101m, vienk\u0101r\u0161o ikdienas apkopi, samazinot d\u012bkst\u0101ves laiku un remonta izmaksas. Iesp\u0113ja veikt regul\u0101ras p\u0101rbaudes un apkopi laika gait\u0101 iev\u0113rojami uzlabos cilindra veiktsp\u0113ju un uzticam\u012bbu.<\/p>\n<p><img decoding=\"async\" src=\"https:\/\/www.hydraulic-cylinders.net\/wp-content\/uploads\/2025\/04\/songte-oil-pipes-and-spare-parts.webp\" alt=\"Hidraulisko deta\u013cu att\u0113ls\"><\/p>\n<h2>Bl\u012bv\u0113\u0161ana un e\u013c\u013co\u0161ana<\/h2>\n<p>Hidraulisko cilindru efektivit\u0101te liel\u0101 m\u0113r\u0101 ir atkar\u012bga no to bl\u012bv\u0113\u0161anas un e\u013c\u013co\u0161anas sist\u0113m\u0101m. Lai uztur\u0113tu hidraulisko spiedienu un nov\u0113rstu nopl\u016bdes, tiek izmantoti da\u017e\u0101di bl\u012bv\u0113\u0161anas komponenti, piem\u0113ram, virzu\u013ca bl\u012bvsl\u0113gi \u200b\u200bun stie\u0146a bl\u012bvsl\u0113gi. Optim\u0101lai veiktsp\u0113jai ir svar\u012bgi izv\u0113l\u0113ties bl\u012bvsl\u0113gus, kas izgatavoti no nodilumiztur\u012bgiem materi\u0101liem, piem\u0113ram, poliuret\u0101na un nitrila gumijas. Turkl\u0101t cilindra korpuss un v\u012bt\u0146otie gali tiek prec\u012bzi apstr\u0101d\u0101ti, lai uzlabotu nodilumiztur\u012bbu.<\/p>\n<p>Regul\u0101ra e\u013c\u013co\u0161ana ir ar\u012b \u013coti svar\u012bga cilindra darb\u012bbas uztur\u0113\u0161anai. Tas ietver periodisku atbilsto\u0161a veida hidraulisk\u0101s e\u013c\u013cas pievieno\u0161anu, lai nodro\u0161in\u0101tu vienm\u0113r\u012bgu darb\u012bbu un samazin\u0101tu berzi starp kust\u012bgaj\u0101m da\u013c\u0101m. Pareiza e\u013c\u013co\u0161ana pagarina bl\u012bv\u0113jumu kalpo\u0161anas laiku un nov\u0113r\u0161 priek\u0161laic\u012bgu nodilumu, t\u0101d\u0113j\u0101di veicinot hidraulisk\u0101s sist\u0113mas kop\u0113jo uzticam\u012bbu.<\/p>\n<h2>Regul\u0101ra p\u0101rbaude un profilaktisk\u0101 apkope<\/h2>\n<ul>\n<li><strong>Vizu\u0101l\u0101s p\u0101rbaudes:<\/strong> Regul\u0101ras vizu\u0101las p\u0101rbaudes pal\u012bdz noteikt jebk\u0101das nodiluma, nopl\u016b\u017eu vai boj\u0101jumu paz\u012bmes. Operatori ir j\u0101apm\u0101ca laikus atpaz\u012bt potenci\u0101las probl\u0113mas, piem\u0113ram, nodilu\u0161as bl\u012bves vai \u0161\u0137idrumu nopl\u016bdes, lai t\u0101s nekav\u0113joties nov\u0113rstu.<\/li>\n<li><strong>E\u013c\u013co\u0161anas grafiks:<\/strong> Regul\u0101ras e\u013c\u013co\u0161anas grafika izveide ir b\u016btiska, lai uztur\u0113tu cilindra veiktsp\u0113ju. Operatoriem j\u0101iev\u0113ro ra\u017eot\u0101ja ieteikumi par e\u013c\u013co\u0161anas interv\u0101liem un daudzumiem, nodro\u0161inot, ka visas kust\u012bg\u0101s da\u013cas ir pien\u0101c\u012bgi iee\u013c\u013cotas, lai samazin\u0101tu berzi un nodilumu.<\/li>\n<li><strong>Bl\u012bv\u0113juma nomai\u0146a:<\/strong> Regul\u0101ra bl\u012bv\u0113jumu p\u0101rbaude un nepiecie\u0161am\u012bbas gad\u012bjum\u0101 nomai\u0146a ir \u013coti svar\u012bga, lai uztur\u0113tu hidraulisko spiedienu un nov\u0113rstu nopl\u016bdes. Operatoriem j\u0101zina z\u012bmes, kas nor\u0101da, kad j\u0101nomaina bl\u012bv\u0113jumi, lai nodro\u0161in\u0101tu cilindra efekt\u012bvu darb\u012bbu.<\/li>\n<\/ul>\n<h2>Uzst\u0101d\u012b\u0161anas vadl\u012bnijas<\/h2>\n<p>Pareiza str\u0113les cilindru uzst\u0101d\u012b\u0161ana ir b\u016btiska dro\u0161ai un efekt\u012bvai darb\u012bbai. P\u0101rliecinieties, vai cilindrs ir pareizi izl\u012bdzin\u0101ts ar stiprin\u0101juma punktiem, lai nov\u0113rstu p\u0101rm\u0113r\u012bgu slodzi un iesp\u0113jamu boj\u0101jumu. Izmantojiet atbilsto\u0161us stiprin\u0101juma kron\u0161teinus, lai stingri nostiprin\u0101tu cilindru viet\u0101. Uzst\u0101d\u012b\u0161anas laik\u0101 p\u0101rliecinieties, vai visas hidraulisk\u0101s l\u012bnijas ir pareizi pievienotas, bez loc\u012bjumiem vai aizsprostojumiem, kas var\u0113tu kav\u0113t \u0161\u0137idruma pl\u016bsmu.<\/p>\n<p>Ir ar\u012b \u013coti svar\u012bgi atgaisot hidraulisko sist\u0113mu no vis\u0101m gaisa kabat\u0101m, kas var veidoties uzst\u0101d\u012b\u0161anas laik\u0101, jo iesprostotais gaiss var ietekm\u0113t cilindra darb\u012bbu. P\u0113c uzst\u0101d\u012b\u0161anas veiciet testa darb\u012bbu, lai p\u0101rliecin\u0101tos, ka cilindrs darbojas nevainojami un prec\u012bzi rea\u0123\u0113 uz vad\u012bbas komand\u0101m. P\u0113c uzst\u0101d\u012b\u0161anas regul\u0101ri p\u0101rbaudiet, vai ap savienojumiem un bl\u012bv\u0113m nav nopl\u016b\u017eu, lai nodro\u0161in\u0101tu hidraulisk\u0101s sist\u0113mas integrit\u0101ti.<\/p>\n<h2>Bie\u017ei sastopamie apkopes uzdevumi<\/h2>\n<ul>\n<li><strong>Regul\u0101ras p\u0101rbaudes:<\/strong> Regul\u0101ras str\u0113les cilindra p\u0101rbaudes pal\u012bdz identific\u0113t probl\u0113mas, pirms t\u0101s saasin\u0101s. Lai uztur\u0113tu darb\u012bbas efektivit\u0101ti, p\u0101rbaudiet, vai nav nopl\u016b\u017eu, nodiluma vai boj\u0101jumu paz\u012bmju.<\/li>\n<li><strong>Pareiza e\u013c\u013co\u0161ana:<\/strong> Cilindra laba iee\u013c\u013co\u0161ana ir b\u016btiska netrauc\u0113tai darb\u012bbai. Iev\u0113rojiet ra\u017eot\u0101ja nor\u0101d\u012bjumus par e\u013c\u013co\u0161anas veidu un bie\u017eumu, lai nov\u0113rstu berzi un nodilumu.<\/li>\n<li><strong>Bl\u012bv\u0113juma nomai\u0146a:<\/strong> Regul\u0101ri uzraugiet bl\u012bv\u0113jumu st\u0101vokli. Ja ir redzamas nodiluma vai boj\u0101juma paz\u012bmes, nekav\u0113joties nomainiet bl\u012bv\u0113jumus, lai nov\u0113rstu hidraulisk\u0101 \u0161\u0137idruma nopl\u016bdi un saglab\u0101tu veiktsp\u0113ju.<\/li>\n<\/ul>\n<h2>Dro\u0161\u012bbas apsv\u0113rumi un vides faktori<\/h2>\n<p>Darbinot hidraulisk\u0101s iek\u0101rtas, dro\u0161\u012bbas pas\u0101kumi ir \u0101rk\u0101rt\u012bgi svar\u012bgi. Operatoriem j\u0101valk\u0101 atbilsto\u0161i individu\u0101lie aizsardz\u012bbas l\u012bdzek\u013ci (IAL) un j\u0101nodro\u0161ina, lai ma\u0161\u012bnu dro\u0161\u012bbas funkcijas darbotos pareizi. Ir ar\u012b svar\u012bgi iev\u0113rot ra\u017eot\u0101ja vadl\u012bnijas par hidraulisko cilindru ekspluat\u0101ciju un apkopi, lai samazin\u0101tu negad\u012bjumu risku.<\/p>\n<p>J\u0101\u0146em v\u0113r\u0101 ar\u012b vides faktori. Pareiza hidraulisko \u0161\u0137idrumu un apkopes materi\u0101lu utiliz\u0101cija ir b\u016btiska, lai nov\u0113rstu ekolo\u0123isku kait\u0113jumu. Izmantojot videi draudz\u012bgas hidraulisk\u0101s e\u013c\u013cas, var v\u0113l vair\u0101k samazin\u0101t hidraulisko darb\u012bbu ietekmi uz vidi.<\/p>\n<h2>K\u013c\u016bmju diagnostika un bie\u017e\u0101k sastopam\u0101s probl\u0113mas<\/h2>\n<ul>\n<li><strong>Nopl\u016bdu\u0161as bl\u012bves:<\/strong> Viena no visbie\u017e\u0101k sastopamaj\u0101m probl\u0113m\u0101m ir bl\u012bv\u0113jumu nopl\u016bdes, kas var izrais\u012bt hidraulisk\u0101 spiediena pazemin\u0101\u0161anos. \u0160\u012bs probl\u0113mas gad\u012bjum\u0101 var b\u016bt nepiecie\u0161ama t\u016bl\u012bt\u0113ja p\u0101rbaude un bl\u012bv\u0113juma nomai\u0146a.<\/li>\n<li><strong>L\u0113na darb\u012bba:<\/strong> Ja str\u0113les cilindrs darbojas l\u0113ni, tas var liecin\u0101t par zemu hidraulisk\u0101 \u0161\u0137idruma l\u012bmeni vai sist\u0113m\u0101 iesprostotu gaisu. \u0160\u0137idruma l\u012bme\u0146a p\u0101rbaudei un sist\u0113mas atgaiso\u0161anai j\u0101b\u016bt pirmajiem probl\u0113mu nov\u0113r\u0161anas so\u013ciem.<\/li>\n<li><strong>Nerea\u0123\u0113jo\u0161as vad\u012bbas ier\u012bces:<\/strong> Nerea\u0123\u0113jo\u0161s str\u0113les cilindrs var liecin\u0101t par hidrauliskiem aizsprostojumiem vai vad\u012bbas sist\u0113mas k\u013c\u016bm\u0113m. Ir nepiecie\u0161ams p\u0101rbaud\u012bt hidraulisk\u0101s l\u012bnijas un vad\u012bbas v\u0101rstus, vai nav aizsprostojumu.<\/li>\n<\/ul>\n<h2>Probl\u0113mu nov\u0113r\u0161anas padomi<\/h2>\n<p>Lai efekt\u012bvi diagnostic\u0113tu un nov\u0113rstu probl\u0113mas ar str\u0113les cilindru, operatoriem vispirms j\u0101identific\u0113 visas neparastas paz\u012bmes darb\u012bbas laik\u0101. Regul\u0101ri apkopes \u017eurn\u0101li var pal\u012bdz\u0113t izsekot veiktsp\u0113jas izmai\u0146\u0101m laika gait\u0101. Nopl\u016bdu\u0161u bl\u012bv\u0113jumu gad\u012bjum\u0101 ir svar\u012bgi nekav\u0113joties p\u0101rbaud\u012bt un nomain\u012bt, lai nov\u0113rstu hidraulisk\u0101 \u0161\u0137idruma zudumu. L\u0113nas darb\u012bbas gad\u012bjum\u0101 veiktsp\u0113ju var atjaunot, p\u0101rbaudot \u0161\u0137idruma l\u012bmeni un p\u0101rliecinoties, ka sist\u0113m\u0101 nav iespr\u016bdis gaiss. Nerea\u0123\u0113jo\u0161u vad\u012bbas ier\u012b\u010du gad\u012bjum\u0101 probl\u0113mu var atkl\u0101t \u0161\u013c\u016bte\u0146u un v\u0101rstu p\u0101rbaude, vai nav aizsprostojumu.<\/p>\n<p>Prevent\u012bvu pas\u0101kumu, piem\u0113ram, regul\u0101ru p\u0101rbau\u017eu un savlaic\u012bgas apkopes, ievie\u0161ana var samazin\u0101t \u0161o bie\u017ei sastopamo probl\u0113mu risku. Operatori ir j\u0101apm\u0101ca atpaz\u012bt agr\u012bnas br\u012bdin\u0101juma z\u012bmes, lai atvieglotu \u0101tru korekt\u012bvu darb\u012bbu veik\u0161anu, nodro\u0161inot, ka hidraulisk\u0101 sist\u0113ma saglab\u0101 savu funkcionalit\u0101ti un efektivit\u0101ti.<\/p>\n<p><img decoding=\"async\" src=\"https:\/\/www.hydraulic-cylinders.net\/wp-content\/uploads\/2025\/04\/songte-bushings-with-all-kinds-of-excavator-models.webp\" alt=\"Bukses att\u0113ls\"><\/p>\n<h2>Uz\u0146\u0113muma p\u0101rskats<\/h2>\n<p>M\u0113s esam rezerves hidraulisko cilindru ra\u017eot\u0101js, pied\u0101v\u0101jot pla\u0161u produktu kl\u0101stu. K\u0101 viens no vado\u0161ajiem hidraulisko cilindru ra\u017eot\u0101jiem un vairumtirgot\u0101jiem gan viet\u0113j\u0101, gan starptautiskaj\u0101 tirg\u016b, m\u0113s iev\u0113rojam izcil\u012bbu kvalit\u0101t\u0113 un efekt\u012bv\u0101s ra\u017eo\u0161anas vad\u012bbas strat\u0113\u0123ij\u0101s. M\u016bsu uz\u0146\u0113mums past\u0101v\u012bgi uzlabo ra\u017eo\u0161anas jaudas, izmantojot kvalific\u0113tus speci\u0101listus, modernu digit\u0101lo ra\u017eo\u0161anas apr\u012bkojumu un visaptvero\u0161as test\u0113\u0161anas sist\u0113mas.<\/p>\n<p>M\u0113s esam ap\u0146\u0113mu\u0161ies apmierin\u0101t da\u017e\u0101das klientu vajadz\u012bbas ar augstu efektivit\u0101ti, precizit\u0101ti un kvalit\u0101ti. M\u016bsu produkti ir izstr\u0101d\u0101ti, koncentr\u0113joties uz piel\u0101go\u0161anu, nodro\u0161inot, ka m\u0113s apmierin\u0101m \u012bpa\u0161as klientu pras\u012bbas, vienlaikus saglab\u0101jot starptautiskos sertifik\u0101tus. M\u016bsu stabilais p\u0113cp\u0101rdo\u0161anas serviss v\u0113l vair\u0101k izce\u013c m\u016bs k\u0101 uzticamu partneri hidraulisko cilindru nozar\u0113.<\/p>\n<p><img decoding=\"async\" src=\"https:\/\/www.hydraulic-cylinders.net\/wp-content\/uploads\/2025\/04\/songte-company-4.webp\" alt=\"Uz\u0146\u0113muma t\u0113ls\"><br \/>\n<img decoding=\"async\" src=\"https:\/\/www.hydraulic-cylinders.net\/wp-content\/uploads\/2025\/04\/songte-company-3.webp\" alt=\"Uz\u0146\u0113muma t\u0113ls\"><\/p>\n<p>Autors: lil<\/p>","protected":false},"excerpt":{"rendered":"<p>Boom Cylinder For NHIG 2306LC Product Overview The Boom Cylinder for NHIG 2306LC is a specialized hydraulic cylinder designed for heavy machinery, particularly excavators, backhoe loaders, and front loaders. This type of hydraulic cylinder controls the movement of the bucket, enabling it to lift, lower, and tilt efficiently. The boom cylinder plays a crucial role [&hellip;]<\/p>","protected":false},"featured_media":17870,"comment_status":"open","ping_status":"closed","template":"","meta":{"_et_pb_use_builder":"","_et_pb_old_content":"","_et_gb_content_width":""},"product_brand":[],"product_cat":[1546],"product_tag":[1547,1496],"class_list":{"0":"post-19667","1":"product","2":"type-product","3":"status-publish","4":"has-post-thumbnail","6":"product_cat-boom-cylinders","7":"product_tag-boom-cylinders","8":"product_tag-hydraulic-cylinders","10":"first","11":"instock","12":"shipping-taxable","13":"product-type-simple"},"amp_enabled":true,"_links":{"self":[{"href":"https:\/\/www.hydraulic-cylinders.net\/lv\/wp-json\/wp\/v2\/product\/19667","targetHints":{"allow":["GET"]}}],"collection":[{"href":"https:\/\/www.hydraulic-cylinders.net\/lv\/wp-json\/wp\/v2\/product"}],"about":[{"href":"https:\/\/www.hydraulic-cylinders.net\/lv\/wp-json\/wp\/v2\/types\/product"}],"replies":[{"embeddable":true,"href":"https:\/\/www.hydraulic-cylinders.net\/lv\/wp-json\/wp\/v2\/comments?post=19667"}],"wp:featuredmedia":[{"embeddable":true,"href":"https:\/\/www.hydraulic-cylinders.net\/lv\/wp-json\/wp\/v2\/media\/17870"}],"wp:attachment":[{"href":"https:\/\/www.hydraulic-cylinders.net\/lv\/wp-json\/wp\/v2\/media?parent=19667"}],"wp:term":[{"taxonomy":"product_brand","embeddable":true,"href":"https:\/\/www.hydraulic-cylinders.net\/lv\/wp-json\/wp\/v2\/product_brand?post=19667"},{"taxonomy":"product_cat","embeddable":true,"href":"https:\/\/www.hydraulic-cylinders.net\/lv\/wp-json\/wp\/v2\/product_cat?post=19667"},{"taxonomy":"product_tag","embeddable":true,"href":"https:\/\/www.hydraulic-cylinders.net\/lv\/wp-json\/wp\/v2\/product_tag?post=19667"}],"curies":[{"name":"wp","href":"https:\/\/api.w.org\/{rel}","templated":true}]}}