{"id":19668,"date":"2025-04-07T07:00:38","date_gmt":"2025-04-07T07:00:38","guid":{"rendered":"https:\/\/www.hydraulic-cylinders.net\/product\/boom-cylinder-for-nhig-2006lc\/"},"modified":"2025-04-07T07:00:41","modified_gmt":"2025-04-07T07:00:41","slug":"boom-cylinder-for-nhig-2006lc","status":"publish","type":"product","link":"https:\/\/www.hydraulic-cylinders.net\/lv\/products\/boom-cylinder-for-nhig-2006lc\/","title":{"rendered":"NHIG 2006LC str\u0113les cilindrs"},"content":{"rendered":"<h1>NHIG 2006LC str\u0113les cilindrs<\/h1>\n<h2>Produkta p\u0101rskats<\/h2>\n<p>The <strong>NHIG 2006LC str\u0113les cilindrs<\/strong> ir specializ\u0113ts hidrauliskais cilindrs, kas paredz\u0113ts, lai kontrol\u0113tu kausu kust\u012bbu uz smag\u0101s tehnikas, piem\u0113ram, ekskavatoriem, ekskavatoriem-iekr\u0101v\u0113jiem un front\u0101lajiem iekr\u0101v\u0113jiem. \u0160is cilindrs \u013cauj kausam pacelties, nolaisties un noliekties, efekt\u012bvi atvieglojot materi\u0101lu apstr\u0101des uzdevumus.<\/p>\n<p><img decoding=\"async\" src=\"https:\/\/www.hydraulic-cylinders.net\/wp-content\/uploads\/2025\/04\/songte-company-1.webp\" alt=\"NHIG 2006LC str\u0113les cilindrs\" \/><\/p>\n<h3>Defin\u012bcija un funkcija<\/h3>\n<p>Kausa cilindrs ir hidraulisk\u0101 cilindra veids, kas \u012bpa\u0161i piel\u0101gots kausu kust\u012bbu vad\u012b\u0161anai da\u017e\u0101d\u0101s smagaj\u0101s ma\u0161\u012bn\u0101s. \u0160\u0101diem hidrauliskajiem cilindriem ir iz\u0161\u0137iro\u0161a noz\u012bme hidrauliskaj\u0101s sist\u0113m\u0101s, p\u0101rveidojot hidraulisko ener\u0123iju meh\u0101niskaj\u0101 ener\u0123ij\u0101, nodro\u0161inot kontrol\u0113tas un sp\u0113c\u012bgas kust\u012bbas.<\/p>\n<p>Izmantojot hidraulisk\u0101s e\u013c\u013cas spiedienu, str\u0113les cilindrs nodro\u0161ina nepiecie\u0161amo sp\u0113ku t\u0101du uzdevumu veik\u0161anai k\u0101 rak\u0161ana, cel\u0161ana un noliek\u0161ana. Tie ir svar\u012bgi komponenti situ\u0101cij\u0101s, kad nepiecie\u0161ama smaga cel\u0161ana un prec\u012bzas kust\u012bbas, t\u0101d\u0113j\u0101di nodro\u0161inot darb\u012bbas efektivit\u0101ti b\u016bvniec\u012bb\u0101, lauksaimniec\u012bb\u0101 un kalnr\u016bpniec\u012bb\u0101.<\/p>\n<h2>Str\u0113les cilindra \u012bpa\u0161\u012bbas<\/h2>\n<ul>\n<li><strong>Augsta iztur\u012bba un ilgm\u016b\u017e\u012bba:<\/strong> Izgatavots no augstas stipr\u012bbas t\u0113rauda vai alum\u012bnija, str\u0113les cilindrs var iztur\u0113t augstu spiedienu un lielas slodzes, padarot to piem\u0113rotu skarbiem darba apst\u0101k\u013ciem. T\u0101 konstrukcij\u0101 ir iek\u013cauta nodilumiztur\u012bba un iztur\u012bba pret koroziju, lai pagarin\u0101tu t\u0101 kalpo\u0161anas laiku.<\/li>\n<li><strong>Efekt\u012bva hidraulisk\u0101 darb\u012bba:<\/strong> Hidraulisk\u0101s e\u013c\u013cas spiediens nodro\u0161ina vienm\u0113r\u012bgu izstiep\u0161anu un ievilk\u0161anu, nodro\u0161inot \u0101tru reakciju uz vad\u012bbas komand\u0101m un jaud\u012bgu stum\u0161anas un vilk\u0161anas sp\u0113ku, padarot to ide\u0101li piem\u0113rotu smagu priek\u0161metu apstr\u0101dei un sare\u017e\u0123\u012btu uzdevumu veik\u0161anai.<\/li>\n<li><strong>Da\u017e\u0101di veidi:<\/strong> Str\u0113les cilindrs ir pieejams da\u017e\u0101d\u0101s konfigur\u0101cij\u0101s, tostarp vienas darb\u012bbas (izmantojot hidraulisko sp\u0113ku vien\u0101 virzien\u0101) vai divk\u0101r\u0161as darb\u012bbas (izmantojot hidraulisko sp\u0113ku abos virzienos). Da\u017ei mode\u013ci ir teleskopiski, kas \u013cauj to pagarin\u0101t, nepalielinot \u0101r\u0113jos izm\u0113rus.<\/li>\n<li><strong>Piel\u0101gojami risin\u0101jumi:<\/strong> M\u0113s varam ra\u017eot \u0161o produktu atbilsto\u0161i \u012bpa\u0161\u0101m pras\u012bb\u0101m, nodro\u0161inot, ka m\u016bsu cilindri perfekti aizst\u0101j eso\u0161os hidrauliskos cilindrus.<\/li>\n<li><strong>Daudzpus\u012bgi pielietojumi:<\/strong> M\u016bsu cilindri ir paredz\u0113ti da\u017e\u0101diem smago ma\u0161\u012bnu pielietojumiem, un tos var piel\u0101got da\u017e\u0101d\u0101m ekspluat\u0101cijas vajadz\u012bb\u0101m da\u017e\u0101d\u0101s nozar\u0113s.<\/li>\n<\/ul>\n<p><img decoding=\"async\" src=\"https:\/\/www.hydraulic-cylinders.net\/wp-content\/uploads\/2025\/04\/songte-cylinder-head-with-all-kinds-excavator-models.webp\" alt=\"Ekskavatoru mode\u013ci\" \/><\/p>\n<h2>Str\u0113les cilindra pielietojumi<\/h2>\n<h3>Celtniec\u012bbas apr\u012bkojums<\/h3>\n<p>In excavators, boom cylinders are essential for digging, loading, and transporting dirt or debris. The ability to control the bucket&#8217;s movements allows operators to perform tasks with precision and efficiency, leading to increased productivity on construction sites.<\/p>\n<h3>Lauksaimniec\u012bbas tehnika<\/h3>\n<p>Front\u0101lajos iekr\u0101v\u0113jos str\u0113les cilindri tiek izmantoti augsnes, siena un citu materi\u0101lu sav\u0101k\u0161anai, pacel\u0161anai un transport\u0113\u0161anai. Tas ir \u013coti svar\u012bgi lauksaimniec\u012bbas darb\u012bb\u0101s, kur efekt\u012bva materi\u0101lu apstr\u0101de var b\u016btiski ietekm\u0113t produktivit\u0101ti un darb\u012bbas efektivit\u0101ti.<\/p>\n<h3>Ekskavatori<\/h3>\n<p>Str\u0113les cilindrs \u013cauj kausam efekt\u012bvi iek\u013c\u016bt augsn\u0113, atvieglojot rak\u0161anas procesu. \u0160\u012b sp\u0113ja ir \u013coti svar\u012bga b\u016bvniec\u012bbas un ainavu veido\u0161anas projektos, kur nepiecie\u0161ama prec\u012bza izrakumu veik\u0161ana.<\/p>\n<h3>Iekr\u0101v\u0113ji<\/h3>\n<p>Front\u0101lajos iekr\u0101v\u0113jos str\u0113les cilindri pal\u012bdz efekt\u012bvi pacelt un izg\u0101zt materi\u0101lus. \u0160\u012b darb\u012bba ir \u013coti svar\u012bga uzdevumiem, kas saist\u012bti ar smagu kravu \u0101tru un dro\u0161u p\u0101rvieto\u0161anu, uzlabojot kop\u0113jo darbpl\u016bsmu.<\/p>\n<h2>Dizaina apsv\u0113rumi un atlases krit\u0113riji<\/h2>\n<h3>Kravnes\u012bba<\/h3>\n<p>Izv\u0113loties str\u0113les cilindru, viens no galvenajiem apsv\u0113rumiem ir t\u0101 kravnes\u012bba. Cilindram j\u0101sp\u0113j iztur\u0113t maksim\u0101lo svaru, ko tas pacels vai p\u0101rvietos, neapdraudot dro\u0161\u012bbu vai veiktsp\u0113ju. Konstrukcijai j\u0101ietver iztur\u012bga konstrukcija, kas nodro\u0161ina, ka tas var iztur\u0113t lielas slodzes ilgsto\u0161i. <\/p>\n<h3>Bl\u012bv\u0113\u0161anas sist\u0113ma<\/h3>\n<p>Bl\u012bv\u0113\u0161anas sist\u0113mai ir iz\u0161\u0137iro\u0161a noz\u012bme spiediena uztur\u0113\u0161an\u0101 cilindr\u0101 un hidraulisk\u0101 \u0161\u0137idruma nopl\u016bdes nov\u0113r\u0161an\u0101. Lai nodro\u0161in\u0101tu ilgm\u016b\u017e\u012bbu un uzticam\u012bbu, j\u0101izmanto augstas kvalit\u0101tes bl\u012bves, kas izgatavotas no t\u0101diem materi\u0101liem k\u0101 poliuret\u0101ns un nitrilgumija. Efekt\u012bvas bl\u012bves samazina pies\u0101r\u0146ojuma un hidraulisk\u0101 \u0161\u0137idruma zudumu risku, kas var izrais\u012bt sist\u0113mas boj\u0101jumus.<\/p>\n<h3>Iztur\u012bba<\/h3>\n<p>Iztur\u012bba ir b\u016btiska jebkuram hidrauliskajam komponentam, \u012bpa\u0161i sare\u017e\u0123\u012btos darba apst\u0101k\u013cos. Str\u0113les cilindra konstrukcij\u0101 izmantotajiem materi\u0101liem j\u0101b\u016bt iztur\u012bgiem pret nodilumu, koroziju un citiem vides faktoriem. Labi konstru\u0113tam cilindram b\u016bs ilg\u0101ks kalpo\u0161anas laiks, samazinot nepiecie\u0161am\u012bbu p\u0113c bie\u017eas nomai\u0146as.<\/p>\n<h3>Dro\u0161\u012bbas funkcijas<\/h3>\n<p>Dro\u0161\u012bba ir \u0101rk\u0101rt\u012bgi svar\u012bgs apsv\u0113rums hidraulisko cilindru konstrukcij\u0101. Lai nov\u0113rstu negad\u012bjumus un nodro\u0161in\u0101tu operatora dro\u0161\u012bbu darb\u012bbas laik\u0101, konstrukcij\u0101 j\u0101iek\u013cauj t\u0101das funkcijas k\u0101 spiediena samazin\u0101\u0161anas v\u0101rsti, rezerves dro\u0161\u012bbas sist\u0113mas un dro\u0161\u012bbas meh\u0101nismi.<\/p>\n<h3>Uzturam\u012bba<\/h3>\n<p>Projekt\u0113jot t\u0101, lai sist\u0113ma b\u016btu viegli apkopjama, tas noz\u012bm\u0113 nodro\u0161in\u0101t, ka str\u0113les cilindru var viegli p\u0101rbaud\u012bt, remont\u0113t un apkalpot. Tas var ietvert t\u0101das funkcijas k\u0101 pieejamas e\u013c\u013co\u0161anas vietas, nomain\u0101mas bl\u012bves un skaidru mar\u0137\u0113jumu apkopes proced\u016br\u0101m. Apkopjama sist\u0113ma samazina d\u012bkst\u0101ves laiku un uzlabo kop\u0113jo darb\u012bbas efektivit\u0101ti.<\/p>\n<p><img decoding=\"async\" src=\"https:\/\/www.hydraulic-cylinders.net\/wp-content\/uploads\/2025\/04\/songte-oil-pipes-and-spare-parts.webp\" alt=\"E\u013c\u013cas caurules un rezerves da\u013cas\" \/><\/p>\n<h2>Bl\u012bv\u0113\u0161ana un e\u013c\u013co\u0161ana<\/h2>\n<p>Str\u0113les cilindr\u0101 tiek izmantoti da\u017e\u0101di bl\u012bv\u0113jumi, tostarp virzu\u013ca bl\u012bv\u0113jumi un stie\u0146a bl\u012bv\u0113jumi, kas ir b\u016btiski hidraulisk\u0101 spiediena uztur\u0113\u0161anai un nopl\u016b\u017eu nov\u0113r\u0161anai. Bl\u012bv\u0113jumi, kas izgatavoti no iztur\u012bgiem materi\u0101liem, piem\u0113ram, poliuret\u0101na un nitrila gumijas, nodro\u0161ina augstu nodilumiztur\u012bbu un uzticam\u012bbu.<\/p>\n<p>Turkl\u0101t cilindra korpuss un v\u012bt\u0146ot\u0101s gala virsmas tiek r\u016bp\u012bgi apstr\u0101d\u0101tas, lai uzlabotu nodilumiztur\u012bbu. Lai uztur\u0113tu efekt\u012bvu darb\u012bbu, nodro\u0161inot cilindra nevainojamu darb\u012bbu un pagarinot t\u0101 kalpo\u0161anas laiku, ir nepiecie\u0161ama regul\u0101ra e\u013c\u013co\u0161ana ar atbilsto\u0161u hidraulisk\u0101s e\u013c\u013cas daudzumu.<\/p>\n<h2>Prevent\u012bvie apkopes pas\u0101kumi<\/h2>\n<ul>\n<li><strong>Regul\u0101ras p\u0101rbaudes:<\/strong> Ir svar\u012bgi regul\u0101ri p\u0101rbaud\u012bt hidraulisko cilindru, vai nav nodiluma, nopl\u016b\u017eu vai boj\u0101jumu paz\u012bmju. Probl\u0113mu agr\u012bna atkl\u0101\u0161ana var nov\u0113rst nopietn\u0101kus boj\u0101jumus.<\/li>\n<li><strong>Pareiza e\u013c\u013co\u0161ana:<\/strong> P\u0101rliecinieties, ka cilindrs ir pien\u0101c\u012bgi iee\u013c\u013cots, lai samazin\u0101tu berzi un nodilumu. Regul\u0101ri p\u0101rbaudiet un p\u0113c nepiecie\u0161am\u012bbas uzpildiet hidraulisk\u0101s e\u013c\u013cas l\u012bmeni.<\/li>\n<li><strong>Bl\u012bv\u0113juma nomai\u0146a:<\/strong> Uzraugiet bl\u012bv\u0113jumu st\u0101vokli un nekav\u0113joties nomainiet tos, ja ir ac\u012bmredzamas nodiluma vai boj\u0101jumu paz\u012bmes, lai nov\u0113rstu hidraulisk\u0101 \u0161\u0137idruma zudumus un saglab\u0101tu sist\u0113mas integrit\u0101ti.<\/li>\n<\/ul>\n<h2>Uzst\u0101d\u012b\u0161anas vadl\u012bnijas<\/h2>\n<p>Pareiza str\u0113les cilindra uzst\u0101d\u012b\u0161ana ir \u013coti svar\u012bga optim\u0101lai veiktsp\u0113jai un ilgm\u016b\u017e\u012bbai. Vispirms p\u0101rliecinieties, vai tehnikas stiprin\u0101juma punkti ir t\u012bri un bez gru\u017eiem. Pareizi izl\u012bdziniet cilindru ar stiprin\u0101juma kron\u0161teiniem un uzst\u0101d\u012b\u0161anas laik\u0101 izmantojiet atbilsto\u0161us atbalsta kron\u0161teinus, lai notur\u0113tu cilindru viet\u0101.<\/p>\n<p>Securely fasten all bolts and connections, and double-check the alignment of the cylinder to avoid stress during operation. After installation, test the hydraulic system to ensure there are no leaks and that the cylinder operates smoothly. Follow the manufacturer&#8217;s guidelines for any specific installation requirements.<\/p>\n<h2>Bie\u017ei sastopamie apkopes uzdevumi<\/h2>\n<ul>\n<li><strong>Regul\u0101ras p\u0101rbaudes:<\/strong> Regul\u0101ri p\u0101rbaudiet cilindru, lai laikus identific\u0113tu iesp\u0113jam\u0101s probl\u0113mas. Tas ietver nopl\u016b\u017eu, nodiluma un pareizas darb\u012bbas p\u0101rbaudi.<\/li>\n<li><strong>Pareiza e\u013c\u013co\u0161ana:<\/strong> P\u0101rliecinieties, vai cilindrs ir pareizi iee\u013c\u013cots. Tas ir \u013coti svar\u012bgi, lai nodro\u0161in\u0101tu hidraulisko komponentu netrauc\u0113tu darb\u012bbu un ilgm\u016b\u017e\u012bbu.<\/li>\n<li><strong>Bl\u012bv\u0113juma nomai\u0146a:<\/strong> Uzraugiet bl\u012bv\u0113jumu nodilumu un nomainiet tos, kad nepiecie\u0161ams. Tas pal\u012bdz uztur\u0113t hidraulisko integrit\u0101ti un nov\u0113rst nopl\u016bdes.<\/li>\n<\/ul>\n<h2>Dro\u0161\u012bbas apsv\u0113rumi un vides faktori<\/h2>\n<p>Izmantojot hidrauliskos cilindrus, ir \u013coti svar\u012bgi iev\u0113rot atbilsto\u0161us dro\u0161\u012bbas pas\u0101kumus. Operatoriem vienm\u0113r j\u0101valk\u0101 aizsargl\u012bdzek\u013ci un j\u0101iev\u0113ro dro\u0161\u012bbas protokoli, lai nov\u0113rstu negad\u012bjumus. Turkl\u0101t, lai samazin\u0101tu riskus, ir svar\u012bgi nodro\u0161in\u0101t, lai vide, kur\u0101 darbojas hidraulisk\u0101 sist\u0113ma, b\u016btu dro\u0161a un br\u012bva no apdraud\u0113jumiem.<\/p>\n<h2>Probl\u0113mu nov\u0113r\u0161ana un bie\u017ei sastopamas probl\u0113mas<\/h2>\n<ul>\n<li><strong>Nopl\u016bde:<\/strong> P\u0101rbaudiet, vai ap bl\u012bv\u0113m un savienojumiem nav nopl\u016b\u017eu. P\u0101rbaudiet bl\u012bves, vai t\u0101s nav nodilu\u0161as, un, ja nepiecie\u0161ams, nomainiet t\u0101s.<\/li>\n<li><strong>L\u0113na darb\u012bba:<\/strong> Ja cilindrs darbojas l\u0113ni, p\u0101rbaudiet, vai hidrauliskaj\u0101s l\u012bnij\u0101s nav zems hidraulisk\u0101 \u0161\u0137idruma l\u012bmenis vai aizsprostojumi.<\/li>\n<li><strong>Neparastas ska\u0146as:<\/strong> T\u0101das ska\u0146as k\u0101 sl\u012bp\u0113\u0161ana vai klab\u0113\u0161ana var liecin\u0101t par iek\u0161\u0113ju nodilumu. P\u0101rbaudiet un apkopiet cilindru p\u0113c nepiecie\u0161am\u012bbas.<\/li>\n<\/ul>\n<h2>Probl\u0113mu nov\u0113r\u0161anas padomi<\/h2>\n<p>Lai efekt\u012bvi diagnostic\u0113tu un nov\u0113rstu probl\u0113mas ar str\u0113les cilindru, vispirms p\u0101rbaudiet, vai nav redzamu nodiluma vai boj\u0101jumu paz\u012bmju. Regul\u0101ri p\u0101rbaudiet hidraulisk\u0101 \u0161\u0137idruma l\u012bmeni un, ja nepiecie\u0161ams, nomainiet filtrus. Turkl\u0101t p\u0101rliecinieties, vai visi savienojumi ir dro\u0161i un bez pies\u0101r\u0146ojuma. Prevent\u012bvo apkopes pas\u0101kumu ievie\u0161ana var iev\u0113rojami samazin\u0101t radu\u0161os probl\u0113mu bie\u017eumu.<\/p>\n<p><img decoding=\"async\" src=\"https:\/\/www.hydraulic-cylinders.net\/wp-content\/uploads\/2025\/04\/songte-bushings-with-all-kinds-of-excavator-models.webp\" alt=\"Ekskavatoru mode\u013ci\" \/><\/p>\n<h2>Uz\u0146\u0113muma p\u0101rskats<\/h2>\n<p>M\u0113s esam vado\u0161ais rezerves hidraulisko cilindru ra\u017eot\u0101js, kas pied\u0101v\u0101 pla\u0161u produktu kl\u0101stu gan viet\u0113jam, gan starptautiskajam tirgum. M\u016bsu ap\u0146em\u0161anos nodro\u0161in\u0101t izcil\u012bbu kvalit\u0101t\u0113 nodro\u0161ina izsmalcin\u0101ta ra\u017eo\u0161anas vad\u012bbas strat\u0113\u0123ija, kas izmanto kvalific\u0113tu person\u0101lu, modernu digit\u0101lo ra\u017eo\u0161anas apr\u012bkojumu un profesion\u0101las test\u0113\u0161anas sist\u0113mas.<\/p>\n<p>M\u016bsu darbn\u012bca nep\u0101rtraukti uzlabo savas ra\u017eo\u0161anas iesp\u0113jas, nodro\u0161inot augst\u0101k\u0101s kvalit\u0101tes ra\u017eo\u0161anas procesu m\u016bsu produktiem. Koncentr\u0113joties uz augstu efektivit\u0101ti, precizit\u0101ti un kvalit\u0101ti, m\u0113s cen\u0161amies apmierin\u0101t da\u017e\u0101das klientu pras\u012bbas, pied\u0101v\u0101jot piel\u0101gotus risin\u0101jumus un izcilu servisu.<\/p>\n<p><img decoding=\"async\" src=\"https:\/\/www.hydraulic-cylinders.net\/wp-content\/uploads\/2025\/04\/songte-company-4.webp\" alt=\"Uz\u0146\u0113muma p\u0101rskats\" \/><br \/>\n<img decoding=\"async\" src=\"https:\/\/www.hydraulic-cylinders.net\/wp-content\/uploads\/2025\/04\/songte-company-3.webp\" alt=\"Uz\u0146\u0113muma telpas\" \/><\/p>\n<p>Autors: lil<\/p>","protected":false},"excerpt":{"rendered":"<p>Boom Cylinder For NHIG 2006LC Product Overview The Boom Cylinder For NHIG 2006LC is a specialized hydraulic cylinder designed to control the movement of buckets on heavy machinery such as excavators, backhoe loaders, and front loaders. This cylinder enables the bucket to lift, lower, and tilt, facilitating material handling tasks efficiently. Definition and Function A [&hellip;]<\/p>","protected":false},"featured_media":17871,"comment_status":"open","ping_status":"closed","template":"","meta":{"_et_pb_use_builder":"","_et_pb_old_content":"","_et_gb_content_width":""},"product_brand":[],"product_cat":[1546],"product_tag":[1547,1496],"class_list":{"0":"post-19668","1":"product","2":"type-product","3":"status-publish","4":"has-post-thumbnail","6":"product_cat-boom-cylinders","7":"product_tag-boom-cylinders","8":"product_tag-hydraulic-cylinders","10":"first","11":"instock","12":"shipping-taxable","13":"product-type-simple"},"amp_enabled":true,"_links":{"self":[{"href":"https:\/\/www.hydraulic-cylinders.net\/lv\/wp-json\/wp\/v2\/product\/19668","targetHints":{"allow":["GET"]}}],"collection":[{"href":"https:\/\/www.hydraulic-cylinders.net\/lv\/wp-json\/wp\/v2\/product"}],"about":[{"href":"https:\/\/www.hydraulic-cylinders.net\/lv\/wp-json\/wp\/v2\/types\/product"}],"replies":[{"embeddable":true,"href":"https:\/\/www.hydraulic-cylinders.net\/lv\/wp-json\/wp\/v2\/comments?post=19668"}],"wp:featuredmedia":[{"embeddable":true,"href":"https:\/\/www.hydraulic-cylinders.net\/lv\/wp-json\/wp\/v2\/media\/17871"}],"wp:attachment":[{"href":"https:\/\/www.hydraulic-cylinders.net\/lv\/wp-json\/wp\/v2\/media?parent=19668"}],"wp:term":[{"taxonomy":"product_brand","embeddable":true,"href":"https:\/\/www.hydraulic-cylinders.net\/lv\/wp-json\/wp\/v2\/product_brand?post=19668"},{"taxonomy":"product_cat","embeddable":true,"href":"https:\/\/www.hydraulic-cylinders.net\/lv\/wp-json\/wp\/v2\/product_cat?post=19668"},{"taxonomy":"product_tag","embeddable":true,"href":"https:\/\/www.hydraulic-cylinders.net\/lv\/wp-json\/wp\/v2\/product_tag?post=19668"}],"curies":[{"name":"wp","href":"https:\/\/api.w.org\/{rel}","templated":true}]}}