{"id":19669,"date":"2025-04-07T07:00:42","date_gmt":"2025-04-07T07:00:42","guid":{"rendered":"https:\/\/www.hydraulic-cylinders.net\/product\/boom-cylinder-for-bada-wys60\/"},"modified":"2025-04-07T07:00:52","modified_gmt":"2025-04-07T07:00:52","slug":"boom-cylinder-for-bada-wys60","status":"publish","type":"product","link":"https:\/\/www.hydraulic-cylinders.net\/lv\/products\/boom-cylinder-for-bada-wys60\/","title":{"rendered":"Bada WYS60 str\u0113les cilindrs"},"content":{"rendered":"<h1>Bada WYS60 str\u0113les cilindrs<\/h1>\n<h2>Ievads str\u0113les cilindr\u0101<\/h2>\n<p>Bada WYS60 str\u0113les cilindrs ir b\u016btiska sast\u0101vda\u013ca, kas paredz\u0113ta smagaj\u0101m ma\u0161\u012bn\u0101m, \u012bpa\u0161i hidrauliskaj\u0101m sist\u0113m\u0101m. \u0160im hidrauliskajam cilindram ir iz\u0161\u0137iro\u0161a noz\u012bme kausa kust\u012bbas kontrol\u0113\u0161an\u0101 ekskavatoros, ekskavatoru-iekr\u0101v\u0113jos un front\u0101lajos iekr\u0101v\u0113jos. \u013baujot kausam pacelties, nolaisties un noliekties, tas atvieglo efekt\u012bvus materi\u0101lu apstr\u0101des uzdevumus da\u017e\u0101d\u0101s nozar\u0113s.<\/p>\n<p>B\u016bt\u012bb\u0101 str\u0113les cilindrs ir hidraulisks izpildmeh\u0101nisms, kas p\u0101rveido hidraulisko ener\u0123iju meh\u0101nisk\u0101 sp\u0113k\u0101, \u013caujot operatoriem veikt sare\u017e\u0123\u012btas kust\u012bbas ar smago apr\u012bkojumu. \u0160ie cilindri ir konstru\u0113ti t\u0101, lai iztur\u0113tu pras\u012bgu darba vidi, padarot tos par vit\u0101li svar\u012bgiem b\u016bvniec\u012bb\u0101, lauksaimniec\u012bb\u0101 un kalnr\u016bpniec\u012bb\u0101.<\/p>\n<p><img decoding=\"async\" src=\"https:\/\/www.hydraulic-cylinders.net\/wp-content\/uploads\/2025\/04\/songte-company-1.webp\" alt=\"Str\u0113les cilindra att\u0113ls\" \/><\/p>\n<h2>Str\u0113les cilindra \u012bpa\u0161\u012bbas<\/h2>\n<ul>\n<li>\n<h3>Augsta iztur\u012bba un ilgm\u016b\u017e\u012bba<\/h3>\n<p>Parasti no augstas stipr\u012bbas t\u0113rauda vai alum\u012bnija izgatavotais str\u0113les cilindrs var iztur\u0113t augstu spiedienu un lielas slodzes. T\u0101 konstrukcija ir paredz\u0113ta nodilumiztur\u012bbai un aizsardz\u012bbai pret koroziju, nodro\u0161inot ilgm\u016b\u017e\u012bbu skarbos darba apst\u0101k\u013cos.<\/p>\n<\/li>\n<li>\n<h3>Efekt\u012bva hidraulisk\u0101 darb\u012bba<\/h3>\n<p>Izmantojot hidraulisk\u0101s e\u013c\u013cas spiedienu, cilindrs nodro\u0161ina vienm\u0113r\u012bgu izstiep\u0161anu un ievilk\u0161anu. Tas \u0101tri rea\u0123\u0113 uz operatora komand\u0101m, nodro\u0161inot jaud\u012bgu stum\u0161anas un vilk\u0161anas sp\u0113ku, kas ir piem\u0113rots smagu un sare\u017e\u0123\u012btu uzdevumu veik\u0161anai.<\/p>\n<\/li>\n<li>\n<h3>Pieejami da\u017e\u0101di veidi<\/h3>\n<p>Str\u0113les cilindru var piel\u0101got k\u0101 vienvirziena darb\u012bbas (hidrauliski darbin\u0101mu vien\u0101 virzien\u0101) vai divk\u0101r\u0161as darb\u012bbas (hidrauliski darbin\u0101mu abos virzienos), lai atbilstu da\u017e\u0101d\u0101m ekspluat\u0101cijas pras\u012bb\u0101m. Da\u017eiem mode\u013ciem ir teleskopiska konstrukcija, kas nodro\u0161ina liel\u0101ku sniedzam\u012bbu, nepalielinot \u0101r\u0113jos izm\u0113rus, kas ir ide\u0101li piem\u0113rots darbam ar ierobe\u017eotu vietu.<\/p>\n<\/li>\n<li>\n<h3>Piel\u0101gota ra\u017eo\u0161ana<\/h3>\n<p>M\u0113s specializ\u0113jamies \u0161\u012b produkta ra\u017eo\u0161an\u0101, nodro\u0161inot, ka m\u016bsu hidrauliskie cilindri var lieliski aizst\u0101t eso\u0161os mode\u013cus, pied\u0101v\u0101jot klientiem uzticamu alternat\u012bvu.<\/p>\n<\/li>\n<\/ul>\n<p><img decoding=\"async\" src=\"https:\/\/www.hydraulic-cylinders.net\/wp-content\/uploads\/2025\/04\/songte-cylinder-head-with-all-kinds-excavator-models.webp\" alt=\"Ekskavatora mode\u013cu att\u0113ls\" \/><\/p>\n<h2>Str\u0113les cilindra pielietojumi<\/h2>\n<ul>\n<li>\n<h3>Celtniec\u012bbas apr\u012bkojums<\/h3>\n<p>Ekskavatoros str\u0113les cilindri ir vit\u0101li svar\u012bgi augsnes vai gru\u017eu rak\u0161anai, iekrau\u0161anai un p\u0101rvieto\u0161anai. Tie \u013cauj kausam efekt\u012bvi iek\u013c\u016bt zem\u0113, padarot rak\u0161anas darbus efekt\u012bv\u0101kus. Ekskavatoros-iekr\u0101v\u0113jos \u0161ie cilindri pal\u012bdz gan rak\u0161anas, gan cel\u0161anas oper\u0101cij\u0101s, uzlabojot ma\u0161\u012bnas daudzpus\u012bbu.<\/p>\n<\/li>\n<li>\n<h3>Lauksaimniec\u012bbas tehnika<\/h3>\n<p>Front\u0101lo iekr\u0101v\u0113ju str\u0113les cilindri ir \u013coti svar\u012bgi augsnes, siena un citu materi\u0101lu sav\u0101k\u0161anai, cel\u0161anai un transport\u0113\u0161anai. Tie nodro\u0161ina vienm\u0113r\u012bgu darb\u012bbu lauksaimniec\u012bbas darbos, t\u0101d\u0113j\u0101di uzlabojot produktivit\u0101ti lauksaimniec\u012bbas nozar\u0113s.<\/p>\n<\/li>\n<li>\n<h3>Ekskavatori<\/h3>\n<p>\u0160ie cilindri \u013cauj kausam iek\u013c\u016bt augsn\u0113, atvieglojot efekt\u012bvas rak\u0161anas darb\u012bbas. To iztur\u012bg\u0101 konstrukcija nodro\u0161ina, ka tie sp\u0113j iztur\u0113t iev\u0113rojamus sp\u0113kus, kas rodas rak\u0161anas laik\u0101, padarot tos neaizst\u0101jamus \u0161aj\u0101 jom\u0101.<\/p>\n<\/li>\n<li>\n<h3>Iekr\u0101v\u0113ji<\/h3>\n<p>Front\u0101lajos iekr\u0101v\u0113jos str\u0113les cilindri pal\u012bdz efekt\u012bvi pacelt un izkraut kravas. Tie \u013cauj operatoriem neman\u0101mi veikt materi\u0101lu apstr\u0101des uzdevumus, palielinot darb\u012bbas efektivit\u0101ti.<\/p>\n<\/li>\n<\/ul>\n<h2>Dizaina apsv\u0113rumi un atlases krit\u0113riji<\/h2>\n<ul>\n<li>\n<h3>Kravnes\u012bba<\/h3>\n<p>Izv\u0113loties str\u0113les cilindru, ir svar\u012bgi izprast kravnes\u012bbu. Cilindram j\u0101sp\u0113j iztur\u0113t maksim\u0101l\u0101s slodzes, kas rodas ekspluat\u0101cijas laik\u0101, neapdraudot veiktsp\u0113ju vai dro\u0161\u012bbu. Pareiza slodzes apr\u0113\u0137ins nodro\u0161ina cilindra efekt\u012bvu darb\u012bbu, samazinot atteices risku.<\/p>\n<\/li>\n<li>\n<h3>Bl\u012bv\u0113juma veiktsp\u0113ja<\/h3>\n<p>Efekt\u012bva bl\u012bv\u0113\u0161ana ir \u013coti svar\u012bga hidrauliskajiem cilindriem, lai nov\u0113rstu nopl\u016bdes un uztur\u0113tu optim\u0101lu spiedienu. Augstas kvalit\u0101tes bl\u012bv\u0113jumi nodro\u0161ina hidraulisk\u0101 \u0161\u0137idruma notur\u0113\u0161anu, vienlaikus nodro\u0161inot vienm\u0113r\u012bgu cilindra darb\u012bbu. Lai nodro\u0161in\u0101tu nep\u0101rtrauktu darb\u012bbu, ir nepiecie\u0161ama regul\u0101ra bl\u012bv\u0113jumu p\u0101rbaude.<\/p>\n<\/li>\n<li>\n<h3>Iztur\u012bba<\/h3>\n<p>Iztur\u012bba ir b\u016btiska str\u0113les cilindra konstrukcij\u0101, jo \u0161\u012bs sast\u0101vda\u013cas ir pak\u013cautas skarbiem vides apst\u0101k\u013ciem un liel\u0101m slodz\u0113m. Augstas kvalit\u0101tes materi\u0101lu un p\u0101rkl\u0101jumu izmanto\u0161ana var iev\u0113rojami pagarin\u0101t cilindra kalpo\u0161anas laiku, samazinot nepiecie\u0161am\u012bbu p\u0113c bie\u017eas nomai\u0146as.<\/p>\n<\/li>\n<li>\n<h3>Dro\u0161\u012bbas funkcijas<\/h3>\n<p>Dro\u0161\u012bbas elementu iek\u013cau\u0161ana str\u0113les cilindru konstrukcij\u0101 ir \u013coti svar\u012bga, lai aizsarg\u0101tu operatorus un ma\u0161\u012bnas. T\u0101das funkcijas k\u0101 spiediena samazin\u0101\u0161anas v\u0101rsti un av\u0101rijas aptur\u0113\u0161anas meh\u0101nismi var nov\u0113rst negad\u012bjumus un iek\u0101rtu boj\u0101jumus darb\u012bbas laik\u0101.<\/p>\n<\/li>\n<li>\n<h3>Apkopes pieejam\u012bba<\/h3>\n<p>Konstrukcijas, kas nodro\u0161ina \u0113rtu apkopi un piek\u013cuvi iek\u0161\u0113j\u0101m sast\u0101vda\u013c\u0101m, var iev\u0113rojami samazin\u0101t d\u012bkst\u0101ves laiku un uzlabot darb\u012bbas efektivit\u0101ti. Regul\u0101ras apkopes p\u0101rbaudes un \u0113rta piek\u013cuve deta\u013c\u0101m atvieglo remontu un pagarina cilindra kalpo\u0161anas laiku.<\/p>\n<\/li>\n<\/ul>\n<p><img decoding=\"async\" src=\"https:\/\/www.hydraulic-cylinders.net\/wp-content\/uploads\/2025\/04\/songte-oil-pipes-and-spare-parts.webp\" alt=\"Hidraulisko komponentu att\u0113ls\" \/><\/p>\n<h2>Hidraulisk\u0101 cilindra bl\u012bv\u0113\u0161ana un e\u013c\u013co\u0161ana<\/h2>\n<p>Pareiza bl\u012bv\u0113\u0161ana un e\u013c\u013co\u0161ana ir b\u016btiska str\u0113les cilindru optim\u0101lai darb\u012bbai. Lai izveidotu herm\u0113tisku barjeru, kas nov\u0113r\u0161 hidraulisk\u0101 \u0161\u0137idruma nopl\u016bdi, tiek izmantoti da\u017e\u0101di bl\u012bv\u0113jumi, piem\u0113ram, virzu\u013ca bl\u012bv\u0113jumi un stie\u0146a bl\u012bv\u0113jumi. Bl\u012bv\u0113jumi bie\u017ei tiek izgatavoti no iztur\u012bgiem materi\u0101liem, piem\u0113ram, poliuret\u0101na un nitrila gumijas, lai iztur\u0113tu nodilumu.<\/p>\n<p>Cilindra korpuss un v\u012bt\u0146otie gali ir r\u016bp\u012bgi apstr\u0101d\u0101ti, lai uzlabotu nodilumiztur\u012bbu un nodro\u0161in\u0101tu ilgm\u016b\u017e\u012bbu. Regul\u0101ra e\u013c\u013co\u0161ana ar hidraulisko e\u013c\u013cu ir b\u016btiska, lai nodro\u0161in\u0101tu vienm\u0113r\u012bgu darb\u012bbu. Atbilsto\u0161s e\u013c\u013cas l\u012bmenis samazina berzi un siltuma uzkr\u0101\u0161anos, pagarinot cilindra kalpo\u0161anas laiku un efektivit\u0101ti.<\/p>\n<h2>Regul\u0101ra p\u0101rbaude un profilaktisk\u0101 apkope<\/h2>\n<ul>\n<li>\n<h3>Regul\u0101ra p\u0101rbaude<\/h3>\n<p>Regul\u0101ri j\u0101veic p\u0101rbaudes, lai noteiktu jebk\u0101das nodiluma, nopl\u016b\u017eu vai boj\u0101jumu paz\u012bmes. Savlaic\u012bga probl\u0113mu atkl\u0101\u0161ana var nov\u0113rst nopietn\u0101kas probl\u0113mas n\u0101kotn\u0113. Operatori j\u0101apm\u0101ca atpaz\u012bt br\u012bdin\u0101juma z\u012bmes, nodro\u0161inot proakt\u012bvu apkopi.<\/p>\n<\/li>\n<li>\n<h3>E\u013c\u013co\u0161anas grafiks<\/h3>\n<p>E\u013c\u013co\u0161anas grafika izveide pal\u012bdz uztur\u0113t hidraulisk\u0101 cilindra optim\u0101lu darb\u012bbu. Operatoriem j\u0101b\u016bt modriem, p\u0101rbaudot e\u013c\u013cas l\u012bmeni un nepiecie\u0161am\u012bbas gad\u012bjum\u0101 pievienojot e\u013c\u013cu, lai nov\u0113rstu ar e\u013c\u013co\u0161anu saist\u012btas k\u013c\u016bmes.<\/p>\n<\/li>\n<li>\n<h3>Bl\u012bv\u0113juma nomai\u0146a<\/h3>\n<p>Regul\u0101ra bl\u012bv\u0113jumu nomai\u0146a ir \u013coti svar\u012bga, lai saglab\u0101tu hidraulisko efektivit\u0101ti. Nolietoti bl\u012bv\u0113jumi var izrais\u012bt \u0161\u0137idruma nopl\u016bdes, k\u0101 rezult\u0101t\u0101 samazin\u0101s veiktsp\u0113ja un var tikt boj\u0101ta tehnika. Sistem\u0101tiska pieeja bl\u012bv\u0113jumu nomai\u0146ai var uzlabot kop\u0113jo veiktsp\u0113ju.<\/p>\n<\/li>\n<\/ul>\n<h2>Str\u0113les cilindra uzst\u0101d\u012b\u0161anas vadl\u012bnijas<\/h2>\n<p>Pareiza uzst\u0101d\u012b\u0161ana ir \u0101rk\u0101rt\u012bgi svar\u012bga, lai nodro\u0161in\u0101tu str\u0113les cilindra ilgm\u016b\u017e\u012bbu un funkcionalit\u0101ti. Vispirms p\u0101rliecinieties, vai cilindrs ir t\u012brs un bez pies\u0101r\u0146ojuma. Pareiza izl\u012bdzin\u0101\u0161ana ir \u013coti svar\u012bga; cilindram j\u0101b\u016bt pareizi izl\u012bdzin\u0101tam, lai nov\u0113rstu p\u0101rm\u0113r\u012bgu slodzi uz bl\u012bv\u0113m un stie\u0146iem. Izmantojiet atbilsto\u0161us mont\u0101\u017eas kron\u0161teinus, lai nostiprin\u0101tu cilindru viet\u0101, nodro\u0161inot stabilit\u0101ti darb\u012bbas laik\u0101.<\/p>\n<p>Iev\u0113rojiet ra\u017eot\u0101ja nor\u0101d\u012bjumus par griezes momenta specifik\u0101cij\u0101m, lai izvair\u012btos no savienojumu p\u0101rslodzes vai nepietiekamas pievilk\u0161anas. P\u0113c uzst\u0101d\u012b\u0161anas veiciet r\u016bp\u012bgu p\u0101rbaudi, vai nav nopl\u016b\u017eu, un p\u0101rliecinieties, vai visi savienojumi ir dro\u0161i. Regul\u0101ra izl\u012bdzin\u0101juma un stiprin\u0101juma p\u0101rbaude p\u0113c uzst\u0101d\u012b\u0161anas var iev\u0113rojami uzlabot cilindra veiktsp\u0113ju.<\/p>\n<h2>Bie\u017ei sastopamie apkopes uzdevumi<\/h2>\n<ul>\n<li>\n<h3>Regul\u0101ras p\u0101rbaudes<\/h3>\n<p>Regul\u0101ru p\u0101rbau\u017eu veik\u0161ana \u013cauj laikus identific\u0113t potenci\u0101l\u0101s probl\u0113mas. Operatoriem j\u0101b\u016bt apm\u0101c\u012btiem mekl\u0113t nodiluma vai nopl\u016b\u017eu paz\u012bmes, nodro\u0161inot iek\u0101rtu nevainojamu darb\u012bbu.<\/p>\n<\/li>\n<li>\n<h3>Pareiza e\u013c\u013co\u0161ana<\/h3>\n<p>Hidraulisko cilindru efekt\u012bvai darb\u012bbai ir svar\u012bgi uztur\u0113t atbilsto\u0161u e\u013c\u013co\u0161anu. Operatoriem j\u0101iev\u0113ro stingrs e\u013c\u013co\u0161anas grafiks, lai nodro\u0161in\u0101tu optim\u0101lu veiktsp\u0113ju un pagarin\u0101tu cilindra kalpo\u0161anas laiku.<\/p>\n<\/li>\n<li>\n<h3>Bl\u012bv\u0113juma nomai\u0146a un kalibr\u0113\u0161ana<\/h3>\n<p>Bl\u012bvju nomai\u0146a un cilindra kalibr\u0113\u0161ana ir \u013coti svar\u012bga, lai uztur\u0113tu veiktsp\u0113ju. Operatoriem j\u0101zina paz\u012bmes, kas nor\u0101da uz nepiecie\u0161am\u012bbu nomain\u012bt bl\u012bvi, lai nodro\u0161in\u0101tu nep\u0101rtrauktu darb\u012bbu.<\/p>\n<\/li>\n<\/ul>\n<p><img decoding=\"async\" src=\"https:\/\/www.hydraulic-cylinders.net\/wp-content\/uploads\/2025\/04\/songte-chushion-collar.webp\" alt=\"Spilvenu apkakles att\u0113ls\" \/><\/p>\n<h2>Dro\u0161\u012bbas apsv\u0113rumi un vides faktori<\/h2>\n<p>Izmantojot hidrauliskos cilindrus, ir svar\u012bgi priorit\u0101ri noteikt dro\u0161\u012bbas pas\u0101kumus, lai aizsarg\u0101tu gan operatorus, gan vidi. Nodro\u0161iniet, lai visi operatori b\u016btu apm\u0101c\u012bti dro\u0161\u012bbas protokolos un izprastu ar hidrauliskaj\u0101m sist\u0113m\u0101m saist\u012btos riskus. Regul\u0101ras dro\u0161\u012bbas rev\u012bzijas var pal\u012bdz\u0113t noteikt jomas, kur\u0101s nepiecie\u0161ami uzlabojumi, un ieviest nepiecie\u0161am\u0101s izmai\u0146as.<\/p>\n<p>J\u0101\u0146em v\u0113r\u0101 ar\u012b vides apsv\u0113rumi. Pareiza hidraulisko \u0161\u0137idrumu utiliz\u0101cija un iek\u0101rtu apkope, lai nov\u0113rstu nopl\u016bdes, var samazin\u0101t ietekmi uz vidi. Videi draudz\u012bgas prakses ievie\u0161ana var uzlabot uz\u0146\u0113muma reput\u0101ciju un samazin\u0101t regulat\u012bvos riskus.<\/p>\n<h2>Probl\u0113mu nov\u0113r\u0161ana un bie\u017ei sastopamas probl\u0113mas<\/h2>\n<ul>\n<li>\n<h3>Nopl\u016bdes probl\u0113mas<\/h3>\n<p>Nopl\u016bdes var rasties nodilu\u0161u bl\u012bv\u0113jumu vai boj\u0101tu savienojumu d\u0113\u013c. Regul\u0101ra bl\u012bv\u0113jumu un savienojumu p\u0101rbaude var pal\u012bdz\u0113t savlaic\u012bgi atkl\u0101t nopl\u016bdes. Pareiza savienojumu pievilk\u0161anas griezes momenta nodro\u0161in\u0101\u0161ana un periodiska bl\u012bv\u0113jumu nomai\u0146a var mazin\u0101t nopl\u016bdes probl\u0113mas.<\/p>\n<\/li>\n<li>\n<h3>Samazin\u0101ta veiktsp\u0113ja<\/h3>\n<p>Ja cilindrs nedarbojas, k\u0101 paredz\u0113ts, tas var b\u016bt nepietiekamas e\u013c\u013co\u0161anas vai nolietotu deta\u013cu d\u0113\u013c. Regul\u0101ra e\u013c\u013co\u0161ana un savlaic\u012bga nolietoto deta\u013cu nomai\u0146a ir \u013coti svar\u012bga, lai uztur\u0113tu optim\u0101lu veiktsp\u0113ju.<\/p>\n<\/li>\n<li>\n<h3>Nerea\u0123\u0113jo\u0161a iedarbin\u0101\u0161ana<\/h3>\n<p>Nepietiekama rea\u0123\u0113tsp\u0113ja var liecin\u0101t par probl\u0113m\u0101m ar hidraulisk\u0101 \u0161\u0137idruma l\u012bmeni vai sist\u0113m\u0101 iesprostotu gaisu. Regul\u0101ra \u0161\u0137idruma l\u012bme\u0146a p\u0101rbaude un sist\u0113mas atgaiso\u0161ana var atrisin\u0101t \u0161\u012bs probl\u0113mas.<\/p>\n<\/li>\n<\/ul>\n<h2>Probl\u0113mu nov\u0113r\u0161anas padomi<\/h2>\n<p>Lai efekt\u012bvi diagnostic\u0113tu un nov\u0113rstu probl\u0113mas ar str\u0113les cilindru, operatoriem ir j\u0101uztur skaidra p\u0101rbau\u017eu un apkopes darbu uzskaite. \u0160\u012b dokument\u0101cija var pal\u012bdz\u0113t identific\u0113t likumsakar\u012bbas un atk\u0101rtotas probl\u0113mas.<\/p>\n<p>Prevent\u012bvie pas\u0101kumi, piem\u0113ram, regul\u0101ra apkope un p\u0101rbaudes, ir \u013coti svar\u012bgi, lai samazin\u0101tu nopietnu probl\u0113mu risku. Operatori ir ar\u012b j\u0101apm\u0101ca \u0101tri rea\u0123\u0113t uz br\u012bdin\u0101juma z\u012bm\u0113m, nodro\u0161inot efekt\u012bvu un dro\u0161u darb\u012bbu.<\/p>\n<p><img decoding=\"async\" src=\"https:\/\/www.hydraulic-cylinders.net\/wp-content\/uploads\/2025\/04\/songte-bushings-with-all-kinds-of-excavator-models.webp\" alt=\"Bukses att\u0113ls\" \/><\/p>\n<h2>Par m\u016bsu uz\u0146\u0113mumu<\/h2>\n<p>M\u0113s esam vado\u0161ais rezerves hidraulisko cilindru ra\u017eot\u0101js, kas pied\u0101v\u0101 pla\u0161u produktu kl\u0101stu. M\u016bsu ap\u0146em\u0161an\u0101s sasniegt izcil\u012bbu ir pozicion\u0113jusi m\u016bs k\u0101 vienu no vado\u0161ajiem ra\u017eot\u0101jiem un vairumtirgot\u0101jiem viet\u0113j\u0101 un starptautiskaj\u0101 tirg\u016b. M\u0113s iev\u0113rojam uz kvalit\u0101ti orient\u0113tu filozofiju, ko atbalsta izsmalcin\u0101tas ra\u017eo\u0161anas strat\u0113\u0123ijas un modern\u0101kais digit\u0101lais apr\u012bkojums.<\/p>\n<p>M\u016bsu kvalific\u0113to speci\u0101listu komanda ir ap\u0146\u0113musies uzlabot m\u016bsu ra\u017eo\u0161anas platformu un nodro\u0161in\u0101t visaugst\u0101ko produktu kvalit\u0101ti. M\u0113s pied\u0101v\u0101jam piel\u0101gotus risin\u0101jumus, kas piel\u0101goti da\u017e\u0101d\u0101m klientu vajadz\u012bb\u0101m, un tos apliecina starptautiski sertifik\u0101ti, kas garant\u0113 m\u016bsu produktu uzticam\u012bbu un veiktsp\u0113ju.<\/p>\n<p><img decoding=\"async\" src=\"https:\/\/www.hydraulic-cylinders.net\/wp-content\/uploads\/2025\/04\/songte-company-4.webp\" alt=\"Uz\u0146\u0113muma telpas att\u0113ls\" \/><br \/>\n<img decoding=\"async\" src=\"https:\/\/www.hydraulic-cylinders.net\/wp-content\/uploads\/2025\/04\/songte-company-3.webp\" alt=\"Uz\u0146\u0113muma ra\u017eo\u0161anas att\u0113ls\" \/><\/p>\n<p>Autors: lil<\/p>","protected":false},"excerpt":{"rendered":"<p>Boom Cylinder For Bada WYS60 Introduction to Boom Cylinder The Boom Cylinder for Bada WYS60 is an essential component designed for heavy machinery, particularly in hydraulic systems. This hydraulic cylinder plays a crucial role in controlling the movement of the bucket in excavators, backhoe loaders, and front-end loaders. By allowing the bucket to lift, lower, [&hellip;]<\/p>","protected":false},"featured_media":17872,"comment_status":"open","ping_status":"closed","template":"","meta":{"_et_pb_use_builder":"","_et_pb_old_content":"","_et_gb_content_width":""},"product_brand":[],"product_cat":[1546],"product_tag":[1547,1496],"class_list":{"0":"post-19669","1":"product","2":"type-product","3":"status-publish","4":"has-post-thumbnail","6":"product_cat-boom-cylinders","7":"product_tag-boom-cylinders","8":"product_tag-hydraulic-cylinders","10":"first","11":"instock","12":"shipping-taxable","13":"product-type-simple"},"amp_enabled":true,"_links":{"self":[{"href":"https:\/\/www.hydraulic-cylinders.net\/lv\/wp-json\/wp\/v2\/product\/19669","targetHints":{"allow":["GET"]}}],"collection":[{"href":"https:\/\/www.hydraulic-cylinders.net\/lv\/wp-json\/wp\/v2\/product"}],"about":[{"href":"https:\/\/www.hydraulic-cylinders.net\/lv\/wp-json\/wp\/v2\/types\/product"}],"replies":[{"embeddable":true,"href":"https:\/\/www.hydraulic-cylinders.net\/lv\/wp-json\/wp\/v2\/comments?post=19669"}],"wp:featuredmedia":[{"embeddable":true,"href":"https:\/\/www.hydraulic-cylinders.net\/lv\/wp-json\/wp\/v2\/media\/17872"}],"wp:attachment":[{"href":"https:\/\/www.hydraulic-cylinders.net\/lv\/wp-json\/wp\/v2\/media?parent=19669"}],"wp:term":[{"taxonomy":"product_brand","embeddable":true,"href":"https:\/\/www.hydraulic-cylinders.net\/lv\/wp-json\/wp\/v2\/product_brand?post=19669"},{"taxonomy":"product_cat","embeddable":true,"href":"https:\/\/www.hydraulic-cylinders.net\/lv\/wp-json\/wp\/v2\/product_cat?post=19669"},{"taxonomy":"product_tag","embeddable":true,"href":"https:\/\/www.hydraulic-cylinders.net\/lv\/wp-json\/wp\/v2\/product_tag?post=19669"}],"curies":[{"name":"wp","href":"https:\/\/api.w.org\/{rel}","templated":true}]}}