{"id":19670,"date":"2025-04-07T07:00:52","date_gmt":"2025-04-07T07:00:52","guid":{"rendered":"https:\/\/www.hydraulic-cylinders.net\/product\/boom-cylinder-for-bada-wysbd500c-s\/"},"modified":"2025-04-07T07:00:56","modified_gmt":"2025-04-07T07:00:56","slug":"boom-cylinder-for-bada-wysbd500c-s","status":"publish","type":"product","link":"https:\/\/www.hydraulic-cylinders.net\/lv\/products\/boom-cylinder-for-bada-wysbd500c-s\/","title":{"rendered":"Bada WYSBD500C-S str\u0113les cilindrs"},"content":{"rendered":"<h1>Bada WYSBD500C-S str\u0113les cilindrs<\/h1>\n<h2>Str\u0113les cilindra izpratne<\/h2>\n<p>\u012apa\u0161i Bada WYSBD500C-S izstr\u0101d\u0101tais str\u0113les cilindrs ir b\u016btiska hidraulisko sist\u0113mu sast\u0101vda\u013ca, ko izmanto da\u017e\u0101d\u0101s smagaj\u0101s ma\u0161\u012bn\u0101s. \u0160\u0101da veida hidrauliskais cilindrs galvenok\u0101rt tiek izmantots, lai kontrol\u0113tu kausu kust\u012bbu ekskavatoros, univers\u0101lajos iekr\u0101v\u0113jos un front\u0101lajos iekr\u0101v\u0113jos. Nodro\u0161inot kausa pacel\u0161anu, nolai\u0161anu un noliek\u0161anu, tas iev\u0113rojami atvieglo materi\u0101lu apstr\u0101des uzdevumus. Kausa cilindrs darbojas, izmantojot hidraulisk\u0101s e\u013c\u013cas spiedienu kust\u012bbas rad\u012b\u0161anai, padarot to par b\u016btisku elementu smag\u0101s tehnikas darb\u012bbas efektivit\u0101tes un lietder\u012bbas nodro\u0161in\u0101\u0161an\u0101.<\/p>\n<p><img decoding=\"async\" src=\"https:\/\/www.hydraulic-cylinders.net\/wp-content\/uploads\/2025\/04\/songte-company-1.webp\" alt=\"Str\u0113les cilindrs\" \/><\/p>\n<h2>Str\u0113les cilindra \u012bpa\u0161\u012bbas<\/h2>\n<h3>Augsta iztur\u012bba un ilgm\u016b\u017e\u012bba<\/h3>\n<ul>\n<li>Izgatavots no augstas stipr\u012bbas t\u0113rauda vai alum\u012bnija, kas \u013cauj iztur\u0113t augstu spiedienu un lielas slodzes.<\/li>\n<li>Izstr\u0101d\u0101ts darbam skarbos darba apst\u0101k\u013cos, \u0146emot v\u0113r\u0101 nodilumiztur\u012bbu un aizsardz\u012bbu pret koroziju.<\/li>\n<li>Pagarin\u0101ts kalpo\u0161anas laiks, pateicoties stingriem ra\u017eo\u0161anas standartiem.<\/li>\n<\/ul>\n<h3>Efekt\u012bva hidraulisk\u0101 darb\u012bba<\/h3>\n<ul>\n<li>Izmanto hidraulisk\u0101s e\u013c\u013cas spiedienu vienm\u0113r\u012bgai izvilk\u0161anai un ievilk\u0161anai.<\/li>\n<li>\u0100tri rea\u0123\u0113 uz operatora komand\u0101m, nodro\u0161inot jaud\u012bgas stum\u0161anas un vilk\u0161anas iesp\u0113jas.<\/li>\n<li>Ide\u0101li piem\u0113rots smagu priek\u0161metu apstr\u0101dei un sare\u017e\u0123\u012btu uzdevumu prec\u012bzai veik\u0161anai.<\/li>\n<\/ul>\n<h3>Da\u017e\u0101di veidi<\/h3>\n<ul>\n<li>Iesp\u0113jas starp vienk\u0101r\u0161as darb\u012bbas (darbojas vien\u0101 virzien\u0101) un divk\u0101r\u0161as darb\u012bbas (darbojas abos virzienos) cilindriem, lai atbilstu da\u017e\u0101d\u0101m ekspluat\u0101cijas pras\u012bb\u0101m.<\/li>\n<li>Da\u017ei mode\u013ci ir teleskopiski, kas \u013cauj tos papla\u0161in\u0101t, nepalielinot \u0101r\u0113jos izm\u0113rus, un ir piem\u0113roti lieto\u0161anai ierobe\u017eot\u0101 telp\u0101.<\/li>\n<\/ul>\n<p>M\u016bsu uz\u0146\u0113mums specializ\u0113jas \u0161o cilindru ra\u017eo\u0161an\u0101, nodro\u0161inot, ka tie perfekti aizst\u0101j eso\u0161os hidrauliskos cilindrus.<\/p>\n<p><img decoding=\"async\" src=\"https:\/\/www.hydraulic-cylinders.net\/wp-content\/uploads\/2025\/04\/songte-cylinder-head-with-all-kinds-excavator-models.webp\" alt=\"Ekskavatoru mode\u013ci\" \/><\/p>\n<h2>Str\u0113les cilindra pielietojumi<\/h2>\n<h3>Celtniec\u012bbas apr\u012bkojums<\/h3>\n<p>B\u016bvniec\u012bbas iek\u0101rt\u0101s, piem\u0113ram, ekskavatoros, str\u0113les cilindram ir iz\u0161\u0137iro\u0161a loma augsnes vai gru\u017eu rak\u0161an\u0101, iekrau\u0161an\u0101 un p\u0101rvieto\u0161an\u0101. T\u0101 hidraulisk\u0101s iesp\u0113jas \u013cauj rakt dzi\u013ci zem\u0113, savuk\u0101rt efekt\u012bv\u0101 cel\u0161anas kust\u012bba \u013cauj transport\u0113t materi\u0101lus uz v\u0113lamaj\u0101m viet\u0101m. Integr\u0113jot to ekskavatoros-iekr\u0101v\u0113jos, tas pal\u012bdz ne tikai rak\u0161anas, bet ar\u012b cel\u0161anas oper\u0101cij\u0101s, padarot to par daudzpus\u012bgu instrumentu b\u016bvniec\u012bbas darbiem.<\/p>\n<h3>Lauksaimniec\u012bbas tehnika<\/h3>\n<p>Lauksaimniec\u012bbas darbos str\u0113les cilindrs ir \u013coti svar\u012bgs front\u0101lajiem iekr\u0101v\u0113jiem, jo \u200b\u200btas atvieglo augsnes, siena un citu materi\u0101lu sav\u0101k\u0161anu, cel\u0161anu un transport\u0113\u0161anu. T\u0101 hidraulisk\u0101 iztur\u012bba atbalsta da\u017e\u0101dus lauksaimniec\u012bbas uzdevumus, \u013caujot lauksaimniekiem efekt\u012bvi p\u0101rvald\u012bt savu darb\u012bbu un uzlabot produktivit\u0101ti.<\/p>\n<h3>Ekskavatori<\/h3>\n<p>Ekskavatoriem str\u0113les cilindrs ir b\u016btisks, lai kauss var\u0113tu iek\u013c\u016bt zem\u0113 rak\u0161anas darbu laik\u0101. \u0160\u012b sp\u0113ja nodro\u0161ina da\u017e\u0101du materi\u0101lu efekt\u012bvu izrak\u0161anu, padarot to par neaizst\u0101jamu sast\u0101vda\u013cu zemes p\u0101rvieto\u0161anas darbos.<\/p>\n<h3>Iekr\u0101v\u0113ji<\/h3>\n<p>Front\u0101lajos iekr\u0101v\u0113jos str\u0113les cilindri pal\u012bdz efekt\u012bvi pacelt un izg\u0101zt materi\u0101lus. To konstrukcija nodro\u0161ina vienm\u0113r\u012bgu darb\u012bbu, atvieglojot beramkravu apstr\u0101di un uzlabojot darba \u0101trumu un efektivit\u0101ti objekt\u0101.<\/p>\n<h2>Dizaina apsv\u0113rumi un atlases krit\u0113riji<\/h2>\n<h3>Kravnes\u012bba<\/h3>\n<p>Izv\u0113loties str\u0113les cilindru, \u0101rk\u0101rt\u012bgi svar\u012bgi ir izprast t\u0101 kravnes\u012bbu. Cilindram ir j\u0101iztur ekspluat\u0101cijas slodzes bez boj\u0101jumiem, nodro\u0161inot dro\u0161\u012bbu un efektivit\u0101ti. Ra\u017eot\u0101ji parasti sniedz kravnes\u012bbas v\u0113rt\u0113jumus, pamatojoties uz pla\u0161iem testiem, t\u0101p\u0113c ir svar\u012bgi izv\u0113l\u0113ties cilindru, kas atbilst vai p\u0101rsniedz paredz\u0113t\u0101 pielietojuma pras\u012bbas.<\/p>\n<h3>Bl\u012bv\u0113\u0161ana<\/h3>\n<p>Efekt\u012bva bl\u012bv\u0113\u0161ana ir \u013coti svar\u012bga hidraulisk\u0101 spiediena uztur\u0113\u0161anai. Augstas kvalit\u0101tes bl\u012bves nov\u0113r\u0161 nopl\u016bdes un nodro\u0161ina optim\u0101lu cilindra darb\u012bbu. Ra\u017eot\u0101ji bie\u017ei izmanto bl\u012bves, kas izgatavotas no iztur\u012bgiem materi\u0101liem, piem\u0113ram, poliuret\u0101na vai nitrila gumijas, kas ir paredz\u0113tas iztur\u012bbai pret nodilumu un skarbiem apst\u0101k\u013ciem. Regul\u0101ras p\u0101rbaudes un savlaic\u012bga nomai\u0146a uzlabo cilindra kalpo\u0161anas laiku.<\/p>\n<h3>Iztur\u012bba<\/h3>\n<p>Iztur\u012bba ir galvenais faktors str\u0113les cilindru konstrukcij\u0101. Sast\u0101vda\u013cas bie\u017ei tiek pak\u013cautas ekstrem\u0101liem apst\u0101k\u013ciem, tostarp spiediena sv\u0101rst\u012bb\u0101m un vides elementiem. T\u0101p\u0113c, izv\u0113loties cilindru, kas izgatavots no augstas iztur\u012bbas materi\u0101liem ar aizsargp\u0101rkl\u0101jumiem, var iev\u0113rojami palielin\u0101t t\u0101 kalpo\u0161anas laiku un samazin\u0101t apkopes nepiecie\u0161am\u012bbu.<\/p>\n<h3>Dro\u0161\u012bbas funkcijas<\/h3>\n<p>Dro\u0161\u012bbas apsv\u0113rumi ir kritiski svar\u012bgi, projekt\u0113jot hidrauliskos cilindrus. T\u0101das funkcijas k\u0101 spiediena samazin\u0101\u0161anas v\u0101rsti un dro\u0161i stiprin\u0101juma meh\u0101nismi nodro\u0161ina dro\u0161u darb\u012bbu. Balonu izv\u0113le ar ieb\u016bv\u0113t\u0101m dro\u0161\u012bbas funkcij\u0101m pal\u012bdz nov\u0113rst negad\u012bjumus un iek\u0101rtu boj\u0101jumus, t\u0101d\u0113j\u0101di veicinot dro\u0161\u0101ku darba vidi.<\/p>\n<h3>Apkopes pieejam\u012bba<\/h3>\n<p>Str\u0113les cilindra konstrukcijai j\u0101\u0146em v\u0113r\u0101 ar\u012b apkopes vienk\u0101r\u0161\u012bba. Pieejamie apkopes punkti \u013cauj \u0101tri veikt p\u0101rbaudes un remontu, t\u0101d\u0113j\u0101di samazinot d\u012bkst\u0101ves laiku. Regul\u0101ra apkope ir \u013coti svar\u012bga, lai nodro\u0161in\u0101tu cilindra efekt\u012bvu un dro\u0161u darb\u012bbu, pagarinot t\u0101 kalpo\u0161anas laiku.<\/p>\n<p><img decoding=\"async\" src=\"https:\/\/www.hydraulic-cylinders.net\/wp-content\/uploads\/2025\/04\/songte-oil-pipes-and-spare-parts.webp\" alt=\"E\u013c\u013cas caurules un rezerves da\u013cas\" \/><\/p>\n<h2>Hidraulisk\u0101 cilindra bl\u012bv\u0113\u0161ana un e\u013c\u013co\u0161ana<\/h2>\n<p>Lai uztur\u0113tu optim\u0101lu veiktsp\u0113ju, tiek izmantoti da\u017e\u0101di bl\u012bv\u0113\u0161anas komponenti, tostarp virzu\u013ca bl\u012bvsl\u0113gi \u200b\u200bun stie\u0146a bl\u012bvsl\u0113gi. Bl\u012bv\u0113jumi, kas izgatavoti no nodilumiztur\u012bgiem materi\u0101liem, piem\u0113ram, poliuret\u0101na un nitrila gumijas, ir svar\u012bgi, lai nov\u0113rstu hidraulisk\u0101 \u0161\u0137idruma nopl\u016bdi un uztur\u0113tu spiedienu. Turkl\u0101t cilindra korpuss un v\u012bt\u0146otie gali tiek prec\u012bzi apstr\u0101d\u0101ti, lai uzlabotu iztur\u012bbu un nodilumiztur\u012bbu. Regul\u0101ra e\u013c\u013co\u0161ana ar hidraulisko e\u013c\u013cu ir nepiecie\u0161ama, lai nodro\u0161in\u0101tu vienm\u0113r\u012bgu darb\u012bbu un nov\u0113rstu iek\u0161\u0113jus boj\u0101jumus, kam nepiecie\u0161amas periodiskas p\u0101rbaudes un papildin\u0101\u0161ana.<\/p>\n<h2>Regul\u0101ras p\u0101rbaudes un prevent\u012bv\u0101s apkopes pas\u0101kumi<\/h2>\n<ul>\n<li><strong>Regul\u0101ras p\u0101rbaudes:<\/strong> Regul\u0101ras str\u0113les cilindra p\u0101rbaudes ir \u013coti svar\u012bgas, lai noteiktu nodiluma, nopl\u016b\u017eu un boj\u0101jumu paz\u012bmes. Pl\u0101notas p\u0101rbaudes \u013cauj savlaic\u012bgi veikt pas\u0101kumus, kas var nov\u0113rst nopietn\u0101kas probl\u0113mas n\u0101kotn\u0113.<\/li>\n<li><strong>Prevent\u012bv\u0101 apkope:<\/strong> Prevent\u012bv\u0101s apkopes grafika ievie\u0161ana var iev\u0113rojami uzlabot cilindra veiktsp\u0113ju un kalpo\u0161anas laiku. Regul\u0101ri apkopes darbi ietver bl\u012bv\u0113jumu p\u0101rbaudi, kust\u012bgo da\u013cu e\u013c\u013co\u0161anu un atbilsto\u0161a hidraulisk\u0101 \u0161\u0137idruma l\u012bme\u0146a nodro\u0161in\u0101\u0161anu.<\/li>\n<li><strong>Komponentu nomai\u0146a:<\/strong> Komponentu nolietojuma izseko\u0161ana un to nomai\u0146a nepiecie\u0161am\u012bbas gad\u012bjum\u0101 ir \u013coti svar\u012bga darb\u012bbas efektivit\u0101tes uztur\u0113\u0161anai. Regul\u0101ra bl\u012bv\u0113jumu, \u0161\u013c\u016bte\u0146u un citu svar\u012bgu deta\u013cu nomai\u0146a var nov\u0113rst k\u013c\u016bmes un pagarin\u0101t iek\u0101rtu kalpo\u0161anas laiku.<\/li>\n<\/ul>\n<h2>Uzst\u0101d\u012b\u0161anas vadl\u012bnijas<\/h2>\n<p>Lai nodro\u0161in\u0101tu pareizu str\u0113les cilindra uzst\u0101d\u012b\u0161anu, iev\u0113rojiet \u0161\u012bs vadl\u012bnijas:<\/p>\n<ol>\n<li>Nodro\u0161iniet pareizu cilindra izl\u012bdzin\u0101\u0161anu ar stiprin\u0101juma punktiem uz ma\u0161\u012bnas.<\/li>\n<li>Izmantojiet atbilsto\u0161us mont\u0101\u017eas kron\u0161teinus, lai nostiprin\u0101tu cilindru viet\u0101, nov\u0113r\u0161ot kust\u012bbu darb\u012bbas laik\u0101.<\/li>\n<li>Lai nodro\u0161in\u0101tu dro\u0161u pievilk\u0161anu, iev\u0113rojiet ra\u017eot\u0101ja nor\u0101d\u012bjumus par skr\u016bvju un savienojumu griezes momenta iestat\u012bjumiem.<\/li>\n<li>P\u0113c uzst\u0101d\u012b\u0161anas p\u0101rbaudiet visus hidrauliskos savienojumus, vai nav nopl\u016b\u017eu, un p\u0101rliecinieties, vai hidraulisk\u0101 \u0161\u0137idruma l\u012bmenis ir pietiekams.<\/li>\n<li>Veiciet testa darb\u012bbu, lai p\u0101rliecin\u0101tos, ka cilindrs darbojas pareizi un ka nav \u0161\u0137\u0113r\u0161\u013cu vai novir\u017eu no novietojuma.<\/li>\n<\/ol>\n<h2>Bie\u017ei sastopamie apkopes uzdevumi<\/h2>\n<ul>\n<li><strong>Regul\u0101ras p\u0101rbaudes:<\/strong> Ir svar\u012bgi regul\u0101ri p\u0101rbaud\u012bt str\u0113les cilindru, vai nav nodiluma vai boj\u0101jumu paz\u012bmju. Potenci\u0101lo probl\u0113mu agr\u012bna identific\u0113\u0161ana var ietaup\u012bt laiku un izmaksas, kas saist\u012btas ar apr\u012bkojuma boj\u0101jumiem.<\/li>\n<li><strong>Pareiza e\u013c\u013co\u0161ana:<\/strong> Nodro\u0161inot, ka hidrauliskais cilindrs ir pien\u0101c\u012bgi iee\u013c\u013cots, tiek nov\u0113rsts iek\u0161\u0113jais nodilums un tiek nodro\u0161in\u0101ta vienm\u0113r\u012bga darb\u012bba. Regul\u0101ri p\u0101rbaudiet un p\u0113c nepiecie\u0161am\u012bbas uzpildiet hidraulisko e\u013c\u013cu.<\/li>\n<li><strong>Bl\u012bv\u0113juma nomai\u0146a:<\/strong> Laika gait\u0101 bl\u012bves var nolietoties, izraisot nopl\u016bdes un samazin\u0101tu veiktsp\u0113ju. Bl\u012bvju p\u0101rbaude un nomai\u0146a ir \u013coti svar\u012bga, lai saglab\u0101tu hidraulisk\u0101 cilindra integrit\u0101ti.<\/li>\n<\/ul>\n<h2>Dro\u0161\u012bbas apsv\u0113rumi un vides faktori<\/h2>\n<p>Izmantojot hidrauliskos cilindrus, ir svar\u012bgi integr\u0113t dro\u0161\u012bbas pas\u0101kumus, lai aizsarg\u0101tu operatorus un apk\u0101rt\u0113jo person\u0101lu. Atbilsto\u0161u apm\u0101c\u012bbu programmu ievie\u0161ana par hidraulisko sist\u0113mu dro\u0161u ekspluat\u0101ciju un apkopi var iev\u0113rojami samazin\u0101t negad\u012bjumu skaitu. Turkl\u0101t \u0146emiet v\u0113r\u0101 t\u0101dus vides faktorus k\u0101 \u0161\u0137idrumu utiliz\u0101cija un iek\u0101rtu t\u012br\u012b\u0161ana, lai samazin\u0101tu ietekmi uz ekolo\u0123isko ietekmi, nodro\u0161inot atbilst\u012bbu nozares noteikumiem un veicinot ilgtsp\u0113j\u012bgu praksi.<\/p>\n<h2>K\u013c\u016bmju diagnostika un bie\u017e\u0101k sastopam\u0101s probl\u0113mas<\/h2>\n<ul>\n<li><strong>Nopl\u016bde:<\/strong> Viena no visbie\u017e\u0101k sastopamaj\u0101m hidraulisko cilindru probl\u0113m\u0101m ir \u0161\u0137idruma nopl\u016bde, ko var izrais\u012bt nolietoti bl\u012bv\u0113jumi vai boj\u0101tas deta\u013cas. Regul\u0101ras nopl\u016b\u017eu p\u0101rbaudes var pal\u012bdz\u0113t t\u0101s savlaic\u012bgi identific\u0113t un nov\u0113rst.<\/li>\n<li><strong>Jaudas zudums:<\/strong> Jaudas vai rea\u0123\u0113tsp\u0113jas samazin\u0101\u0161an\u0101s var liecin\u0101t par zemu hidraulisk\u0101 \u0161\u0137idruma l\u012bmeni vai iek\u0161\u0113jiem boj\u0101jumiem. Hidraulisk\u0101 \u0161\u0137idruma l\u012bme\u0146a uzraudz\u012bba un regul\u0101ras apkopes veik\u0161ana var nov\u0113rst \u0161o probl\u0113mu.<\/li>\n<li><strong>P\u0101rkar\u0161ana:<\/strong> P\u0101rm\u0113r\u012bgs karstums var ietekm\u0113t hidraulisk\u0101s sist\u0113mas darb\u012bbu, ko bie\u017ei izraisa p\u0101rslodze vai nepietiekama e\u013c\u013co\u0161ana. Nodro\u0161inot, lai hidraulisk\u0101 sist\u0113ma netiktu p\u0101rslogota, un regul\u0101ri p\u0101rbaudot e\u013c\u013co\u0161anu, var mazin\u0101t p\u0101rkar\u0161anas risku.<\/li>\n<\/ul>\n<h2>Probl\u0113mu nov\u0113r\u0161anas padomi un risin\u0101jumi<\/h2>\n<p>Lai efekt\u012bvi diagnostic\u0113tu un risin\u0101tu hidraulisko cilindru probl\u0113mas, \u0146emiet v\u0113r\u0101 \u0161\u0101dus padomus:<\/p>\n<ul>\n<li>Veiciet r\u016bp\u012bgas p\u0101rbaudes, lai noteiktu nopl\u016bdes avotu, neatkar\u012bgi no t\u0101, vai tas ir bl\u012bv\u0113jums vai \u0161\u013c\u016btene. Nekav\u0113joties nomainiet nolietot\u0101s deta\u013cas, lai izvair\u012btos no turpm\u0101kiem boj\u0101jumiem.<\/li>\n<li>Ja rodas jaudas zudums, p\u0101rbaudiet hidraulisk\u0101 \u0161\u0137idruma l\u012bmeni un, ja nepiecie\u0161ams, uzpildiet. Ja probl\u0113ma joproj\u0101m past\u0101v, p\u0101rbaudiet, vai nav iek\u0161\u0113ju boj\u0101jumu vai aizsprostojumu.<\/li>\n<li>P\u0101rkar\u0161anas ba\u017eu gad\u012bjum\u0101 p\u0101rliecinieties, ka sist\u0113ma nav p\u0101rslogota, un uzturiet atbilsto\u0161u e\u013c\u013co\u0161anas l\u012bmeni. Regul\u0101ra uzraudz\u012bba var nov\u0113rst p\u0101rkar\u0161anu un ar to saist\u012btos boj\u0101jumus.<\/li>\n<\/ul>\n<p><img decoding=\"async\" src=\"https:\/\/www.hydraulic-cylinders.net\/wp-content\/uploads\/2025\/04\/songte-bushings-with-all-kinds-of-excavator-models.webp\" alt=\"Ekskavatoru mode\u013cu bukses\" \/><\/p>\n<h2>Par m\u016bsu uz\u0146\u0113mumu<\/h2>\n<p>M\u0113s esam vado\u0161ais hidraulisko cilindru ra\u017eot\u0101js un vairumtirgot\u0101js, kas ir ap\u0146\u0113mies nodro\u0161in\u0101t pla\u0161u produktu kl\u0101stu, kas piel\u0101gots da\u017e\u0101d\u0101m tirgus vajadz\u012bb\u0101m. M\u016bsu ap\u0146em\u0161an\u0101s sasniegt izcil\u012bbu ir redzama m\u016bsu prec\u012bzaj\u0101 ra\u017eo\u0161anas praks\u0113, ko virza progres\u012bvas tehnolo\u0123ijas un prasm\u012bgs person\u0101ls. Izmantojot augst\u0101k\u0101s klases digit\u0101l\u0101s ra\u017eo\u0161anas iek\u0101rtas un stabilas kvalit\u0101tes nodro\u0161in\u0101\u0161anas sist\u0113mas, m\u0113s past\u0101v\u012bgi uzlabojam savas ra\u017eo\u0161anas iesp\u0113jas. M\u016bsu ap\u0146em\u0161an\u0101s nodro\u0161in\u0101t augstu efektivit\u0101ti, precizit\u0101ti un kvalit\u0101ti \u013cauj mums efekt\u012bvi izpild\u012bt m\u016bsu klientu da\u017e\u0101d\u0101s pras\u012bbas.<\/p>\n<p>M\u0113s lepojamies ar savu profesion\u0101lo pieredzi, starptautiskajiem sertifik\u0101tiem, piel\u0101gotajiem pakalpojumiem un izcilo p\u0113cp\u0101rdo\u0161anas atbalstu. M\u016bsu ra\u017eotnes ir apr\u012bkotas ar modern\u0101kaj\u0101m tehnolo\u0123ij\u0101m, nodro\u0161inot, ka m\u016bsu produkti atbilst augst\u0101kajiem kvalit\u0101tes un veiktsp\u0113jas standartiem.<\/p>\n<p><img decoding=\"async\" src=\"https:\/\/www.hydraulic-cylinders.net\/wp-content\/uploads\/2025\/04\/songte-company-4.webp\" alt=\"Uz\u0146\u0113muma telpas\" \/><br \/>\n<img decoding=\"async\" src=\"https:\/\/www.hydraulic-cylinders.net\/wp-content\/uploads\/2025\/04\/songte-company-3.webp\" alt=\"Uz\u0146\u0113muma p\u0101rskats\" \/><\/p>\n<p>Autors: lil<\/p>","protected":false},"excerpt":{"rendered":"<p>Boom Cylinder For Bada WYSBD500C-S Understanding the Boom Cylinder The Boom Cylinder, specifically designed for the Bada WYSBD500C-S, is an essential component of hydraulic systems used in various heavy machinery. This type of hydraulic cylinder is primarily employed to control the movement of buckets in excavators, backhoes, and front loaders. By enabling the lifting, lowering, [&hellip;]<\/p>","protected":false},"featured_media":17873,"comment_status":"open","ping_status":"closed","template":"","meta":{"_et_pb_use_builder":"","_et_pb_old_content":"","_et_gb_content_width":""},"product_brand":[],"product_cat":[1546],"product_tag":[1547,1496],"class_list":{"0":"post-19670","1":"product","2":"type-product","3":"status-publish","4":"has-post-thumbnail","6":"product_cat-boom-cylinders","7":"product_tag-boom-cylinders","8":"product_tag-hydraulic-cylinders","10":"first","11":"instock","12":"shipping-taxable","13":"product-type-simple"},"amp_enabled":true,"_links":{"self":[{"href":"https:\/\/www.hydraulic-cylinders.net\/lv\/wp-json\/wp\/v2\/product\/19670","targetHints":{"allow":["GET"]}}],"collection":[{"href":"https:\/\/www.hydraulic-cylinders.net\/lv\/wp-json\/wp\/v2\/product"}],"about":[{"href":"https:\/\/www.hydraulic-cylinders.net\/lv\/wp-json\/wp\/v2\/types\/product"}],"replies":[{"embeddable":true,"href":"https:\/\/www.hydraulic-cylinders.net\/lv\/wp-json\/wp\/v2\/comments?post=19670"}],"wp:featuredmedia":[{"embeddable":true,"href":"https:\/\/www.hydraulic-cylinders.net\/lv\/wp-json\/wp\/v2\/media\/17873"}],"wp:attachment":[{"href":"https:\/\/www.hydraulic-cylinders.net\/lv\/wp-json\/wp\/v2\/media?parent=19670"}],"wp:term":[{"taxonomy":"product_brand","embeddable":true,"href":"https:\/\/www.hydraulic-cylinders.net\/lv\/wp-json\/wp\/v2\/product_brand?post=19670"},{"taxonomy":"product_cat","embeddable":true,"href":"https:\/\/www.hydraulic-cylinders.net\/lv\/wp-json\/wp\/v2\/product_cat?post=19670"},{"taxonomy":"product_tag","embeddable":true,"href":"https:\/\/www.hydraulic-cylinders.net\/lv\/wp-json\/wp\/v2\/product_tag?post=19670"}],"curies":[{"name":"wp","href":"https:\/\/api.w.org\/{rel}","templated":true}]}}