{"id":19673,"date":"2025-04-07T07:01:03","date_gmt":"2025-04-07T07:01:03","guid":{"rendered":"https:\/\/www.hydraulic-cylinders.net\/product\/boom-cylinder-for-baoding-wy65-6\/"},"modified":"2025-04-07T07:01:06","modified_gmt":"2025-04-07T07:01:06","slug":"boom-cylinder-for-baoding-wy65-6","status":"publish","type":"product","link":"https:\/\/www.hydraulic-cylinders.net\/lv\/products\/boom-cylinder-for-baoding-wy65-6\/","title":{"rendered":"Baoding WY65-6 str\u0113les cilindrs"},"content":{"rendered":"<h1>Baoding WY65-6 str\u0113les cilindrs<\/h1>\n<h2>Produkta p\u0101rskats<\/h2>\n<p>Baoding WY65-6 str\u0113les cilindrs ir specializ\u0113ts hidrauliskais cilindrs, kas paredz\u0113ts kausu kust\u012bbas vad\u012bbai smagaj\u0101s ma\u0161\u012bn\u0101s, piem\u0113ram, ekskavatoros, iekr\u0101v\u0113jos un front\u0101lajos iekr\u0101v\u0113jos. \u0160is hidrauliskais cilindrs \u013cauj kausam efekt\u012bvi pacelt, nolaist un noliekt, atvieglojot da\u017e\u0101dus materi\u0101lu apstr\u0101des uzdevumus. Kausa cilindrs ir b\u016btiska hidraulisko sist\u0113mu sast\u0101vda\u013ca, kur tas p\u0101rveido hidraulisko ener\u0123iju meh\u0101niskaj\u0101 ener\u0123ij\u0101, nodro\u0161inot vienm\u0113r\u012bgu un kontrol\u0113tu kust\u012bbu b\u016bvniec\u012bbas un lauksaimniec\u012bbas tehnik\u0101.<\/p>\n<p><img decoding=\"async\" src=\"https:\/\/www.hydraulic-cylinders.net\/wp-content\/uploads\/2025\/04\/songte-company-1.webp\" alt=\"Str\u0113les cilindrs\" \/><\/p>\n<h2>Galven\u0101s iez\u012bmes<\/h2>\n<ul>\n<li><strong>Augsta iztur\u012bba un ilgm\u016b\u017e\u012bba:<\/strong> Izgatavots no augstas stipr\u012bbas t\u0113rauda vai alum\u012bnija, kas sp\u0113j iztur\u0113t augstu spiedienu un lielas slodzes. Paredz\u0113ts nodilumiztur\u012bbai un aizsardz\u012bbai pret koroziju, pagarinot t\u0101 kalpo\u0161anas laiku.<\/li>\n<li><strong>Efekt\u012bva hidraulisk\u0101 darb\u012bba:<\/strong> Izmanto hidraulisk\u0101s e\u013c\u013cas spiedienu vienm\u0113r\u012bgai izvilk\u0161anai un ievilk\u0161anai, \u013caujot \u0101tri rea\u0123\u0113t uz vad\u012bbas komand\u0101m un nodro\u0161inot sp\u0113c\u012bgu stum\u0161anas un vilk\u0161anas sp\u0113ku smagu un sare\u017e\u0123\u012btu uzdevumu veik\u0161anai.<\/li>\n<li><strong>Da\u017e\u0101di veidi:<\/strong> Pieejams vienk\u0101r\u0161\u0101s darb\u012bbas (hidraulisk\u0101 sist\u0113ma tiek izmantota vien\u0101 virzien\u0101) vai divk\u0101r\u0161\u0101s darb\u012bbas (hidraulisk\u0101 sist\u0113ma tiek izmantota abos virzienos) konfigur\u0101cij\u0101s, lai apmierin\u0101tu da\u017e\u0101das ekspluat\u0101cijas vajadz\u012bbas. Da\u017eiem mode\u013ciem ir teleskopiska konstrukcija, kas nodro\u0161ina liel\u0101ku sniedzam\u012bbu, nepalielinot izm\u0113ru, un ir piem\u0113rota lieto\u0161anai ierobe\u017eot\u0101 telp\u0101.<\/li>\n<li><strong>Piel\u0101gota ra\u017eo\u0161ana:<\/strong> M\u016bsu ra\u017eo\u0161anas iesp\u0113jas \u013cauj mums ra\u017eot \u0161o produktu, nodro\u0161inot perfektu da\u017e\u0101du tirg\u016b pieejamo hidraulisko cilindru aizvietot\u0101ju.<\/li>\n<li><strong>Visaptvero\u0161a kvalit\u0101tes kontrole:<\/strong> Katrs cilindrs tiek pak\u013cauts stingrai p\u0101rbaudei, lai nodro\u0161in\u0101tu t\u0101 atbilst\u012bbu augstiem kvalit\u0101tes standartiem attiec\u012bb\u0101 uz uzticam\u012bbu un veiktsp\u0113ju.<\/li>\n<\/ul>\n<p><img decoding=\"async\" src=\"https:\/\/www.hydraulic-cylinders.net\/wp-content\/uploads\/2025\/04\/songte-cylinder-head-with-all-kinds-excavator-models.webp\" alt=\"Hidraulisk\u0101 cilindra opcijas\" \/><\/p>\n<h2>Lietojumprogrammu scen\u0101riji<\/h2>\n<h3>Celtniec\u012bbas apr\u012bkojums<\/h3>\n<p>In excavators, boom cylinders are crucial for digging, loading, and moving soil or debris. They provide the necessary force to lift heavy loads and are integral to the machine&#8217;s operation. In backhoe loaders, they assist in both digging and lifting, making them versatile for varied tasks.<\/p>\n<h3>Lauksaimniec\u012bbas tehnika<\/h3>\n<p>Front\u0101lajos iekr\u0101v\u0113jos str\u0113les cilindri tiek izmantoti augsnes, siena un citu materi\u0101lu sav\u0101k\u0161anai, cel\u0161anai un transport\u0113\u0161anai. To uzticam\u0101 darb\u012bba nodro\u0161ina efekt\u012bvus iekrau\u0161anas un izkrau\u0161anas procesus, uzlabojot produktivit\u0101ti saimniec\u012bb\u0101s un darba viet\u0101s.<\/p>\n<h3>Ekskavatori<\/h3>\n<p>Str\u0113les cilindrs \u013cauj kausam efekt\u012bvi iek\u013c\u016bt augsn\u0113, atvieglojot rak\u0161anas darbus. \u0160\u012b sp\u0113ja ir b\u016btiska gan b\u016bvniec\u012bbas, gan nojauk\u0161anas projektos, kur nepiecie\u0161ama prec\u012bza izrak\u0161ana.<\/p>\n<h3>Iekr\u0101v\u0113ji<\/h3>\n<p>In front loaders, boom cylinders are pivotal for lifting and dumping materials efficiently. They enable operators to handle bulk materials with ease, enhancing the loader&#8217;s functionality and efficiency.<\/p>\n<h2>Dizaina apsv\u0113rumi un atlases krit\u0113riji<\/h2>\n<h3>Kravnes\u012bba<\/h3>\n<p>Izv\u0113loties str\u0113les cilindru, galvenais apsv\u0113rums ir hidraulisk\u0101 cilindra kravnes\u012bba. Tam j\u0101sp\u0113j iztur\u0113t maksim\u0101lo slodzi, kas paredzama ekspluat\u0101cijas laik\u0101, neapdraudot dro\u0161\u012bbu vai veiktsp\u0113ju. Ra\u017eot\u0101ji izmanto augstas iztur\u012bbas materi\u0101lus un iztur\u012bgus dizainus, lai nodro\u0161in\u0101tu, ka pat vissmag\u0101k\u0101s slodzes var efekt\u012bvi p\u0101rvald\u012bt. Pareizi nov\u0113rt\u0113ts cilindrs ne tikai darbosies lab\u0101k, bet ar\u012b palielin\u0101s tehnikas ekspluat\u0101cijas laiku.<\/p>\n<h3>Bl\u012bv\u0113\u0161anas sist\u0113mas<\/h3>\n<p>Hidraulisk\u0101 cilindra efektivit\u0101ti un ilgm\u016b\u017e\u012bbu b\u016btiski ietekm\u0113 t\u0101 bl\u012bv\u0113\u0161anas sist\u0113mas. Lai nov\u0113rstu hidraulisk\u0101 \u0161\u0137idruma nopl\u016bdi un pies\u0101r\u0146ojumu, j\u0101izmanto augstas kvalit\u0101tes bl\u012bves. Materi\u0101li, piem\u0113ram, poliuret\u0101ns un nitrilgumija, ir priek\u0161roka dodama to iztur\u012bbai un nodilumiztur\u012bbai. Pareiza bl\u012bv\u0113\u0161ana ir b\u016btiska, lai uztur\u0113tu sist\u0113mas spiedienu un nodro\u0161in\u0101tu cilindra nevainojamu darb\u012bbu.<\/p>\n<h3>Iztur\u012bba<\/h3>\n<p>Iztur\u012bba ir v\u0113l viens svar\u012bgs faktors hidraulisko cilindru izv\u0113l\u0113. Komponentiem ir j\u0101iztur skarbi darba apst\u0101k\u013ci, tostarp ekstrem\u0101las temperat\u016bras, putek\u013ci un mitrums. Ra\u017eot\u0101ji parasti izmanto uzlabotus p\u0101rkl\u0101jumus un apstr\u0101des metodes, lai uzlabotu hidraulisko cilindru iztur\u012bbu pret koroziju un nodiluma \u012bpa\u0161\u012bbas, nodro\u0161inot to funkcionalit\u0101ti laika gait\u0101 pat sare\u017e\u0123\u012btos apst\u0101k\u013cos.<\/p>\n<h3>Dro\u0161\u012bbas funkcijas<\/h3>\n<p>Dro\u0161\u012bba ir \u0101rk\u0101rt\u012bgi svar\u012bga str\u0113les cilindru konstrukcij\u0101. T\u0101das funkcijas k\u0101 spiediena samazin\u0101\u0161anas v\u0101rsti un iztur\u012bgi gala v\u0101ci\u0146i pal\u012bdz nov\u0113rst katastrof\u0101las k\u013c\u016bmes. Ir \u013coti svar\u012bgi, lai operatori zin\u0101tu dro\u0161\u012bbas pas\u0101kumus un nodro\u0161in\u0101tu, ka visas uzst\u0101d\u012bt\u0101s sist\u0113mas darbojas pareizi, lai izvair\u012btos no negad\u012bjumiem ekspluat\u0101cijas laik\u0101.<\/p>\n<h3>Apkopes pieejam\u012bba<\/h3>\n<p>Hidraulisko cilindru projekt\u0113\u0161ana, \u0146emot v\u0113r\u0101 apkopi, atvieglo piek\u013cuvi p\u0101rbaud\u0113m, remontam un nomai\u0146ai. \u0160is apsv\u0113rums samazina d\u012bkst\u0101ves laiku un uzlabo kop\u0113jo produktivit\u0101ti. T\u0101di konstrukcijas elementi k\u0101 no\u0146emami gala v\u0101ci\u0146i un viegli pieejamas e\u013c\u013co\u0161anas nipe\u013ci var iev\u0113rojami uzlabot apkopes efektivit\u0101ti.<\/p>\n<p><img decoding=\"async\" src=\"https:\/\/www.hydraulic-cylinders.net\/wp-content\/uploads\/2025\/04\/songte-oil-pipes-and-spare-parts.webp\" alt=\"Rezerves da\u013cas\" \/><\/p>\n<h2>Bl\u012bv\u0113\u0161ana un e\u013c\u013co\u0161ana<\/h2>\n<p>Efekt\u012bva bl\u012bv\u0113\u0161ana un e\u013c\u013co\u0161ana ir b\u016btiska hidraulisko cilindru darb\u012bbai. Da\u017e\u0101d\u0101m bl\u012bv\u0113\u0161anas sast\u0101vda\u013c\u0101m, tostarp virzu\u013ca bl\u012bv\u0113m un stie\u0146a bl\u012bv\u0113m, ir iz\u0161\u0137iro\u0161a noz\u012bme nopl\u016b\u017eu nov\u0113r\u0161an\u0101 un spiediena uztur\u0113\u0161an\u0101. Bl\u012bv\u0113jumu izv\u0113le no iztur\u012bgiem materi\u0101liem, piem\u0113ram, poliuret\u0101na un nitrila gumijas, nodro\u0161ina to iztur\u012bbu pret nodilumu un vides faktoriem. Cilindra korpuss un v\u012bt\u0146otie gali tiek prec\u012bzi apstr\u0101d\u0101ti, lai uzlabotu nodilumiztur\u012bbu. Regul\u0101ra e\u013c\u013co\u0161ana ar hidraulisko e\u013c\u013cu ir b\u016btiska, lai samazin\u0101tu berzi un pagarin\u0101tu hidraulisko komponentu kalpo\u0161anas laiku, nodro\u0161inot to nevainojamu darb\u012bbu laika gait\u0101.<\/p>\n<h2>Prevent\u012bvie apkopes pas\u0101kumi<\/h2>\n<ul>\n<li><strong>Regul\u0101ras p\u0101rbaudes:<\/strong> Regul\u0101ri p\u0101rbaudiet hidraulisko sist\u0113mu, vai nav nopl\u016b\u017eu, nodiluma vai boj\u0101jumu paz\u012bmju. Probl\u0113mu agr\u012bna atkl\u0101\u0161ana var nov\u0113rst nopietn\u0101kas probl\u0113mas n\u0101kotn\u0113.<\/li>\n<li><strong>Piem\u0113rota e\u013c\u013co\u0161ana:<\/strong> Nodro\u0161iniet, lai hidraulisk\u0101s e\u013c\u013cas l\u012bmenis tiktu uztur\u0113ts optim\u0101l\u0101 l\u012bmen\u012b un e\u013c\u013co\u0161ana tiktu veikta saska\u0146\u0101 ar ra\u017eot\u0101ja ieteikumiem, lai sist\u0113ma darbotos optim\u0101li.<\/li>\n<li><strong>Bl\u012bv\u0113juma nomai\u0146a:<\/strong> Regularly assess the condition of seals and replace them when signs of wear become apparent. Proper sealing is crucial to maintaining the hydraulic system&#8217;s integrity and efficiency.<\/li>\n<\/ul>\n<h2>Uzst\u0101d\u012b\u0161anas vadl\u012bnijas<\/h2>\n<p>Pareiza str\u0113les cilindra uzst\u0101d\u012b\u0161ana ir b\u016btiska optim\u0101lai veiktsp\u0113jai. Vispirms p\u0101rliecinieties, vai uzst\u0101d\u012b\u0161anas vieta ir t\u012bra un bez gru\u017eiem. Prec\u012bzi izl\u012bdziniet cilindru ar mont\u0101\u017eas kron\u0161teiniem, p\u0101rliecinoties, ka tas ir dro\u0161i nostiprin\u0101ts. Ieteicams izmantot atbilsto\u0161us mont\u0101\u017eas kron\u0161teinus, lai nodro\u0161in\u0101tu stabilit\u0101ti un atbalstu darb\u012bbas laik\u0101. P\u0101rliecinieties, vai hidraulisk\u0101s l\u012bnijas ir pareizi pievienotas un nav nopl\u016b\u017eu. Visbeidzot, p\u0113c uzst\u0101d\u012b\u0161anas veiciet r\u016bp\u012bgu visas sist\u0113mas p\u0101rbaudi, lai p\u0101rliecin\u0101tos, ka nav probl\u0113mu, pirms t\u0101s nodo\u0161anas ekspluat\u0101cij\u0101.<\/p>\n<h2>Bie\u017ei sastopamie apkopes uzdevumi<\/h2>\n<ul>\n<li><strong>Regul\u0101ras p\u0101rbaudes:<\/strong> Veiciet regul\u0101ras p\u0101rbaudes, lai laikus identific\u0113tu visas iesp\u0113jam\u0101s probl\u0113mas. Regul\u0101ras p\u0101rbaudes pal\u012bdz uztur\u0113t sist\u0113mas integrit\u0101ti un pagarin\u0101t hidraulisko komponentu kalpo\u0161anas laiku.<\/li>\n<li><strong>Pareiza e\u013c\u013co\u0161ana:<\/strong> Iee\u013c\u013cojiet kust\u012bg\u0101s da\u013cas saska\u0146\u0101 ar vadl\u012bnij\u0101m, lai nodro\u0161in\u0101tu vienm\u0113r\u012bgu darb\u012bbu. Pareiza e\u013c\u013co\u0161ana samazina deta\u013cu nodilumu, uzlabojot veiktsp\u0113ju.<\/li>\n<li><strong>Bl\u012bv\u0113juma nomai\u0146a:<\/strong> Regul\u0101ri p\u0101rbaudiet bl\u012bves un nomainiet t\u0101s p\u0113c nepiecie\u0161am\u012bbas. Labi uztur\u0113tas bl\u012bves nov\u0113r\u0161 nopl\u016bdes un uztur spiedienu sist\u0113m\u0101, kas ir \u013coti svar\u012bgi efekt\u012bvai darb\u012bbai.<\/li>\n<\/ul>\n<h2>Dro\u0161\u012bbas apsv\u0113rumi un vides faktori<\/h2>\n<p>Str\u0101d\u0101jot ar hidrauliskaj\u0101m sist\u0113m\u0101m, ir oblig\u0101ti j\u0101ievie\u0161 dro\u0161\u012bbas pas\u0101kumi. Operatori ir j\u0101apm\u0101ca par hidraulisko iek\u0101rtu dro\u0161u ekspluat\u0101ciju, lai samazin\u0101tu negad\u012bjumu skaitu. Regul\u0101ras dro\u0161\u012bbas p\u0101rbaudes un dro\u0161\u012bbas protokolu iev\u0113ro\u0161ana var iev\u0113rojami samazin\u0101t riskus. Turkl\u0101t b\u016btiska loma ir vides apsv\u0113rumiem; efekt\u012bva hidraulisk\u0101s e\u013c\u013cas nopl\u016b\u017eu p\u0101rvald\u012bba un pareiza nolietotu bl\u012bv\u0113jumu un komponentu utiliz\u0101cija veicina dro\u0161\u0101ku vidi.<\/p>\n<h2>Probl\u0113mu nov\u0113r\u0161ana un bie\u017ei sastopamas probl\u0113mas<\/h2>\n<ul>\n<li><strong>Nopl\u016bde:<\/strong> Ja ir man\u0101ms hidraulisk\u0101 \u0161\u0137idruma l\u012bme\u0146a kritums, p\u0101rbaudiet bl\u012bves un savienojumus, vai nav nopl\u016b\u017eu. Savienojumu pievilk\u0161ana vai bl\u012bvju nomai\u0146a var atrisin\u0101t probl\u0113mu.<\/li>\n<li><strong>Slikta veiktsp\u0113ja:<\/strong> If the cylinder&#8217;s operation is sluggish, check the hydraulic oil levels and quality. Contamination may necessitate oil replacement and system flushing.<\/li>\n<li><strong>Trok\u0161\u0146aina darb\u012bba:<\/strong> Neparastas ska\u0146as var liecin\u0101t par iek\u0161\u0113jiem boj\u0101jumiem vai e\u013c\u013co\u0161anas tr\u016bkumu. P\u0101rbaudiet cilindru, vai nav nodiluma paz\u012bmju, un p\u0101rliecinieties, vai ir uzkl\u0101ta atbilsto\u0161a e\u013c\u013co\u0161ana.<\/li>\n<\/ul>\n<p>\u0160o probl\u0113mu savlaic\u012bga risin\u0101\u0161ana var pal\u012bdz\u0113t saglab\u0101t sist\u0113mas efektivit\u0101ti un pagarin\u0101t hidraulisko komponentu kalpo\u0161anas laiku.<\/p>\n<p><img decoding=\"async\" src=\"https:\/\/www.hydraulic-cylinders.net\/wp-content\/uploads\/2025\/04\/songte-bushings-with-all-kinds-of-excavator-models.webp\" alt=\"Hidraulisk\u0101s bukses\" \/><\/p>\n<h2>Uz\u0146\u0113muma p\u0101rskats<\/h2>\n<p>M\u0113s esam vado\u0161ais rezerves hidraulisko cilindru ra\u017eot\u0101js un vairumtirgot\u0101js, kas pied\u0101v\u0101 pla\u0161u produktu kl\u0101stu gan viet\u0113j\u0101, gan starptautiskaj\u0101 tirg\u016b. M\u016bsu ap\u0146em\u0161anos nodro\u0161in\u0101t izcil\u012bbu kvalit\u0101t\u0113 nodro\u0161ina izsmalcin\u0101ta ra\u017eo\u0161anas vad\u012bbas strat\u0113\u0123ija. Izmantojot progres\u012bvas ra\u017eo\u0161anas tehnolo\u0123ijas un kvalific\u0113tu person\u0101lu, m\u0113s nep\u0101rtraukti uzlabojam savus ra\u017eo\u0161anas procesus. M\u016bsu sp\u0113c\u012bg\u0101s kvalit\u0101tes nodro\u0161in\u0101\u0161anas sist\u0113mas nodro\u0161ina, ka m\u0113s apmierin\u0101m m\u016bsu klientu da\u017e\u0101d\u0101s vajadz\u012bbas, vienlaikus saglab\u0101jot augstu efektivit\u0101ti, precizit\u0101ti un kvalit\u0101tes standartus.<\/p>\n<p><img decoding=\"async\" src=\"https:\/\/www.hydraulic-cylinders.net\/wp-content\/uploads\/2025\/04\/songte-company-4.webp\" alt=\"Uz\u0146\u0113muma p\u0101rskats\" \/><br \/>\n<img decoding=\"async\" src=\"https:\/\/www.hydraulic-cylinders.net\/wp-content\/uploads\/2025\/04\/songte-company-3.webp\" alt=\"Ra\u017eo\u0161anas iek\u0101rtas\" \/><\/p>\n<p>M\u016bsu profesion\u0101l\u0101s sp\u0113jas, starptautisk\u0101s sertifik\u0101cijas, piel\u0101gotie pakalpojumi, modern\u0101k\u0101s ra\u017eo\u0161anas iek\u0101rtas un izcilais p\u0113cp\u0101rdo\u0161anas atbalsts m\u016bs at\u0161\u0137ir nozar\u0113. M\u0113s priorit\u0101ri r\u016bp\u0113jamies par klientu apmierin\u0101t\u012bbu un cen\u0161amies pieg\u0101d\u0101t produktus, kas atbilst augst\u0101kajiem standartiem.<\/p>\n<p>Autors: lil<\/p>","protected":false},"excerpt":{"rendered":"<p>Boom Cylinder For Baoding WY65-6 Product Overview The Boom Cylinder for Baoding WY65-6 is a specialized hydraulic cylinder designed to control the movement of buckets in heavy machinery such as excavators, backhoe loaders, and front-end loaders. This hydraulic cylinder enables the bucket to lift, lower, and tilt efficiently, facilitating various material handling tasks. The bucket [&hellip;]<\/p>","protected":false},"featured_media":17876,"comment_status":"open","ping_status":"closed","template":"","meta":{"_et_pb_use_builder":"","_et_pb_old_content":"","_et_gb_content_width":""},"product_brand":[],"product_cat":[1546],"product_tag":[1547,1496],"class_list":{"0":"post-19673","1":"product","2":"type-product","3":"status-publish","4":"has-post-thumbnail","6":"product_cat-boom-cylinders","7":"product_tag-boom-cylinders","8":"product_tag-hydraulic-cylinders","10":"first","11":"instock","12":"shipping-taxable","13":"product-type-simple"},"amp_enabled":true,"_links":{"self":[{"href":"https:\/\/www.hydraulic-cylinders.net\/lv\/wp-json\/wp\/v2\/product\/19673","targetHints":{"allow":["GET"]}}],"collection":[{"href":"https:\/\/www.hydraulic-cylinders.net\/lv\/wp-json\/wp\/v2\/product"}],"about":[{"href":"https:\/\/www.hydraulic-cylinders.net\/lv\/wp-json\/wp\/v2\/types\/product"}],"replies":[{"embeddable":true,"href":"https:\/\/www.hydraulic-cylinders.net\/lv\/wp-json\/wp\/v2\/comments?post=19673"}],"wp:featuredmedia":[{"embeddable":true,"href":"https:\/\/www.hydraulic-cylinders.net\/lv\/wp-json\/wp\/v2\/media\/17876"}],"wp:attachment":[{"href":"https:\/\/www.hydraulic-cylinders.net\/lv\/wp-json\/wp\/v2\/media?parent=19673"}],"wp:term":[{"taxonomy":"product_brand","embeddable":true,"href":"https:\/\/www.hydraulic-cylinders.net\/lv\/wp-json\/wp\/v2\/product_brand?post=19673"},{"taxonomy":"product_cat","embeddable":true,"href":"https:\/\/www.hydraulic-cylinders.net\/lv\/wp-json\/wp\/v2\/product_cat?post=19673"},{"taxonomy":"product_tag","embeddable":true,"href":"https:\/\/www.hydraulic-cylinders.net\/lv\/wp-json\/wp\/v2\/product_tag?post=19673"}],"curies":[{"name":"wp","href":"https:\/\/api.w.org\/{rel}","templated":true}]}}