{"id":19674,"date":"2025-04-07T07:01:06","date_gmt":"2025-04-07T07:01:06","guid":{"rendered":"https:\/\/www.hydraulic-cylinders.net\/product\/boom-cylinder-for-baoding-wy150\/"},"modified":"2025-04-07T07:01:09","modified_gmt":"2025-04-07T07:01:09","slug":"boom-cylinder-for-baoding-wy150","status":"publish","type":"product","link":"https:\/\/www.hydraulic-cylinders.net\/lv\/products\/boom-cylinder-for-baoding-wy150\/","title":{"rendered":"Baoding WY150 str\u0113les cilindrs"},"content":{"rendered":"<h1>Baoding WY150 str\u0113les cilindrs<\/h1>\n<h2>Str\u0113les cilindra izpratne<\/h2>\n<p>Str\u0113les cilindrs ir specializ\u0113ts hidrauliskais cilindrs, ko izmanto da\u017e\u0101d\u0101s smagaj\u0101s ma\u0161\u012bn\u0101s, piem\u0113ram, ekskavatoros, iekr\u0101v\u0113jos ar ekskavatoru un front\u0101lajos iekr\u0101v\u0113jos. T\u0101 galven\u0101 funkcija ir kontrol\u0113t kausa kust\u012bbu, \u013caujot tam efekt\u012bvi pacelt, nolaist un sasv\u0113rt. \u0160\u012b sp\u0113ja ir \u013coti svar\u012bga materi\u0101lu apstr\u0101des darbos, padarot str\u0113les cilindru par b\u016btisku sast\u0101vda\u013cu \u0161o ma\u0161\u012bnu hidrauliskaj\u0101s sist\u0113m\u0101s.<\/p>\n<p><img decoding=\"async\" src=\"https:\/\/www.hydraulic-cylinders.net\/wp-content\/uploads\/2025\/04\/songte-company-1.webp\" alt=\"Str\u0113les cilindrs\" \/><\/p>\n<h2>Str\u0113les cilindra galven\u0101s iez\u012bmes<\/h2>\n<ul>\n<li>\n<h3>Augsta iztur\u012bba un ilgm\u016b\u017e\u012bba<\/h3>\n<p> Parasti no augstas stipr\u012bbas t\u0113rauda vai alum\u012bnija izgatavotie str\u0113les cilindri var iztur\u0113t augstu spiedienu un lielas slodzes, vienlaikus piel\u0101gojoties skarbajiem darba apst\u0101k\u013ciem. To konstrukcij\u0101 uzsv\u0113rta nodilumiztur\u012bba un aizsardz\u012bba pret koroziju, pagarinot to kalpo\u0161anas laiku.<\/li>\n<li>\n<h3>Efekt\u012bva hidraulisk\u0101 darb\u012bba<\/h3>\n<p> \u0160ie cilindri izmanto hidraulisk\u0101s e\u013c\u013cas spiedienu, lai nodro\u0161in\u0101tu vienm\u0113r\u012bgu izvilk\u0161anu un ievilk\u0161anu. Tie \u0101tri rea\u0123\u0113 uz darb\u012bbas komand\u0101m un nodro\u0161ina iev\u0113rojamu stum\u0161anas un vilk\u0161anas sp\u0113ku, padarot tos piem\u0113rotus smagu priek\u0161metu apstr\u0101dei un sare\u017e\u0123\u012btu uzdevumu veik\u0161anai.<\/li>\n<li>\n<h3>Pieejami da\u017e\u0101di veidi<\/h3>\n<p> Str\u0113les cilindrus var izv\u0113l\u0113ties vienas darb\u012bbas (izmantojot hidraulisko spiedienu vien\u0101 virzien\u0101) vai divk\u0101r\u0161as darb\u012bbas (izmantojot hidraulisko spiedienu abos virzienos) mode\u013cos, lai apmierin\u0101tu da\u017e\u0101das ekspluat\u0101cijas vajadz\u012bbas. Da\u017ei mode\u013ci ir teleskopiski, kas \u013cauj veikt liel\u0101ku pagarin\u0101jumu, nepalielinot \u0101r\u0113jos izm\u0113rus, kas ir ide\u0101li piem\u0113rots lietojumiem ar ierobe\u017eotu vietu.<\/li>\n<li>\n<h3>Piel\u0101gota ra\u017eo\u0161ana<\/h3>\n<p> M\u016bsu produkti lieliski aizst\u0101j \u0161os hidrauliskos cilindrus, nodro\u0161inot sader\u012bbu un veiktsp\u0113ju.<\/li>\n<li>\n<h3>Daudzpus\u012bgi pielietojumi<\/h3>\n<p> Str\u0113les cilindrs tiek izmantots da\u017e\u0101d\u0101s ma\u0161\u012bn\u0101s un nozar\u0113s, kas uzsver t\u0101 piel\u0101gojam\u012bbu un b\u016btisko lomu b\u016bvniec\u012bb\u0101 un lauksaimniec\u012bb\u0101.<\/h3>\n<\/li>\n<\/ul>\n<p><img decoding=\"async\" src=\"https:\/\/www.hydraulic-cylinders.net\/wp-content\/uploads\/2025\/04\/songte-cylinder-head-with-all-kinds-excavator-models.webp\" alt=\"Ekskavatoru mode\u013ci\" \/><\/p>\n<h2>Str\u0113les cilindru pielietojuma scen\u0101riji<\/h2>\n<ul>\n<li>\n<h3>Celtniec\u012bbas apr\u012bkojums<\/h3>\n<p> Ekskavatoros str\u0113les cilindri ir vit\u0101li svar\u012bgi augsnes vai gru\u017eu rak\u0161anai, iekrau\u0161anai un p\u0101rvieto\u0161anai. Tie pal\u012bdz uzlabot efektivit\u0101ti un produktivit\u0101ti b\u016bvniec\u012bbas darbos, \u013caujot operatoriem veikt darbu prec\u012bzi un kontrol\u0113ti.<\/h3>\n<\/li>\n<li>\n<h3>Lauksaimniec\u012bbas tehnika<\/h3>\n<p> Front\u0101lajos iekr\u0101v\u0113jos str\u0113les cilindri ir nepiecie\u0161ami augsnes, siena un citu materi\u0101lu sav\u0101k\u0161anai, cel\u0161anai un transport\u0113\u0161anai. To iztur\u012bg\u0101 konstrukcija \u013cauj tiem tikt gal\u0101 ar smag\u0101m krav\u0101m, padarot tos neaizst\u0101jamus lauksaimniec\u012bbas darbos.<\/h3>\n<\/li>\n<li>\n<h3>Ekskavatori<\/h3>\n<p> Str\u0113les cilindrs \u013cauj kausam efekt\u012bvi iek\u013c\u016bt augsn\u0113, nodro\u0161inot efekt\u012bvas rak\u0161anas darb\u012bbas. \u0160\u012b funkcionalit\u0101te iev\u0113rojami palielina ekskavatoru produktivit\u0101ti da\u017e\u0101dos reljefos.<\/h3>\n<\/li>\n<li>\n<h3>Iekr\u0101v\u0113ji<\/h3>\n<p> Front\u0101lajos iekr\u0101v\u0113jos str\u0113les cilindri pal\u012bdz efekt\u012bvi pacelt un izg\u0101zt kravas. To iztur\u012bba nodro\u0161ina uzticamu veiktsp\u0113ju, str\u0101d\u0101jot ar smagiem materi\u0101liem, uzlabojot ekspluat\u0101cijas iesp\u0113jas.<\/h3>\n<\/li>\n<\/ul>\n<h2>Dizaina apsv\u0113rumi un atlases krit\u0113riji<\/h2>\n<ul>\n<li>\n<h3>Kravnes\u012bba<\/h3>\n<p> Str\u0113les cilindra kravnes\u012bba ir \u013coti svar\u012bga, jo t\u0101 tie\u0161i ietekm\u0113 uzdevumu veidu, ko tehnika var veikt. Augstas kravnes\u012bbas cilindri ir b\u016btiski lieljaudas lietojumiem, nodro\u0161inot dro\u0161\u012bbu un efektivit\u0101ti darb\u012bb\u0101s. Pamatojoties uz paredz\u0113to lietojumu un vidi, ir j\u0101veic atbilsto\u0161i apr\u0113\u0137ini un apsv\u0113rumi.<\/h3>\n<\/li>\n<li>\n<h3>Bl\u012bv\u0113juma integrit\u0101te<\/h3>\n<p> Iztur\u012bgas bl\u012bv\u0113\u0161anas sist\u0113mas ir b\u016btiskas, lai nov\u0113rstu hidraulisk\u0101 \u0161\u0137idruma nopl\u016bdes, kas var apdraud\u0113t efektivit\u0101ti un dro\u0161\u012bbu. Augstas kvalit\u0101tes bl\u012bv\u0113jumu izmanto\u0161ana, kas paredz\u0113ti ekstrem\u0101lu apst\u0101k\u013cu iztur\u012bbai, nodro\u0161ina ilgm\u016b\u017e\u012bbu un uzticam\u012bbu. Regul\u0101ra bl\u012bv\u0113jumu p\u0101rbaude un apkope b\u016btiski ietekm\u0113 hidraulisko sist\u0113mu kop\u0113jo veiktsp\u0113ju.<\/h3>\n<\/li>\n<li>\n<h3>Iztur\u012bba<\/h3>\n<p> Str\u0113les cilindru konstrukcij\u0101 izmantotajiem materi\u0101liem j\u0101iztur skarbi apst\u0101k\u013ci. Augstas kvalit\u0101tes t\u0113rauds vai specializ\u0113ti sakaus\u0113jumi uzlabo iztur\u012bbu, \u013caujot cilindram vienm\u0113r\u012bgi darboties slodzes apst\u0101k\u013cos. \u0160is aspekts ir \u013coti svar\u012bgs, lai saglab\u0101tu darb\u012bbas laiku un samazin\u0101tu remonta izmaksas.<\/h3>\n<\/li>\n<li>\n<h3>Dro\u0161\u012bbas funkcijas<\/h3>\n<p> Dro\u0161\u012bbas meh\u0101nismi, piem\u0113ram, p\u0101rslodzes aizsardz\u012bba un atteices nov\u0113r\u0161anas konstrukcijas, ir kritiski svar\u012bgi hidrauliskajos cilindros, lai nov\u0113rstu negad\u012bjumus un iek\u0101rtu boj\u0101jumus. Izv\u0113loties cilindrus ar ieb\u016bv\u0113t\u0101m dro\u0161\u012bbas funkcij\u0101m, tiek nodro\u0161in\u0101ta operatoru un ma\u0161\u012bnu aizsardz\u012bba.<\/h3>\n<\/li>\n<li>\n<h3>Apkopes pieejam\u012bba<\/h3>\n<p> Konstrukcijai j\u0101b\u016bt t\u0101dai, lai nodro\u0161in\u0101tu \u0113rtu apkopi un remontu. Komponenti, kuriem var viegli piek\u013c\u016bt p\u0101rbaudei, e\u013c\u013co\u0161anai un nomai\u0146ai, veicina hidraulisk\u0101s sist\u0113mas ilgm\u016b\u017e\u012bbu un samazina d\u012bkst\u0101ves laiku.<\/h3>\n<\/li>\n<\/ul>\n<p><img decoding=\"async\" src=\"https:\/\/www.hydraulic-cylinders.net\/wp-content\/uploads\/2025\/04\/songte-oil-pipes-and-spare-parts.webp\" alt=\"E\u013c\u013cas caurules un rezerves da\u013cas\" \/><\/p>\n<h2>Str\u0113les cilindru bl\u012bv\u0113\u0161ana un e\u013c\u013co\u0161ana<\/h2>\n<p>Str\u0113les cilindra efekt\u012bv\u0101 darb\u012bba liel\u0101 m\u0113r\u0101 ir atkar\u012bga no t\u0101 bl\u012bv\u0113\u0161anas un e\u013c\u013co\u0161anas sist\u0113m\u0101m. Lai uztur\u0113tu hidraulisko spiedienu un nov\u0113rstu \u0161\u0137idruma nopl\u016bdi, tiek izmantoti da\u017e\u0101di bl\u012bv\u0113jumi, piem\u0113ram, virzu\u013ca bl\u012bv\u0113jumi un stie\u0146a bl\u012bv\u0113jumi. Lai uzlabotu iztur\u012bbu, parasti tiek izmantoti bl\u012bv\u0113jumi, kas izgatavoti no nodilumiztur\u012bgiem materi\u0101liem, piem\u0113ram, poliuret\u0101na un nitrila gumijas.<\/p>\n<p>Turkl\u0101t cilindra korpuss un v\u012bt\u0146ot\u0101s gala virsmas tiek r\u016bp\u012bgi apstr\u0101d\u0101tas, lai palielin\u0101tu nodilumiztur\u012bbu. Regul\u0101ra e\u013c\u013co\u0161ana ar atbilsto\u0161u hidraulisko e\u013c\u013cu ir \u013coti svar\u012bga, lai nodro\u0161in\u0101tu vienm\u0113r\u012bgu darb\u012bbu, jo t\u0101 samazina berzi un nodilumu starp kust\u012bgaj\u0101m deta\u013c\u0101m. Labi iee\u013c\u013cota hidraulisk\u0101 sist\u0113ma nodro\u0161ina str\u0113les cilindra optim\u0101lu veiktsp\u0113ju un ilgm\u016b\u017e\u012bbu.<\/p>\n<h2>Prevent\u012bvie apkopes pas\u0101kumi<\/h2>\n<ul>\n<li>\n<h3>Regul\u0101ras p\u0101rbaudes<\/h3>\n<p> Regul\u0101ras str\u0113les cilindra un hidraulisk\u0101s sist\u0113mas p\u0101rbaudes ir \u013coti svar\u012bgas, lai laikus identific\u0113tu iesp\u0113jam\u0101s probl\u0113mas. Operatoriem j\u0101mekl\u0113 nodiluma, nopl\u016b\u017eu vai boj\u0101jumu paz\u012bmes, kas, ja netiek nekav\u0113joties nov\u0113rstas, var izrais\u012bt d\u0101rgus remontdarbus.<\/h3>\n<\/li>\n<li>\n<h3>Pareiza e\u013c\u013co\u0161ana<\/h3>\n<p> Lai nov\u0113rstu hidraulisko komponentu nodilumu, ir nepiecie\u0161ama atbilsto\u0161a e\u013c\u013co\u0161ana. Operatoriem j\u0101iev\u0113ro ra\u017eot\u0101ja ieteikumi attiec\u012bb\u0101 uz e\u013c\u013co\u0161anas interv\u0101liem un e\u013c\u013cas veidiem, lai nodro\u0161in\u0101tu nevainojamu darb\u012bbu.<\/h3>\n<\/li>\n<li>\n<h3>Bl\u012bv\u0113juma nomai\u0146a<\/h3>\n<p> Bl\u012bves regul\u0101ri j\u0101p\u0101rbauda un j\u0101nomaina p\u0113c nepiecie\u0161am\u012bbas. Nolietotas vai boj\u0101tas bl\u012bves var izrais\u012bt nopl\u016bdes un samazin\u0101t efektivit\u0101ti, ietekm\u0113jot hidraulisk\u0101s sist\u0113mas kop\u0113jo veiktsp\u0113ju. Savlaic\u012bga bl\u012bvju nomai\u0146a veicina str\u0113les cilindra ilgm\u016b\u017e\u012bbu.<\/h3>\n<\/li>\n<\/ul>\n<h2>Pareizas uzst\u0101d\u012b\u0161anas vadl\u012bnijas<\/h2>\n<p>Pareiza str\u0113les cilindra uzst\u0101d\u012b\u0161ana ir \u013coti svar\u012bga t\u0101 veiktsp\u0113jai un ilgm\u016b\u017e\u012bbai. Vispirms p\u0101rliecinieties, vai visas sast\u0101vda\u013cas ir t\u012bras un bez gru\u017eiem. Prec\u012bzi izl\u012bdziniet cilindru ar stiprin\u0101juma punktiem, lai darb\u012bbas laik\u0101 izvair\u012btos no p\u0101rm\u0113r\u012bgas slodzes uz cilindru.<\/p>\n<p>Izmantojiet atbilsto\u0161us mont\u0101\u017eas kron\u0161teinus, lai stingri nostiprin\u0101tu cilindru viet\u0101, nov\u0113r\u0161ot kust\u012bbu, kas var\u0113tu izrais\u012bt boj\u0101jumu. Iev\u0113rojiet ra\u017eot\u0101ja specifik\u0101cijas attiec\u012bb\u0101 uz griezes momenta iestat\u012bjumiem un savienojuma metod\u0113m. P\u0113c uzst\u0101d\u012b\u0161anas veiciet funkcion\u0101lo p\u0101rbaudi, lai nodro\u0161in\u0101tu pareizu darb\u012bbu, un nepiecie\u0161am\u012bbas gad\u012bjum\u0101 noregul\u0113jiet.<\/p>\n<h2>Bie\u017ei sastopamie apkopes uzdevumi<\/h2>\n<ul>\n<li>\n<h3>Regul\u0101ras p\u0101rbaudes<\/h3>\n<p> Regul\u0101ras p\u0101rbaudes pal\u012bdz atkl\u0101t potenci\u0101l\u0101s probl\u0113mas, pirms t\u0101s k\u013c\u016bst par nopietn\u0101m probl\u0113m\u0101m. Ir svar\u012bgi uzraudz\u012bt str\u0113les cilindra un hidraulisk\u0101s sist\u0113mas visp\u0101r\u0113jo st\u0101vokli, mekl\u0113jot jebk\u0101das nodiluma vai boj\u0101jumu paz\u012bmes.<\/h3>\n<\/li>\n<li>\n<h3>Pareiza e\u013c\u013co\u0161ana<\/h3>\n<p> Hidraulisko cilindru nevainojamai darb\u012bbai ir svar\u012bgi uztur\u0113t atbilsto\u0161u e\u013c\u013co\u0161anu. Ieteicam\u0101 e\u013c\u013co\u0161anas grafika iev\u0113ro\u0161ana un atbilsto\u0161as \u200b\u200bhidraulisk\u0101s e\u013c\u013cas izmanto\u0161ana nodro\u0161ina kust\u012bgo da\u013cu pareizu darb\u012bbu.<\/h3>\n<\/li>\n<li>\n<h3>Bl\u012bvju nomai\u0146as un kalibr\u0113\u0161anas p\u0101rbaudes<\/h3>\n<p> Regul\u0101ras p\u0101rbaudes un bl\u012bv\u0113jumu nomai\u0146a nov\u0113r\u0161 nopl\u016bdes un uztur hidraulisko spiedienu. Kalibr\u0113\u0161anas p\u0101rbaudes nodro\u0161ina visu komponentu saska\u0146otu darb\u012bbu, veicinot hidraulisk\u0101s sist\u0113mas kop\u0113jo efektivit\u0101ti.<\/h3>\n<\/li>\n<\/ul>\n<p><img decoding=\"async\" src=\"https:\/\/www.hydraulic-cylinders.net\/wp-content\/uploads\/2025\/04\/songte-chushion-collar.webp\" alt=\"Spilvenu apkakle\" \/><\/p>\n<h2>Dro\u0161\u012bbas apsv\u0113rumi un vides faktori<\/h2>\n<p>Izmantojot str\u0113les cilindrus, dro\u0161\u012bbas pas\u0101kumi ir \u0101rk\u0101rt\u012bgi svar\u012bgi, lai nodro\u0161in\u0101tu operatoru un apk\u0101rt\u0113j\u0101s vides dro\u0161\u012bbu. Regul\u0101ra apm\u0101c\u012bba par ekspluat\u0101cijas dro\u0161\u012bbu, pareizu hidraulisko \u0161\u0137idrumu lieto\u0161anu un tehnikas ierobe\u017eojumu izpratni ir \u013coti svar\u012bga. Ekspluat\u0101cijas un apkopes darbu laik\u0101 j\u0101valk\u0101 atbilsto\u0161i individu\u0101lie aizsardz\u012bbas l\u012bdzek\u013ci (IAL), lai samazin\u0101tu riskus.<\/p>\n<h2>K\u013c\u016bmju diagnostika un bie\u017e\u0101k sastopam\u0101s probl\u0113mas<\/h2>\n<ul>\n<li>\n<h3>Hidraulisk\u0101 \u0161\u0137idruma nopl\u016bdes<\/h3>\n<p> Viena no visbie\u017e\u0101k sastopamaj\u0101m probl\u0113m\u0101m ir hidraulisk\u0101 \u0161\u0137idruma nopl\u016bdes, kas var rasties boj\u0101tu bl\u012bv\u0113jumu vai savienojumu d\u0113\u013c. Regul\u0101ras p\u0101rbaudes var pal\u012bdz\u0113t savlaic\u012bgi atkl\u0101t nopl\u016bdes, \u013caujot veikt \u0101tru remontu. Operatoriem r\u016bp\u012bgi j\u0101uzrauga \u0161\u0137idruma l\u012bmenis un nekav\u0113joties j\u0101risina visas nopl\u016bdes paz\u012bmes.<\/h3>\n<\/li>\n<li>\n<h3>L\u0113na vai nerea\u0123\u0113jo\u0161a kust\u012bba<\/h3>\n<p> Ja str\u0113les cilindrs rea\u0123\u0113 l\u0113ni vai kustas saraust\u012bti, tas var liecin\u0101t par zemu hidraulisk\u0101 \u0161\u0137idruma l\u012bmeni vai sist\u0113m\u0101 iesprostotu gaisu. Sist\u0113mas atgaiso\u0161ana un atbilsto\u0161a \u0161\u0137idruma l\u012bme\u0146a nodro\u0161in\u0101\u0161ana ir svar\u012bgi so\u013ci \u0161\u012bs probl\u0113mas nov\u0113r\u0161an\u0101.<\/h3>\n<\/li>\n<li>\n<h3>Neparastas ska\u0146as<\/h3>\n<p> Neparastas ska\u0146as darb\u012bbas laik\u0101 var liecin\u0101t par meh\u0101nisk\u0101m probl\u0113m\u0101m vai nepietiekamu e\u013c\u013co\u0161anu. Operatoriem j\u0101izp\u0113ta trok\u0161\u0146a avots un j\u0101veic korekt\u012bvas darb\u012bbas, lai nov\u0113rstu turpm\u0101kus boj\u0101jumus.<\/h3>\n<\/li>\n<\/ul>\n<p>Praktisku padomu un risin\u0101jumu snieg\u0161ana var pal\u012bdz\u0113t las\u012bt\u0101jiem efekt\u012bvi diagnostic\u0113t un nov\u0113rst \u0161\u012bs bie\u017ei sastopam\u0101s probl\u0113mas. Regul\u0101ras apkopes grafika izveide iev\u0113rojami samazina potenci\u0101l\u0101s probl\u0113mas, nodro\u0161inot vienm\u0113r\u012bg\u0101ku darb\u012bbu un ilg\u0101ku str\u0113les cilindra kalpo\u0161anas laiku.<\/p>\n<p><img decoding=\"async\" src=\"https:\/\/www.hydraulic-cylinders.net\/wp-content\/uploads\/2025\/04\/songte-bushings-with-all-kinds-of-excavator-models.webp\" alt=\"Bukses ar ekskavatora mode\u013ciem\" \/><\/p>\n<h2>Par m\u016bsu uz\u0146\u0113mumu<\/h2>\n<p>M\u0113s esam vado\u0161ais rezerves hidraulisko cilindru ra\u017eot\u0101js, kas pied\u0101v\u0101 pla\u0161u produktu kl\u0101stu, kas apmierina gan viet\u0113jo, gan starptautisko tirgu vajadz\u012bbas. M\u016bsu stingr\u0101 kvalit\u0101tes nodro\u0161in\u0101\u0161ana un r\u016bp\u012bg\u0101s ra\u017eo\u0161anas strat\u0113\u0123ijas padara m\u016bs par vienu no vado\u0161ajiem hidraulisko cilindru ra\u017eot\u0101jiem un vairumtirgot\u0101jiem.<\/p>\n<p>Koncentr\u0113joties uz tehniskaj\u0101m zin\u0101\u0161an\u0101m, augstas klases digit\u0101laj\u0101m ra\u017eo\u0161anas iek\u0101rt\u0101m un specializ\u0113t\u0101m test\u0113\u0161anas sist\u0113m\u0101m, m\u0113s nep\u0101rtraukti uzlabojam savas ra\u017eo\u0161anas iesp\u0113jas. M\u016bsu ap\u0146em\u0161an\u0101s nodro\u0161in\u0101t augstu efektivit\u0101ti, precizit\u0101ti un kvalit\u0101ti nodro\u0161ina, ka m\u0113s apmierin\u0101m da\u017e\u0101das klientu vajadz\u012bbas.<\/p>\n<p>Turkl\u0101t m\u016bsu uz\u0146\u0113mums pied\u0101v\u0101 piel\u0101gotus pakalpojumus, starptautiskus sertifik\u0101tus un stabilu p\u0113cp\u0101rdo\u0161anas atbalstu, nostiprinot m\u016bsu reput\u0101ciju nozar\u0113.<\/p>\n<p><img decoding=\"async\" src=\"https:\/\/www.hydraulic-cylinders.net\/wp-content\/uploads\/2025\/04\/songte-company-4.webp\" alt=\"Uz\u0146\u0113muma p\u0101rskats\" \/><\/p>\n<p><img decoding=\"async\" src=\"https:\/\/www.hydraulic-cylinders.net\/wp-content\/uploads\/2025\/04\/songte-company-3.webp\" alt=\"Uz\u0146\u0113muma infrastrukt\u016bra\" \/><\/p>\n<p>Autors: lil<\/p>","protected":false},"excerpt":{"rendered":"<p>Boom Cylinder For Baoding WY150 Understanding the Boom Cylinder The Boom Cylinder is a specialized hydraulic cylinder used in various heavy machinery, such as excavators, backhoe loaders, and front-end loaders. Its primary function is to control the movement of the bucket, allowing it to lift, lower, and tilt effectively. This capability is crucial for material [&hellip;]<\/p>","protected":false},"featured_media":17877,"comment_status":"open","ping_status":"closed","template":"","meta":{"_et_pb_use_builder":"","_et_pb_old_content":"","_et_gb_content_width":""},"product_brand":[],"product_cat":[1546],"product_tag":[1547,1496],"class_list":{"0":"post-19674","1":"product","2":"type-product","3":"status-publish","4":"has-post-thumbnail","6":"product_cat-boom-cylinders","7":"product_tag-boom-cylinders","8":"product_tag-hydraulic-cylinders","10":"first","11":"instock","12":"shipping-taxable","13":"product-type-simple"},"amp_enabled":true,"_links":{"self":[{"href":"https:\/\/www.hydraulic-cylinders.net\/lv\/wp-json\/wp\/v2\/product\/19674","targetHints":{"allow":["GET"]}}],"collection":[{"href":"https:\/\/www.hydraulic-cylinders.net\/lv\/wp-json\/wp\/v2\/product"}],"about":[{"href":"https:\/\/www.hydraulic-cylinders.net\/lv\/wp-json\/wp\/v2\/types\/product"}],"replies":[{"embeddable":true,"href":"https:\/\/www.hydraulic-cylinders.net\/lv\/wp-json\/wp\/v2\/comments?post=19674"}],"wp:featuredmedia":[{"embeddable":true,"href":"https:\/\/www.hydraulic-cylinders.net\/lv\/wp-json\/wp\/v2\/media\/17877"}],"wp:attachment":[{"href":"https:\/\/www.hydraulic-cylinders.net\/lv\/wp-json\/wp\/v2\/media?parent=19674"}],"wp:term":[{"taxonomy":"product_brand","embeddable":true,"href":"https:\/\/www.hydraulic-cylinders.net\/lv\/wp-json\/wp\/v2\/product_brand?post=19674"},{"taxonomy":"product_cat","embeddable":true,"href":"https:\/\/www.hydraulic-cylinders.net\/lv\/wp-json\/wp\/v2\/product_cat?post=19674"},{"taxonomy":"product_tag","embeddable":true,"href":"https:\/\/www.hydraulic-cylinders.net\/lv\/wp-json\/wp\/v2\/product_tag?post=19674"}],"curies":[{"name":"wp","href":"https:\/\/api.w.org\/{rel}","templated":true}]}}