{"id":19676,"date":"2025-04-07T07:01:12","date_gmt":"2025-04-07T07:01:12","guid":{"rendered":"https:\/\/www.hydraulic-cylinders.net\/product\/boom-cylinder-for-baoding-wy65-8\/"},"modified":"2025-04-07T07:01:14","modified_gmt":"2025-04-07T07:01:14","slug":"boom-cylinder-for-baoding-wy65-8","status":"publish","type":"product","link":"https:\/\/www.hydraulic-cylinders.net\/lv\/products\/boom-cylinder-for-baoding-wy65-8\/","title":{"rendered":"Baoding WY65-8 str\u0113les cilindrs"},"content":{"rendered":"<h1>Baoding WY65-8 str\u0113les cilindrs<\/h1>\n<h2>Ievads str\u0113les cilindr\u0101<\/h2>\n<p>\u012apa\u0161i Baoding WY65-8 izstr\u0101d\u0101tais str\u0113les cilindrs ir b\u016btiska hidraulisko sist\u0113mu sast\u0101vda\u013ca. \u0160im hidrauliskajam cilindram ir b\u016btiska loma kausu kust\u012bbas kontrol\u0113\u0161an\u0101 smag\u0101 ma\u0161\u012bn\u0101, piem\u0113ram, ekskavatoros, ekskavatoros-iekr\u0101v\u0113jos un front\u0101lajos iekr\u0101v\u0113jos. Tas \u013cauj kausam pacelties, nolaisties un noliekties, atvieglojot efekt\u012bvus materi\u0101lu apstr\u0101des uzdevumus.<\/p>\n<p><img decoding=\"async\" src=\"https:\/\/www.hydraulic-cylinders.net\/wp-content\/uploads\/2025\/04\/songte-company-1.webp\" alt=\"Str\u0113les cilindra att\u0113ls\"><\/p>\n<h3>Defin\u012bcija un p\u0101rskats<\/h3>\n<p>Kausa cilindrs ir hidraulisk\u0101 cilindra veids, kas piel\u0101gots rak\u0161anas un iekrau\u0161anas iek\u0101rtu darb\u012bbai. Tas izmanto hidraulisko spiedienu, lai nodro\u0161in\u0101tu vienm\u0113r\u012bgas un kontrol\u0113tas kust\u012bbas, kas ir b\u016btiski da\u017e\u0101dos b\u016bvniec\u012bbas un lauksaimniec\u012bbas darbos. Hidraulisk\u0101s sist\u0113mas efektivit\u0101te ir atkar\u012bga no cilindra sp\u0113jas nodro\u0161in\u0101t pietiekamu sp\u0113ku, vienlaikus nodro\u0161inot prec\u012bzu darb\u012bbu.<\/p>\n<h2>Str\u0113les cilindra \u012bpa\u0161\u012bbas<\/h2>\n<ul>\n<li><strong>Augsta iztur\u012bba un ilgm\u016b\u017e\u012bba:<\/strong> \u0160ie cilindri, kas parasti ir izgatavoti no augstas stipr\u012bbas t\u0113rauda vai alum\u012bnija, var iztur\u0113t augstu spiedienu un lielas slodzes, padarot tos piem\u0113rotus skarbiem darba apst\u0101k\u013ciem. Tie ir izstr\u0101d\u0101ti, \u0146emot v\u0113r\u0101 nodilumiztur\u012bbu un korozijas iztur\u012bbu, lai uzlabotu ilgm\u016b\u017e\u012bbu.<\/li>\n<li><strong>Efekt\u012bva hidraulisk\u0101 darb\u012bba:<\/strong> Hidraulisk\u0101 \u0161\u0137idruma spiediena izmanto\u0161ana nodro\u0161ina vienm\u0113r\u012bgu izvilk\u0161anu un ievilk\u0161anu, \u0101tri rea\u0123\u0113jot uz vad\u012bbas komand\u0101m, nodro\u0161inot jaud\u012bgu stum\u0161anas un vilk\u0161anas sp\u0113ku, kas ir ide\u0101li piem\u0113rots smagu materi\u0101lu apstr\u0101dei un sare\u017e\u0123\u012btu uzdevumu veik\u0161anai.<\/li>\n<li><strong>Da\u017e\u0101di veidi:<\/strong> Atkar\u012bb\u0101 no ekspluat\u0101cijas vajadz\u012bb\u0101m ir pieejami vienas darb\u012bbas (hidraulisk\u0101 sist\u0113ma darbojas vien\u0101 virzien\u0101) vai divk\u0101r\u0161as darb\u012bbas (hidraulisk\u0101 sist\u0113ma darbojas abos virzienos) cilindri. Da\u017ei mode\u013ci ir teleskopiski, kas \u013cauj tos pagarin\u0101t, nepalielinot \u0101r\u0113jos izm\u0113rus, t\u0101p\u0113c tie ir piem\u0113roti lietojumiem ar ierobe\u017eotu vietu.<\/li>\n<\/ul>\n<p>M\u0113s ra\u017eojam \u0161o produktu, un m\u016bsu pied\u0101v\u0101jums var lieliski aizst\u0101t \u0161os hidrauliskos cilindrus.<\/p>\n<p><img decoding=\"async\" src=\"https:\/\/www.hydraulic-cylinders.net\/wp-content\/uploads\/2025\/04\/songte-cylinder-head-with-all-kinds-excavator-models.webp\" alt=\"Cilindra galvas att\u0113ls\"><\/p>\n<h2>Lietojumprogrammu scen\u0101riji<\/h2>\n<h3>Celtniec\u012bbas apr\u012bkojums<\/h3>\n<p>Ekskavatoros str\u0113les cilindri ir nepiecie\u0161ami augsnes vai gru\u017eu rak\u0161anai, iekrau\u0161anai un p\u0101rvieto\u0161anai. Tie \u013cauj kausam efekt\u012bvi iek\u013c\u016bt zem\u0113, padarot tos neaizst\u0101jamus rak\u0161anas darbos. Ekskavatoros-iekr\u0101v\u0113jos str\u0113les cilindrs atvieglo gan rak\u0161anas, gan cel\u0161anas darb\u012bbas, uzlabojot kop\u0113jo produktivit\u0101ti b\u016bvlaukumos.<\/p>\n<h3>Lauksaimniec\u012bbas tehnika<\/h3>\n<p>Front\u0101lo iekr\u0101v\u0113ju str\u0113les cilindri pal\u012bdz gr\u0101bt, pacelt un transport\u0113t augsni, sienu un citus materi\u0101lus. To uzticama darb\u012bba ir \u013coti svar\u012bga lauksaimniec\u012bbas vid\u0113, kur efektivit\u0101te tie\u0161i ietekm\u0113 produktivit\u0101ti. \u0160o cilindru daudzpus\u012bba \u013cauj pievienot da\u017e\u0101dus stiprin\u0101jumus, padarot tos v\u0113rt\u012bgus da\u017e\u0101d\u0101s lauksaimniec\u012bbas darb\u012bb\u0101s.<\/p>\n<h3>Ekskavatori<\/h3>\n<p>Ekskavatoros str\u0113les cilindrs \u013cauj kausam iek\u013c\u016bt augsn\u0113, nodro\u0161inot efekt\u012bvas rak\u0161anas darb\u012bbas. Str\u0113les vienm\u0113r\u012bga darb\u012bba ir \u013coti svar\u012bga, lai pan\u0101ktu precizit\u0101ti tran\u0161eju rak\u0161anas un izrak\u0161anas darbos, kas ir \u013coti svar\u012bgi gan dz\u012bvojamo, gan komerci\u0101lo projektu gad\u012bjum\u0101.<\/p>\n<h3>Iekr\u0101v\u0113ji<\/h3>\n<p>Front\u0101lajos iekr\u0101v\u0113jos str\u0113les cilindriem ir b\u016btiska loma kravu efekt\u012bv\u0101 cel\u0161an\u0101 un izg\u0101\u0161an\u0101. To sp\u0113ja nodro\u0161in\u0101t lielu celtsp\u0113ju nodro\u0161ina, ka materi\u0101lus var p\u0101rvietot \u0101tri un dro\u0161i, kas ir vit\u0101li svar\u012bgi efekt\u012bvai darb\u012bbai objekt\u0101.<\/p>\n<h2>Dizaina apsv\u0113rumi un atlases krit\u0113riji<\/h2>\n<h3>Kravnes\u012bba<\/h3>\n<p>Izv\u0113loties str\u0113les cilindru, galvenais apsv\u0113rums ir kravnes\u012bba. Cilindram j\u0101sp\u0113j iztur\u0113t maksim\u0101lo pace\u013cam\u0101s kravas svaru. Tas nodro\u0161ina ne tikai darb\u012bbas efektivit\u0101ti, bet ar\u012b iesaist\u012bt\u0101 apr\u012bkojuma un person\u0101la dro\u0161\u012bbu. Pareizi nov\u0113rt\u0113ts cilindrs nov\u0113rs\u012bs darb\u012bbas trauc\u0113jumus vai atteici kritisku darb\u012bbu laik\u0101, samazinot negad\u012bjumu vai apr\u012bkojuma boj\u0101jumu risku.<\/p>\n<h3>Bl\u012bv\u0113juma veiktsp\u0113ja<\/h3>\n<p>Hidraulisk\u0101 cilindra bl\u012bv\u0113juma veiktsp\u0113ja ir \u013coti svar\u012bga t\u0101 ilgm\u016b\u017e\u012bbai un efektivit\u0101tei. Augstas kvalit\u0101tes bl\u012bv\u0113jumi nov\u0113r\u0161 \u0161\u0137idruma nopl\u016bdi, kas var izrais\u012bt spiediena zudumu un neefekt\u012bvu darb\u012bbu. Izv\u0113loties no iztur\u012bgiem materi\u0101liem, piem\u0113ram, poliuret\u0101na vai nitrila gumijas, izgatavotus bl\u012bv\u0113jumus, tiek uzlabota cilindra iztur\u012bba pret nodilumu, nodro\u0161inot uzticamu darb\u012bbu laika gait\u0101. Pareiza bl\u012bv\u0113\u0161ana ar\u012b aizsarg\u0101 pret pies\u0101r\u0146ot\u0101jiem, kas var\u0113tu pasliktin\u0101t hidraulisk\u0101 \u0161\u0137idruma kvalit\u0101ti.<\/p>\n<h3>Iztur\u012bba un dro\u0161\u012bba<\/h3>\n<p>Iztur\u012bba ir galvenais faktors str\u0113les cilindru projekt\u0113\u0161an\u0101. Tiem j\u0101b\u016bt konstru\u0113tiem t\u0101, lai tie iztur\u0113tu skarbus apst\u0101k\u013cus, tostarp pak\u013cau\u0161anu ekstrem\u0101l\u0101m temperat\u016br\u0101m un kod\u012bg\u0101m viel\u0101m. Labi konstru\u0113ts cilindrs ietver t\u0101das funkcijas k\u0101 pastiprin\u0101tas virsmas un aizsargp\u0101rkl\u0101jumus, lai uzlabotu t\u0101 sp\u0113ju iztur\u0113t vides izaicin\u0101jumus. J\u0101integr\u0113 ar\u012b dro\u0161\u012bbas meh\u0101nismi, piem\u0113ram, spiediena samazin\u0101\u0161anas v\u0101rsti, lai nov\u0113rstu p\u0101rslodzi un iesp\u0113jamus boj\u0101jumus, nodro\u0161inot iek\u0101rtas un t\u0101s operatoru dro\u0161\u012bbu.<\/p>\n<h2>Cilindra bl\u012bv\u0113\u0161ana un e\u013c\u013co\u0161ana<\/h2>\n<p>Str\u0113les cilindra efektivit\u0101te liel\u0101 m\u0113r\u0101 ir atkar\u012bga no t\u0101 bl\u012bv\u0113\u0161anas un e\u013c\u013co\u0161anas sist\u0113m\u0101m. Da\u017e\u0101di bl\u012bv\u0113jumi, tostarp virzu\u013ca bl\u012bv\u0113jumi un stie\u0146a bl\u012bv\u0113jumi, ir b\u016btiski, lai uztur\u0113tu hidraulisko spiedienu cilindr\u0101. Bl\u012bv\u0113jumi, kas izgatavoti no nodilumiztur\u012bgiem materi\u0101liem, piem\u0113ram, poliuret\u0101na un nitrila gumijas, nodro\u0161ina iztur\u012bbu. Turkl\u0101t cilindra korpuss un v\u012bt\u0146ot\u0101s gala virsmas tiek r\u016bp\u012bgi apstr\u0101d\u0101tas, lai uzlabotu nodilumiztur\u012bbu. Regul\u0101ra e\u013c\u013co\u0161ana ar hidraulisko e\u013c\u013cu ir nepiecie\u0161ama, lai samazin\u0101tu berzi un uztur\u0113tu optim\u0101lu veiktsp\u0113ju, t\u0101p\u0113c periodiski j\u0101veic p\u0101rbaudes, lai nodro\u0161in\u0101tu atbilsto\u0161u e\u013c\u013cas l\u012bmeni.<\/p>\n<h2>Regul\u0101ra apkope un prevent\u012bvie pas\u0101kumi<\/h2>\n<ul>\n<li><strong>Regul\u0101ras p\u0101rbaudes:<\/strong> Regul\u0101ras p\u0101rbaudes, lai noteiktu nopl\u016bdes, boj\u0101jumus vai nodilumu, var nov\u0113rst nopietnus boj\u0101jumus. P\u0101rbaudiet bl\u012bves, \u0161\u013c\u016btenes un savienojumus, lai p\u0101rliecin\u0101tos, ka tie ir lab\u0101 st\u0101vokl\u012b, un nomainiet visas boj\u0101t\u0101s deta\u013cas.<\/li>\n<li><strong>Piem\u0113rota e\u013c\u013co\u0161ana:<\/strong> P\u0101rliecinieties, ka hidraulisk\u0101s e\u013c\u013cas l\u012bmenis ir pareizs un t\u0101 nesatur piemais\u012bjumus. Pareiza e\u013c\u013co\u0161ana samazina berzi un nodilumu, pagarinot cilindra kalpo\u0161anas laiku.<\/li>\n<li><strong>Bl\u012bv\u0113juma nomai\u0146as un kalibr\u0113\u0161anas p\u0101rbaudes:<\/strong> Laika gait\u0101 bl\u012bves var nolietoties un t\u0101s var b\u016bt j\u0101nomaina. Regul\u0101ra balona kalibr\u0113\u0161ana nodro\u0161ina t\u0101 darb\u012bbu noteikto parametru robe\u017e\u0101s, saglab\u0101jot efektivit\u0101ti un dro\u0161\u012bbu.<\/li>\n<\/ul>\n<h2>Uzst\u0101d\u012b\u0161anas vadl\u012bnijas<\/h2>\n<p>Pareiza str\u0113les cilindra uzst\u0101d\u012b\u0161ana ir \u013coti svar\u012bga t\u0101 veiktsp\u0113jai un ilgm\u016b\u017e\u012bbai. Vispirms p\u0101rliecinieties, vai mont\u0101\u017eas virsmas ir t\u012bras un bez gru\u017eiem. Pareizi izl\u012bdziniet cilindru, lai izvair\u012btos no nepareizas izl\u012bdzin\u0101\u0161anas, kas var\u0113tu izrais\u012bt priek\u0161laic\u012bgu nodilumu. Ieteicams izmantot atbilsto\u0161us mont\u0101\u017eas kron\u0161teinus, lai stingri nostiprin\u0101tu cilindru. P\u0113c uzst\u0101d\u012b\u0161anas p\u0101rbaudiet, vai tas darbojas pareizi, un nepiecie\u0161am\u012bbas gad\u012bjum\u0101 noregul\u0113jiet, lai nodro\u0161in\u0101tu, ka cilindrs izb\u012bd\u0101s un ievelkas vienm\u0113r\u012bgi, neradot p\u0101rm\u0113r\u012bgu slodzi hidrauliskajai sist\u0113mai.<\/p>\n<h2>Bie\u017ei sastopamie apkopes uzdevumi<\/h2>\n<ul>\n<li><strong>Regul\u0101ras p\u0101rbaudes:<\/strong> Ir \u013coti svar\u012bgi regul\u0101ri p\u0101rbaud\u012bt hidraulisko sist\u0113mu. Darb\u012bbas laik\u0101 mekl\u0113jiet jebk\u0101das nopl\u016bdes, nodiluma vai neparastu trok\u0161\u0146u paz\u012bmes. Dokument\u0113jiet \u0161os nov\u0113rojumus, lai izsekotu atk\u0101rtot\u0101m probl\u0113m\u0101m.<\/li>\n<li><strong>Pareiza e\u013c\u013co\u0161ana:<\/strong> Regul\u0101ra e\u013c\u013co\u0161ana ir \u013coti svar\u012bga, lai samazin\u0101tu berzi starp kust\u012bgaj\u0101m da\u013c\u0101m. P\u0101rliecinieties, vai izv\u0113l\u0113t\u0101 sm\u0113rviela atbilst ra\u017eot\u0101ja specifik\u0101cij\u0101m, lai nesaboj\u0101tu cilindru.<\/li>\n<li><strong>Bl\u012bv\u0113juma nomai\u0146a un kalibr\u0113\u0161ana:<\/strong> Regul\u0101ra bl\u012bv\u0113jumu nomai\u0146a apkopes ietvaros nov\u0113r\u0161 nopl\u016bdes un veiktsp\u0113jas probl\u0113mas. Kalibr\u0113\u0161anas p\u0101rbaudes pal\u012bdz uztur\u0113t cilindra efektivit\u0101ti un dro\u0161\u012bbu.<\/li>\n<\/ul>\n<h2>Dro\u0161\u012bbas apsv\u0113rumi un vides faktori<\/h2>\n<p>Dro\u0161\u012bbas pas\u0101kumi ir \u0101rk\u0101rt\u012bgi svar\u012bgi, str\u0101d\u0101jot ar hidrauliskajiem cilindriem. Operatoriem j\u0101b\u016bt apm\u0101c\u012btiem par pareizu iek\u0101rtu lieto\u0161anu un apkopi, lai samazin\u0101tu riskus. J\u0101valk\u0101 aizsargt\u0113rps, lai pasarg\u0101tu no iesp\u0113jamiem apdraud\u0113jumiem. Turkl\u0101t, izv\u0113loties materi\u0101lus un sm\u0113rvielas hidrauliskaj\u0101m sist\u0113m\u0101m, j\u0101\u0146em v\u0113r\u0101 t\u0101di vides faktori k\u0101 temperat\u016bras sv\u0101rst\u012bbas un \u0137\u012bmisko vielu iedarb\u012bba.<\/p>\n<h2>Probl\u0113mu nov\u0113r\u0161ana un bie\u017ei sastopamas probl\u0113mas<\/h2>\n<ul>\n<li><strong>Nopl\u016bde:<\/strong> Ja rodas nopl\u016bde, p\u0101rbaudiet, vai bl\u012bves un savienojumi nav boj\u0101ti. Ja nepiecie\u0161ams, pievelciet savienojumus vai nomainiet bl\u012bves, lai atjaunotu funkcionalit\u0101ti.<\/li>\n<li><strong>Samazin\u0101ta veiktsp\u0113ja:<\/strong> Hidraulisk\u0101s jaudas samazin\u0101\u0161an\u0101s var liecin\u0101t par zemu \u0161\u0137idruma l\u012bmeni vai pies\u0101r\u0146ojumu. P\u0101rbaudiet \u0161\u0137idruma l\u012bmeni un kvalit\u0101ti, nepiecie\u0161am\u012bbas gad\u012bjum\u0101 papildinot vai nomainot \u0161\u0137idrumu.<\/li>\n<li><strong>Troksnis darb\u012bbas laik\u0101:<\/strong> Neparastas ska\u0146as var liecin\u0101t par nodilu\u0161iem gult\u0146iem vai iek\u0161\u0113jiem boj\u0101jumiem. P\u0101rbaudiet cilindru un veiciet nepiecie\u0161amo apkopi, lai nov\u0113rstu \u0161\u012bs probl\u0113mas.<\/li>\n<\/ul>\n<p>\u0160o probl\u0113mu savlaic\u012bga risin\u0101\u0161ana var nov\u0113rst turpm\u0101kas komplik\u0101cijas, nodro\u0161inot efekt\u012bvu darb\u012bbu.<\/p>\n<h2>Uz\u0146\u0113muma p\u0101rskats<\/h2>\n<p>M\u0113s esam vado\u0161ais alternat\u012bvo hidraulisko cilindru ra\u017eot\u0101js un vairumtirgot\u0101js, kas ir atz\u012bts gan viet\u0113j\u0101, gan starptautiskaj\u0101 tirg\u016b. M\u016bsu ap\u0146em\u0161anos sasniegt izcil\u012bbu atbalsta pilnveidota ra\u017eo\u0161anas vad\u012bbas strat\u0113\u0123ija. Izmantojot kvalific\u0113tu person\u0101lu, modernu digit\u0101lo ra\u017eo\u0161anas apr\u012bkojumu un profesion\u0101las test\u0113\u0161anas sist\u0113mas, m\u0113s past\u0101v\u012bgi uzlabojam savas ra\u017eo\u0161anas iesp\u0113jas. M\u016bsu m\u0113r\u0137is ir apmierin\u0101t da\u017e\u0101das klientu vajadz\u012bbas ar augstu efektivit\u0101ti, precizit\u0101ti un kvalit\u0101ti, nodro\u0161inot klientu apmierin\u0101t\u012bbu.<\/p>\n<p><img decoding=\"async\" src=\"https:\/\/www.hydraulic-cylinders.net\/wp-content\/uploads\/2025\/04\/songte-company-4.webp\" alt=\"Uz\u0146\u0113muma p\u0101rskata att\u0113ls\"><br \/>\n<img decoding=\"async\" src=\"https:\/\/www.hydraulic-cylinders.net\/wp-content\/uploads\/2025\/04\/songte-company-3.webp\" alt=\"Uz\u0146\u0113muma apr\u012bkojuma att\u0113ls\"><\/p>\n<p>M\u016bsu specializ\u0101cija ietver profesion\u0101lus pakalpojumus, starptautiskus sertifik\u0101tus, piel\u0101gotus risin\u0101jumus, modern\u0101k\u0101s ra\u017eo\u0161anas iek\u0101rtas un izcilu p\u0113cp\u0101rdo\u0161anas atbalstu.<\/p>\n<p>Autors: lil<\/p>","protected":false},"excerpt":{"rendered":"<p>Boom Cylinder For Baoding WY65-8 Introduction to Boom Cylinder The Boom Cylinder, specifically designed for Baoding WY65-8, is a crucial component in hydraulic systems. This hydraulic cylinder plays an essential role in controlling the movement of buckets in heavy machinery such as excavators, backhoe loaders, and front loaders. It allows the bucket to lift, lower, [&hellip;]<\/p>","protected":false},"featured_media":17879,"comment_status":"open","ping_status":"closed","template":"","meta":{"_et_pb_use_builder":"","_et_pb_old_content":"","_et_gb_content_width":""},"product_brand":[],"product_cat":[1546],"product_tag":[1547,1496],"class_list":{"0":"post-19676","1":"product","2":"type-product","3":"status-publish","4":"has-post-thumbnail","6":"product_cat-boom-cylinders","7":"product_tag-boom-cylinders","8":"product_tag-hydraulic-cylinders","10":"first","11":"instock","12":"shipping-taxable","13":"product-type-simple"},"amp_enabled":true,"_links":{"self":[{"href":"https:\/\/www.hydraulic-cylinders.net\/lv\/wp-json\/wp\/v2\/product\/19676","targetHints":{"allow":["GET"]}}],"collection":[{"href":"https:\/\/www.hydraulic-cylinders.net\/lv\/wp-json\/wp\/v2\/product"}],"about":[{"href":"https:\/\/www.hydraulic-cylinders.net\/lv\/wp-json\/wp\/v2\/types\/product"}],"replies":[{"embeddable":true,"href":"https:\/\/www.hydraulic-cylinders.net\/lv\/wp-json\/wp\/v2\/comments?post=19676"}],"wp:featuredmedia":[{"embeddable":true,"href":"https:\/\/www.hydraulic-cylinders.net\/lv\/wp-json\/wp\/v2\/media\/17879"}],"wp:attachment":[{"href":"https:\/\/www.hydraulic-cylinders.net\/lv\/wp-json\/wp\/v2\/media?parent=19676"}],"wp:term":[{"taxonomy":"product_brand","embeddable":true,"href":"https:\/\/www.hydraulic-cylinders.net\/lv\/wp-json\/wp\/v2\/product_brand?post=19676"},{"taxonomy":"product_cat","embeddable":true,"href":"https:\/\/www.hydraulic-cylinders.net\/lv\/wp-json\/wp\/v2\/product_cat?post=19676"},{"taxonomy":"product_tag","embeddable":true,"href":"https:\/\/www.hydraulic-cylinders.net\/lv\/wp-json\/wp\/v2\/product_tag?post=19676"}],"curies":[{"name":"wp","href":"https:\/\/api.w.org\/{rel}","templated":true}]}}