{"id":19678,"date":"2025-04-07T07:01:17","date_gmt":"2025-04-07T07:01:17","guid":{"rendered":"https:\/\/www.hydraulic-cylinders.net\/product\/boom-cylinder-for-baoding-wy90-7\/"},"modified":"2025-04-07T07:01:20","modified_gmt":"2025-04-07T07:01:20","slug":"boom-cylinder-for-baoding-wy90-7","status":"publish","type":"product","link":"https:\/\/www.hydraulic-cylinders.net\/lv\/products\/boom-cylinder-for-baoding-wy90-7\/","title":{"rendered":"Baodingas WY90-7 str\u0113les cilindrs"},"content":{"rendered":"<h1>Baodingas WY90-7 str\u0113les cilindrs<\/h1>\n<h2>Kas ir str\u0113les cilindrs?<\/h2>\n<p>Str\u0113les cilindrs ir specializ\u0113ts hidrauliskais cilindrs, kas paredz\u0113ts kausa kust\u012bbas vad\u012bbai da\u017e\u0101d\u0101s smagaj\u0101s ma\u0161\u012bn\u0101s, piem\u0113ram, ekskavatoros, iekr\u0101v\u0113jos ar ekskavatoru un front\u0101lajos iekr\u0101v\u0113jos. \u0160\u012b hidraulisk\u0101 sast\u0101vda\u013ca \u013cauj kausam pacelt, nolaist un noliekt, t\u0101d\u0113j\u0101di prec\u012bzi un viegli veicot materi\u0101lu apstr\u0101des uzdevumus.<\/p>\n<p><img decoding=\"async\" src=\"https:\/\/www.hydraulic-cylinders.net\/wp-content\/uploads\/2025\/04\/songte-company-1.webp\" alt=\"Str\u0113les cilindrs\" \/><\/p>\n<h3>Funkcija un pielietojums<\/h3>\n<p>Hidrauliskaj\u0101 sist\u0113m\u0101 str\u0113les cilindram ir iz\u0161\u0137iro\u0161a noz\u012bme, p\u0101rveidojot hidraulisko spiedienu meh\u0101niskaj\u0101 ener\u0123ij\u0101. Tas nodro\u0161ina nepiecie\u0161amo sp\u0113ku t\u0101du uzdevumu veik\u0161anai k\u0101 rak\u0161ana, cel\u0161ana un materi\u0101lu p\u0101rvieto\u0161ana. Kausa cilindrs ir b\u016btisks da\u017e\u0101dos pielietojumos, tostarp:<\/p>\n<ul>\n<li><strong>Izrakumi:<\/strong> Cilindrs nodro\u0161ina efekt\u012bvu iek\u013c\u016b\u0161anu augsn\u0113 un gru\u017eu pacel\u0161anu, padarot rak\u0161anas darbus \u0101tr\u0101kus un efekt\u012bv\u0101kus.<\/li>\n<li><strong>Materi\u0101lu transport\u0113\u0161ana:<\/strong> Tas pal\u012bdz transport\u0113t materi\u0101lus no vienas vietas uz otru, nodro\u0161inot netrauc\u0113tu darb\u012bbu b\u016bvniec\u012bb\u0101 un lauksaimniec\u012bbas vid\u0113.<\/li>\n<li><strong>Net\u012brumu un gru\u017eu apsaimnieko\u0161ana:<\/strong> Kausa cilindrs ir \u013coti svar\u012bgs net\u012brumu un gru\u017eu p\u0101rvald\u012bb\u0101 b\u016bvlaukumos, uzlabojot produktivit\u0101ti un darbpl\u016bsmu.<\/li>\n<\/ul>\n<h2>Str\u0113les cilindra \u012bpa\u0161\u012bbas<\/h2>\n<h3>Augsta iztur\u012bba un ilgm\u016b\u017e\u012bba<\/h3>\n<ul>\n<li>Izgatavots no augstas stipr\u012bbas t\u0113rauda vai alum\u012bnija, lai iztur\u0113tu augstu spiedienu un lielas slodzes.<\/li>\n<li>Izstr\u0101d\u0101ts, lai iztur\u0113tu skarbas darba vides, \u0146emot v\u0113r\u0101 nodilumiztur\u012bbu un aizsardz\u012bbu pret koroziju.<\/li>\n<li>Ilg\u0101ks kalpo\u0161anas laiks, pateicoties iztur\u012bgiem konstrukcijas materi\u0101liem.<\/li>\n<\/ul>\n<h3>Efekt\u012bva hidraulisk\u0101 darb\u012bba<\/h3>\n<ul>\n<li>Izmanto hidraulisk\u0101s e\u013c\u013cas spiedienu, lai nodro\u0161in\u0101tu vienm\u0113r\u012bgu un atsauc\u012bgu izstiep\u0161anu un ievilk\u0161anu.<\/li>\n<li>Nodro\u0161ina sp\u0113c\u012bgu stum\u0161anas un vilk\u0161anas sp\u0113ku, kas piem\u0113rots smagu un sare\u017e\u0123\u012btu uzdevumu veik\u0161anai.<\/li>\n<\/ul>\n<h3>Da\u017e\u0101di veidi<\/h3>\n<ul>\n<li>Pieejams vienk\u0101r\u0161\u0101s darb\u012bbas (izmantojot hidrauliku vien\u0101 virzien\u0101) vai divk\u0101r\u0161\u0101s darb\u012bbas (izmantojot hidrauliku abos virzienos) konfigur\u0101cij\u0101s.<\/li>\n<li>Da\u017eiem mode\u013ciem ir teleskopiska konstrukcija, kas nodro\u0161ina liel\u0101ku sniedzam\u012bbu, nepalielinot \u0101r\u0113jos izm\u0113rus.<\/li>\n<\/ul>\n<h2>Ra\u017eo\u0161anas iesp\u0113jas<\/h2>\n<p>M\u016bsu uz\u0146\u0113mums specializ\u0113jas hidraulisko cilindru ra\u017eo\u0161an\u0101, nodro\u0161inot, ka m\u016bsu produkti var perfekti aizst\u0101t eso\u0161os cilindrus da\u017e\u0101dos pielietojumos.<\/p>\n<p><img decoding=\"async\" src=\"https:\/\/www.hydraulic-cylinders.net\/wp-content\/uploads\/2025\/04\/songte-cylinder-head-with-all-kinds-excavator-models.webp\" alt=\"Hidraulisko cilindru ra\u017eo\u0161ana\" \/><\/p>\n<h2>Str\u0113les cilindra pielietojumi<\/h2>\n<h3>Celtniec\u012bbas apr\u012bkojums<\/h3>\n<p>Ekskavatoros str\u0113les cilindri ir vit\u0101li svar\u012bgi augsnes vai gru\u017eu rak\u0161anai, iekrau\u0161anai un p\u0101rvieto\u0161anai. Tie nodro\u0161ina nepiecie\u0161amo celtsp\u0113ju kausa pacel\u0161anai, \u013caujot operatoriem efekt\u012bvi izrakt vai transport\u0113t materi\u0101lus. Ekskavatoros-iekr\u0101v\u0113jos str\u0113les cilindrs pal\u012bdz gan rak\u0161an\u0101, gan cel\u0161an\u0101, uzlabojot \u0161o ma\u0161\u012bnu daudzpus\u012bbu.<\/p>\n<h3>Lauksaimniec\u012bbas tehnika<\/h3>\n<p>Front\u0101lie iekr\u0101v\u0113ji izmanto str\u0113les cilindrus, lai paceltu, paceltu un transport\u0113tu augsni, sienu un citus materi\u0101lus. Tie ir b\u016btiski da\u017e\u0101dos lauksaimniec\u012bbas darbos, uzlabojot produktivit\u0101ti un efektivit\u0101ti saimniec\u012bb\u0101s.<\/p>\n<h3>Ekskavatori<\/h3>\n<p>Pateicoties sp\u0113jai iek\u013c\u016bt augsn\u0113, ekskavatoru str\u0113les cilindri atvieglo efekt\u012bvas rak\u0161anas darb\u012bbas, padarot tos par neat\u0146emamu sast\u0101vda\u013cu b\u016bvniec\u012bbas un nojauk\u0161anas projektos.<\/p>\n<h3>Iekr\u0101v\u0113ji<\/h3>\n<p>Front\u0101lajos iekr\u0101v\u0113jos str\u0113les cilindri pal\u012bdz efekt\u012bvi pacelt un izkraut kravas. To konstrukcija nodro\u0161ina optim\u0101lu svara sadal\u012bjumu un kontroli darb\u012bbas laik\u0101, atbalstot da\u017e\u0101dus iekrau\u0161anas uzdevumus.<\/p>\n<h2>Dizaina apsv\u0113rumi un atlases krit\u0113riji<\/h2>\n<h3>Kravnes\u012bba<\/h3>\n<p>Str\u0113les cilindra kravnes\u012bba ir \u013coti svar\u012bga, lai noteiktu t\u0101 piem\u0113rot\u012bbu konkr\u0113tiem lietojumiem. Ir svar\u012bgi izv\u0113l\u0113ties cilindru, kas sp\u0113j iztur\u0113t paredzam\u0101s slodzes, nerisk\u0113jot to saboj\u0101t. Lai p\u0101rliecin\u0101tos, ka cilindrs atbilst paredz\u0113t\u0101 lietojuma pras\u012bb\u0101m, j\u0101veic atbilsto\u0161i apr\u0113\u0137ini un slodzes p\u0101rbaude. Cilindrs ar liel\u0101ku kravnes\u012bbu nodro\u0161in\u0101s lab\u0101kas dro\u0161\u012bbas robe\u017eas un uzlabos darb\u012bbas efektivit\u0101ti.<\/p>\n<h3>Bl\u012bv\u0113jums un iztur\u012bba<\/h3>\n<p>Efekt\u012bva bl\u012bv\u0113\u0161ana ir \u0101rk\u0101rt\u012bgi svar\u012bga, lai nov\u0113rstu hidraulisk\u0101 \u0161\u0137idruma nopl\u016bdes, kas var izrais\u012bt samazin\u0101tu veiktsp\u0113ju un palielin\u0101tu nodilumu. Bl\u012bv\u0113jumu izv\u0113le, piem\u0113ram, virzu\u013ca bl\u012bv\u0113jumi un stie\u0146a bl\u012bv\u0113jumi, kas izgatavoti no iztur\u012bgiem materi\u0101liem, piem\u0113ram, poliuret\u0101na vai nitrila gumijas, iev\u0113rojami veicina cilindra ilgm\u016b\u017e\u012bbu. Augstas kvalit\u0101tes bl\u012bv\u0113jumi nodro\u0161in\u0101s ar\u012b hidraulisk\u0101s sist\u0113mas vienm\u0113r\u012bgu un efekt\u012bvu darb\u012bbu, samazinot d\u012bkst\u0101ves laiku apkopes d\u0113\u013c.<\/p>\n<h3>Dro\u0161\u012bbas funkcijas<\/h3>\n<p>Dro\u0161\u012bba ir galvenais apsv\u0113rums str\u0113les cilindru projekt\u0113\u0161an\u0101. T\u0101das funkcijas k\u0101 ieb\u016bv\u0113ti spiediena samazin\u0101\u0161anas v\u0101rsti pal\u012bdz nov\u0113rst p\u0101rslodzi, kas var izrais\u012bt katastrof\u0101las k\u013c\u016bmes. Turkl\u0101t regul\u0101ras apkopes p\u0101rbaudes un dro\u0161\u012bbas protokolu iev\u0113ro\u0161ana nodro\u0161in\u0101s hidraulisko sist\u0113mu ilgm\u016b\u017e\u012bbu un uzticam\u012bbu. Operatori ir j\u0101apm\u0101ca atpaz\u012bt iesp\u0113jamos dro\u0161\u012bbas apdraud\u0113jumus un nekav\u0113joties tos nov\u0113rst, lai mazin\u0101tu riskus ekspluat\u0101cijas laik\u0101.<\/p>\n<p><img decoding=\"async\" src=\"https:\/\/www.hydraulic-cylinders.net\/wp-content\/uploads\/2025\/04\/songte-oil-pipes-and-spare-parts.webp\" alt=\"Hidraulisk\u0101 cilindra konstrukcijas apsv\u0113rumi\" \/><\/p>\n<h2>Bl\u012bv\u0113\u0161ana un e\u013c\u013co\u0161ana<\/h2>\n<p>To ensure optimal performance, various seals are employed in boom cylinders, including piston seals and rod seals. The selection of seals made from wear-resistant materials such as polyurethane and nitrile rubber is critical for extending the life of the cylinder. Additionally, the cylinder body and threaded end surfaces undergo precision finishing to enhance wear resistance. Regular lubrication with hydraulic oil is necessary to minimize friction and prolong the cylinder&#8217;s operational life. Operators must understand the importance of maintaining proper oil levels and ensuring that the system is free from contaminants, which can compromise the function and longevity of the hydraulic components.<\/p>\n<h2>Prevent\u012bvie apkopes pas\u0101kumi<\/h2>\n<ul>\n<li><strong>Regul\u0101ra p\u0101rbaude:<\/strong> Lai laikus identific\u0113tu probl\u0113mas un nov\u0113rstu d\u0101rgus remontdarbus, j\u0101veic regul\u0101ras p\u0101rbaudes, lai atkl\u0101tu nopl\u016bdes, nodilumu un boj\u0101jumus.<\/li>\n<li><strong>Pareiza e\u013c\u013co\u0161ana:<\/strong> Nodro\u0161inot, ka cilindrs ir pien\u0101c\u012bgi iee\u013c\u013cots, samazin\u0101s berze un nodilums, uzlabojot veiktsp\u0113ju un kalpo\u0161anas laiku.<\/li>\n<li><strong>Bl\u012bv\u0113juma nomai\u0146a:<\/strong> Regul\u0101ra nodilu\u0161o bl\u012bv\u0113jumu nomai\u0146a var nov\u0113rst \u0161\u0137idruma nopl\u016bdes un uztur\u0113t hidraulisko efektivit\u0101ti, nodro\u0161inot, ka sist\u0113ma darbojas k\u0101 paredz\u0113ts.<\/li>\n<\/ul>\n<h2>Uzst\u0101d\u012b\u0161anas vadl\u012bnijas<\/h2>\n<p>Pareiza str\u0113les cilindra uzst\u0101d\u012b\u0161ana ir \u013coti svar\u012bga optim\u0101lai veiktsp\u0113jai. Lai nodro\u0161in\u0101tu pareizu uzst\u0101d\u012b\u0161anu, veiciet t\u0101l\u0101k nor\u0101d\u012bt\u0101s darb\u012bbas.<\/p>\n<ul>\n<li><strong>Sagatavo\u0161ana:<\/strong> Pirms uzst\u0101d\u012b\u0161anas p\u0101rliecinieties, vai darba vieta ir t\u012bra un bez gru\u017eiem. P\u0101rliecinieties, vai jums ir visi nepiecie\u0161amie instrumenti un sast\u0101vda\u013cas.<\/li>\n<li><strong>Izl\u012bdzin\u0101\u0161ana:<\/strong> Pareizi nol\u012bdziniet cilindru ar mont\u0101\u017eas kron\u0161teiniem, lai nov\u0113rstu spriegumu un iesp\u0113jamus boj\u0101jumus darb\u012bbas laik\u0101. Ja nepiecie\u0161ams, izmantojiet izl\u012bdzin\u0101\u0161anas instrumentus.<\/li>\n<li><strong>Mont\u0101\u017ea:<\/strong> Dro\u0161i nostipriniet cilindru, izmantojot atbilsto\u0161\u0101s mont\u0101\u017eas kron\u0161teinus, lai nodro\u0161in\u0101tu stabilit\u0101ti. P\u0101rliecinieties, vai visi stiprin\u0101jumi ir pievilkti atbilsto\u0161i ra\u017eot\u0101ja specifik\u0101cij\u0101m.<\/li>\n<li><strong>Hidrauliskie savienojumi:<\/strong> Pievienojiet hidraulisk\u0101s \u0161\u013c\u016btenes, p\u0101rliecinoties, ka nav nopl\u016b\u017eu. V\u0113lreiz p\u0101rbaudiet visu savienojumu stingr\u012bbu un pareizu novietojumu.<\/li>\n<li><strong>Test\u0113\u0161ana:<\/strong> P\u0113c uzst\u0101d\u012b\u0161anas veiciet testa darb\u012bbu, lai p\u0101rliecin\u0101tos, ka cilindrs darbojas vienm\u0113r\u012bgi un efekt\u012bvi. Uzraudz\u012bt, vai nav dzirdamas neparastas ska\u0146as vai kust\u012bbas.<\/li>\n<\/ul>\n<p><img decoding=\"async\" src=\"https:\/\/www.hydraulic-cylinders.net\/wp-content\/uploads\/2025\/04\/songte-chushion-collar.webp\" alt=\"Str\u0113les cilindra uzst\u0101d\u012b\u0161ana\" \/><\/p>\n<h2>Apkopes uzdevumi<\/h2>\n<h3>Regul\u0101ras p\u0101rbaudes<\/h3>\n<p>Regul\u0101ras str\u0113les cilindra p\u0101rbaudes ir b\u016btiskas, lai laikus atkl\u0101tu iesp\u0113jam\u0101s probl\u0113mas. Mekl\u0113jiet nodiluma, nopl\u016b\u017eu vai boj\u0101jumu paz\u012bmes, lai p\u0101rliecin\u0101tos, ka cilindrs darbojas efekt\u012bvi. Regul\u0101ras apkopes grafika izstr\u0101de var nov\u0113rst d\u0101rgas d\u012bkst\u0101ves un pagarin\u0101t apr\u012bkojuma kalpo\u0161anas laiku.<\/p>\n<h3>Pareiza e\u013c\u013co\u0161ana<\/h3>\n<p>Ir \u013coti svar\u012bgi nodro\u0161in\u0101t, lai str\u0113les cilindrs b\u016btu pien\u0101c\u012bgi iee\u013c\u013cots, lai samazin\u0101tu kust\u012bgo da\u013cu berzi un nodilumu. Regul\u0101ri p\u0101rbaudiet hidraulisk\u0101s e\u013c\u013cas l\u012bmeni un papildiniet to p\u0113c nepiecie\u0161am\u012bbas. Izmantojiet ra\u017eot\u0101ja ieteikto hidraulisko \u0161\u0137idrumu, lai uztur\u0113tu optim\u0101lu veiktsp\u0113ju un izvair\u012btos no sader\u012bbas probl\u0113m\u0101m.<\/p>\n<h3>Bl\u012bv\u0113juma nomai\u0146a<\/h3>\n<p>Bl\u012bv\u0113jumu st\u0101vok\u013ca uzraudz\u012bba ir \u013coti svar\u012bga, lai nov\u0113rstu \u0161\u0137idruma nopl\u016bdes un uztur\u0113tu hidraulisko efektivit\u0101ti. Regul\u0101ri p\u0101rbaudiet bl\u012bv\u0113jumus, vai nav nodiluma paz\u012bmju, un nomainiet tos p\u0113c nepiecie\u0161am\u012bbas, lai nodro\u0161in\u0101tu cilindra pareizu darb\u012bbu. Ieviesiet proakt\u012bvu pieeju bl\u012bv\u0113jumu p\u0101rvald\u012bbai, lai izvair\u012btos no nopl\u016bd\u0113m un uzlabotu veiktsp\u0113ju.<\/p>\n<h2>Dro\u0161\u012bbas apsv\u0113rumi un vides faktori<\/h2>\n<p>Izmantojot str\u0113les cilindrus, ir svar\u012bgi \u0146emt v\u0113r\u0101 dro\u0161\u012bbas pas\u0101kumus, lai aizsarg\u0101tu operatorus un apr\u012bkojumu. Standarta dro\u0161\u012bbas protokolu ievie\u0161ana, piem\u0113ram, atbilsto\u0161u individu\u0101lo aizsardz\u012bbas l\u012bdzek\u013cu (IAL) valk\u0101\u0161ana un visu hidraulisko komponentu lab\u0101 darba k\u0101rt\u012bb\u0101 nodro\u0161in\u0101\u0161ana, ir \u013coti svar\u012bga. Turkl\u0101t, lai nodro\u0161in\u0101tu atbilst\u012bbu vides pras\u012bb\u0101m, ir svar\u012bgi izprast hidraulisk\u0101 \u0161\u0137idruma nopl\u016b\u017eu ietekmi uz vidi un nodro\u0161in\u0101t b\u012bstamo materi\u0101lu pareizu utiliz\u0101ciju.<\/p>\n<h2>Bie\u017ei sastopamo probl\u0113mu nov\u0113r\u0161ana<\/h2>\n<h3>Bie\u017ei sastopamas probl\u0113mas<\/h3>\n<ul>\n<li><strong>Nopl\u016bde:<\/strong> Nopl\u016bdes var rasties nodilu\u0161u bl\u012bv\u0113jumu vai boj\u0101tu savienojumu d\u0113\u013c, k\u0101 rezult\u0101t\u0101 samazin\u0101s veiktsp\u0113ja. Regul\u0101ras p\u0101rbaudes var pal\u012bdz\u0113t identific\u0113t un nov\u0113rst \u0161\u012bs probl\u0113mas, pirms t\u0101s saasin\u0101s.<\/li>\n<li><strong>L\u0113na reakcija:<\/strong> Ja cilindrs rea\u0123\u0113 l\u0113ni, tas var liecin\u0101t par zemu hidraulisk\u0101 \u0161\u0137idruma l\u012bmeni vai probl\u0113mu ar hidraulisko s\u016bkni. P\u0101rbaudiet \u0161\u0137idruma l\u012bmeni un p\u0101rliecinieties, vai s\u016bknis darbojas pareizi.<\/li>\n<li><strong>P\u0101rkar\u0161ana:<\/strong> P\u0101rkar\u0161anu var izrais\u012bt p\u0101rm\u0113r\u012bga darba slodze vai nepietiekama e\u013c\u013co\u0161ana. Uzraugiet darba apst\u0101k\u013cus un nepiecie\u0161am\u012bbas gad\u012bjum\u0101 piel\u0101gojiet tos, lai nov\u0113rstu p\u0101rkar\u0161anu.<\/li>\n<\/ul>\n<h3>Probl\u0113mu nov\u0113r\u0161anas padomi<\/h3>\n<p>Lai efekt\u012bvi diagnostic\u0113tu un nov\u0113rstu probl\u0113mas, iev\u0113rojiet \u0161\u012bs vadl\u012bnijas:<\/p>\n<ul>\n<li>Regul\u0101ri uzraugiet hidraulisk\u0101 \u0161\u0137idruma l\u012bmeni un nomainiet filtrus k\u0101 da\u013cu no ikdienas apkopes.<\/li>\n<li>Dokument\u0113jiet un izsekojiet veiktsp\u0113jas r\u0101d\u012bt\u0101jus, lai laikus identific\u0113tu tendences un iesp\u0113jam\u0101s probl\u0113mas.<\/li>\n<li>Apm\u0101ciet operatorus atpaz\u012bt neparastas ska\u0146as vai uzved\u012bbu hidrauliskaj\u0101 sist\u0113m\u0101, lai atvieglotu \u0101tru r\u012bc\u012bbu.<\/li>\n<\/ul>\n<p><img decoding=\"async\" src=\"https:\/\/www.hydraulic-cylinders.net\/wp-content\/uploads\/2025\/04\/songte-bushings-with-all-kinds-of-excavator-models.webp\" alt=\"Str\u0113les cilindra probl\u0113mu nov\u0113r\u0161ana\" \/><\/p>\n<h2>Uz\u0146\u0113muma p\u0101rskats<\/h2>\n<p>M\u0113s esam vado\u0161ais rezerves hidraulisko cilindru ra\u017eot\u0101js, kas pied\u0101v\u0101 pla\u0161u produktu kl\u0101stu, lai apmierin\u0101tu viet\u0113j\u0101 un starptautisk\u0101 tirgus piepras\u012bjumu. M\u016bsu ap\u0146em\u0161anos nodro\u0161in\u0101t izcilu kvalit\u0101ti nodro\u0161ina m\u016bsu izsmalcin\u0101t\u0101s ra\u017eo\u0161anas strat\u0113\u0123ijas un modern\u0101kais apr\u012bkojums. Koncentr\u0113joties uz tehniskajiem talantiem, augstas klases digit\u0101lo ra\u017eo\u0161anu un profesion\u0101l\u0101m test\u0113\u0161anas sist\u0113m\u0101m, m\u0113s nep\u0101rtraukti uzlabojam savas ra\u017eo\u0161anas iesp\u0113jas. M\u016bsu efekt\u012bv\u0101, prec\u012bz\u0101 un augstas kvalit\u0101tes pieeja \u013cauj mums apmierin\u0101t klientu da\u017e\u0101d\u0101s vajadz\u012bbas.<\/p>\n<p><img decoding=\"async\" src=\"https:\/\/www.hydraulic-cylinders.net\/wp-content\/uploads\/2025\/04\/songte-company-4.webp\" alt=\"Uz\u0146\u0113muma p\u0101rskats\" \/><br \/>\n<img decoding=\"async\" src=\"https:\/\/www.hydraulic-cylinders.net\/wp-content\/uploads\/2025\/04\/songte-company-3.webp\" alt=\"Uz\u0146\u0113muma ra\u017eo\u0161ana\" \/><\/p>\n<p>M\u016bsu specializ\u0101cija ietver profesion\u0101lu sertifik\u0101ciju, piel\u0101gotu pakalpojumu, modernu ra\u017eo\u0161anas apr\u012bkojumu un izcilu p\u0113cp\u0101rdo\u0161anas atbalstu, nodro\u0161inot, ka m\u016bsu klienti sa\u0146em augst\u0101k\u0101s klases hidraulisko cilindru risin\u0101jumus sav\u0101m darb\u012bb\u0101m.<\/p>\n<p>Autors: lil<\/p>","protected":false},"excerpt":{"rendered":"<p>Boom Cylinder For Baoding WY90-7 What is a Boom Cylinder? The Boom Cylinder is a specialized hydraulic cylinder designed to control the movement of the bucket in various heavy machinery such as excavators, backhoe loaders, and front-end loaders. This hydraulic component enables the bucket to lift, lower, and tilt, facilitating material handling tasks with precision [&hellip;]<\/p>","protected":false},"featured_media":17881,"comment_status":"open","ping_status":"closed","template":"","meta":{"_et_pb_use_builder":"","_et_pb_old_content":"","_et_gb_content_width":""},"product_brand":[],"product_cat":[1546],"product_tag":[1547,1496],"class_list":{"0":"post-19678","1":"product","2":"type-product","3":"status-publish","4":"has-post-thumbnail","6":"product_cat-boom-cylinders","7":"product_tag-boom-cylinders","8":"product_tag-hydraulic-cylinders","10":"first","11":"instock","12":"shipping-taxable","13":"product-type-simple"},"amp_enabled":true,"_links":{"self":[{"href":"https:\/\/www.hydraulic-cylinders.net\/lv\/wp-json\/wp\/v2\/product\/19678","targetHints":{"allow":["GET"]}}],"collection":[{"href":"https:\/\/www.hydraulic-cylinders.net\/lv\/wp-json\/wp\/v2\/product"}],"about":[{"href":"https:\/\/www.hydraulic-cylinders.net\/lv\/wp-json\/wp\/v2\/types\/product"}],"replies":[{"embeddable":true,"href":"https:\/\/www.hydraulic-cylinders.net\/lv\/wp-json\/wp\/v2\/comments?post=19678"}],"wp:featuredmedia":[{"embeddable":true,"href":"https:\/\/www.hydraulic-cylinders.net\/lv\/wp-json\/wp\/v2\/media\/17881"}],"wp:attachment":[{"href":"https:\/\/www.hydraulic-cylinders.net\/lv\/wp-json\/wp\/v2\/media?parent=19678"}],"wp:term":[{"taxonomy":"product_brand","embeddable":true,"href":"https:\/\/www.hydraulic-cylinders.net\/lv\/wp-json\/wp\/v2\/product_brand?post=19678"},{"taxonomy":"product_cat","embeddable":true,"href":"https:\/\/www.hydraulic-cylinders.net\/lv\/wp-json\/wp\/v2\/product_cat?post=19678"},{"taxonomy":"product_tag","embeddable":true,"href":"https:\/\/www.hydraulic-cylinders.net\/lv\/wp-json\/wp\/v2\/product_tag?post=19678"}],"curies":[{"name":"wp","href":"https:\/\/api.w.org\/{rel}","templated":true}]}}