{"id":19679,"date":"2025-04-07T07:01:20","date_gmt":"2025-04-07T07:01:20","guid":{"rendered":"https:\/\/www.hydraulic-cylinders.net\/product\/boom-cylinder-for-baoding-sc240sd-8\/"},"modified":"2025-04-07T07:01:22","modified_gmt":"2025-04-07T07:01:22","slug":"boom-cylinder-for-baoding-sc240sd-8","status":"publish","type":"product","link":"https:\/\/www.hydraulic-cylinders.net\/lv\/products\/boom-cylinder-for-baoding-sc240sd-8\/","title":{"rendered":"Str\u0113les cilindrs Baoding SC240SD.8"},"content":{"rendered":"<h1>Str\u0113les cilindrs Baoding SC240SD.8<\/h1>\n<h2>Ievads str\u0113les cilindr\u0101<\/h2>\n<p>Str\u0113les cilindrs, kas \u012bpa\u0161i izstr\u0101d\u0101ts Baoding SC240SD.8 modelim, ir b\u016btiska sast\u0101vda\u013ca hidrauliskaj\u0101s sist\u0113m\u0101s, ko izmanto smagaj\u0101 ma\u0161\u012bn\u0101. \u0160im hidrauliskajam cilindram ir iz\u0161\u0137iro\u0161a noz\u012bme kausu kust\u012bbas kontrol\u0113\u0161an\u0101 da\u017e\u0101d\u0101s iek\u0101rt\u0101s, piem\u0113ram, ekskavatoros, ekskavatoros-iekr\u0101v\u0113jos un front\u0101lajos iekr\u0101v\u0113jos. Tas \u013cauj kausam pacelt, nolaist un noliekt, atvieglojot efekt\u012bvus materi\u0101lu apstr\u0101des uzdevumus. Str\u0113les cilindrs ir hidraulisk\u0101 cilindra veids, kas \u012bpa\u0161i izstr\u0101d\u0101ts, lai efekt\u012bvi p\u0101rvald\u012btu \u0161\u012bs darb\u012bbas, nodro\u0161inot, ka operatori var veikt savus uzdevumus prec\u012bzi un uzticami.<\/p>\n<p><img decoding=\"async\" src=\"https:\/\/www.hydraulic-cylinders.net\/wp-content\/uploads\/2025\/04\/songte-company-1.webp\" alt=\"Str\u0113les cilindra att\u0113ls\"><\/p>\n<h2>Str\u0113les cilindra \u012bpa\u0161\u012bbas<\/h2>\n<ul>\n<li><strong>Augsta iztur\u012bba un ilgm\u016b\u017e\u012bba:<\/strong> \u0160ie cilindri ir izgatavoti no augstas stipr\u012bbas t\u0113rauda vai alum\u012bnija un var iztur\u0113t augstu spiedienu un lielas slodzes, padarot tos piem\u0113rotus skarbiem darba apst\u0101k\u013ciem. To konstrukcija ir veidota, \u0146emot v\u0113r\u0101 nodilumiztur\u012bbu un korozijas iztur\u012bbu, pagarinot to kalpo\u0161anas laiku.<\/li>\n<li><strong>Efekt\u012bva hidraulisk\u0101 darb\u012bba:<\/strong> Izmantojot hidraulisk\u0101s e\u013c\u013cas spiedienu, \u0161ie cilindri nodro\u0161ina vienm\u0113r\u012bgu izstiep\u0161anu un ievilk\u0161anu. Tie \u0101tri rea\u0123\u0113 uz vad\u012bbas komand\u0101m, nodro\u0161inot sp\u0113c\u012bgus stum\u0161anas un vilk\u0161anas sp\u0113kus, lai apstr\u0101d\u0101tu smagus priek\u0161metus un veiktu sare\u017e\u0123\u012btus uzdevumus.<\/li>\n<li><strong>Da\u017e\u0101di veidi:<\/strong> Str\u0113les cilindri ir pieejami vienk\u0101r\u0161\u0101s darb\u012bbas (izmantojot hidraulisko spiedienu vien\u0101 virzien\u0101) un divk\u0101r\u0161\u0101s darb\u012bbas (izmantojot hidraulisko spiedienu abos virzienos) mode\u013cos, lai apmierin\u0101tu da\u017e\u0101das ekspluat\u0101cijas vajadz\u012bbas. Da\u017ei mode\u013ci ir teleskopiski, kas \u013cauj veikt liel\u0101ku pagarin\u0101jumu, nepalielinot \u0101r\u0113jos izm\u0113rus, kas ir ide\u0101li piem\u0113rots lietojumiem ar ierobe\u017eotu vietu.<\/li>\n<li><strong>Piel\u0101gota ra\u017eo\u0161ana:<\/strong> M\u016bsu uz\u0146\u0113mums specializ\u0113jas \u0161o str\u0113les cilindru ra\u017eo\u0161an\u0101, nodro\u0161inot, ka tie perfekti aizst\u0101j eso\u0161os hidrauliskos cilindrus ar augstu sader\u012bbu un veiktsp\u0113ju.<\/li>\n<\/ul>\n<p><img decoding=\"async\" src=\"https:\/\/www.hydraulic-cylinders.net\/wp-content\/uploads\/2025\/04\/songte-cylinder-head-with-all-kinds-excavator-models.webp\" alt=\"Piel\u0101gots ra\u017eo\u0161anas att\u0113ls\"><\/p>\n<h2>Str\u0113les cilindru pielietojums<\/h2>\n<h3>Celtniec\u012bbas apr\u012bkojums<\/h3>\n<p>B\u016bvniec\u012bbas ma\u0161\u012bn\u0101s, piem\u0113ram, ekskavatoros, str\u0113les cilindri ir vit\u0101li svar\u012bgi augsnes vai gru\u017eu rak\u0161anai, iekrau\u0161anai un p\u0101rvieto\u0161anai. Tie \u013cauj rak\u0161anas kausam efekt\u012bvi iek\u013c\u016bt zem\u0113, \u013caujot operatoriem efekt\u012bvi izrakt materi\u0101lu. Turkl\u0101t ekskavatoros-iekr\u0101v\u0113jos str\u0113les cilindri pal\u012bdz gan rak\u0161anas, gan cel\u0161anas oper\u0101cij\u0101s, padarot tos par neaizst\u0101jamiem instrumentiem darba viet\u0101s.<\/p>\n<h3>Lauksaimniec\u012bbas tehnika<\/h3>\n<p>Lauksaimniec\u012bbas pielietojumos front\u0101lo iekr\u0101v\u0113ju str\u0113les cilindrus parasti izmanto augsnes, siena un citu materi\u0101lu sav\u0101k\u0161anai, pacel\u0161anai un transport\u0113\u0161anai. Tie pal\u012bdz lauksaimniekiem efekt\u012bvi p\u0101rvald\u012bt savus uzdevumus, uzlabojot produktivit\u0101ti un samazinot darba laiku. \u0160o cilindru izstiep\u0161anas un ievilk\u0161anas iesp\u0113jas uzlabo lauksaimniec\u012bbas tehnikas daudzpus\u012bbu.<\/p>\n<h3>Ekskavatori<\/h3>\n<p>Ekskavatoru str\u0113les cilindri atvieglo rak\u0161anas kust\u012bbu, \u013caujot kausam iek\u013c\u016bt augsn\u0113. Tas ir \u013coti svar\u012bgi da\u017e\u0101diem zemes p\u0101rvieto\u0161anas darbiem, gan b\u016bvniec\u012bb\u0101, gan ainavu veido\u0161an\u0101. To sp\u0113ja darboties lielas slodzes apst\u0101k\u013cos nodro\u0161ina, ka ekskavatori var darboties efekt\u012bvi, maksim\u0101li palielinot produktivit\u0101ti darba viet\u0101.<\/p>\n<h3>Iekr\u0101v\u0113ji<\/h3>\n<p>Front\u0101lajos iekr\u0101v\u0113jos str\u0113les cilindriem ir b\u016btiska loma materi\u0101lu efekt\u012bv\u0101 cel\u0161an\u0101 un izg\u0101\u0161an\u0101. Tie \u013cauj operatoriem pacelt iekr\u0101v\u0113ja str\u0113les un noliekt kausu, lai \u0101tri izkrautu materi\u0101lus. \u0160\u012b funkcionalit\u0101te ir b\u016btiska darb\u012bb\u0101m b\u016bvniec\u012bbas, ainavu veido\u0161anas un materi\u0101lu apstr\u0101des nozar\u0113s.<\/p>\n<h2>Dizaina apsv\u0113rumi un atlases krit\u0113riji<\/h2>\n<h3>Kravnes\u012bba<\/h3>\n<p>Str\u0113les cilindra kravnes\u012bba ir kritisks projekt\u0113\u0161anas apsv\u0113rums. Tam j\u0101b\u016bt piel\u0101gotam, lai iztur\u0113tu p\u0101rvietojamo materi\u0101lu maksim\u0101lo svaru. Labi projekt\u0113ts cilindrs ietvers dro\u0161\u012bbas faktorus, lai izvair\u012btos no boj\u0101jumiem lielas slodzes gad\u012bjum\u0101, nodro\u0161inot uzticamu darb\u012bbu sare\u017e\u0123\u012btos apst\u0101k\u013cos. Svara ierobe\u017eojuma un pielietojuma izpratne pal\u012bdz\u0113s lietot\u0101jiem izv\u0113l\u0113ties pareizo cilindru.<\/p>\n<h3>Bl\u012bv\u0113\u0161ana<\/h3>\n<p>Efekt\u012bvs bl\u012bv\u0113jums ir b\u016btisks hidrauliskajiem cilindriem, lai nov\u0113rstu nopl\u016bdes un uztur\u0113tu spiedienu. Bl\u012bv\u0113jumu kvalit\u0101te ietekm\u0113 cilindra veiktsp\u0113ju un ilgm\u016b\u017e\u012bbu. Augstas kvalit\u0101tes materi\u0101lu, piem\u0113ram, poliuret\u0101na vai nitrilgumijas, izmanto\u0161ana bl\u012bv\u0113\u0161anai uzlabo iztur\u012bbu un nodilumiztur\u012bbu, nodro\u0161inot optim\u0101lu funkcionalit\u0101ti laika gait\u0101.<\/p>\n<h3>Iztur\u012bba<\/h3>\n<p>Str\u0113les cilindra iztur\u012bba ir \u0101rk\u0101rt\u012bgi svar\u012bga, \u012bpa\u0161i skarbos darba apst\u0101k\u013cos. T\u0101di faktori k\u0101 nodilumiztur\u012bba, iztur\u012bba pret koroziju un kop\u0113j\u0101 konstrukcijas integrit\u0101te ir \u013coti svar\u012bgi. Ra\u017eot\u0101ji koncentr\u0113jas uz iztur\u012bgu materi\u0101lu izmanto\u0161anu un modernu virsmas apstr\u0101di, lai uzlabotu cilindru kalpo\u0161anas laiku, padarot tos piem\u0113rotus da\u017e\u0101diem pielietojumiem.<\/p>\n<h3>Dro\u0161\u012bba<\/h3>\n<p>Dro\u0161\u012bbas funkcijas ir kritiski svar\u012bgas hidraulisko cilindru konstrukcij\u0101. Spiediena samazin\u0101\u0161anas v\u0101rstu un iztur\u012bgu mont\u0101\u017eas sist\u0113mu iek\u013cau\u0161ana pal\u012bdz nov\u0113rst negad\u012bjumus un nodro\u0161ina dro\u0161u darb\u012bbu. Operatoriem j\u0101nodro\u0161ina, ka ir ieviesti visi dro\u0161\u012bbas pas\u0101kumi, lai mazin\u0101tu ar hidrauliskaj\u0101m sist\u0113m\u0101m saist\u012btos riskus, saglab\u0101jot dro\u0161u darba vidi.<\/p>\n<h3>Apkope<\/h3>\n<p>Izv\u0113loties str\u0113les cilindru, priorit\u0101tei j\u0101b\u016bt apkopes apsv\u0113rumiem. Funkcijas, kas \u013cauj viegli demont\u0113t, p\u0101rbaud\u012bt un remont\u0113t, var iev\u0113rojami samazin\u0101t d\u012bkst\u0101ves laiku un apkopes izmaksas. Regul\u0101ra apkope nodro\u0161ina hidraulisk\u0101s sist\u0113mas efekt\u012bvu darb\u012bbu, pagarinot cilindra kalpo\u0161anas laiku.<\/p>\n<p><img decoding=\"async\" src=\"https:\/\/www.hydraulic-cylinders.net\/wp-content\/uploads\/2025\/04\/songte-oil-pipes-and-spare-parts.webp\" alt=\"Apkopes att\u0113ls\"><\/p>\n<h2>Bl\u012bv\u0113\u0161ana un e\u013c\u013co\u0161ana<\/h2>\n<p>Efekt\u012bvas bl\u012bv\u0113\u0161anas un e\u013c\u013co\u0161anas prakses ievie\u0161ana ir \u013coti svar\u012bga str\u0113les cilindru veiktsp\u0113jai. Lai nodro\u0161in\u0101tu optim\u0101lu darb\u012bbu, tiek izmantoti da\u017e\u0101di bl\u012bv\u0113\u0161anas komponenti, piem\u0113ram, virzu\u013ca bl\u012bves un stie\u0146a bl\u012bves. Bl\u012bv\u0113jumi, kas izgatavoti no nodilumiztur\u012bgiem materi\u0101liem, piem\u0113ram, poliuret\u0101na vai nitrila gumijas, nodro\u0161ina iztur\u012bbu, savuk\u0101rt cilindra korpuss un v\u012bt\u0146ot\u0101s gala virsmas ir smalki apstr\u0101d\u0101tas, lai uzlabotu nodilumiztur\u012bbu. Ir svar\u012bgi ar\u012b regul\u0101ri pievienot atbilsto\u0161u hidraulisko e\u013c\u013cu e\u013c\u013co\u0161anai, nodro\u0161inot vienm\u0113r\u012bgu darb\u012bbu un samazinot berzi cilindr\u0101.<\/p>\n<h2>Prevent\u012bvie apkopes pas\u0101kumi<\/h2>\n<ul>\n<li><strong>Regul\u0101ras p\u0101rbaudes:<\/strong> Veiciet r\u016bp\u012bgas visu hidraulisko savienojumu un bl\u012bv\u0113jumu p\u0101rbaudes, lai laikus atkl\u0101tu jebk\u0101das nodiluma vai nopl\u016bdes paz\u012bmes. Regul\u0101ras p\u0101rbaudes pal\u012bdz uztur\u0113t optim\u0101lu veiktsp\u0113ju un nov\u0113rst negaid\u012btus boj\u0101jumus.<\/li>\n<li><strong>E\u013c\u013co\u0161ana:<\/strong> Nodro\u0161iniet, lai hidraulisk\u0101s e\u013c\u013cas l\u012bmenis tiktu uztur\u0113ts atbilsto\u0161\u0101 l\u012bmen\u012b un e\u013c\u013co\u0161ana tiktu veikta saska\u0146\u0101 ar ra\u017eot\u0101ja specifik\u0101cij\u0101m, lai nov\u0113rstu nodilumu un nodro\u0161in\u0101tu vienm\u0113r\u012bgu darb\u012bbu.<\/li>\n<li><strong>Bl\u012bv\u0113juma nomai\u0146a:<\/strong> Regul\u0101ri p\u0101rbaudiet bl\u012bves, vai nav boj\u0101jumu vai nodiluma paz\u012bmju. Bl\u012bvju prevent\u012bva nomai\u0146a var nov\u0113rst nopl\u016bdes un efekt\u012bvi uztur\u0113t hidraulisko spiedienu.<\/li>\n<\/ul>\n<h2>Uzst\u0101d\u012b\u0161anas vadl\u012bnijas<\/h2>\n<p>Pareiza str\u0113les cilindra uzst\u0101d\u012b\u0161ana ir b\u016btiska optim\u0101lai veiktsp\u0113jai. Vispirms p\u0101rliecinieties, vai visi stiprin\u0101juma punkti ir t\u012bri un bez gru\u017eiem. Prec\u012bzi izl\u012bdziniet cilindru ar ma\u0161\u012bnas stiprin\u0101juma kron\u0161teiniem un izmantojiet piem\u0113rotus uzst\u0101d\u012b\u0161anas kron\u0161teinus, lai to nostiprin\u0101tu viet\u0101. Ir svar\u012bgi iev\u0113rot ra\u017eot\u0101ja specifik\u0101cijas attiec\u012bb\u0101 uz griezes momenta iestat\u012bjumiem un izl\u012bdzin\u0101\u0161anu. P\u0113c uzst\u0101d\u012b\u0161anas p\u0101rbaudiet, vai hidrauliskajos savienojumos nav nopl\u016b\u017eu, un veiciet testa braucienu, lai p\u0101rliecin\u0101tos, ka viss darbojas nevainojami. Regul\u0101ri p\u0101rbaudiet uzst\u0101d\u012b\u0161anu, lai laika gait\u0101 saglab\u0101tu pareizu izl\u012bdzin\u0101\u0161anu un darb\u012bbu.<\/p>\n<h2>Bie\u017ei sastopamie apkopes uzdevumi<\/h2>\n<ul>\n<li><strong>Regul\u0101ras p\u0101rbaudes:<\/strong> Regul\u0101ra cilindra p\u0101rbaude pal\u012bdz laikus identific\u0113t iesp\u0113jam\u0101s probl\u0113mas, nodro\u0161inot, ka cilindrs darbojas ar maksim\u0101lu veiktsp\u0113ju.<\/li>\n<li><strong>Pareiza e\u013c\u013co\u0161ana:<\/strong> Lai cilindrs darbotos nevainojami, ir nepiecie\u0161ama atbilsto\u0161a e\u013c\u013co\u0161ana. P\u0101rliecinieties, vai tiek izmantots pareizais hidraulisk\u0101s e\u013c\u013cas veids un daudzums, un past\u0101v\u012bgi uzraugiet l\u012bme\u0146us.<\/li>\n<li><strong>Bl\u012bv\u0113juma nomai\u0146a:<\/strong> Laika gait\u0101 bl\u012bves var nolietoties un t\u0101s var b\u016bt j\u0101nomaina, lai nov\u0113rstu nopl\u016bdes un uztur\u0113tu spiedienu. Regul\u0101ri nov\u0113rt\u0113jiet bl\u012bvju st\u0101vokli un nomainiet t\u0101s p\u0113c nepiecie\u0161am\u012bbas.<\/li>\n<\/ul>\n<p>Pareiza uzst\u0101d\u012b\u0161ana, e\u013c\u013co\u0161ana un regul\u0113\u0161ana ir \u013coti svar\u012bga str\u0113les cilindra ilgm\u016b\u017e\u012bbai un efektivit\u0101tei. Uzst\u0101d\u012b\u0161anas laik\u0101 prec\u012bzi izl\u012bdziniet cilindru un izmantojiet atbilsto\u0161us mont\u0101\u017eas balstus. J\u0101iev\u0113ro ieteicam\u0101s p\u0101rbaudes, remonta un nomai\u0146as proced\u016bras, nodro\u0161inot, ka visas nolietot\u0101s vai boj\u0101t\u0101s deta\u013cas tiek nekav\u0113joties nov\u0113rstas. Regul\u0101ra apkope pagarina hidraulisk\u0101 cilindra kalpo\u0161anas laiku.<\/p>\n<p><img decoding=\"async\" src=\"https:\/\/www.hydraulic-cylinders.net\/wp-content\/uploads\/2025\/04\/songte-chushion-collar.webp\" alt=\"Instal\u0101cijas att\u0113ls\"><\/p>\n<h2>Dro\u0161\u012bbas apsv\u0113rumi un vides faktori<\/h2>\n<p>Izmantojot str\u0113les cilindrus, ir svar\u012bgi ieviest dro\u0161\u012bbas pas\u0101kumus. Operatoriem j\u0101iev\u0113ro noteiktie dro\u0161\u012bbas protokoli, lai mazin\u0101tu ar hidrauliskaj\u0101m sist\u0113m\u0101m saist\u012btos riskus. Dro\u0161u darba vidi veicina atbilsto\u0161a visu lietot\u0101ju apm\u0101c\u012bba, regul\u0101ras apr\u012bkojuma p\u0101rbaudes un visu komponentu pareizas darb\u012bbas nodro\u0161in\u0101\u0161ana. Turkl\u0101t, lai samazin\u0101tu ietekmi uz vidi, j\u0101\u0146em v\u0113r\u0101 t\u0101di vides faktori k\u0101 pareiza hidraulisko \u0161\u0137idrumu un materi\u0101lu utiliz\u0101cija.<\/p>\n<h2>Probl\u0113mu nov\u0113r\u0161ana un bie\u017ei sastopamas probl\u0113mas<\/h2>\n<ul>\n<li><strong>Nopl\u016bde:<\/strong> Nopl\u016bde var rasties nodilu\u0161u bl\u012bv\u0113jumu vai nepareizas uzst\u0101d\u012b\u0161anas d\u0113\u013c. Regul\u0101ras p\u0101rbaudes var pal\u012bdz\u0113t laikus identific\u0113t iesp\u0113jam\u0101s probl\u0113mas.<\/li>\n<li><strong>L\u0113na darb\u012bba:<\/strong> Ja str\u0113les cilindrs darbojas l\u0113ni, tas var liecin\u0101t par zemu hidraulisk\u0101 \u0161\u0137idruma l\u012bmeni vai probl\u0113m\u0101m ar hidraulisko s\u016bkni. P\u0101rbaudiet \u0161\u0137idruma l\u012bmeni un p\u0101rbaudiet s\u016bk\u0146a darb\u012bbu.<\/li>\n<li><strong>Troksnis:<\/strong> Neparasti trok\u0161\u0146i darb\u012bbas laik\u0101 bie\u017ei vien signaliz\u0113 par probl\u0113m\u0101m. Troksnis var liecin\u0101t par zemu e\u013c\u013co\u0161anas l\u012bmeni vai meh\u0101nisku k\u013c\u016bmi, kam nepiecie\u0161ama t\u016bl\u012bt\u0113ja uzman\u012bba.<\/li>\n<\/ul>\n<h2>Probl\u0113mu risin\u0101\u0161anas padomi<\/h2>\n<p>Lai efekt\u012bvi diagnostic\u0113tu un nov\u0113rstu probl\u0113mas ar str\u0113les cilindriem, operatoriem j\u0101iev\u0113ro noteikti probl\u0113mu nov\u0113r\u0161anas so\u013ci. Vispirms p\u0101rbaudiet, vai nav nopl\u016b\u017eu, un p\u0101rbaudiet visus bl\u012bv\u0113jumus un savienojumus. P\u0113c tam p\u0101rliecinieties, vai hidraulisk\u0101 \u0161\u0137idruma l\u012bmenis ir pietiekams un vai hidrauliskais s\u016bknis darbojas pareizi. Neparastu trok\u0161\u0146u gad\u012bjum\u0101 nepiecie\u0161ama t\u016bl\u012bt\u0113ja p\u0101rbaude, jo tie var liecin\u0101t par nopietn\u0101m meh\u0101nisk\u0101m probl\u0113m\u0101m. Regul\u0101ra apkope, tostarp savlaic\u012bga e\u013c\u013co\u0161ana un bl\u012bv\u0113jumu nomai\u0146a, var iev\u0113rojami samazin\u0101t potenci\u0101lo probl\u0113mu iesp\u0113jam\u012bbu.<\/p>\n<p><img decoding=\"async\" src=\"https:\/\/www.hydraulic-cylinders.net\/wp-content\/uploads\/2025\/04\/songte-bushings-with-all-kinds-of-excavator-models.webp\" alt=\"Att\u0113la probl\u0113mu nov\u0113r\u0161ana\"><\/p>\n<h2>Par m\u016bsu uz\u0146\u0113mumu<\/h2>\n<p>M\u0113s esam vado\u0161ais alternat\u012bvo hidraulisko cilindru ra\u017eot\u0101js, kas pied\u0101v\u0101 pla\u0161u produktu kl\u0101stu gan viet\u0113jam, gan starptautiskajam tirgum. M\u016bsu ap\u0146em\u0161an\u0101s sasniegt izcil\u012bbu mudina m\u016bs uztur\u0113t augstus kvalit\u0101tes standartus, ko atbalsta izsmalcin\u0101ta ra\u017eo\u0161anas vad\u012bbas strat\u0113\u0123ija. Izmantojot progres\u012bvas tehnolo\u0123ijas, digit\u0101las augstas klases ra\u017eo\u0161anas iek\u0101rtas un profesion\u0101lu test\u0113\u0161anas sist\u0113mu, m\u0113s nep\u0101rtraukti uzlabojam savas ra\u017eo\u0161anas iesp\u0113jas. M\u016bsu sp\u0113c\u012bg\u0101 inov\u0101ciju kapacit\u0101te nodro\u0161ina, ka m\u0113s apmierin\u0101m da\u017e\u0101das klientu vajadz\u012bbas ar efektivit\u0101ti, precizit\u0101ti un kvalit\u0101ti.<\/p>\n<p>M\u0113s koncentr\u0113jamies uz profesionalit\u0101ti, starptautiskiem sertifik\u0101tiem un piel\u0101gotiem pakalpojumiem, kas piel\u0101goti klientu pras\u012bb\u0101m. M\u016bsu modern\u0101k\u0101s ra\u017eo\u0161anas iek\u0101rtas apvienojum\u0101 ar izcilu p\u0113cp\u0101rdo\u0161anas apkalpo\u0161anu nodro\u0161ina klientu apmierin\u0101t\u012bbu un veido ilgtermi\u0146a partnerattiec\u012bbas.<\/p>\n<p><img decoding=\"async\" src=\"https:\/\/www.hydraulic-cylinders.net\/wp-content\/uploads\/2025\/04\/songte-company-4.webp\" alt=\"Uz\u0146\u0113muma t\u0113ls\"><br \/>\n<img decoding=\"async\" src=\"https:\/\/www.hydraulic-cylinders.net\/wp-content\/uploads\/2025\/04\/songte-company-3.webp\" alt=\"Uz\u0146\u0113muma apr\u012bkojuma att\u0113ls\"><\/p>\n<p>Autors: lil<\/p>","protected":false},"excerpt":{"rendered":"<p>Boom Cylinder For Baoding SC240SD.8 Introduction to Boom Cylinder The Boom Cylinder, particularly designed for the Baoding SC240SD.8 model, is an essential component in hydraulic systems used in heavy machinery. This hydraulic cylinder plays a crucial role in controlling the movement of buckets in various equipment such as excavators, backhoe loaders, and front loaders. It [&hellip;]<\/p>","protected":false},"featured_media":17867,"comment_status":"open","ping_status":"closed","template":"","meta":{"_et_pb_use_builder":"","_et_pb_old_content":"","_et_gb_content_width":""},"product_brand":[],"product_cat":[1546],"product_tag":[1547,1496],"class_list":{"0":"post-19679","1":"product","2":"type-product","3":"status-publish","4":"has-post-thumbnail","6":"product_cat-boom-cylinders","7":"product_tag-boom-cylinders","8":"product_tag-hydraulic-cylinders","10":"first","11":"instock","12":"shipping-taxable","13":"product-type-simple"},"amp_enabled":true,"_links":{"self":[{"href":"https:\/\/www.hydraulic-cylinders.net\/lv\/wp-json\/wp\/v2\/product\/19679","targetHints":{"allow":["GET"]}}],"collection":[{"href":"https:\/\/www.hydraulic-cylinders.net\/lv\/wp-json\/wp\/v2\/product"}],"about":[{"href":"https:\/\/www.hydraulic-cylinders.net\/lv\/wp-json\/wp\/v2\/types\/product"}],"replies":[{"embeddable":true,"href":"https:\/\/www.hydraulic-cylinders.net\/lv\/wp-json\/wp\/v2\/comments?post=19679"}],"wp:featuredmedia":[{"embeddable":true,"href":"https:\/\/www.hydraulic-cylinders.net\/lv\/wp-json\/wp\/v2\/media\/17867"}],"wp:attachment":[{"href":"https:\/\/www.hydraulic-cylinders.net\/lv\/wp-json\/wp\/v2\/media?parent=19679"}],"wp:term":[{"taxonomy":"product_brand","embeddable":true,"href":"https:\/\/www.hydraulic-cylinders.net\/lv\/wp-json\/wp\/v2\/product_brand?post=19679"},{"taxonomy":"product_cat","embeddable":true,"href":"https:\/\/www.hydraulic-cylinders.net\/lv\/wp-json\/wp\/v2\/product_cat?post=19679"},{"taxonomy":"product_tag","embeddable":true,"href":"https:\/\/www.hydraulic-cylinders.net\/lv\/wp-json\/wp\/v2\/product_tag?post=19679"}],"curies":[{"name":"wp","href":"https:\/\/api.w.org\/{rel}","templated":true}]}}