{"id":19680,"date":"2025-04-07T07:01:22","date_gmt":"2025-04-07T07:01:22","guid":{"rendered":"https:\/\/www.hydraulic-cylinders.net\/product\/boom-cylinder-for-baoding-sc85-8\/"},"modified":"2025-04-07T07:01:25","modified_gmt":"2025-04-07T07:01:25","slug":"boom-cylinder-for-baoding-sc85-8","status":"publish","type":"product","link":"https:\/\/www.hydraulic-cylinders.net\/lv\/products\/boom-cylinder-for-baoding-sc85-8\/","title":{"rendered":"Izlices cilindrs priek\u0161 Baoding SC85.8"},"content":{"rendered":"<h1>Izlices cilindrs priek\u0161 Baoding SC85.8<\/h1>\n<h2>Ievads str\u0113les cilindr\u0101<\/h2>\n<p>\u012apa\u0161i Baoding SC85.8 izstr\u0101d\u0101tais str\u0113les cilindrs ir kritiski svar\u012bga sast\u0101vda\u013ca hidrauliskaj\u0101s sist\u0113m\u0101s, ko izmanto smagaj\u0101s ma\u0161\u012bn\u0101s. \u0160\u0101da veida hidrauliskais cilindrs ir paredz\u0113ts kausa kust\u012bbas vad\u012bbai da\u017e\u0101d\u0101s iek\u0101rt\u0101s, piem\u0113ram, ekskavatoros, iekr\u0101v\u0113jos ar ekskavatoru un front\u0101lajos iekr\u0101v\u0113jos. Tas \u013cauj kausam pacelties, nolaisties un noliekties, efekt\u012bvi atvieglojot materi\u0101lu apstr\u0101des uzdevumus.<\/p>\n<p>Hidrauliskie cilindri darbojas, p\u0101rveidojot hidraulisko ener\u0123iju meh\u0101niskaj\u0101 ener\u0123ij\u0101, nodro\u0161inot nepiecie\u0161amo sp\u0113ku lieljaudas oper\u0101ciju veik\u0161anai. Str\u0113les cilindra konstrukcija \u013cauj tam iztur\u0113t augsta spiediena apst\u0101k\u013cus, vienlaikus nodro\u0161inot vienm\u0113r\u012bgu un efekt\u012bvu darb\u012bbu, padarot to par neaizst\u0101jamu jebkuras hidraulisk\u0101s sist\u0113mas sast\u0101vda\u013cu.<\/p>\n<p><img decoding=\"async\" src=\"https:\/\/www.hydraulic-cylinders.net\/wp-content\/uploads\/2025\/04\/songte-company-1.webp\" alt=\"Str\u0113les cilindra att\u0113ls\"><\/p>\n<h2>Str\u0113les cilindra \u012bpa\u0161\u012bbas<\/h2>\n<ul>\n<li><strong>Augsta iztur\u012bba un ilgm\u016b\u017e\u012bba:<\/strong> \u0160ie cilindri, kas izgatavoti no augstas stipr\u012bbas t\u0113rauda vai alum\u012bnija, var iztur\u0113t iev\u0113rojamu spiedienu un lielas slodzes, padarot tos piem\u0113rotus skarbiem darba apst\u0101k\u013ciem.<\/li>\n<li><strong>Efekt\u012bva hidraulisk\u0101 darb\u012bba:<\/strong> Str\u0113les cilindrs izmanto hidraulisk\u0101s e\u013c\u013cas spiedienu, lai pan\u0101ktu vienm\u0113r\u012bgu izstiep\u0161anu un ievilk\u0161anu, \u0101tri rea\u0123\u0113jot uz vad\u012bbas komand\u0101m un nodro\u0161inot sp\u0113c\u012bgus stum\u0161anas un vilk\u0161anas sp\u0113kus.<\/li>\n<li><strong>Da\u017e\u0101di veidi:<\/strong> \u0160is cilindrs, kas ir pieejams vienk\u0101r\u0161\u0101s un divk\u0101r\u0161\u0101s darb\u012bbas konfigur\u0101cij\u0101s, var apmierin\u0101t da\u017e\u0101das ekspluat\u0101cijas vajadz\u012bbas. Da\u017ei mode\u013ci ir teleskopiski, kas \u013cauj pan\u0101kt liel\u0101ku pagarin\u0101jumu, nepalielinot \u0101r\u0113jos izm\u0113rus, kas ir ide\u0101li piem\u0113rots lietojumiem ar ierobe\u017eotu vietu.<\/li>\n<li><strong>Apkopei draudz\u012bgs dizains:<\/strong> Izstr\u0101d\u0101ts, lai nodro\u0161in\u0101tu \u0113rtu piek\u013cuvi komponentiem, atvieglojot \u0101tr\u0101kas p\u0101rbaudes un remontu, t\u0101d\u0113j\u0101di samazinot d\u012bkst\u0101ves laiku.<\/li>\n<li><strong>Korozijas un nodilumiztur\u012bba:<\/strong> Izmantotie materi\u0101li un apdares materi\u0101li ir izv\u0113l\u0113ti, lai uzlabotu iztur\u012bbu pret koroziju un nodilumu, t\u0101d\u0113j\u0101di pagarinot cilindra kalpo\u0161anas laiku.<\/li>\n<\/ul>\n<p>M\u016bsu uz\u0146\u0113mums specializ\u0113jas \u0161\u012b produkta ra\u017eo\u0161an\u0101 un var lieliski nomain\u012bt \u0161os hidrauliskos cilindrus.<\/p>\n<p><img decoding=\"async\" src=\"https:\/\/www.hydraulic-cylinders.net\/wp-content\/uploads\/2025\/04\/songte-cylinder-head-with-all-kinds-excavator-models.webp\" alt=\"Str\u0113les cilindra nomai\u0146a\"><\/p>\n<h2>Lietojumprogrammu scen\u0101riji<\/h2>\n<h3>Celtniec\u012bbas apr\u012bkojums<\/h3>\n<p>Ekskavatoros str\u0113les cilindriem ir b\u016btiska loma augsnes vai gru\u017eu rak\u0161an\u0101, iekrau\u0161an\u0101 un p\u0101rvieto\u0161an\u0101. Tie \u013cauj kausam iek\u013c\u016bt zem\u0113, nodro\u0161inot nepiecie\u0161amo sp\u0113ku materi\u0101lu efekt\u012bvai izrak\u0161anai. Cilindri nodro\u0161ina prec\u012bzu vad\u012bbu, padarot tos par iz\u0161\u0137iro\u0161iem uzdevumiem, kuriem nepiecie\u0161ama precizit\u0101te un jauda.<\/p>\n<h3>Lauksaimniec\u012bbas tehnika<\/h3>\n<p>Front\u0101lajiem iekr\u0101v\u0113jiem str\u0113les cilindri ir vit\u0101li svar\u012bgi augsnes, siena un citu materi\u0101lu sav\u0101k\u0161anai, cel\u0161anai un transport\u0113\u0161anai. Tie uzlabo iekr\u0101v\u0113ja sp\u0113ju manevr\u0113t smagas kravas, t\u0101d\u0113j\u0101di uzlabojot produktivit\u0101ti lauksaimniec\u012bbas darbos. Ar sp\u0113ju str\u0101d\u0101t sare\u017e\u0123\u012bt\u0101 reljef\u0101 \u0161ie cilindri iev\u0113rojami veicina saimniec\u012bbas efektivit\u0101ti.<\/p>\n<h3>Ekskavatori<\/h3>\n<p>Ekskavatoros str\u0113les cilindrs \u013cauj kausam dzi\u013ci iek\u013c\u016bt zem\u0113, efekt\u012bvi veicot rak\u0161anas darbus. T\u0101 hidraulisk\u0101 jauda nodro\u0161ina, ka pat visstingr\u0101kos materi\u0101lus var viegli apstr\u0101d\u0101t, padarot to par neaizst\u0101jamu instrumentu b\u016bvniec\u012bbas un ainavu veido\u0161anas darbos.<\/p>\n<h3>Iekr\u0101v\u0113ji<\/h3>\n<p>Front\u0101lajos iekr\u0101v\u0113jos str\u0113les cilindrs ir atbild\u012bgs par efekt\u012bvu kravu cel\u0161anu un izg\u0101\u0161anu. Tas nodro\u0161ina vienm\u0113r\u012bgu darb\u012bbu, pace\u013cot materi\u0101lus vajadz\u012bgaj\u0101 augstum\u0101 vai noliecot kausu prec\u012bzai izg\u0101\u0161anai, kas ir \u013coti svar\u012bgi efekt\u012bvai materi\u0101lu apstr\u0101dei b\u016bvniec\u012bb\u0101 un atkritumu apsaimnieko\u0161an\u0101.<\/p>\n<h2>Dizaina apsv\u0113rumi un atlases krit\u0113riji<\/h2>\n<h3>Kravnes\u012bba<\/h3>\n<p>Str\u0113les cilindra kravnes\u012bba ir \u0101rk\u0101rt\u012bgi svar\u012bga, jo t\u0101 nosaka, cik lielu svaru cilindrs var pacelt vai p\u0101rvietot. Lai nodro\u0161in\u0101tu dro\u0161\u012bbu un nov\u0113rstu cilindra boj\u0101jumus, ir svar\u012bgi izv\u0113l\u0113ties cilindru, kas p\u0101rsniedz maksim\u0101li paredzamo slodzi ekspluat\u0101cijas situ\u0101cij\u0101s. Konstrukcij\u0101 izmantotie materi\u0101li, piem\u0113ram, augstas stipr\u012bbas t\u0113rauds, iev\u0113rojami veicina kravnes\u012bbu, \u013caujot cilindram darboties lielas slodzes apst\u0101k\u013cos.<\/p>\n<h3>Bl\u012bv\u0113juma veiktsp\u0113ja<\/h3>\n<p>Hidraulisko cilindru bl\u012bv\u0113\u0161anas funkcijas ir kritiski svar\u012bgas, jo t\u0101s nov\u0113r\u0161 \u0161\u0137idruma nopl\u016bdes un nodro\u0161ina efekt\u012bvu darb\u012bbu. Bl\u012bv\u0113jumu, piem\u0113ram, virzu\u013ca bl\u012bv\u0113jumu un stie\u0146a bl\u012bv\u0113jumu, izv\u0113le ietekm\u0113 kop\u0113jo veiktsp\u0113ju. Bl\u012bv\u0113jumi, kas izgatavoti no iztur\u012bgiem materi\u0101liem, piem\u0113ram, poliuret\u0101na vai nitrila gumijas, ir v\u0113lam\u0101ki to nodilumiztur\u012bbas un spiediena uztur\u0113\u0161anas sp\u0113jas d\u0113\u013c. Lai nov\u0113rstu nopl\u016bdes, ir nepiecie\u0161ama regul\u0101ra bl\u012bv\u0113jumu p\u0101rbaude, jo pat nelielas nopl\u016bdes var rad\u012bt iev\u0113rojamas veiktsp\u0113jas probl\u0113mas.<\/p>\n<h3>Iztur\u012bba<\/h3>\n<p>Iztur\u012bba ir galvenais faktors, izv\u0113loties str\u0113les cilindru. Projekt\u0113jot j\u0101\u0146em v\u0113r\u0101 skarbie darba apst\u0101k\u013ci, ar kuriem hidrauliskie cilindri bie\u017ei saskaras, tostarp net\u012brumu, mitruma un ekstrem\u0101lu temperat\u016bru iedarb\u012bba. Augstas kvalit\u0101tes materi\u0101li un aizsargp\u0101rkl\u0101jumi var uzlabot iztur\u012bbu, nodro\u0161inot, ka cilindrs var iztur\u0113t ikdienas lieto\u0161anas slodzi. Apkopes praksei ir ar\u012b b\u016btiska loma cilindra kalpo\u0161anas laika pagarin\u0101\u0161an\u0101, samazinot nodilumu.<\/p>\n<h3>Dro\u0161\u012bbas funkcijas<\/h3>\n<p>Dro\u0161\u012bbas apsv\u0113rumi ir b\u016btiski str\u0113les cilindru projekt\u0113\u0161an\u0101. Dro\u0161\u012bbas v\u0101rstu un spiediena samazin\u0101\u0161anas meh\u0101nismu iek\u013cau\u0161ana var nov\u0113rst p\u0101rspiedienu, kas var izrais\u012bt katastrof\u0101las k\u013c\u016bmes. Turkl\u0101t pareiza uzst\u0101d\u012b\u0161ana un regul\u0101ras apkopes p\u0101rbaudes ir \u013coti svar\u012bgas, lai nodro\u0161in\u0101tu dro\u0161\u012bbas funkciju pareizu darb\u012bbu, sniedzot sirdsmieru ekspluat\u0101cijas laik\u0101.<\/p>\n<h3>Apkopes pieejam\u012bba<\/h3>\n<p>Ir \u013coti svar\u012bgi projekt\u0113t cilindru t\u0101, lai to b\u016btu viegli apkopt. Piek\u013cuve kritiski svar\u012bgaj\u0101m sast\u0101vda\u013c\u0101m \u013cauj \u0101tr\u0101k veikt p\u0101rbaudes, remontu un nomai\u0146u, t\u0101d\u0113j\u0101di samazinot d\u012bkst\u0101ves laiku. T\u0101das funkcijas k\u0101 no\u0146emami gala v\u0101ci\u0146i vai pieejami e\u013c\u013co\u0161anas punkti uzlabo cilindra apkopi, nodro\u0161inot vienk\u0101r\u0161u un efekt\u012bvu apkopi.<\/p>\n<p><img decoding=\"async\" src=\"https:\/\/www.hydraulic-cylinders.net\/wp-content\/uploads\/2025\/04\/songte-oil-pipes-and-spare-parts.webp\" alt=\"Hidraulisko cilindru deta\u013cas\"><\/p>\n<h2>Bl\u012bv\u0113\u0161ana un e\u013c\u013co\u0161ana<\/h2>\n<p>Efekt\u012bva bl\u012bv\u0113\u0161ana un e\u013c\u013co\u0161ana ir b\u016btiska str\u0113les cilindru ilgm\u016b\u017e\u012bbai un veiktsp\u0113jai. Lai uztur\u0113tu hidraulisko spiedienu un nov\u0113rstu \u0161\u0137idruma nopl\u016bdes, tiek izmantoti da\u017e\u0101di bl\u012bv\u0113jumi, tostarp virzu\u013ca bl\u012bv\u0113jumi un stie\u0146a bl\u012bv\u0113jumi. Augstas kvalit\u0101tes bl\u012bv\u0113\u0161anas materi\u0101lu, piem\u0113ram, poliuret\u0101na un nitrila gumijas, izv\u0113le nodro\u0161ina iztur\u012bbu pret nodilumu.<\/p>\n<p>Cilindra korpuss un v\u012bt\u0146otie gali tiek r\u016bp\u012bgi apstr\u0101d\u0101ti, lai uzlabotu nodilumiztur\u012bbu, kas ir \u013coti svar\u012bgi, lai saglab\u0101tu veiktsp\u0113ju sare\u017e\u0123\u012btos apst\u0101k\u013cos. Regul\u0101ra e\u013c\u013co\u0161ana ar hidraulisko e\u013c\u013cu ir b\u016btiska, jo t\u0101 samazina berzi un nodilumu starp kust\u012bgaj\u0101m sast\u0101vda\u013c\u0101m. Ieteicams periodiski p\u0101rbaud\u012bt un papildin\u0101t hidraulisk\u0101s e\u013c\u013cas l\u012bmeni, lai nodro\u0161in\u0101tu optim\u0101lu cilindra veiktsp\u0113ju un ilgm\u016b\u017e\u012bbu.<\/p>\n<h2>Regul\u0101ras p\u0101rbaudes un profilaktisk\u0101s apkopes pas\u0101kumi<\/h2>\n<ul>\n<li><strong>Regul\u0101ras p\u0101rbaudes:<\/strong> Pl\u0101notas p\u0101rbaudes ir \u013coti svar\u012bgas, lai laikus identific\u0113tu nodiluma vai boj\u0101jumu paz\u012bmes. P\u0101rbaudiet bl\u012bves, \u0161\u013c\u016btenes un savienojumus, vai nav nopl\u016b\u017eu vai boj\u0101jumu.<\/li>\n<li><strong>Piem\u0113rota e\u013c\u013co\u0161ana:<\/strong> Nodro\u0161iniet, lai hidraulisk\u0101s e\u013c\u013cas l\u012bmenis b\u016btu atbilsto\u0161s un e\u013c\u013co\u0161anas punkti tiktu regul\u0101ri apkopti, lai samazin\u0101tu berzi un nodilumu.<\/li>\n<li><strong>Bl\u012bv\u0113juma nomai\u0146a:<\/strong> Regul\u0101ri p\u0101rbaudiet bl\u012bv\u0113jumu nodilumu un nomainiet tos p\u0113c nepiecie\u0161am\u012bbas, lai nov\u0113rstu nopl\u016bdes un uztur\u0113tu hidraulisko spiedienu.<\/li>\n<\/ul>\n<h2>Uzst\u0101d\u012b\u0161anas vadl\u012bnijas<\/h2>\n<p>Pareiza str\u0113les cilindra uzst\u0101d\u012b\u0161ana ir \u013coti svar\u012bga t\u0101 veiktsp\u0113jai un ilgm\u016b\u017e\u012bbai. Vispirms p\u0101rliecinieties, vai uzst\u0101d\u012b\u0161anas vieta ir t\u012bra un bez gru\u017eiem. Pareizi izl\u012bdziniet cilindru ar stiprin\u0101juma punktiem, izmantojot atbilsto\u0161us stiprin\u0101juma kron\u0161teinus, lai to nostiprin\u0101tu viet\u0101. Saglab\u0101jiet pareizu izl\u012bdzin\u0101\u0161anu, lai nov\u0113rstu cilindra slodzi, kas var izrais\u012bt priek\u0161laic\u012bgu boj\u0101jumu.<\/p>\n<p>P\u0113c tam pievienojiet hidraulisk\u0101s l\u012bnijas, p\u0101rliecinoties, ka visi savienojumi ir cie\u0161i un dro\u0161i, lai nov\u0113rstu nopl\u016bdes. P\u0113c uzst\u0101d\u012b\u0161anas veiciet r\u016bp\u012bgu p\u0101rbaudi, lai p\u0101rliecin\u0101tos, ka cilindrs darbojas nevainojami, bez jebk\u0101diem \u0161\u0137\u0113r\u0161\u013ciem. Regul\u0101ri uzraugiet uzst\u0101d\u012b\u0161anu, lai p\u0101rliecin\u0101tos par pareizu darb\u012bbu, un regul\u0101ru apkopes p\u0101rbau\u017eu laik\u0101 p\u0101rbaudiet, vai nav nodiluma vai boj\u0101jumu paz\u012bmju.<\/p>\n<h2>Bie\u017ei sastopamie apkopes uzdevumi<\/h2>\n<h3>Regul\u0101ras p\u0101rbaudes<\/h3>\n<p>Regul\u0101ri p\u0101rbaudiet str\u0113les cilindru, lai p\u0101rliecin\u0101tos, ka t\u0101 sast\u0101vda\u013cas darbojas pareizi. Tas ietver bl\u012bv\u0113jumu p\u0101rbaudi, vai nav nopl\u016b\u017eu, hidraulisko l\u012bniju nodiluma p\u0101rbaudi un visu savienojumu nostiprin\u0101\u0161anas p\u0101rbaudi. Nekav\u0113joties nov\u0113rsiet visas probl\u0113mas, lai nov\u0113rstu turpm\u0101kus boj\u0101jumus.<\/p>\n<h3>Piem\u0113rota e\u013c\u013co\u0161ana<\/h3>\n<p>E\u013c\u013co\u0161ana ir b\u016btiska hidraulisko cilindru nevainojamai darb\u012bbai. Regul\u0101ri p\u0101rbaudiet hidraulisk\u0101s e\u013c\u013cas l\u012bmeni un p\u0113c nepiecie\u0161am\u012bbas papildiniet. P\u0101rliecinieties, vai visas kust\u012bg\u0101s da\u013cas ir pien\u0101c\u012bgi iee\u013c\u013cotas, lai samazin\u0101tu berzi un pagarin\u0101tu cilindra kalpo\u0161anas laiku.<\/p>\n<h3>Bl\u012bvju nomai\u0146as un kalibr\u0113\u0161anas p\u0101rbaudes<\/h3>\n<p>Nomainiet bl\u012bves p\u0113c nepiecie\u0161am\u012bbas, lai uztur\u0113tu hidraulisko spiedienu un nov\u0113rstu nopl\u016bdes. Kalibr\u0113jiet cilindru, lai nodro\u0161in\u0101tu, ka tas darbojas nor\u0101d\u012bto parametru robe\u017e\u0101s, kas ir b\u016btiski efekt\u012bvas darb\u012bbas uztur\u0113\u0161anai. P\u0101rbaudiet izl\u012bdzin\u0101jumu un nepiecie\u0161am\u012bbas gad\u012bjum\u0101 noregul\u0113jiet, lai izvair\u012btos no p\u0101rm\u0113r\u012bgas slodzes uz cilindru.<\/p>\n<h2>Dro\u0161\u012bbas apsv\u0113rumi un vides faktori<\/h2>\n<p>Str\u0101d\u0101jot ar hidrauliskaj\u0101m sist\u0113m\u0101m, dro\u0161\u012bbas pas\u0101kumi ir \u013coti svar\u012bgi. P\u0101rliecinieties, ka viss person\u0101ls ir apm\u0101c\u012bts pareiz\u0101s lieto\u0161anas tehnik\u0101s un izprot ar hidraulisko apr\u012bkojumu saist\u012btos riskus. Vienm\u0113r j\u0101valk\u0101 aizsargl\u012bdzek\u013ci un j\u0101iev\u0113ro dro\u0161\u012bbas protokoli, lai nov\u0113rstu negad\u012bjumus. Turkl\u0101t \u0146emiet v\u0113r\u0101 hidraulisko \u0161\u0137idrumu ietekmi uz vidi un nodro\u0161iniet pareizu utiliz\u0101ciju un apsaimnieko\u0161anu, lai samazin\u0101tu ekolo\u0123isko kait\u0113jumu.<\/p>\n<h2>K\u013c\u016bmju diagnostika un bie\u017e\u0101k sastopam\u0101s probl\u0113mas<\/h2>\n<ul>\n<li><strong>Hidraulisk\u0101s nopl\u016bdes:<\/strong> Parasti to izraisa nolietotas bl\u012bves vai boj\u0101tas \u0161\u013c\u016btenes. Regul\u0101ras p\u0101rbaudes var pal\u012bdz\u0113t \u0161\u012bs probl\u0113mas identific\u0113t agr\u012bn\u0101 stadij\u0101.<\/li>\n<li><strong>Slikta veiktsp\u0113ja:<\/strong> Bie\u017ei vien tas ir nepietiekamas e\u013c\u013co\u0161anas vai hidraulisk\u0101 \u0161\u0137idruma l\u012bme\u0146a rezult\u0101ts. Regul\u0101ri p\u0101rbaudiet un uzturiet atbilsto\u0161u e\u013c\u013cas l\u012bmeni.<\/li>\n<li><strong>Troksnis darb\u012bbas laik\u0101:<\/strong> Var nor\u0101d\u012bt uz gaisu hidrauliskaj\u0101 sist\u0113m\u0101 vai nepietiekamu e\u013c\u013co\u0161anu. Lai nov\u0113rstu probl\u0113mu, atgaisojiet sist\u0113mu un nodro\u0161iniet atbilsto\u0161u e\u013c\u013co\u0161anu.<\/li>\n<\/ul>\n<h2>Probl\u0113mu nov\u0113r\u0161anas padomi<\/h2>\n<p>Lai efekt\u012bvi diagnostic\u0113tu un nov\u0113rstu probl\u0113mas, uzturiet detaliz\u0113tus cilindru darb\u012bbas un visu nov\u0113roto anom\u0101liju \u017eurn\u0101lus. Izmantojiet \u0161os \u017eurn\u0101lus, lai identific\u0113tu mode\u013cus, kas var liecin\u0101t par pamat\u0101 eso\u0161aj\u0101m probl\u0113m\u0101m. Prevent\u012bvie pas\u0101kumi, piem\u0113ram, regul\u0101ra apkope un savlaic\u012bgas p\u0101rbaudes, var samazin\u0101t potenci\u0101l\u0101s probl\u0113mas un pagarin\u0101t str\u0113les cilindra kalpo\u0161anas laiku.<\/p>\n<p><img decoding=\"async\" src=\"https:\/\/www.hydraulic-cylinders.net\/wp-content\/uploads\/2025\/04\/songte-bushings-with-all-kinds-of-excavator-models.webp\" alt=\"Ekskavatoru mode\u013ci\"><\/p>\n<h2>Par m\u016bsu uz\u0146\u0113mumu<\/h2>\n<p>M\u0113s esam vado\u0161ais rezerves hidraulisko cilindru ra\u017eot\u0101js un esam sevi pier\u0101d\u012bju\u0161i k\u0101 vienu no vado\u0161ajiem ra\u017eot\u0101jiem un vairumtirgot\u0101jiem gan viet\u0113j\u0101, gan starptautiskaj\u0101 tirg\u016b. M\u016bsu ap\u0146em\u0161an\u0101s nodro\u0161in\u0101t kvalit\u0101ti ir nelok\u0101ma, un m\u0113s izmantojam progres\u012bvas ra\u017eo\u0161anas strat\u0113\u0123ijas, lai uzlabotu m\u016bsu ra\u017eo\u0161anas procesus. M\u016bsu tehniskais person\u0101ls apvienojum\u0101 ar augst\u0101k\u0101s klases digit\u0101laj\u0101m ra\u017eo\u0161anas iek\u0101rt\u0101m un profesion\u0101l\u0101m test\u0113\u0161anas sist\u0113m\u0101m nep\u0101rtraukti uzlabo m\u016bsu ra\u017eo\u0161anas platformu.<\/p>\n<p>M\u016bsu sp\u0113c\u012bg\u0101s projekt\u0113\u0161anas iesp\u0113jas \u013cauj mums apmierin\u0101t da\u017e\u0101das klientu vajadz\u012bbas ar efektivit\u0101ti, precizit\u0101ti un kvalit\u0101ti. M\u0113s pied\u0101v\u0101jam piel\u0101gotus pakalpojumus, kas piel\u0101goti konkr\u0113t\u0101m pras\u012bb\u0101m, ko atbalsta starptautiski sertifik\u0101ti, kas apliecina m\u016bsu ap\u0146em\u0161anos sasniegt izcil\u012bbu. M\u016bsu p\u0113cp\u0101rdo\u0161anas serviss nodro\u0161ina, ka klienti sa\u0146em nepiecie\u0161amo atbalstu ilgi p\u0113c pirkuma veik\u0161anas.<\/p>\n<p><img decoding=\"async\" src=\"https:\/\/www.hydraulic-cylinders.net\/wp-content\/uploads\/2025\/04\/songte-company-4.webp\" alt=\"Uz\u0146\u0113muma telpas\"><br \/>\n<img decoding=\"async\" src=\"https:\/\/www.hydraulic-cylinders.net\/wp-content\/uploads\/2025\/04\/songte-company-3.webp\" alt=\"Uz\u0146\u0113muma produkti\"><\/p>\n<p>Autors: lil<\/p>","protected":false},"excerpt":{"rendered":"<p>Boom Cylinder For Baoding SC85.8 Introduction to Boom Cylinder The boom cylinder, specifically designed for the Baoding SC85.8, is a critical component in hydraulic systems used in heavy machinery. This type of hydraulic cylinder is dedicated to controlling the movement of the bucket in various equipment, such as excavators, backhoe loaders, and front-end loaders. It [&hellip;]<\/p>","protected":false},"featured_media":17868,"comment_status":"open","ping_status":"closed","template":"","meta":{"_et_pb_use_builder":"","_et_pb_old_content":"","_et_gb_content_width":""},"product_brand":[],"product_cat":[1546],"product_tag":[1547,1496],"class_list":{"0":"post-19680","1":"product","2":"type-product","3":"status-publish","4":"has-post-thumbnail","6":"product_cat-boom-cylinders","7":"product_tag-boom-cylinders","8":"product_tag-hydraulic-cylinders","10":"first","11":"instock","12":"shipping-taxable","13":"product-type-simple"},"amp_enabled":true,"_links":{"self":[{"href":"https:\/\/www.hydraulic-cylinders.net\/lv\/wp-json\/wp\/v2\/product\/19680","targetHints":{"allow":["GET"]}}],"collection":[{"href":"https:\/\/www.hydraulic-cylinders.net\/lv\/wp-json\/wp\/v2\/product"}],"about":[{"href":"https:\/\/www.hydraulic-cylinders.net\/lv\/wp-json\/wp\/v2\/types\/product"}],"replies":[{"embeddable":true,"href":"https:\/\/www.hydraulic-cylinders.net\/lv\/wp-json\/wp\/v2\/comments?post=19680"}],"wp:featuredmedia":[{"embeddable":true,"href":"https:\/\/www.hydraulic-cylinders.net\/lv\/wp-json\/wp\/v2\/media\/17868"}],"wp:attachment":[{"href":"https:\/\/www.hydraulic-cylinders.net\/lv\/wp-json\/wp\/v2\/media?parent=19680"}],"wp:term":[{"taxonomy":"product_brand","embeddable":true,"href":"https:\/\/www.hydraulic-cylinders.net\/lv\/wp-json\/wp\/v2\/product_brand?post=19680"},{"taxonomy":"product_cat","embeddable":true,"href":"https:\/\/www.hydraulic-cylinders.net\/lv\/wp-json\/wp\/v2\/product_cat?post=19680"},{"taxonomy":"product_tag","embeddable":true,"href":"https:\/\/www.hydraulic-cylinders.net\/lv\/wp-json\/wp\/v2\/product_tag?post=19680"}],"curies":[{"name":"wp","href":"https:\/\/api.w.org\/{rel}","templated":true}]}}