{"id":19681,"date":"2025-04-07T07:01:26","date_gmt":"2025-04-07T07:01:26","guid":{"rendered":"https:\/\/www.hydraulic-cylinders.net\/product\/boom-cylinder-for-baoding-sc400-8\/"},"modified":"2025-04-07T07:01:29","modified_gmt":"2025-04-07T07:01:29","slug":"boom-cylinder-for-baoding-sc400-8","status":"publish","type":"product","link":"https:\/\/www.hydraulic-cylinders.net\/lv\/products\/boom-cylinder-for-baoding-sc400-8\/","title":{"rendered":"Baoding SC400.8 str\u0113les cilindrs"},"content":{"rendered":"<h1>Baoding SC400.8 str\u0113les cilindrs<\/h1>\n<h2>Ievads str\u0113les cilindr\u0101<\/h2>\n<p>Str\u0113les cilindrs ir b\u016btiska hidraulisko sist\u0113mu sast\u0101vda\u013ca, kas \u012bpa\u0161i paredz\u0113ta, lai kontrol\u0113tu kausu kust\u012bbu smagaj\u0101s ma\u0161\u012bn\u0101s, piem\u0113ram, ekskavatoros, ekskavatoros-iekr\u0101v\u0113jos un front\u0101lajos iekr\u0101v\u0113jos. \u0160is hidrauliskais cilindrs \u013cauj kausam pacelt, nolaist un noliekt, atvieglojot da\u017e\u0101dus materi\u0101lu apstr\u0101des uzdevumus. Kausa cilindram ir iz\u0161\u0137iro\u0161a noz\u012bme ma\u0161\u012bnu darb\u012bbas efektivit\u0101tes un lietder\u012bbas uzlabo\u0161an\u0101, padarot to neaizst\u0101jamu b\u016bvniec\u012bb\u0101, lauksaimniec\u012bb\u0101 un cit\u0101s r\u016bpniecisk\u0101s lietojumprogramm\u0101s.<\/p>\n<p><img decoding=\"async\" src=\"https:\/\/www.hydraulic-cylinders.net\/wp-content\/uploads\/2025\/04\/songte-company-1.webp\" alt=\"Str\u0113les cilindrs\"><\/p>\n<h3>Defin\u012bcija un p\u0101rskats<\/h3>\n<p>Kausa cilindrs, kas paz\u012bstams ar\u012b k\u0101 str\u0113les cilindrs, ir hidraulisk\u0101 cilindra veids, kas darbojas saska\u0146\u0101 ar hidraulisk\u0101s meh\u0101nikas principiem. Tas sast\u0101v no cilindriskas mucas, virzu\u013ca un hidraulisk\u0101 \u0161\u0137idruma, kas darbojas kop\u0101, lai rad\u012btu nepiecie\u0161amo sp\u0113ku smagu kravu p\u0101rvieto\u0161anai. Kad hidrauliskais \u0161\u0137idrums tiek ies\u016bkn\u0113ts cilindr\u0101, tas rada spiedienu, kas pagarina virzuli, nodro\u0161inot v\u0113lamo kausa kust\u012bbu. \u0160\u012b sist\u0113ma nodro\u0161ina prec\u012bzu kontroli un iev\u0113rojamu celtsp\u0113ju, padarot to piem\u0113rotu da\u017e\u0101diem smagiem darbiem.<\/p>\n<h2>Str\u0113les cilindra \u012bpa\u0161\u012bbas<\/h2>\n<ul>\n<li><strong>Augsta iztur\u012bba un ilgm\u016b\u017e\u012bba:<\/strong> Izgatavots no augstas stipr\u012bbas t\u0113rauda vai alum\u012bnija, str\u0113les cilindrs ir paredz\u0113ts augsta spiediena un lielu kravu iztur\u0113\u0161anai, padarot to piem\u0113rotu skarbajiem darba apst\u0101k\u013ciem.<\/li>\n<li><strong>Efekt\u012bva hidraulisk\u0101 darb\u012bba:<\/strong> Cilindrs izmanto hidraulisk\u0101s e\u013c\u013cas spiedienu, lai nodro\u0161in\u0101tu vienm\u0113r\u012bgu izvirz\u012b\u0161anu un ievilk\u0161anu, nodro\u0161inot \u0101tru reakciju uz darb\u012bbas komand\u0101m un radot sp\u0113c\u012bgu stum\u0161anas un vilk\u0161anas sp\u0113ku.<\/li>\n<li><strong>Da\u017e\u0101das konfigur\u0101cijas:<\/strong> Pieejams vienk\u0101r\u0161\u0101s darb\u012bbas (hidrauliskais sp\u0113ks pielikts vien\u0101 virzien\u0101) vai divk\u0101r\u0161\u0101s darb\u012bbas (hidrauliskais sp\u0113ks pielikts abos virzienos) konstrukcij\u0101s, lai apmierin\u0101tu da\u017e\u0101das ekspluat\u0101cijas vajadz\u012bbas.<\/li>\n<li><strong>Vietu taupo\u0161i dizaini:<\/strong> Da\u017ei mode\u013ci ir teleskopiski, kas \u013cauj tos izstiept, nepalielinot \u0101r\u0113jos izm\u0113rus, kas ir ide\u0101li piem\u0113roti lietojumiem ar ierobe\u017eotu vietu.<\/li>\n<li><strong>Nodilumiztur\u012bba un korozijas iztur\u012bba:<\/strong> \u0160ie cilindri ir izstr\u0101d\u0101ti ar iztur\u012bbu pret nodilumu un koroziju, lai kalpotu ilgi, pagarinot to ekspluat\u0101cijas laiku.<\/li>\n<\/ul>\n<p>M\u016bsu produkti var lieliski aizst\u0101t \u0161os hidrauliskos cilindrus, nodro\u0161inot augstu veiktsp\u0113ju un uzticam\u012bbu.<\/p>\n<p><img decoding=\"async\" src=\"https:\/\/www.hydraulic-cylinders.net\/wp-content\/uploads\/2025\/04\/songte-cylinder-head-with-all-kinds-excavator-models.webp\" alt=\"Sader\u012bgi hidrauliskie cilindri\"><\/p>\n<h2>Str\u0113les cilindra pielietojumi<\/h2>\n<h3>Celtniec\u012bbas apr\u012bkojums<\/h3>\n<p>Ekskavatoros str\u0113les cilindri ir kritiski svar\u012bgi rak\u0161anai, iekrau\u0161anai un augsnes vai gru\u017eu p\u0101rvieto\u0161anai. Tie atvieglo rak\u0161anas darb\u012bbu, \u013caujot kausam efekt\u012bvi iek\u013c\u016bt zem\u0113. Turkl\u0101t ekskavatoros-iekr\u0101v\u0113jos kausa cilindrs pal\u012bdz gan rak\u0161anas, gan cel\u0161anas oper\u0101cij\u0101s, nodro\u0161inot, ka uzdevumi tiek veikti efekt\u012bvi un \u0101tri.<\/p>\n<h3>Lauksaimniec\u012bbas tehnika<\/h3>\n<p>Front\u0101lajos iekr\u0101v\u0113jos str\u0113les cilindri tiek izmantoti augsnes, siena un citu materi\u0101lu sav\u0101k\u0161anai, cel\u0161anai un transport\u0113\u0161anai. To iztur\u012bg\u0101 konstrukcija \u013cauj tiem tikt gal\u0101 ar smago cel\u0161anu, kas nepiecie\u0161ama lauksaimniec\u012bbas darbos, t\u0101d\u0113j\u0101di veicinot efekt\u012bvu lauksaimniec\u012bbas darb\u012bbu.<\/p>\n<h3>Ekskavatori<\/h3>\n<p>Str\u0113les cilindri ir b\u016btiski, lai kauss var\u0113tu iek\u013c\u016bt augsn\u0113, nodro\u0161inot efekt\u012bvas rak\u0161anas darb\u012bbas. To precizit\u0101te un jauda padara tos ide\u0101li piem\u0113rotus da\u017e\u0101diem rak\u0161anas darbiem, uzlabojot produktivit\u0101ti un samazinot roku darbu.<\/p>\n<h3>Iekr\u0101v\u0113ji<\/h3>\n<p>In front loaders, boom cylinders assist in lifting and dumping loads effectively. The hydraulic system&#8217;s efficiency ensures that the loader can operate with maximum payload capacity, making material handling tasks more manageable.<\/p>\n<h2>Dizaina apsv\u0113rumi un atlases krit\u0113riji<\/h2>\n<h3>Kravnes\u012bba<\/h3>\n<p>Viens no galvenajiem apsv\u0113rumiem str\u0113les cilindru projekt\u0113\u0161an\u0101 ir to kravnes\u012bba. Cilindram j\u0101sp\u0113j iztur\u0113t \u012bpatn\u0113jo kravu svaru, ko tas pacels. Tas prasa r\u016bp\u012bgu projekt\u0113\u0161anu, lai nodro\u0161in\u0101tu, ka izmantotie materi\u0101li un cilindra konstrukcija var iztur\u0113t darb\u012bbas laik\u0101 rad\u012bt\u0101s slodzes.<\/p>\n<h3>Bl\u012bv\u0113\u0161anas meh\u0101nismi<\/h3>\n<p>Efekt\u012bvs bl\u012bv\u0113jums ir \u013coti svar\u012bgs hidraulisko cilindru darb\u012bbai. Augstas kvalit\u0101tes bl\u012bv\u0113jumi nov\u0113r\u0161 hidraulisk\u0101 \u0161\u0137idruma nopl\u016bdi un uztur spiedienu cilindr\u0101. Bl\u012bv\u0113juma materi\u0101lu, piem\u0113ram, poliuret\u0101na vai nitrila gumijas, izv\u0113le ir b\u016btiska iztur\u012bbai un veiktsp\u0113jai da\u017e\u0101dos apst\u0101k\u013cos.<\/p>\n<h3>Iztur\u012bba<\/h3>\n<p>Iztur\u012bba ir galvenais hidraulisko cilindru faktors, \u012bpa\u0161i skarbos apst\u0101k\u013cos. Ra\u017eot\u0101jiem savos projektos j\u0101\u0146em v\u0113r\u0101 nodilumiztur\u012bba un iztur\u012bba pret koroziju, izmantojot materi\u0101lus un p\u0101rkl\u0101jumus, kas pagarina cilindra kalpo\u0161anas laiku.<\/p>\n<h3>Dro\u0161\u012bbas funkcijas<\/h3>\n<p>Dro\u0161\u012bba ir \u0101rk\u0101rt\u012bgi svar\u012bga, darbinot hidraulisk\u0101s iek\u0101rtas. Str\u0113les cilindriem j\u0101b\u016bt konstru\u0113tiem ar dro\u0161\u012bbas funkcij\u0101m, kas nov\u0113r\u0161 nejau\u0161as k\u013c\u016bmes. Tas ietver spiediena samazin\u0101\u0161anas v\u0101rstu ievie\u0161anu un hidraulisk\u0101s sist\u0113mas dro\u0161u p\u0101rslodzes apst\u0101k\u013cu iztur\u0113\u0161anu.<\/p>\n<h3>Uzturam\u012bba<\/h3>\n<p>V\u0113l viens svar\u012bgs faktors ir viegla apkope. Hidrauliskajiem cilindriem j\u0101b\u016bt konstru\u0113tiem t\u0101, lai b\u016btu viegli piek\u013c\u016bt deta\u013c\u0101m, kur\u0101m nepiecie\u0161ama regul\u0101ra p\u0101rbaude un apkope, piem\u0113ram, bl\u012bv\u0113m un e\u013c\u013co\u0161anas punktiem, lai samazin\u0101tu d\u012bkst\u0101ves laiku un pagarin\u0101tu kalpo\u0161anas laiku.<\/p>\n<p><img decoding=\"async\" src=\"https:\/\/www.hydraulic-cylinders.net\/wp-content\/uploads\/2025\/04\/songte-oil-pipes-and-spare-parts.webp\" alt=\"Hidraulisko cilindru deta\u013cas\"><\/p>\n<h2>Bl\u012bv\u0113\u0161ana un e\u013c\u013co\u0161ana<\/h2>\n<p>Pareiza bl\u012bv\u0113\u0161ana un e\u013c\u013co\u0161ana ir b\u016btiska str\u0113les cilindru efekt\u012bvai darb\u012bbai. Lai nov\u0113rstu hidraulisk\u0101 \u0161\u0137idruma nopl\u016bdes, tiek izmantoti da\u017e\u0101di bl\u012bv\u0113\u0161anas komponenti, tostarp virzu\u013ca bl\u012bv\u0113jumi un stie\u0146a bl\u012bv\u0113jumi. Izv\u0113loties bl\u012bv\u0113jumus, kas izgatavoti no nodilumiztur\u012bgiem materi\u0101liem, piem\u0113ram, poliuret\u0101na un nitrila gumijas, tiek uzlabota iztur\u012bba. Cilindra korpusa un v\u012bt\u0146oto galu virsmas tiek r\u016bp\u012bgi apstr\u0101d\u0101tas, lai uzlabotu nodilumiztur\u012bbu.<\/p>\n<p>Nepiecie\u0161ama ar\u012b regul\u0101ra e\u013c\u013co\u0161ana; operatoriem periodiski j\u0101uzpilda hidraulisk\u0101 e\u013c\u013ca, lai nodro\u0161in\u0101tu vienm\u0113r\u012bgu darb\u012bbu un nov\u0113rstu iek\u0161\u0113jo deta\u013cu nodilumu. \u0160\u012b proakt\u012bv\u0101 apkope iev\u0113rojami pagarina hidraulisk\u0101 cilindra kalpo\u0161anas laiku.<\/p>\n<h2>Prevent\u012bvie apkopes pas\u0101kumi<\/h2>\n<ul>\n<li><strong>Regul\u0101ras p\u0101rbaudes:<\/strong> Veiciet regul\u0101ras p\u0101rbaudes, lai noteiktu nopl\u016bdes, nodilumu un boj\u0101jumus, lai nodro\u0161in\u0101tu cilindra dro\u0161u un efekt\u012bvu darb\u012bbu.<\/li>\n<li><strong>Piem\u0113rota e\u013c\u013co\u0161ana:<\/strong> Lai uztur\u0113tu optim\u0101lu veiktsp\u0113ju, p\u0101rliecinieties, vai e\u013c\u013co\u0161anai tiek izmantots pareizais hidraulisk\u0101s e\u013c\u013cas veids un daudzums.<\/li>\n<li><strong>Bl\u012bv\u0113juma nomai\u0146a:<\/strong> Uzraugiet bl\u012bv\u0113jumu nodilumu un nomainiet tos p\u0113c nepiecie\u0161am\u012bbas, lai nov\u0113rstu nopl\u016bdes un uztur\u0113tu hidraulisko spiedienu.<\/li>\n<\/ul>\n<h2>Uzst\u0101d\u012b\u0161anas vadl\u012bnijas<\/h2>\n<p>Pareiza str\u0113les cilindra uzst\u0101d\u012b\u0161ana ir \u013coti svar\u012bga dro\u0161ai un efekt\u012bvai darb\u012bbai. Vispirms p\u0101rliecinieties, vai stiprin\u0101juma punkti ir t\u012bri un bez gru\u017eiem. Prec\u012bzi izl\u012bdziniet cilindru ar stiprin\u0101juma punktiem, lai izvair\u012btos no nepareizas izl\u012bdzin\u0101\u0161anas, kas var izrais\u012bt palielin\u0101tu nodilumu un iesp\u0113jamu boj\u0101jumu.<\/p>\n<p>Izmantojiet atbilsto\u0161us mont\u0101\u017eas kron\u0161teinus, lai nostiprin\u0101tu cilindru viet\u0101, p\u0101rliecinoties, ka tas ir cie\u0161i pievilkts, bet ne p\u0101r\u0101k pievilkts, lai nov\u0113rstu boj\u0101jumus. P\u0113c uzst\u0101d\u012b\u0161anas p\u0101rbaudiet pareizu darb\u012bbu un izl\u012bdzin\u0101jumu, lai nodro\u0161in\u0101tu hidraulisk\u0101s sist\u0113mas nevainojamu darb\u012bbu.<\/p>\n<h2>Bie\u017ei sastopamie apkopes uzdevumi<\/h2>\n<ul>\n<li><strong>Regul\u0101ras p\u0101rbaudes:<\/strong> Regul\u0101ri p\u0101rbaudiet cilindru, vai nav nodiluma vai boj\u0101jumu paz\u012bmju, lai laikus atkl\u0101tu probl\u0113mas un nov\u0113rstu nopietnus boj\u0101jumus.<\/li>\n<li><strong>Pareiza e\u013c\u013co\u0161ana:<\/strong> Regul\u0101ri iee\u013c\u013cojiet cilindru, lai nodro\u0161in\u0101tu vienm\u0113r\u012bgu darb\u012bbu un nov\u0113rstu kust\u012bgo da\u013cu nodilumu.<\/li>\n<li><strong>Bl\u012bv\u0113juma nomai\u0146a:<\/strong> Uzraugiet bl\u012bv\u0113jumu st\u0101vokli un nomainiet tos, ja nepiecie\u0161ams, lai uztur\u0113tu spiedienu un nov\u0113rstu nopl\u016bdes.<\/li>\n<\/ul>\n<h2>Dro\u0161\u012bbas apsv\u0113rumi un vides faktori<\/h2>\n<p>Izmantojot str\u0113les cilindrus, ir svar\u012bgi priorit\u0101ri noteikt dro\u0161\u012bbas pas\u0101kumus. Operatoriem j\u0101b\u016bt apm\u0101c\u012btiem hidraulisko iek\u0101rtu dro\u0161\u0101 lieto\u0161an\u0101, lai samazin\u0101tu negad\u012bjumu risku. Turkl\u0101t, nodro\u0161inot regul\u0101ru hidraulisk\u0101s sist\u0113mas apkopi, tiek nov\u0113rstas k\u013c\u016bmes, kas var\u0113tu rad\u012bt dro\u0161\u012bbas riskus. J\u0101\u0146em v\u0113r\u0101 ar\u012b vides faktori, piem\u0113ram, ekspluat\u0101cijas apst\u0101k\u013ci, kas var\u0113tu ietekm\u0113t hidraulisko sist\u0113mu integrit\u0101ti, tostarp temperat\u016bras sv\u0101rst\u012bbas un saskare ar kod\u012bg\u0101m viel\u0101m.<\/p>\n<h2>Probl\u0113mu nov\u0113r\u0161ana un bie\u017ei sastopamas probl\u0113mas<\/h2>\n<ul>\n<li><strong>Nopl\u016bde:<\/strong> P\u0101rbaudiet bl\u012bves un savienojumus, vai tie nav nodilu\u0161i vai boj\u0101ti; nomainiet bl\u012bves, ja nepiecie\u0161ams.<\/li>\n<li><strong>Slikta veiktsp\u0113ja:<\/strong> P\u0101rbaudiet hidraulisk\u0101 \u0161\u0137idruma l\u012bmeni un p\u0101rliecinieties, vai sist\u0113m\u0101 nav aizsprostojumu.<\/li>\n<li><strong>Nekonsekventa kust\u012bba:<\/strong> P\u0101rbaudiet cilindru, vai nav nob\u012bdes vai boj\u0101tu deta\u013cu; nepiecie\u0161am\u012bbas gad\u012bjum\u0101 noregul\u0113jiet vai nomainiet.<\/li>\n<\/ul>\n<h2>Probl\u0113mu risin\u0101\u0161anas padomi<\/h2>\n<p>Lai efekt\u012bvi diagnostic\u0113tu un risin\u0101tu probl\u0113mas, operatoriem j\u0101uztur detaliz\u0113ts apkopes un remonta \u017eurn\u0101ls. Tas pal\u012bdz identific\u0113t mode\u013cus, kas var liecin\u0101t par atk\u0101rtot\u0101m probl\u0113m\u0101m. Regul\u0101ra apm\u0101c\u012bba par probl\u0113mu nov\u0113r\u0161anas metod\u0113m var dot operatoriem iesp\u0113ju risin\u0101t nelielas probl\u0113mas, pirms t\u0101s p\u0101raug nopietnos remontos. Prevent\u012bvie pas\u0101kumi, piem\u0113ram, regul\u0101ras p\u0101rbaudes un savlaic\u012bga apkope, ir b\u016btiski, lai samazin\u0101tu potenci\u0101l\u0101s probl\u0113mas un pagarin\u0101tu hidraulisko komponentu kalpo\u0161anas laiku.<\/p>\n<p><img decoding=\"async\" src=\"https:\/\/www.hydraulic-cylinders.net\/wp-content\/uploads\/2025\/04\/songte-bushings-with-all-kinds-of-excavator-models.webp\" alt=\"Str\u0113les cilindra bukses\"><\/p>\n<h2>Uz\u0146\u0113muma p\u0101rskats<\/h2>\n<p>M\u0113s esam ra\u017eot\u0101ji, kas specializ\u0113jas alternat\u012bvos hidrauliskajos cilindros, k\u013c\u016bstot par vienu no vado\u0161ajiem hidraulisko cilindru ra\u017eot\u0101jiem un vairumtirgot\u0101jiem viet\u0113j\u0101 un starptautiskaj\u0101 tirg\u016b. M\u0113s iev\u0113rojam izcil\u012bbu kvalit\u0101t\u0113, izmantojot industrializ\u0113tu ra\u017eo\u0161anas vad\u012bbas strat\u0113\u0123iju m\u016bsu pilnveidotaj\u0101 ra\u017eo\u0161anas darbn\u012bc\u0101. M\u016bsu uz\u0146\u0113mums past\u0101v\u012bgi uzlabo savu ra\u017eo\u0161anas platformu, izmantojot kvalific\u0113tu tehnisko person\u0101lu, modernu augstas klases ra\u017eo\u0161anas apr\u012bkojumu un profesion\u0101las test\u0113\u0161anas sist\u0113mas, nodro\u0161inot stabilu inov\u0101ciju sp\u0113ju un apmierinot da\u017e\u0101das klientu vajadz\u012bbas.<\/p>\n<p>M\u016bsu uzman\u012bbas centr\u0101 ir profesionalit\u0101te, starptautiski sertifik\u0101ti, piel\u0101goti pakalpojumi, modernas ra\u017eo\u0161anas iek\u0101rtas un p\u0113cp\u0101rdo\u0161anas atbalsts, kas nostiprina m\u016bsu reput\u0101ciju nozar\u0113.<\/p>\n<p><img decoding=\"async\" src=\"https:\/\/www.hydraulic-cylinders.net\/wp-content\/uploads\/2025\/04\/songte-company-4.webp\" alt=\"Uz\u0146\u0113muma p\u0101rskats\"><br \/>\n<img decoding=\"async\" src=\"https:\/\/www.hydraulic-cylinders.net\/wp-content\/uploads\/2025\/04\/songte-company-3.webp\" alt=\"M\u016bsu ra\u017eo\u0161anas iek\u0101rtas\"><\/p>\n<p>Autors: lil<\/p>","protected":false},"excerpt":{"rendered":"<p>Boom Cylinder For Baoding SC400.8 Introduction to the Boom Cylinder The Boom Cylinder is an essential component in hydraulic systems, specifically designed to control the movement of buckets in heavy machinery such as excavators, backhoe loaders, and front loaders. This hydraulic cylinder enables the bucket to lift, lower, and tilt, facilitating various material handling tasks. [&hellip;]<\/p>","protected":false},"featured_media":17869,"comment_status":"open","ping_status":"closed","template":"","meta":{"_et_pb_use_builder":"","_et_pb_old_content":"","_et_gb_content_width":""},"product_brand":[],"product_cat":[1546],"product_tag":[1547,1496],"class_list":{"0":"post-19681","1":"product","2":"type-product","3":"status-publish","4":"has-post-thumbnail","6":"product_cat-boom-cylinders","7":"product_tag-boom-cylinders","8":"product_tag-hydraulic-cylinders","10":"first","11":"instock","12":"shipping-taxable","13":"product-type-simple"},"amp_enabled":true,"_links":{"self":[{"href":"https:\/\/www.hydraulic-cylinders.net\/lv\/wp-json\/wp\/v2\/product\/19681","targetHints":{"allow":["GET"]}}],"collection":[{"href":"https:\/\/www.hydraulic-cylinders.net\/lv\/wp-json\/wp\/v2\/product"}],"about":[{"href":"https:\/\/www.hydraulic-cylinders.net\/lv\/wp-json\/wp\/v2\/types\/product"}],"replies":[{"embeddable":true,"href":"https:\/\/www.hydraulic-cylinders.net\/lv\/wp-json\/wp\/v2\/comments?post=19681"}],"wp:featuredmedia":[{"embeddable":true,"href":"https:\/\/www.hydraulic-cylinders.net\/lv\/wp-json\/wp\/v2\/media\/17869"}],"wp:attachment":[{"href":"https:\/\/www.hydraulic-cylinders.net\/lv\/wp-json\/wp\/v2\/media?parent=19681"}],"wp:term":[{"taxonomy":"product_brand","embeddable":true,"href":"https:\/\/www.hydraulic-cylinders.net\/lv\/wp-json\/wp\/v2\/product_brand?post=19681"},{"taxonomy":"product_cat","embeddable":true,"href":"https:\/\/www.hydraulic-cylinders.net\/lv\/wp-json\/wp\/v2\/product_cat?post=19681"},{"taxonomy":"product_tag","embeddable":true,"href":"https:\/\/www.hydraulic-cylinders.net\/lv\/wp-json\/wp\/v2\/product_tag?post=19681"}],"curies":[{"name":"wp","href":"https:\/\/api.w.org\/{rel}","templated":true}]}}