{"id":19682,"date":"2025-04-07T07:01:29","date_gmt":"2025-04-07T07:01:29","guid":{"rendered":"https:\/\/www.hydraulic-cylinders.net\/product\/boom-cylinder-for-baoding-wy75-7\/"},"modified":"2025-04-07T07:01:32","modified_gmt":"2025-04-07T07:01:32","slug":"boom-cylinder-for-baoding-wy75-7","status":"publish","type":"product","link":"https:\/\/www.hydraulic-cylinders.net\/lv\/products\/boom-cylinder-for-baoding-wy75-7\/","title":{"rendered":"Baoding WY75-7 str\u0113les cilindrs"},"content":{"rendered":"<h1>Baoding WY75-7 str\u0113les cilindrs<\/h1>\n<h2>Produkta p\u0101rskats<\/h2>\n<p>Baoding WY75-7 str\u0113les cilindrs ir specializ\u0113ts hidrauliskais cilindrs, kas paredz\u0113ts, lai kontrol\u0113tu kausu kust\u012bbu uz da\u017e\u0101d\u0101m smag\u0101m ma\u0161\u012bn\u0101m, piem\u0113ram, ekskavatoriem, ekskavatoriem un front\u0101lajiem iekr\u0101v\u0113jiem. \u0160is hidrauliskais cilindrs atvieglo kausa pacel\u0161anu, nolai\u0161anu un noliek\u0161anu, nodro\u0161inot efekt\u012bvus materi\u0101lu apstr\u0101des uzdevumus.<\/p>\n<p><img decoding=\"async\" src=\"https:\/\/www.hydraulic-cylinders.net\/wp-content\/uploads\/2025\/04\/songte-company-1.webp\" alt=\"Str\u0113les cilindrs\"><\/p>\n<h3>Kausa cilindru izpratne<\/h3>\n<p>Kausa cilindri ir neat\u0146emamas hidraulisko sist\u0113mu sast\u0101vda\u013cas, kas nodro\u0161ina nepiecie\u0161amo sp\u0113ku kritisku uzdevumu veik\u0161anai b\u016bvniec\u012bbas un lauksaimniec\u012bbas tehnik\u0101. \u0160ie cilindri kust\u012bbas rad\u012b\u0161anai izmanto hidraulisko \u0161\u0137idrumu, \u013caujot operatoriem efekt\u012bvi veikt pla\u0161u pien\u0101kumu kl\u0101stu. \u0160o cilindru konstrukcija ir \u013coti svar\u012bga to veiktsp\u0113jai, padarot tos uzticamus sare\u017e\u0123\u012btos pielietojumos.<\/p>\n<h2>Str\u0113les cilindra galven\u0101s iez\u012bmes<\/h2>\n<ul>\n<li><strong>Augsta iztur\u012bba un ilgm\u016b\u017e\u012bba:<\/strong> \u0160ie cilindri, kas izgatavoti no augstas stipr\u012bbas t\u0113rauda vai alum\u012bnija, var iztur\u0113t augstu spiedienu un lielas slodzes, padarot tos piem\u0113rotus skarbajiem darba apst\u0101k\u013ciem.<\/li>\n<li><strong>Efekt\u012bva hidraulisk\u0101 darb\u012bba:<\/strong> Izmantojot hidraulisk\u0101s e\u013c\u013cas spiedienu vienm\u0113r\u012bgai izvilk\u0161anai un ievilk\u0161anai, tie \u0101tri rea\u0123\u0113 uz vad\u012bbas komand\u0101m un nodro\u0161ina sp\u0113c\u012bgu stum\u0161anas un vilk\u0161anas sp\u0113ku, kas ir ide\u0101li piem\u0113rots smagu priek\u0161metu apstr\u0101dei.<\/li>\n<li><strong>Da\u017e\u0101di veidi:<\/strong> Pieejami vienvirziena darb\u012bbas (darbojas vien\u0101 virzien\u0101) vai divk\u0101r\u0161as darb\u012bbas (darbojas abos virzienos) konfigur\u0101cij\u0101s, tie var apmierin\u0101t da\u017e\u0101das ekspluat\u0101cijas pras\u012bbas, da\u017eiem mode\u013ciem ir teleskopiska konstrukcija, kas nodro\u0161ina liel\u0101ku sasniedzam\u012bbu sl\u0113gt\u0101s telp\u0101s.<\/li>\n<li><strong>Optimiz\u0113ta bl\u012bv\u0113\u0161anas sist\u0113ma:<\/strong> Izstr\u0101d\u0101ts ar uzlabot\u0101m bl\u012bv\u0113\u0161anas tehnolo\u0123ij\u0101m, lai nov\u0113rstu nopl\u016bdes un nodro\u0161in\u0101tu optim\u0101lu veiktsp\u0113ju laika gait\u0101.<\/li>\n<li><strong>Piel\u0101go\u0161anas iesp\u0113jas:<\/strong> M\u016bsu produkti var lieliski aizst\u0101t eso\u0161os hidrauliskos cilindrus, pied\u0101v\u0101jot piel\u0101gotus risin\u0101jumus konkr\u0113t\u0101m tehnikas vajadz\u012bb\u0101m.<\/li>\n<\/ul>\n<p><img decoding=\"async\" src=\"https:\/\/www.hydraulic-cylinders.net\/wp-content\/uploads\/2025\/04\/songte-cylinder-head-with-all-kinds-excavator-models.webp\" alt=\"Str\u0113les cilindru mode\u013ci\"><\/p>\n<h2>Str\u0113les cilindra pielietojumi<\/h2>\n<h3>Celtniec\u012bbas apr\u012bkojums<\/h3>\n<p>Ekskavatoros str\u0113les cilindriem ir iz\u0161\u0137iro\u0161a noz\u012bme augsnes vai gru\u017eu rak\u0161an\u0101, iekrau\u0161an\u0101 un p\u0101rvieto\u0161an\u0101. Tie nodro\u0161ina nepiecie\u0161amo jaudu kausa pacel\u0161anai optim\u0101lam rak\u0161anas dzi\u013cumam un veicina efekt\u012bvu materi\u0101la transport\u0113\u0161anu. Ekskavatoros-iekr\u0101v\u0113jos kausa cilindrs pal\u012bdz gan rak\u0161anas, gan cel\u0161anas darbos, uzlabojot kop\u0113jo produktivit\u0101ti b\u016bvlaukumos.<\/p>\n<h3>Lauksaimniec\u012bbas tehnika<\/h3>\n<p>Front\u0101lajiem iekr\u0101v\u0113jiem str\u0113les cilindrs ir b\u016btisks augsnes, siena un da\u017e\u0101du materi\u0101lu sav\u0101k\u0161anai, cel\u0161anai un transport\u0113\u0161anai. Hidraulisk\u0101 darb\u012bba nodro\u0161ina prec\u012bzu vad\u012bbu, atvieglojot smagu kravu p\u0101rvald\u012b\u0161anu un uzdevumu prec\u012bzu izpildi, t\u0101d\u0113j\u0101di samazinot darba laiku un darbasp\u0113ka izmaksas.<\/p>\n<h3>Rak\u0161anas procesi<\/h3>\n<p>Str\u0113les cilindrs \u013cauj ekskavatoriem efekt\u012bvi iek\u013c\u016bt zem\u0113. \u013baujot kausam ierakties augsn\u0113, tas maksim\u0101li palielina ma\u0161\u012bnas sp\u0113ju \u0101tri no\u0146emt zemi un gru\u017eus, padarot to par b\u016btisku sast\u0101vda\u013cu rak\u0161anas darbos.<\/p>\n<h3>Iekr\u0101v\u0113ja funkcijas<\/h3>\n<p>Front\u0101lajos iekr\u0101v\u0113jos str\u0113les cilindri pal\u012bdz efekt\u012bvi pacelt un izkraut kravas. To hidraulisk\u0101 sist\u0113ma \u013cauj operatoriem veikt t\u0101dus uzdevumus k\u0101 materi\u0101lu p\u0101rvieto\u0161ana, gru\u017eu sav\u0101k\u0161ana un kravas automa\u0161\u012bnu iekrau\u0161ana ar minim\u0101lu piep\u016bli, uzlabojot efektivit\u0101ti darba viet\u0101.<\/p>\n<h2>Dizaina apsv\u0113rumi un atlases krit\u0113riji<\/h2>\n<h3>Kravnes\u012bba<\/h3>\n<p>Izv\u0113loties str\u0113les cilindru, viens no svar\u012bg\u0101kajiem faktoriem, kas j\u0101\u0146em v\u0113r\u0101, ir t\u0101 kravnes\u012bba. Cilindram j\u0101sp\u0113j iztur\u0113t paredzam\u0101s slodzes bez atteices riska. In\u017eenieri bie\u017ei nov\u0113rt\u0113 maksim\u0101lo sp\u0113ku, kas cilindram j\u0101pieliek, \u0146emot v\u0113r\u0101 kravas svaru un nelabv\u0113l\u012bgus ekspluat\u0101cijas apst\u0101k\u013cus, lai nodro\u0161in\u0101tu uzticam\u012bbu un veiktsp\u0113ju.<\/p>\n<h3>Bl\u012bv\u0113juma veiktsp\u0113ja<\/h3>\n<p>Hidraulisk\u0101 cilindra bl\u012bv\u0113\u0161anas sist\u0113ma ir vit\u0101li svar\u012bga t\u0101 darb\u012bbai. Bl\u012bv\u0113jumiem ir efekt\u012bvi j\u0101nov\u0113r\u0161 \u0161\u0137idruma nopl\u016bdes, vienlaikus izturot augstu spiedienu un main\u012bgas temperat\u016bras. Pareizu materi\u0101lu, piem\u0113ram, poliuret\u0101na vai nitrilgumijas, izv\u0113le nodro\u0161ina iztur\u012bbu un optim\u0101lu bl\u012bv\u0113\u0161anas veiktsp\u0113ju, t\u0101d\u0113j\u0101di pagarinot cilindra kalpo\u0161anas laiku.<\/p>\n<h3>Iztur\u012bba un apkope<\/h3>\n<p>Hidrauliskajiem cilindriem iztur\u012bba ir b\u016btiska, jo tie darbojas sare\u017e\u0123\u012btos apst\u0101k\u013cos. Ra\u017eot\u0101ji \u0161os produktus projekt\u0113 no materi\u0101liem, kas ir iztur\u012bgi pret nodilumu un koroziju. Turkl\u0101t vienk\u0101r\u0161\u0101s apkopes funkcijas pal\u012bdz pagarin\u0101t cilindru kalpo\u0161anas laiku. Regul\u0101ras p\u0101rbaudes un apkopes prakse ir \u013coti svar\u012bga, lai izvair\u012btos no d\u0101rgiem remontiem un nodro\u0161in\u0101tu nemain\u012bgu veiktsp\u0113ju.<\/p>\n<h3>Dro\u0161\u012bbas funkcijas<\/h3>\n<p>Dro\u0161\u012bbai vienm\u0113r j\u0101b\u016bt galvenajai priorit\u0101tei hidraulisko cilindru konstrukcij\u0101. T\u0101du funkciju k\u0101 spiediena samazin\u0101\u0161anas v\u0101rstu iek\u013cau\u0161ana pal\u012bdz nov\u0113rst p\u0101rslodzi, savuk\u0101rt iztur\u012bga konstrukcija samazina katastrof\u0101lu boj\u0101jumu risku. Atbilsto\u0161i dro\u0161\u012bbas pas\u0101kumi nodro\u0161ina, ka operatori var str\u0101d\u0101t p\u0101rliecino\u0161i, zinot, ka vi\u0146u apr\u012bkojums ir uzticams.<\/p>\n<p><img decoding=\"async\" src=\"https:\/\/www.hydraulic-cylinders.net\/wp-content\/uploads\/2025\/04\/songte-oil-pipes-and-spare-parts.webp\" alt=\"Hidraulisko cilindru deta\u013cas\"><\/p>\n<h2>Bl\u012bv\u0113\u0161ana un e\u013c\u013co\u0161ana<\/h2>\n<p>Efekt\u012bvai bl\u012bv\u0113\u0161anai un e\u013c\u013co\u0161anai ir iz\u0161\u0137iro\u0161a noz\u012bme hidraulisko cilindru ilgm\u016b\u017e\u012bbas un veiktsp\u0113jas nodro\u0161in\u0101\u0161an\u0101. Lai uztur\u0113tu spiedienu un nov\u0113rstu nopl\u016bdes, tiek izmantoti da\u017e\u0101di bl\u012bv\u0113jumi, tostarp virzu\u013ca bl\u012bv\u0113jumi un stie\u0146a bl\u012bv\u0113jumi. Augstas kvalit\u0101tes materi\u0101li, piem\u0113ram, poliuret\u0101ns un nitrilgumija, nodro\u0161ina izcilu nodilumiztur\u012bbu.<\/p>\n<p>Cilindra korpuss un v\u012bt\u0146ot\u0101s gala virsmas tiek prec\u012bzi apstr\u0101d\u0101tas, lai uzlabotu nodilumiztur\u012bbu. Lai komponenti darbotos nevainojami un nov\u0113rstu priek\u0161laic\u012bgu nodilumu, tie ir regul\u0101ri j\u0101iee\u013c\u013co ar hidraulisko e\u013c\u013cu.<\/p>\n<h2>Prevent\u012bvie apkopes pas\u0101kumi<\/h2>\n<ul>\n<li><strong>Regul\u0101ras p\u0101rbaudes:<\/strong> Regul\u0101ras nopl\u016b\u017eu, nodiluma un hidraulisk\u0101 \u0161\u0137idruma l\u012bme\u0146a p\u0101rbaudes var identific\u0113t potenci\u0101las probl\u0113mas, pirms t\u0101s k\u013c\u016bst kritiskas.<\/li>\n<li><strong>E\u013c\u013co\u0161anas prakse:<\/strong> Hidraulisko cilindru nevainojamai darb\u012bbai ir nepiecie\u0161ama atbilsto\u0161a e\u013c\u013co\u0161ana. Pareiza hidraulisk\u0101s e\u013c\u013cas veida un daudzuma uzkl\u0101\u0161ana uzlabos veiktsp\u0113ju un samazin\u0101s nodilumu.<\/li>\n<li><strong>Bl\u012bv\u0113juma nomai\u0146a:<\/strong> Lai izvair\u012btos no nopl\u016bd\u0113m un nodro\u0161in\u0101tu optim\u0101lu darb\u012bbu, j\u0101p\u0101rbauda un j\u0101nomaina bl\u012bves p\u0113c nepiecie\u0161am\u012bbas.<\/li>\n<\/ul>\n<h2>Uzst\u0101d\u012b\u0161anas vadl\u012bnijas<\/h2>\n<p>Str\u0113les cilindra uzst\u0101d\u012b\u0161ana prasa r\u016bp\u012bgu uzman\u012bbu deta\u013c\u0101m, lai nodro\u0161in\u0101tu pareizu darb\u012bbu un dro\u0161\u012bbu. \u0160eit ir nor\u0101d\u012btas svar\u012bg\u0101k\u0101s darb\u012bbas pareizai uzst\u0101d\u012b\u0161anai:<\/p>\n<ol>\n<li>S\u0101ciet, p\u0101rliecinoties, ka gan ma\u0161\u012bnas, gan cilindra stiprin\u0101juma virsmas ir t\u012bras un bez gru\u017eiem.<\/li>\n<li>Pareizi nol\u012bdziniet cilindru ar stiprin\u0101juma punktiem. Izl\u012bdzin\u0101\u0161anas \u0161ablonu vai stiprin\u0101jumu izmanto\u0161ana var pal\u012bdz\u0113t saglab\u0101t pareizo poz\u012bciju.<\/li>\n<li>Nostipriniet cilindru, izmantojot ieteicamos mont\u0101\u017eas kron\u0161teinus vai stiprin\u0101jumus, p\u0101rliecinoties, ka tie ir pievilkti atbilsto\u0161i ra\u017eot\u0101ja specifik\u0101cij\u0101m.<\/li>\n<li>Pievienojiet hidraulisk\u0101s l\u012bnijas, p\u0101rliecinoties, ka tiek izmantoti pareizie savienojumi un izvairoties no v\u012bt\u0146u savstarp\u0113jas sav\u0113rp\u0161an\u0101s.<\/li>\n<li>Pirms darb\u012bbas p\u0101rbaudes piepildiet hidraulisko sist\u0113mu ar \u0161\u0137idrumu un atgaisojiet to, lai izvad\u012btu gaisa kabatas.<\/li>\n<\/ol>\n<h2>Bie\u017ei sastopamie apkopes uzdevumi<\/h2>\n<h3>Regul\u0101ras p\u0101rbaudes<\/h3>\n<p>Regul\u0101ras hidraulisk\u0101s sist\u0113mas p\u0101rbaudes ir \u013coti svar\u012bgas, lai laikus atkl\u0101tu jebk\u0101das nodiluma vai boj\u0101jumu paz\u012bmes. Nopl\u016b\u017eu p\u0101rbaude, bl\u012bv\u0113jumu st\u0101vok\u013ca nov\u0113rt\u0113\u0161ana un hidraulisk\u0101 \u0161\u0137idruma l\u012bme\u0146a uzraudz\u012bba var pal\u012bdz\u0113t uztur\u0113t optim\u0101lu veiktsp\u0113ju.<\/p>\n<h3>Pareiza e\u013c\u013co\u0161ana<\/h3>\n<p>E\u013c\u013co\u0161ana ir \u013coti svar\u012bga, lai samazin\u0101tu berzi starp kust\u012bgaj\u0101m da\u013c\u0101m. Pareiza hidraulisk\u0101s e\u013c\u013cas veida izmanto\u0161ana un t\u0101s uzkl\u0101\u0161ana atbilsto\u0161\u0101 daudzum\u0101 uzlabos hidraulisk\u0101s sist\u0113mas efektivit\u0101ti un pagarin\u0101s t\u0101s kalpo\u0161anas laiku.<\/p>\n<h3>Bl\u012bvju nomai\u0146as un kalibr\u0113\u0161anas p\u0101rbaudes<\/h3>\n<p>Regul\u0101ra bl\u012bv\u0113jumu nomai\u0146a un kalibr\u0113\u0161anas p\u0101rbaudes ir b\u016btiskas, lai nodro\u0161in\u0101tu hidraulisk\u0101 cilindra darb\u012bbu paredz\u0113tajos parametros. Detaliz\u0113ta apkopes \u017eurn\u0101la uztur\u0113\u0161ana atvieglos savlaic\u012bgu iejauk\u0161anos, nov\u0113r\u0161ot negaid\u012btus boj\u0101jumus.<\/p>\n<p><img decoding=\"async\" src=\"https:\/\/www.hydraulic-cylinders.net\/wp-content\/uploads\/2025\/04\/songte-chushion-collar.webp\" alt=\"Cilindra amortiz\u0101cijas apkakle\"><\/p>\n<h2>Dro\u0161\u012bbas apsv\u0113rumi un vides faktori<\/h2>\n<p>Dro\u0161\u012bbas nodro\u0161in\u0101\u0161ana, str\u0101d\u0101jot ar hidrauliskajiem cilindriem, ir \u0101rk\u0101rt\u012bgi svar\u012bga. Atbilsto\u0161u dro\u0161\u012bbas pas\u0101kumu ievie\u0161ana, piem\u0113ram, aizsargl\u012bdzek\u013cu lieto\u0161ana un ekspluat\u0101cijas protokolu iev\u0113ro\u0161ana, samazina riskus. Turkl\u0101t, lai uztur\u0113tu dro\u0161u un atbild\u012bgu darba vidi, ir svar\u012bgi \u0146emt v\u0113r\u0101 vides faktorus, piem\u0113ram, \u0161\u0137idruma nopl\u016bdes ierobe\u017eo\u0161anu.<\/p>\n<h2>Probl\u0113mu nov\u0113r\u0161ana un bie\u017ei sastopamas probl\u0113mas<\/h2>\n<ul>\n<li><strong>Nopl\u016bde:<\/strong> Nosakiet nopl\u016bdes avotu, kas bie\u017ei vien ir nolietotu bl\u012bv\u0113jumu vai boj\u0101tu deta\u013cu d\u0113\u013c. Nomainiet bl\u012bves un p\u0101rbaudiet, vai t\u0101s nav boj\u0101tas.<\/li>\n<li><strong>Nekonsekventa kust\u012bba:<\/strong> Tas var b\u016bt saist\u012bts ar gaisu sist\u0113m\u0101 vai nepietiekamu hidraulisk\u0101 \u0161\u0137idruma daudzumu. Atgaisojiet sist\u0113mu un p\u0101rbaudiet \u0161\u0137idruma l\u012bmeni.<\/li>\n<li><strong>P\u0101rkar\u0161ana:<\/strong> P\u0101rkar\u0161anu var izrais\u012bt p\u0101rm\u0113r\u012bga slodze vai nepietiekama \u0161\u0137idruma cirkul\u0101cija. Nov\u0113rt\u0113jiet slodzi un nodro\u0161iniet atbilsto\u0161u \u0161\u0137idruma l\u012bmeni.<\/li>\n<\/ul>\n<h2>Padomi efekt\u012bvai probl\u0113mu nov\u0113r\u0161anai<\/h2>\n<p>Lai efekt\u012bvi diagnostic\u0113tu un nov\u0113rstu probl\u0113mas, iev\u0113rojiet \u0161\u012bs vadl\u012bnijas:<\/p>\n<ul>\n<li>Veiciet regul\u0101ras apkopes p\u0101rbaudes, lai laikus identific\u0113tu nodiluma paz\u012bmes.<\/li>\n<li>Izmantojiet ra\u017eot\u0101ja vadl\u012bnijas konkr\u0113tu probl\u0113mu nov\u0113r\u0161anai, nodro\u0161inot ieteicam\u0101s prakses iev\u0113ro\u0161anu.<\/li>\n<li>Ieguldiet operatoru apm\u0101c\u012bb\u0101, lai vi\u0146i var\u0113tu proakt\u012bvi atpaz\u012bt un risin\u0101t iesp\u0113jam\u0101s probl\u0113mas.<\/li>\n<\/ul>\n<p><img decoding=\"async\" src=\"https:\/\/www.hydraulic-cylinders.net\/wp-content\/uploads\/2025\/04\/songte-bushings-with-all-kinds-of-excavator-models.webp\" alt=\"Ekskavatora bukses\"><\/p>\n<h2>Uz\u0146\u0113muma ievads<\/h2>\n<p>M\u016bsu uz\u0146\u0113mums ir vado\u0161ais rezerves hidraulisko cilindru ra\u017eot\u0101js un vairumtirgot\u0101js, kas ir atz\u012bts gan viet\u0113j\u0101, gan starptautiskaj\u0101 tirg\u016b. M\u0113s iev\u0113rojam augst\u0101kos kvalit\u0101tes standartus, ko atbalsta izsmalcin\u0101ta ra\u017eo\u0161anas strat\u0113\u0123ija, kas ietver progres\u012bvas tehnolo\u0123ijas un kvalific\u0113tu person\u0101lu. M\u016bsu ap\u0146em\u0161an\u0101s sasniegt izcil\u012bbu nodro\u0161ina, ka m\u0113s apmierin\u0101m da\u017e\u0101das klientu vajadz\u012bbas ar augstu efektivit\u0101ti un precizit\u0101ti.<\/p>\n<p>M\u016bsu kompetence aptver da\u017e\u0101dus aspektus:<\/p>\n<ul>\n<li><strong>Profesionalit\u0101te:<\/strong> Ar \u012bpa\u0161u ekspertu komandu m\u0113s priorit\u0101ti pie\u0161\u0137iram produktu kvalit\u0101tei un klientu apmierin\u0101t\u012bbai.<\/li>\n<li><strong>Starptautisk\u0101 sertifik\u0101cija:<\/strong> M\u016bsu produkti atbilst nozares standartiem, nodro\u0161inot uzticam\u012bbu un dro\u0161\u012bbu.<\/li>\n<li><strong>Piel\u0101goti pakalpojumi:<\/strong> M\u0113s pied\u0101v\u0101jam piel\u0101gotus risin\u0101jumus, lai apmierin\u0101tu konkr\u0113tas klientu pras\u012bbas, nodro\u0161inot personaliz\u0113tu pieeju.<\/li>\n<li><strong>Uzlabots ra\u017eo\u0161anas apr\u012bkojums:<\/strong> Izmantojot modern\u0101k\u0101s iek\u0101rtas, m\u0113s papla\u0161in\u0101m savas ra\u017eo\u0161anas iesp\u0113jas un uzlabojam produktu kvalit\u0101ti.<\/li>\n<li><strong>P\u0113cp\u0101rdo\u0161anas atbalsts:<\/strong> M\u016bsu klientu apkalpo\u0161anas komanda vienm\u0113r ir pieejama, lai atbild\u0113tu uz visiem jaut\u0101jumiem vai sa\u0146emtu atbalstu p\u0113c pirkuma veik\u0161anas.<\/li>\n<\/ul>\n<p><img decoding=\"async\" src=\"https:\/\/www.hydraulic-cylinders.net\/wp-content\/uploads\/2025\/04\/songte-company-4.webp\" alt=\"Uz\u0146\u0113muma p\u0101rskats\"><br \/>\n<img decoding=\"async\" src=\"https:\/\/www.hydraulic-cylinders.net\/wp-content\/uploads\/2025\/04\/songte-company-3.webp\" alt=\"Ra\u017eo\u0161anas iek\u0101rta\"><\/p>\n<p>Autors: lil<\/p>","protected":false},"excerpt":{"rendered":"<p>Boom Cylinder For Baoding WY75-7 Product Overview The Boom Cylinder for Baoding WY75-7 is a specialized hydraulic cylinder designed to control the movement of buckets on various heavy machinery such as excavators, backhoes, and front loaders. This hydraulic cylinder facilitates the lifting, lowering, and tilting of the bucket, enabling efficient material handling tasks. Understanding Bucket [&hellip;]<\/p>","protected":false},"featured_media":17870,"comment_status":"open","ping_status":"closed","template":"","meta":{"_et_pb_use_builder":"","_et_pb_old_content":"","_et_gb_content_width":""},"product_brand":[],"product_cat":[1546],"product_tag":[1547,1496],"class_list":{"0":"post-19682","1":"product","2":"type-product","3":"status-publish","4":"has-post-thumbnail","6":"product_cat-boom-cylinders","7":"product_tag-boom-cylinders","8":"product_tag-hydraulic-cylinders","10":"first","11":"instock","12":"shipping-taxable","13":"product-type-simple"},"amp_enabled":true,"_links":{"self":[{"href":"https:\/\/www.hydraulic-cylinders.net\/lv\/wp-json\/wp\/v2\/product\/19682","targetHints":{"allow":["GET"]}}],"collection":[{"href":"https:\/\/www.hydraulic-cylinders.net\/lv\/wp-json\/wp\/v2\/product"}],"about":[{"href":"https:\/\/www.hydraulic-cylinders.net\/lv\/wp-json\/wp\/v2\/types\/product"}],"replies":[{"embeddable":true,"href":"https:\/\/www.hydraulic-cylinders.net\/lv\/wp-json\/wp\/v2\/comments?post=19682"}],"wp:featuredmedia":[{"embeddable":true,"href":"https:\/\/www.hydraulic-cylinders.net\/lv\/wp-json\/wp\/v2\/media\/17870"}],"wp:attachment":[{"href":"https:\/\/www.hydraulic-cylinders.net\/lv\/wp-json\/wp\/v2\/media?parent=19682"}],"wp:term":[{"taxonomy":"product_brand","embeddable":true,"href":"https:\/\/www.hydraulic-cylinders.net\/lv\/wp-json\/wp\/v2\/product_brand?post=19682"},{"taxonomy":"product_cat","embeddable":true,"href":"https:\/\/www.hydraulic-cylinders.net\/lv\/wp-json\/wp\/v2\/product_cat?post=19682"},{"taxonomy":"product_tag","embeddable":true,"href":"https:\/\/www.hydraulic-cylinders.net\/lv\/wp-json\/wp\/v2\/product_tag?post=19682"}],"curies":[{"name":"wp","href":"https:\/\/api.w.org\/{rel}","templated":true}]}}