{"id":19683,"date":"2025-04-07T07:01:32","date_gmt":"2025-04-07T07:01:32","guid":{"rendered":"https:\/\/www.hydraulic-cylinders.net\/product\/boom-cylinder-for-tiangong-zg3210-9\/"},"modified":"2025-04-07T07:01:34","modified_gmt":"2025-04-07T07:01:34","slug":"boom-cylinder-for-tiangong-zg3210-9","status":"publish","type":"product","link":"https:\/\/www.hydraulic-cylinders.net\/lv\/products\/boom-cylinder-for-tiangong-zg3210-9\/","title":{"rendered":"Tiangong ZG3210-9 str\u0113les cilindrs"},"content":{"rendered":"<h1>Tiangong ZG3210-9 str\u0113les cilindrs<\/h1>\n<h2>Str\u0113les cilindru defin\u012bcija un p\u0101rskats<\/h2>\n<p>Str\u0113les cilindrs ir svar\u012bga hidrauliska sast\u0101vda\u013ca, kas \u012bpa\u0161i paredz\u0113ta, lai kontrol\u0113tu kausu kust\u012bbu da\u017e\u0101d\u0101s smagaj\u0101s ma\u0161\u012bn\u0101s, piem\u0113ram, ekskavatoros, iekr\u0101v\u0113ju ekskavatoros un front\u0101lajos iekr\u0101v\u0113jos. \u0160ie hidrauliskie cilindri \u013cauj kausam pacelt, nolaist un noliekt, t\u0101d\u0113j\u0101di atvieglojot efekt\u012bvus materi\u0101lu apstr\u0101des uzdevumus. Str\u0113les cilindra darb\u012bba ir b\u016btiska iek\u0101rtu veiktsp\u0113jai b\u016bvniec\u012bb\u0101, ieguves r\u016bpniec\u012bb\u0101 un lauksaimniec\u012bb\u0101, kur efekt\u012bvai darb\u012bbai ir nepiecie\u0161ama prec\u012bza kausa poz\u012bcijas kontrole.<\/p>\n<p><img decoding=\"async\" src=\"https:\/\/www.hydraulic-cylinders.net\/wp-content\/uploads\/2025\/04\/songte-company-1.webp\" alt=\"Hidrauliskais cilindrs\" \/><\/p>\n<h2>Str\u0113les cilindra \u012bpa\u0161\u012bbas<\/h2>\n<ul>\n<li>\n<h3>Augsta iztur\u012bba un ilgm\u016b\u017e\u012bba<\/h3>\n<p>Parasti no augstas stipr\u012bbas t\u0113rauda vai alum\u012bnija izgatavotie str\u0113les cilindri ir paredz\u0113ti, lai iztur\u0113tu augstu spiedienu un lielas slodzes. Tie ir izgatavoti, lai iztur\u0113tu skarbas darba vides, \u0146emot v\u0113r\u0101 nodilumiztur\u012bbu un aizsardz\u012bbu pret koroziju, kas iev\u0113rojami pagarina to kalpo\u0161anas laiku.<\/p>\n<\/li>\n<li>\n<h3>Efekt\u012bva hidraulisk\u0101 darb\u012bba<\/h3>\n<p>Izmantojot hidraulisk\u0101s e\u013c\u013cas spiedienu vienm\u0113r\u012bgai izvilk\u0161anai un ievilk\u0161anai, \u0161ie cilindri \u0101tri rea\u0123\u0113 uz operatora komand\u0101m, nodro\u0161inot jaud\u012bgu stum\u0161anas un vilk\u0161anas sp\u0113ku, kas ir ide\u0101li piem\u0113rots smagu materi\u0101lu apstr\u0101dei un sare\u017e\u0123\u012btiem uzdevumiem.<\/p>\n<\/li>\n<li>\n<h3>Da\u017e\u0101di veidi<\/h3>\n<p>Str\u0113les cilindri ir pieejami vienvirziena (darbojas vien\u0101 virzien\u0101) vai divk\u0101r\u0161as darb\u012bbas (darbojas abos virzienos) konfigur\u0101cij\u0101s, un tos var piel\u0101got da\u017e\u0101d\u0101m ekspluat\u0101cijas vajadz\u012bb\u0101m. Da\u017eiem mode\u013ciem ir teleskopiska konstrukcija, kas \u013cauj veikt liel\u0101ku pagarin\u0101jumu, nepalielinot \u0101r\u0113jos izm\u0113rus, kas ir piem\u0113rots lietojumiem ar ierobe\u017eotu vietu.<\/p>\n<\/li>\n<li>\n<h3>Piel\u0101gota ra\u017eo\u0161ana<\/h3>\n<p>M\u016bsu uz\u0146\u0113mums specializ\u0113jas str\u0113les cilindru ra\u017eo\u0161an\u0101, nodro\u0161inot perfektu eso\u0161o hidraulisko cilindru aizvieto\u0161anu. M\u0113s nodro\u0161in\u0101m, ka m\u016bsu produkti atbilst augstiem kvalit\u0101tes un veiktsp\u0113jas standartiem.<\/p>\n<\/li>\n<\/ul>\n<p><img decoding=\"async\" src=\"https:\/\/www.hydraulic-cylinders.net\/wp-content\/uploads\/2025\/04\/songte-cylinder-head-with-all-kinds-excavator-models.webp\" alt=\"Ekskavatoru mode\u013ci\" \/><\/p>\n<h2>Str\u0113les cilindra pielietojumi<\/h2>\n<ul>\n<li>\n<h3>Celtniec\u012bbas apr\u012bkojums<\/h3>\n<p>Ekskavatoros str\u0113les cilindri ir svar\u012bgi rak\u0161anai, iekrau\u0161anai un augsnes vai gru\u017eu p\u0101rvieto\u0161anai. Tie nodro\u0161ina nepiecie\u0161amo sp\u0113ku, lai kauss iek\u013c\u016btu da\u017e\u0101dos materi\u0101los, uzlabojot rak\u0161anas darbu efektivit\u0101ti. Ekskavatoros-iekr\u0101v\u0113jos \u0161ie cilindri ne tikai pal\u012bdz rak\u0161an\u0101, bet ar\u012b atvieglo cel\u0161anas darb\u012bbas, padarot tos par daudzpus\u012bgiem instrumentiem b\u016bvniec\u012bb\u0101.<\/p>\n<\/li>\n<li>\n<h3>Lauksaimniec\u012bbas tehnika<\/h3>\n<p>Front\u0101lajos iekr\u0101v\u0113jos str\u0113les cilindriem ir b\u016btiska loma augsnes, siena un citu materi\u0101lu sav\u0101k\u0161an\u0101, cel\u0161an\u0101 un transport\u0113\u0161an\u0101. Tie \u013cauj lauksaimniekiem efekt\u012bvi p\u0101rvald\u012bt savus resursus, padarot t\u0101dus uzdevumus k\u0101 iekrau\u0161ana un izkrau\u0161ana viegl\u0101k p\u0101rvald\u0101mus un maz\u0101k darbietilp\u012bgus.<\/p>\n<\/li>\n<li>\n<h3>Ekskavatori<\/h3>\n<p>Str\u0113les cilindrs nodro\u0161ina ekskavatoru rak\u0161anas darb\u012bbu, \u013caujot kausam efekt\u012bvi iek\u013c\u016bt augsn\u0113. \u0160\u012b funkcija ir \u013coti svar\u012bga, lai sasniegtu dzi\u013cumu un atvieglotu zemes vai citu materi\u0101lu iz\u0146em\u0161anu no b\u016bvlaukumiem.<\/p>\n<\/li>\n<li>\n<h3>Iekr\u0101v\u0113ji<\/h3>\n<p>Front\u0101lajos iekr\u0101v\u0113jos str\u0113les cilindri pal\u012bdz efekt\u012bvi pacelt un izkraut kravas. To loma ir iz\u0161\u0137iro\u0161a, lai nodro\u0161in\u0101tu vienm\u0113r\u012bgu iekrau\u0161anas un izkrau\u0161anas procesu norisi, kas ir b\u016btiski materi\u0101lu apstr\u0101dei da\u017e\u0101d\u0101s nozar\u0113s.<\/p>\n<\/li>\n<\/ul>\n<h2>Dizaina apsv\u0113rumi un atlases krit\u0113riji<\/h2>\n<ul>\n<li>\n<h3>Kravnes\u012bba<\/h3>\n<p>Viens no galvenajiem apsv\u0113rumiem, projekt\u0113jot str\u0113les cilindru, ir t\u0101 kravnes\u012bba. \u0160is faktors nosaka, cik lielu svaru cilindrs var dro\u0161i un efekt\u012bvi iztur\u0113t. Ra\u017eot\u0101jiem ir j\u0101nodro\u0161ina, ka izmantotie materi\u0101li un pati konstrukcija var iztur\u0113t paredzam\u0101s slodzes ekspluat\u0101cijas laik\u0101. \u0160o pras\u012bbu neiev\u0113ro\u0161ana var izrais\u012bt katastrof\u0101las k\u013c\u016bmes, apdraudot dro\u0161\u012bbu un samazinot iek\u0101rtu efektivit\u0101ti.<\/p>\n<\/li>\n<li>\n<h3>Bl\u012bv\u0113jums un uzticam\u012bba<\/h3>\n<p>Efekt\u012bva bl\u012bv\u0113\u0161ana ir \u013coti svar\u012bga, lai nov\u0113rstu hidraulisk\u0101 \u0161\u0137idruma nopl\u016bdes un uztur\u0113tu darb\u012bbai nepiecie\u0161amo spiedienu. Kvalitat\u012bvi bl\u012bv\u0113jumi, piem\u0113ram, virzu\u013ca bl\u012bv\u0113jumi un stie\u0146a bl\u012bv\u0113jumi, kas izgatavoti no iztur\u012bgiem materi\u0101liem, piem\u0113ram, poliuret\u0101na un nitrila gumijas, ir nepiecie\u0161ami, lai nodro\u0161in\u0101tu uzticam\u012bbu un ilgm\u016b\u017e\u012bbu. Labi nosl\u0113gts cilindrs samazina pies\u0101r\u0146ojuma risku un pagarina t\u0101 ekspluat\u0101cijas laiku.<\/p>\n<\/li>\n<li>\n<h3>Iztur\u012bba<\/h3>\n<p>Iztur\u012bba ir \u0101rk\u0101rt\u012bgi svar\u012bga skarbos darba apst\u0101k\u013cos. Str\u0113les cilindriem ir j\u0101b\u016bt iztur\u012bgiem pret nodilumu un koroziju, kas laika gait\u0101 var b\u016btiski ietekm\u0113t to darb\u012bbu. Ra\u017eot\u0101ji bie\u017ei izmanto uzlabotus materi\u0101lus un p\u0101rkl\u0101jumus, lai uzlabotu iztur\u012bbu pret abraz\u012bviem materi\u0101liem un vides faktoriem, nodro\u0161inot cilindra efekt\u012bvu darb\u012bbu ilgsto\u0161i.<\/p>\n<\/li>\n<li>\n<h3>Dro\u0161\u012bbas funkcijas<\/h3>\n<p>Dro\u0161\u012bba ir \u013coti svar\u012bgs konstrukcijas aspekts. Str\u0113les cilindriem j\u0101ietver dro\u0161\u012bbas meh\u0101nismi, kas nov\u0113r\u0161 p\u0101rstiep\u0161anos vai sabruk\u0161anu, kas var izrais\u012bt negad\u012bjumus. T\u0101das funkcijas k\u0101 spiediena samazin\u0101\u0161anas v\u0101rsti un dro\u0161\u012bbas sl\u0113dzenes var uzlabot ekspluat\u0101cijas dro\u0161\u012bbu, aizsarg\u0101jot gan apr\u012bkojumu, gan operatoru.<\/p>\n<\/li>\n<li>\n<h3>Apkope un remont\u0113jam\u012bba<\/h3>\n<p>Projekt\u0113jot t\u0101, lai nodro\u0161in\u0101tu ilgm\u016b\u017e\u012bbu un samazin\u0101tu d\u012bkst\u0101ves laiku, ir svar\u012bgi nodro\u0161in\u0101t \u0113rtu apkopi. Str\u0113les cilindriem j\u0101b\u016bt viegli pieejamiem p\u0101rbaud\u0113m un remontam. T\u0101d\u0101m sast\u0101vda\u013c\u0101m k\u0101 bl\u012bv\u0113m un gult\u0146iem j\u0101b\u016bt nomain\u0101miem bez pla\u0161as demont\u0101\u017eas, kas nodro\u0161ina \u0101tru apkopi un samazina darb\u012bbas trauc\u0113jumus.<\/p>\n<\/li>\n<\/ul>\n<p><img decoding=\"async\" src=\"https:\/\/www.hydraulic-cylinders.net\/wp-content\/uploads\/2025\/04\/songte-oil-pipes-and-spare-parts.webp\" alt=\"E\u013c\u013cas caurules un rezerves da\u013cas\" \/><\/p>\n<h2>Str\u0113les cilindru bl\u012bv\u0113\u0161ana un e\u013c\u013co\u0161ana<\/h2>\n<p>Str\u0113les cilindru ilgm\u016b\u017e\u012bba un veiktsp\u0113ja ir iev\u0113rojami atkar\u012bga no pareiza bl\u012bv\u0113juma un e\u013c\u013co\u0161anas. Da\u017e\u0101di bl\u012bv\u0113juma komponenti, piem\u0113ram, virzu\u013ca bl\u012bv\u0113jumi un stie\u0146a bl\u012bv\u0113jumi, ir neat\u0146emama efekt\u012bvas darb\u012bbas sast\u0101vda\u013ca. Bl\u012bv\u0113jumi, kas izgatavoti no nodilumiztur\u012bgiem materi\u0101liem, piem\u0113ram, poliuret\u0101na un nitrila gumijas, nodro\u0161ina iztur\u012bbu un efekt\u012bvi iztur hidraulisko spiedienu.<\/p>\n<p>Turkl\u0101t cilindra korpuss un v\u012bt\u0146ot\u0101s gala virsmas tiek prec\u012bzi apstr\u0101d\u0101tas, lai uzlabotu nodilumiztur\u012bbu un nodro\u0161in\u0101tu herm\u0113tisku bl\u012bv\u0113jumu. Regul\u0101ra e\u013c\u013co\u0161ana ar hidraulisko e\u013c\u013cu ir nepiecie\u0161ama, lai samazin\u0101tu berzi un nodilumu, nodro\u0161inot vienm\u0113r\u012bgu darb\u012bbu. Pl\u0101notas e\u013c\u013cas p\u0101rbaudes un apkope palielina hidraulisko sist\u0113mu uzticam\u012bbu un veiktsp\u0113ju, nov\u0113r\u0161ot d\u0101rgus boj\u0101jumus un remontus.<\/p>\n<h2>Apkopes proced\u016bras<\/h2>\n<ul>\n<li>\n<h3>Regul\u0101ras p\u0101rbaudes<\/h3>\n<p>Regul\u0101ru p\u0101rbau\u017eu veik\u0161ana ir \u013coti svar\u012bga, lai identific\u0113tu un nov\u0113rstu iesp\u0113jam\u0101s probl\u0113mas, pirms t\u0101s saasin\u0101s. P\u0101rbaudiet, vai nav nodiluma paz\u012bmju, nopl\u016b\u017eu vai boj\u0101jumu, un p\u0101rliecinieties, ka visas sast\u0101vda\u013cas darbojas pareizi. Regul\u0101ras p\u0101rbaudes var pal\u012bdz\u0113t uztur\u0113t optim\u0101lu veiktsp\u0113ju un pagarin\u0101t str\u0113les cilindra kalpo\u0161anas laiku.<\/p>\n<\/li>\n<li>\n<h3>Pareiza e\u013c\u013co\u0161ana<\/h3>\n<p>Str\u0113les cilindra e\u013c\u013co\u0161ana ir b\u016btiska, lai samazin\u0101tu berzi un nodilumu. Izmantojiet atbilsto\u0161u hidraulisko e\u013c\u013cu un iev\u0113rojiet ra\u017eot\u0101ja ieteikumus par e\u013c\u013co\u0161anas interv\u0101liem. Pareiza e\u013c\u013co\u0161ana nodro\u0161ina cilindra vienm\u0113r\u012bgu darb\u012bbu un pal\u012bdz nov\u0113rst p\u0101rkar\u0161anu un priek\u0161laic\u012bgu boj\u0101jumu.<\/p>\n<\/li>\n<li>\n<h3>Bl\u012bv\u0113juma nomai\u0146a<\/h3>\n<p>Laika gait\u0101 bl\u012bves var nolietoties un k\u013c\u016bt maz\u0101k efekt\u012bvas. Regul\u0101ri p\u0101rbaudiet bl\u012bves, vai nav boj\u0101jumu vai nodiluma paz\u012bmju, un nomainiet t\u0101s p\u0113c nepiecie\u0161am\u012bbas. Nodro\u0161inot, ka bl\u012bves ir lab\u0101 st\u0101vokl\u012b, tiek uztur\u0113ts hidrauliskais spiediens un nov\u0113rstas \u0161\u0137idruma nopl\u016bdes, kas var\u0113tu pasliktin\u0101t veiktsp\u0113ju.<\/p>\n<\/li>\n<\/ul>\n<p><img decoding=\"async\" src=\"https:\/\/www.hydraulic-cylinders.net\/wp-content\/uploads\/2025\/04\/songte-chushion-collar.webp\" alt=\"Spilvenu apkakle\" \/><\/p>\n<h2>Dro\u0161\u012bbas apsv\u0113rumi un vides faktori<\/h2>\n<p>Izmantojot str\u0113les cilindrus, dro\u0161\u012bbas pas\u0101kumi ir \u0101rk\u0101rt\u012bgi svar\u012bgi. Operatoriem j\u0101b\u016bt apm\u0101c\u012btiem izprast ar hidrauliskaj\u0101m sist\u0113m\u0101m saist\u012btos riskus, tostarp ar spiedienu saist\u012btus negad\u012bjumus vai iek\u0101rtu boj\u0101jumus. Vienm\u0113r j\u0101valk\u0101 atbilsto\u0161s dro\u0161\u012bbas ap\u0123\u0113rbs un j\u0101iev\u0113ro dro\u0161\u012bbas protokoli, lai nov\u0113rstu negad\u012bjumus. Turkl\u0101t t\u0101di vides faktori k\u0101 temperat\u016bras sv\u0101rst\u012bbas un saskare ar kod\u012bg\u0101m viel\u0101m var ietekm\u0113t hidraulisko cilindru darb\u012bbu un ilgm\u016b\u017e\u012bbu. Regul\u0101ra apkope un p\u0101rbaudes var mazin\u0101t \u0161os riskus un nodro\u0161in\u0101t dro\u0161u ekspluat\u0101ciju.<\/p>\n<h2>Probl\u0113mu nov\u0113r\u0161ana un bie\u017ei sastopamas probl\u0113mas<\/h2>\n<ul>\n<li>\n<h3>\u0160\u0137idruma nopl\u016bdes<\/h3>\n<p>\u0160\u0137idruma nopl\u016bdes ir bie\u017ei sastopama probl\u0113ma, kas var liecin\u0101t par bl\u012bv\u0113jumu atteici vai boj\u0101tiem komponentiem. P\u0101rbaudiet cilindru, vai nav redzamu nopl\u016b\u017eu, un nov\u0113rt\u0113jiet bl\u012bv\u0113jumu st\u0101vokli, lai noteiktu, vai tie ir j\u0101nomaina. Savlaic\u012bga uzman\u012bbas piev\u0113r\u0161ana nopl\u016bd\u0113m ir \u013coti svar\u012bga, lai uztur\u0113tu hidraulisko spiedienu un nov\u0113rstu turpm\u0101kus boj\u0101jumus.<\/p>\n<\/li>\n<li>\n<h3>Nekonsekventa kust\u012bba<\/h3>\n<p>Ja str\u0113les cilindrs kustas nevienm\u0113r\u012bgi vai darbojas l\u0113ni, tas var liecin\u0101t par zemu hidraulisk\u0101 \u0161\u0137idruma l\u012bmeni vai sist\u0113m\u0101 iesprostotu gaisu. P\u0101rbaudiet \u0161\u0137idruma l\u012bmeni un, ja nepiecie\u0161ams, atgaisojiet sist\u0113mu. Pareiza hidraulisk\u0101 \u0161\u0137idruma l\u012bme\u0146a nodro\u0161in\u0101\u0161ana var atjaunot funkcionalit\u0101ti un veiktsp\u0113ju.<\/p>\n<\/li>\n<li>\n<h3>P\u0101rkar\u0161ana<\/h3>\n<p>P\u0101rkar\u0161ana var rasties nepietiekamas e\u013c\u013co\u0161anas vai p\u0101rm\u0113r\u012bgas slodzes d\u0113\u013c. P\u0101rliecinieties, vai cilindrs ir pareizi iee\u013c\u013cots, un nov\u0113rt\u0113jiet darba slodzes, lai nov\u0113rstu p\u0101rkar\u0161anu. Lai izvair\u012btos no boj\u0101jumiem, var b\u016bt nepiecie\u0161ams piel\u0101got darba apst\u0101k\u013cus vai ieviest dzes\u0113\u0161anas pas\u0101kumus.<\/p>\n<\/li>\n<\/ul>\n<p><img decoding=\"async\" src=\"https:\/\/www.hydraulic-cylinders.net\/wp-content\/uploads\/2025\/04\/songte-bushings-with-all-kinds-of-excavator-models.webp\" alt=\"Bukses\" \/><\/p>\n<h2>Secin\u0101jums<\/h2>\n<p>Nosl\u0113gum\u0101 j\u0101saka, ka str\u0113les cilindru sare\u017e\u0123\u012bt\u012bbas izpratne ir b\u016btiska, lai optimiz\u0113tu to veiktsp\u0113ju un ilgm\u016b\u017e\u012bbu. Regul\u0101ra apkope, pareiza uzst\u0101d\u012b\u0161ana un dro\u0161\u012bbas protokolu iev\u0113ro\u0161ana ir b\u016btiski komponenti \u0161o hidraulisko sist\u0113mu efekt\u012bv\u0101 lieto\u0161an\u0101.<\/p>\n<h2>Par m\u016bsu uz\u0146\u0113mumu<\/h2>\n<p>M\u0113s esam vado\u0161ais rezerves hidraulisko cilindru ra\u017eot\u0101js, kas pied\u0101v\u0101 pla\u0161u produktu kl\u0101stu, lai apmierin\u0101tu viet\u0113j\u0101 un starptautisk\u0101 tirgus piepras\u012bjumu. M\u016bsu ap\u0146em\u0161an\u0101s sasniegt izcil\u012bbu mudina m\u016bs iev\u0113rot izsmalcin\u0101tu ra\u017eo\u0161anas praksi, izmantojot progres\u012bvas tehnolo\u0123ijas un apr\u012bkojumu. Koncentr\u0113joties uz kvalit\u0101ti, m\u0113s nep\u0101rtraukti uzlabojam savus ra\u017eo\u0161anas procesus, lai apmierin\u0101tu da\u017e\u0101d\u0101s klientu vajadz\u012bbas.<\/p>\n<p>M\u016bsu stipr\u0101s puses ir specializ\u0101cija, starptautiska sertifik\u0101cija, piel\u0101gojami pakalpojumi, modern\u0101k\u0101s ra\u017eo\u0161anas iek\u0101rtas un izcils p\u0113cp\u0101rdo\u0161anas atbalsts. M\u0113s cen\u0161amies nodro\u0161in\u0101t augstas efektivit\u0101tes, augstas precizit\u0101tes un augstas kvalit\u0101tes risin\u0101jumus, kas piel\u0101goti m\u016bsu klientu unik\u0101laj\u0101m pras\u012bb\u0101m.<\/p>\n<p><img decoding=\"async\" src=\"https:\/\/www.hydraulic-cylinders.net\/wp-content\/uploads\/2025\/04\/songte-company-4.webp\" alt=\"Uz\u0146\u0113muma p\u0101rskats\" \/><br \/>\n<img decoding=\"async\" src=\"https:\/\/www.hydraulic-cylinders.net\/wp-content\/uploads\/2025\/04\/songte-company-3.webp\" alt=\"Uz\u0146\u0113muma ra\u017eo\u0161ana\" \/><\/p>\n<p>Autors: lil<\/p>","protected":false},"excerpt":{"rendered":"<p>Boom Cylinder For Tiangong ZG3210-9 Definition and Overview of Boom Cylinders The boom cylinder is a crucial hydraulic component specifically designed to control the movement of buckets in various heavy machinery, such as excavators, backhoe loaders, and front loaders. These hydraulic cylinders enable the bucket to lift, lower, and tilt, facilitating efficient material handling tasks. [&hellip;]<\/p>","protected":false},"featured_media":17871,"comment_status":"open","ping_status":"closed","template":"","meta":{"_et_pb_use_builder":"","_et_pb_old_content":"","_et_gb_content_width":""},"product_brand":[],"product_cat":[1546],"product_tag":[1547,1496],"class_list":{"0":"post-19683","1":"product","2":"type-product","3":"status-publish","4":"has-post-thumbnail","6":"product_cat-boom-cylinders","7":"product_tag-boom-cylinders","8":"product_tag-hydraulic-cylinders","10":"first","11":"instock","12":"shipping-taxable","13":"product-type-simple"},"amp_enabled":true,"_links":{"self":[{"href":"https:\/\/www.hydraulic-cylinders.net\/lv\/wp-json\/wp\/v2\/product\/19683","targetHints":{"allow":["GET"]}}],"collection":[{"href":"https:\/\/www.hydraulic-cylinders.net\/lv\/wp-json\/wp\/v2\/product"}],"about":[{"href":"https:\/\/www.hydraulic-cylinders.net\/lv\/wp-json\/wp\/v2\/types\/product"}],"replies":[{"embeddable":true,"href":"https:\/\/www.hydraulic-cylinders.net\/lv\/wp-json\/wp\/v2\/comments?post=19683"}],"wp:featuredmedia":[{"embeddable":true,"href":"https:\/\/www.hydraulic-cylinders.net\/lv\/wp-json\/wp\/v2\/media\/17871"}],"wp:attachment":[{"href":"https:\/\/www.hydraulic-cylinders.net\/lv\/wp-json\/wp\/v2\/media?parent=19683"}],"wp:term":[{"taxonomy":"product_brand","embeddable":true,"href":"https:\/\/www.hydraulic-cylinders.net\/lv\/wp-json\/wp\/v2\/product_brand?post=19683"},{"taxonomy":"product_cat","embeddable":true,"href":"https:\/\/www.hydraulic-cylinders.net\/lv\/wp-json\/wp\/v2\/product_cat?post=19683"},{"taxonomy":"product_tag","embeddable":true,"href":"https:\/\/www.hydraulic-cylinders.net\/lv\/wp-json\/wp\/v2\/product_tag?post=19683"}],"curies":[{"name":"wp","href":"https:\/\/api.w.org\/{rel}","templated":true}]}}