{"id":19684,"date":"2025-04-07T07:01:35","date_gmt":"2025-04-07T07:01:35","guid":{"rendered":"https:\/\/www.hydraulic-cylinders.net\/product\/boom-cylinder-for-tiangong-zg3210-9c\/"},"modified":"2025-04-07T07:01:37","modified_gmt":"2025-04-07T07:01:37","slug":"boom-cylinder-for-tiangong-zg3210-9c","status":"publish","type":"product","link":"https:\/\/www.hydraulic-cylinders.net\/lv\/products\/boom-cylinder-for-tiangong-zg3210-9c\/","title":{"rendered":"Tiangong ZG3210-9C str\u0113les cilindrs"},"content":{"rendered":"<h1>Tiangong ZG3210-9C str\u0113les cilindrs<\/h1>\n<h2>Produkta p\u0101rskats<\/h2>\n<p>Tiangong ZG3210-9C str\u0113les cilindrs ir b\u016btiska hidrauliska sast\u0101vda\u013ca, kas paredz\u0113ta smagaj\u0101m ma\u0161\u012bn\u0101m. \u0160is hidrauliskais cilindrs ir \u012bpa\u0161i izstr\u0101d\u0101ts, lai kontrol\u0113tu kausu kust\u012bbu da\u017e\u0101d\u0101s smagaj\u0101s iek\u0101rt\u0101s, piem\u0113ram, ekskavatoros, ekskavatoros-iekr\u0101v\u0113jos un front\u0101lajos iekr\u0101v\u0113jos. Str\u0113les cilindra galven\u0101 funkcija ir atvieglot kausa pacel\u0161anu, nolai\u0161anu un noliek\u0161anu, uzlabojot materi\u0101lu apstr\u0101des uzdevumu efektivit\u0101ti.<\/p>\n<p>K\u0101 hidraulisk\u0101 cilindra veids, str\u0113les cilindrs darbojas, izmantojot spiediena hidraulisko \u0161\u0137idrumu, lai rad\u012btu meh\u0101nisku sp\u0113ku. \u0160is meh\u0101nisms \u013cauj tam rad\u012bt iev\u0113rojamu jaudu, padarot to par iz\u0161\u0137iro\u0161u b\u016bvniec\u012bb\u0101, nojauk\u0161an\u0101 un da\u017e\u0101d\u0101s cit\u0101s nozar\u0113s, kur\u0101s nepiecie\u0161ama smagu kravu cel\u0161ana un prec\u012bza vad\u012bba.<\/p>\n<p><img decoding=\"async\" src=\"https:\/\/www.hydraulic-cylinders.net\/wp-content\/uploads\/2025\/04\/songte-company-1.webp\" alt=\"Str\u0113les cilindrs\"><\/p>\n<h2>Str\u0113les cilindra \u012bpa\u0161\u012bbas<\/h2>\n<ul>\n<li>\n<h3>Augsta iztur\u012bba un ilgm\u016b\u017e\u012bba<\/h3>\n<p>Izgatavots no augstas stipr\u012bbas t\u0113rauda vai alum\u012bnija, str\u0113les cilindrs ir konstru\u0113ts t\u0101, lai iztur\u0113tu augstu spiedienu un lielas slodzes. T\u0101 konstrukcija ir v\u0113rsta uz nodilumiztur\u012bbu un aizsardz\u012bbu pret koroziju, nodro\u0161inot ilgu kalpo\u0161anas laiku pat skarbos darba apst\u0101k\u013cos.<\/p>\n<\/li>\n<li>\n<h3>Efekt\u012bva hidraulisk\u0101 darb\u012bba<\/h3>\n<p>Cilindrs izmanto hidraulisk\u0101s e\u013c\u013cas spiedienu, lai nodro\u0161in\u0101tu vienm\u0113r\u012bgu un \u0101tru izstiep\u0161anu un ievilk\u0161anu, \u0101tri rea\u0123\u0113jot uz darb\u012bbas komand\u0101m. \u0160\u012b funkcija \u013cauj tam nodro\u0161in\u0101t iev\u0113rojamu stum\u0161anas un vilk\u0161anas sp\u0113ku, kas ir ide\u0101li piem\u0113rots smagu materi\u0101lu apstr\u0101dei un sare\u017e\u0123\u012btu uzdevumu veik\u0161anai.<\/p>\n<\/li>\n<li>\n<h3>Da\u017e\u0101di veidi<\/h3>\n<p>Atkar\u012bb\u0101 no pielietojuma str\u0113les cilindrs ir pieejams vienk\u0101r\u0161\u0101s darb\u012bbas (izmantojot hidraulisko spiedienu vien\u0101 virzien\u0101) un divk\u0101r\u0161\u0101s darb\u012bbas (izmantojot hidraulisko spiedienu abos virzienos) tipos. Da\u017ei mode\u013ci ir teleskopiski, kas \u013cauj veikt liel\u0101ku pagarin\u0101jumu, nepalielinot \u0101r\u0113jos izm\u0113rus, padarot tos piem\u0113rotus darbam sl\u0113gt\u0101s telp\u0101s.<\/p>\n<\/li>\n<\/ul>\n<p>M\u0113s varam ra\u017eot \u0161o produktu, pied\u0101v\u0101jot ide\u0101lus aizvietot\u0101jus \u0161iem hidrauliskajiem cilindriem.<\/p>\n<p><img decoding=\"async\" src=\"https:\/\/www.hydraulic-cylinders.net\/wp-content\/uploads\/2025\/04\/songte-cylinder-head-with-all-kinds-excavator-models.webp\" alt=\"Ekskavatoru mode\u013ci\"><\/p>\n<h2>Str\u0113les cilindra pielietojumi<\/h2>\n<h3>Celtniec\u012bbas apr\u012bkojums<\/h3>\n<p>Ekskavatoros str\u0113les cilindriem ir b\u016btiska loma augsnes vai gru\u017eu rak\u0161an\u0101, iekrau\u0161an\u0101 un p\u0101rvieto\u0161an\u0101. Tie ir atbild\u012bgi par kausa kust\u012bbu uz aug\u0161u un uz leju, nodro\u0161inot efekt\u012bvus rak\u0161anas darbus.<\/p>\n<h3>Ekskavatori-iekr\u0101v\u0113ji<\/h3>\n<p>Ekskavatoros-iekr\u0101v\u0113jos str\u0113les cilindrs ne tikai pal\u012bdz rak\u0161anas, bet ar\u012b cel\u0161anas oper\u0101cij\u0101s. \u0160\u012b div\u0113j\u0101da funkcionalit\u0101te ir b\u016btiska efekt\u012bvai materi\u0101lu apstr\u0101dei b\u016bvlaukumos.<\/p>\n<h3>Lauksaimniec\u012bbas tehnika<\/h3>\n<p>Front\u0101lajos iekr\u0101v\u0113jos str\u0113les cilindri tiek izmantoti augsnes, siena un citu materi\u0101lu sav\u0101k\u0161anai, cel\u0161anai un transport\u0113\u0161anai. To efektivit\u0101te da\u017e\u0101du kravu apstr\u0101d\u0113 padara tos neaizst\u0101jamus lauksaimniec\u012bbas darbos.<\/p>\n<h3>Rak\u0161anas procesi<\/h3>\n<p>Ekskavatoros str\u0113les cilindrs \u013cauj kausam efekt\u012bvi iek\u013c\u016bt zem\u0113, uzlabojot rak\u0161anas sp\u0113jas. \u0160\u012b funkcionalit\u0101te ir \u013coti svar\u012bga veiksm\u012bgai rak\u0161anai da\u017e\u0101dos reljefos.<\/p>\n<h3>Iekr\u0101v\u0113ja darb\u012bbas<\/h3>\n<p>Front\u0101lajos iekr\u0101v\u0113jos str\u0113les cilindri pal\u012bdz materi\u0101lu cel\u0161an\u0101 un izg\u0101\u0161an\u0101, nodro\u0161inot efekt\u012bvus iekrau\u0161anas un izkrau\u0161anas procesus. To iztur\u012bg\u0101 konstrukcija veicina iekrau\u0161anas oper\u0101ciju kop\u0113jo produktivit\u0101ti.<\/p>\n<h2>Dizaina apsv\u0113rumi un atlases krit\u0113riji<\/h2>\n<h3>Kravnes\u012bba<\/h3>\n<p>Izv\u0113loties str\u0113les cilindru, ir \u013coti svar\u012bgi noteikt kravnes\u012bbu. Ir svar\u012bgi izv\u0113l\u0113ties cilindru, kas sp\u0113j iztur\u0113t maksim\u0101lo slodzi, kas paredzama darb\u012bbas laik\u0101. Kravnes\u012bbas p\u0101rsnieg\u0161ana var izrais\u012bt priek\u0161laic\u012bgu boj\u0101jumu, potenci\u0101li apdraudot dro\u0161\u012bbu un palielinot apkopes izmaksas.<\/p>\n<h3>Bl\u012bv\u0113juma veiktsp\u0113ja<\/h3>\n<p>Hidraulisk\u0101 cilindra bl\u012bv\u0113\u0161anas sist\u0113ma ir \u013coti svar\u012bga, lai nov\u0113rstu \u0161\u0137idruma nopl\u016bdi. Lai nodro\u0161in\u0101tu optim\u0101lu veiktsp\u0113ju, atkar\u012bb\u0101 no pielietojuma j\u0101izv\u0113las atbilsto\u0161i bl\u012bv\u0113jumi. Kvalitat\u012bvi bl\u012bv\u0113jumi veicina cilindra ilgm\u016b\u017e\u012bbu un samazina hidraulisk\u0101 \u0161\u0137idruma pies\u0101r\u0146ojuma risku.<\/p>\n<h3>Iztur\u012bba<\/h3>\n<p>Iztur\u012bba ir kritisks faktors, \u012bpa\u0161i vid\u0113, kur hidrauliskie cilindri tiek pak\u013cauti ekstrem\u0101liem apst\u0101k\u013ciem. Izmantotajiem materi\u0101liem un ra\u017eo\u0161anas metod\u0113m ir b\u016btiska loma cilindra sp\u0113j\u0101 pretoties nodilumam, pl\u012bsumiem un korozijai.<\/p>\n<h3>Dro\u0161\u012bbas funkcijas<\/h3>\n<p>Dro\u0161\u012bba ir \u0101rk\u0101rt\u012bgi svar\u012bga, str\u0101d\u0101jot ar hidraulisko apr\u012bkojumu. T\u0101das funkcijas k\u0101 spiediena samazin\u0101\u0161anas v\u0101rsti un p\u0101rslodzes aizsardz\u012bbas meh\u0101nismi nodro\u0161ina str\u0113les cilindra dro\u0161u darb\u012bbu, nov\u0113r\u0161ot negad\u012bjumus ekspluat\u0101cijas laik\u0101.<\/p>\n<h3>Uzturam\u012bba<\/h3>\n<p>Konstrukcijai j\u0101b\u016bt ar\u012b \u0113rtai apkopei. Piek\u013cuves punktiem e\u013c\u013co\u0161anai un p\u0101rbaudei j\u0101b\u016bt viegli sasniedzamiem, lai nodro\u0161in\u0101tu savlaic\u012bgu apkopi un samazin\u0101tu d\u012bkst\u0101ves laiku.<\/p>\n<p><img decoding=\"async\" src=\"https:\/\/www.hydraulic-cylinders.net\/wp-content\/uploads\/2025\/04\/songte-oil-pipes-and-spare-parts.webp\" alt=\"E\u013c\u013cas caurules un rezerves da\u013cas\"><\/p>\n<h2>Cilindra bl\u012bv\u0113\u0161ana un e\u013c\u013co\u0161ana<\/h2>\n<p>Pareiza bl\u012bv\u0113\u0161ana un e\u013c\u013co\u0161ana ir \u013coti svar\u012bga str\u0113les cilindra ilgm\u016b\u017e\u012bbai un efekt\u012bvai darb\u012bbai. Lai nov\u0113rstu hidraulisk\u0101 \u0161\u0137idruma nopl\u016bdi un uztur\u0113tu spiedienu sist\u0113m\u0101, tiek izmantoti da\u017e\u0101di bl\u012bv\u0113\u0161anas komponenti, piem\u0113ram, virzu\u013ca bl\u012bv\u0113jumi un stie\u0146a bl\u012bv\u0113jumi. Bl\u012bv\u0113jumi bie\u017ei tiek izgatavoti no nodilumiztur\u012bgiem materi\u0101liem, piem\u0113ram, poliuret\u0101na un nitrila gumijas, kas uzlabo iztur\u012bbu un efektivit\u0101ti.<\/p>\n<p>Cilindra korpusa virsma un v\u012bt\u0146otie gali tiek r\u016bp\u012bgi apstr\u0101d\u0101ti, lai uzlabotu nodilumiztur\u012bbu un nodro\u0161in\u0101tu herm\u0113tisku bl\u012bv\u0113jumu. Regul\u0101ra e\u013c\u013co\u0161ana ar atbilsto\u0161u hidraulisko e\u013c\u013cu ir b\u016btiska, lai samazin\u0101tu berzi un nodilumu cilindr\u0101, nodro\u0161inot vienm\u0113r\u012bgu darb\u012bbu un pagarinot kalpo\u0161anas laiku.<\/p>\n<h2>Regul\u0101ra apkope un prevent\u012bvie pas\u0101kumi<\/h2>\n<ul>\n<li>\n<h3>Regul\u0101ras p\u0101rbaudes<\/h3>\n<p>Ir \u013coti svar\u012bgi veikt regul\u0101ras p\u0101rbaudes, lai identific\u0113tu nodiluma paz\u012bmes, nopl\u016bdes vai jebk\u0101dus neparastus trok\u0161\u0146us. \u0160\u012b prakse pal\u012bdz atkl\u0101t potenci\u0101l\u0101s probl\u0113mas, pirms t\u0101s p\u0101raug nopietn\u0101s probl\u0113m\u0101s.<\/p>\n<\/li>\n<li>\n<h3>Pareiza e\u013c\u013co\u0161ana<\/h3>\n<p>Lai cilindrs darbotos nevainojami, ir svar\u012bgi nodro\u0161in\u0101t, lai tas b\u016btu pien\u0101c\u012bgi iee\u013c\u013cots ar pareizo hidraulisko e\u013c\u013cu. Pareiza e\u013c\u013co\u0161ana samazina berzi un nov\u0113r\u0161 priek\u0161laic\u012bgu nodilumu, pagarinot cilindra kalpo\u0161anas laiku.<\/p>\n<\/li>\n<li>\n<h3>Bl\u012bv\u0113juma nomai\u0146a<\/h3>\n<p>Bl\u012bves regul\u0101ri j\u0101p\u0101rbauda un j\u0101nomaina p\u0113c nepiecie\u0161am\u012bbas. Nolietotas bl\u012bves var izrais\u012bt nopl\u016bdes, kas var apdraud\u0113t visas hidraulisk\u0101s sist\u0113mas efektivit\u0101ti un dro\u0161\u012bbu.<\/p>\n<\/li>\n<\/ul>\n<h2>Uzst\u0101d\u012b\u0161anas vadl\u012bnijas<\/h2>\n<p>Pareiza str\u0113les cilindra uzst\u0101d\u012b\u0161ana ir \u013coti svar\u012bga t\u0101 veiktsp\u0113jai un iztur\u012bbai. Vispirms p\u0101rliecinieties, vai visas mont\u0101\u017eas virsmas ir t\u012bras un bez gru\u017eiem. Novietojiet cilindru vien\u0101 l\u012bmen\u012b ar mont\u0101\u017eas kron\u0161teiniem, nodro\u0161inot, ka tas ir perpendikul\u0101rs darba virsmai. Izmantojiet atbilsto\u0161us mont\u0101\u017eas kron\u0161teinus, lai nostiprin\u0101tu cilindru viet\u0101, nov\u0113r\u0161ot nevajadz\u012bgu slodzi darb\u012bbas laik\u0101.<\/p>\n<p>Kad t\u0101s ir izl\u012bdzin\u0101tas, pievienojiet hidraulisk\u0101s \u0161\u013c\u016btenes, p\u0101rliecinoties, ka nav loc\u012bjumu vai asu l\u012bkumu, kas var\u0113tu trauc\u0113t \u0161\u0137idruma pl\u016bsmu. Pirms iek\u0101rtas lieto\u0161anas piepildiet hidraulisko sist\u0113mu ar ieteicamo \u0161\u0137idrumu un p\u0101rbaudiet, vai nav nopl\u016b\u017eu. Visbeidzot, veiciet testa braucienu, lai p\u0101rliecin\u0101tos, ka cilindrs darbojas vienm\u0113r\u012bgi un efekt\u012bvi.<\/p>\n<h2>Bie\u017ei sastopamie apkopes uzdevumi<\/h2>\n<ul>\n<li>\n<h3>Regul\u0101ras p\u0101rbaudes<\/h3>\n<p>Regul\u0101ras p\u0101rbaudes var pal\u012bdz\u0113t laikus identific\u0113t iesp\u0113jam\u0101s probl\u0113mas. Mekl\u0113jiet nodiluma paz\u012bmes, nopl\u016bdes vai neparastas ska\u0146as, kas var liecin\u0101t par probl\u0113m\u0101m ar cilindru.<\/p>\n<\/li>\n<li>\n<h3>Piem\u0113rota e\u013c\u013co\u0161ana<\/h3>\n<p>Pareiza sm\u0113rvielas l\u012bme\u0146a uztur\u0113\u0161ana ir \u013coti svar\u012bga darb\u012bbas efektivit\u0101tei. Regul\u0101ri p\u0101rbaudiet e\u013c\u013cas l\u012bmeni un uzpildiet to p\u0113c nepiecie\u0161am\u012bbas, lai nodro\u0161in\u0101tu optim\u0101lu veiktsp\u0113ju.<\/p>\n<\/li>\n<li>\n<h3>Bl\u012bvju nomai\u0146as un kalibr\u0113\u0161anas p\u0101rbaudes<\/h3>\n<p>Regul\u0101ri p\u0101rbaudiet bl\u012bv\u0113jumu nodilumu un nomainiet tos, kad nepiecie\u0161ams. Kalibr\u0113\u0161anas p\u0101rbaudes nodro\u0161ina, ka cilindrs darbojas noteikto parametru robe\u017e\u0101s, saglab\u0101jot efektivit\u0101ti un dro\u0161\u012bbu.<\/p>\n<\/li>\n<\/ul>\n<h2>Dro\u0161\u012bbas apsv\u0113rumi un vides faktori<\/h2>\n<p>Dro\u0161\u012bbas pas\u0101kumi ir kritiski svar\u012bgi, darbinot hidraulisk\u0101s sist\u0113mas. Hidraulisk\u0101s sist\u0113mas sast\u0101vda\u013cu un to funkciju izpratne pal\u012bdz mazin\u0101t riskus. Lai nov\u0113rstu negad\u012bjumus, ir svar\u012bgi regul\u0101ri apm\u0101c\u012bt operatorus par hidraulisko iek\u0101rtu dro\u0161u lieto\u0161anu un ekspluat\u0101ciju. Turkl\u0101t \u0146emiet v\u0113r\u0101 hidraulisko \u0161\u0137idrumu ietekmi uz vidi, nodro\u0161inot atbilsto\u0161as \u200b\u200butiliz\u0101cijas metodes, lai aizsarg\u0101tu ekosist\u0113mu.<\/p>\n<h2>K\u013c\u016bmju diagnostika un bie\u017e\u0101k sastopam\u0101s probl\u0113mas<\/h2>\n<ul>\n<li>\n<h3>Hidraulisk\u0101 \u0161\u0137idruma nopl\u016bde<\/h3>\n<p>Nopl\u016bde bie\u017ei nor\u0101da uz nolietotiem bl\u012bv\u0113jumiem vai boj\u0101tiem komponentiem. Regul\u0101ri p\u0101rbaudiet bl\u012bves un nomainiet t\u0101s, ja ir redzamas nodiluma paz\u012bmes.<\/p>\n<\/li>\n<li>\n<h3>Samazin\u0101ts sp\u0113ks vai \u0101trums<\/h3>\n<p>Samazin\u0101ta veiktsp\u0113ja var b\u016bt saist\u012bta ar nepietiekamu hidraulisk\u0101 \u0161\u0137idruma daudzumu vai iek\u0161\u0113jiem boj\u0101jumiem. P\u0101rbaudiet \u0161\u0137idruma l\u012bmeni un p\u0101rbaudiet, vai nav iek\u0161\u0113ja nodiluma vai aizsprostojumu.<\/p>\n<\/li>\n<li>\n<h3>Neparastas ska\u0146as<\/h3>\n<p>Darb\u012bbas laik\u0101 dzirdami trok\u0161\u0146i var liecin\u0101t par probl\u0113m\u0101m, piem\u0113ram, hidrauliskaj\u0101 sist\u0113m\u0101 iesprostotu gaisu vai deta\u013cu nodilumu. P\u0101rbaudiet sist\u0113mu, vai taj\u0101 nav iesprostota gaisa, un p\u0101rliecinieties, vai deta\u013cas ir lab\u0101 st\u0101vokl\u012b.<\/p>\n<\/li>\n<\/ul>\n<p>Lai efekt\u012bvi diagnostic\u0113tu un nov\u0113rstu probl\u0113mas, operatoriem ir j\u0101iev\u0113ro sistem\u0101tiska pieeja probl\u0113mu nov\u0113r\u0161anai, s\u0101kot ar vizu\u0101l\u0101m p\u0101rbaud\u0113m un nepiecie\u0161am\u012bbas gad\u012bjum\u0101 p\u0101rejot uz detaliz\u0113t\u0101kiem nov\u0113rt\u0113jumiem. Prevent\u012bvie pas\u0101kumi, piem\u0113ram, regul\u0101ra apkope un savlaic\u012bga remonta veik\u0161ana, var samazin\u0101t potenci\u0101l\u0101s probl\u0113mas.<\/p>\n<p><img decoding=\"async\" src=\"https:\/\/www.hydraulic-cylinders.net\/wp-content\/uploads\/2025\/04\/songte-bushings-with-all-kinds-of-excavator-models.webp\" alt=\"Ekskavatoru bukses\"><\/p>\n<h2>Par m\u016bsu uz\u0146\u0113mumu<\/h2>\n<p>M\u0113s esam vado\u0161ais rezerves hidraulisko cilindru ra\u017eot\u0101js, kas pied\u0101v\u0101 pla\u0161u produktu kl\u0101stu, lai apmierin\u0101tu da\u017e\u0101das tirgus vajadz\u012bbas. M\u016bsu ap\u0146em\u0161an\u0101s sasniegt izcil\u012bbu atspogu\u013cojas m\u016bsu augstas kvalit\u0101tes ra\u017eo\u0161anas procesos, ko atbalsta progres\u012bvas ra\u017eo\u0161anas vad\u012bbas strat\u0113\u0123ijas. M\u0113s izmantojam tehnolo\u0123isk\u0101s zin\u0101\u0161anas, digit\u0101l\u0101s ra\u017eo\u0161anas iek\u0101rtas un profesion\u0101las test\u0113\u0161anas sist\u0113mas, lai uzlabotu m\u016bsu ra\u017eo\u0161anas iesp\u0113jas.<\/p>\n<p>M\u016bsu uzman\u012bbas centr\u0101 ir kvalit\u0101te, kas nodro\u0161ina, ka m\u0113s apmierin\u0101m klientu da\u017e\u0101d\u0101s pras\u012bbas, pied\u0101v\u0101jot efekt\u012bvus, prec\u012bzus un augstas kvalit\u0101tes produktus. M\u0113s pied\u0101v\u0101jam piel\u0101gotus pakalpojumus, starptautiskus sertifik\u0101tus un stabilu p\u0113cp\u0101rdo\u0161anas atbalstu, lai uzlabotu klientu apmierin\u0101t\u012bbu.<\/p>\n<p><img decoding=\"async\" src=\"https:\/\/www.hydraulic-cylinders.net\/wp-content\/uploads\/2025\/04\/songte-company-4.webp\" alt=\"Uz\u0146\u0113muma p\u0101rskats\"><br \/>\n<img decoding=\"async\" src=\"https:\/\/www.hydraulic-cylinders.net\/wp-content\/uploads\/2025\/04\/songte-company-3.webp\" alt=\"Ra\u017eo\u0161anas iek\u0101rta\"><\/p>\n<p>Autors: lil<\/p>","protected":false},"excerpt":{"rendered":"<p>Boom Cylinder For Tiangong ZG3210-9C Product Overview The Boom Cylinder for Tiangong ZG3210-9C is an essential hydraulic component designed for heavy machinery. This hydraulic cylinder is specifically engineered to control the movement of buckets in various heavy equipment, such as excavators, backhoe loaders, and front loaders. The primary function of the boom cylinder is to [&hellip;]<\/p>","protected":false},"featured_media":17872,"comment_status":"open","ping_status":"closed","template":"","meta":{"_et_pb_use_builder":"","_et_pb_old_content":"","_et_gb_content_width":""},"product_brand":[],"product_cat":[1546],"product_tag":[1547,1496],"class_list":{"0":"post-19684","1":"product","2":"type-product","3":"status-publish","4":"has-post-thumbnail","6":"product_cat-boom-cylinders","7":"product_tag-boom-cylinders","8":"product_tag-hydraulic-cylinders","10":"first","11":"instock","12":"shipping-taxable","13":"product-type-simple"},"amp_enabled":true,"_links":{"self":[{"href":"https:\/\/www.hydraulic-cylinders.net\/lv\/wp-json\/wp\/v2\/product\/19684","targetHints":{"allow":["GET"]}}],"collection":[{"href":"https:\/\/www.hydraulic-cylinders.net\/lv\/wp-json\/wp\/v2\/product"}],"about":[{"href":"https:\/\/www.hydraulic-cylinders.net\/lv\/wp-json\/wp\/v2\/types\/product"}],"replies":[{"embeddable":true,"href":"https:\/\/www.hydraulic-cylinders.net\/lv\/wp-json\/wp\/v2\/comments?post=19684"}],"wp:featuredmedia":[{"embeddable":true,"href":"https:\/\/www.hydraulic-cylinders.net\/lv\/wp-json\/wp\/v2\/media\/17872"}],"wp:attachment":[{"href":"https:\/\/www.hydraulic-cylinders.net\/lv\/wp-json\/wp\/v2\/media?parent=19684"}],"wp:term":[{"taxonomy":"product_brand","embeddable":true,"href":"https:\/\/www.hydraulic-cylinders.net\/lv\/wp-json\/wp\/v2\/product_brand?post=19684"},{"taxonomy":"product_cat","embeddable":true,"href":"https:\/\/www.hydraulic-cylinders.net\/lv\/wp-json\/wp\/v2\/product_cat?post=19684"},{"taxonomy":"product_tag","embeddable":true,"href":"https:\/\/www.hydraulic-cylinders.net\/lv\/wp-json\/wp\/v2\/product_tag?post=19684"}],"curies":[{"name":"wp","href":"https:\/\/api.w.org\/{rel}","templated":true}]}}