{"id":19686,"date":"2025-04-07T07:01:40","date_gmt":"2025-04-07T07:01:40","guid":{"rendered":"https:\/\/www.hydraulic-cylinders.net\/product\/boom-cylinder-for-tiangong-zg3255lc-9c\/"},"modified":"2025-04-07T07:01:43","modified_gmt":"2025-04-07T07:01:43","slug":"boom-cylinder-for-tiangong-zg3255lc-9c","status":"publish","type":"product","link":"https:\/\/www.hydraulic-cylinders.net\/lv\/products\/boom-cylinder-for-tiangong-zg3255lc-9c\/","title":{"rendered":"Tiangong ZG3255LC-9C str\u0113les cilindrs"},"content":{"rendered":"<h1>Tiangong ZG3255LC-9C str\u0113les cilindrs<\/h1>\n<h2>Produkta p\u0101rskats<\/h2>\n<p>Tiangong ZG3255LC-9C str\u0113les cilindrs ir b\u016btiska hidrauliska sast\u0101vda\u013ca, kas \u012bpa\u0161i paredz\u0113ta, lai kontrol\u0113tu kausu kust\u012bbu da\u017e\u0101d\u0101s smagaj\u0101s ma\u0161\u012bn\u0101s, piem\u0113ram, ekskavatoros, univers\u0101lajos iekr\u0101v\u0113jos un front\u0101lajos iekr\u0101v\u0113jos. \u0160is hidrauliskais cilindrs \u013cauj pacelt, nolaist un noliekt kausu, padarot to par svar\u012bgu instrumentu materi\u0101lu apstr\u0101des darbos. Kausa cilindrs darbojas, izmantojot hidraulisk\u0101 \u0161\u0137idruma spiedienu, lai rad\u012btu kust\u012bbu, nodro\u0161inot sp\u0113c\u012bgu jaudu materi\u0101lu rak\u0161anai, cel\u0161anai un efekt\u012bvai transport\u0113\u0161anai. T\u0101 konstrukcija ir v\u0113rsta uz iztur\u012bbu, nodro\u0161inot, ka tas var iztur\u0113t skarbas darba vides slodzi.<\/p>\n<p><img decoding=\"async\" src=\"https:\/\/www.hydraulic-cylinders.net\/wp-content\/uploads\/2025\/04\/songte-company-1.webp\" alt=\"Str\u0113les cilindra att\u0113ls\" \/><\/p>\n<h2>Str\u0113les cilindra \u012bpa\u0161\u012bbas<\/h2>\n<ul>\n<li>\n<h3>Augsta iztur\u012bba un ilgm\u016b\u017e\u012bba<\/h3>\n<p>Izgatavots no augstas stipr\u012bbas t\u0113rauda vai alum\u012bnija, str\u0113les cilindrs ir paredz\u0113ts, lai iztur\u0113tu augstu spiedienu un lielas slodzes, nodro\u0161inot uzticam\u012bbu skarbos apst\u0101k\u013cos. Izmantotie materi\u0101li ir izv\u0113l\u0113ti, \u0146emot v\u0113r\u0101 to nodilumiztur\u012bbu un aizsardz\u012bbu pret koroziju, pagarinot produkta kalpo\u0161anas laiku.<\/p>\n<\/li>\n<li>\n<h3>Efekt\u012bva hidraulisk\u0101 darb\u012bba<\/h3>\n<p>\u0160is cilindrs darbojas vienm\u0113r\u012bgi un \u0101tri rea\u0123\u0113 uz vad\u012bbas komand\u0101m, pateicoties efekt\u012bvai hidraulisk\u0101s e\u013c\u013cas spiediena izmanto\u0161anai. Tas nodro\u0161ina iev\u0113rojamu stum\u0161anas un vilk\u0161anas sp\u0113ku, padarot to piem\u0113rotu smagu priek\u0161metu apstr\u0101dei un sare\u017e\u0123\u012btu uzdevumu veik\u0161anai.<\/p>\n<\/li>\n<li>\n<h3>Da\u017e\u0101di veidi<\/h3>\n<p>Ir pieejamas da\u017e\u0101das konfigur\u0101cijas, lai apmierin\u0101tu \u012bpa\u0161as ekspluat\u0101cijas vajadz\u012bbas, tostarp vienk\u0101r\u0161as darb\u012bbas (darbojas vien\u0101 virzien\u0101) un divk\u0101r\u0161as darb\u012bbas (darbojas abos virzienos) cilindri. Da\u017eiem mode\u013ciem ir teleskopiska konstrukcija, kas nodro\u0161ina liel\u0101ku sniedzam\u012bbu, nepalielinot \u0101r\u0113jos izm\u0113rus, kas ir ide\u0101li piem\u0113rots lietojumiem ar ierobe\u017eotu vietu.<\/p>\n<\/li>\n<li>\n<h3>Piel\u0101gotas ra\u017eo\u0161anas iesp\u0113jas<\/h3>\n<p>M\u0113s ra\u017eojam \u0161o produktu, lai perfekti aizst\u0101tu eso\u0161os hidrauliskos cilindrus, nodro\u0161inot sader\u012bbu un veiktsp\u0113ju. M\u016bsu ra\u017eo\u0161anas process atbilst augst\u0101kajiem standartiem, lai apmierin\u0101tu da\u017e\u0101das klientu pras\u012bbas.<\/p>\n<\/li>\n<li>\n<h3>Visaptvero\u0161a kvalit\u0101tes nodro\u0161in\u0101\u0161ana<\/h3>\n<p>Visi m\u016bsu hidrauliskie cilindri tiek pak\u013cauti stingr\u0101m p\u0101rbaud\u0113m un kvalit\u0101tes p\u0101rbaud\u0113m, lai nodro\u0161in\u0101tu to atbilst\u012bbu nozares standartiem. \u0160\u012b ap\u0146em\u0161an\u0101s nodro\u0161in\u0101t kvalit\u0101ti garant\u0113 m\u016bsu klientiem str\u0113les cilindra veiktsp\u0113ju un ilgm\u016b\u017e\u012bbu.<\/p>\n<\/li>\n<\/ul>\n<p><img decoding=\"async\" src=\"https:\/\/www.hydraulic-cylinders.net\/wp-content\/uploads\/2025\/04\/songte-cylinder-head-with-all-kinds-excavator-models.webp\" alt=\"Cilindra galvas att\u0113ls\" \/><\/p>\n<h2>Str\u0113les cilindra pielietojumi<\/h2>\n<ul>\n<li>\n<h3>Celtniec\u012bbas apr\u012bkojums<\/h3>\n<p>Ekskavatoros str\u0113les cilindram ir iz\u0161\u0137iro\u0161a noz\u012bme zemes vai gru\u017eu rak\u0161an\u0101, iekrau\u0161an\u0101 un p\u0101rvieto\u0161an\u0101. T\u0101 sp\u0113ja nodro\u0161in\u0101t prec\u012bzas kausa kust\u012bbas uzlabo darb\u012bbas efektivit\u0101ti, \u013caujot efekt\u012bvi p\u0101rvald\u012bt materi\u0101lus darba viet\u0101s.<\/p>\n<\/li>\n<li>\n<h3>Lauksaimniec\u012bbas tehnika<\/h3>\n<p>Front\u0101lajos iekr\u0101v\u0113jos str\u0113les cilindrs ir b\u016btisks augsnes, siena un citu materi\u0101lu sav\u0101k\u0161anai, cel\u0161anai un transport\u0113\u0161anai. T\u0101 uzticam\u0101 veiktsp\u0113ja lauksaimniec\u012bbas darbos palielina produktivit\u0101ti, vienlaikus samazinot operatora slodzi.<\/p>\n<\/li>\n<li>\n<h3>Ekskavatori<\/h3>\n<p>Str\u0113les cilindrs \u013cauj kausam efekt\u012bvi iek\u013c\u016bt augsn\u0113, atvieglojot efekt\u012bvu rak\u0161anu. \u0160\u012b sp\u0113ja ir \u013coti svar\u012bga b\u016bvniec\u012bb\u0101, ainavu veido\u0161an\u0101 un da\u017e\u0101dos zemes p\u0101rvieto\u0161anas darbos.<\/p>\n<\/li>\n<li>\n<h3>Iekr\u0101v\u0113ji<\/h3>\n<p>Front\u0101lajos iekr\u0101v\u0113jos tie pal\u012bdz efekt\u012bvi pacelt un izg\u0101zt kravas. Str\u0113les cilindra konstrukcija nodro\u0161ina maksim\u0101lu pacel\u0161anas augstumu un optim\u0101lus izg\u0101\u0161anas le\u0146\u0137us, kas ir \u013coti svar\u012bgi efekt\u012bvai materi\u0101lu apstr\u0101dei.<\/p>\n<\/li>\n<\/ul>\n<h2>Dizaina apsv\u0113rumi un atlases krit\u0113riji<\/h2>\n<ul>\n<li>\n<h3>Kravnes\u012bba<\/h3>\n<p>Str\u0113les cilindra kravnes\u012bba ir b\u016btisks t\u0101 konstrukcijas aspekts. T\u0101 ir j\u0101nov\u0113rt\u0113, lai p\u0101rliecin\u0101tos, ka t\u0101 atbilst izmantoto iek\u0101rtu ekspluat\u0101cijas pras\u012bb\u0101m. In\u017eenieri \u0146em v\u0113r\u0101 maksim\u0101lo svaru, ko cilindram b\u016bs j\u0101pace\u013c, un nodro\u0161ina, ka izmantotie materi\u0101li var dro\u0161i iztur\u0113t \u0161o svaru, nov\u0113r\u0161ot boj\u0101jumus ekspluat\u0101cijas laik\u0101. Pareizi apr\u0113\u0137ini projekt\u0113\u0161anas posm\u0101 pal\u012bdz izv\u0113l\u0113ties atbilsto\u0161us cilindra izm\u0113rus un materi\u0101lus, lai uzlabotu dro\u0161\u012bbu un funkcionalit\u0101ti.<\/p>\n<\/li>\n<li>\n<h3>Bl\u012bv\u0113juma integrit\u0101te<\/h3>\n<p>Hidrauliskajos cilindros bl\u012bv\u0113jums ir \u013coti svar\u012bgs, lai nov\u0113rstu \u0161\u0137idruma nopl\u016bdes un uztur\u0113tu spiedienu. Bl\u012bv\u0113jumu izv\u0113lei un to uzst\u0101d\u012b\u0161anai ir j\u0101nodro\u0161ina ilgtermi\u0146a darb\u012bba un uzticam\u012bba. Augstas kvalit\u0101tes bl\u012bv\u0113jumi, kas izgatavoti no t\u0101diem materi\u0101liem k\u0101 poliuret\u0101ns un nitrilgumija, uzlabo cilindra iztur\u012bbu. Konstrukcijai ir j\u0101nodro\u0161ina ar\u012b \u0113rta piek\u013cuve bl\u012bv\u0113jumu nomai\u0146ai apkopes laik\u0101, lai samazin\u0101tu d\u012bkst\u0101ves laiku un darb\u012bbas trauc\u0113jumus.<\/p>\n<\/li>\n<li>\n<h3>Iztur\u012bba<\/h3>\n<p>Str\u0113les cilindra iztur\u012bba ir b\u016btiska, \u012bpa\u0161i skarbos ekspluat\u0101cijas apst\u0101k\u013cos. Materi\u0101lu izv\u0113lei ir b\u016btiska loma ilgm\u016b\u017e\u012bbas nodro\u0161in\u0101\u0161an\u0101, un priek\u0161roka tiek dota augstas stipr\u012bbas t\u0113raudam vai alum\u012bnijam to iztur\u012bbas pret nodilumu d\u0113\u013c. Ra\u017eo\u0161anas procesos j\u0101iek\u013cauj apstr\u0101de, kas uzlabo virsmas ciet\u012bbu un iztur\u012bbu pret koroziju, \u013caujot cilindram iztur\u0113t ekstrem\u0101lus apst\u0101k\u013cus bez degrad\u0101cijas.<\/p>\n<\/li>\n<li>\n<h3>Dro\u0161\u012bbas funkcijas<\/h3>\n<p>Dro\u0161\u012bba hidrauliskaj\u0101s sist\u0113m\u0101s ir \u0101rk\u0101rt\u012bgi svar\u012bga. Str\u0113les cilindra konstrukcij\u0101 j\u0101iek\u013cauj t\u0101das funkcijas k\u0101 spiediena samazin\u0101\u0161anas v\u0101rsti un dro\u0161\u012bbas sl\u0113dzenes, lai nov\u0113rstu nekontrol\u0113tas kust\u012bbas. Regul\u0101ri j\u0101veic dro\u0161\u012bbas auditi, lai nodro\u0161in\u0101tu, ka \u0161\u012bs funkcijas darbojas pareizi un atbilst normat\u012bvajiem standartiem. Operatori j\u0101apm\u0101ca izprast \u0161\u012bs dro\u0161\u012bbas funkcijas, nodro\u0161inot dro\u0161u darb\u012bbu un samazinot negad\u012bjumu risku.<\/p>\n<\/li>\n<li>\n<h3>Apkopes pieejam\u012bba<\/h3>\n<p>Str\u0113les cilindra projekt\u0113\u0161ana, \u0146emot v\u0113r\u0101 apkopi, uzlabo t\u0101 kalpo\u0161anas laiku un funkcionalit\u0101ti. T\u0101das funkcijas k\u0101 viegla piek\u013cuve e\u013c\u013co\u0161anas punktiem, no\u0146emami bl\u012bv\u0113jumi un skaidras eti\u0137etes galveno komponentu identific\u0113\u0161anai var padar\u012bt apkopes darbus \u0101tr\u0101kus un efekt\u012bv\u0101kus. Turkl\u0101t j\u0101nodro\u0161ina visaptvero\u0161a apkopes rokasgr\u0101mata, lai operatori var\u0113tu efekt\u012bvi veikt nepiecie\u0161amos apkopes uzdevumus.<\/p>\n<\/li>\n<\/ul>\n<p><img decoding=\"async\" src=\"https:\/\/www.hydraulic-cylinders.net\/wp-content\/uploads\/2025\/04\/songte-oil-pipes-and-spare-parts.webp\" alt=\"E\u013c\u013cas caurules un rezerves da\u013cu att\u0113ls\" \/><\/p>\n<h2>Cilindra bl\u012bv\u0113\u0161ana un e\u013c\u013co\u0161ana<\/h2>\n<p>Efekt\u012bva bl\u012bv\u0113\u0161ana un e\u013c\u013co\u0161ana ir kritiski svar\u012bga hidraulisko cilindru optim\u0101lai darb\u012bbai. Lai nov\u0113rstu hidraulisk\u0101 \u0161\u0137idruma nopl\u016bdes, tiek izmantoti da\u017e\u0101di bl\u012bv\u0113\u0161anas elementi, piem\u0113ram, virzu\u013ca bl\u012bv\u0113jumi un stie\u0146a bl\u012bv\u0113jumi. Priek\u0161roka tiek dota bl\u012bv\u0113jumiem, kas izgatavoti no iztur\u012bgiem materi\u0101liem, piem\u0113ram, poliuret\u0101na un nitrila gumijas, to iztur\u012bbas pret nodilumu un vides faktoriem d\u0113\u013c. Cilindra korpuss un v\u012bt\u0146ot\u0101s gala virsmas tiek prec\u012bzi apstr\u0101d\u0101tas, lai uzlabotu nodilumiztur\u012bbu, nodro\u0161inot herm\u0113tisku bl\u012bv\u0113jumu darb\u012bbas laik\u0101. Regul\u0101ra e\u013c\u013co\u0161ana ar atbilsto\u0161u hidraulisko e\u013c\u013cu ir b\u016btiska, lai samazin\u0101tu berzi starp kust\u012bgaj\u0101m da\u013c\u0101m, veicin\u0101tu vienm\u0113r\u012bgu darb\u012bbu un nov\u0113rstu priek\u0161laic\u012bgu nodilumu. Operatoriem j\u0101iev\u0113ro e\u013c\u013co\u0161anas grafiks, lai nodro\u0161in\u0101tu atbilsto\u0161u e\u013c\u013cas l\u012bmeni un uztur\u0113tu optim\u0101lu veiktsp\u0113ju.<\/p>\n<h2>Regul\u0101ras p\u0101rbaudes un profilaktisk\u0101s apkopes pas\u0101kumi<\/h2>\n<ul>\n<li>\n<h3>Regul\u0101ras p\u0101rbaudes<\/h3>\n<p>Regul\u0101ras str\u0113les cilindra p\u0101rbaudes pal\u012bdz identific\u0113t probl\u0113mas, pirms t\u0101s p\u0101raug nopietn\u0101s probl\u0113m\u0101s. Operatoriem j\u0101p\u0101rbauda, \u200b\u200bvai nav nopl\u016b\u017eu, nodiluma un bl\u012bv\u0113jumu, k\u0101 ar\u012b cilindra korpusa boj\u0101jumu paz\u012bmju. Regul\u0101ra veiktsp\u0113jas r\u0101d\u012bt\u0101ju uzraudz\u012bba var ar\u012b nor\u0101d\u012bt, kad nepiecie\u0161ama apkope, nodro\u0161inot, ka cilindrs darbojas paredz\u0113tajos parametros.<\/p>\n<\/li>\n<li>\n<h3>Piem\u0113rota e\u013c\u013co\u0161ana<\/h3>\n<p>Lai cilindrs darbotos nevainojami, ir svar\u012bgi nodro\u0161in\u0101t t\u0101 pien\u0101c\u012bgu e\u013c\u013co\u0161anu. Operatoriem j\u0101iev\u0113ro ra\u017eot\u0101ja nor\u0101d\u012bjumi par e\u013c\u013co\u0161anas bie\u017eumu un izmantojam\u0101s hidraulisk\u0101s e\u013c\u013cas veidu. Pareiza e\u013c\u013co\u0161ana samazina berzi, samazina siltuma veido\u0161anos un pagarina cilindra deta\u013cu kalpo\u0161anas laiku.<\/p>\n<\/li>\n<li>\n<h3>Bl\u012bvju nomai\u0146as un kalibr\u0113\u0161anas p\u0101rbaudes<\/h3>\n<p>Regul\u0101ra bl\u012bv\u0113jumu nomai\u0146a, pamatojoties uz nodiluma mode\u013ciem, ir \u013coti svar\u012bga, lai saglab\u0101tu hidraulisk\u0101s sist\u0113mas integrit\u0101ti. Operatoriem j\u0101b\u016bt apm\u0101c\u012btiem noteikt, kad bl\u012bv\u0113jumi ir j\u0101nomaina, un iev\u0113rot pareizas uzst\u0101d\u012b\u0161anas proced\u016bras. Kalibr\u0113\u0161anas p\u0101rbaudes nodro\u0161ina, ka cilindrs darbojas, k\u0101 paredz\u0113ts, pal\u012bdzot izvair\u012bties no nepareizas izl\u012bdzin\u0101\u0161anas probl\u0113m\u0101m, kas var\u0113tu izrais\u012bt darb\u012bbas neefektivit\u0101ti.<\/p>\n<\/li>\n<\/ul>\n<p><img decoding=\"async\" src=\"https:\/\/www.hydraulic-cylinders.net\/wp-content\/uploads\/2025\/04\/songte-chushion-collar.webp\" alt=\"Spilvenu apkakles att\u0113ls\" \/><\/p>\n<h2>Dro\u0161\u012bbas apsv\u0113rumi un vides faktori<\/h2>\n<p>Izmantojot hidrauliskos cilindrus, dro\u0161\u012bbas pas\u0101kumi ir \u0101rk\u0101rt\u012bgi svar\u012bgi. Operatoriem j\u0101b\u016bt apm\u0101c\u012btiem izprast potenci\u0101los riskus, kas saist\u012bti ar hidrauliskaj\u0101m sist\u0113m\u0101m, piem\u0113ram, p\u0113k\u0161\u0146u cilindra atteici vai hidraulisk\u0101 \u0161\u0137idruma nopl\u016bdes. Dro\u0161\u012bbas protokolu ievie\u0161ana, piem\u0113ram, individu\u0101lo aizsardz\u012bbas l\u012bdzek\u013cu (IAL) lieto\u0161ana un atbilsto\u0161as \u200b\u200bapm\u0101c\u012bbas nodro\u0161in\u0101\u0161ana, pal\u012bdz mazin\u0101t riskus. J\u0101\u0146em v\u0113r\u0101 ar\u012b vides apsv\u0113rumi, nodro\u0161inot, ka izmantotie hidrauliskie \u0161\u0137idrumi ir videi draudz\u012bgi un ka visas nopl\u016bdes vai izlijumi tiek nekav\u0113joties sav\u0101kti un izt\u012br\u012bti, lai nov\u0113rstu pies\u0101r\u0146ojumu.<\/p>\n<h2>Probl\u0113mu nov\u0113r\u0161ana un bie\u017ei sastopamas probl\u0113mas<\/h2>\n<ul>\n<li>\n<h3>Nopl\u016bdes<\/h3>\n<p>Hidraulisk\u0101s nopl\u016bdes ir viena no visbie\u017e\u0101k sastopamaj\u0101m probl\u0113m\u0101m, ar ko saskaras str\u0113les cilindri. T\u0101s var rasties nolietotu bl\u012bv\u0113jumu vai cilindra korpusa boj\u0101jumu d\u0113\u013c. Regul\u0101ri j\u0101veic apkopes p\u0101rbaudes, lai identific\u0113tu nopl\u016bdes, un nekav\u0113joties j\u0101veic pas\u0101kumi, lai nepiecie\u0161am\u012bbas gad\u012bjum\u0101 salabotu vai nomain\u012btu bl\u012bves.<\/p>\n<\/li>\n<li>\n<h3>L\u0113na darb\u012bba<\/h3>\n<p>Ja str\u0113les cilindrs darbojas l\u0113ni, tas var liecin\u0101t par zemu hidraulisk\u0101 \u0161\u0137idruma l\u012bmeni vai aizs\u0113r\u0113ju\u0161u l\u012bniju. Operatoriem j\u0101p\u0101rbauda \u0161\u0137idruma l\u012bmenis un l\u012bnijas, vai nav aizsprostojumu. Lai nodro\u0161in\u0101tu vienm\u0113r\u012bgu darb\u012bbu, ir \u013coti svar\u012bgi nodro\u0161in\u0101t, lai sist\u0113m\u0101 neb\u016btu gaisa kabatu un sve\u0161\u0137erme\u0146u.<\/p>\n<\/li>\n<li>\n<h3>Neparastas ska\u0146as<\/h3>\n<p>Neparasti trok\u0161\u0146i darb\u012bbas laik\u0101 var liecin\u0101t par iek\u0161\u0113j\u0101m probl\u0113m\u0101m, piem\u0113ram, kavit\u0101ciju vai meh\u0101nisku k\u013c\u016bmi. Operatoriem j\u0101p\u0101rtrauc darb\u012bba un j\u0101veic r\u016bp\u012bga p\u0101rbaude, lai noteiktu trok\u0161\u0146a avotu un nekav\u0113joties veiktu nepiecie\u0161amos remontdarbus.<\/p>\n<\/li>\n<\/ul>\n<h2>Padomi efekt\u012bvai probl\u0113mu nov\u0113r\u0161anai<\/h2>\n<p>Lai efekt\u012bvi diagnostic\u0113tu un nov\u0113rstu probl\u0113mas ar hidrauliskajiem cilindriem, operatoriem j\u0101iev\u0113ro sistem\u0101tiska pieeja. S\u0101ciet, p\u0101rskatot ekspluat\u0101cijas apst\u0101k\u013cus un sal\u012bdzinot tos ar ra\u017eot\u0101ja ieteikumiem. P\u0101rbaudiet visas sast\u0101vda\u013cas, vai nav nodiluma, boj\u0101jumu vai nepareizas izl\u012bdzin\u0101\u0161anas paz\u012bmju. Nekav\u0113joties risiniet maz\u0101kas probl\u0113mas, lai nov\u0113rstu to saasin\u0101\u0161anos, un uzturiet remontu un p\u0101rbau\u017eu \u017eurn\u0101lu, lai laika gait\u0101 izsekotu mode\u013ciem. Turkl\u0101t regul\u0101ras apm\u0101c\u012bbas par probl\u0113mu nov\u0113r\u0161anas metod\u0113m operatoriem var iev\u0113rojami uzlabot apkopes procesa efektivit\u0101ti.<\/p>\n<p><img decoding=\"async\" src=\"https:\/\/www.hydraulic-cylinders.net\/wp-content\/uploads\/2025\/04\/songte-bushings-with-all-kinds-of-excavator-models.webp\" alt=\"Bukses att\u0113ls\" \/><\/p>\n<h2>Par m\u016bsu uz\u0146\u0113mumu<\/h2>\n<p>M\u0113s esam vado\u0161ais rezerves hidraulisko cilindru ra\u017eot\u0101js, kas pied\u0101v\u0101 pla\u0161u produktu kl\u0101stu, kas apmierina gan viet\u0113jo, gan starptautisko tirgu vajadz\u012bbas. M\u016bsu ap\u0146em\u0161anos sasniegt izcil\u012bbu uzsver m\u016bsu uzman\u012bba uz prec\u012bziem ra\u017eo\u0161anas procesiem un stingr\u0101m ra\u017eo\u0161anas vad\u012bbas strat\u0113\u0123ij\u0101m. Izmantojot kvalific\u0113tus speci\u0101listus, modernu digit\u0101lo ra\u017eo\u0161anas apr\u012bkojumu un stabilas test\u0113\u0161anas sist\u0113mas, m\u0113s nep\u0101rtraukti uzlabojam savas ra\u017eo\u0161anas iesp\u0113jas. \u0160\u012b ap\u0146em\u0161an\u0101s nodro\u0161in\u0101t precizit\u0101ti un kvalit\u0101ti nodro\u0161ina, ka m\u0113s apmierin\u0101m da\u017e\u0101das klientu vajadz\u012bbas ar augstu efektivit\u0101ti, precizit\u0101ti un kvalit\u0101ti.<\/p>\n<ul>\n<li>\n<h3>Profesion\u0101l\u0101 kompetence<\/h3>\n<p>M\u016bsu komand\u0101 ir augsti kvalific\u0113ti speci\u0101listi, kuri ra\u017eo\u0161anas proces\u0101 iegulda pla\u0161as zin\u0101\u0161anas un pieredzi. Vi\u0146u pieredze nodro\u0161ina, ka visi produkti atbilst nozares standartiem vai p\u0101rsniedz tos.<\/p>\n<\/li>\n<li>\n<h3>Starptautisk\u0101s sertifik\u0101cijas<\/h3>\n<p>M\u0113s iev\u0113rojam starptautiskos kvalit\u0101tes standartus, nodro\u0161inot, ka m\u016bsu produkti ir sertific\u0113ti glob\u0101lajiem tirgiem. \u0160\u012b ap\u0146em\u0161an\u0101s vairo m\u016bsu uzticam\u012bbu un klientu uztic\u012bbu.<\/p>\n<\/li>\n<li>\n<h3>Piel\u0101goti pakalpojumi<\/h3>\n<p>M\u0113s pied\u0101v\u0101jam piel\u0101gotus risin\u0101jumus, lai apmierin\u0101tu m\u016bsu klientu \u012bpa\u0161\u0101s vajadz\u012bbas, nodro\u0161inot elast\u012bbu un piel\u0101gotus produktus, kas uzlabo darb\u012bbas efektivit\u0101ti.<\/p>\n<\/li>\n<li>\n<h3>M\u016bsdien\u012bg\u0101k\u0101s ra\u017eo\u0161anas iek\u0101rtas<\/h3>\n<p>M\u016bsu ra\u017eo\u0161anas iek\u0101rtas ir apr\u012bkotas ar jaun\u0101kaj\u0101m tehnolo\u0123ij\u0101m, kas \u013cauj mums ra\u017eot augstas kvalit\u0101tes hidrauliskos cilindrus ar precizit\u0101ti un efektivit\u0101ti.<\/p>\n<\/li>\n<li>\n<h3>Visaptvero\u0161s p\u0113cp\u0101rdo\u0161anas atbalsts<\/h3>\n<p>M\u0113s ticam, ka ir svar\u012bgi sniegt past\u0101v\u012bgu atbalstu saviem klientiem, pied\u0101v\u0101jot p\u0113cp\u0101rdo\u0161anas pakalpojumus, kas nodro\u0161ina m\u016bsu produktu ilgm\u016b\u017e\u012bbu un uzticam\u012bbu.<\/p>\n<\/li>\n<\/ul>\n<p><img decoding=\"async\" src=\"https:\/\/www.hydraulic-cylinders.net\/wp-content\/uploads\/2025\/04\/songte-company-4.webp\" alt=\"Uz\u0146\u0113muma att\u0113ls 1\" \/><br \/>\n<img decoding=\"async\" src=\"https:\/\/www.hydraulic-cylinders.net\/wp-content\/uploads\/2025\/04\/songte-company-3.webp\" alt=\"Uz\u0146\u0113muma att\u0113ls 2\" \/><\/p>\n<p>Autors lyl<\/p>","protected":false},"excerpt":{"rendered":"<p>Boom Cylinder For Tiangong ZG3255LC-9C Product Overview The Boom Cylinder for Tiangong ZG3255LC-9C is an essential hydraulic component specifically designed to control the motion of buckets in various heavy machinery, such as excavators, backhoes, and front loaders. This hydraulic cylinder allows for the lifting, lowering, and tilting of the bucket, making it a vital tool [&hellip;]<\/p>","protected":false},"featured_media":17874,"comment_status":"open","ping_status":"closed","template":"","meta":{"_et_pb_use_builder":"","_et_pb_old_content":"","_et_gb_content_width":""},"product_brand":[],"product_cat":[1546],"product_tag":[1547,1496],"class_list":{"0":"post-19686","1":"product","2":"type-product","3":"status-publish","4":"has-post-thumbnail","6":"product_cat-boom-cylinders","7":"product_tag-boom-cylinders","8":"product_tag-hydraulic-cylinders","10":"first","11":"instock","12":"shipping-taxable","13":"product-type-simple"},"amp_enabled":true,"_links":{"self":[{"href":"https:\/\/www.hydraulic-cylinders.net\/lv\/wp-json\/wp\/v2\/product\/19686","targetHints":{"allow":["GET"]}}],"collection":[{"href":"https:\/\/www.hydraulic-cylinders.net\/lv\/wp-json\/wp\/v2\/product"}],"about":[{"href":"https:\/\/www.hydraulic-cylinders.net\/lv\/wp-json\/wp\/v2\/types\/product"}],"replies":[{"embeddable":true,"href":"https:\/\/www.hydraulic-cylinders.net\/lv\/wp-json\/wp\/v2\/comments?post=19686"}],"wp:featuredmedia":[{"embeddable":true,"href":"https:\/\/www.hydraulic-cylinders.net\/lv\/wp-json\/wp\/v2\/media\/17874"}],"wp:attachment":[{"href":"https:\/\/www.hydraulic-cylinders.net\/lv\/wp-json\/wp\/v2\/media?parent=19686"}],"wp:term":[{"taxonomy":"product_brand","embeddable":true,"href":"https:\/\/www.hydraulic-cylinders.net\/lv\/wp-json\/wp\/v2\/product_brand?post=19686"},{"taxonomy":"product_cat","embeddable":true,"href":"https:\/\/www.hydraulic-cylinders.net\/lv\/wp-json\/wp\/v2\/product_cat?post=19686"},{"taxonomy":"product_tag","embeddable":true,"href":"https:\/\/www.hydraulic-cylinders.net\/lv\/wp-json\/wp\/v2\/product_tag?post=19686"}],"curies":[{"name":"wp","href":"https:\/\/api.w.org\/{rel}","templated":true}]}}