{"id":19689,"date":"2025-04-07T07:01:59","date_gmt":"2025-04-07T07:01:59","guid":{"rendered":"https:\/\/www.hydraulic-cylinders.net\/product\/boom-cylinder-for-tiangong-zg3225lc-9c\/"},"modified":"2025-04-07T07:02:02","modified_gmt":"2025-04-07T07:02:02","slug":"boom-cylinder-for-tiangong-zg3225lc-9c","status":"publish","type":"product","link":"https:\/\/www.hydraulic-cylinders.net\/lv\/products\/boom-cylinder-for-tiangong-zg3225lc-9c\/","title":{"rendered":"Tiangong ZG3225LC-9C str\u0113les cilindrs"},"content":{"rendered":"<h1>Tiangong ZG3225LC-9C str\u0113les cilindrs<\/h1>\n<h2>Ievads str\u0113les cilindr\u0101<\/h2>\n<p>Str\u0113les cilindrs ir b\u016btiska hidraulisko sist\u0113mu sast\u0101vda\u013ca, kas \u012bpa\u0161i paredz\u0113ta kausu kust\u012bbas vad\u012bbai smag\u0101 ma\u0161\u012bn\u0101, piem\u0113ram, ekskavatoros, ekskavatoros-iekr\u0101v\u0113jos un front\u0101lajos iekr\u0101v\u0113jos. \u0160is hidrauliskais cilindrs \u013cauj kausam pacelt, nolaist un noliekt, atvieglojot da\u017e\u0101dus materi\u0101lu apstr\u0101des uzdevumus. Tam ir iz\u0161\u0137iro\u0161a noz\u012bme darb\u012bbas efektivit\u0101tes un precizit\u0101tes uzlabo\u0161an\u0101 b\u016bvniec\u012bbas un rak\u0161anas procesos.<\/p>\n<p><img decoding=\"async\" src=\"https:\/\/www.hydraulic-cylinders.net\/wp-content\/uploads\/2025\/04\/songte-company-1.webp\" alt=\"Str\u0113les cilindrs\"><\/p>\n<h3>Defin\u012bcija un p\u0101rskats<\/h3>\n<p>Kausa cilindrs jeb str\u0113les cilindrs ir hidraulisk\u0101 cilindra veids, kas nodro\u0161ina nepiecie\u0161amo sp\u0113ku kausa poz\u012bcijas manipul\u0113\u0161anai. \u0160ie cilindri ir konstru\u0113ti t\u0101, lai iztur\u0113tu augstu spiedienu un slodzes, padarot tos neaizst\u0101jamus lieljaudas lietojumos. To sp\u0113ja nodro\u0161in\u0101t kontrol\u0113tas kust\u012bbas \u013cauj operatoriem viegli veikt t\u0101dus uzdevumus k\u0101 rak\u0161ana, cel\u0161ana un iekrau\u0161ana.<\/p>\n<h2>Str\u0113les cilindra \u012bpa\u0161\u012bbas<\/h2>\n<ul>\n<li><strong>Augsta iztur\u012bba un ilgm\u016b\u017e\u012bba:<\/strong> Izgatavots no augstas stipr\u012bbas t\u0113rauda vai alum\u012bnija, str\u0113les cilindrs sp\u0113j iztur\u0113t augstu spiedienu un lielas slodzes. T\u0101 konstrukcija ir paredz\u0113ta nodilumiztur\u012bbai un korozijas nov\u0113r\u0161anai, nodro\u0161inot ilgu kalpo\u0161anas laiku pat skarbos darba apst\u0101k\u013cos.<\/li>\n<li><strong>Efekt\u012bva hidraulisk\u0101 darb\u012bba:<\/strong> Cilindrs darbojas, izmantojot hidraulisk\u0101s e\u013c\u013cas spiedienu, nodro\u0161inot vienm\u0113r\u012bgu izvilk\u0161anu un ievilk\u0161anu. Tas \u0101tri rea\u0123\u0113 uz operatora komand\u0101m, nodro\u0161inot sp\u0113c\u012bgus stum\u0161anas un vilk\u0161anas sp\u0113kus, kas piem\u0113roti smagu un sare\u017e\u0123\u012btu uzdevumu veik\u0161anai.<\/li>\n<li><strong>Da\u017e\u0101di veidi:<\/strong> Str\u0113les cilindru var piel\u0101got k\u0101 vienvirziena darb\u012bbas (darbojas vien\u0101 virzien\u0101) vai divk\u0101r\u0161as darb\u012bbas (darbojas abos virzienos), lai apmierin\u0101tu da\u017e\u0101das ekspluat\u0101cijas vajadz\u012bbas. Da\u017ei mode\u013ci ir teleskopiski, kas \u013cauj to liel\u0101ku pagarin\u0101jumu, nepalielinot \u0101r\u0113jos izm\u0113rus, kas ir ide\u0101li piem\u0113rots lietojumiem ar ierobe\u017eotu vietu.<\/li>\n<li><strong>Prec\u012bzijas in\u017eenierija:<\/strong> Katrs cilindrs ir r\u016bp\u012bgi izstr\u0101d\u0101ts, lai nodro\u0161in\u0101tu optim\u0101lu veiktsp\u0113ju un uzticam\u012bbu. \u0160\u012b precizit\u0101te noz\u012bm\u0113 uzlabotu ekspluat\u0101cijas dro\u0161\u012bbu un efektivit\u0101ti.<\/li>\n<li><strong>Piel\u0101gota ra\u017eo\u0161ana:<\/strong> Mums ir iesp\u0113jas ra\u017eot \u0161o produktu, nodro\u0161inot perfektu eso\u0161o hidraulisko cilindru aizvieto\u0161anu.<\/li>\n<\/ul>\n<p><img decoding=\"async\" src=\"https:\/\/www.hydraulic-cylinders.net\/wp-content\/uploads\/2025\/04\/songte-cylinder-head-with-all-kinds-excavator-models.webp\" alt=\"Ekskavatoru mode\u013ci\"><\/p>\n<h2>Str\u0113les cilindra pielietojumi<\/h2>\n<h3>Celtniec\u012bbas apr\u012bkojums<\/h3>\n<p>Ekskavatoros str\u0113les cilindri ir neat\u0146emama rak\u0161anas, iekrau\u0161anas un augsnes vai gru\u017eu p\u0101rvieto\u0161anas procesu sast\u0101vda\u013ca. To funkcija \u013cauj prec\u012bzi pozicion\u0113t un pacelt str\u0113li, kas ir \u013coti svar\u012bgi b\u016bvniec\u012bbas darbos. Ekskavatoros-iekr\u0101v\u0113jos tie pal\u012bdz gan rak\u0161anas, gan pacel\u0161anas darbos, padarot tos par daudzpus\u012bgiem instrumentiem darba viet\u0101s.<\/p>\n<h3>Lauksaimniec\u012bbas tehnika<\/h3>\n<p>Front\u0101lajos iekr\u0101v\u0113jos str\u0113les cilindri atvieglo augsnes, siena un citu materi\u0101lu sav\u0101k\u0161anu, cel\u0161anu un transport\u0113\u0161anu. To iztur\u012bba un uzticam\u012bba nodro\u0161ina lauksaimniec\u012bbas darbu efekt\u012bvu veik\u0161anu, uzlabojot produktivit\u0101ti un samazinot darbasp\u0113ka izmaksas.<\/p>\n<h3>Ekskavatori<\/h3>\n<p>Ekskavatoros kausa cilindrs nodro\u0161ina efekt\u012bvas rak\u0161anas darb\u012bbas, \u013caujot kausam efekt\u012bvi iek\u013c\u016bt augsn\u0113. \u0160\u012b sp\u0113ja ir vit\u0101li svar\u012bga da\u017e\u0101diem uzdevumiem, s\u0101kot no b\u016bvniec\u012bbas l\u012bdz ainavu veido\u0161anai, nodro\u0161inot, ka operatori var paveikt savu darbu ar minim\u0101lu piep\u016bli.<\/p>\n<h3>Iekr\u0101v\u0113ji<\/h3>\n<p>Front\u0101lajos iekr\u0101v\u0113jos str\u0113les cilindriem ir iz\u0161\u0137iro\u0161a noz\u012bme kravu efekt\u012bv\u0101 cel\u0161an\u0101 un izg\u0101\u0161an\u0101. To konstrukcija nodro\u0161ina vienm\u0113r\u012bgu darb\u012bbu, samazinot iekrau\u0161anas uzdevumu veik\u0161anai nepiecie\u0161amo laiku, kas ir svar\u012bgi, lai saglab\u0101tu produktivit\u0101ti objekt\u0101.<\/p>\n<h2>Projekt\u0113\u0161anas apsv\u0113rumi un atlases standarti<\/h2>\n<h3>Kravnes\u012bba<\/h3>\n<p>Izv\u0113loties str\u0113les cilindru, ir \u0101rk\u0101rt\u012bgi svar\u012bgi izprast t\u0101 kravnes\u012bbu. Cilindram j\u0101sp\u0113j iztur\u0113t maksim\u0101lo svaru, ar ko tas saskarsies ekspluat\u0101cijas laik\u0101. In\u017eenieri \u0146em v\u0113r\u0101 da\u017e\u0101dus faktorus, tostarp materi\u0101lu svaru un iek\u0101rtas kop\u0113jo konstrukciju. Cilindra p\u0101rslodze var izrais\u012bt katastrof\u0101las k\u013c\u016bmes, t\u0101p\u0113c ir \u013coti svar\u012bgi izv\u0113l\u0113ties komponentu, kas p\u0101rsniedz paredzamo slodzi.<\/p>\n<h3>Bl\u012bv\u0113\u0161ana<\/h3>\n<p>V\u0113l viens svar\u012bgs apsv\u0113rums ir bl\u012bv\u0113jums. Cilindram j\u0101b\u016bt apr\u012bkotam ar augstas kvalit\u0101tes bl\u012bv\u0113m, lai nov\u0113rstu hidraulisk\u0101 \u0161\u0137idruma nopl\u016bdi, kas var pasliktin\u0101t veiktsp\u0113ju. Bie\u017ei tiek izmantoti bl\u012bv\u0113jumi, kas izgatavoti no t\u0101diem materi\u0101liem k\u0101 poliuret\u0101ns vai nitrilgumija, to iztur\u012bbas un nodilumiztur\u012bbas d\u0113\u013c. Pareiza bl\u012bv\u0113juma nodro\u0161in\u0101\u0161ana ne tikai uzlabo efektivit\u0101ti, bet ar\u012b pagarina cilindra kalpo\u0161anas laiku.<\/p>\n<h3>Iztur\u012bba<\/h3>\n<p>Iztur\u012bba ir b\u016btiska str\u0113les cilindriem, jo \u200b\u200btie tiek pak\u013cauti skarbiem ekspluat\u0101cijas apst\u0101k\u013ciem. Ra\u017eot\u0101ji koncentr\u0113jas uz iztur\u012bgu materi\u0101lu un p\u0101rkl\u0101jumu izmanto\u0161anu, kas ir iztur\u012bgi pret nodilumu un koroziju. Iztur\u012bgs cilindrs samazina apkopes nepiecie\u0161am\u012bbu un uzlabo uzticam\u012bbu, nodro\u0161inot, ka apr\u012bkojums ilg\u0101k darbojas.<\/p>\n<h3>Dro\u0161\u012bba<\/h3>\n<p>Ar\u012b dro\u0161\u012bbas funkcij\u0101m j\u0101b\u016bt galvenajai priorit\u0101tei. Hidrauliskajiem cilindriem j\u0101b\u016bt ieb\u016bv\u0113tiem dro\u0161\u012bbas meh\u0101nismiem, lai nov\u0113rstu negaid\u012btus boj\u0101jumus darb\u012bbas laik\u0101. Tas var ietvert spiediena samazin\u0101\u0161anas v\u0101rstus un dro\u0161\u012bbas sl\u0113dzenes, kas nodro\u0161ina, ka cilindrs nedarbojas \u0101rpus t\u0101 dro\u0161aj\u0101m robe\u017e\u0101m. Atbilsto\u0161i dro\u0161\u012bbas pas\u0101kumi aizsarg\u0101 gan apr\u012bkojumu, gan operatoru.<\/p>\n<h3>Uzturam\u012bba<\/h3>\n<p>Visbeidzot, apkopes pieejam\u012bbai ir b\u016btiska loma izv\u0113les proces\u0101. Izv\u0113loties konstrukciju, kas nodro\u0161ina \u0113rtu apkopi un p\u0101rbaudi, var ietaup\u012bt laiku un samazin\u0101t d\u012bkst\u0101ves laiku. T\u0101das funkcijas k\u0101 pieejamas e\u013c\u013co\u0161anas nipe\u013ci un vienk\u0101r\u0161s demont\u0101\u017eas process var iev\u0113rojami uzlabot apkopes pieejam\u012bbu, nodro\u0161inot, ka balonu var efekt\u012bvi apkalpot nepiecie\u0161am\u012bbas gad\u012bjum\u0101.<\/p>\n<p><img decoding=\"async\" src=\"https:\/\/www.hydraulic-cylinders.net\/wp-content\/uploads\/2025\/04\/songte-oil-pipes-and-spare-parts.webp\" alt=\"E\u013c\u013cas caurules un rezerves da\u013cas\"><\/p>\n<h2>Bl\u012bv\u0113\u0161ana un e\u013c\u013co\u0161ana<\/h2>\n<p>Str\u0113les cilindra efektivit\u0101te liel\u0101 m\u0113r\u0101 ir atkar\u012bga no t\u0101 bl\u012bv\u0113\u0161anas un e\u013c\u013co\u0161anas sist\u0113m\u0101m. Tiek izmantoti da\u017e\u0101di bl\u012bv\u0113jumi, tostarp virzu\u013ca bl\u012bv\u0113jumi un stie\u0146a bl\u012bv\u0113jumi, lai nodro\u0161in\u0101tu cie\u0161u bl\u012bv\u0113jumu starp kust\u012bgaj\u0101m da\u013c\u0101m. \u0160ie bl\u012bv\u0113jumi parasti ir izgatavoti no nodilumiztur\u012bgiem materi\u0101liem, kas piem\u0113roti skarbiem apst\u0101k\u013ciem, piem\u0113ram, poliuret\u0101na un nitrila gumijas. Turkl\u0101t cilindra korpuss un v\u012bt\u0146otie gali tiek r\u016bp\u012bgi apstr\u0101d\u0101ti, lai uzlabotu nodilumiztur\u012bbu.<\/p>\n<p>Svar\u012bga ir ar\u012b regul\u0101ra e\u013c\u013co\u0161ana; periodiski j\u0101pievieno atbilsto\u0161as \u200b\u200bhidraulisk\u0101s e\u013c\u013cas, lai samazin\u0101tu berzi un nodilumu. Pareiza e\u013c\u013co\u0161anas l\u012bme\u0146a uztur\u0113\u0161ana ne tikai pagarina cilindra kalpo\u0161anas laiku, bet ar\u012b nodro\u0161ina optim\u0101lu veiktsp\u0113ju ekspluat\u0101cijas laik\u0101. E\u013c\u013co\u0161anas nov\u0101rt\u0101 atst\u0101\u0161ana var izrais\u012bt priek\u0161laic\u012bgu nodilumu un iesp\u0113jamus boj\u0101jumus, padarot to par b\u016btisku apkopes aspektu.<\/p>\n<h2>Prevent\u012bvie apkopes pas\u0101kumi<\/h2>\n<ul>\n<li><strong>Regul\u0101ras p\u0101rbaudes:<\/strong> Regul\u0101ru p\u0101rbau\u017eu veik\u0161ana var pal\u012bdz\u0113t identific\u0113t potenci\u0101l\u0101s probl\u0113mas, pirms t\u0101s k\u013c\u016bst par nopietn\u0101m probl\u0113m\u0101m. Darb\u012bbas laik\u0101 mekl\u0113jiet nodiluma paz\u012bmes, nopl\u016bdes un jebk\u0101dus neparastus trok\u0161\u0146us.<\/li>\n<li><strong>Piem\u0113rota e\u013c\u013co\u0161ana:<\/strong> P\u0101rliecinieties, ka hidraulisk\u0101s e\u013c\u013cas l\u012bmenis ir pareizs un ka e\u013c\u013ca ir augstas kvalit\u0101tes. Regul\u0101ri p\u0101rbaudiet un uzpildiet, ja nepiecie\u0161ams, lai uztur\u0113tu optim\u0101lu veiktsp\u0113ju.<\/li>\n<li><strong>Bl\u012bv\u0113juma nomai\u0146a:<\/strong> Laika gait\u0101 bl\u012bves var nolietoties un var b\u016bt nepiecie\u0161ams t\u0101s nomain\u012bt. Regul\u0101ri p\u0101rbaudiet bl\u012bves un nomainiet t\u0101s, par\u0101doties pirmaj\u0101m boj\u0101jumu paz\u012bm\u0113m, lai nov\u0113rstu nopl\u016bdes un saglab\u0101tu efektivit\u0101ti.<\/li>\n<\/ul>\n<h2>Uzst\u0101d\u012b\u0161anas vadl\u012bnijas<\/h2>\n<p>Pareiza str\u0113les cilindra uzst\u0101d\u012b\u0161ana ir \u013coti svar\u012bga optim\u0101lai veiktsp\u0113jai. Vispirms p\u0101rliecinieties, vai mont\u0101\u017eas virsmas ir t\u012bras un bez gru\u017eiem. Pareizi izl\u012bdziniet cilindru, izmantojot piem\u0113rotus mont\u0101\u017eas kron\u0161teinus, lai to nostiprin\u0101tu viet\u0101. Nepareiza izl\u012bdzin\u0101\u0161ana var rad\u012bt p\u0101rm\u0113r\u012bgu slodzi uz bl\u012bv\u0113m un priek\u0161laic\u012bgu boj\u0101jumu.<\/p>\n<p>P\u0113c cilindra nostiprin\u0101\u0161anas pievienojiet hidraulisk\u0101s l\u012bnijas, p\u0101rliecinoties, ka visi savienojumi ir cie\u0161i un bez nopl\u016bd\u0113m. Lai izvair\u012btos no deta\u013cu boj\u0101jumiem, ir svar\u012bgi iev\u0113rot ra\u017eot\u0101ja nor\u0101d\u012bjumus par griezes momenta iestat\u012bjumiem. P\u0113c uzst\u0101d\u012b\u0161anas pirms hidraulisk\u0101s sist\u0113mas darbin\u0101\u0161anas ar pilnu jaudu p\u0101rbaudiet, vai nav nopl\u016b\u017eu, p\u0101rbaudot to zem\u0101 spiedien\u0101.<\/p>\n<p>Regul\u0101ri p\u0101rskatiet ra\u017eot\u0101ja sniegtos uzst\u0101d\u012b\u0161anas nor\u0101d\u012bjumus un apkopes vadl\u012bnijas, lai nodro\u0161in\u0101tu ilgtermi\u0146a funkcionalit\u0101ti un dro\u0161\u012bbu.<\/p>\n<h2>Bie\u017ei sastopamie apkopes uzdevumi<\/h2>\n<h3>Regul\u0101ras p\u0101rbaudes<\/h3>\n<p>Regul\u0101ras str\u0113les cilindra p\u0101rbaudes ir \u013coti svar\u012bgas, lai laikus identific\u0113tu iesp\u0113jam\u0101s probl\u0113mas. P\u0101rbaudiet, vai nav nodiluma paz\u012bmju, boj\u0101jumu vai nopl\u016b\u017eu, un nekav\u0113joties nov\u0113rsiet visas probl\u0113mas, lai nov\u0113rstu turpm\u0101kus boj\u0101jumus. Proakt\u012bva pieeja apkopei var ietaup\u012bt laiku un izmaksas remontam.<\/p>\n<h3>Pareiza e\u013c\u013co\u0161ana<\/h3>\n<p>Pareiza e\u013c\u013co\u0161ana ir \u013coti svar\u012bga str\u0113les cilindra ilgm\u016b\u017e\u012bbai. P\u0101rliecinieties, vai hidraulisk\u0101s e\u013c\u013cas l\u012bmenis ir atbilsto\u0161s un vai izmantot\u0101 e\u013c\u013ca ir ieteicam\u0101 tipa. Regul\u0101ri iee\u013c\u013cojiet visas kust\u012bg\u0101s da\u013cas, lai samazin\u0101tu berzi un nodilumu, kas var pagarin\u0101t cilindra kalpo\u0161anas laiku.<\/p>\n<h3>Bl\u012bvju nomai\u0146as un kalibr\u0113\u0161anas p\u0101rbaudes<\/h3>\n<p>Lai uztur\u0113tu veiktsp\u0113ju, bl\u012bves periodiski j\u0101nomaina. Regul\u0101ri p\u0101rbaudiet bl\u012bves, vai t\u0101s nav nodilu\u0161as, un nomainiet t\u0101s p\u0113c nepiecie\u0161am\u012bbas. Kalibr\u0113\u0161anas p\u0101rbaudes ir svar\u012bgas ar\u012b, lai nodro\u0161in\u0101tu, ka cilindrs darbojas atbilsto\u0161i noteiktajiem parametriem. \u0160\u012bs p\u0101rbaudes pal\u012bdz uztur\u0113t efektivit\u0101ti un dro\u0161\u012bbu darb\u012bbas laik\u0101.<\/p>\n<p><img decoding=\"async\" src=\"https:\/\/www.hydraulic-cylinders.net\/wp-content\/uploads\/2025\/04\/songte-chushion-collar.webp\" alt=\"Spilvenu apkakle\"><\/p>\n<h2>Dro\u0161\u012bbas apsv\u0113rumi un vides faktori<\/h2>\n<p>Str\u0101d\u0101jot ar hidrauliskaj\u0101m sist\u0113m\u0101m, dro\u0161\u012bbas pas\u0101kumi ir \u0101rk\u0101rt\u012bgi svar\u012bgi. Operatoriem vienm\u0113r j\u0101apzin\u0101s iesp\u0113jamie apdraud\u0113jumi, kas saist\u012bti ar hidrauliskaj\u0101m sist\u0113m\u0101m, tostarp augstspiediena nopl\u016bdes un p\u0113k\u0161\u0146as kust\u012bbas. Lai nov\u0113rstu negad\u012bjumus, ir b\u016btiska atbilsto\u0161a apm\u0101c\u012bba un dro\u0161\u012bbas protokolu iev\u0113ro\u0161ana. Turkl\u0101t, lai samazin\u0101tu ietekmi uz ekolo\u0123isko ietekmi, \u0146emiet v\u0113r\u0101 vides faktorus, piem\u0113ram, hidraulisko \u0161\u0137idrumu utiliz\u0101ciju.<\/p>\n<h2>K\u013c\u016bmju diagnostika un bie\u017e\u0101k sastopam\u0101s probl\u0113mas<\/h2>\n<ul>\n<li><strong>Veiktsp\u0113jas zudums:<\/strong> Veiktsp\u0113jas samazin\u0101\u0161an\u0101s var liecin\u0101t par hidraulisk\u0101 \u0161\u0137idruma nopl\u016bd\u0113m vai spiediena probl\u0113m\u0101m. P\u0101rbaudiet, vai nav nopl\u016b\u017eu, un p\u0101rliecinieties, vai hidraulisk\u0101 sist\u0113ma darbojas pareizi.<\/li>\n<li><strong>Neparastas ska\u0146as:<\/strong> Sl\u012bp\u0113\u0161anas vai dauz\u012b\u0161an\u0101s ska\u0146as darb\u012bbas laik\u0101 var liecin\u0101t par meh\u0101nisk\u0101m probl\u0113m\u0101m. P\u0101rbaudiet cilindru, vai nav iesp\u0113jamu deta\u013cu boj\u0101jumu.<\/li>\n<li><strong>P\u0101rkar\u0161ana:<\/strong> Ja hidraulisk\u0101 sist\u0113ma p\u0101rkarst, tas var b\u016bt nepietiekamas e\u013c\u013co\u0161anas vai p\u0101rslodzes d\u0113\u013c. P\u0101rbaudiet e\u013c\u013cas l\u012bmeni un p\u0101rbaudiet, vai sist\u0113m\u0101 nav aizsprostojumu.<\/li>\n<\/ul>\n<h2>Probl\u0113mu nov\u0113r\u0161anas padomi un risin\u0101jumi<\/h2>\n<p>Lai efekt\u012bvi diagnostic\u0113tu un risin\u0101tu probl\u0113mas ar str\u0113les cilindru, s\u0101ciet ar r\u016bp\u012bgu vizu\u0101lu p\u0101rbaudi, vai nav nopl\u016b\u017eu vai boj\u0101jumu. P\u0101rliecinieties, vai visi savienojumi ir cie\u0161i un vai hidraulisk\u0101 \u0161\u0137idruma l\u012bmenis ir atbilsto\u0161\u0101 l\u012bmen\u012b. Ja tiek konstat\u0113tas nopl\u016bdes, nepiecie\u0161am\u012bbas gad\u012bjum\u0101 nomainiet bl\u012bves un savienojumus.<\/p>\n<p>Lai konstat\u0113tu ar veiktsp\u0113ju saist\u012btas probl\u0113mas, p\u0101rbaudiet hidraulisko sist\u0113mu, vai taj\u0101 nav aizsprostojumu vai spiediena kritumu. Pirms iek\u0101rtas atk\u0101rtotas nodo\u0161anas ekspluat\u0101cij\u0101 nov\u0113rsiet visas konstat\u0113t\u0101s probl\u0113mas. Regul\u0101ra apkope un ekspluat\u0101cijas vadl\u012bniju iev\u0113ro\u0161ana var pal\u012bdz\u0113t nov\u0113rst daudzas izplat\u012btas probl\u0113mas, nodro\u0161inot, ka str\u0113les cilindrs saglab\u0101 savu funkcionalit\u0101ti un efektivit\u0101ti.<\/p>\n<p><img decoding=\"async\" src=\"https:\/\/www.hydraulic-cylinders.net\/wp-content\/uploads\/2025\/04\/songte-bushings-with-all-kinds-of-excavator-models.webp\" alt=\"Bukses ar ekskavatora mode\u013ciem\"><\/p>\n<h2>Uz\u0146\u0113muma p\u0101rskats<\/h2>\n<p>M\u0113s esam vado\u0161ais alternat\u012bvo hidraulisko cilindru ra\u017eot\u0101js un izplat\u012bt\u0101js ar pla\u0161u produktu kl\u0101stu, kas izstr\u0101d\u0101ts, lai apmierin\u0101tu gan viet\u0113j\u0101, gan starptautisk\u0101 tirgus vajadz\u012bbas. M\u016bsu ap\u0146em\u0161an\u0101s nodro\u0161in\u0101t kvalit\u0101ti atspogu\u013cojas m\u016bsu prec\u012bzaj\u0101s ra\u017eo\u0161anas strat\u0113\u0123ij\u0101s, kur\u0101s tiek izmantotas progres\u012bvas tehnolo\u0123ijas un kvalific\u0113ts person\u0101ls, lai nodro\u0161in\u0101tu augstu veiktsp\u0113ju un uzticam\u012bbu.<\/p>\n<p>M\u016bsu ra\u017eo\u0161anas procesu nodro\u0161ina modern\u0101k\u0101s ra\u017eo\u0161anas iek\u0101rtas un r\u016bp\u012bga test\u0113\u0161anas sist\u0113ma, kas \u013cauj mums nep\u0101rtraukti uzlabot produktu kvalit\u0101ti. Koncentr\u0113joties uz efektivit\u0101ti, precizit\u0101ti un augstiem standartiem, m\u0113s cen\u0161amies apmierin\u0101t da\u017e\u0101das klientu pras\u012bbas, sniedzot personaliz\u0113tu apkalpo\u0161anu un atbalstu.<\/p>\n<p><img decoding=\"async\" src=\"https:\/\/www.hydraulic-cylinders.net\/wp-content\/uploads\/2025\/04\/songte-company-4.webp\" alt=\"Uz\u0146\u0113muma p\u0101rskats\"><br \/>\n<img decoding=\"async\" src=\"https:\/\/www.hydraulic-cylinders.net\/wp-content\/uploads\/2025\/04\/songte-company-3.webp\" alt=\"Uz\u0146\u0113muma p\u0101rskats\"><\/p>\n<p>Autors lyl<\/p>","protected":false},"excerpt":{"rendered":"<p>Boom Cylinder For Tiangong ZG3225LC-9C Introduction to Boom Cylinder The Boom Cylinder is a vital component in hydraulic systems, specifically designed for controlling the movement of buckets in heavy machinery such as excavators, backhoe loaders, and front-end loaders. This hydraulic cylinder enables the bucket to lift, lower, and tilt, facilitating various material handling tasks. It [&hellip;]<\/p>","protected":false},"featured_media":17877,"comment_status":"open","ping_status":"closed","template":"","meta":{"_et_pb_use_builder":"","_et_pb_old_content":"","_et_gb_content_width":""},"product_brand":[],"product_cat":[1546],"product_tag":[1547,1496],"class_list":{"0":"post-19689","1":"product","2":"type-product","3":"status-publish","4":"has-post-thumbnail","6":"product_cat-boom-cylinders","7":"product_tag-boom-cylinders","8":"product_tag-hydraulic-cylinders","10":"first","11":"instock","12":"shipping-taxable","13":"product-type-simple"},"amp_enabled":true,"_links":{"self":[{"href":"https:\/\/www.hydraulic-cylinders.net\/lv\/wp-json\/wp\/v2\/product\/19689","targetHints":{"allow":["GET"]}}],"collection":[{"href":"https:\/\/www.hydraulic-cylinders.net\/lv\/wp-json\/wp\/v2\/product"}],"about":[{"href":"https:\/\/www.hydraulic-cylinders.net\/lv\/wp-json\/wp\/v2\/types\/product"}],"replies":[{"embeddable":true,"href":"https:\/\/www.hydraulic-cylinders.net\/lv\/wp-json\/wp\/v2\/comments?post=19689"}],"wp:featuredmedia":[{"embeddable":true,"href":"https:\/\/www.hydraulic-cylinders.net\/lv\/wp-json\/wp\/v2\/media\/17877"}],"wp:attachment":[{"href":"https:\/\/www.hydraulic-cylinders.net\/lv\/wp-json\/wp\/v2\/media?parent=19689"}],"wp:term":[{"taxonomy":"product_brand","embeddable":true,"href":"https:\/\/www.hydraulic-cylinders.net\/lv\/wp-json\/wp\/v2\/product_brand?post=19689"},{"taxonomy":"product_cat","embeddable":true,"href":"https:\/\/www.hydraulic-cylinders.net\/lv\/wp-json\/wp\/v2\/product_cat?post=19689"},{"taxonomy":"product_tag","embeddable":true,"href":"https:\/\/www.hydraulic-cylinders.net\/lv\/wp-json\/wp\/v2\/product_tag?post=19689"}],"curies":[{"name":"wp","href":"https:\/\/api.w.org\/{rel}","templated":true}]}}