{"id":19692,"date":"2025-04-07T07:02:08","date_gmt":"2025-04-07T07:02:08","guid":{"rendered":"https:\/\/www.hydraulic-cylinders.net\/product\/boom-cylinder-for-dasin-ds50-7\/"},"modified":"2025-04-07T07:02:10","modified_gmt":"2025-04-07T07:02:10","slug":"boom-cylinder-for-dasin-ds50-7","status":"publish","type":"product","link":"https:\/\/www.hydraulic-cylinders.net\/lv\/products\/boom-cylinder-for-dasin-ds50-7\/","title":{"rendered":"Str\u0113les cilindrs Dasin DS50-7"},"content":{"rendered":"<h1>Str\u0113les cilindrs Dasin DS50-7<\/h1>\n<h2>Produkta p\u0101rskats<\/h2>\n<p>Str\u0113les cilindrs, kas \u012bpa\u0161i izstr\u0101d\u0101ts Dasin DS50-7, ir b\u016btiska hidraulisko sist\u0113mu sast\u0101vda\u013ca, ko galvenok\u0101rt izmanto smagaj\u0101s ma\u0161\u012bn\u0101s. \u0160\u0101da veida hidrauliskajam cilindram ir iz\u0161\u0137iro\u0161a loma kausa kust\u012bbas kontrol\u0113\u0161an\u0101, kas ir kritiski svar\u012bgi da\u017e\u0101diem darbiem, piem\u0113ram, rak\u0161anas darbiem, iekrau\u0161anai un materi\u0101lu apstr\u0101dei. Str\u0113les cilindrs \u013cauj kausam pacelties, nolaisties un noliekties, t\u0101d\u0113j\u0101di veicinot efekt\u012bvu darb\u012bbu b\u016bvlaukumos un cit\u0101s smag\u0101s vid\u0113s.<\/p>\n<p><img decoding=\"async\" src=\"https:\/\/www.hydraulic-cylinders.net\/wp-content\/uploads\/2025\/04\/songte-company-1.webp\" alt=\"Str\u0113les cilindrs\"><\/p>\n<h3>Kausa cilindra defin\u012bcija<\/h3>\n<p>Kausa cilindrs ir specializ\u0113ts hidrauliskais cilindrs, kas paredz\u0113ts, lai p\u0101rvald\u012btu kausu kust\u012bbu smagaj\u0101 apr\u012bkojum\u0101, tostarp ekskavatoros, ekskavatoros-iekr\u0101v\u0113jos un front\u0101lajos iekr\u0101v\u0113jos. T\u0101 funkcionalit\u0101te ir b\u016btiska t\u0101diem uzdevumiem k\u0101 rak\u0161ana, cel\u0161ana un materi\u0101lu transport\u0113\u0161ana. Hidraulisk\u0101s e\u013c\u013cas spiediens cilindr\u0101 nodro\u0161ina vienm\u0113r\u012bgas un kontrol\u0113tas kust\u012bbas, padarot to par b\u016btisku sast\u0101vda\u013cu smag\u0101s tehnikas efektivit\u0101tes un lietder\u012bbas palielin\u0101\u0161an\u0101.<\/p>\n<h2>Str\u0113les cilindra \u012bpa\u0161\u012bbas<\/h2>\n<ul>\n<li><strong>Augsta iztur\u012bba un ilgm\u016b\u017e\u012bba:<\/strong> \u0160ie cilindri, kas izgatavoti no augstas stipr\u012bbas t\u0113rauda vai alum\u012bnija, var iztur\u0113t augstu spiedienu un lielas slodzes, ir piem\u0113roti skarbiem darba apst\u0101k\u013ciem, \u0146emot v\u0113r\u0101 nodilumiztur\u012bbu un aizsardz\u012bbu pret koroziju, lai pagarin\u0101tu to kalpo\u0161anas laiku.<\/li>\n<li><strong>Efekt\u012bva hidraulisk\u0101 darb\u012bba:<\/strong> Str\u0113les cilindrs izmanto hidraulisk\u0101s e\u013c\u013cas spiedienu, lai pan\u0101ktu vienm\u0113r\u012bgu izstiep\u0161anu un ievilk\u0161anu, \u0101tri rea\u0123\u0113jot uz operatora komand\u0101m un nodro\u0161inot iev\u0113rojamu stum\u0161anas un vilk\u0161anas sp\u0113ku smagu un sare\u017e\u0123\u012btu uzdevumu veik\u0161anai.<\/li>\n<li><strong>Daudzpus\u012bgi veidi:<\/strong> Ir pieejamas da\u017e\u0101das konfigur\u0101cijas, tostarp vienas darb\u012bbas (hidrauliskais sp\u0113ks vien\u0101 virzien\u0101) un divk\u0101r\u0161as darb\u012bbas (hidrauliskais sp\u0113ks abos virzienos) cilindri. Da\u017ei mode\u013ci ir teleskopiski, kas \u013cauj pan\u0101kt liel\u0101ku pagarin\u0101jumu, nepalielinot \u0101r\u0113jos izm\u0113rus, kas ir ide\u0101li piem\u0113rots lietojumiem ar ierobe\u017eotu vietu.<\/li>\n<li><strong>Piel\u0101gota ra\u017eo\u0161ana:<\/strong> M\u0113s specializ\u0113jamies \u0161\u012b produkta ra\u017eo\u0161an\u0101 un varam nodro\u0161in\u0101t perfektas hidraulisko cilindru rezerves da\u013cas, nodro\u0161inot sader\u012bbu un veiktsp\u0113ju.<\/li>\n<\/ul>\n<p><img decoding=\"async\" src=\"https:\/\/www.hydraulic-cylinders.net\/wp-content\/uploads\/2025\/04\/songte-cylinder-head-with-all-kinds-excavator-models.webp\" alt=\"Ekskavatoru mode\u013ci\"><\/p>\n<h2>Str\u0113les cilindra pielietojums<\/h2>\n<h3>Celtniec\u012bbas apr\u012bkojums<\/h3>\n<p>Ekskavatoros str\u0113les cilindri ir vit\u0101li svar\u012bgi zemes vai gru\u017eu rak\u0161anai, iekrau\u0161anai un p\u0101rvieto\u0161anai. To sp\u0113ja izstiepties un ievilkties \u013cauj veikt dzi\u013cus izrakumus un efekt\u012bvi apstr\u0101d\u0101t kravu. Kontrol\u0113t\u0101 kust\u012bba nodro\u0161ina precizit\u0101ti darb\u012bbas laik\u0101, padarot tos neaizst\u0101jamus b\u016bvniec\u012bbas projektos.<\/p>\n<h3>Lauksaimniec\u012bbas tehnika<\/h3>\n<p>Front\u0101lo iekr\u0101v\u0113ju str\u0113les cilindri atvieglo augsnes, siena un citu materi\u0101lu cel\u0161anu, sav\u0101k\u0161anu un transport\u0113\u0161anu. To iztur\u012bg\u0101 konstrukcija \u013cauj efekt\u012bvi darboties lauksaimniec\u012bbas apst\u0101k\u013cos, nodro\u0161inot nepiecie\u0161amo jaudu smagu cel\u0161anas darbu veik\u0161anai.<\/p>\n<h3>Ekskavatori<\/h3>\n<p>Str\u0113les cilindrs \u013cauj kausam iek\u013c\u016bt augsn\u0113, uzlabojot rak\u0161anas darb\u012bbu. \u0160\u012b sp\u0113ja ir \u013coti svar\u012bga pamatu, tran\u0161eju rak\u0161an\u0101 un ainavu veido\u0161anas projektos, kas par\u0101da cilindra noz\u012bmi lauksaimniec\u012bbas un b\u016bvniec\u012bbas darbos.<\/p>\n<h3>Iekr\u0101v\u0113ji<\/h3>\n<p>Front\u0101lajos iekr\u0101v\u0113jos str\u0113les cilindri pal\u012bdz efekt\u012bvi pacelt un izg\u0101zt kravas. To konstrukcija nodro\u0161ina, ka smagas preces var viegli manevr\u0113t, optimiz\u0113jot produktivit\u0101ti darba viet\u0101s.<\/p>\n<h2>Dizaina apsv\u0113rumi un atlases krit\u0113riji<\/h2>\n<h3>Kravnes\u012bba<\/h3>\n<p>Izv\u0113loties str\u0113les cilindru, ir \u013coti svar\u012bgi izprast t\u0101 kravnes\u012bbu. Cilindram ir j\u0101iztur tehnikas maksim\u0101l\u0101 slodze, vienlaikus saglab\u0101jot uzticam\u012bbu un dro\u0161\u012bbu. Kravnes\u012bbu nosaka izmantotais materi\u0101ls, cilindra diametrs un t\u0101 konstrukcija. Pareizas kravnes\u012bbas izv\u0113le nov\u0113r\u0161 iesp\u0113jamos boj\u0101jumus ekspluat\u0101cijas laik\u0101, nodro\u0161inot dro\u0161\u012bbu un efektivit\u0101ti.<\/p>\n<h3>Bl\u012bv\u0113\u0161anas tehnolo\u0123ija<\/h3>\n<p>Efekt\u012bva bl\u012bv\u0113\u0161ana ir b\u016btiska, lai uztur\u0113tu hidraulisko spiedienu un nov\u0113rstu nopl\u016bdes. Bl\u012bv\u0113jumiem j\u0101iztur augsts spiediens un j\u0101b\u016bt nodilumiztur\u012bgiem. Materi\u0101li, piem\u0113ram, poliuret\u0101ns un nitrilgumija, parasti tiek izmantoti to iztur\u012bbas d\u0113\u013c. Pareiza bl\u012bv\u0113jumu izv\u0113le var b\u016btiski ietekm\u0113t hidraulisk\u0101s sist\u0113mas ilgm\u016b\u017e\u012bbu un veiktsp\u0113ju.<\/p>\n<h3>Iztur\u012bba<\/h3>\n<p>Str\u0113les cilindra iztur\u012bbu ietekm\u0113 t\u0101 materi\u0101la sast\u0101vs un konstrukcija. Augstas kvalit\u0101tes materi\u0101li nodro\u0161ina iztur\u012bbu pret nodilumu, savuk\u0101rt atbilsto\u0161a virsmas apstr\u0101de aizsarg\u0101 pret koroziju. Regul\u0101ra cilindra st\u0101vok\u013ca nov\u0113rt\u0113\u0161ana var pal\u012bdz\u0113t noteikt nodiluma paz\u012bmes un nodro\u0161in\u0101t savlaic\u012bgu apkopi, pagarinot t\u0101 ekspluat\u0101cijas laiku.<\/p>\n<h3>Dro\u0161\u012bbas funkcijas<\/h3>\n<p>Dro\u0161\u012bba ir \u0101rk\u0101rt\u012bgi svar\u012bga, darbinot hidraulisk\u0101s sist\u0113mas. Str\u0113les cilindriem j\u0101b\u016bt apr\u012bkotiem ar t\u0101d\u0101m funkcij\u0101m k\u0101 spiediena samazin\u0101\u0161anas v\u0101rsti un dro\u0161\u012bbas blo\u0137\u0113\u0161anas meh\u0101nismi, lai nov\u0113rstu negad\u012bjumus. \u0160\u012bs funkcijas uzlabo smago ma\u0161\u012bnu ekspluat\u0101cijas dro\u0161\u012bbu, samazinot ar hidraulisko k\u013c\u016bmi saist\u012btos riskus.<\/p>\n<h3>Apkope un remont\u0113jam\u012bba<\/h3>\n<p>Labi izstr\u0101d\u0101tam str\u0113les cilindram j\u0101nodro\u0161ina vienk\u0101r\u0161a apkope un remonts. Projekt\u0113\u0161anas apsv\u0113rumos j\u0101iek\u013cauj pieejamas deta\u013cas apkopei, sader\u012bba ar standarta apkopes instrumentiem un vienk\u0101r\u0161as bl\u012bvju vai komponentu nomai\u0146as proced\u016bras. Regul\u0101ras apkopes p\u0101rbaudes ir \u013coti svar\u012bgas, lai nodro\u0161in\u0101tu past\u0101v\u012bgu dro\u0161\u012bbu un veiktsp\u0113ju.<\/p>\n<p><img decoding=\"async\" src=\"https:\/\/www.hydraulic-cylinders.net\/wp-content\/uploads\/2025\/04\/songte-oil-pipes-and-spare-parts.webp\" alt=\"Hidraulisk\u0101s da\u013cas\"><\/p>\n<h2>Bl\u012bv\u0113\u0161ana un e\u013c\u013co\u0161ana<\/h2>\n<p>Efekt\u012bva str\u0113les cilindru bl\u012bv\u0113\u0161ana un e\u013c\u013co\u0161ana ir b\u016btiska optim\u0101lai veiktsp\u0113jai. Iz\u0161\u0137iro\u0161a noz\u012bme ir da\u017e\u0101du bl\u012bv\u0113\u0161anas komponentu, piem\u0113ram, virzu\u013ca bl\u012bv\u0113jumu un stie\u0146a bl\u012bv\u0113jumu, izmanto\u0161anai. Bl\u012bv\u0113jumi, kas izgatavoti no nodilumiztur\u012bgiem materi\u0101liem, piem\u0113ram, poliuret\u0101na un nitrila gumijas, nodro\u0161ina izcilu iztur\u012bbu. Cilindra korpuss un v\u012bt\u0146ot\u0101s gala virsmas ir r\u016bp\u012bgi j\u0101apstr\u0101d\u0101, lai uzlabotu nodilumiztur\u012bbu. Regul\u0101ri j\u0101papildina hidraulisk\u0101 e\u013c\u013ca, lai nodro\u0161in\u0101tu e\u013c\u013co\u0161anu, nodro\u0161in\u0101tu vienm\u0113r\u012bgu darb\u012bbu un nov\u0113rstu priek\u0161laic\u012bgu nodilumu.<\/p>\n<h2>Prevent\u012bvie apkopes pas\u0101kumi<\/h2>\n<ul>\n<li><strong>Regul\u0101ras p\u0101rbaudes:<\/strong> Regul\u0101ru p\u0101rbau\u017eu veik\u0161ana pal\u012bdz identific\u0113t potenci\u0101l\u0101s probl\u0113mas, pirms t\u0101s saasin\u0101s. P\u0101rbaudiet, vai nav nopl\u016b\u017eu, plaisu un visp\u0101r\u0113ja nodiluma, un \u0101tri risiniet visas probl\u0113mas, lai saglab\u0101tu funkcionalit\u0101ti.<\/li>\n<li><strong>Pareiza e\u013c\u013co\u0161ana:<\/strong> P\u0101rliecinieties, ka hidraulisk\u0101s e\u013c\u013cas l\u012bmenis ir atbilsto\u0161s un t\u0101 ir augstas kvalit\u0101tes. Regul\u0101ra e\u013c\u013co\u0161ana samazina berzi un pagarina hidraulisko komponentu kalpo\u0161anas laiku.<\/li>\n<li><strong>Bl\u012bv\u0113juma nomai\u0146a:<\/strong> Bl\u012bves regul\u0101ri j\u0101p\u0101rbauda un j\u0101nomaina p\u0113c nepiecie\u0161am\u012bbas. Nolietotas vai boj\u0101tas bl\u012bves var izrais\u012bt nopl\u016bdes, apdraudot hidraulisk\u0101s sist\u0113mas efektivit\u0101ti.<\/li>\n<\/ul>\n<h2>Uzst\u0101d\u012b\u0161anas vadl\u012bnijas<\/h2>\n<p>Pareiza str\u0113les cilindra uzst\u0101d\u012b\u0161ana ir \u013coti svar\u012bga, lai nodro\u0161in\u0101tu t\u0101 efektivit\u0101ti un ilgm\u016b\u017e\u012bbu. S\u0101ciet, r\u016bp\u012bgi izl\u012bdzinot cilindru ar tehnikas stiprin\u0101juma punktiem. Izmantojiet atbilsto\u0161us stiprin\u0101juma kron\u0161teinus, lai nostiprin\u0101tu cilindru viet\u0101, nodro\u0161inot, ka tas ir pareizi izl\u012bdzin\u0101ts, lai izvair\u012btos no p\u0101rm\u0113r\u012bgas slodzes darb\u012bbas laik\u0101. P\u0113c cilindra nostiprin\u0101\u0161anas pievienojiet hidraulisk\u0101s l\u012bnijas, p\u0101rliecinoties, ka visi savienojumi ir cie\u0161i un bez nopl\u016bd\u0113m. Pirms tehnikas nodo\u0161anas ekspluat\u0101cij\u0101 p\u0101rbaudiet, vai sist\u0113m\u0101 nav nopl\u016b\u017eu un vai t\u0101 darbojas pareizi, iev\u0113rojot ra\u017eot\u0101ja nor\u0101d\u012bjumus, lai sasniegtu optim\u0101lus rezult\u0101tus.<\/p>\n<h2>Bie\u017ei sastopamie apkopes uzdevumi<\/h2>\n<ul>\n<li><strong>Regul\u0101ras p\u0101rbaudes:<\/strong> Regul\u0101ri p\u0101rbaudiet str\u0113les cilindru, vai nav nodiluma vai boj\u0101jumu paz\u012bmju. Probl\u0113mu agr\u012bna atkl\u0101\u0161ana \u013cauj savlaic\u012bgi veikt remontu, samazinot d\u012bkst\u0101ves laiku un iesp\u0113jamos apdraud\u0113jumus.<\/li>\n<li><strong>Pareiza e\u013c\u013co\u0161ana:<\/strong> Pietiekama e\u013c\u013co\u0161ana ir \u013coti svar\u012bga, lai nov\u0113rstu p\u0101rm\u0113r\u012bgu nodilumu. Regul\u0101ri p\u0101rbaudiet un uzpildiet hidraulisko e\u013c\u013cu, ja nepiecie\u0161ams, lai nodro\u0161in\u0101tu vienm\u0113r\u012bgu darb\u012bbu.<\/li>\n<li><strong>Bl\u012bv\u0113juma nomai\u0146a:<\/strong> Regul\u0101ri p\u0101rbaudiet bl\u012bves, vai nav boj\u0101jumu vai nodiluma paz\u012bmju. To savlaic\u012bga nomai\u0146a pal\u012bdz uztur\u0113t hidraulisko spiedienu un nov\u0113r\u0161 nopl\u016bdes, nodro\u0161inot pareizu sist\u0113mas darb\u012bbu.<\/li>\n<\/ul>\n<h2>Dro\u0161\u012bbas apsv\u0113rumi un vides faktori<\/h2>\n<p>Izmantojot str\u0113les cilindrus, ir \u013coti svar\u012bgi iev\u0113rot dro\u0161\u012bbas protokolus. Operatoriem j\u0101b\u016bt apm\u0101c\u012btiem atpaz\u012bt iesp\u0113jamos apdraud\u0113jumus, kas saist\u012bti ar hidrauliskaj\u0101m sist\u0113m\u0101m, tostarp hidraulisk\u0101 \u0161\u0137idruma nopl\u016bdes un cilindru atteices riskus. Dro\u0161\u012bbas pas\u0101kumu ievie\u0161ana, piem\u0113ram, individu\u0101lo aizsardz\u012bbas l\u012bdzek\u013cu lieto\u0161ana un regul\u0101ru dro\u0161\u012bbas auditu veik\u0161ana, samazina riskus. Turkl\u0101t vides faktoru \u0146em\u0161ana v\u0113r\u0101, darbinot hidraulisk\u0101s sist\u0113mas, var pal\u012bdz\u0113t nov\u0113rst vides degrad\u0101ciju, ko izraisa nopl\u016bdes vai izlie\u0161ana.<\/p>\n<h2>K\u013c\u016bmju diagnostika un bie\u017e\u0101k sastopam\u0101s probl\u0113mas<\/h2>\n<ul>\n<li><strong>Hidraulisk\u0101 \u0161\u0137idruma nopl\u016bdes:<\/strong> Nopl\u016bdes var rasties nodilu\u0161u bl\u012bv\u0113jumu vai va\u013c\u012bgu savienojumu d\u0113\u013c. Regul\u0101ri j\u0101veic p\u0101rbaudes, lai laikus atkl\u0101tu nopl\u016bdes un nekav\u0113joties t\u0101s nov\u0113rstu.<\/li>\n<li><strong>L\u0113na vai neregul\u0101ra kust\u012bba:<\/strong> Tas var liecin\u0101t par zemu hidraulisk\u0101 \u0161\u0137idruma l\u012bmeni vai gaisu hidrauliskaj\u0101 sist\u0113m\u0101. P\u0101rbaudiet \u0161\u0137idruma l\u012bmeni un, ja nepiecie\u0161ams, atgaisojiet sist\u0113mu.<\/li>\n<li><strong>P\u0101rm\u0113r\u012bgs troksnis:<\/strong> Neparastas ska\u0146as darb\u012bbas laik\u0101 var liecin\u0101t par meh\u0101nisk\u0101m probl\u0113m\u0101m. Noskaidrojiet trok\u0161\u0146a avotu un nekav\u0113joties nov\u0113rsiet visus meh\u0101niskos boj\u0101jumus.<\/li>\n<\/ul>\n<h2>Probl\u0113mu nov\u0113r\u0161anas padomi<\/h2>\n<p>Lai efekt\u012bvi nov\u0113rstu probl\u0113mas ar str\u0113les cilindru, s\u0101ciet ar prec\u012bzu probl\u0113mas identific\u0113\u0161anu. Hidraulisk\u0101 \u0161\u0137idruma nopl\u016bdes gad\u012bjum\u0101 p\u0101rbaudiet bl\u012bves un savienojumus, pievelciet visus va\u013c\u012bgos savienojumus. Ja kust\u012bba ir l\u0113na vai nevienm\u0113r\u012bga, p\u0101rbaudiet hidraulisk\u0101 \u0161\u0137idruma l\u012bmeni un atgaisojiet sist\u0113mu, lai izvad\u012btu iesprostoto gaisu. P\u0101rm\u0113r\u012bga trok\u0161\u0146a gad\u012bjum\u0101 p\u0101rbaudiet cilindru, vai tam nav meh\u0101niska nodiluma vai boj\u0101jumu. Prevent\u012bvu pas\u0101kumu, piem\u0113ram, regul\u0101ras apkopes un p\u0101rbau\u017eu, ievie\u0161ana var iev\u0113rojami samazin\u0101t \u0161o probl\u0113mu ra\u0161anos.<\/p>\n<p><img decoding=\"async\" src=\"https:\/\/www.hydraulic-cylinders.net\/wp-content\/uploads\/2025\/04\/songte-bushings-with-all-kinds-of-excavator-models.webp\" alt=\"Ekskavatora bukses\"><\/p>\n<h2>Par m\u016bsu uz\u0146\u0113mumu<\/h2>\n<p>M\u0113s esam vado\u0161ais hidraulisko cilindru ra\u017eot\u0101js un vairumtirdzniec\u012bbas izplat\u012bt\u0101js, kas paz\u012bstams ar pla\u0161u produktu kl\u0101stu un ap\u0146em\u0161anos nodro\u0161in\u0101t kvalit\u0101ti. M\u016bsu uz\u0146\u0113mums iev\u0113ro izcil\u012bbas strat\u0113\u0123iju ra\u017eo\u0161an\u0101, ko atbalsta izsmalcin\u0101ta ra\u017eo\u0161anas vad\u012bbas pieeja. Izmantojot kvalific\u0113tu tehnisko person\u0101lu, modernu digit\u0101lo ra\u017eo\u0161anas apr\u012bkojumu un profesion\u0101lu test\u0113\u0161anas sist\u0113mu, m\u0113s past\u0101v\u012bgi uzlabojam savu ra\u017eo\u0161anas platformu un nodro\u0161in\u0101m augstas kvalit\u0101tes produkciju.<\/p>\n<p><img decoding=\"async\" src=\"https:\/\/www.hydraulic-cylinders.net\/wp-content\/uploads\/2025\/04\/songte-company-4.webp\" alt=\"Uz\u0146\u0113muma att\u0113ls 4\"><br \/>\n<img decoding=\"async\" src=\"https:\/\/www.hydraulic-cylinders.net\/wp-content\/uploads\/2025\/04\/songte-company-3.webp\" alt=\"Uz\u0146\u0113muma att\u0113ls 3\"><\/p>\n<h3>Profesion\u0101l\u0101 kompetence<\/h3>\n<p>M\u016bsu komand\u0101 ir hidraulisk\u0101s tehnolo\u0123ijas eksperti, kas nodro\u0161ina, ka m\u016bsu produkti atbilst starptautiskajiem standartiem. M\u0113s pied\u0101v\u0101jam piel\u0101gojamus risin\u0101jumus, kas piel\u0101goti m\u016bsu klientu \u012bpa\u0161aj\u0101m vajadz\u012bb\u0101m.<\/p>\n<h3>Starptautisk\u0101s sertifik\u0101cijas<\/h3>\n<p>M\u016bsu produkti ir sertific\u0113ti atbilsto\u0161i starptautiskajiem kvalit\u0101tes standartiem, p\u0101rliecinot m\u016bsu klientus par m\u016bsu hidraulisko cilindru uzticam\u012bbu un dro\u0161\u012bbu.<\/p>\n<h3>Piel\u0101goti pakalpojumi<\/h3>\n<p>M\u0113s pied\u0101v\u0101jam piel\u0101gotus pakalpojumus, lai apmierin\u0101tu unik\u0101las pras\u012bbas, nodro\u0161inot, ka m\u016bsu klienti sa\u0146em produktus, kas lieliski atbilst vi\u0146u vajadz\u012bb\u0101m.<\/p>\n<h3>Ra\u017eo\u0161anas iek\u0101rtas<\/h3>\n<p>M\u016bsu modern\u0101kais ra\u017eo\u0161anas apr\u012bkojums \u013cauj mums ra\u017eot augstas kvalit\u0101tes hidrauliskos cilindrus ar precizit\u0101ti un efektivit\u0101ti.<\/p>\n<h3>P\u0113cp\u0101rdo\u0161anas atbalsts<\/h3>\n<p>M\u0113s lepojamies ar savu izcilo p\u0113cp\u0101rdo\u0161anas apkalpo\u0161anu, sniedzot atbalstu m\u016bsu klientiem vis\u0101 m\u016bsu produktu kalpo\u0161anas laik\u0101, nodro\u0161inot klientu apmierin\u0101t\u012bbu.<\/p>\n<p>Autors: lil<\/p>","protected":false},"excerpt":{"rendered":"<p>Boom Cylinder For Dasin DS50-7 Product Overview The boom cylinder, specifically designed for the Dasin DS50-7, is an essential component in hydraulic systems, primarily utilized in heavy machinery. This type of hydraulic cylinder plays a pivotal role in controlling the movement of a bucket, which is critical for various applications such as excavation, loading, and [&hellip;]<\/p>","protected":false},"featured_media":17880,"comment_status":"open","ping_status":"closed","template":"","meta":{"_et_pb_use_builder":"","_et_pb_old_content":"","_et_gb_content_width":""},"product_brand":[],"product_cat":[1546],"product_tag":[1547,1496],"class_list":{"0":"post-19692","1":"product","2":"type-product","3":"status-publish","4":"has-post-thumbnail","6":"product_cat-boom-cylinders","7":"product_tag-boom-cylinders","8":"product_tag-hydraulic-cylinders","10":"first","11":"instock","12":"shipping-taxable","13":"product-type-simple"},"amp_enabled":true,"_links":{"self":[{"href":"https:\/\/www.hydraulic-cylinders.net\/lv\/wp-json\/wp\/v2\/product\/19692","targetHints":{"allow":["GET"]}}],"collection":[{"href":"https:\/\/www.hydraulic-cylinders.net\/lv\/wp-json\/wp\/v2\/product"}],"about":[{"href":"https:\/\/www.hydraulic-cylinders.net\/lv\/wp-json\/wp\/v2\/types\/product"}],"replies":[{"embeddable":true,"href":"https:\/\/www.hydraulic-cylinders.net\/lv\/wp-json\/wp\/v2\/comments?post=19692"}],"wp:featuredmedia":[{"embeddable":true,"href":"https:\/\/www.hydraulic-cylinders.net\/lv\/wp-json\/wp\/v2\/media\/17880"}],"wp:attachment":[{"href":"https:\/\/www.hydraulic-cylinders.net\/lv\/wp-json\/wp\/v2\/media?parent=19692"}],"wp:term":[{"taxonomy":"product_brand","embeddable":true,"href":"https:\/\/www.hydraulic-cylinders.net\/lv\/wp-json\/wp\/v2\/product_brand?post=19692"},{"taxonomy":"product_cat","embeddable":true,"href":"https:\/\/www.hydraulic-cylinders.net\/lv\/wp-json\/wp\/v2\/product_cat?post=19692"},{"taxonomy":"product_tag","embeddable":true,"href":"https:\/\/www.hydraulic-cylinders.net\/lv\/wp-json\/wp\/v2\/product_tag?post=19692"}],"curies":[{"name":"wp","href":"https:\/\/api.w.org\/{rel}","templated":true}]}}