{"id":19693,"date":"2025-04-07T07:02:10","date_gmt":"2025-04-07T07:02:10","guid":{"rendered":"https:\/\/www.hydraulic-cylinders.net\/product\/boom-cylinder-for-dasin-ds35\/"},"modified":"2025-04-07T07:02:13","modified_gmt":"2025-04-07T07:02:13","slug":"boom-cylinder-for-dasin-ds35","status":"publish","type":"product","link":"https:\/\/www.hydraulic-cylinders.net\/lv\/products\/boom-cylinder-for-dasin-ds35\/","title":{"rendered":"Str\u0113les cilindrs Dasin DS35"},"content":{"rendered":"<h1>Str\u0113les cilindrs Dasin DS35<\/h1>\n<h2>Produkta defin\u012bcija<\/h2>\n<p>Dasin DS35 str\u0113les cilindrs ir specializ\u0113ts hidrauliskais cilindrs, kas paredz\u0113ts str\u0113les sviru kust\u012bbas vad\u012bbai smagaj\u0101s ma\u0161\u012bn\u0101s, piem\u0113ram, ekskavatoros, iekr\u0101v\u0113jos un front\u0101lajos iekr\u0101v\u0113jos. \u0160\u0101da veida hidrauliskajam cilindram ir iz\u0161\u0137iro\u0161a noz\u012bme str\u0113les pacel\u0161anas, nolai\u0161anas un noliek\u0161anas atvieglo\u0161an\u0101, nodro\u0161inot efekt\u012bvus materi\u0101lu apstr\u0101des uzdevumus. Hidrauliskie cilindri izmanto hidraulisko \u0161\u0137idrumu, lai rad\u012btu stum\u0161anas vai vilk\u0161anas sp\u0113ku, kas ir \u013coti svar\u012bgi da\u017e\u0101du funkciju veik\u0161anai b\u016bvniec\u012bbas un lauksaimniec\u012bbas tehnik\u0101.<\/p>\n<p><img decoding=\"async\" src=\"https:\/\/www.hydraulic-cylinders.net\/wp-content\/uploads\/2025\/04\/songte-company-1.webp\" alt=\"Str\u0113les cilindrs\"><\/p>\n<h2>Str\u0113les cilindra \u012bpa\u0161\u012bbas<\/h2>\n<ul>\n<li><strong>Augsta iztur\u012bba un ilgm\u016b\u017e\u012bba:<\/strong> Izgatavots no augstas stipr\u012bbas t\u0113rauda vai alum\u012bnija, \u0161is cilindrs var iztur\u0113t augstu spiedienu un lielas slodzes, padarot to piem\u0113rotu skarbiem darba apst\u0101k\u013ciem. Tas ir konstru\u0113ts t\u0101, lai nodro\u0161in\u0101tu nodilumiztur\u012bbu un aizsardz\u012bbu pret koroziju, pagarinot t\u0101 kalpo\u0161anas laiku.<\/li>\n<li><strong>Efekt\u012bva hidraulisk\u0101 darb\u012bba:<\/strong> Tas izmanto hidraulisk\u0101s e\u013c\u013cas spiedienu vienm\u0113r\u012bgai izvilk\u0161anai un ievilk\u0161anai, \u013caujot \u0101tri rea\u0123\u0113t uz vad\u012bbas komand\u0101m un nodro\u0161inot sp\u0113c\u012bgas stum\u0161anas un vilk\u0161anas sp\u0113jas, kas ir ide\u0101li piem\u0113rotas smagu un sare\u017e\u0123\u012btu uzdevumu veik\u0161anai.<\/li>\n<li><strong>Da\u017e\u0101di veidi:<\/strong> Pieejami vienk\u0101r\u0161\u0101s darb\u012bbas (izmanto hidraulisko spiedienu vien\u0101 virzien\u0101) un divk\u0101r\u0161\u0101s darb\u012bbas (izmanto hidraulisko spiedienu abos virzienos) mode\u013ci, kas \u013cauj apmierin\u0101t da\u017e\u0101das ekspluat\u0101cijas vajadz\u012bbas. Da\u017ei mode\u013ci ir teleskopiski, kas \u013cauj pan\u0101kt liel\u0101ku pagarin\u0101jumu, nepalielinot \u0101r\u0113jos izm\u0113rus, t\u0101p\u0113c tie ir piem\u0113roti lieto\u0161anai ierobe\u017eot\u0101 telp\u0101.<\/li>\n<li><strong>Prec\u012bza ra\u017eo\u0161ana:<\/strong> Katrs cilindrs tiek ra\u017eots atbilsto\u0161i prec\u012bz\u0101m specifik\u0101cij\u0101m, nodro\u0161inot sader\u012bbu ar da\u017e\u0101diem iek\u0101rtu mode\u013ciem un optimiz\u0113jot veiktsp\u0113jas uzticam\u012bbu.<\/li>\n<li><strong>Piel\u0101gojamas opcijas:<\/strong> M\u016bsu cilindrus var piel\u0101got konkr\u0113t\u0101m klientu pras\u012bb\u0101m, uzlabojot funkcionalit\u0101ti da\u017e\u0101du veidu ma\u0161\u012bn\u0101s.<\/li>\n<\/ul>\n<p>M\u0113s varam ra\u017eot \u0161o produktu, un m\u016bsu produkti var lieliski aizst\u0101t \u0161os hidrauliskos cilindrus.<\/p>\n<p><img decoding=\"async\" src=\"https:\/\/www.hydraulic-cylinders.net\/wp-content\/uploads\/2025\/04\/songte-cylinder-head-with-all-kinds-excavator-models.webp\" alt=\"Ekskavatoru mode\u013ci\"><\/p>\n<h2>Str\u0113les cilindra pielietojumi<\/h2>\n<h3>Celtniec\u012bbas apr\u012bkojums<\/h3>\n<p>Ekskavatoros str\u0113les cilindri ir vit\u0101li svar\u012bgi augsnes vai gru\u017eu rak\u0161anai, iekrau\u0161anai un p\u0101rvieto\u0161anai. Kontrol\u0113t\u0101 kust\u012bba \u013cauj prec\u012bzi pozicion\u0113t str\u0113li, uzlabojot ma\u0161\u012bnas sp\u0113ju efekt\u012bvi veikt uzdevumus. Ekskavatoros-iekr\u0101v\u0113jos str\u0113les cilindrs ne tikai pal\u012bdz rak\u0161an\u0101, bet ar\u012b materi\u0101lu cel\u0161an\u0101 un novieto\u0161an\u0101, nodro\u0161inot daudzpus\u012bbu b\u016bvniec\u012bbas darbos.<\/p>\n<h3>Lauksaimniec\u012bbas tehnika<\/h3>\n<p>Front\u0101lajos iekr\u0101v\u0113jos str\u0113les cilindri ir b\u016btiski augsnes, siena un citu materi\u0101lu sav\u0101k\u0161anai, cel\u0161anai un transport\u0113\u0161anai. Tie \u013cauj operatoriem viegli veikt da\u017e\u0101dus lauksaimniec\u012bbas uzdevumus, uzlabojot produktivit\u0101ti saimniec\u012bb\u0101s un lauksaimniec\u012bbas objektos.<\/p>\n<h3>Ekskavatori<\/h3>\n<p>Ekskavatoros str\u0113les cilindrs atvieglo rak\u0161anas darbus, \u013caujot kausam efekt\u012bvi iek\u013c\u016bt augsn\u0113. \u0160\u012b funkcija ir \u013coti svar\u012bga da\u017e\u0101dos rak\u0161anas projektos, nodro\u0161inot, ka materi\u0101lus var efekt\u012bvi p\u0101rvietot no vienas vietas uz citu.<\/p>\n<h3>Iekr\u0101v\u0113ji<\/h3>\n<p>Front\u0101lajos iekr\u0101v\u0113jos str\u0113les cilindri pal\u012bdz efekt\u012bvi pacelt un izg\u0101zt kravas. Tie \u013cauj efekt\u012bvi apstr\u0101d\u0101t materi\u0101lus, kas ir svar\u012bgi b\u016bvniec\u012bbas un ainavu veido\u0161anas darbos.<\/p>\n<h2>Dizaina apsv\u0113rumi un atlases krit\u0113riji<\/h2>\n<h3>Kravnes\u012bba<\/h3>\n<p>Str\u0113les cilindra kravnes\u012bba ir kritisks projekt\u0113\u0161anas apsv\u0113rums. T\u0101 nosaka maksim\u0101lo svaru, ko cilindrs var dro\u0161i pacelt vai nolaist. Cilindra ar atbilsto\u0161u kravnes\u012bbu izv\u0113le ir b\u016btiska, lai nov\u0113rstu iek\u0101rtu boj\u0101jumus un nodro\u0161in\u0101tu ekspluat\u0101cijas dro\u0161\u012bbu. Izv\u0113les proces\u0101 ir nepiecie\u0161ami pareizi apr\u0113\u0137ini, pamatojoties uz ma\u0161\u012bnas specifik\u0101cij\u0101m un ekspluat\u0101cijas pras\u012bb\u0101m.<\/p>\n<h3>Bl\u012bv\u0113\u0161ana<\/h3>\n<p>Bl\u012bv\u0113jumam ir b\u016btiska loma hidraulisko cilindru darb\u012bb\u0101 un ilgm\u016b\u017e\u012bb\u0101. Efekt\u012bvi bl\u012bv\u0113jumi nov\u0113r\u0161 hidraulisk\u0101 \u0161\u0137idruma nopl\u016bdes, kas var samazin\u0101t efektivit\u0101ti un izrais\u012bt iesp\u0113jamus boj\u0101jumus. Izv\u0113loties hidraulisko cilindru, j\u0101\u0146em v\u0113r\u0101 bl\u012bv\u0113\u0161anas komponentu, piem\u0113ram, virzu\u013ca bl\u012bv\u0113jumu un stie\u0146a bl\u012bv\u0113jumu, kvalit\u0101te. Augstas kvalit\u0101tes bl\u012bv\u0113jumi, kas izgatavoti no iztur\u012bgiem materi\u0101liem, nodro\u0161ina uzticamu darb\u012bbu un spiediena integrit\u0101tes uztur\u0113\u0161anu.<\/p>\n<h3>Iztur\u012bba<\/h3>\n<p>Iztur\u012bba ir galvenais faktors hidraulisko cilindru konstrukcij\u0101, \u012bpa\u0161i, ja tos izmanto lieljaudas lietojumos. Izmantotajiem materi\u0101liem, k\u0101 ar\u012b atbilsto\u0161ai in\u017eenierijai, j\u0101b\u016bt iztur\u012bgiem pret nodilumu. Lai nodro\u0161in\u0101tu, ka izv\u0113l\u0113tais cilindrs ilgsto\u0161i darbojas, ir svar\u012bgi nov\u0113rt\u0113t vides apst\u0101k\u013cus un korozijas vai nodiluma iesp\u0113jam\u012bbu.<\/p>\n<h3>Dro\u0161\u012bba<\/h3>\n<p>Hidraulisko cilindru projekt\u0113\u0161an\u0101 \u0101rk\u0101rt\u012bgi svar\u012bgi ir dro\u0161\u012bbas pas\u0101kumi. Tas ietver funkcijas, kas nov\u0113r\u0161 p\u0101rspiedienu un nodro\u0161ina dro\u0161u darb\u012bbu. Dro\u0161\u012bbas v\u0101rstu un spiediena samazin\u0101\u0161anas meh\u0101nismu ievie\u0161ana samazina hidraulisk\u0101s sist\u0113mas atteices risku, aizsarg\u0101jot gan operatorus, gan apr\u012bkojumu. Lai iev\u0113rotu dro\u0161\u012bbas noteikumus, ir nepiecie\u0161amas regul\u0101ras dro\u0161\u012bbas rev\u012bzijas un atbilst\u012bba nozares standartiem.<\/p>\n<h3>Apkope<\/h3>\n<p>Hidraulisk\u0101 cilindra izv\u0113le, \u0146emot v\u0113r\u0101 t\u0101 apkopes vienk\u0101r\u0161\u012bbu, ir \u013coti svar\u012bga darb\u012bbas efektivit\u0101tei. Konstrukcijas, kas nodro\u0161ina \u0113rtu piek\u013cuvi komponentiem, k\u0101 ar\u012b skaidras vadl\u012bnijas apkopes proced\u016br\u0101m, pal\u012bdz pagarin\u0101t cilindra kalpo\u0161anas laiku. Regul\u0101ras apkopes p\u0101rbaudes un nodiluma deta\u013cu nomai\u0146a veicina ilgsto\u0161u veiktsp\u0113ju un uzticam\u012bbu.<\/p>\n<p><img decoding=\"async\" src=\"https:\/\/www.hydraulic-cylinders.net\/wp-content\/uploads\/2025\/04\/songte-oil-pipes-and-spare-parts.webp\" alt=\"E\u013c\u013cas caurules un rezerves da\u013cas\"><\/p>\n<h2>Bl\u012bv\u0113\u0161ana un e\u013c\u013co\u0161ana<\/h2>\n<p>Efekt\u012bva bl\u012bv\u0113\u0161ana un e\u013c\u013co\u0161ana ir b\u016btiska hidraulisko cilindru darb\u012bbai. Da\u017e\u0101d\u0101m bl\u012bv\u0113\u0161anas sast\u0101vda\u013c\u0101m, tostarp virzu\u013ca bl\u012bv\u0113m un stie\u0146u bl\u012bv\u0113m, ir iz\u0161\u0137iro\u0161a noz\u012bme sist\u0113mas integrit\u0101tes uztur\u0113\u0161an\u0101. Materi\u0101lu, piem\u0113ram, poliuret\u0101na un nitrila gumijas, izv\u0113le ietekm\u0113 bl\u012bv\u0113jumu nodilumiztur\u012bbu. Cilindra korpuss un v\u012bt\u0146ot\u0101s gala virsmas ir r\u016bp\u012bgi j\u0101apstr\u0101d\u0101, lai uzlabotu iztur\u012bbu un nodilumiztur\u012bbu. Regul\u0101ra e\u013c\u013co\u0161ana ar hidraulisko e\u013c\u013cu ir nepiecie\u0161ama, lai nodro\u0161in\u0101tu vienm\u0113r\u012bgu darb\u012bbu un samazin\u0101tu berzi starp kust\u012bgaj\u0101m da\u013c\u0101m, kas pal\u012bdz nov\u0113rst priek\u0161laic\u012bgu nodilumu un pagarina cilindra kalpo\u0161anas laiku.<\/p>\n<h2>Regul\u0101ra p\u0101rbaude un profilaktisk\u0101 apkope<\/h2>\n<ul>\n<li><strong>Regul\u0101ra p\u0101rbaude:<\/strong> Regul\u0101ru hidraulisko cilindru p\u0101rbau\u017eu veik\u0161ana ir \u013coti svar\u012bga, lai laikus identific\u0113tu nodilumu un iesp\u0113jam\u0101s probl\u0113mas. Mekl\u0113jiet nopl\u016bdes, korozijas vai jebk\u0101du darb\u012bbas anom\u0101liju paz\u012bmes. \u0160o probl\u0113mu savlaic\u012bga atkl\u0101\u0161ana var nov\u0113rst d\u0101rgus remontdarbus un d\u012bkst\u0101ves.<\/li>\n<li><strong>Piem\u0113rota e\u013c\u013co\u0161ana:<\/strong> Pareiza hidraulisko cilindru e\u013c\u013co\u0161ana ir \u013coti svar\u012bga to veiktsp\u0113jai un ilgm\u016b\u017e\u012bbai. P\u0101rliecinieties, vai hidraulisk\u0101s e\u013c\u013cas l\u012bmenis ir pietiekams un e\u013c\u013ca ir t\u012bra. Pies\u0101r\u0146ota e\u013c\u013ca var izrais\u012bt cilindra boj\u0101jumus.<\/li>\n<li><strong>Bl\u012bv\u0113juma nomai\u0146a:<\/strong> Regul\u0101ri p\u0101rbaudiet bl\u012bv\u0113jumu nodilumu. Bl\u012bvju nomai\u0146a, kad nepiecie\u0161ams, nov\u0113r\u0161 nopl\u016bdes un uztur hidraulisk\u0101s sist\u0113mas efektivit\u0101ti.<\/li>\n<\/ul>\n<h2>Uzst\u0101d\u012b\u0161anas vadl\u012bnijas<\/h2>\n<p>Pareiza str\u0113les cilindra uzst\u0101d\u012b\u0161ana ir \u013coti svar\u012bga t\u0101 darb\u012bbai. Vispirms p\u0101rliecinieties, vai mont\u0101\u017eas virsmas ir t\u012bras un bez gru\u017eiem. Pareizi izl\u012bdziniet cilindru, lai nov\u0113rstu p\u0101rm\u0113r\u012bgu slodzi uz bl\u012bv\u0113m un deta\u013c\u0101m. Izmantojiet piem\u0113rotus mont\u0101\u017eas kron\u0161teinus, lai nostiprin\u0101tu cilindru viet\u0101, un p\u0101rbaudiet, vai visi hidrauliskie savienojumi ir cie\u0161i un bez nopl\u016bd\u0113m. P\u0113c uzst\u0101d\u012b\u0161anas veiciet r\u016bp\u012bgu sist\u0113mas p\u0101rbaudi ekspluat\u0101cijas apst\u0101k\u013cos, lai p\u0101rliecin\u0101tos, ka viss darbojas pareizi. Regul\u0101ra uzst\u0101d\u012b\u0161anas uzraudz\u012bba pal\u012bdz\u0113s noteikt jebk\u0101das neatbilst\u012bbas vai probl\u0113mas, kas var rasties laika gait\u0101.<\/p>\n<p><img decoding=\"async\" src=\"https:\/\/www.hydraulic-cylinders.net\/wp-content\/uploads\/2025\/04\/songte-chushion-collar.webp\" alt=\"Spilvenu apkakle\"><\/p>\n<h2>Dro\u0161\u012bbas apsv\u0113rumi un vides faktori<\/h2>\n<p>Izmantojot hidrauliskos cilindrus, dro\u0161\u012bbas pas\u0101kumi ir \u013coti svar\u012bgi, lai aizsarg\u0101tu operatorus un iek\u0101rtas. P\u0101rliecinieties, ka tiek iev\u0113roti visi dro\u0161\u012bbas protokoli, tostarp tiek lietoti atbilsto\u0161i individu\u0101lie aizsardz\u012bbas l\u012bdzek\u013ci (IAL) un iev\u0113rotas ekspluat\u0101cijas vadl\u012bnijas. Vides faktori, piem\u0113ram, temperat\u016bra, mitrums un \u0137\u012bmisko vielu iedarb\u012bba, var ietekm\u0113t hidraulisko sist\u0113mu darb\u012bbu. Ir svar\u012bgi \u0146emt v\u0113r\u0101 \u0161os faktorus ekspluat\u0101cijas un apkopes laik\u0101, lai nov\u0113rstu boj\u0101jumus un nodro\u0161in\u0101tu dro\u0161\u012bbu.<\/p>\n<h2>Probl\u0113mu nov\u0113r\u0161ana un bie\u017ei sastopamas probl\u0113mas<\/h2>\n<ul>\n<li><strong>Nopl\u016bde:<\/strong> Viena no visbie\u017e\u0101k sastopamaj\u0101m probl\u0113m\u0101m ir nopl\u016bde. T\u0101 var rasties boj\u0101tu bl\u012bv\u0113jumu vai savienojumu d\u0113\u013c. Regul\u0101ras p\u0101rbaudes var pal\u012bdz\u0113t laikus atkl\u0101t nopl\u016bdes, \u013caujot veikt savlaic\u012bgu remontu.<\/li>\n<li><strong>Nekonsekventa darb\u012bba:<\/strong> Ja hidrauliskais cilindrs darbojas nevienm\u0113r\u012bgi, tas var b\u016bt saist\u012bts ar sist\u0113m\u0101 iespr\u016bdu\u0161u gaisu vai zemu hidraulisk\u0101 \u0161\u0137idruma l\u012bmeni. Sist\u0113mas atgaiso\u0161ana un \u0161\u0137idruma l\u012bme\u0146a p\u0101rbaude ir svar\u012bgi so\u013ci, lai nov\u0113rstu \u0161o probl\u0113mu.<\/li>\n<li><strong>P\u0101rm\u0113r\u012bgs troksnis:<\/strong> Neparastas ska\u0146as darb\u012bbas laik\u0101 var liecin\u0101t par meh\u0101nisk\u0101m probl\u0113m\u0101m vai nepietiekamu e\u013c\u013co\u0161anu. P\u0101rbaudiet cilindru un nodro\u0161iniet pareizu e\u013c\u013co\u0161anu, lai nov\u0113rstu turpm\u0101kus boj\u0101jumus.<\/li>\n<\/ul>\n<p>Lai efekt\u012bvi nov\u0113rstu probl\u0113mas, veiciet detaliz\u0113tu visu probl\u0113mu un remontu \u017eurn\u0101lu un, ja probl\u0113mas joproj\u0101m past\u0101v, konsult\u0113jieties ar hidraulikas speci\u0101listu.<\/p>\n<p><img decoding=\"async\" src=\"https:\/\/www.hydraulic-cylinders.net\/wp-content\/uploads\/2025\/04\/songte-bushings-with-all-kinds-of-excavator-models.webp\" alt=\"Ekskavatoru mode\u013cu bukses\"><\/p>\n<h2>Secin\u0101jums: M\u016bsu uz\u0146\u0113mums<\/h2>\n<p>M\u0113s esam vado\u0161ais rezerves hidraulisko cilindru ra\u017eot\u0101js, kas paz\u012bstams ar savu daudzveid\u012bgo produktu kl\u0101stu un ap\u0146em\u0161anos nodro\u0161in\u0101t kvalit\u0101ti. M\u016bsu produkti ir ieguvu\u0161i atzin\u012bbu gan viet\u0113j\u0101, gan starptautiskaj\u0101 tirg\u016b. M\u0113s iev\u0113rojam augstus izcil\u012bbas standartus, izmantojot izsmalcin\u0101tu ra\u017eo\u0161anas strat\u0113\u0123iju, kas ietver progres\u012bvas tehnolo\u0123ijas, kvalific\u0113tu person\u0101lu un stabilu kvalit\u0101tes kontroles sist\u0113mu. M\u016bsu iesp\u0113jas ietver prec\u012bzu ra\u017eo\u0161anu, piel\u0101gojamus risin\u0101jumus un izcilu p\u0113cp\u0101rdo\u0161anas apkalpo\u0161anu, nodro\u0161inot, ka m\u0113s apmierin\u0101m m\u016bsu klientu da\u017e\u0101d\u0101s vajadz\u012bbas.<\/p>\n<p><img decoding=\"async\" src=\"https:\/\/www.hydraulic-cylinders.net\/wp-content\/uploads\/2025\/04\/songte-company-4.webp\" alt=\"Uz\u0146\u0113muma t\u0113ls\"><br \/>\n<img decoding=\"async\" src=\"https:\/\/www.hydraulic-cylinders.net\/wp-content\/uploads\/2025\/04\/songte-company-3.webp\" alt=\"Uz\u0146\u0113muma t\u0113ls\"><\/p>\n<p>Autors: lil<\/p>","protected":false},"excerpt":{"rendered":"<p>Boom Cylinder For Dasin DS35 Product Definition The Boom Cylinder for Dasin DS35 is a specialized hydraulic cylinder designed for controlling the movement of boom arms in heavy machinery such as excavators, backhoe loaders, and front loaders. This type of hydraulic cylinder plays a crucial role in facilitating the lifting, lowering, and tilting of the [&hellip;]<\/p>","protected":false},"featured_media":17881,"comment_status":"open","ping_status":"closed","template":"","meta":{"_et_pb_use_builder":"","_et_pb_old_content":"","_et_gb_content_width":""},"product_brand":[],"product_cat":[1546],"product_tag":[1547,1496],"class_list":{"0":"post-19693","1":"product","2":"type-product","3":"status-publish","4":"has-post-thumbnail","6":"product_cat-boom-cylinders","7":"product_tag-boom-cylinders","8":"product_tag-hydraulic-cylinders","10":"first","11":"instock","12":"shipping-taxable","13":"product-type-simple"},"amp_enabled":true,"_links":{"self":[{"href":"https:\/\/www.hydraulic-cylinders.net\/lv\/wp-json\/wp\/v2\/product\/19693","targetHints":{"allow":["GET"]}}],"collection":[{"href":"https:\/\/www.hydraulic-cylinders.net\/lv\/wp-json\/wp\/v2\/product"}],"about":[{"href":"https:\/\/www.hydraulic-cylinders.net\/lv\/wp-json\/wp\/v2\/types\/product"}],"replies":[{"embeddable":true,"href":"https:\/\/www.hydraulic-cylinders.net\/lv\/wp-json\/wp\/v2\/comments?post=19693"}],"wp:featuredmedia":[{"embeddable":true,"href":"https:\/\/www.hydraulic-cylinders.net\/lv\/wp-json\/wp\/v2\/media\/17881"}],"wp:attachment":[{"href":"https:\/\/www.hydraulic-cylinders.net\/lv\/wp-json\/wp\/v2\/media?parent=19693"}],"wp:term":[{"taxonomy":"product_brand","embeddable":true,"href":"https:\/\/www.hydraulic-cylinders.net\/lv\/wp-json\/wp\/v2\/product_brand?post=19693"},{"taxonomy":"product_cat","embeddable":true,"href":"https:\/\/www.hydraulic-cylinders.net\/lv\/wp-json\/wp\/v2\/product_cat?post=19693"},{"taxonomy":"product_tag","embeddable":true,"href":"https:\/\/www.hydraulic-cylinders.net\/lv\/wp-json\/wp\/v2\/product_tag?post=19693"}],"curies":[{"name":"wp","href":"https:\/\/api.w.org\/{rel}","templated":true}]}}