{"id":19694,"date":"2025-04-07T07:02:13","date_gmt":"2025-04-07T07:02:13","guid":{"rendered":"https:\/\/www.hydraulic-cylinders.net\/product\/boom-cylinder-for-dasin-ds15\/"},"modified":"2025-04-07T07:02:16","modified_gmt":"2025-04-07T07:02:16","slug":"boom-cylinder-for-dasin-ds15","status":"publish","type":"product","link":"https:\/\/www.hydraulic-cylinders.net\/lv\/products\/boom-cylinder-for-dasin-ds15\/","title":{"rendered":"Str\u0113les cilindrs Dasin DS15"},"content":{"rendered":"<h1>Str\u0113les cilindrs Dasin DS15<\/h1>\n<h2>Ievads str\u0113les cilindr\u0101<\/h2>\n<p>Str\u0113les cilindrs, kas \u012bpa\u0161i izstr\u0101d\u0101ts Dasin DS15, ir b\u016btiska hidraulisko sist\u0113mu sast\u0101vda\u013ca. Tas kalpo str\u0113les kust\u012bbas kontrolei, nodro\u0161inot efekt\u012bvu smago ma\u0161\u012bnu vad\u012b\u0161anu un manevr\u0113\u0161anu. K\u0101 hidraulisk\u0101 cilindra veids tam ir iz\u0161\u0137iro\u0161a noz\u012bme da\u017e\u0101d\u0101s smag\u0101s tehnikas lietojumprogramm\u0101s, piem\u0113ram, ekskavatoros, ekskavatoros un front\u0101lajos iekr\u0101v\u0113jos. \u0160is cilindrs \u013cauj str\u0113lei pacelt, nolaist un noliekt, atvieglojot ar materi\u0101lu apstr\u0101di saist\u012btus uzdevumus.<\/p>\n<p><img decoding=\"async\" src=\"https:\/\/www.hydraulic-cylinders.net\/wp-content\/uploads\/2025\/04\/songte-company-1.webp\" alt=\"Hidrauliskais cilindrs\"><\/p>\n<h3>Defin\u012bcija un p\u0101rskats<\/h3>\n<p>Str\u0113les cilindrs p\u0113c savas b\u016bt\u012bbas ir hidrauliska ier\u012bce, kas p\u0101rveido hidraulisko ener\u0123iju meh\u0101niskaj\u0101 ener\u0123ij\u0101. Tas nodro\u0161ina nepiecie\u0161amo sp\u0113ku celtniec\u012bbas ma\u0161\u012bnas str\u0113les p\u0101rvieto\u0161anai, kas ir b\u016btiski materi\u0101lu rak\u0161anai, cel\u0161anai un transport\u0113\u0161anai. Str\u0113les cilindra konstrukcija \u013cauj tam rad\u012bt iev\u0113rojamu celtsp\u0113ju, vienlaikus saglab\u0101jot stabilit\u0101ti un precizit\u0101ti darb\u012bbas laik\u0101. T\u0101 efekt\u012bv\u0101 darb\u012bba ir kritiski svar\u012bga, lai samazin\u0101tu d\u012bkst\u0101ves laiku un uzlabotu produktivit\u0101ti b\u016bvniec\u012bbas un lauksaimniec\u012bbas darbos.<\/p>\n<h2>Str\u0113les cilindra \u012bpa\u0161\u012bbas<\/h2>\n<ul>\n<li><strong>Augsta iztur\u012bba un ilgm\u016b\u017e\u012bba:<\/strong> \u0160ie cilindri, kas izgatavoti no augstas stipr\u012bbas t\u0113rauda vai alum\u012bnija, var iztur\u0113t augstu spiedienu un lielas slodzes. Tie ir izstr\u0101d\u0101ti, lai iztur\u0113tu skarbus darba apst\u0101k\u013cus, vienlaikus esot iztur\u012bgi pret nodilumu un koroziju, t\u0101d\u0113j\u0101di pagarinot to kalpo\u0161anas laiku.<\/li>\n<li><strong>Efekt\u012bva hidraulisk\u0101 darb\u012bba:<\/strong> Izmantojot hidraulisk\u0101s e\u013c\u013cas spiedienu vienm\u0113r\u012bgai izstiep\u0161anai un ievilk\u0161anai, str\u0113les cilindrs nodro\u0161ina \u0101tru rea\u0123\u0113\u0161anu uz vad\u012bbas komand\u0101m, radot sp\u0113c\u012bgu stum\u0161anas un vilk\u0161anas sp\u0113ku, kas ir ide\u0101li piem\u0113rots smagiem un sare\u017e\u0123\u012btiem uzdevumiem.<\/li>\n<li><strong>Da\u017e\u0101di veidi:<\/strong> Atkar\u012bb\u0101 no pielietojuma vajadz\u012bb\u0101m ir pieejamas vienas darb\u012bbas (izmantojot hidraulisko spiedienu vien\u0101 virzien\u0101) un divk\u0101r\u0161as darb\u012bbas (izmantojot hidraulisko spiedienu abos virzienos) cilindri. Da\u017ei mode\u013ci var b\u016bt teleskopiski, kas \u013cauj veikt liel\u0101ku pagarin\u0101jumu, nepalielinot \u0101r\u0113jos izm\u0113rus, padarot tos piem\u0113rotus \u0161aur\u0101m telp\u0101m.<\/li>\n<li><strong>Piel\u0101gota ra\u017eo\u0161ana:<\/strong> M\u016bsu produkti var neman\u0101mi aizst\u0101t eso\u0161os hidrauliskos cilindrus, nodro\u0161inot optim\u0101lu veiktsp\u0113ju un sader\u012bbu.<\/li>\n<li><strong>Daudzpus\u012bgs pielietojums:<\/strong> \u0160ie cilindri, kas paredz\u0113ti da\u017e\u0101diem pielietojumiem, piel\u0101gojas da\u017e\u0101du iek\u0101rtu \u012bpa\u0161aj\u0101m ekspluat\u0101cijas pras\u012bb\u0101m.<\/li>\n<\/ul>\n<p><img decoding=\"async\" src=\"https:\/\/www.hydraulic-cylinders.net\/wp-content\/uploads\/2025\/04\/songte-cylinder-head-with-all-kinds-excavator-models.webp\" alt=\"Ekskavatoru mode\u013ci\"><\/p>\n<h2>Str\u0113les cilindra pielietojumi<\/h2>\n<h3>Celtniec\u012bbas apr\u012bkojums<\/h3>\n<p>Ekskavatoros str\u0113les cilindri ir vit\u0101li svar\u012bgi zemes vai gru\u017eu rak\u0161anai, iekrau\u0161anai un transport\u0113\u0161anai. Tie nodro\u0161ina str\u0113les kust\u012bbu uz aug\u0161u un uz leju, iev\u0113rojami uzlabojot ma\u0161\u012bnas darb\u012bbas efektivit\u0101ti. Ekskavatoros-iekr\u0101v\u0113jos str\u0113les cilindrs pal\u012bdz gan rak\u0161anas, gan cel\u0161anas oper\u0101cij\u0101s, kas ir b\u016btiski b\u016bvniec\u012bbas un nojauk\u0161anas projektos.<\/p>\n<h3>Lauksaimniec\u012bbas tehnika<\/h3>\n<p>Front\u0101lajiem iekr\u0101v\u0113jiem str\u0113les cilindri atvieglo augsnes, siena un citu materi\u0101lu sav\u0101k\u0161anu, cel\u0161anu un transport\u0113\u0161anu. To sp\u0113ja efekt\u012bvi apstr\u0101d\u0101t smagas kravas padara tos neaizst\u0101jamus lauksaimniec\u012bbas darbos, uzlabojot produktivit\u0101ti un samazinot darbasp\u0113ka izmaksas.<\/p>\n<h3>Ekskavatori<\/h3>\n<p>Str\u0113les cilindrs ir \u013coti svar\u012bgs ekskavatoru rak\u0161anas darb\u012bbai, \u013caujot kausam efekt\u012bvi iek\u013c\u016bt zem\u0113. \u0160\u012b sp\u0113ja ir b\u016btiska uzdevumiem, kuriem nepiecie\u0161ama precizit\u0101te un jauda, \u200b\u200b\u013caujot operatoriem viegl\u0101k veikt rak\u0161anas darb\u012bbas.<\/p>\n<h3>Iekr\u0101v\u0113ji<\/h3>\n<p>Front\u0101lajos iekr\u0101v\u0113jos str\u0113les cilindri pal\u012bdz pacelt un izg\u0101zt kravas. To konstrukcija nodro\u0161ina vienm\u0113r\u012bgu darb\u012bbu, vienlaikus saglab\u0101jot nepiecie\u0161amo celtsp\u0113ju, padarot tos ide\u0101li piem\u0113rotus materi\u0101lu \u0101trai un efekt\u012bvai p\u0101rvieto\u0161anai un izkrau\u0161anai.<\/p>\n<h2>Dizaina apsv\u0113rumi un atlases krit\u0113riji<\/h2>\n<h3>Kravnes\u012bba<\/h3>\n<p>Viens no galvenajiem apsv\u0113rumiem str\u0113les cilindra projekt\u0113\u0161an\u0101 ir t\u0101 kravnes\u012bba. Ir svar\u012bgi, lai cilindrs var\u0113tu iztur\u0113t maksim\u0101lo paredzamo slodzi, neapdraudot dro\u0161\u012bbu vai funkcionalit\u0101ti. Tas ietver materi\u0101la iztur\u012bbas un konstrukcijas \u0123eometrijas nov\u0113rt\u0113\u0161anu, lai nodro\u0161in\u0101tu cilindra uzticamu darb\u012bbu da\u017e\u0101dos apst\u0101k\u013cos.<\/p>\n<h3>Bl\u012bv\u0113\u0161ana<\/h3>\n<p>Efekt\u012bva bl\u012bv\u0113\u0161ana ir kritiski svar\u012bga hidrauliskaj\u0101s sist\u0113m\u0101s. Augstas kvalit\u0101tes bl\u012bv\u0113jumi nov\u0113r\u0161 hidraulisk\u0101 \u0161\u0137idruma nopl\u016bdi, nodro\u0161inot sist\u0113mas efekt\u012bvu darb\u012bbu. Bl\u012bv\u0113\u0161anas materi\u0101lu, piem\u0113ram, poliuret\u0101na un nitrilgumijas, izv\u0113le ir \u013coti svar\u012bga, lai uzlabotu iztur\u012bbu un nov\u0113rstu nodilumu laika gait\u0101. Pareiza bl\u012bv\u0113\u0161ana veicina sist\u0113mas uzticam\u012bbu un samazina apkopes izmaksas.<\/p>\n<h3>Iztur\u012bba<\/h3>\n<p>Iztur\u012bba ir galvenais faktors str\u0113les cilindru konstrukcij\u0101. Tiem j\u0101b\u016bt konstru\u0113tiem t\u0101, lai tie iztur\u0113tu skarbus darba apst\u0101k\u013cus, tostarp ekstrem\u0101las temperat\u016bras, mitrumu un net\u012brumus. Izmantojot augstas iztur\u012bbas materi\u0101lus un aizsargp\u0101rkl\u0101jumus, var iev\u0113rojami pagarin\u0101t cilindru kalpo\u0161anas laiku, nodro\u0161inot to efekt\u012bvu darb\u012bbu vis\u0101 to ekspluat\u0101cijas laik\u0101.<\/p>\n<h3>Dro\u0161\u012bba<\/h3>\n<p>Str\u0113les cilindru konstrukcij\u0101 j\u0101iek\u013cauj dro\u0161\u012bbas funkcijas. Tas ietver cilindra apr\u012bko\u0161anu ar spiediena samazin\u0101\u0161anas v\u0101rstiem, lai nov\u0113rstu p\u0101rslodzi. Turkl\u0101t regul\u0101ras apkopes p\u0101rbaudes ir b\u016btiskas, lai identific\u0113tu visas iesp\u0113jam\u0101s probl\u0113mas, kas var\u0113tu izrais\u012bt boj\u0101jumus, t\u0101d\u0113j\u0101di nodro\u0161inot operatoru un apr\u012bkojuma dro\u0161\u012bbu.<\/p>\n<h3>Apkope<\/h3>\n<p>V\u0113l viens svar\u012bgs projekt\u0113\u0161anas apsv\u0113rums ir viegla apkope. Str\u0113les cilindriem j\u0101b\u016bt konstru\u0113tiem t\u0101, lai b\u016btu viegli piek\u013c\u016bt bl\u012bv\u0113m un cit\u0101m iek\u0161\u0113j\u0101m sast\u0101vda\u013c\u0101m, atvieglojot regul\u0101ras p\u0101rbaudes un nomai\u0146u. Apkopes proced\u016bru vienk\u0101r\u0161o\u0161ana var pal\u012bdz\u0113t samazin\u0101t d\u012bkst\u0101ves laiku un pagarin\u0101t produkta kop\u0113jo kalpo\u0161anas laiku.<\/p>\n<p><img decoding=\"async\" src=\"https:\/\/www.hydraulic-cylinders.net\/wp-content\/uploads\/2025\/04\/songte-oil-pipes-and-spare-parts.webp\" alt=\"E\u013c\u013cas caurules un rezerves da\u013cas\"><\/p>\n<h2>Str\u0113les cilindra bl\u012bv\u0113\u0161ana un e\u013c\u013co\u0161ana<\/h2>\n<p>Str\u0113les cilindra bl\u012bv\u0113\u0161anas sist\u0113ma sast\u0101v no da\u017e\u0101d\u0101m sast\u0101vda\u013c\u0101m, tostarp virzu\u013ca bl\u012bv\u0113m un stie\u0146a bl\u012bv\u0113m. \u0160\u012bs bl\u012bves parasti ir izgatavotas no nodilumiztur\u012bgiem materi\u0101liem, piem\u0113ram, poliuret\u0101na un nitrila gumijas, kas uzlabo ilgm\u016b\u017e\u012bbu un veiktsp\u0113ju. Cilindra korpuss un v\u012bt\u0146ot\u0101s gala virsmas tiek prec\u012bzi apstr\u0101d\u0101tas, lai uzlabotu nodilumiztur\u012bbu un nodro\u0161in\u0101tu cie\u0161u piegul\u0161anu, kas ir \u013coti svar\u012bgi nopl\u016b\u017eu nov\u0113r\u0161anai.<\/p>\n<p>Regul\u0101ra e\u013c\u013co\u0161ana ar hidraulisko e\u013c\u013cu ir \u013coti svar\u012bga cilindra funkcionalit\u0101tes uztur\u0113\u0161anai. Hidrauliskais \u0161\u0137idrums ne tikai e\u013c\u013co kust\u012bg\u0101s da\u013cas, bet ar\u012b pal\u012bdz izklied\u0113t darb\u012bbas laik\u0101 rad\u012bto siltumu. Ir svar\u012bgi nodro\u0161in\u0101t, lai regul\u0101ri tiktu uzkl\u0101ts pietiekams daudzums hidraulisk\u0101s e\u013c\u013cas, lai nov\u0113rstu bl\u012bv\u0113jumu un citu sast\u0101vda\u013cu nodilumu.<\/p>\n<h2>Prevent\u012bvie apkopes pas\u0101kumi<\/h2>\n<ul>\n<li><strong>Regul\u0101ras p\u0101rbaudes:<\/strong> Regul\u0101ras str\u0113les cilindra p\u0101rbaudes ir b\u016btiskas, lai identific\u0113tu jebk\u0101das nodiluma, nopl\u016b\u017eu vai boj\u0101jumu paz\u012bmes. \u0160\u012bm p\u0101rbaud\u0113m j\u0101koncentr\u0113jas uz cilindra \u0101rpusi, bl\u012bv\u0113m un savienojumiem, lai nodro\u0161in\u0101tu darb\u012bbas integrit\u0101ti.<\/li>\n<li><strong>Pareiza e\u013c\u013co\u0161ana:<\/strong> Ir \u013coti svar\u012bgi nodro\u0161in\u0101t, lai cilindrs b\u016btu pien\u0101c\u012bgi iee\u013c\u013cots ar hidraulisko e\u013c\u013cu. Pareizs e\u013c\u013co\u0161anas daudzums samazina berzi starp kust\u012bgaj\u0101m da\u013c\u0101m un pal\u012bdz uztur\u0113t optim\u0101lu veiktsp\u0113ju.<\/li>\n<li><strong>Bl\u012bv\u0113juma nomai\u0146a:<\/strong> Bl\u012bves regul\u0101ri j\u0101p\u0101rbauda un p\u0113c nepiecie\u0161am\u012bbas j\u0101nomaina, lai nov\u0113rstu nopl\u016bdes. Augstas kvalit\u0101tes bl\u012bvju izmanto\u0161ana var uzlabot cilindra iztur\u012bbu un veiktsp\u0113ju.<\/li>\n<\/ul>\n<h2>Uzst\u0101d\u012b\u0161anas vadl\u012bnijas<\/h2>\n<p>Pareiza str\u0113les cilindra uzst\u0101d\u012b\u0161ana ir \u013coti svar\u012bga optim\u0101lai veiktsp\u0113jai. Vispirms p\u0101rliecinieties, vai cilindrs ir pareizi izl\u012bdzin\u0101ts ar tehniku, lai nov\u0113rstu p\u0101rm\u0113r\u012bgu slodzi uz deta\u013c\u0101m. Izmantojiet atbilsto\u0161us mont\u0101\u017eas kron\u0161teinus, lai nostiprin\u0101tu cilindru viet\u0101, iev\u0113rojot ra\u017eot\u0101ja specifik\u0101cijas attiec\u012bb\u0101 uz griezes momenta iestat\u012bjumiem.<\/p>\n<p>Pirms hidraulisko l\u012bniju pievieno\u0161anas p\u0101rbaudiet, vai nav gru\u017eu vai pies\u0101r\u0146ot\u0101ju, kas var\u0113tu saboj\u0101t bl\u012bves. P\u0113c uzst\u0101d\u012b\u0161anas piepildiet sist\u0113mu ar ieteicamo hidraulisko \u0161\u0137idrumu un atgaisojiet sist\u0113mu, lai izvad\u012btu iesprostoto gaisu. P\u0101rbaudiet cilindra darb\u012bbu, lai p\u0101rliecin\u0101tos par pareizu izl\u012bdzin\u0101\u0161anu un funkcionalit\u0101ti, veicot nepiecie\u0161am\u0101s korekcijas.<\/p>\n<h2>Bie\u017ei sastopamie apkopes uzdevumi<\/h2>\n<h3>Regul\u0101ras p\u0101rbaudes<\/h3>\n<p>Regul\u0101ras str\u0113les cilindra p\u0101rbaudes ir \u013coti svar\u012bgas, lai nodro\u0161in\u0101tu t\u0101 ilgm\u016b\u017e\u012bbu un veiktsp\u0113ju. P\u0101rbaud\u0113m j\u0101b\u016bt r\u016bp\u012bg\u0101m un j\u0101ietver redzamu nodiluma paz\u012bmju, piem\u0113ram, nodilu\u0161u bl\u012bv\u0113jumu vai korozijas uz cilindra korpusa, p\u0101rbaude. Potenci\u0101lo probl\u0113mu agr\u012bna atkl\u0101\u0161ana var nov\u0113rst d\u0101rgus remontdarbus un d\u012bkst\u0101ves.<\/p>\n<h3>Pareiza e\u013c\u013co\u0161ana<\/h3>\n<p>Pareizas e\u013c\u013co\u0161anas uztur\u0113\u0161ana ir b\u016btiska str\u0113les cilindra efekt\u012bvai darb\u012bbai. Regul\u0101ri p\u0101rbaudiet hidraulisk\u0101 \u0161\u0137idruma l\u012bmeni un papildiniet to p\u0113c nepiecie\u0161am\u012bbas. Pareiza e\u013c\u013co\u0161ana samazina berzi un nodilumu, t\u0101d\u0113j\u0101di pagarinot cilindra kalpo\u0161anas laiku. Ir svar\u012bgi ar\u012b izmantot ieteicamo hidraulisk\u0101s e\u013c\u013cas veidu, lai saglab\u0101tu veiktsp\u0113ju un nov\u0113rstu boj\u0101jumus.<\/p>\n<h3>Bl\u012bv\u0113juma nomai\u0146a<\/h3>\n<p>Bl\u012bv\u0113m ir iz\u0161\u0137iro\u0161a noz\u012bme nopl\u016b\u017eu nov\u0113r\u0161an\u0101 un spiediena uztur\u0113\u0161an\u0101 hidrauliskaj\u0101 sist\u0113m\u0101. Regul\u0101ri p\u0101rbaudiet bl\u012bves, vai nav nodiluma paz\u012bmju, un nomainiet t\u0101s p\u0113c nepiecie\u0161am\u012bbas. Pareizi veikta bl\u012bvju nomai\u0146a var uzlabot str\u0113les cilindra veiktsp\u0113ju un samazin\u0101t hidraulisk\u0101s atteices risku.<\/p>\n<p><img decoding=\"async\" src=\"https:\/\/www.hydraulic-cylinders.net\/wp-content\/uploads\/2025\/04\/songte-chushion-collar.webp\" alt=\"Spilvenu apkakle\"><\/p>\n<h2>Dro\u0161\u012bbas apsv\u0113rumi un vides faktori<\/h2>\n<p>Str\u0101d\u0101jot ar hidrauliskaj\u0101m sist\u0113m\u0101m, dro\u0161\u012bbas pas\u0101kumi ir \u0101rk\u0101rt\u012bgi svar\u012bgi. Operatoriem j\u0101b\u016bt apm\u0101c\u012btiem par dro\u0161u hidraulisko iek\u0101rtu lieto\u0161anu un iesp\u0113jamiem apdraud\u0113jumiem, kas saist\u012bti ar augstspiediena hidrauliskaj\u0101m sist\u0113m\u0101m. Stingra dro\u0161\u012bbas protokolu iev\u0113ro\u0161ana var samazin\u0101t negad\u012bjumu vai traumu risku.<\/p>\n<p>Turkl\u0101t, lietojot hidrauliskos cilindrus, ir svar\u012bgi \u0146emt v\u0113r\u0101 vides faktorus. Lai nov\u0113rstu vides pies\u0101r\u0146ojumu, j\u0101veic hidraulisko \u0161\u0137idrumu un izlietoto bl\u012bv\u0113jumu pareiza utiliz\u0101cija. Izmantojot videi draudz\u012bgas sm\u0113rvielas un materi\u0101lus, var v\u0113l vair\u0101k samazin\u0101t hidraulisko darb\u012bbu ietekmi uz vidi.<\/p>\n<h2>K\u013c\u016bmju diagnostika un bie\u017e\u0101k sastopam\u0101s probl\u0113mas<\/h2>\n<ul>\n<li><strong>Nopl\u016bde:<\/strong> Nopl\u016bdes ir bie\u017ei sastopama probl\u0113ma hidrauliskajos cilindros, ko bie\u017ei izraisa nolietoti bl\u012bv\u0113jumi vai boj\u0101tas deta\u013cas. Regul\u0101ras p\u0101rbaudes var pal\u012bdz\u0113t savlaic\u012bgi atkl\u0101t nopl\u016bdes, \u013caujot veikt \u0101tru remontu.<\/li>\n<li><strong>Jaudas zudums:<\/strong> Ja cilindram ir jaudas zudums vai l\u0113ns reakcijas laiks, tas var liecin\u0101t par zemu hidraulisk\u0101 \u0161\u0137idruma l\u012bmeni vai gaisu sist\u0113m\u0101. \u0160\u0137idruma l\u012bme\u0146a p\u0101rbaude un sist\u0113mas atgaiso\u0161ana var atrisin\u0101t \u0161\u012bs probl\u0113mas.<\/li>\n<li><strong>Neatbilst\u012bba:<\/strong> Nepareiza izl\u012bdzin\u0101\u0161ana uzst\u0101d\u012b\u0161anas laik\u0101 var rad\u012bt p\u0101rm\u0113r\u012bgu slodzi uz cilindru, kas noved pie priek\u0161laic\u012bga nodiluma. Pareiza izl\u012bdzin\u0101\u0161ana uzst\u0101d\u012b\u0161anas laik\u0101 ir b\u016btiska, lai izvair\u012btos no \u0161\u012bs probl\u0113mas.<\/li>\n<\/ul>\n<h2>Probl\u0113mu nov\u0113r\u0161anas padomi un risin\u0101jumi<\/h2>\n<p>Lai efekt\u012bvi diagnostic\u0113tu un nov\u0113rstu probl\u0113mas ar str\u0113les cilindru, operatoriem j\u0101iev\u0113ro sistem\u0101tiska pieeja. S\u0101ciet ar redzamu nopl\u016b\u017eu p\u0101rbaudi un hidraulisk\u0101 \u0161\u0137idruma zuduma avota noteik\u0161anu. Ja cilindrs nerea\u0123\u0113 pareizi, p\u0101rbaudiet hidraulisk\u0101 \u0161\u0137idruma l\u012bmeni un l\u012bnijas, vai taj\u0101s nav aizsprostojumu vai gaisa kabatu.<\/p>\n<p>Prevent\u012bvu pas\u0101kumu, piem\u0113ram, regul\u0101ras apkopes un p\u0101rbau\u017eu, ievie\u0161ana ir b\u016btiska, lai samazin\u0101tu iesp\u0113jam\u0101s probl\u0113mas. Operatoriem j\u0101uztur apkopes \u017eurn\u0101ls, lai izsekotu p\u0101rbaud\u0113m un remontam, nodro\u0161inot, ka visi balona darb\u012bbas aspekti tiek uzraudz\u012bti laika gait\u0101.<\/p>\n<p><img decoding=\"async\" src=\"https:\/\/www.hydraulic-cylinders.net\/wp-content\/uploads\/2025\/04\/songte-bushings-with-all-kinds-of-excavator-models.webp\" alt=\"Bukses ar ekskavatora mode\u013ciem\"><\/p>\n<h2>Par m\u016bsu uz\u0146\u0113mumu<\/h2>\n<p>M\u0113s esam vado\u0161ais rezerves hidraulisko cilindru ra\u017eot\u0101js, kas pied\u0101v\u0101 pla\u0161u produktu kl\u0101stu viet\u0113jam un starptautiskajam tirgum. M\u016bsu ap\u0146em\u0161an\u0101s nodro\u0161in\u0101t kvalit\u0101ti ir redzama m\u016bsu pilnveidotajos ra\u017eo\u0161anas procesos un progres\u012bv\u0101s ra\u017eo\u0161anas vad\u012bbas strat\u0113\u0123ij\u0101s.<\/p>\n<p>M\u016bsu tehnisko ekspertu komanda apvienojum\u0101 ar modern\u0101kaj\u0101m augstas klases ra\u017eo\u0161anas iek\u0101rt\u0101m un stingr\u0101m test\u0113\u0161anas sist\u0113m\u0101m nodro\u0161ina nep\u0101rtrauktu ra\u017eo\u0161anas jaudu uzlabo\u0161anu. M\u0113s iev\u0113rojam augstas efektivit\u0101tes, precizit\u0101tes un kvalit\u0101tes principus, lai apmierin\u0101tu m\u016bsu klientu da\u017e\u0101d\u0101s vajadz\u012bbas.<\/p>\n<p>Koncentr\u0113joties uz profesion\u0101l\u0101m sertifik\u0101cij\u0101m, piel\u0101gotiem pakalpojumiem un izcilu p\u0113cp\u0101rdo\u0161anas atbalstu, m\u0113s cen\u0161amies sniegt lab\u0101kos risin\u0101jumus m\u016bsu klientiem. M\u016bsu pla\u0161ais produktu kl\u0101sts un ap\u0146em\u0161an\u0101s sasniegt izcil\u012bbu ir pozicion\u0113jusi m\u016bs k\u0101 uzticamu partneri hidraulisko cilindru nozar\u0113.<\/p>\n<p><img decoding=\"async\" src=\"https:\/\/www.hydraulic-cylinders.net\/wp-content\/uploads\/2025\/04\/songte-company-4.webp\" alt=\"Uz\u0146\u0113muma p\u0101rskats\"><br \/>\n<img decoding=\"async\" src=\"https:\/\/www.hydraulic-cylinders.net\/wp-content\/uploads\/2025\/04\/songte-company-3.webp\" alt=\"Ra\u017eo\u0161anas iek\u0101rta\"><\/p>\n<p>Autors: lil<\/p>","protected":false},"excerpt":{"rendered":"<p>Boom Cylinder For Dasin DS15 Introduction to the Boom Cylinder The boom cylinder, specifically designed for the Dasin DS15, is a vital component in hydraulic systems. It serves to control the motion of the boom, allowing for efficient handling and maneuvering of heavy machinery. As a type of hydraulic cylinder, it plays a crucial role [&hellip;]<\/p>","protected":false},"featured_media":17867,"comment_status":"open","ping_status":"closed","template":"","meta":{"_et_pb_use_builder":"","_et_pb_old_content":"","_et_gb_content_width":""},"product_brand":[],"product_cat":[1546],"product_tag":[1547,1496],"class_list":{"0":"post-19694","1":"product","2":"type-product","3":"status-publish","4":"has-post-thumbnail","6":"product_cat-boom-cylinders","7":"product_tag-boom-cylinders","8":"product_tag-hydraulic-cylinders","10":"first","11":"instock","12":"shipping-taxable","13":"product-type-simple"},"amp_enabled":true,"_links":{"self":[{"href":"https:\/\/www.hydraulic-cylinders.net\/lv\/wp-json\/wp\/v2\/product\/19694","targetHints":{"allow":["GET"]}}],"collection":[{"href":"https:\/\/www.hydraulic-cylinders.net\/lv\/wp-json\/wp\/v2\/product"}],"about":[{"href":"https:\/\/www.hydraulic-cylinders.net\/lv\/wp-json\/wp\/v2\/types\/product"}],"replies":[{"embeddable":true,"href":"https:\/\/www.hydraulic-cylinders.net\/lv\/wp-json\/wp\/v2\/comments?post=19694"}],"wp:featuredmedia":[{"embeddable":true,"href":"https:\/\/www.hydraulic-cylinders.net\/lv\/wp-json\/wp\/v2\/media\/17867"}],"wp:attachment":[{"href":"https:\/\/www.hydraulic-cylinders.net\/lv\/wp-json\/wp\/v2\/media?parent=19694"}],"wp:term":[{"taxonomy":"product_brand","embeddable":true,"href":"https:\/\/www.hydraulic-cylinders.net\/lv\/wp-json\/wp\/v2\/product_brand?post=19694"},{"taxonomy":"product_cat","embeddable":true,"href":"https:\/\/www.hydraulic-cylinders.net\/lv\/wp-json\/wp\/v2\/product_cat?post=19694"},{"taxonomy":"product_tag","embeddable":true,"href":"https:\/\/www.hydraulic-cylinders.net\/lv\/wp-json\/wp\/v2\/product_tag?post=19694"}],"curies":[{"name":"wp","href":"https:\/\/api.w.org\/{rel}","templated":true}]}}