{"id":19697,"date":"2025-04-07T07:02:22","date_gmt":"2025-04-07T07:02:22","guid":{"rendered":"https:\/\/www.hydraulic-cylinders.net\/product\/boom-cylinder-for-sinomach-zg3210-9c\/"},"modified":"2025-04-07T07:02:25","modified_gmt":"2025-04-07T07:02:25","slug":"boom-cylinder-for-sinomach-zg3210-9c","status":"publish","type":"product","link":"https:\/\/www.hydraulic-cylinders.net\/lv\/products\/boom-cylinder-for-sinomach-zg3210-9c\/","title":{"rendered":"Str\u0113les cilindrs Sinomach ZG3210-9C"},"content":{"rendered":"<h1>Str\u0113les cilindrs Sinomach ZG3210-9C<\/h1>\n<h2>Produkta p\u0101rskats<\/h2>\n<p>Sinomach ZG3210-9C str\u0113les cilindrs ir hidrauliskais cilindrs, kas \u012bpa\u0161i paredz\u0113ts kausa kust\u012bbas vad\u012bbai da\u017e\u0101d\u0101s smagaj\u0101s ma\u0161\u012bn\u0101s, piem\u0113ram, ekskavatoros, iekr\u0101v\u0113jos ar ekskavatoru un front\u0101lajos iekr\u0101v\u0113jos. \u0160\u012b iztur\u012bg\u0101 sast\u0101vda\u013ca \u013cauj operatoram pacelt, nolaist un noliekt kausu, atvieglojot efekt\u012bvus materi\u0101lu apstr\u0101des uzdevumus. Kausa cilindrs ir b\u016btisks hidrauliskaj\u0101s sist\u0113m\u0101s, nodro\u0161inot nepiecie\u0161amo sp\u0113ku kritisku funkciju veik\u0161anai b\u016bvniec\u012bb\u0101 un lauksaimniec\u012bb\u0101.<\/p>\n<p><img decoding=\"async\" src=\"https:\/\/www.hydraulic-cylinders.net\/wp-content\/uploads\/2025\/04\/songte-company-1.webp\" alt=\"Hidrauliskais cilindrs\"><\/p>\n<h2>Str\u0113les cilindra \u012bpa\u0161\u012bbas<\/h2>\n<ul>\n<li><strong>Augsta iztur\u012bba un ilgm\u016b\u017e\u012bba:<\/strong> \u0160is cilindrs ir izgatavots no augstas stipr\u012bbas t\u0113rauda vai alum\u012bnija, un tas var iztur\u0113t augstu spiedienu un lielas slodzes, padarot to piem\u0113rotu skarbiem darba apst\u0101k\u013ciem. T\u0101 konstrukcija ir paredz\u0113ta nodilumiztur\u012bbai un korozijas iztur\u012bbai, pagarinot t\u0101 kalpo\u0161anas laiku.<\/li>\n<li><strong>Efekt\u012bva hidraulisk\u0101 darb\u012bba:<\/strong> Izmantojot hidraulisk\u0101s e\u013c\u013cas spiedienu, cilindrs nodro\u0161ina vienm\u0113r\u012bgu izstiep\u0161anu un ievilk\u0161anu, \u0101tri rea\u0123\u0113jot uz vad\u012bbas komand\u0101m un radot sp\u0113c\u012bgus stum\u0161anas un vilk\u0161anas sp\u0113kus, kas ir ide\u0101li piem\u0113rots smagu un sare\u017e\u0123\u012btu uzdevumu veik\u0161anai.<\/li>\n<li><strong>Veidu da\u017e\u0101d\u012bba:<\/strong> Pieejams gan vienas darb\u012bbas (izmantojot hidrauliku vien\u0101 virzien\u0101), gan divk\u0101r\u0161as darb\u012bbas (izmantojot hidrauliku abos virzienos) konfigur\u0101cij\u0101s, lai apmierin\u0101tu da\u017e\u0101das ekspluat\u0101cijas vajadz\u012bbas. Da\u017ei mode\u013ci ir teleskopiski, kas \u013cauj tos papla\u0161in\u0101t, nepalielinot \u0101r\u0113jos izm\u0113rus, t\u0101p\u0113c tie ir piem\u0113roti lietojumiem ar ierobe\u017eotu vietu.<\/li>\n<li><strong>Prec\u012bzijas in\u017eenierija:<\/strong> Dizains ietver prec\u012bzu apstr\u0101di, lai nodro\u0161in\u0101tu liel\u0101ku efektivit\u0101ti un uzticam\u012bbu, k\u0101 rezult\u0101t\u0101 produkts darbojas vienm\u0113r\u012bgi da\u017e\u0101d\u0101s slodz\u0113s un apst\u0101k\u013cos.<\/li>\n<li><strong>Piel\u0101gojami risin\u0101jumi:<\/strong> M\u0113s varam ra\u017eot \u0161o produktu, lai tas perfekti aizst\u0101tu eso\u0161os hidrauliskos cilindrus, iev\u0113rojot \u012bpa\u0161as pras\u012bbas un specifik\u0101cijas.<\/li>\n<\/ul>\n<p><img decoding=\"async\" src=\"https:\/\/www.hydraulic-cylinders.net\/wp-content\/uploads\/2025\/04\/songte-cylinder-head-with-all-kinds-excavator-models.webp\" alt=\"Ekskavatora mode\u013ca sader\u012bba\"><\/p>\n<h2>Str\u0113les cilindra pielietojumi<\/h2>\n<h3>Celtniec\u012bbas apr\u012bkojums<\/h3>\n<p>Ekskavatoros str\u0113les cilindrs ir \u013coti svar\u012bgs augsnes vai gru\u017eu rak\u0161anai, iekrau\u0161anai un p\u0101rvieto\u0161anai. Tas \u013cauj kausam efekt\u012bvi p\u0101rvietoties, nodro\u0161inot prec\u012bzu darb\u012bbu b\u016bvlaukumos. Cilindra uzticam\u012bba nodro\u0161ina, ka ekskavators turpina darboties, tiekot gal\u0101 ar smag\u0101s cel\u0161anas un manevr\u0113\u0161anas pras\u012bb\u0101m.<\/p>\n<h3>Lauksaimniec\u012bbas tehnika<\/h3>\n<p>Front\u0101lajiem iekr\u0101v\u0113jiem str\u0113les cilindram ir b\u016btiska loma augsnes, siena un citu materi\u0101lu sav\u0101k\u0161an\u0101, cel\u0161an\u0101 un transport\u0113\u0161an\u0101. T\u0101 sp\u0113ja apstr\u0101d\u0101t iev\u0113rojamas kravas palielina produktivit\u0101ti saimniec\u012bb\u0101s, \u013caujot operatoriem veikt uzdevumus \u0101tri un efekt\u012bvi, t\u0101d\u0113j\u0101di uzlabojot kop\u0113jo darbpl\u016bsmu.<\/p>\n<h3>Rak\u0161anas ma\u0161\u012bnas<\/h3>\n<p>Ekskavatoros kausa cilindrs atvieglo rak\u0161anas darb\u012bbu, \u013caujot kausam efekt\u012bvi iek\u013c\u016bt zem\u0113. \u0160is hidrauliskais meh\u0101nisms nodro\u0161ina, ka smagus materi\u0101lus var viegli izrakt un transport\u0113t, padarot to par neaizst\u0101jamu zemes p\u0101rvieto\u0161anas tehnikas sast\u0101vda\u013cu.<\/p>\n<h3>Iekr\u0101v\u0113ji<\/h3>\n<p>Front\u0101lajos iekr\u0101v\u0113jos str\u0113les cilindri pal\u012bdz efekt\u012bvi pacelt un izg\u0101zt kravas. To iztur\u012bg\u0101 konstrukcija nodro\u0161ina, ka smagus materi\u0101lus var dro\u0161i apstr\u0101d\u0101t, nodro\u0161inot darb\u012bbas \u0113rtumu un samazinot apr\u012bkojuma atteices risku kritisku cel\u0161anas oper\u0101ciju laik\u0101.<\/p>\n<h2>Dizaina apsv\u0113rumi un atlases krit\u0113riji<\/h2>\n<h3>Kravnes\u012bba<\/h3>\n<p>Str\u0113les cilindra kravnes\u012bba ir \u013coti svar\u012bgs apsv\u0113rums. Tam j\u0101b\u016bt projekt\u0113tam t\u0101, lai tas iztur\u0113tu maksim\u0101lo slodzi, kas paredzama darb\u012bbas laik\u0101, bez atteices riska. In\u017eenieriem j\u0101\u0146em v\u0113r\u0101 pace\u013camo materi\u0101lu svars un dinamiskie sp\u0113ki, kas rodas darb\u012bbas laik\u0101. Tas nodro\u0161ina, ka cilindrs var dro\u0161i darboties augstas slodzes apst\u0101k\u013cos.<\/p>\n<h3>Bl\u012bv\u0113juma veiktsp\u0113ja<\/h3>\n<p>Bl\u012bv\u0113juma veiktsp\u0113ja ir \u013coti svar\u012bga hidraulisko cilindru ilgm\u016b\u017e\u012bbai un efektivit\u0101tei. Pareiza bl\u012bv\u0113\u0161ana nov\u0113r\u0161 hidraulisk\u0101 \u0161\u0137idruma nopl\u016bdes, saglab\u0101jot sist\u0113mas spiedienu un veiktsp\u0113ju. Augstas kvalit\u0101tes bl\u012bv\u0113jumu izv\u0113le, kas izgatavoti no iztur\u012bgiem materi\u0101liem, piem\u0113ram, poliuret\u0101na vai nitrila gumijas, var iev\u0113rojami uzlabot cilindra uzticam\u012bbu, \u012bpa\u0161i sare\u017e\u0123\u012btos apst\u0101k\u013cos.<\/p>\n<h3>Iztur\u012bba<\/h3>\n<p>Iztur\u012bba ir kritisks faktors str\u0113les cilindru konstrukcij\u0101. Tiem j\u0101iztur skarbi vides apst\u0101k\u013ci, tostarp net\u012brumu, gru\u017eu un ekstrem\u0101lu laikapst\u0101k\u013cu iedarb\u012bba. Labi konstru\u0113tam cilindram b\u016bs iztur\u012bga konstrukcija un aizsargp\u0101rkl\u0101jumi, kas iztur\u0113s nodilumu un koroziju, nodro\u0161inot ilg\u0101ku kalpo\u0161anas laiku un samazinot apkopes izmaksas.<\/p>\n<h3>Dro\u0161\u012bbas funkcijas<\/h3>\n<p>Dro\u0161\u012bba ir \u0101rk\u0101rt\u012bgi svar\u012bga jebkur\u0101 hidrauliskaj\u0101 sist\u0113m\u0101. Str\u0113les cilindra konstrukcijai j\u0101ietver funkcijas, kas nov\u0113r\u0161 nejau\u0161u kust\u012bbu un nodro\u0161ina operatora dro\u0161\u012bbu. Tas var ietvert spiediena samazin\u0101\u0161anas v\u0101rstus un dro\u0161\u012bbas meh\u0101nismus, kas aktiviz\u0113jas sist\u0113mas k\u013c\u016bmes gad\u012bjum\u0101, nodro\u0161inot papildu aizsardz\u012bbu darb\u012bbas laik\u0101.<\/p>\n<h3>Apkopes pieejam\u012bba<\/h3>\n<p>Hidraulisk\u0101 cilindra ilgm\u016b\u017e\u012bbai ir \u013coti svar\u012bgi projekt\u0113t apkopes pieejam\u012bbu. Tam j\u0101nodro\u0161ina \u0113rta piek\u013cuve kritiski svar\u012bg\u0101m sast\u0101vda\u013c\u0101m p\u0101rbaudei, e\u013c\u013co\u0161anai un nomai\u0146ai. Projekt\u0113jot, \u0146emot v\u0113r\u0101 apkopi, var iev\u0113rojami samazin\u0101t d\u012bkst\u0101ves laiku un ekspluat\u0101cijas izmaksas, nodro\u0161inot, ka tehnika saglab\u0101jas optim\u0101l\u0101 st\u0101vokl\u012b.<\/p>\n<p><img decoding=\"async\" src=\"https:\/\/www.hydraulic-cylinders.net\/wp-content\/uploads\/2025\/04\/songte-oil-pipes-and-spare-parts.webp\" alt=\"Hidraulisko cilindru deta\u013cas\"><\/p>\n<h2>Bl\u012bv\u0113\u0161ana un e\u013c\u013co\u0161ana<\/h2>\n<p>Efekt\u012bva bl\u012bv\u0113\u0161ana un e\u013c\u013co\u0161ana ir neat\u0146emama str\u0113les cilindra veiktsp\u0113jas sast\u0101vda\u013ca. Lai nov\u0113rstu \u0161\u0137idruma nopl\u016bdes un uztur\u0113tu spiedienu, tiek izmantoti da\u017e\u0101di bl\u012bv\u0113\u0161anas elementi, tostarp virzu\u013ca bl\u012bves un stie\u0146a bl\u012bves. Iztur\u012bgu materi\u0101lu, piem\u0113ram, poliuret\u0101na un nitrila gumijas, izv\u0113le var uzlabot nodilumiztur\u012bbu. Turkl\u0101t cilindra korpuss un v\u012bt\u0146ot\u0101s gala virsmas tiek r\u016bp\u012bgi apstr\u0101d\u0101tas, lai uzlabotu nodilumiztur\u012bbu. Regul\u0101ra e\u013c\u013co\u0161ana ar hidraulisko e\u013c\u013cu ir nepiecie\u0161ama, lai nodro\u0161in\u0101tu vienm\u0113r\u012bgu darb\u012bbu un nov\u0113rstu kust\u012bgo da\u013cu nodilumu, kas ir svar\u012bgi optim\u0101las veiktsp\u0113jas uztur\u0113\u0161anai laika gait\u0101.<\/p>\n<h2>Regul\u0101ras p\u0101rbaudes un profilaktisk\u0101s apkopes pas\u0101kumi<\/h2>\n<ul>\n<li><strong>Vizu\u0101l\u0101s p\u0101rbaudes:<\/strong> Regul\u0101ras str\u0113les cilindra vizu\u0101las p\u0101rbaudes var noteikt nodiluma, nopl\u016b\u017eu vai boj\u0101jumu paz\u012bmes. Probl\u0113mu agr\u012bna nov\u0113r\u0161ana var nov\u0113rst liel\u0101kus boj\u0101jumus.<\/li>\n<li><strong>E\u013c\u013co\u0161anas p\u0101rbaudes:<\/strong> P\u0101rliecinieties, vai cilindrs ir pien\u0101c\u012bgi iee\u013c\u013cots saska\u0146\u0101 ar ra\u017eot\u0101ja specifik\u0101cij\u0101m. Nepietiekama e\u013c\u013co\u0161ana var izrais\u012bt palielin\u0101tu nodilumu un priek\u0161laic\u012bgu boj\u0101jumu.<\/li>\n<li><strong>Bl\u012bv\u0113juma nomai\u0146a:<\/strong> Regul\u0101ri p\u0101rbaudiet un nomainiet bl\u012bves p\u0113c nepiecie\u0161am\u012bbas, lai uztur\u0113tu hidraulisko integrit\u0101ti. Nodilu\u0161as bl\u012bves var izrais\u012bt \u0161\u0137idruma nopl\u016bdes un samazin\u0101t efektivit\u0101ti.<\/li>\n<\/ul>\n<h2>Uzst\u0101d\u012b\u0161anas vadl\u012bnijas<\/h2>\n<p>Pareiza str\u0113les cilindra uzst\u0101d\u012b\u0161ana ir \u013coti svar\u012bga optim\u0101lai veiktsp\u0113jai. Pirms uzst\u0101d\u012b\u0161anas p\u0101rliecinieties, vai visas sast\u0101vda\u013cas ir t\u012bras un bez pies\u0101r\u0146ojuma. S\u0101ciet ar cilindra pareizu izl\u012bdzin\u0101\u0161anu ar mont\u0101\u017eas kron\u0161teiniem, izmantojot atbilsto\u0161us uzst\u0101d\u012b\u0161anas stiprin\u0101jumus, lai to nostiprin\u0101tu viet\u0101. Pievelkot skr\u016bves, ir svar\u012bgi iev\u0113rot ra\u017eot\u0101ja griezes momenta specifik\u0101cijas, lai nodro\u0161in\u0101tu dro\u0161u stiprin\u0101jumu. Turkl\u0101t p\u0101rbaudiet hidraulisko l\u012bniju izl\u012bdzin\u0101jumu un p\u0101rliecinieties, ka t\u0101s nav samezgloju\u0161\u0101s vai boj\u0101tas. P\u0113c uzst\u0101d\u012b\u0161anas veiciet r\u016bp\u012bgu p\u0101rbaudi un p\u0101rbaudiet sist\u0113mu zem zema spiediena, lai p\u0101rliecin\u0101tos par uzst\u0101d\u012b\u0161anas integrit\u0101ti pirms lieto\u0161anas. Regul\u0101ras p\u0101rbaudes var pal\u012bdz\u0113t nodro\u0161in\u0101t nep\u0101rtrauktu veiktsp\u0113ju un dro\u0161\u012bbu.<\/p>\n<h2>Bie\u017ei sastopamie apkopes uzdevumi<\/h2>\n<ul>\n<li><strong>Regul\u0101ras p\u0101rbaudes:<\/strong> Regul\u0101ru p\u0101rbau\u017eu veik\u0161ana ir \u013coti svar\u012bga, lai identific\u0113tu iesp\u0113jam\u0101s probl\u0113mas, pirms t\u0101s saasin\u0101s. Darb\u012bbas laik\u0101 mekl\u0113jiet nodiluma paz\u012bmes, nopl\u016bdes vai neparastus trok\u0161\u0146us. \u0160\u012bs p\u0101rbaudes j\u0101veic regul\u0101ri, lai nodro\u0161in\u0101tu cilindra dro\u0161u un efekt\u012bvu darb\u012bbu.<\/li>\n<li><strong>Pareiza e\u013c\u013co\u0161ana:<\/strong> Atbilsto\u0161a e\u013c\u013co\u0161ana ir \u013coti svar\u012bga str\u0113les cilindra ilgm\u016b\u017e\u012bbai. P\u0101rliecinieties, vai hidraulisk\u0101s e\u013c\u013cas l\u012bmenis ir ieteicamaj\u0101 l\u012bmen\u012b un pareiz\u0101 viskozit\u0101t\u0113. Regul\u0101ri p\u0101rbaudiet un uzturiet e\u013c\u013co\u0161anas punktus, lai samazin\u0101tu iek\u0161\u0113jo deta\u013cu berzi un nodilumu.<\/li>\n<li><strong>Bl\u012bv\u0113juma nomai\u0146a:<\/strong> Regul\u0101ri uzraugiet bl\u012bv\u0113jumu st\u0101vokli. Nolietoti vai boj\u0101ti bl\u012bv\u0113jumi var izrais\u012bt \u0161\u0137idruma nopl\u016bdes un pasliktin\u0101t hidraulisk\u0101s sist\u0113mas darb\u012bbu. Izveidojiet regul\u0101ru bl\u012bv\u0113jumu nomai\u0146as grafiku, lai saglab\u0101tu optim\u0101lu funkcionalit\u0101ti un nov\u0113rstu d\u0101rgas d\u012bkst\u0101ves.<\/li>\n<\/ul>\n<p>Pareiza uzst\u0101d\u012b\u0161ana, e\u013c\u013co\u0161ana un izl\u012bdzin\u0101\u0161ana ir \u013coti svar\u012bga, lai nodro\u0161in\u0101tu str\u0113les cilindra ilgm\u016b\u017e\u012bbu un veiktsp\u0113ju. Izmantojiet atbilsto\u0161us mont\u0101\u017eas kron\u0161teinus, lai stingri nostiprin\u0101tu cilindru, un iev\u0113rojiet ra\u017eot\u0101ja vadl\u012bnijas apkopei un remontam. Proakt\u012bvas apkopes prakses veik\u0161ana var iev\u0113rojami uzlabot hidraulisko sist\u0113mu kalpo\u0161anas laiku un efektivit\u0101ti.<\/p>\n<p><img decoding=\"async\" src=\"https:\/\/www.hydraulic-cylinders.net\/wp-content\/uploads\/2025\/04\/songte-chushion-collar.webp\" alt=\"Spilvenu apkakle\"><\/p>\n<h2>Dro\u0161\u012bbas apsv\u0113rumi un vides faktori<\/h2>\n<p>Izmantojot str\u0113les cilindrus, dro\u0161\u012bbas pas\u0101kumi ir \u0101rk\u0101rt\u012bgi svar\u012bgi, lai nodro\u0161in\u0101tu operatoru un apk\u0101rt\u0113j\u0101 person\u0101la labsaj\u016btu. Ir svar\u012bgi pien\u0101c\u012bgi apm\u0101c\u012bt hidraulisko iek\u0101rtu lieto\u0161an\u0101, un stingri j\u0101iev\u0113ro visi dro\u0161\u012bbas protokoli. Tas ietver individu\u0101lo aizsardz\u012bbas l\u012bdzek\u013cu (IAL) lieto\u0161anu un dro\u0161u ekspluat\u0101cijas proced\u016bru iev\u0113ro\u0161anu. J\u0101\u0146em v\u0113r\u0101 ar\u012b vides faktori, nodro\u0161inot, ka izmantotie hidrauliskie \u0161\u0137idrumi ir videi draudz\u012bgi un ka jebk\u0101das nopl\u016bdes tiek nekav\u0113joties nov\u0113rstas, lai samazin\u0101tu ietekmi uz vidi.<\/p>\n<h2>K\u013c\u016bmju diagnostika un bie\u017e\u0101k sastopam\u0101s probl\u0113mas<\/h2>\n<ul>\n<li><strong>Nopl\u016bdes probl\u0113mas:<\/strong> \u0160\u0137idruma nopl\u016bdes var liecin\u0101t par nolietotiem bl\u012bv\u0113jumiem vai boj\u0101tiem komponentiem. Regul\u0101ra p\u0101rbaude un savlaic\u012bga remonta veik\u0161ana var efekt\u012bvi risin\u0101t \u0161\u012bs probl\u0113mas.<\/li>\n<li><strong>Nevienm\u0113r\u012bga kust\u012bba:<\/strong> Ja str\u0113les cilindrs darbojas nevienm\u0113r\u012bgi, tas var liecin\u0101t par gaisu hidrauliskaj\u0101 sist\u0113m\u0101 vai nepareizu \u0161\u0137idruma l\u012bmeni. Sist\u0113mas atgaiso\u0161ana un \u0161\u0137idruma l\u012bme\u0146a p\u0101rbaude var atrisin\u0101t \u0161o probl\u0113mu.<\/li>\n<li><strong>P\u0101rm\u0113r\u012bgs troksnis:<\/strong> Neparasti trok\u0161\u0146i darb\u012bbas laik\u0101 var liecin\u0101t par iek\u0161\u0113j\u0101m probl\u0113m\u0101m. Va\u013c\u012bgu deta\u013cu vai nodiluma paz\u012bmju p\u0101rbaude var pal\u012bdz\u0113t noteikt galveno c\u0113loni.<\/li>\n<\/ul>\n<h2>Probl\u0113mu nov\u0113r\u0161anas padomi<\/h2>\n<p>Lai efekt\u012bvi diagnostic\u0113tu k\u013c\u016bmes, regul\u0101ri nov\u0113rt\u0113jiet cilindra darb\u012bbu un re\u0123istr\u0113jiet visas neatbilst\u012bbas. Ja tiek konstat\u0113tas nopl\u016bdes, vispirms p\u0101rbaudiet bl\u012bves un savienojumus. Lai nov\u0113rstu nevienm\u0113r\u012bgu kust\u012bbu, p\u0101rliecinieties, vai hidraulisk\u0101 \u0161\u0137idruma l\u012bmenis ir pareizs, un atgaisojiet sist\u0113mu, lai izvad\u012btu iesprostoto gaisu. Nov\u0113rsiet p\u0101rm\u0113r\u012bgu troksni, p\u0101rbaudot mezglu, vai taj\u0101 nav va\u013c\u012bgu deta\u013cu, un nepiecie\u0161am\u012bbas gad\u012bjum\u0101 pievelkot t\u0101s. Prevent\u012bvie pas\u0101kumi, piem\u0113ram, pl\u0101nota apkope un savlaic\u012bgs remonts, var iev\u0113rojami samazin\u0101t \u0161o probl\u0113mu ra\u0161an\u0101s iesp\u0113jam\u012bbu.<\/p>\n<p><img decoding=\"async\" src=\"https:\/\/www.hydraulic-cylinders.net\/wp-content\/uploads\/2025\/04\/songte-bushings-with-all-kinds-of-excavator-models.webp\" alt=\"Ekskavatora bukses\"><\/p>\n<h2>Par m\u016bsu uz\u0146\u0113mumu<\/h2>\n<p>M\u0113s esam vado\u0161ais rezerves hidraulisko cilindru ra\u017eot\u0101js, pied\u0101v\u0101jot pla\u0161u produktu kl\u0101stu, kas m\u016bs ir pozicion\u0113jis k\u0101 vienu no vado\u0161ajiem pieg\u0101d\u0101t\u0101jiem gan viet\u0113j\u0101, gan starptautiskaj\u0101 tirg\u016b. M\u016bsu ap\u0146em\u0161anos nodro\u0161in\u0101t izcil\u012bbu kvalit\u0101t\u0113 atbalsta izsmalcin\u0101ta ra\u017eo\u0161anas vad\u012bbas strat\u0113\u0123ija, izmantojot progres\u012bvus tehniskos talantus, augstas klases digit\u0101l\u0101s ra\u017eo\u0161anas iek\u0101rtas un profesion\u0101las test\u0113\u0161anas sist\u0113mas. \u0160\u012b koncentr\u0113\u0161an\u0101s uz inov\u0101cij\u0101m un kvalit\u0101ti nodro\u0161ina, ka m\u0113s past\u0101v\u012bgi apmierin\u0101m m\u016bsu klientu da\u017e\u0101d\u0101s vajadz\u012bbas.<\/p>\n<p>M\u016bsu pieredze sniedz ar\u012b piel\u0101gotus risin\u0101jumus, kas piel\u0101goti konkr\u0113t\u0101m darb\u012bbas pras\u012bb\u0101m. Mums ir starptautiski sertifik\u0101ti un m\u0113s iev\u0113rojam stingrus kvalit\u0101tes kontroles procesus, nodro\u0161inot, ka m\u016bsu produkti atbilst glob\u0101lajiem standartiem. Turkl\u0101t m\u016bsu ra\u017eotnes ir apr\u012bkotas ar modern\u0101kaj\u0101m tehnolo\u0123ij\u0101m, kas uzlabo ra\u017eo\u0161anas efektivit\u0101ti un precizit\u0101ti. Apvienojum\u0101 ar sp\u0113c\u012bgu p\u0113cp\u0101rdo\u0161anas atbalstu m\u0113s esam ap\u0146\u0113mu\u0161ies veidot ilgtermi\u0146a attiec\u012bbas ar m\u016bsu klientiem, izmantojot uzticamu servisu un augstas kvalit\u0101tes produktus.<\/p>\n<p><img decoding=\"async\" src=\"https:\/\/www.hydraulic-cylinders.net\/wp-content\/uploads\/2025\/04\/songte-company-4.webp\" alt=\"Uz\u0146\u0113muma p\u0101rskats\"><br \/>\n<img decoding=\"async\" src=\"https:\/\/www.hydraulic-cylinders.net\/wp-content\/uploads\/2025\/04\/songte-company-3.webp\" alt=\"Ra\u017eo\u0161anas iek\u0101rta\"><\/p>\n<p>Autors: lil<\/p>","protected":false},"excerpt":{"rendered":"<p>Boom Cylinder For Sinomach ZG3210-9C Product Overview The Boom Cylinder for Sinomach ZG3210-9C is a hydraulic cylinder specifically designed to control the movement of the bucket in various heavy machinery such as excavators, backhoe loaders, and front loaders. This robust component enables the operator to lift, lower, and tilt the bucket, facilitating efficient material handling [&hellip;]<\/p>","protected":false},"featured_media":17870,"comment_status":"open","ping_status":"closed","template":"","meta":{"_et_pb_use_builder":"","_et_pb_old_content":"","_et_gb_content_width":""},"product_brand":[],"product_cat":[1546],"product_tag":[1547,1496],"class_list":{"0":"post-19697","1":"product","2":"type-product","3":"status-publish","4":"has-post-thumbnail","6":"product_cat-boom-cylinders","7":"product_tag-boom-cylinders","8":"product_tag-hydraulic-cylinders","10":"first","11":"instock","12":"shipping-taxable","13":"product-type-simple"},"amp_enabled":true,"_links":{"self":[{"href":"https:\/\/www.hydraulic-cylinders.net\/lv\/wp-json\/wp\/v2\/product\/19697","targetHints":{"allow":["GET"]}}],"collection":[{"href":"https:\/\/www.hydraulic-cylinders.net\/lv\/wp-json\/wp\/v2\/product"}],"about":[{"href":"https:\/\/www.hydraulic-cylinders.net\/lv\/wp-json\/wp\/v2\/types\/product"}],"replies":[{"embeddable":true,"href":"https:\/\/www.hydraulic-cylinders.net\/lv\/wp-json\/wp\/v2\/comments?post=19697"}],"wp:featuredmedia":[{"embeddable":true,"href":"https:\/\/www.hydraulic-cylinders.net\/lv\/wp-json\/wp\/v2\/media\/17870"}],"wp:attachment":[{"href":"https:\/\/www.hydraulic-cylinders.net\/lv\/wp-json\/wp\/v2\/media?parent=19697"}],"wp:term":[{"taxonomy":"product_brand","embeddable":true,"href":"https:\/\/www.hydraulic-cylinders.net\/lv\/wp-json\/wp\/v2\/product_brand?post=19697"},{"taxonomy":"product_cat","embeddable":true,"href":"https:\/\/www.hydraulic-cylinders.net\/lv\/wp-json\/wp\/v2\/product_cat?post=19697"},{"taxonomy":"product_tag","embeddable":true,"href":"https:\/\/www.hydraulic-cylinders.net\/lv\/wp-json\/wp\/v2\/product_tag?post=19697"}],"curies":[{"name":"wp","href":"https:\/\/api.w.org\/{rel}","templated":true}]}}