{"id":19699,"date":"2025-04-07T07:02:28","date_gmt":"2025-04-07T07:02:28","guid":{"rendered":"https:\/\/www.hydraulic-cylinders.net\/product\/boom-cylinder-for-sinomach-zg3065-9b\/"},"modified":"2025-04-07T07:02:31","modified_gmt":"2025-04-07T07:02:31","slug":"boom-cylinder-for-sinomach-zg3065-9b","status":"publish","type":"product","link":"https:\/\/www.hydraulic-cylinders.net\/lv\/products\/boom-cylinder-for-sinomach-zg3065-9b\/","title":{"rendered":"Str\u0113les cilindrs Sinomach ZG3065-9B"},"content":{"rendered":"<h1>Str\u0113les cilindrs Sinomach ZG3065-9B<\/h1>\n<h2>Kausa cilindra defin\u012bcija un p\u0101rskats<\/h2>\n<p>Str\u0113les cilindrs, ko parasti d\u0113v\u0113 par kausa cilindru, ir kritiska hidraulisko sist\u0113mu sast\u0101vda\u013ca, kas \u012bpa\u0161i paredz\u0113ta, lai kontrol\u0113tu kausu kust\u012bbu da\u017e\u0101d\u0101s smagaj\u0101s ma\u0161\u012bn\u0101s, piem\u0113ram, ekskavatoros, ekskavatoros-iekr\u0101v\u0113jos un front\u0101lajos iekr\u0101v\u0113jos. \u0160is hidrauliskais cilindrs \u013cauj kausam pacelt, nolaist un noliekt, t\u0101d\u0113j\u0101di atvieglojot efekt\u012bvus materi\u0101lu apstr\u0101des uzdevumus. Str\u0113les cilindra funkcionalit\u0101te ir b\u016btiska smag\u0101s tehnikas darb\u012bbai, jo tas izmanto hidraulisko spiedienu, lai nodro\u0161in\u0101tu nepiecie\u0161amo sp\u0113ku smagu kravu prec\u012bzai p\u0101rvieto\u0161anai.<\/p>\n<p>Hidrauliskaj\u0101s sist\u0113m\u0101s str\u0113les cilindram ir b\u016btiska loma, p\u0101rveidojot hidraulisko ener\u0123iju meh\u0101niskaj\u0101 ener\u0123ij\u0101, \u013caujot operatoriem viegli veikt sare\u017e\u0123\u012btus uzdevumus. \u0160is cilindrs ir konstru\u0113ts, lai iztur\u0113tu augstu spiedienu un lielas slodzes, nodro\u0161inot iztur\u012bbu un uzticam\u012bbu sare\u017e\u0123\u012btos apst\u0101k\u013cos. T\u0101 konstrukcija \u0146em v\u0113r\u0101 nodilumiztur\u012bbu un aizsardz\u012bbu pret koroziju, kas pagarina produkta kalpo\u0161anas laiku un uztur optim\u0101lu veiktsp\u0113ju pat skarbos apst\u0101k\u013cos.<\/p>\n<p><img decoding=\"async\" src=\"https:\/\/www.hydraulic-cylinders.net\/wp-content\/uploads\/2025\/04\/songte-company-1.webp\" alt=\"Str\u0113les cilindrs Sinomach ZG3065-9B\"><\/p>\n<h2>Str\u0113les cilindra \u012bpa\u0161\u012bbas<\/h2>\n<ul>\n<li>\n<h3>Augsta iztur\u012bba un ilgm\u016b\u017e\u012bba<\/h3>\n<p>Parasti izgatavots no augstas stipr\u012bbas t\u0113rauda vai alum\u012bnija, \u0161is cilindrs var iztur\u0113t augstu spiedienu un lielas slodzes, padarot to piem\u0113rotu skarbiem darba apst\u0101k\u013ciem. T\u0101 konstrukcij\u0101 ir iek\u013cautas nodilumiztur\u012bbas un pretkorozijas \u012bpa\u0161\u012bbas, kas pagarina t\u0101 kalpo\u0161anas laiku.<\/li>\n<li>\n<h3>Efekt\u012bva hidraulisk\u0101 darb\u012bba<\/h3>\n<p>Str\u0113les cilindrs izmanto hidraulisk\u0101s e\u013c\u013cas spiedienu, lai nodro\u0161in\u0101tu vienm\u0113r\u012bgu izstiep\u0161anu un ievilk\u0161anu, \u013caujot \u0101tri rea\u0123\u0113t uz operatora komand\u0101m un nodro\u0161inot jaud\u012bgas stum\u0161anas un vilk\u0161anas sp\u0113jas, kas ir ide\u0101li piem\u0113rotas smagu un sare\u017e\u0123\u012btu uzdevumu veik\u0161anai.<\/li>\n<li>\n<h3>Da\u017e\u0101di veidi<\/h3>\n<p>Pieejams vienvirziena darb\u012bbas (darbojas vien\u0101 virzien\u0101) un divk\u0101r\u0161as darb\u012bbas (darbojas abos virzienos) konfigur\u0101cij\u0101s, lai apmierin\u0101tu da\u017e\u0101das ekspluat\u0101cijas vajadz\u012bbas. Da\u017ei mode\u013ci ir teleskopiski, kas nodro\u0161ina liel\u0101ku pagarin\u0101jumu, nepalielinot \u0101r\u0113jos izm\u0113rus, un ir piem\u0113roti lieto\u0161anai ierobe\u017eot\u0101 telp\u0101.<\/li>\n<li>\n<h3>Uzlabots dizains<\/h3>\n<p>Prec\u012bzi konstru\u0113tais str\u0113les cilindrs nodro\u0161ina optim\u0101lu veiktsp\u0113ju un uzticam\u012bbu, un tas tiek ra\u017eots saska\u0146\u0101 ar stingriem kvalit\u0101tes kontroles procesiem, lai atbilstu nozares standartiem.<\/li>\n<li>\n<h3>Visaptvero\u0161as nomai\u0146as iesp\u0113jas<\/h3>\n<p>M\u016bsu produkti var lieliski aizst\u0101t eso\u0161os hidrauliskos cilindrus, nodro\u0161inot j\u016bsu iek\u0101rtu sader\u012bbu un veiktsp\u0113jas nemain\u012bgumu.<\/h3>\n<\/li>\n<\/ul>\n<p><img decoding=\"async\" src=\"https:\/\/www.hydraulic-cylinders.net\/wp-content\/uploads\/2025\/04\/songte-cylinder-head-with-all-kinds-excavator-models.webp\" alt=\"Str\u0113les cilindra nomai\u0146as iesp\u0113jas\"><\/p>\n<h2>Str\u0113les cilindra pielietojums<\/h2>\n<h3>Celtniec\u012bbas apr\u012bkojums<\/h3>\n<p>Ekskavatoros str\u0113les cilindri ir svar\u012bgi rak\u0161anai, iekrau\u0161anai un augsnes vai gru\u017eu p\u0101rvieto\u0161anai. Tie nodro\u0161ina nepiecie\u0161amo hidraulisko sp\u0113ku, lai kauss var\u0113tu efekt\u012bvi iek\u013c\u016bt zem\u0113. Ekskavatoros-iekr\u0101v\u0113jos \u0161ie cilindri pal\u012bdz ne tikai rak\u0161anas, bet ar\u012b cel\u0161anas darbos, padarot tos par daudzpus\u012bgiem instrumentiem b\u016bvniec\u012bbas projektos.<\/p>\n<h3>Lauksaimniec\u012bbas tehnika<\/h3>\n<p>Front\u0101lajos iekr\u0101v\u0113jos str\u0113les cilindriem ir iz\u0161\u0137iro\u0161a noz\u012bme augsnes, siena un citu materi\u0101lu sav\u0101k\u0161an\u0101, cel\u0161an\u0101 un transport\u0113\u0161an\u0101. Tie uzlabo iekr\u0101v\u0113ja sp\u0113ju efekt\u012bvi veikt da\u017e\u0101dus lauksaimniec\u012bbas uzdevumus, neatkar\u012bgi no t\u0101, vai t\u0101 ir bar\u012bbas p\u0101rvieto\u0161ana, atkritumu sav\u0101k\u0161ana vai zemes l\u012bdzin\u0101\u0161ana.<\/p>\n<h3>Ekskavatori<\/h3>\n<p>Ekskavatoros str\u0113les cilindrs \u013cauj kausam iek\u013c\u016bt augsn\u0113, nodro\u0161inot efekt\u012bvas rak\u0161anas darb\u012bbas. \u0160\u012b funkcionalit\u0101te ir kritiski svar\u012bga b\u016bvniec\u012bbas un ainavu veido\u0161anas projektos, kur nepiecie\u0161ama prec\u012bza izrakumu veik\u0161ana, lai nodro\u0161in\u0101tu projekta integrit\u0101ti.<\/p>\n<h3>Iekr\u0101v\u0113ji<\/h3>\n<p>Front\u0101lajos iekr\u0101v\u0113jos str\u0113les cilindri pal\u012bdz efekt\u012bvi pacelt un izkraut kravas. Tie ir paredz\u0113ti da\u017e\u0101du materi\u0101lu veidu apstr\u0101dei, nodro\u0161inot nepiecie\u0161amo iztur\u012bbu, lai p\u0101rvald\u012btu smagas kravas da\u017e\u0101dos pielietojumos, s\u0101kot no b\u016bvniec\u012bbas l\u012bdz atkritumu apsaimnieko\u0161anai.<\/p>\n<h2>Dizaina apsv\u0113rumi un atlases krit\u0113riji<\/h2>\n<h3>Kravnes\u012bba<\/h3>\n<p>Str\u0113les cilindra kravnes\u012bba ir \u0101rk\u0101rt\u012bgi svar\u012bga, lai nodro\u0161in\u0101tu, ka tas sp\u0113j iztur\u0113t darb\u012bbas laik\u0101 rad\u012bto svaru un spiedienu. In\u017eenieriem j\u0101\u0146em v\u0113r\u0101 maksim\u0101lais svars, ko cilindrs paredz\u0113ts pacelt, un attiec\u012bgi j\u0101projekt\u0113 tas, lai nov\u0113rstu boj\u0101jumus lielas slodzes gad\u012bjum\u0101.<\/p>\n<h3>Bl\u012bv\u0113juma integrit\u0101te<\/h3>\n<p>Efekt\u012bva bl\u012bv\u0113\u0161ana ir \u013coti svar\u012bga, lai nov\u0113rstu hidraulisk\u0101 \u0161\u0137idruma nopl\u016bdes, kas var apdraud\u0113t cilindra darb\u012bbu. Augstas kvalit\u0101tes bl\u012bv\u0113jumu, piem\u0113ram, virzu\u013ca un stie\u0146a bl\u012bv\u0113jumu, kas izgatavoti no iztur\u012bgiem materi\u0101liem, iek\u013cau\u0161ana nodro\u0161ina ilgm\u016b\u017e\u012bbu un uzticam\u012bbu hidrauliskaj\u0101s darb\u012bb\u0101s.<\/p>\n<h3>Iztur\u012bba un nodilumiztur\u012bba<\/h3>\n<p>Str\u0113les cilindru ra\u017eo\u0161an\u0101 izmantotajiem materi\u0101liem j\u0101b\u016bt iztur\u012bgiem pret nodilumu. Bie\u017ea lieto\u0161ana sare\u017e\u0123\u012btos apst\u0101k\u013cos prasa iztur\u012bgu konstrukciju, kas sp\u0113j iztur\u0113t abraz\u012bvus apst\u0101k\u013cus un ilgsto\u0161u pak\u013cau\u0161anu skarbajiem elementiem.<\/p>\n<h3>Dro\u0161\u012bbas funkcijas<\/h3>\n<p>Str\u0113les cilindru projekt\u0113\u0161ana ar dro\u0161\u012bbas funkcij\u0101m, piem\u0113ram, spiediena samazin\u0101\u0161anas v\u0101rstiem, nodro\u0161ina cilindra darb\u012bbu dro\u0161\u0101s robe\u017e\u0101s. Tas samazina negad\u012bjumu risku un uzlabo kop\u0113jo dro\u0161\u012bbu ma\u0161\u012bn\u0101s, kur\u0101s tas ir uzst\u0101d\u012bts.<\/p>\n<h3>Apkopes pieejam\u012bba<\/h3>\n<p>Projekt\u0113\u0161anas posm\u0101 ir svar\u012bgi \u0146emt v\u0113r\u0101 apkopes pieejam\u012bbu. Komponenti j\u0101izvieto t\u0101, lai tiem b\u016btu viegli piek\u013c\u016bt p\u0101rbau\u017eu, remonta un nomai\u0146as veik\u0161anai, nodro\u0161inot, ka apkopes uzdevumus var veikt efekt\u012bvi un lietder\u012bgi.<\/p>\n<p><img decoding=\"async\" src=\"https:\/\/www.hydraulic-cylinders.net\/wp-content\/uploads\/2025\/04\/songte-oil-pipes-and-spare-parts.webp\" alt=\"Str\u0113les cilindra konstrukcijas apsv\u0113rumi\"><\/p>\n<h2>Bl\u012bv\u0113\u0161ana un e\u013c\u013co\u0161ana<\/h2>\n<p>Efekt\u012bvs bl\u012bv\u0113jums tiek pan\u0101kts, izmantojot da\u017e\u0101dus bl\u012bv\u0113\u0161anas komponentus, piem\u0113ram, virzu\u013ca bl\u012bves un stie\u0146a bl\u012bves, kas ir b\u016btiski hidraulisk\u0101 spiediena uztur\u0113\u0161anai. Izv\u0113loties bl\u012bves, kas izgatavotas no iztur\u012bgiem materi\u0101liem, piem\u0113ram, poliuret\u0101na un nitrila gumijas, tiek uzlabota nodilumiztur\u012bba un ilgm\u016b\u017e\u012bba. Cilindra korpuss un v\u012bt\u0146ot\u0101s gala virsmas tiek prec\u012bzi apstr\u0101d\u0101tas, lai uzlabotu iztur\u012bbu pret nodilumu.<\/p>\n<p>Regul\u0101ra e\u013c\u013co\u0161ana ar hidraulisko e\u013c\u013cu ir \u013coti svar\u012bga str\u0113les cilindra vienm\u0113r\u012bgai darb\u012bbai. Periodiski j\u0101ievada pietiekams daudzums hidraulisk\u0101 \u0161\u0137idruma, lai nodro\u0161in\u0101tu, ka visas kust\u012bg\u0101s da\u013cas ir iee\u013c\u013cotas, samazinot berzi un nov\u0113r\u0161ot priek\u0161laic\u012bgu nodilumu.<\/p>\n<h2>Prevent\u012bvie apkopes pas\u0101kumi<\/h2>\n<ul>\n<li>\n<h3>Regul\u0101ras p\u0101rbaudes<\/h3>\n<p>Regul\u0101ras str\u0113les cilindra p\u0101rbaudes pal\u012bdz identific\u0113t potenci\u0101l\u0101s probl\u0113mas, pirms t\u0101s saasin\u0101s. Tas ietver nopl\u016b\u017eu, anom\u0101la nodiluma un darb\u012bbas r\u0101d\u012bt\u0101ju p\u0101rbaudi.<\/h3>\n<\/li>\n<li>\n<h3>Pareiza e\u013c\u013co\u0161ana<\/h3>\n<p>Lai nodro\u0161in\u0101tu vienm\u0113r\u012bgu darb\u012bbu un pagarin\u0101tu deta\u013cas kalpo\u0161anas laiku, ir svar\u012bgi nodro\u0161in\u0101t, lai cilindrs b\u016btu pien\u0101c\u012bgi iee\u013c\u013cots ar pareiz\u0101 veida hidraulisko e\u013c\u013cu.<\/h3>\n<\/li>\n<li>\n<h3>Bl\u012bv\u0113juma nomai\u0146a<\/h3>\n<p>Laika gait\u0101 bl\u012bves var nolietoties un t\u0101s var b\u016bt j\u0101nomaina. Regul\u0101ras p\u0101rbaudes un savlaic\u012bga nomai\u0146a var nov\u0113rst nopl\u016bdes un saglab\u0101t darb\u012bbas efektivit\u0101ti.<\/h3>\n<\/li>\n<\/ul>\n<h2>Uzst\u0101d\u012b\u0161anas vadl\u012bnijas<\/h2>\n<p>Pareiza str\u0113les cilindra uzst\u0101d\u012b\u0161ana ir \u013coti svar\u012bga t\u0101 veiktsp\u0113jai. Vispirms p\u0101rliecinieties, vai darba zona ir t\u012bra un bez gru\u017eiem. Prec\u012bzi izl\u012bdziniet cilindru ar stiprin\u0101juma punktiem uz ma\u0161\u012bnas, lai nov\u0113rstu nepareizu izl\u012bdzin\u0101\u0161anu, kas var izrais\u012bt priek\u0161laic\u012bgu nodilumu. Izmantojiet atbilsto\u0161us stiprin\u0101juma kron\u0161teinus, lai stingri nostiprin\u0101tu cilindru viet\u0101.<\/p>\n<p>Lai nodro\u0161in\u0101tu dro\u0161u uzst\u0101d\u012b\u0161anu, iev\u0113rojiet ra\u017eot\u0101ja specifik\u0101cijas attiec\u012bb\u0101 uz griezes momenta iestat\u012bjumiem un savienojumu veidiem. P\u0113c uzst\u0101d\u012b\u0161anas p\u0101rbaudiet izl\u012bdzin\u0101jumu un p\u0101rliecinieties, vai visi hidrauliskie savienojumi ir cie\u0161i. Iedarbiniet iek\u0101rtu un veiciet testa braucienu, lai p\u0101rliecin\u0101tos, ka cilindrs darbojas vienm\u0113r\u012bgi un bez nopl\u016bd\u0113m.<\/p>\n<h2>Bie\u017ei sastopamie apkopes uzdevumi<\/h2>\n<ul>\n<li>\n<h3>Regul\u0101ras p\u0101rbaudes<\/h3>\n<p>Lai nodro\u0161in\u0101tu nep\u0101rtrauktu veiktsp\u0113ju, ir nepiecie\u0161amas regul\u0101ras str\u0113les cilindra p\u0101rbaudes, lai konstat\u0113tu nodiluma paz\u012bmes, nopl\u016bdes vai citas probl\u0113mas. Probl\u0113mu agr\u012bna atkl\u0101\u0161ana var nov\u0113rst nopietnas k\u013c\u016bmes un d\u0101rgus remontdarbus.<\/h3>\n<\/li>\n<li>\n<h3>Piem\u0113rota e\u013c\u013co\u0161ana<\/h3>\n<p>Ir svar\u012bgi regul\u0101ri iee\u013c\u013cot cilindru ar ieteicamo hidraulisko e\u013c\u013cu. Tas samazina berzi un nodilumu, t\u0101d\u0113j\u0101di pagarinot hidraulisk\u0101s sist\u0113mas kalpo\u0161anas laiku.<\/h3>\n<\/li>\n<li>\n<h3>Bl\u012bv\u0113juma nomai\u0146a un kalibr\u0113\u0161ana<\/h3>\n<p>P\u0101rbaudiet un nomainiet bl\u012bves p\u0113c nepiecie\u0161am\u012bbas, lai saglab\u0101tu hidraulisko integrit\u0101ti. Regul\u0101ras kalibr\u0113\u0161anas p\u0101rbaudes nodro\u0161ina, ka cilindrs darbojas noteikto parametru robe\u017e\u0101s, uzlabojot veiktsp\u0113ju un dro\u0161\u012bbu.<\/h3>\n<\/li>\n<\/ul>\n<p><img decoding=\"async\" src=\"https:\/\/www.hydraulic-cylinders.net\/wp-content\/uploads\/2025\/04\/songte-chushion-collar.webp\" alt=\"Str\u0113les cilindra uzst\u0101d\u012b\u0161anas vadl\u012bnijas\"><\/p>\n<h2>Dro\u0161\u012bbas apsv\u0113rumi un vides faktori<\/h2>\n<p>Izmantojot hidrauliskos cilindrus, dro\u0161\u012bbas pas\u0101kumi ir \u0101rk\u0101rt\u012bgi svar\u012bgi. Operatoriem j\u0101b\u016bt apm\u0101c\u012btiem pareizi r\u012bkoties ar apr\u012bkojumu, nodro\u0161inot, ka vi\u0146i iev\u0113ro visus dro\u0161\u012bbas protokolus. Atbilsto\u0161u individu\u0101lo aizsardz\u012bbas l\u012bdzek\u013cu (IAL) valk\u0101\u0161ana un ekspluat\u0101cijas vadl\u012bniju iev\u0113ro\u0161ana var iev\u0113rojami samazin\u0101t negad\u012bjumu un traumu risku darba viet\u0101.<\/p>\n<h2>Probl\u0113mu nov\u0113r\u0161ana un bie\u017ei sastopamas probl\u0113mas<\/h2>\n<ul>\n<li>\n<h3>Hidraulisk\u0101s nopl\u016bdes<\/h3>\n<p>Nopl\u016bdes var rasties nolietotu bl\u012bv\u0113jumu vai boj\u0101tu \u0161\u013c\u016bte\u0146u d\u0113\u013c. Savlaic\u012bga nopl\u016b\u017eu nov\u0113r\u0161ana ir \u013coti svar\u012bga, lai saglab\u0101tu veiktsp\u0113ju un nov\u0113rstu turpm\u0101kus boj\u0101jumus.<\/h3>\n<\/li>\n<li>\n<h3>Slikta veiktsp\u0113ja<\/h3>\n<p>Ja cilindrs nerea\u0123\u0113, k\u0101 paredz\u0113ts, tas var liecin\u0101t par gaisu hidrauliskaj\u0101 sist\u0113m\u0101 vai zemu hidraulisk\u0101 \u0161\u0137idruma l\u012bmeni. Regul\u0101ras p\u0101rbaudes var nov\u0113rst \u0161o probl\u0113mu.<\/h3>\n<\/li>\n<li>\n<h3>P\u0101rm\u0113r\u012bgs nodilums<\/h3>\n<p>Regul\u0101ras p\u0101rbaudes var atkl\u0101t p\u0101rm\u0113r\u012bga nodiluma paz\u012bmes, kas mudina veikt savlaic\u012bgu apkopi, lai mazin\u0101tu turpm\u0101kus boj\u0101jumus.<\/h3>\n<\/li>\n<\/ul>\n<p>Prevent\u012bvo pas\u0101kumu ievie\u0161ana un regul\u0101ra apkope var pal\u012bdz\u0113t samazin\u0101t iesp\u0113jam\u0101s probl\u0113mas, nodro\u0161inot str\u0113les cilindra efekt\u012bvu darb\u012bbu.<\/p>\n<p><img decoding=\"async\" src=\"https:\/\/www.hydraulic-cylinders.net\/wp-content\/uploads\/2025\/04\/songte-bushings-with-all-kinds-of-excavator-models.webp\" alt=\"Str\u0113les cilindra probl\u0113mu nov\u0113r\u0161ana\"><\/p>\n<h2>Par m\u016bsu uz\u0146\u0113mumu<\/h2>\n<p>M\u0113s esam ra\u017eot\u0101js, kas specializ\u0113jas rezerves hidraulisko cilindru ra\u017eo\u0161an\u0101, pied\u0101v\u0101jot pla\u0161u produktu kl\u0101stu. K\u0101 viens no vado\u0161ajiem hidraulisko cilindru ra\u017eot\u0101jiem un vairumtirgot\u0101jiem viet\u0113j\u0101 un starptautiskaj\u0101 tirg\u016b, m\u0113s esam ap\u0146\u0113mu\u0161ies nodro\u0161in\u0101t izcil\u012bbu kvalit\u0101t\u0113. M\u016bsu r\u016bpniecisk\u0101s ra\u017eo\u0161anas vad\u012bbas strat\u0113\u0123ija uzsver prec\u012bzu ra\u017eo\u0161anu, ko atbalsta tehniskie talanti un modernu digit\u0101lo ra\u017eo\u0161anas iek\u0101rtu izmanto\u0161ana.<\/p>\n<p>M\u016bsu nep\u0101rtraukt\u0101 ra\u017eo\u0161anas platformu un produktu kvalit\u0101tes nodro\u0161in\u0101\u0161anas ce\u013cu uzlabo\u0161ana atspogu\u013co m\u016bsu sp\u0113c\u012bg\u0101s rado\u0161\u0101s sp\u0113jas, nodro\u0161inot, ka m\u0113s apmierin\u0101m da\u017e\u0101das klientu vajadz\u012bbas ar augstu efektivit\u0101ti, precizit\u0101ti un kvalit\u0101tes principiem. M\u016bsu pied\u0101v\u0101jums ietver piel\u0101gotus pakalpojumus, profesion\u0101las sertifik\u0101cijas un stabilu p\u0113cp\u0101rdo\u0161anas atbalstu, lai nodro\u0161in\u0101tu klientu apmierin\u0101t\u012bbu.<\/p>\n<p><img decoding=\"async\" src=\"https:\/\/www.hydraulic-cylinders.net\/wp-content\/uploads\/2025\/04\/songte-company-4.webp\" alt=\"M\u016bsu uz\u0146\u0113muma p\u0101rskats\"><br \/>\n<img decoding=\"async\" src=\"https:\/\/www.hydraulic-cylinders.net\/wp-content\/uploads\/2025\/04\/songte-company-3.webp\" alt=\"M\u016bsu ra\u017eo\u0161anas iesp\u0113jas\"><\/p>\n<p>Autors: lil<\/p>","protected":false},"excerpt":{"rendered":"<p>Boom Cylinder For Sinomach ZG3065-9B Definition and Overview of Bucket Cylinder The boom cylinder, commonly referred to as a bucket cylinder, is a critical component in hydraulic systems, specifically designed to control the movement of buckets in various heavy machinery such as excavators, backhoe loaders, and front loaders. This hydraulic cylinder enables the bucket to [&hellip;]<\/p>","protected":false},"featured_media":17872,"comment_status":"open","ping_status":"closed","template":"","meta":{"_et_pb_use_builder":"","_et_pb_old_content":"","_et_gb_content_width":""},"product_brand":[],"product_cat":[1546],"product_tag":[1547,1496],"class_list":{"0":"post-19699","1":"product","2":"type-product","3":"status-publish","4":"has-post-thumbnail","6":"product_cat-boom-cylinders","7":"product_tag-boom-cylinders","8":"product_tag-hydraulic-cylinders","10":"first","11":"instock","12":"shipping-taxable","13":"product-type-simple"},"amp_enabled":true,"_links":{"self":[{"href":"https:\/\/www.hydraulic-cylinders.net\/lv\/wp-json\/wp\/v2\/product\/19699","targetHints":{"allow":["GET"]}}],"collection":[{"href":"https:\/\/www.hydraulic-cylinders.net\/lv\/wp-json\/wp\/v2\/product"}],"about":[{"href":"https:\/\/www.hydraulic-cylinders.net\/lv\/wp-json\/wp\/v2\/types\/product"}],"replies":[{"embeddable":true,"href":"https:\/\/www.hydraulic-cylinders.net\/lv\/wp-json\/wp\/v2\/comments?post=19699"}],"wp:featuredmedia":[{"embeddable":true,"href":"https:\/\/www.hydraulic-cylinders.net\/lv\/wp-json\/wp\/v2\/media\/17872"}],"wp:attachment":[{"href":"https:\/\/www.hydraulic-cylinders.net\/lv\/wp-json\/wp\/v2\/media?parent=19699"}],"wp:term":[{"taxonomy":"product_brand","embeddable":true,"href":"https:\/\/www.hydraulic-cylinders.net\/lv\/wp-json\/wp\/v2\/product_brand?post=19699"},{"taxonomy":"product_cat","embeddable":true,"href":"https:\/\/www.hydraulic-cylinders.net\/lv\/wp-json\/wp\/v2\/product_cat?post=19699"},{"taxonomy":"product_tag","embeddable":true,"href":"https:\/\/www.hydraulic-cylinders.net\/lv\/wp-json\/wp\/v2\/product_tag?post=19699"}],"curies":[{"name":"wp","href":"https:\/\/api.w.org\/{rel}","templated":true}]}}