{"id":19702,"date":"2025-04-07T07:02:36","date_gmt":"2025-04-07T07:02:36","guid":{"rendered":"https:\/\/www.hydraulic-cylinders.net\/product\/boom-cylinder-for-sinomach-zg3225c-9c\/"},"modified":"2025-04-07T07:02:39","modified_gmt":"2025-04-07T07:02:39","slug":"boom-cylinder-for-sinomach-zg3225c-9c","status":"publish","type":"product","link":"https:\/\/www.hydraulic-cylinders.net\/lv\/products\/boom-cylinder-for-sinomach-zg3225c-9c\/","title":{"rendered":"Str\u0113les cilindrs Sinomach ZG3225C-9C"},"content":{"rendered":"<h1>Str\u0113les cilindrs Sinomach ZG3225C-9C<\/h1>\n<h2>Str\u0113les cilindra p\u0101rskats<\/h2>\n<p>Str\u0113les cilindrs ir b\u016btiska hidraulisko sist\u0113mu sast\u0101vda\u013ca, kas \u012bpa\u0161i paredz\u0113ta, lai kontrol\u0113tu kausu kust\u012bbu smagaj\u0101s ma\u0161\u012bn\u0101s, piem\u0113ram, ekskavatoros, iekr\u0101v\u0113ju ekskavatoros un front\u0101lajos iekr\u0101v\u0113jos. \u0160is hidrauliskais cilindrs \u013cauj kausam pacelt, nolaist un noliekt, t\u0101d\u0113j\u0101di atvieglojot efekt\u012bvus materi\u0101lu apstr\u0101des uzdevumus. Kausa cilindrs darbojas, izmantojot hidraulisko \u0161\u0137idrumu, lai rad\u012btu sp\u0113ku, kas p\u0101rvieto virzuli cilindr\u0101, nodro\u0161inot prec\u012bzu pievienot\u0101 apr\u012bkojuma vad\u012bbu un darb\u012bbu.<\/p>\n<p><img decoding=\"async\" src=\"https:\/\/www.hydraulic-cylinders.net\/wp-content\/uploads\/2025\/04\/songte-company-1.webp\" alt=\"Str\u0113les cilindra att\u0113ls\" \/><\/p>\n<h3>Defin\u012bcija un funkcija<\/h3>\n<p>Kausa cilindrs ir hidraulisk\u0101 cilindra veids, kas paredz\u0113ts kausu kust\u012bbu p\u0101rvald\u012b\u0161anai da\u017e\u0101d\u0101s celtniec\u012bbas un lauksaimniec\u012bbas tehnik\u0101. Tam ir b\u016btiska loma, \u013caujot iek\u0101rtu operatoriem efekt\u012bvi manipul\u0113t ar kausa poz\u012bciju, kas ir svar\u012bgi t\u0101diem uzdevumiem k\u0101 rak\u0161ana, iekrau\u0161ana un materi\u0101lu transport\u0113\u0161ana. Nodro\u0161inot vienm\u0113r\u012bgas un kontrol\u0113tas kust\u012bbas, str\u0113les cilindrs uzlabo kop\u0113jo produktivit\u0101ti un efektivit\u0101ti smag\u0101s oper\u0101cij\u0101s.<\/p>\n<h2>Str\u0113les cilindra galven\u0101s iez\u012bmes<\/h2>\n<ul>\n<li><strong>Augsta iztur\u012bba un ilgm\u016b\u017e\u012bba:<\/strong> \u0160ie cilindri, kas izgatavoti no augstas stipr\u012bbas t\u0113rauda vai alum\u012bnija, var iztur\u0113t augstu spiedienu un lielas slodzes, padarot tos piem\u0113rotus skarbajiem darba apst\u0101k\u013ciem.<\/li>\n<li><strong>Efekt\u012bva hidraulisk\u0101 darb\u012bba:<\/strong> Cilindrs izmanto hidraulisk\u0101 \u0161\u0137idruma spiedienu, lai nodro\u0161in\u0101tu vienm\u0113r\u012bgu izstiep\u0161anu un ievilk\u0161anu, \u013caujot \u0101tri rea\u0123\u0113t uz operatora komand\u0101m.<\/li>\n<li><strong>Da\u017e\u0101di veidi:<\/strong> Str\u0113les cilindrs ir pieejams vienk\u0101r\u0161\u0101s un divk\u0101r\u0161\u0101s darb\u012bbas variantos, un to var piel\u0101got konkr\u0113t\u0101m ekspluat\u0101cijas pras\u012bb\u0101m.<\/li>\n<li><strong>Telpu taupo\u0161s dizains:<\/strong> Da\u017eiem mode\u013ciem ir teleskopiska konstrukcija, kas nodro\u0161ina liel\u0101ku pagarin\u0101jumu, nepalielinot \u0101r\u0113jos izm\u0113rus, kas ir ide\u0101li piem\u0113rots \u0161aur\u0101m telp\u0101m.<\/li>\n<li><strong>Korozijas iztur\u012bba:<\/strong> Izstr\u0101d\u0101ts, koncentr\u0113joties uz nodilumiztur\u012bbu un aizsardz\u012bbu pret koroziju, nodro\u0161inot ilgm\u016b\u017e\u012bbu un uzticam\u012bbu.<\/li>\n<\/ul>\n<p>M\u0113s varam ra\u017eot \u0161o produktu, lai perfekti aizst\u0101tu eso\u0161os hidrauliskos cilindrus, saglab\u0101jot augstus kvalit\u0101tes standartus.<\/p>\n<p><img decoding=\"async\" src=\"https:\/\/www.hydraulic-cylinders.net\/wp-content\/uploads\/2025\/04\/songte-cylinder-head-with-all-kinds-excavator-models.webp\" alt=\"Ekskavatoru mode\u013ci\" \/><\/p>\n<h2>Str\u0113les cilindra pielietojums<\/h2>\n<h3>Celtniec\u012bbas apr\u012bkojums<\/h3>\n<p>Ekskavatoros str\u0113les cilindri ir b\u016btiski augsnes vai gru\u017eu rak\u0161anai, iekrau\u0161anai un p\u0101rvieto\u0161anai. Tie nodro\u0161ina nepiecie\u0161amo sp\u0113ku, lai iek\u013c\u016btu zem\u0113, padarot tos par iz\u0161\u0137iro\u0161iem b\u016bvniec\u012bbas projektos.<\/p>\n<h3>Lauksaimniec\u012bbas tehnika<\/h3>\n<p>Front\u0101lajos iekr\u0101v\u0113jos str\u0113les cilindri atvieglo augsnes, siena un citu materi\u0101lu pacel\u0161anu un transport\u0113\u0161anu. To sp\u0113ja apstr\u0101d\u0101t da\u017e\u0101das slodzes padara tos nenov\u0113rt\u0113jamus lauksaimniec\u012bbas darbos.<\/p>\n<h3>Ekskavatori<\/h3>\n<p>\u0160ie cilindri \u013cauj ekskavatora kausam efekt\u012bvi iek\u013c\u016bt augsn\u0113, t\u0101d\u0113j\u0101di nodro\u0161inot efekt\u012bvas rak\u0161anas oper\u0101cijas. To konstrukcija atbilst stingraj\u0101m rak\u0161anas darbu pras\u012bb\u0101m.<\/p>\n<h3>Iekr\u0101v\u0113ji<\/h3>\n<p>Front\u0101lajos iekr\u0101v\u0113jos str\u0113les cilindri pal\u012bdz efekt\u012bvi pacelt un izg\u0101zt kravas, palielinot ma\u0161\u012bnas produktivit\u0101ti un daudzpus\u012bbu materi\u0101lu apstr\u0101d\u0113.<\/p>\n<h2>Dizaina apsv\u0113rumi un atlases krit\u0113riji<\/h2>\n<h3>Kravnes\u012bba<\/h3>\n<p>Str\u0113les cilindra izv\u0113le ietver t\u0101 kravnes\u012bbas nov\u0113rt\u0113\u0161anu, lai p\u0101rliecin\u0101tos, ka tas atbilst ekspluat\u0101cijas pras\u012bb\u0101m. Cilindram ir j\u0101iztur kausa un p\u0101rvietojamo materi\u0101lu kop\u0113jais svars, vienlaikus saglab\u0101jot konstrukcijas integrit\u0101ti.<\/p>\n<h3>Bl\u012bv\u0113jums un iztur\u012bba<\/h3>\n<p>Efekt\u012bva bl\u012bv\u0113\u0161ana ir \u013coti svar\u012bga, lai nov\u0113rstu hidraulisk\u0101 \u0161\u0137idruma nopl\u016bdes, kas var pasliktin\u0101t veiktsp\u0113ju. Lai nodro\u0161in\u0101tu ilgm\u016b\u017e\u012bbu un uzticam\u012bbu, jo \u012bpa\u0161i augstspiediena pielietojumos, j\u0101izmanto augstas kvalit\u0101tes bl\u012bv\u0113jumi.<\/p>\n<h3>Dro\u0161\u012bbas funkcijas<\/h3>\n<p>Dro\u0161\u012bba ir \u0101rk\u0101rt\u012bgi svar\u012bga, darbinot hidrauliskos cilindrus. T\u0101das funkcijas k\u0101 spiediena samazin\u0101\u0161anas v\u0101rsti un dro\u0161\u012bbas sl\u0113dzenes pal\u012bdz nov\u0113rst negad\u012bjumus un nodro\u0161in\u0101t dro\u0161u darb\u012bbu da\u017e\u0101dos apst\u0101k\u013cos.<\/p>\n<h3>Apkope un pieejam\u012bba<\/h3>\n<p>Str\u0113les cilindra projekt\u0113\u0161ana, \u0146emot v\u0113r\u0101 t\u0101 apkopes vienk\u0101r\u0161\u012bbu, nodro\u0161ina, ka operatori var veikt regul\u0101ras p\u0101rbaudes un apkopi, pagarinot cilindra kop\u0113jo kalpo\u0161anas laiku un uzlabojot t\u0101 uzticam\u012bbu.<\/p>\n<p><img decoding=\"async\" src=\"https:\/\/www.hydraulic-cylinders.net\/wp-content\/uploads\/2025\/04\/songte-oil-pipes-and-spare-parts.webp\" alt=\"Hidraulisk\u0101s da\u013cas\" \/><\/p>\n<h2>Bl\u012bv\u0113\u0161ana un e\u013c\u013co\u0161ana<\/h2>\n<p>Da\u017e\u0101di bl\u012bv\u0113jumi, piem\u0113ram, virzu\u013ca bl\u012bv\u0113jumi un stie\u0146a bl\u012bv\u0113jumi, ir \u013coti svar\u012bgi hidraulisk\u0101s integrit\u0101tes uztur\u0113\u0161anai. Nodilumiztur\u012bgu materi\u0101lu, piem\u0113ram, poliuret\u0101na un nitrila gumijas, izmanto\u0161ana uzlabo cilindra iztur\u012bbu. Turkl\u0101t cilindra korpusam un v\u012bt\u0146otajiem galiem ir nepiecie\u0161ama smalka virsmas apstr\u0101de, lai uzlabotu nodilumiztur\u012bbu. Regul\u0101ra e\u013c\u013co\u0161ana ar hidraulisko e\u013c\u013cu ir b\u016btiska optim\u0101lai veiktsp\u0113jai un ilgm\u016b\u017e\u012bbai.<\/p>\n<h2>Regul\u0101ra p\u0101rbaude un profilaktisk\u0101 apkope<\/h2>\n<ul>\n<li><strong>Vizu\u0101l\u0101s p\u0101rbaudes:<\/strong> Regul\u0101ri veiciet vizu\u0101las p\u0101rbaudes, lai noteiktu nopl\u016bdes, plaisas un bl\u012bv\u0113jumu nodilumu, lai laikus identific\u0113tu iesp\u0113jam\u0101s probl\u0113mas.<\/li>\n<li><strong>E\u013c\u013co\u0161anas p\u0101rbaudes:<\/strong> Nodro\u0161iniet kust\u012bgo da\u013cu atbilsto\u0161u e\u013c\u013co\u0161anu, lai nov\u0113rstu p\u0101rm\u0113r\u012bgu nodilumu.<\/li>\n<li><strong>Bl\u012bv\u0113juma nomai\u0146a:<\/strong> Regul\u0101ri nomainiet bl\u012bves p\u0113c nepiecie\u0161am\u012bbas, lai uztur\u0113tu hidraulisko spiedienu un nov\u0113rstu nopl\u016bdes.<\/li>\n<\/ul>\n<h2>Uzst\u0101d\u012b\u0161anas vadl\u012bnijas<\/h2>\n<p>Pareiza str\u0113les cilindra uzst\u0101d\u012b\u0161ana ir \u013coti svar\u012bga optim\u0101lai veiktsp\u0113jai. P\u0101rliecinieties, vai cilindrs ir pareizi izl\u012bdzin\u0101ts ar mont\u0101\u017eas kron\u0161teiniem, lai nov\u0113rstu p\u0101rm\u0113r\u012bgu slodzi hidrauliskajai sist\u0113mai. Izmantojiet atbilsto\u0161us mont\u0101\u017eas balstus, lai nostiprin\u0101tu cilindru viet\u0101. Iev\u0113rojiet ra\u017eot\u0101ja nor\u0101d\u012bjumus par griezes momenta specifik\u0101cij\u0101m un savieno\u0161anas proced\u016br\u0101m, lai nodro\u0161in\u0101tu dro\u0161u un efekt\u012bvu uzst\u0101d\u012b\u0161anu.<\/p>\n<h2>Bie\u017ei sastopamie apkopes uzdevumi<\/h2>\n<ul>\n<li><strong>Regul\u0101ras p\u0101rbaudes:<\/strong> Regul\u0101ru p\u0101rbau\u017eu veik\u0161ana pal\u012bdz identific\u0113t potenci\u0101l\u0101s probl\u0113mas, pirms t\u0101s saasin\u0101s, t\u0101d\u0113j\u0101di nodro\u0161inot balona ilgm\u016b\u017e\u012bbu.<\/li>\n<li><strong>Pareiza e\u013c\u013co\u0161ana:<\/strong> Atbilsto\u0161a e\u013c\u013co\u0161ana ir \u013coti svar\u012bga kust\u012bgo da\u013cu uztur\u0113\u0161anai un nodiluma nov\u0113r\u0161anai, t\u0101d\u0113j\u0101di uzlabojot cilindra veiktsp\u0113ju.<\/li>\n<li><strong>Bl\u012bv\u0113juma nomai\u0146a:<\/strong> Savlaic\u012bga bl\u012bv\u0113jumu nomai\u0146a ir b\u016btiska, lai uztur\u0113tu hidraulisko spiedienu un nov\u0113rstu nopl\u016bdes, t\u0101d\u0113j\u0101di veicinot efekt\u012bvu darb\u012bbu.<\/li>\n<\/ul>\n<h2>Dro\u0161\u012bbas apsv\u0113rumi un vides faktori<\/h2>\n<p>Hidraulisko cilindru lieto\u0161anas laik\u0101 ir \u013coti svar\u012bgi ieviest dro\u0161\u012bbas pas\u0101kumus. Operatoriem j\u0101b\u016bt apm\u0101c\u012btiem atpaz\u012bt ar hidrauliskaj\u0101m sist\u0113m\u0101m saist\u012btos apdraud\u0113jumus un lietot atbilsto\u0161us individu\u0101los aizsardz\u012bbas l\u012bdzek\u013cus (IAL). Turkl\u0101t, lai uztur\u0113tu dro\u0161u darba vidi, ir svar\u012bgi \u0146emt v\u0113r\u0101 ar\u012b vides apsv\u0113rumus, piem\u0113ram, pareizu \u0161\u0137idrumu utiliz\u0101ciju un nopl\u016b\u017eu samazin\u0101\u0161anu.<\/p>\n<h2>Probl\u0113mu nov\u0113r\u0161ana un bie\u017ei sastopamas probl\u0113mas<\/h2>\n<ul>\n<li><strong>Nopl\u016bde:<\/strong> P\u0101rbaudiet bl\u012bv\u0113jumu un savienojumu nodilumu un nomainiet tos, ja nepiecie\u0161ams. P\u0101rliecinieties, vai savienojumi ir cie\u0161i pievilkti, lai nov\u0113rstu \u0161\u0137idruma zudumu.<\/li>\n<li><strong>L\u0113na darb\u012bba:<\/strong> P\u0101rbaudiet hidraulisk\u0101 \u0161\u0137idruma l\u012bmeni un kvalit\u0101ti. Pies\u0101r\u0146ots vai zems \u0161\u0137idruma l\u012bmenis var izrais\u012bt l\u0113nu darb\u012bbu. Regul\u0101ra hidraulisko filtru apkope ir b\u016btiska.<\/li>\n<li><strong>Neparastas ska\u0146as:<\/strong> Trok\u0161\u0146i darb\u012bbas laik\u0101 var liecin\u0101t par nodilumu vai boj\u0101jumiem. Lai noteiktu avotu, ir j\u0101p\u0101rbauda cilindrs un apk\u0101rt\u0113j\u0101s deta\u013cas.<\/li>\n<\/ul>\n<p>\u0160o probl\u0113mu savlaic\u012bga risin\u0101\u0161ana var nov\u0113rst turpm\u0101kus boj\u0101jumus un saglab\u0101t darb\u012bbas efektivit\u0101ti.<\/p>\n<p>Lai uzlabotu str\u0113les cilindra ilgm\u016b\u017e\u012bbu, ir svar\u012bgi veikt prevent\u012bvus pas\u0101kumus, piem\u0113ram, regul\u0101ras apkopes p\u0101rbaudes, savlaic\u012bgus remontdarbus un \u0161\u0137idrumu p\u0101rvald\u012bbu. Proakt\u012bva r\u012bc\u012bba samazina iesp\u0113jam\u0101s probl\u0113mas un nodro\u0161ina uzticamu darb\u012bbu.<\/p>\n<p><img decoding=\"async\" src=\"https:\/\/www.hydraulic-cylinders.net\/wp-content\/uploads\/2025\/04\/songte-bushings-with-all-kinds-of-excavator-models.webp\" alt=\"Bukses ar ekskavatora mode\u013ciem\" \/><\/p>\n<h2>Uz\u0146\u0113muma p\u0101rskats<\/h2>\n<p>M\u0113s esam vado\u0161ais rezerves hidraulisko cilindru ra\u017eot\u0101js, kas pieg\u0101d\u0101 pla\u0161u produktu kl\u0101stu gan viet\u0113jam, gan starptautiskajam tirgum. M\u016bsu ap\u0146em\u0161anos nodro\u0161in\u0101t augst\u0101ko kvalit\u0101ti nodro\u0161ina izsmalcin\u0101ta ra\u017eo\u0161anas strat\u0113\u0123ija, izmantojot progres\u012bvas tehnolo\u0123ijas un kvalific\u0113tus speci\u0101listus. M\u016bsu ra\u017eo\u0161anas iesp\u0113jas papildina digit\u0101l\u0101s augst\u0101k\u0101s klases ra\u017eo\u0161anas iek\u0101rtas un specializ\u0113tas test\u0113\u0161anas sist\u0113mas, nodro\u0161inot, ka katrs produkts atbilst stingriem kvalit\u0101tes standartiem.<\/p>\n<p><img decoding=\"async\" src=\"https:\/\/www.hydraulic-cylinders.net\/wp-content\/uploads\/2025\/04\/songte-company-4.webp\" alt=\"Uz\u0146\u0113muma att\u0113ls 1\" \/><br \/>\n<img decoding=\"async\" src=\"https:\/\/www.hydraulic-cylinders.net\/wp-content\/uploads\/2025\/04\/songte-company-3.webp\" alt=\"Uz\u0146\u0113muma att\u0113ls 2\" \/><\/p>\n<p>M\u0113s uzsveram profesionalit\u0101ti, starptautiskus sertifik\u0101tus un piel\u0101gotus pakalpojumus, lai apmierin\u0101tu unik\u0101las klientu vajadz\u012bbas. M\u016bsu modern\u0101s ra\u017eo\u0161anas iek\u0101rtas nodro\u0161ina m\u016bsu konkur\u0113tsp\u0113ju hidraulisko cilindru ra\u017eo\u0161anas nozar\u0113, nodro\u0161inot izcilu p\u0113cp\u0101rdo\u0161anas apkalpo\u0161anu, lai veicin\u0101tu ilgtermi\u0146a attiec\u012bbas ar klientiem.<\/p>\n<p>Autors: lil<\/p>","protected":false},"excerpt":{"rendered":"<p>Boom Cylinder For Sinomach ZG3225C-9C Overview of Boom Cylinder The Boom Cylinder is a crucial component in hydraulic systems, specifically designed to control the movement of buckets in heavy machinery such as excavators, backhoe loaders, and front loaders. This hydraulic cylinder enables the bucket to lift, lower, and tilt, facilitating efficient material handling tasks. The [&hellip;]<\/p>","protected":false},"featured_media":17875,"comment_status":"open","ping_status":"closed","template":"","meta":{"_et_pb_use_builder":"","_et_pb_old_content":"","_et_gb_content_width":""},"product_brand":[],"product_cat":[1546],"product_tag":[1547,1496],"class_list":{"0":"post-19702","1":"product","2":"type-product","3":"status-publish","4":"has-post-thumbnail","6":"product_cat-boom-cylinders","7":"product_tag-boom-cylinders","8":"product_tag-hydraulic-cylinders","10":"first","11":"instock","12":"shipping-taxable","13":"product-type-simple"},"amp_enabled":true,"_links":{"self":[{"href":"https:\/\/www.hydraulic-cylinders.net\/lv\/wp-json\/wp\/v2\/product\/19702","targetHints":{"allow":["GET"]}}],"collection":[{"href":"https:\/\/www.hydraulic-cylinders.net\/lv\/wp-json\/wp\/v2\/product"}],"about":[{"href":"https:\/\/www.hydraulic-cylinders.net\/lv\/wp-json\/wp\/v2\/types\/product"}],"replies":[{"embeddable":true,"href":"https:\/\/www.hydraulic-cylinders.net\/lv\/wp-json\/wp\/v2\/comments?post=19702"}],"wp:featuredmedia":[{"embeddable":true,"href":"https:\/\/www.hydraulic-cylinders.net\/lv\/wp-json\/wp\/v2\/media\/17875"}],"wp:attachment":[{"href":"https:\/\/www.hydraulic-cylinders.net\/lv\/wp-json\/wp\/v2\/media?parent=19702"}],"wp:term":[{"taxonomy":"product_brand","embeddable":true,"href":"https:\/\/www.hydraulic-cylinders.net\/lv\/wp-json\/wp\/v2\/product_brand?post=19702"},{"taxonomy":"product_cat","embeddable":true,"href":"https:\/\/www.hydraulic-cylinders.net\/lv\/wp-json\/wp\/v2\/product_cat?post=19702"},{"taxonomy":"product_tag","embeddable":true,"href":"https:\/\/www.hydraulic-cylinders.net\/lv\/wp-json\/wp\/v2\/product_tag?post=19702"}],"curies":[{"name":"wp","href":"https:\/\/api.w.org\/{rel}","templated":true}]}}