{"id":19703,"date":"2025-04-07T07:02:41","date_gmt":"2025-04-07T07:02:41","guid":{"rendered":"https:\/\/www.hydraulic-cylinders.net\/product\/boom-cylinder-for-sinomach-zg3235-9\/"},"modified":"2025-04-07T07:02:43","modified_gmt":"2025-04-07T07:02:43","slug":"boom-cylinder-for-sinomach-zg3235-9","status":"publish","type":"product","link":"https:\/\/www.hydraulic-cylinders.net\/lv\/products\/boom-cylinder-for-sinomach-zg3235-9\/","title":{"rendered":"Str\u0113les cilindrs Sinomach ZG3235-9"},"content":{"rendered":"<h1>Str\u0113les cilindrs Sinomach ZG3235-9<\/h1>\n<h2>Produkta p\u0101rskats<\/h2>\n<p>Sinomach ZG3235-9 str\u0113les cilindrs ir b\u016btiska sast\u0101vda\u013ca, kas paredz\u0113ta smago ma\u0161\u012bnu kausu kust\u012bbas vad\u012bbai. Konkr\u0113ti, tas ir hidrauliskais cilindrs, kas \u013cauj pacelt, nolaist un noliekt kausu da\u017e\u0101dos pielietojumos, piem\u0113ram, ekskavatoros, iekr\u0101v\u0113jiem ar ekskavatoru un front\u0101lajiem iekr\u0101v\u0113jiem. \u0160is hidrauliskais cilindrs nodro\u0161ina efekt\u012bvus materi\u0101lu apstr\u0101des uzdevumus, nodro\u0161inot \u0161\u012bm darb\u012bb\u0101m nepiecie\u0161amo sp\u0113ku.<\/p>\n<p><img decoding=\"async\" src=\"https:\/\/www.hydraulic-cylinders.net\/wp-content\/uploads\/2025\/04\/songte-company-1.webp\" alt=\"Str\u0113les cilindra att\u0113ls\"><\/p>\n<h3>Defin\u012bcija un funkcija<\/h3>\n<p>Hidrauliskajiem cilindriem, t\u0101pat k\u0101 str\u0113les cilindram, ir iz\u0161\u0137iro\u0161a noz\u012bme hidrauliskaj\u0101s sist\u0113m\u0101s, izmantojot \u0161\u0137idruma spiedienu, lai rad\u012btu line\u0101ru kust\u012bbu. Tie sast\u0101v no cilindriskas mucas, virzu\u013ca un da\u017e\u0101diem bl\u012bv\u0113jumiem, kas darbojas kop\u0101, lai nodro\u0161in\u0101tu v\u0113lamo kust\u012bbu. Smagaj\u0101 tehnik\u0101 str\u0113les cilindra galvenais uzdevums ir atvieglot materi\u0101lu izrak\u0161anu un transport\u0113\u0161anu, uzlabojot b\u016bvniec\u012bbas un lauksaimniec\u012bbas darbu efektivit\u0101ti un produktivit\u0101ti.<\/p>\n<h2>Produkta funkcijas<\/h2>\n<ul>\n<li><strong>Augsta iztur\u012bba un ilgm\u016b\u017e\u012bba:<\/strong> Izgatavots no augstas stipr\u012bbas t\u0113rauda vai alum\u012bnija, paredz\u0113ts iztur\u0113t augstu spiedienu un lielas slodzes, vienlaikus risinot skarbus darba apst\u0101k\u013cus.<\/li>\n<li><strong>Efekt\u012bva hidraulisk\u0101 darb\u012bba:<\/strong> Nodro\u0161ina vienm\u0113r\u012bgu izvilk\u0161anu un ievilk\u0161anu, izmantojot hidraulisk\u0101s e\u013c\u013cas spiedienu, \u0101tri rea\u0123\u0113jot uz vad\u012bbas komand\u0101m un nodro\u0161inot iev\u0113rojamu stum\u0161anas un vilk\u0161anas sp\u0113ku.<\/li>\n<li><strong>Veidu da\u017e\u0101d\u012bba:<\/strong> Pieejams vienk\u0101r\u0161\u0101s darb\u012bbas (darbojas vien\u0101 virzien\u0101) vai divk\u0101r\u0161\u0101s darb\u012bbas (darbojas abos virzienos) konfigur\u0101cij\u0101s, lai apmierin\u0101tu da\u017e\u0101das ekspluat\u0101cijas vajadz\u012bbas.<\/li>\n<li><strong>Telpu taupo\u0161i dizaini:<\/strong> Da\u017eiem mode\u013ciem ir teleskopiska konstrukcija, kas nodro\u0161ina liel\u0101ku pagarin\u0101jumu, nepalielinot \u0101r\u0113jos izm\u0113rus, kas ir piem\u0113roti ierobe\u017eot\u0101m lietojumprogramm\u0101m.<\/li>\n<li><strong>Korozijas un nodilumiztur\u012bba:<\/strong> Izgatavots no materi\u0101liem, kas ir iztur\u012bgi pret nodilumu un koroziju, nodro\u0161inot ilgm\u016b\u017e\u012bbu un uzticam\u012bbu sare\u017e\u0123\u012btos apst\u0101k\u013cos.<\/li>\n<\/ul>\n<h3>M\u016bsu ra\u017eo\u0161anas iesp\u0113jas<\/h3>\n<p>M\u0113s lepojamies ar savu sp\u0113ju ra\u017eot un nodro\u0161in\u0101t augstas kvalit\u0101tes str\u0113les cilindrus, kas var lieliski aizst\u0101t eso\u0161os hidrauliskos cilindrus da\u017e\u0101dos pielietojumos.<\/p>\n<p><img decoding=\"async\" src=\"https:\/\/www.hydraulic-cylinders.net\/wp-content\/uploads\/2025\/04\/songte-cylinder-head-with-all-kinds-excavator-models.webp\" alt=\"Ekskavatora mode\u013cu att\u0113ls\"><\/p>\n<h2>Str\u0113les cilindra pielietojums<\/h2>\n<h3>Celtniec\u012bbas apr\u012bkojums<\/h3>\n<p>Ekskavatoros str\u0113les cilindri ir b\u016btiski rak\u0161anai, iekrau\u0161anai un augsnes vai gru\u017eu p\u0101rvieto\u0161anai. Tie nodro\u0161ina nepiecie\u0161amo sp\u0113ku, lai ekskavatora kauss efekt\u012bvi iek\u013c\u016btu zem\u0113, \u013caujot veikt efekt\u012bvus zemes p\u0101rvieto\u0161anas darbus. Ekskavatoros-iekr\u0101v\u0113jos str\u0113les cilindri atvieglo gan rak\u0161anas, gan cel\u0161anas darb\u012bbas, padarot tos neaizst\u0101jamus b\u016bvniec\u012bbas projektos.<\/p>\n<h3>Lauksaimniec\u012bbas tehnika<\/h3>\n<p>Front\u0101lajos iekr\u0101v\u0113jos str\u0113les cilindri tiek izmantoti augsnes, siena un citu materi\u0101lu sav\u0101k\u0161anai, pacel\u0161anai un transport\u0113\u0161anai. To konstrukcija nodro\u0161ina optim\u0101lu manevr\u0113tsp\u0113ju un kontroli, \u013caujot lauksaimniekiem efekt\u012bvi p\u0101rvald\u012bt savus materi\u0101lus vis\u0101 lauksaimniec\u012bbas ainav\u0101.<\/p>\n<h3>Ekskavatori<\/h3>\n<p>Str\u0113les cilindrs \u013cauj ekskavatora kausam efekt\u012bvi iek\u013c\u016bt augsn\u0113, nodro\u0161inot jaud\u012bgas rak\u0161anas darb\u012bbas. T\u0101 hidraulisk\u0101s iesp\u0113jas uzlabo ma\u0161\u012bnas kop\u0113jo veiktsp\u0113ju, padarot to par b\u016btisku sast\u0101vda\u013cu jebkur\u0101 rak\u0161anas darb\u0101.<\/p>\n<h3>Iekr\u0101v\u0113ji<\/h3>\n<p>Front\u0101lajos iekr\u0101v\u0113jos str\u0113les cilindri pal\u012bdz efekt\u012bvi pacelt un izg\u0101zt materi\u0101lus. To iztur\u012bg\u0101 konstrukcija nodro\u0161ina, ka smagas kravas var viegli p\u0101rvald\u012bt, nodro\u0161inot netrauc\u0113tu darb\u012bbu materi\u0101lu apstr\u0101des uzdevumu laik\u0101.<\/p>\n<h2>Dizaina apsv\u0113rumi<\/h2>\n<h3>Kravnes\u012bba<\/h3>\n<p>Projekt\u0113jot str\u0113les cilindru, kravnes\u012bba ir kritiski svar\u012bga. Cilindram j\u0101sp\u0113j iztur\u0113t maksim\u0101lo svaru, ko tehnika var\u0113tu pacelt vai p\u0101rvietot. In\u017eenieri r\u016bp\u012bgi apr\u0113\u0137ina cilindra izm\u0113rus un materi\u0101lus, lai nodro\u0161in\u0101tu dro\u0161\u012bbu un efektivit\u0101ti slodzes laik\u0101.<\/p>\n<h3>Bl\u012bv\u0113\u0161ana<\/h3>\n<p>Efekt\u012bva bl\u012bv\u0113\u0161ana hidrauliskaj\u0101s sist\u0113m\u0101s ir \u0101rk\u0101rt\u012bgi svar\u012bga. Augstas kvalit\u0101tes bl\u012bv\u0113jumi nov\u0113r\u0161 hidraulisk\u0101 \u0161\u0137idruma nopl\u016bdes, kas var rad\u012bt veiktsp\u0113jas probl\u0113mas un samazin\u0101t efektivit\u0101ti. Pareizu bl\u012bv\u0113jumu materi\u0101lu, piem\u0113ram, poliuret\u0101na vai nitrilgumijas, izv\u0113le ir b\u016btiska iztur\u012bbai un nodilumiztur\u012bbai.<\/p>\n<h3>Iztur\u012bba<\/h3>\n<p>Iztur\u012bba ir galvenais faktors str\u0113les cilindru konstrukcij\u0101. Tiem j\u0101iztur skarbi darba apst\u0101k\u013ci, tostarp augsnes, \u016bdens un main\u012bgas temperat\u016bras iedarb\u012bba. Korozijiztur\u012bgu materi\u0101lu un aizsargp\u0101rkl\u0101jumu izmanto\u0161ana veicina to ilgm\u016b\u017e\u012bbu.<\/p>\n<h3>Dro\u0161\u012bba<\/h3>\n<p>Lai nov\u0113rstu boj\u0101jumus darb\u012bbas laik\u0101, str\u0113les cilindru konstrukcij\u0101 j\u0101b\u016bt integr\u0113t\u0101m dro\u0161\u012bbas funkcij\u0101m. Tas ietver spiediena samazin\u0101\u0161anas v\u0101rstus un iztur\u012bgu konstrukciju, lai iztur\u0113tu negaid\u012btas slodzes vai triecienus.<\/p>\n<h3>Apkopes pieejam\u012bba<\/h3>\n<p>Apkopes \u0146em\u0161ana v\u0113r\u0101 ir b\u016btiska. Komponentiem j\u0101b\u016bt viegli pieejamiem p\u0101rbaud\u0113m, remontam un nomai\u0146ai, nodro\u0161inot, ka balonu var apkalpot bez iev\u0113rojama d\u012bkst\u0101ves laika.<\/p>\n<p><img decoding=\"async\" src=\"https:\/\/www.hydraulic-cylinders.net\/wp-content\/uploads\/2025\/04\/songte-oil-pipes-and-spare-parts.webp\" alt=\"E\u013c\u013cas caurules un rezerves da\u013cu att\u0113ls\"><\/p>\n<h2>Bl\u012bv\u0113\u0161ana un e\u013c\u013co\u0161ana<\/h2>\n<p>Hidraulisko cilindru integrit\u0101te liel\u0101 m\u0113r\u0101 ir atkar\u012bga no efekt\u012bva bl\u012bv\u0113juma un e\u013c\u013co\u0161anas. Lai uztur\u0113tu hidraulisko \u0161\u0137idrumu cilindr\u0101, tiek izmantoti da\u017e\u0101di bl\u012bv\u0113jumi, piem\u0113ram, virzu\u013ca bl\u012bvsl\u0113gi \u200b\u200bun stie\u0146a bl\u012bvsl\u0113gi. Materi\u0101li, piem\u0113ram, poliuret\u0101ns un nitrilgumija, parasti tiek izmantoti to iztur\u012bbas un nodilumiztur\u012bbas d\u0113\u013c. Turkl\u0101t cilindra korpuss un v\u012bt\u0146ot\u0101s gala virsmas tiek prec\u012bzi apstr\u0101d\u0101tas, lai uzlabotu to iztur\u012bbu.<\/p>\n<p>Regul\u0101ra e\u013c\u013co\u0161ana ar hidraulisko e\u013c\u013cu ir nepiecie\u0161ama, lai samazin\u0101tu berzi starp kust\u012bgaj\u0101m da\u013c\u0101m un nodro\u0161in\u0101tu vienm\u0113r\u012bgu darb\u012bbu, t\u0101d\u0113j\u0101di pagarinot cilindra kalpo\u0161anas laiku. Nepietiekama e\u013c\u013co\u0161ana var izrais\u012bt priek\u0161laic\u012bgu nodilumu un iesp\u0113jamu hidraulisk\u0101s sist\u0113mas boj\u0101jumu.<\/p>\n<h2>Prevent\u012bvie apkopes pas\u0101kumi<\/h2>\n<ul>\n<li><strong>Regul\u0101ras p\u0101rbaudes:<\/strong> Regul\u0101ri p\u0101rbaudiet, vai cilindram nav nopl\u016b\u017eu, nodiluma un pareizas darb\u012bbas. Agr\u012bna atkl\u0101\u0161ana var nov\u0113rst d\u0101rgus remontdarbus.<\/li>\n<li><strong>E\u013c\u013co\u0161ana:<\/strong> Regul\u0101ri iee\u013c\u013cojiet cilindru, lai nodro\u0161in\u0101tu vienm\u0113r\u012bgu darb\u012bbu un samazin\u0101tu deta\u013cu nodilumu.<\/li>\n<li><strong>Bl\u012bv\u0113juma nomai\u0146a:<\/strong> Nomainiet bl\u012bves p\u0113c nepiecie\u0161am\u012bbas, lai nov\u0113rstu nopl\u016bdes un uztur\u0113tu optim\u0101lu hidraulisk\u0101s sist\u0113mas darb\u012bbu.<\/li>\n<\/ul>\n<h2>Uzst\u0101d\u012b\u0161anas vadl\u012bnijas<\/h2>\n<p>Pareiza str\u0113les cilindra uzst\u0101d\u012b\u0161ana ir \u013coti svar\u012bga optim\u0101lai veiktsp\u0113jai. Vispirms p\u0101rliecinieties, ka darba zona ir t\u012bra un bez gru\u017eiem. Izmantojiet atbilsto\u0161us stiprin\u0101juma kron\u0161teinus, lai nostiprin\u0101tu cilindru viet\u0101. Prec\u012bzi izl\u012bdziniet cilindru, lai darb\u012bbas laik\u0101 izvair\u012btos no jebk\u0101das nepareizas izl\u012bdzin\u0101\u0161anas.<\/p>\n<p>Iev\u0113rojiet ra\u017eot\u0101ja specifik\u0101cijas attiec\u012bb\u0101 uz griezes momenta iestat\u012bjumiem un savienojumu veidiem. P\u0101rliecinieties, vai visi hidrauliskie savienojumi ir dro\u0161i nostiprin\u0101ti un bez nopl\u016bd\u0113m. P\u0113c uzst\u0101d\u012b\u0161anas veiciet funkcion\u0101lo p\u0101rbaudi, lai p\u0101rliecin\u0101tos par pareizu darb\u012bbu, pirms atkal s\u0101kat iek\u0101rtas ekspluat\u0101ciju. Regul\u0101ri p\u0101rbaudiet uzst\u0101d\u012b\u0161anu, vai nav nodiluma vai va\u013c\u012bguma paz\u012bmju, lai saglab\u0101tu dro\u0161\u012bbu un efektivit\u0101ti.<\/p>\n<h2>Bie\u017ei sastopamie apkopes uzdevumi<\/h2>\n<h3>Regul\u0101ras p\u0101rbaudes<\/h3>\n<p>Regul\u0101ru p\u0101rbau\u017eu veik\u0161ana ir b\u016btiska, lai identific\u0113tu potenci\u0101l\u0101s probl\u0113mas, pirms t\u0101s p\u0101raug nopietn\u0101s probl\u0113m\u0101s. P\u0101rbaudiet, vai nav nodiluma paz\u012bmju, nopl\u016b\u017eu un vai darb\u012bba ir pareiza. Agr\u012bna atkl\u0101\u0161ana var pal\u012bdz\u0113t saglab\u0101t efektivit\u0101ti un pagarin\u0101t produkta kalpo\u0161anas laiku.<\/p>\n<h3>Piem\u0113rota e\u013c\u013co\u0161ana<\/h3>\n<p>Pareiza hidraulisk\u0101s e\u013c\u013cas veida un daudzuma uzkl\u0101\u0161ana ir \u013coti svar\u012bga cilindra darb\u012bbas uztur\u0113\u0161anai. Nepietiekama e\u013c\u013co\u0161ana var izrais\u012bt palielin\u0101tu berzi un nodilumu, k\u0101 rezult\u0101t\u0101 rodas priek\u0161laic\u012bga atteice. Iev\u0113rojiet ra\u017eot\u0101ja ieteikumus par e\u013c\u013co\u0161anas interv\u0101liem un e\u013c\u013cas veidu.<\/p>\n<h3>Bl\u012bvju nomai\u0146as un kalibr\u0113\u0161anas p\u0101rbaudes<\/h3>\n<p>Laika gait\u0101 bl\u012bves var nolietoties un t\u0101s ir j\u0101nomaina, lai nov\u0113rstu nopl\u016bdes. Regul\u0101ras kalibr\u0113\u0161anas p\u0101rbaudes nodro\u0161ina, ka hidraulisk\u0101s sist\u0113mas darbojas atbilsto\u0161i noteiktajiem parametriem, saglab\u0101jot efektivit\u0101ti un dro\u0161\u012bbu. Pareiza cilindru izl\u012bdzin\u0101\u0161ana ir ar\u012b \u013coti svar\u012bga, lai nov\u0113rstu boj\u0101jumus un nodro\u0161in\u0101tu vienm\u0113r\u012bgu darb\u012bbu.<\/p>\n<p><img decoding=\"async\" src=\"https:\/\/www.hydraulic-cylinders.net\/wp-content\/uploads\/2025\/04\/songte-chushion-collar.webp\" alt=\"Spilvenu apkakles att\u0113ls\"><\/p>\n<h2>Dro\u0161\u012bbas apsv\u0113rumi un vides faktori<\/h2>\n<p>Str\u0101d\u0101jot ar hidrauliskajiem cilindriem, dro\u0161\u012bbas pas\u0101kumiem j\u0101b\u016bt priorit\u0101tei. P\u0101rliecinieties, ka visi operatori ir apm\u0101c\u012bti un izprot ar hidraulisko apr\u012bkojumu saist\u012btos riskus. Ekspluat\u0101cijas un apkopes laik\u0101 izmantojiet individu\u0101los aizsardz\u012bbas l\u012bdzek\u013cus un iev\u0113rojiet dro\u0161\u012bbas protokolus. J\u0101\u0146em v\u0113r\u0101 ar\u012b vides faktori, piem\u0113ram, pak\u013cau\u0161ana skarbiem apst\u0101k\u013ciem, t\u0101p\u0113c ir j\u0101izv\u0113las atbilsto\u0161i materi\u0101li un aizsardz\u012bbas pas\u0101kumi, lai saglab\u0101tu cilindra integrit\u0101ti.<\/p>\n<h2>K\u013c\u016bmju diagnostika un bie\u017e\u0101k sastopam\u0101s probl\u0113mas<\/h2>\n<ul>\n<li><strong>Nopl\u016bde:<\/strong> Bie\u017ei vien to izraisa nodilu\u0161as bl\u012bves vai boj\u0101ti savienojumi. Regul\u0101ra apkope var pal\u012bdz\u0113t laikus atkl\u0101t nopl\u016bdes.<\/li>\n<li><strong>Slikta veiktsp\u0113ja:<\/strong> Var nor\u0101d\u012bt uz zemu hidraulisk\u0101 \u0161\u0137idruma l\u012bmeni vai aizsprostojumiem sist\u0113m\u0101. P\u0101rliecinieties, vai tiek uztur\u0113ts atbilsto\u0161s \u0161\u0137idruma l\u012bmenis, un p\u0101rbaudiet, vai nav aizsprostojumu.<\/li>\n<li><strong>Neparastas ska\u0146as:<\/strong> Sl\u012bpo\u0161a vai \u0161\u0146\u0101co\u0161a ska\u0146a var liecin\u0101t par nodilumu vai gaisu sist\u0113m\u0101. Veiciet r\u016bp\u012bgas p\u0101rbaudes, lai noteiktu trok\u0161\u0146a avotu.<\/li>\n<\/ul>\n<h2>Probl\u0113mu nov\u0113r\u0161anas padomi<\/h2>\n<p>Lai efekt\u012bvi diagnostic\u0113tu un nov\u0113rstu probl\u0113mas ar str\u0113les cilindru, vispirms p\u0101rbaudiet hidraulisk\u0101 \u0161\u0137idruma l\u012bmeni un p\u0101rliecinieties, ka sist\u0113m\u0101 nav nopl\u016b\u017eu. Veiciet jebk\u0101das neparastas veiktsp\u0113jas re\u0123istr\u0113\u0161anu, lai identific\u0113tu mode\u013cus, kas var\u0113tu liecin\u0101t par konkr\u0113t\u0101m probl\u0113m\u0101m. Regul\u0101ri veiciet apkopi un nomainiet nolietot\u0101s deta\u013cas, lai nov\u0113rstu probl\u0113mu saasin\u0101\u0161anos. Izmantojiet proakt\u012bvu apkopes pieeju, lai samazin\u0101tu d\u012bkst\u0101ves laiku un uzlabotu hidraulisk\u0101s sist\u0113mas kalpo\u0161anas laiku.<\/p>\n<p><img decoding=\"async\" src=\"https:\/\/www.hydraulic-cylinders.net\/wp-content\/uploads\/2025\/04\/songte-bushings-with-all-kinds-of-excavator-models.webp\" alt=\"Bukses ar ekskavatora mode\u013ca att\u0113lu\"><\/p>\n<h2>Par m\u016bsu uz\u0146\u0113mumu<\/h2>\n<p>M\u0113s esam vado\u0161ais hidraulisko cilindru ra\u017eot\u0101js un vairumtirdzniec\u012bbas izplat\u012bt\u0101js, kas ir ap\u0146\u0113mies pieg\u0101d\u0101t augstas kvalit\u0101tes produktus viet\u0113jam un starptautiskajam tirgum. M\u016bsu uz\u0146\u0113mums iev\u0113ro izcil\u012bbu, iev\u0113rojot r\u016bp\u012bgu ra\u017eo\u0161anas strat\u0113\u0123iju un izmantojot progres\u012bvas ra\u017eo\u0161anas vad\u012bbas prakses. Koncentr\u0113joties uz tehniskaj\u0101m zin\u0101\u0161an\u0101m, modern\u0101m ra\u017eo\u0161anas iek\u0101rt\u0101m un stabilu test\u0113\u0161anas sist\u0113mu, m\u0113s past\u0101v\u012bgi uzlabojam savas ra\u017eo\u0161anas iesp\u0113jas.<\/p>\n<p>M\u016bsu daudzveid\u012bgais produktu kl\u0101sts atbilst klientu da\u017e\u0101daj\u0101m vajadz\u012bb\u0101m, pateicoties m\u016bsu ap\u0146em\u0161an\u0101s nodro\u0161in\u0101t efektivit\u0101ti, precizit\u0101ti un kvalit\u0101ti. M\u0113s pied\u0101v\u0101jam ar\u012b piel\u0101gotus pakalpojumus, kas piel\u0101goti konkr\u0113t\u0101m pras\u012bb\u0101m, nodro\u0161inot, ka m\u016bsu klienti sa\u0146em risin\u0101jumus, kas atbilst vi\u0146u unik\u0101laj\u0101m vajadz\u012bb\u0101m.<\/p>\n<p>Ar profesion\u0101lu pieredzi, starptautiskiem sertifik\u0101tiem un \u012bpa\u0161u p\u0113cp\u0101rdo\u0161anas atbalstu m\u0113s cen\u0161amies nodro\u0161in\u0101t izcilu servisu un produktus, kas p\u0101rsniedz klientu cer\u012bbas.<\/p>\n<p><img decoding=\"async\" src=\"https:\/\/www.hydraulic-cylinders.net\/wp-content\/uploads\/2025\/04\/songte-company-4.webp\" alt=\"Uz\u0146\u0113muma att\u0113ls 1\"><br \/>\n<img decoding=\"async\" src=\"https:\/\/www.hydraulic-cylinders.net\/wp-content\/uploads\/2025\/04\/songte-company-3.webp\" alt=\"Uz\u0146\u0113muma att\u0113ls 2\"><\/p>\n<p>Autors: lil<\/p>","protected":false},"excerpt":{"rendered":"<p>Boom Cylinder For Sinomach ZG3235-9 Product Overview The Boom Cylinder for Sinomach ZG3235-9 is a crucial component designed to control the movement of heavy machinery buckets. Specifically, it is a hydraulic cylinder that enables the lifting, lowering, and tilting of the bucket in various applications, such as excavators, backhoe loaders, and front-end loaders. This hydraulic [&hellip;]<\/p>","protected":false},"featured_media":17876,"comment_status":"open","ping_status":"closed","template":"","meta":{"_et_pb_use_builder":"","_et_pb_old_content":"","_et_gb_content_width":""},"product_brand":[],"product_cat":[1546],"product_tag":[1547,1496],"class_list":{"0":"post-19703","1":"product","2":"type-product","3":"status-publish","4":"has-post-thumbnail","6":"product_cat-boom-cylinders","7":"product_tag-boom-cylinders","8":"product_tag-hydraulic-cylinders","10":"first","11":"instock","12":"shipping-taxable","13":"product-type-simple"},"amp_enabled":true,"_links":{"self":[{"href":"https:\/\/www.hydraulic-cylinders.net\/lv\/wp-json\/wp\/v2\/product\/19703","targetHints":{"allow":["GET"]}}],"collection":[{"href":"https:\/\/www.hydraulic-cylinders.net\/lv\/wp-json\/wp\/v2\/product"}],"about":[{"href":"https:\/\/www.hydraulic-cylinders.net\/lv\/wp-json\/wp\/v2\/types\/product"}],"replies":[{"embeddable":true,"href":"https:\/\/www.hydraulic-cylinders.net\/lv\/wp-json\/wp\/v2\/comments?post=19703"}],"wp:featuredmedia":[{"embeddable":true,"href":"https:\/\/www.hydraulic-cylinders.net\/lv\/wp-json\/wp\/v2\/media\/17876"}],"wp:attachment":[{"href":"https:\/\/www.hydraulic-cylinders.net\/lv\/wp-json\/wp\/v2\/media?parent=19703"}],"wp:term":[{"taxonomy":"product_brand","embeddable":true,"href":"https:\/\/www.hydraulic-cylinders.net\/lv\/wp-json\/wp\/v2\/product_brand?post=19703"},{"taxonomy":"product_cat","embeddable":true,"href":"https:\/\/www.hydraulic-cylinders.net\/lv\/wp-json\/wp\/v2\/product_cat?post=19703"},{"taxonomy":"product_tag","embeddable":true,"href":"https:\/\/www.hydraulic-cylinders.net\/lv\/wp-json\/wp\/v2\/product_tag?post=19703"}],"curies":[{"name":"wp","href":"https:\/\/api.w.org\/{rel}","templated":true}]}}