{"id":19705,"date":"2025-04-07T07:02:54","date_gmt":"2025-04-07T07:02:54","guid":{"rendered":"https:\/\/www.hydraulic-cylinders.net\/product\/boom-cylinder-for-hengte-ht65-8\/"},"modified":"2025-04-07T07:02:57","modified_gmt":"2025-04-07T07:02:57","slug":"boom-cylinder-for-hengte-ht65-8","status":"publish","type":"product","link":"https:\/\/www.hydraulic-cylinders.net\/lv\/products\/boom-cylinder-for-hengte-ht65-8\/","title":{"rendered":"Hengte HT65-8 str\u0113les cilindrs"},"content":{"rendered":"<h1>Hengte HT65-8 str\u0113les cilindrs<\/h1>\n<h2>Ievads str\u0113les cilindros<\/h2>\n<p>Str\u0113les cilindrs ir b\u016btiska hidrauliska sast\u0101vda\u013ca ma\u0161\u012bn\u0101s, kas \u012bpa\u0161i paredz\u0113ta kausu kust\u012bbas vad\u012bbai smag\u0101 apr\u012bkojum\u0101, piem\u0113ram, ekskavatoros, iekr\u0101v\u0113jos un front\u0101lajos iekr\u0101v\u0113jos. Tas \u013cauj kausam pacelties, nolaisties un noliekties, t\u0101d\u0113j\u0101di atvieglojot efekt\u012bvus materi\u0101lu apstr\u0101des uzdevumus. Izmantojot hidraulisk\u0101 \u0161\u0137idruma jaudu, \u0161ie cilindri nodro\u0161ina nepiecie\u0161amo sp\u0113ku sare\u017e\u0123\u012btu darb\u012bbu veik\u0161anai. Tas padara tos par neaizst\u0101jamu jebkuras celtniec\u012bbas vai lauksaimniec\u012bbas tehnikas sast\u0101vda\u013cu.<\/p>\n<p><img decoding=\"async\" src=\"https:\/\/www.hydraulic-cylinders.net\/wp-content\/uploads\/2025\/04\/songte-company-1.webp\" alt=\"Str\u0113les cilindrs\"><\/p>\n<h2>Str\u0113les cilindra \u012bpa\u0161\u012bbas<\/h2>\n<ul>\n<li>\n<h3>Augsta iztur\u012bba un ilgm\u016b\u017e\u012bba<\/h3>\n<p>Parasti no augstas stipr\u012bbas t\u0113rauda vai alum\u012bnija izgatavotais str\u0113les cilindrs var iztur\u0113t augstu spiedienu un lielas slodzes, padarot to piem\u0113rotu skarbiem darba apst\u0101k\u013ciem. T\u0101 konstrukcija \u0146em v\u0113r\u0101 nodilumiztur\u012bbu un iztur\u012bbu pret koroziju, iev\u0113rojami pagarinot t\u0101 kalpo\u0161anas laiku.<\/p>\n<\/li>\n<li>\n<h3>Efekt\u012bva hidraulisk\u0101 darb\u012bba<\/h3>\n<p>Hidraulisk\u0101s e\u013c\u013cas spiediena izmanto\u0161ana nodro\u0161ina vienm\u0113r\u012bgu izvilk\u0161anu un ievilk\u0161anu, \u013caujot \u0101tri rea\u0123\u0113t uz vad\u012bbas komand\u0101m. \u0160\u012b funkcija nodro\u0161ina iev\u0113rojamu vilk\u0161anas un stum\u0161anas jaudu, kas ir b\u016btiski smagu un sare\u017e\u0123\u012btu uzdevumu veik\u0161anai.<\/p>\n<\/li>\n<li>\n<h3>Da\u017e\u0101di veidi<\/h3>\n<p>Ir pieejami da\u017e\u0101du veidu str\u0113les cilindri, tostarp vienas darb\u012bbas (hidraulisk\u0101 spiediena darb\u012bba vien\u0101 virzien\u0101) un divk\u0101r\u0161as darb\u012bbas (darbojas abos virzienos) cilindri. Da\u017ei mode\u013ci ir teleskopiski, kas \u013cauj veikt liel\u0101ku pagarin\u0101jumu, nepalielinot \u0101r\u0113jos izm\u0113rus, kas ir ide\u0101li piem\u0113rots lietojumiem ar ierobe\u017eotu vietu.<\/p>\n<\/li>\n<li>\n<h3>Sader\u012bba ar eso\u0161o apr\u012bkojumu<\/h3>\n<p>M\u016bsu produkti lieliski aizst\u0101j eso\u0161os hidrauliskos cilindrus, nodro\u0161inot neman\u0101mu integr\u0101ciju j\u016bsu pa\u0161reiz\u0113j\u0101 tehnikas iestat\u012bjumos.<\/p>\n<\/li>\n<li>\n<h3>Progres\u012bva tehnolo\u0123ija<\/h3>\n<p>Jaun\u0101ko hidraulisko tehnolo\u0123iju inov\u0101ciju iek\u013cau\u0161ana uzlabo veiktsp\u0113ju, uzticam\u012bbu un darb\u012bbas efektivit\u0101ti, atbilstot m\u016bsdienu lieljaudas lietojumprogrammu pras\u012bb\u0101m.<\/p>\n<\/li>\n<\/ul>\n<p><img decoding=\"async\" src=\"https:\/\/www.hydraulic-cylinders.net\/wp-content\/uploads\/2025\/04\/songte-cylinder-head-with-all-kinds-excavator-models.webp\" alt=\"Str\u0113les cilindra sader\u012bba\"><\/p>\n<h2>Str\u0113les cilindru pielietojums<\/h2>\n<h3>Celtniec\u012bbas apr\u012bkojums<\/h3>\n<p>Ekskavatoros str\u0113les cilindri ir vit\u0101li svar\u012bgi augsnes vai gru\u017eu rak\u0161anai, iekrau\u0161anai un p\u0101rvieto\u0161anai. Tie \u013cauj kausam efekt\u012bvi iek\u013c\u016bt zem\u0113, \u013caujot operatoriem efekt\u012bvi veikt rak\u0161anas darbus. Hidraulisk\u0101 jauda nodro\u0161ina, ka ekskavators var tikt gal\u0101 ar da\u017e\u0101diem augsnes veidiem un gru\u017eu izm\u0113riem, padarot to par \u013coti daudzpus\u012bgu instrumentu b\u016bvlaukumos.<\/p>\n<h3>Lauksaimniec\u012bbas tehnika<\/h3>\n<p>Front\u0101lajiem iekr\u0101v\u0113jiem str\u0113les cilindri atvieglo augsnes, siena un citu materi\u0101lu cel\u0161anu, sav\u0101k\u0161anu un transport\u0113\u0161anu. Sp\u0113ja prec\u012bzi kontrol\u0113t kausa kust\u012bbu \u013cauj lauksaimniekiem optimiz\u0113t iekrau\u0161anas darb\u012bbas, palielinot produktivit\u0101ti un samazinot darbasp\u0113ka izmaksas. \u0160o cilindru jauda un uzticam\u012bba ir b\u016btiska, lai apstr\u0101d\u0101tu smagas lauksaimniec\u012bbas kravas.<\/p>\n<h3>Ekskavatori<\/h3>\n<p>Ekskavatoros kausa cilindram ir iz\u0161\u0137iro\u0161a noz\u012bme rak\u0161anas darb\u012bbu veik\u0161an\u0101. \u013baujot kausam efekt\u012bvi iek\u013c\u016bt augsn\u0113, tas uzlabo ekskavatora sp\u0113ju veikt sare\u017e\u0123\u012btus uzdevumus, piem\u0113ram, tran\u0161eju rak\u0161anu un pamatu b\u016bvniec\u012bbu. Hidraulisko sist\u0113mu atsauc\u012bba nodro\u0161ina, ka operatori var veikt \u0101tras korekcijas p\u0113c nepiecie\u0161am\u012bbas, uzlabojot kop\u0113jo efektivit\u0101ti.<\/p>\n<h3>Iekr\u0101v\u0113ji<\/h3>\n<p>Front\u0101lajos iekr\u0101v\u0113jos str\u0113les cilindri pal\u012bdz efekt\u012bvi pacelt un izkraut kravas. Hidraulisk\u0101 sist\u0113ma \u013cauj operatoram viegli pacelt smagus materi\u0101lus, nodro\u0161inot \u0101tru un efekt\u012bvu iekrau\u0161anas un izkrau\u0161anas procesu. \u0160\u012b iesp\u0113ja ir vit\u0101li svar\u012bga da\u017e\u0101d\u0101s nozar\u0113s, tostarp b\u016bvniec\u012bb\u0101, atkritumu apsaimnieko\u0161an\u0101 un lauksaimniec\u012bb\u0101.<\/p>\n<h2>Dizaina apsv\u0113rumi un atlases krit\u0113riji<\/h2>\n<ul>\n<li>\n<h3>Kravnes\u012bba<\/h3>\n<p>Izv\u0113loties str\u0113les cilindru, ir svar\u012bgi izprast t\u0101 kravnes\u012bbu. T\u0101 nosaka maksim\u0101lo svaru, ko cilindrs var efekt\u012bvi iztur\u0113t bez atteices. Pareizi nov\u0113rt\u0113ts cilindrs nodro\u0161ina dro\u0161u darb\u012bbu smagas slodzes darbu laik\u0101, nov\u0113r\u0161ot p\u0101rslodzes izrais\u012btus negad\u012bjumus.<\/p>\n<\/li>\n<li>\n<h3>Bl\u012bv\u0113\u0161ana<\/h3>\n<p>Efekt\u012bvs bl\u012bv\u0113jums ir \u013coti svar\u012bgs, lai uztur\u0113tu hidraulisko spiedienu cilindr\u0101. Augstas kvalit\u0101tes bl\u012bv\u0113jumi nov\u0113r\u0161 \u0161\u0137idruma nopl\u016bdi, nodro\u0161inot optim\u0101lu veiktsp\u0113ju un samazinot pies\u0101r\u0146ojuma risku. Bl\u012bv\u0113jumiem j\u0101b\u016bt iztur\u012bgiem un nodilumiztur\u012bgiem, jo \u200b\u200btie ir \u013coti svar\u012bgi cilindra funkcionalit\u0101tes saglab\u0101\u0161anai laika gait\u0101.<\/p>\n<\/li>\n<li>\n<h3>Iztur\u012bba<\/h3>\n<p>Str\u0113les cilindrs ir konstru\u0113ts, lai iztur\u0113tu ekstrem\u0101lus apst\u0101k\u013cus, un t\u0101 iztur\u012bba ietekm\u0113 t\u0101 kalpo\u0161anas laiku un uzticam\u012bbu. Izmantotajiem materi\u0101liem j\u0101b\u016bt iztur\u012bgiem pret koroziju, nodilumu un nogurumu, \u012bpa\u0161i skarbos darba apst\u0101k\u013cos. Izv\u0113loties iztur\u012bgam projekt\u0113tus cilindrus, tiek samazin\u0101tas apkopes un nomai\u0146as izmaksas.<\/p>\n<\/li>\n<li>\n<h3>Dro\u0161\u012bba<\/h3>\n<p>Hidrauliskaj\u0101s sist\u0113m\u0101s dro\u0161\u012bbas funkcijas ir \u0101rk\u0101rt\u012bgi svar\u012bgas. Baloniem j\u0101b\u016bt apr\u012bkotiem ar dro\u0161\u012bbas v\u0101rstiem un spiediena samazin\u0101\u0161anas meh\u0101nismiem, lai nov\u0113rstu k\u013c\u016bmes darb\u012bbas laik\u0101. Dro\u0161\u012bbas standartu un noteikumu izpratne ir b\u016btiska, lai nodro\u0161in\u0101tu atbilst\u012bbu un aizsarg\u0101tu operatorus un apr\u012bkojumu.<\/p>\n<\/li>\n<li>\n<h3>Uzturam\u012bba<\/h3>\n<p>Izv\u0113loties str\u0113les cilindru, b\u016btisks apsv\u0113rums ir apkopes vienk\u0101r\u0161\u012bba. T\u0101das funkcijas k\u0101 pieejami e\u013c\u013co\u0161anas punkti, nomain\u0101mas bl\u012bves un vienk\u0101r\u0161s uzst\u0101d\u012b\u0161anas process veicina hidraulisk\u0101s sist\u0113mas visp\u0101r\u0113jo apkopi. Labi konstru\u0113ts cilindrs nodro\u0161ina savlaic\u012bgu un efekt\u012bvu apkopi, nodro\u0161inot tehnikas darb\u012bbu.<\/p>\n<\/li>\n<\/ul>\n<p><img decoding=\"async\" src=\"https:\/\/www.hydraulic-cylinders.net\/wp-content\/uploads\/2025\/04\/songte-oil-pipes-and-spare-parts.webp\" alt=\"Hidraulisk\u0101s sast\u0101vda\u013cas\"><\/p>\n<h2>Bl\u012bv\u0113\u0161ana un e\u013c\u013co\u0161ana<\/h2>\n<p>Uzticama bl\u012bv\u0113\u0161ana un e\u013c\u013co\u0161ana ir b\u016btiska hidraulisko cilindru optim\u0101lai darb\u012bbai. Lai nov\u0113rstu hidraulisk\u0101 \u0161\u0137idruma nopl\u016bdi, tiek izmantoti da\u017e\u0101di bl\u012bv\u0113\u0161anas komponenti, piem\u0113ram, virzu\u013ca bl\u012bv\u0113jumi un stie\u0146a bl\u012bv\u0113jumi. \u0160ie bl\u012bv\u0113jumi bie\u017ei tiek izgatavoti no nodilumiztur\u012bgiem materi\u0101liem, piem\u0113ram, poliuret\u0101na un nitrila gumijas, nodro\u0161inot iztur\u012bbu un efektivit\u0101ti.<\/p>\n<p>Cilindra korpusa un v\u012bt\u0146oto galu virsmas tiek r\u016bp\u012bgi apstr\u0101d\u0101tas, lai uzlabotu nodilumiztur\u012bbu un veicin\u0101tu ilgm\u016b\u017e\u012bbu. Regul\u0101ra e\u013c\u013co\u0161ana ar atbilsto\u0161u hidraulisko e\u013c\u013cu ir nepiecie\u0161ama, lai uztur\u0113tu vienm\u0113r\u012bgu darb\u012bbu un nov\u0113rstu nodilumu laika gait\u0101. Pareiza e\u013c\u013co\u0161ana samazina berzi starp kust\u012bgaj\u0101m da\u013c\u0101m, nodro\u0161inot efekt\u012bvu hidraulisko darb\u012bbu un pagarinot str\u0113les cilindra kalpo\u0161anas laiku.<\/p>\n<h2>Regul\u0101ras p\u0101rbaudes un profilaktisk\u0101s apkopes pas\u0101kumi<\/h2>\n<ul>\n<li>\n<h3>Regul\u0101ras p\u0101rbaudes<\/h3>\n<p>Regul\u0101ru p\u0101rbau\u017eu veik\u0161ana ir \u013coti svar\u012bga, lai identific\u0113tu potenci\u0101l\u0101s probl\u0113mas, pirms t\u0101s saasin\u0101s. P\u0101rbaudiet, vai nav redzamu nopl\u016b\u017eu, bl\u012bv\u0113jumu nodiluma un jebk\u0101du boj\u0101jumu vai deform\u0101cijas paz\u012bmju. Agr\u012bna atkl\u0101\u0161ana \u013cauj savlaic\u012bgi veikt remontu, nov\u0113r\u0161ot turpm\u0101kus hidraulisk\u0101s sist\u0113mas boj\u0101jumus.<\/p>\n<\/li>\n<li>\n<h3>Pareiza e\u013c\u013co\u0161ana<\/h3>\n<p>P\u0101rliecinieties, vai hidraulisk\u0101 sist\u0113ma ir pien\u0101c\u012bgi iee\u013c\u013cota ar ieteicamo hidraulisko \u0161\u0137idrumu. Regul\u0101ri uzpildiet e\u013c\u013cas tvertni un p\u0101rbaudiet, vai hidrauliskais \u0161\u0137idrums nav pies\u0101r\u0146ots vai no\u0101rd\u012bjies. Pareiza e\u013c\u013co\u0161ana samazina iek\u0161\u0113jo deta\u013cu nodilumu, optimiz\u0113jot veiktsp\u0113ju un pagarinot cilindra kalpo\u0161anas laiku.<\/p>\n<\/li>\n<li>\n<h3>Bl\u012bv\u0113juma nomai\u0146a<\/h3>\n<p>Bl\u012bves j\u0101nomaina regul\u0101ras apkopes ietvaros, lai nov\u0113rstu hidraulisk\u0101 \u0161\u0137idruma nopl\u016bdi. Nodiluma paz\u012bmes, piem\u0113ram, \u0161\u0137idruma nopl\u016bde vai samazin\u0101ta veiktsp\u0113ja, nor\u0101da, ka ir pien\u0101cis laiks nomain\u012bt bl\u012bves. Lai nodro\u0161in\u0101tu pareizu darb\u012bbu, rezerves bl\u012bv\u0113m j\u0101atbilst ori\u0123in\u0101l\u0101s iek\u0101rtas specifik\u0101cij\u0101m.<\/p>\n<\/li>\n<\/ul>\n<h2>Uzst\u0101d\u012b\u0161anas vadl\u012bnijas<\/h2>\n<p>Pareiza str\u0113les cilindra uzst\u0101d\u012b\u0161ana ir \u013coti svar\u012bga optim\u0101lai veiktsp\u0113jai. Vispirms p\u0101rliecinieties, vai visas sast\u0101vda\u013cas ir t\u012bras un bez gru\u017eiem. Prec\u012bzi izl\u012bdziniet cilindru ar mont\u0101\u017eas kron\u0161teiniem, lai nov\u0113rstu nepareizu izl\u012bdzin\u0101\u0161anu, kas var izrais\u012bt priek\u0161laic\u012bgu nodilumu un boj\u0101jumus.<\/p>\n<p>Izmantojiet atbilsto\u0161us mont\u0101\u017eas balstus, lai nostiprin\u0101tu cilindru, nodro\u0161inot stabilit\u0101ti darb\u012bbas laik\u0101. P\u0113c uzst\u0101d\u012b\u0161anas p\u0101rbaudiet, vai hidrauliskajos savienojumos nav nopl\u016b\u017eu, un p\u0101rliecinieties, vai visi stiprin\u0101jumi ir pievilkti atbilsto\u0161i ra\u017eot\u0101ja specifik\u0101cij\u0101m. P\u0113c uzst\u0101d\u012b\u0161anas veiciet spiediena p\u0101rbaudi, lai apstiprin\u0101tu sist\u0113mas integrit\u0101ti un efektivit\u0101ti.<\/p>\n<h2>Bie\u017ei sastopamie apkopes uzdevumi<\/h2>\n<ul>\n<li>\n<h3>Regul\u0101ras p\u0101rbaudes<\/h3>\n<p>Regul\u0101ras hidraulisk\u0101s sist\u0113mas un str\u0113les cilindra p\u0101rbaudes ir b\u016btiskas veiktsp\u0113jas uztur\u0113\u0161anai. P\u0101rbaudiet, vai nav nopl\u016b\u017eu, p\u0101rliecinieties, vai hidraulisk\u0101s l\u012bnijas ir neskartas, un apstipriniet cilindra darb\u012bbas integrit\u0101ti. Regul\u0101ra uzraudz\u012bba var pal\u012bdz\u0113t laikus atkl\u0101t probl\u0113mas, samazinot d\u0101rgus remontdarbus.<\/p>\n<\/li>\n<li>\n<h3>Pareiza e\u013c\u013co\u0161ana<\/h3>\n<p>Pareizas e\u013c\u013co\u0161anas uztur\u0113\u0161ana ir \u013coti svar\u012bga hidraulisk\u0101s sist\u0113mas efektivit\u0101tei. Regul\u0101ri p\u0101rbaudiet sm\u0113rvielas l\u012bmeni un p\u0113c nepiecie\u0161am\u012bbas uzpildiet ar atbilsto\u0161u hidraulisko \u0161\u0137idrumu. Pareizas e\u013c\u013co\u0161anas nodro\u0161in\u0101\u0161ana samazina berzi, nov\u0113r\u0161 nodilumu un pagarina cilindra ekspluat\u0101cijas laiku.<\/p>\n<\/li>\n<li>\n<h3>Bl\u012bvju nomai\u0146as un kalibr\u0113\u0161anas p\u0101rbaudes<\/h3>\n<p>Nomainiet bl\u012bves p\u0113c nepiecie\u0161am\u012bbas, lai nov\u0113rstu \u0161\u0137idruma nopl\u016bdi, un veiciet kalibr\u0113\u0161anas p\u0101rbaudes, lai p\u0101rliecin\u0101tos, ka hidraulisk\u0101 sist\u0113ma darbojas pareizi. Pareiza kalibr\u0113\u0161ana nodro\u0161ina, ka cilindrs darbojas noteiktaj\u0101 diapazon\u0101, uzlabojot kop\u0113jo veiktsp\u0113ju un dro\u0161\u012bbu.<\/p>\n<\/li>\n<\/ul>\n<p><img decoding=\"async\" src=\"https:\/\/www.hydraulic-cylinders.net\/wp-content\/uploads\/2025\/04\/songte-chushion-collar.webp\" alt=\"Apkopes komponenti\"><\/p>\n<h2>Dro\u0161\u012bbas apsv\u0113rumi un vides faktori<\/h2>\n<p>Dro\u0161\u012bbas pas\u0101kumi ir \u013coti svar\u012bgi, str\u0101d\u0101jot ar hidrauliskaj\u0101m sist\u0113m\u0101m. Operatoriem j\u0101b\u016bt apm\u0101c\u012btiem par iesp\u0113jamiem apdraud\u0113jumiem, kas saist\u012bti ar hidraulisko apr\u012bkojumu, tostarp hidraulisk\u0101 \u0161\u0137idruma nopl\u016bdes un ar spiedienu saist\u012btu traumu risku. Lai mazin\u0101tu riskus, vienm\u0113r j\u0101valk\u0101 aizsargl\u012bdzek\u013ci. Turkl\u0101t vides apsv\u0113rumiem j\u0101ietver pareiza hidraulisko \u0161\u0137idrumu un sast\u0101vda\u013cu utiliz\u0101cija, lai nov\u0113rstu pies\u0101r\u0146ojumu un iev\u0113rotu viet\u0113jos noteikumus.<\/p>\n<h2>K\u013c\u016bmju diagnostika un bie\u017e\u0101k sastopam\u0101s probl\u0113mas<\/h2>\n<ul>\n<li>\n<h3>Hidraulisk\u0101 spiediena zudums<\/h3>\n<p>Bie\u017ei sastopama probl\u0113ma ir hidraulisk\u0101 spiediena zudums, ko var izrais\u012bt nopl\u016bdes bl\u012bv\u0113s vai hidrauliskaj\u0101s l\u012bnij\u0101s. Lai diagnostic\u0113tu, p\u0101rbaudiet, vai nav redzamu nopl\u016b\u017eu, un p\u0101rbaudiet sist\u0113mas spiediena l\u012bme\u0146us. P\u0101rliecinieties, vai visi savienojumi ir dro\u0161i, un nomainiet visas boj\u0101t\u0101s deta\u013cas.<\/p>\n<\/li>\n<li>\n<h3>L\u0113na vai nerea\u0123\u0113jo\u0161a cilindra kust\u012bba<\/h3>\n<p>Ja cilindrs kustas l\u0113ni vai nerea\u0123\u0113, p\u0101rbaudiet, vai hidrauliskaj\u0101 \u0161\u0137idrum\u0101 nav gaisa, un p\u0101rliecinieties, vai \u0161\u0137idruma l\u012bmenis ir pareizs. P\u0101rbaudiet, vai hidrauliskaj\u0101s l\u012bnij\u0101s nav aizsprostojumu, kas var\u0113tu kav\u0113t pl\u016bsmu, un not\u012briet visus atrastos gru\u017eus.<\/p>\n<\/li>\n<li>\n<h3>P\u0101rm\u0113r\u012bgs bl\u012bv\u0113jumu nodilums<\/h3>\n<p>P\u0101rm\u0113r\u012bgs bl\u012bv\u0113jumu nodilums var liecin\u0101t par nepareizu e\u013c\u013co\u0161anu vai nepareizu izl\u012bdzin\u0101\u0161anu. Regul\u0101ri p\u0101rbaudiet bl\u012bv\u0113jumu nodilumu, nomainiet tos, ja nepiecie\u0161ams, un p\u0101rliecinieties, vai cilindrs ir pareizi izl\u012bdzin\u0101ts uzst\u0101d\u012b\u0161anas laik\u0101, lai izvair\u012btos no p\u0101rm\u0113r\u012bga bl\u012bv\u0113jumu noslodzes.<\/p>\n<\/li>\n<\/ul>\n<p><img decoding=\"async\" src=\"https:\/\/www.hydraulic-cylinders.net\/wp-content\/uploads\/2025\/04\/songte-bushings-with-all-kinds-of-excavator-models.webp\" alt=\"K\u013c\u016bmju diagnostika\"><\/p>\n<h2>Probl\u0113mu nov\u0113r\u0161anas padomi un prevent\u012bvie pas\u0101kumi<\/h2>\n<p>Lai efekt\u012bvi nov\u0113rstu probl\u0113mas, vienm\u0113r s\u0101ciet ar sistem\u0101tisku pieeju. P\u0101rbaudiet \u0161\u0137idruma l\u012bmeni un p\u0101rliecinieties, vai hidrauliskaj\u0101 sist\u0113m\u0101 nav pies\u0101r\u0146ot\u0101ju. Regul\u0101ras apkopes prakses, piem\u0113ram, savlaic\u012bgas p\u0101rbaudes un pareiza e\u013c\u013co\u0161ana, ir \u013coti svar\u012bgas, lai nov\u0113rstu potenci\u0101las probl\u0113mas. Apkopes ierakstu \u017eurn\u0101la uztur\u0113\u0161ana var pal\u012bdz\u0113t izsekot veiktsp\u0113jai un identific\u0113t mode\u013cus, kas var liecin\u0101t par pamat\u0101 eso\u0161aj\u0101m probl\u0113m\u0101m.<\/p>\n<h2>Par m\u016bsu uz\u0146\u0113mumu<\/h2>\n<p>M\u0113s esam vado\u0161ais rezerves hidraulisko cilindru ra\u017eot\u0101js, kas pied\u0101v\u0101 pla\u0161u produktu kl\u0101stu, kas apmierina gan viet\u0113jo, gan starptautisko tirgu vajadz\u012bbas. M\u016bsu ap\u0146em\u0161an\u0101s sasniegt izcil\u012bbu atspogu\u013cojas m\u016bsu detaliz\u0113taj\u0101s ra\u017eo\u0161anas vad\u012bbas strat\u0113\u0123ij\u0101s, apvienojot prasm\u012bgu tehnisko person\u0101lu, modernu digit\u0101lo ra\u017eo\u0161anas apr\u012bkojumu un profesion\u0101las test\u0113\u0161anas sist\u0113mas, lai nep\u0101rtraukti uzlabotu m\u016bsu ra\u017eo\u0161anas platformu.<\/p>\n<p>M\u016bsu sp\u0113c\u012bg\u0101s sp\u0113jas \u013cauj mums iev\u0113rot augstus efektivit\u0101tes, precizit\u0101tes un kvalit\u0101tes standartus, nodro\u0161inot, ka m\u0113s apmierin\u0101m m\u016bsu klientu da\u017e\u0101d\u0101s vajadz\u012bbas. Koncentr\u0113joties uz profesionalit\u0101ti, starptautisk\u0101m sertifik\u0101cij\u0101m un piel\u0101gotiem pakalpojumiem, m\u0113s izce\u013camies hidraulisko cilindru ra\u017eo\u0161anas nozar\u0113. M\u016bsu modern\u0101kais ra\u017eo\u0161anas apr\u012bkojums un izcilais p\u0113cp\u0101rdo\u0161anas serviss v\u0113l vair\u0101k stiprina m\u016bsu reput\u0101ciju k\u0101 uzticamam pieg\u0101d\u0101t\u0101jam.<\/p>\n<p><img decoding=\"async\" src=\"https:\/\/www.hydraulic-cylinders.net\/wp-content\/uploads\/2025\/04\/songte-company-4.webp\" alt=\"Uz\u0146\u0113muma p\u0101rskats\"><br \/>\n<img decoding=\"async\" src=\"https:\/\/www.hydraulic-cylinders.net\/wp-content\/uploads\/2025\/04\/songte-company-3.webp\" alt=\"Ra\u017eo\u0161anas iek\u0101rta\"><\/p>\n<p>Autors lyl<\/p>","protected":false},"excerpt":{"rendered":"<p>Boom Cylinder For Hengte HT65-8 Introduction to Boom Cylinders The Boom Cylinder is a crucial hydraulic component in machinery, specifically designed for controlling the movement of buckets in heavy equipment like excavators, backhoe loaders, and front loaders. It enables the bucket to lift, lower, and tilt, facilitating efficient material handling tasks. By harnessing the power [&hellip;]<\/p>","protected":false},"featured_media":17878,"comment_status":"open","ping_status":"closed","template":"","meta":{"_et_pb_use_builder":"","_et_pb_old_content":"","_et_gb_content_width":""},"product_brand":[],"product_cat":[1546],"product_tag":[1547,1496],"class_list":{"0":"post-19705","1":"product","2":"type-product","3":"status-publish","4":"has-post-thumbnail","6":"product_cat-boom-cylinders","7":"product_tag-boom-cylinders","8":"product_tag-hydraulic-cylinders","10":"first","11":"instock","12":"shipping-taxable","13":"product-type-simple"},"amp_enabled":true,"_links":{"self":[{"href":"https:\/\/www.hydraulic-cylinders.net\/lv\/wp-json\/wp\/v2\/product\/19705","targetHints":{"allow":["GET"]}}],"collection":[{"href":"https:\/\/www.hydraulic-cylinders.net\/lv\/wp-json\/wp\/v2\/product"}],"about":[{"href":"https:\/\/www.hydraulic-cylinders.net\/lv\/wp-json\/wp\/v2\/types\/product"}],"replies":[{"embeddable":true,"href":"https:\/\/www.hydraulic-cylinders.net\/lv\/wp-json\/wp\/v2\/comments?post=19705"}],"wp:featuredmedia":[{"embeddable":true,"href":"https:\/\/www.hydraulic-cylinders.net\/lv\/wp-json\/wp\/v2\/media\/17878"}],"wp:attachment":[{"href":"https:\/\/www.hydraulic-cylinders.net\/lv\/wp-json\/wp\/v2\/media?parent=19705"}],"wp:term":[{"taxonomy":"product_brand","embeddable":true,"href":"https:\/\/www.hydraulic-cylinders.net\/lv\/wp-json\/wp\/v2\/product_brand?post=19705"},{"taxonomy":"product_cat","embeddable":true,"href":"https:\/\/www.hydraulic-cylinders.net\/lv\/wp-json\/wp\/v2\/product_cat?post=19705"},{"taxonomy":"product_tag","embeddable":true,"href":"https:\/\/www.hydraulic-cylinders.net\/lv\/wp-json\/wp\/v2\/product_tag?post=19705"}],"curies":[{"name":"wp","href":"https:\/\/api.w.org\/{rel}","templated":true}]}}