{"id":19706,"date":"2025-04-07T07:02:57","date_gmt":"2025-04-07T07:02:57","guid":{"rendered":"https:\/\/www.hydraulic-cylinders.net\/product\/boom-cylinder-for-hengte-ht85-8\/"},"modified":"2025-04-07T07:03:01","modified_gmt":"2025-04-07T07:03:01","slug":"boom-cylinder-for-hengte-ht85-8","status":"publish","type":"product","link":"https:\/\/www.hydraulic-cylinders.net\/lv\/products\/boom-cylinder-for-hengte-ht85-8\/","title":{"rendered":"Hengte HT85-8 str\u0113les cilindrs"},"content":{"rendered":"<h1>Hengte HT85-8 str\u0113les cilindrs<\/h1>\n<h2>Produkta p\u0101rskats<\/h2>\n<p>Hengte HT85-8 str\u0113les cilindrs ir b\u016btiska hidraulisko sist\u0113mu sast\u0101vda\u013ca, kas \u012bpa\u0161i izstr\u0101d\u0101ta, lai uzlabotu smago ma\u0161\u012bnu funkcionalit\u0101ti. \u0160is hidrauliskais cilindrs ir svar\u012bgs, lai kontrol\u0113tu kausu kust\u012bbu da\u017e\u0101da veida iek\u0101rt\u0101s, piem\u0113ram, ekskavatoros, ekskavatoros-iekr\u0101v\u0113jos un front\u0101lajos iekr\u0101v\u0113jos. Tas \u013cauj kausam pacelties, nolaisties un noliekties, atvieglojot efekt\u012bvus materi\u0101lu apstr\u0101des uzdevumus.<\/p>\n<p><img decoding=\"async\" src=\"https:\/\/www.hydraulic-cylinders.net\/wp-content\/uploads\/2025\/04\/songte-company-1.webp\" alt=\"Hidraulisk\u0101 cilindra att\u0113ls\" \/><\/p>\n<h3>Kausa cilindru defin\u012bcija un p\u0101rskats<\/h3>\n<p>Bucket cylinders are specialized hydraulic cylinders that play a vital role in the operation of construction and agricultural machinery. They are designed to withstand high pressures and provide superior performance in demanding environments. The primary function of these cylinders is to manipulate the bucket&#8217;s position to perform tasks such as digging, lifting, and dumping materials.<\/p>\n<h2>Str\u0113les cilindra \u012bpa\u0161\u012bbas<\/h2>\n<ul>\n<li><strong>Augsta iztur\u012bba un ilgm\u016b\u017e\u012bba:<\/strong> \u0160ie cilindri, kas izgatavoti no augstas stipr\u012bbas t\u0113rauda vai alum\u012bnija, var iztur\u0113t iev\u0113rojamu spiedienu un lielas slodzes, padarot tos piem\u0113rotus skarbiem darba apst\u0101k\u013ciem.<\/li>\n<li><strong>Efekt\u012bva hidraulisk\u0101 darb\u012bba:<\/strong> Tie izmanto hidraulisk\u0101s e\u013c\u013cas spiedienu vienm\u0113r\u012bgai izb\u012bd\u012b\u0161anai un ievilk\u0161anai, nodro\u0161inot \u0101tru rea\u0123\u0113\u0161anu uz darb\u012bbas komand\u0101m un jaud\u012bgas cel\u0161anas iesp\u0113jas.<\/li>\n<li><strong>Veidu da\u017e\u0101d\u012bba:<\/strong> Kausa cilindri, kas pieejami vienk\u0101r\u0161\u0101s un divk\u0101r\u0161\u0101s darb\u012bbas konfigur\u0101cij\u0101s, var atbilst da\u017e\u0101d\u0101m ekspluat\u0101cijas vajadz\u012bb\u0101m, un da\u017eiem mode\u013ciem ir teleskopiska konstrukcija, kas nodro\u0161ina liel\u0101ku sniedzam\u012bbu, nepalielinot \u0101r\u0113jos izm\u0113rus.<\/li>\n<li><strong>Korozijas iztur\u012bba:<\/strong> Izstr\u0101d\u0101ts no materi\u0101liem, kas ir iztur\u012bgi pret nodilumu un koroziju, t\u0101d\u0113j\u0101di uzlabojot ilgm\u016b\u017e\u012bbu da\u017e\u0101d\u0101s vid\u0113s.<\/li>\n<li><strong>Vienk\u0101r\u0161a apkope:<\/strong> \u0160ie cilindri ir paredz\u0113ti vienk\u0101r\u0161ai apkopei, nodro\u0161inot \u0101tru apkopi, lai samazin\u0101tu d\u012bkst\u0101ves laiku.<\/li>\n<\/ul>\n<h3>Ra\u017eo\u0161anas izcil\u012bba<\/h3>\n<p>M\u0113s specializ\u0113jamies augstas kvalit\u0101tes str\u0113les cilindru ra\u017eo\u0161an\u0101, kas lieliski aizst\u0101j eso\u0161os hidrauliskos cilindrus tirg\u016b.<\/p>\n<p><img decoding=\"async\" src=\"https:\/\/www.hydraulic-cylinders.net\/wp-content\/uploads\/2025\/04\/songte-cylinder-head-with-all-kinds-excavator-models.webp\" alt=\"Ekskavatoru mode\u013ci\" \/><\/p>\n<h2>Str\u0113les cilindru pielietojuma scen\u0101riji<\/h2>\n<h3>Celtniec\u012bbas apr\u012bkojums<\/h3>\n<p>B\u016bvniec\u012bbas ma\u0161\u012bn\u0101s str\u0113les cilindri ir kritiski svar\u012bgi ekskavatoriem, kur tos izmanto rak\u0161anai, iekrau\u0161anai un zemes vai gru\u017eu p\u0101rvieto\u0161anai. Ekskavatoros-iekr\u0101v\u0113jos tie pal\u012bdz gan rak\u0161anas, gan cel\u0161anas oper\u0101cij\u0101s, nodro\u0161inot efekt\u012bvu objekta p\u0101rvald\u012bbu.<\/p>\n<h3>Lauksaimniec\u012bbas tehnika<\/h3>\n<p>Front\u0101lajiem iekr\u0101v\u0113jiem str\u0113les cilindri ir svar\u012bgi augsnes, siena un citu materi\u0101lu sav\u0101k\u0161anai, cel\u0161anai un transport\u0113\u0161anai, uzlabojot produktivit\u0101ti gan saimniec\u012bb\u0101s, gan b\u016bvlaukumos.<\/p>\n<h3>Ekskavatori<\/h3>\n<p>Ekskavatoros kausa cilindrs \u013cauj kausam iek\u013c\u016bt augsn\u0113, t\u0101d\u0113j\u0101di uzlabojot rak\u0161anas sp\u0113jas un tehnikas kop\u0113jo veiktsp\u0113ju.<\/p>\n<h3>Iekr\u0101v\u0113ji<\/h3>\n<p>Front\u0101lajos iekr\u0101v\u0113jos str\u0113les cilindri atvieglo kravu cel\u0161anu un izg\u0101\u0161anu, nodro\u0161inot efekt\u012bvu materi\u0101lu transport\u0113\u0161anu da\u017e\u0101dos pielietojumos.<\/p>\n<h2>Dizaina apsv\u0113rumi un atlases krit\u0113riji<\/h2>\n<h3>Kravnes\u012bba<\/h3>\n<p>Kravnes\u012bba ir kritisks str\u0113les cilindru konstrukcijas aspekts. Tai j\u0101b\u016bt pietiekamai, lai iztur\u0113tu maksim\u0101lo svaru, ar ko iek\u0101rta saskarsies darb\u012bbas laik\u0101. Ra\u017eot\u0101ji parasti sniedz specifik\u0101cijas, kas nor\u0101da slodzes ierobe\u017eojumus, \u013caujot lietot\u0101jiem izv\u0113l\u0113ties atbilsto\u0161us cilindrus savai tehnikai. Cilindra ar nepietiekamu kravnes\u012bbu izv\u0113le var izrais\u012bt potenci\u0101lus boj\u0101jumus, radot risku gan iek\u0101rtai, gan operatoriem.<\/p>\n<h3>Bl\u012bv\u0113juma veiktsp\u0113ja<\/h3>\n<p>Efekt\u012bvs bl\u012bv\u0113jums ir b\u016btisks hidraulisko cilindru ilgm\u016b\u017e\u012bbai un efektivit\u0101tei. Augstas kvalit\u0101tes bl\u012bv\u0113jumi nov\u0113r\u0161 \u0161\u0137idruma nopl\u016bdi un pies\u0101r\u0146ojumu, nodro\u0161inot optim\u0101lu veiktsp\u0113ju. Lai saglab\u0101tu hidraulisko integrit\u0101ti, ir nepiecie\u0161amas regul\u0101ras bl\u012bv\u0113\u0161anas komponentu p\u0101rbaudes. Izv\u0113loties cilindrus ar modern\u0101m bl\u012bv\u0113\u0161anas tehnolo\u0123ij\u0101m, var iev\u0113rojami samazin\u0101t apkopes bie\u017eumu un pagarin\u0101t kop\u0113jo kalpo\u0161anas laiku.<\/p>\n<h3>Iztur\u012bba<\/h3>\n<p>Iztur\u012bba ir \u0101rk\u0101rt\u012bgi svar\u012bga vid\u0113, kur hidrauliskie cilindri ir pak\u013cauti ekstrem\u0101liem apst\u0101k\u013ciem. Cilindra konstrukcij\u0101 izmantotajiem materi\u0101liem j\u0101b\u016bt iztur\u012bgiem pret nodilumu, koroziju un nogurumu. Uzlabotas ra\u017eo\u0161anas metodes, piem\u0113ram, virsmas saciet\u0113\u0161ana un aizsargp\u0101rkl\u0101jumi, uzlabo \u0161o komponentu iztur\u012bbu, \u013caujot tiem laika gait\u0101 darboties vienm\u0113r\u012bgi.<\/p>\n<h3>Dro\u0161\u012bbas funkcijas<\/h3>\n<p>Dro\u0161\u012bbas funkciju iek\u013cau\u0161ana hidrauliskajos cilindros ir \u013coti svar\u012bga, lai nov\u0113rstu negad\u012bjumus un traumas. Tas var ietvert spiediena samazin\u0101\u0161anas v\u0101rstus un dro\u0161\u012bbas sl\u0113dzenes, kas nodro\u0161ina, ka iek\u0101rta var dro\u0161i darboties da\u017e\u0101dos apst\u0101k\u013cos. Lietot\u0101jiem j\u0101mekl\u0113 cilindri, kas atbilst starptautiskajiem dro\u0161\u012bbas standartiem, lai nodro\u0161in\u0101tu atbilst\u012bbu pras\u012bb\u0101m un uzticam\u012bbu.<\/p>\n<h3>Apkopes pieejam\u012bba<\/h3>\n<p>Hidraulisko cilindru projekt\u0113\u0161ana, lai nodro\u0161in\u0101tu vienk\u0101r\u0161u apkopi, ir \u013coti svar\u012bga, lai samazin\u0101tu d\u012bkst\u0101ves laiku. T\u0101das funkcijas k\u0101 pieejami e\u013c\u013co\u0161anas punkti, nomain\u0101mi bl\u012bv\u0113jumi un skaidras apkopes instrukcijas var uzlabot lietot\u0101ja pieredzi un darb\u012bbas efektivit\u0101ti. Ra\u017eot\u0101jiem vajadz\u0113tu dot priek\u0161roku konstrukcij\u0101m, kas nodro\u0161ina vienk\u0101r\u0161as p\u0101rbaudes un remontu.<\/p>\n<p><img decoding=\"async\" src=\"https:\/\/www.hydraulic-cylinders.net\/wp-content\/uploads\/2025\/04\/songte-oil-pipes-and-spare-parts.webp\" alt=\"E\u013c\u013cas caurules un rezerves da\u013cas\" \/><\/p>\n<h2>Bl\u012bv\u0113\u0161ana un e\u013c\u013co\u0161ana<\/h2>\n<p>Efekt\u012bva bl\u012bv\u0113\u0161ana un e\u013c\u013co\u0161ana ir kritiski svar\u012bga str\u0113les cilindru darb\u012bbai. Lai nodro\u0161in\u0101tu darb\u012bbu bez nopl\u016bd\u0113m, tiek izmantoti da\u017e\u0101di bl\u012bv\u0113\u0161anas komponenti, tostarp virzu\u013ca bl\u012bv\u0113jumi un stie\u0146a bl\u012bv\u0113jumi. Bl\u012bv\u0113jumi, kas izgatavoti no t\u0101diem nodilumiztur\u012bgiem materi\u0101liem k\u0101 poliuret\u0101ns un nitrila gumija, iev\u0113rojami uzlabo iztur\u012bbu. Turkl\u0101t cilindram un v\u012bt\u0146otaj\u0101m gala virsm\u0101m j\u0101veic prec\u012bza apstr\u0101de, lai uzlabotu nodilumiztur\u012bbu.<\/p>\n<p>Regul\u0101ra e\u013c\u013co\u0161ana ar hidraulisko e\u013c\u013cu ir b\u016btiska, lai nov\u0113rstu nodilumu un uztur\u0113tu optim\u0101lu veiktsp\u0113ju. Operatoriem j\u0101nodro\u0161ina, ka tiek izmantots pareizais hidraulisk\u0101s e\u013c\u013cas veids un daudzums, jo nepietiekama e\u013c\u013co\u0161ana var izrais\u012bt priek\u0161laic\u012bgu hidraulisk\u0101s sist\u0113mas nodilumu un boj\u0101jumus.<\/p>\n<h2>Prevent\u012bvie apkopes pas\u0101kumi<\/h2>\n<ul>\n<li><strong>Regul\u0101ras p\u0101rbaudes:<\/strong> Regul\u0101ras str\u0113les cilindru p\u0101rbaudes var pal\u012bdz\u0113t identific\u0113t potenci\u0101l\u0101s probl\u0113mas, pirms t\u0101s saasin\u0101s. Operatoriem ikdienas apkopes laik\u0101 j\u0101p\u0101rbauda, \u200b\u200bvai nav nopl\u016b\u017eu, nodiluma vai boj\u0101jumu paz\u012bmju.<\/li>\n<li><strong>Piem\u0113rota e\u013c\u013co\u0161ana:<\/strong> Pareiza e\u013c\u013co\u0161ana ir \u013coti svar\u012bga hidraulisko cilindru ilgm\u016b\u017e\u012bbai. Lietot\u0101jiem j\u0101iev\u0113ro ra\u017eot\u0101ja vadl\u012bnijas par e\u013c\u013co\u0161anas bie\u017eumu un e\u013c\u013cas veidu, lai nodro\u0161in\u0101tu optim\u0101lu veiktsp\u0113ju.<\/li>\n<li><strong>Bl\u012bv\u0113juma nomai\u0146a:<\/strong> Bl\u012bves ir nodiluma komponenti, kas periodiski j\u0101nomaina. Bl\u012bvju p\u0101rbaude apkopes laik\u0101 var nov\u0113rst nopl\u016bdes un veiktsp\u0113jas probl\u0113mas.<\/li>\n<\/ul>\n<h2>Uzst\u0101d\u012b\u0161anas vadl\u012bnijas<\/h2>\n<p>Pareiza str\u0113les cilindru uzst\u0101d\u012b\u0161ana ir \u013coti svar\u012bga to efekt\u012bvai darb\u012bbai. Vispirms p\u0101rliecinieties, vai mont\u0101\u017eas kron\u0161teini ir pareizi izl\u012bdzin\u0101ti, lai darb\u012bbas laik\u0101 nov\u0113rstu p\u0101rm\u0113r\u012bgu slodzi uz cilindru. Izmantojiet atbilsto\u0161us instrumentus, lai nostiprin\u0101tu cilindru viet\u0101, izvairoties no p\u0101r\u0101k lielas pievilk\u0161anas, kas var\u0113tu apdraud\u0113t bl\u012bv\u0113jumu integrit\u0101ti.<\/p>\n<p>Ir ar\u012b svar\u012bgi p\u0101rbaud\u012bt, vai hidraulisk\u0101s l\u012bnijas ir pareizi pievienotas, lai nov\u0113rstu nopl\u016bdes. P\u0113c uzst\u0101d\u012b\u0161anas veiciet sist\u0113mas p\u0101rbaudi, lai p\u0101rliecin\u0101tos, ka nav \u0161\u0137idruma nopl\u016b\u017eu un ka cilindrs darbojas nevainojami vis\u0101 kust\u012bbas diapazon\u0101. \u0160o vadl\u012bniju iev\u0113ro\u0161ana pal\u012bdz\u0113s nodro\u0161in\u0101t str\u0113les cilindra uzticam\u012bbu un ilgm\u016b\u017e\u012bbu.<\/p>\n<h2>Apkopes uzdevumi<\/h2>\n<ul>\n<li><strong>Regul\u0101ras p\u0101rbaudes:<\/strong> Regul\u0101ras nodiluma un boj\u0101jumu p\u0101rbaudes var pal\u012bdz\u0113t nov\u0113rst nopietnus boj\u0101jumus. Mekl\u0113jiet hidraulisk\u0101 \u0161\u0137idruma nopl\u016bdes paz\u012bmes, kas nor\u0101da uz iesp\u0113jam\u0101m probl\u0113m\u0101m ar bl\u012bv\u0113m vai pa\u0161u cilindru.<\/li>\n<li><strong>Pareiza e\u013c\u013co\u0161ana:<\/strong> Lai samazin\u0101tu berzi un nodilumu, ir nepiecie\u0161ama atbilsto\u0161a e\u013c\u013co\u0161ana. Operatoriem j\u0101nodro\u0161ina, ka cilindrs ir iee\u013c\u013cots saska\u0146\u0101 ar ra\u017eot\u0101ja specifik\u0101cij\u0101m, kas var ietvert ar\u012b \u012bpa\u0161a veida hidraulisk\u0101s e\u013c\u013cas izmanto\u0161anu.<\/li>\n<li><strong>Bl\u012bv\u0113juma nomai\u0146a:<\/strong> T\u0101 k\u0101 bl\u012bves laika gait\u0101 nolietojas, t\u0101s j\u0101nomaina, lai saglab\u0101tu hidraulisko integrit\u0101ti. Regul\u0101ri p\u0101rbaudiet, vai bl\u012bv\u0113m nav nodiluma paz\u012bmju, un nekav\u0113joties nov\u0113rsiet visas probl\u0113mas.<\/li>\n<\/ul>\n<p>Uzst\u0101d\u012b\u0161anas procesa laik\u0101 cilindra pareiza izl\u012bdzin\u0101\u0161ana ir \u0101rk\u0101rt\u012bgi svar\u012bga, lai nodro\u0161in\u0101tu darb\u012bbas efektivit\u0101ti. Izmantojiet atbilsto\u0161us mont\u0101\u017eas kron\u0161teinus stabilit\u0101tei un p\u0101rliecinieties, ka hidrauliskie savienojumi ir dro\u0161i, lai nov\u0113rstu nopl\u016bdes. Ieteicamo p\u0101rbaudes, remonta un nomai\u0146as proced\u016bru iev\u0113ro\u0161ana uzlabos str\u0113les cilindra kalpo\u0161anas laiku.<\/p>\n<p><img decoding=\"async\" src=\"https:\/\/www.hydraulic-cylinders.net\/wp-content\/uploads\/2025\/04\/songte-chushion-collar.webp\" alt=\"Spilvenu apkakle\" \/><\/p>\n<h2>Dro\u0161\u012bbas apsv\u0113rumi un vides faktori<\/h2>\n<p>Izmantojot hidrauliskos cilindrus, ir svar\u012bgi iev\u0113rot dro\u0161\u012bbas pas\u0101kumus, lai nov\u0113rstu negad\u012bjumus. Lietot\u0101jiem j\u0101b\u016bt apm\u0101c\u012btiem hidraulisko iek\u0101rtu dro\u0161\u0101 lieto\u0161an\u0101 un j\u0101saprot iesp\u0113jamie apdraud\u0113jumi, kas saist\u012bti ar augstspiediena sist\u0113m\u0101m. Regul\u0101ra apm\u0101c\u012bba un dro\u0161\u012bbas protokolu iev\u0113ro\u0161ana var iev\u0113rojami samazin\u0101t traumu risku darba viet\u0101.<\/p>\n<h2>K\u013c\u016bmju diagnostika un bie\u017ei sastopam\u0101s probl\u0113mas<\/h2>\n<ul>\n<li><strong>Nopl\u016bdes probl\u0113mas:<\/strong> Hidraulisk\u0101 \u0161\u0137idruma nopl\u016bdes var izrais\u012bt nodilu\u0161as bl\u012bves vai boj\u0101tas deta\u013cas. Regul\u0101r\u0101m p\u0101rbaud\u0113m j\u0101koncentr\u0113jas uz nopl\u016b\u017eu agr\u012bnu noteik\u0161anu.<\/li>\n<li><strong>L\u0113na darb\u012bba:<\/strong> Ja cilindrs rea\u0123\u0113 l\u0113ni, tas var liecin\u0101t par zemu hidraulisk\u0101 \u0161\u0137idruma l\u012bmeni vai aizsprostojumu hidrauliskaj\u0101s l\u012bnij\u0101s. Lietot\u0101jiem j\u0101p\u0101rbauda \u0161\u0137idruma l\u012bmenis un j\u0101nov\u0113r\u0161 visi aizsprostojumi.<\/li>\n<li><strong>Nekonsekventa veiktsp\u0113ja:<\/strong> Veiktsp\u0113jas sv\u0101rst\u012bbas var rasties sist\u0113m\u0101 iespr\u016bdu\u0161a gaisa vai hidraulisko s\u016bk\u0146u darb\u012bbas trauc\u0113jumu d\u0113\u013c. Ir svar\u012bgi atgaisot sist\u0113mu un p\u0101rbaud\u012bt s\u016bk\u0146a darb\u012bbu.<\/li>\n<\/ul>\n<p>Lai efekt\u012bvi diagnostic\u0113tu un risin\u0101tu probl\u0113mas, operatoriem ir j\u0101iev\u0113ro proakt\u012bva pieeja. Prevent\u012bvo pas\u0101kumu ievie\u0161ana un regul\u0101ra apkope var samazin\u0101t iesp\u0113jam\u0101s probl\u0113mas un nodro\u0161in\u0101t netrauc\u0113tu darb\u012bbu.<\/p>\n<p><img decoding=\"async\" src=\"https:\/\/www.hydraulic-cylinders.net\/wp-content\/uploads\/2025\/04\/songte-bushings-with-all-kinds-of-excavator-models.webp\" alt=\"Ekskavatoru mode\u013cu bukses\" \/><\/p>\n<h2>Uz\u0146\u0113muma p\u0101rskats<\/h2>\n<p>M\u0113s esam vado\u0161ais hidraulisko cilindru ra\u017eot\u0101js un vairumtirgot\u0101js, kas specializ\u0113jas da\u017e\u0101du pielietojumu rezerves da\u013cu ra\u017eo\u0161an\u0101. M\u016bsu pla\u0161ais produktu kl\u0101sts padara m\u016bs par iev\u0113rojamu sp\u0113l\u0113t\u0101ju gan viet\u0113j\u0101, gan starptautiskaj\u0101 tirg\u016b. M\u0113s esam ap\u0146\u0113mu\u0161ies sasniegt izcil\u012bbu, izmantojot izsmalcin\u0101tu ra\u017eo\u0161anas strat\u0113\u0123iju, kas ietver modernas iek\u0101rtas, kvalific\u0113tu tehnisko person\u0101lu un stingras kvalit\u0101tes kontroles sist\u0113mas.<\/p>\n<p>M\u016bsu uzman\u012bbas centr\u0101 ir augsta efektivit\u0101te, precizit\u0101te un kvalit\u0101te, kas \u013cauj mums efekt\u012bvi apmierin\u0101t da\u017e\u0101das klientu vajadz\u012bbas. M\u0113s pied\u0101v\u0101jam piel\u0101gotus pakalpojumus, kas piel\u0101goti konkr\u0113t\u0101m pras\u012bb\u0101m, un nodro\u0161in\u0101m, ka m\u016bsu produkti atbilst starptautiskajiem sertifik\u0101cijas standartiem, garant\u0113jot uzticam\u012bbu un veiktsp\u0113ju.<\/p>\n<p><img decoding=\"async\" src=\"https:\/\/www.hydraulic-cylinders.net\/wp-content\/uploads\/2025\/04\/songte-company-4.webp\" alt=\"Uz\u0146\u0113muma t\u0113ls\" \/><br \/>\n<img decoding=\"async\" src=\"https:\/\/www.hydraulic-cylinders.net\/wp-content\/uploads\/2025\/04\/songte-company-3.webp\" alt=\"Uz\u0146\u0113muma t\u0113ls\" \/><\/p>\n<p>Autors: lil<\/p>","protected":false},"excerpt":{"rendered":"<p>Boom Cylinder For Hengte HT85-8 Product Overview The Boom Cylinder for Hengte HT85-8 is a crucial component in hydraulic systems, specifically designed to enhance the functionality of heavy machinery. This hydraulic cylinder is instrumental in controlling the movement of buckets in various types of equipment such as excavators, backhoe loaders, and front loaders. It allows [&hellip;]<\/p>","protected":false},"featured_media":17879,"comment_status":"open","ping_status":"closed","template":"","meta":{"_et_pb_use_builder":"","_et_pb_old_content":"","_et_gb_content_width":""},"product_brand":[],"product_cat":[1546],"product_tag":[1547,1496],"class_list":{"0":"post-19706","1":"product","2":"type-product","3":"status-publish","4":"has-post-thumbnail","6":"product_cat-boom-cylinders","7":"product_tag-boom-cylinders","8":"product_tag-hydraulic-cylinders","10":"first","11":"instock","12":"shipping-taxable","13":"product-type-simple"},"amp_enabled":true,"_links":{"self":[{"href":"https:\/\/www.hydraulic-cylinders.net\/lv\/wp-json\/wp\/v2\/product\/19706","targetHints":{"allow":["GET"]}}],"collection":[{"href":"https:\/\/www.hydraulic-cylinders.net\/lv\/wp-json\/wp\/v2\/product"}],"about":[{"href":"https:\/\/www.hydraulic-cylinders.net\/lv\/wp-json\/wp\/v2\/types\/product"}],"replies":[{"embeddable":true,"href":"https:\/\/www.hydraulic-cylinders.net\/lv\/wp-json\/wp\/v2\/comments?post=19706"}],"wp:featuredmedia":[{"embeddable":true,"href":"https:\/\/www.hydraulic-cylinders.net\/lv\/wp-json\/wp\/v2\/media\/17879"}],"wp:attachment":[{"href":"https:\/\/www.hydraulic-cylinders.net\/lv\/wp-json\/wp\/v2\/media?parent=19706"}],"wp:term":[{"taxonomy":"product_brand","embeddable":true,"href":"https:\/\/www.hydraulic-cylinders.net\/lv\/wp-json\/wp\/v2\/product_brand?post=19706"},{"taxonomy":"product_cat","embeddable":true,"href":"https:\/\/www.hydraulic-cylinders.net\/lv\/wp-json\/wp\/v2\/product_cat?post=19706"},{"taxonomy":"product_tag","embeddable":true,"href":"https:\/\/www.hydraulic-cylinders.net\/lv\/wp-json\/wp\/v2\/product_tag?post=19706"}],"curies":[{"name":"wp","href":"https:\/\/api.w.org\/{rel}","templated":true}]}}