{"id":19709,"date":"2025-04-07T07:03:08","date_gmt":"2025-04-07T07:03:08","guid":{"rendered":"https:\/\/www.hydraulic-cylinders.net\/product\/boom-cylinder-for-hengte-wheel-excavator-htl60\/"},"modified":"2025-04-07T07:03:11","modified_gmt":"2025-04-07T07:03:11","slug":"boom-cylinder-for-hengte-wheel-excavator-htl60","status":"publish","type":"product","link":"https:\/\/www.hydraulic-cylinders.net\/lv\/products\/boom-cylinder-for-hengte-wheel-excavator-htl60\/","title":{"rendered":"Hengte rite\u0146u ekskavatora HTL60 str\u0113les cilindrs"},"content":{"rendered":"<h1>Hengte rite\u0146u ekskavatora HTL60 str\u0113les cilindrs<\/h1>\n<h2>Produkta p\u0101rskats<\/h2>\n<p>Hengte rite\u0146u ekskavatora HTL60 str\u0113les cilindrs ir b\u016btiska hidrauliska sast\u0101vda\u013ca, kas \u012bpa\u0161i paredz\u0113ta, lai kontrol\u0113tu str\u0113les kust\u012bbu smagaj\u0101s ma\u0161\u012bn\u0101s. K\u0101 hidraulisk\u0101 cilindra veids tam ir iz\u0161\u0137iro\u0161a noz\u012bme ekskavatoru, ekskavatoru-iekr\u0101v\u0113ju un front\u0101lo iekr\u0101v\u0113ju hidrauliskaj\u0101 sist\u0113m\u0101. \u0160is cilindrs \u013cauj str\u0113lei pacelt, nolaist un noliekt, atvieglojot efekt\u012bvus materi\u0101lu apstr\u0101des uzdevumus. Str\u0113les cilindrs darbojas augsta spiediena ietekm\u0113, \u013caujot tam veikt da\u017e\u0101das cel\u0161anas un rak\u0161anas funkcijas, padarot to neaizst\u0101jamu b\u016bvniec\u012bbas un rak\u0161anas darbos.<\/p>\n<p><img decoding=\"async\" src=\"https:\/\/www.hydraulic-cylinders.net\/wp-content\/uploads\/2025\/04\/songte-company-1.webp\" alt=\"Str\u0113les cilindrs\"><\/p>\n<h2>Galven\u0101s iez\u012bmes<\/h2>\n<ul>\n<li>\n<h3>Augsta iztur\u012bba un ilgm\u016b\u017e\u012bba<\/h3>\n<p> Str\u0113les cilindrs parasti ir izgatavots no augstas stipr\u012bbas t\u0113rauda vai alum\u012bnija, kas paredz\u0113ts augsta spiediena un lielu kravu iztur\u0113\u0161anai. T\u0101 konstrukcij\u0101 ir \u0146emta v\u0113r\u0101 nodilumiztur\u012bba un iztur\u012bba pret koroziju, kas pagarina t\u0101 kalpo\u0161anas laiku skarbos darba apst\u0101k\u013cos.<\/li>\n<li>\n<h3>Efekt\u012bva hidraulisk\u0101 darb\u012bba<\/h3>\n<p> Izmantojot hidraulisk\u0101s e\u013c\u013cas spiedienu, str\u0113les cilindrs nodro\u0161ina vienm\u0113r\u012bgas teleskopisk\u0101s darb\u012bbas. Tas var \u0101tri rea\u0123\u0113t uz vad\u012bbas komand\u0101m, nodro\u0161inot iev\u0113rojamu stum\u0161anas un vilk\u0161anas sp\u0113ku, padarot to piem\u0113rotu smagu kravu apstr\u0101dei un sare\u017e\u0123\u012btu uzdevumu veik\u0161anai.<\/li>\n<li>\n<h3>Da\u017e\u0101di veidi<\/h3>\n<p> Lietot\u0101ji var izv\u0113l\u0113ties starp vienk\u0101r\u0161as darb\u012bbas (izmanto hidraulisko spiedienu vien\u0101 virzien\u0101) vai divk\u0101r\u0161as darb\u012bbas (izmanto hidraulisko spiedienu abos virzienos) cilindriem atkar\u012bb\u0101 no sav\u0101m ekspluat\u0101cijas vajadz\u012bb\u0101m. Da\u017ei mode\u013ci ir teleskopiski, kas \u013cauj tos pla\u0161\u0101k izstiept, nepalielinot \u0101r\u0113jos izm\u0113rus, kas ir ide\u0101li piem\u0113rots lietojumiem ar ierobe\u017eotu vietu.<\/li>\n<li>\n<h3>Piel\u0101gota ra\u017eo\u0161ana<\/h3>\n<p> M\u0113s pied\u0101v\u0101jam \u0161\u012b produkta ra\u017eo\u0161anas iesp\u0113jas, nodro\u0161inot, ka m\u016bsu cilindri var perfekti aizst\u0101t eso\u0161os hidrauliskos cilindrus, neapdraudot veiktsp\u0113ju.<\/li>\n<li>\n<h3>Lietojumprogrammas elast\u012bba<\/h3>\n<p> The boom cylinder&#8217;s design accommodates various applications, providing versatility across different machinery types.<\/li>\n<\/ul>\n<p><img decoding=\"async\" src=\"https:\/\/www.hydraulic-cylinders.net\/wp-content\/uploads\/2025\/04\/songte-cylinder-head-with-all-kinds-excavator-models.webp\" alt=\"Ekskavatoru mode\u013ci\"><\/p>\n<h2>Lietojumprogrammu scen\u0101riji<\/h2>\n<ul>\n<li>\n<h3>Celtniec\u012bbas apr\u012bkojums<\/h3>\n<p> Ekskavatoros str\u0113les cilindri ir \u013coti svar\u012bgi augsnes vai gru\u017eu rak\u0161anai, iekrau\u0161anai un p\u0101rvieto\u0161anai. Tie nodro\u0161ina nepiecie\u0161amo sp\u0113ku, lai efekt\u012bvi paceltu un nolaistu str\u0113li, t\u0101d\u0113j\u0101di palielinot produktivit\u0101ti objekt\u0101. Str\u0113les cilindru integr\u0101cija ekskavatoros-iekr\u0101v\u0113jos atvieglo gan rak\u0161anas, gan cel\u0161anas darb\u012bbas, nodro\u0161inot daudzpus\u012bgu veiktsp\u0113ju da\u017e\u0101dos b\u016bvniec\u012bbas uzdevumos.<\/li>\n<li>\n<h3>Lauksaimniec\u012bbas tehnika<\/h3>\n<p> Front\u0101lajos iekr\u0101v\u0113jos \u0161ie cilindri ir atbild\u012bgi par augsnes, siena un citu materi\u0101lu sav\u0101k\u0161anu, cel\u0161anu un transport\u0113\u0161anu. To sp\u0113ja rad\u012bt iev\u0113rojamu celtsp\u0113ju ir vit\u0101li svar\u012bga efekt\u012bvai darb\u012bbai, samazinot lauksaimniec\u012bbas uzdevumu veik\u0161anai nepiecie\u0161amo laiku un darbasp\u0113ku.<\/li>\n<li>\n<h3>Ekskavatori<\/h3>\n<p> Str\u0113les cilindrs \u013cauj kausam efekt\u012bvi iek\u013c\u016bt augsn\u0113, p\u0101rveidojot potenci\u0101lo ener\u0123iju kin\u0113tiskaj\u0101 ener\u0123ij\u0101 rak\u0161anai. T\u0101 konstrukcija nodro\u0161ina, ka str\u0113li var vienm\u0113r\u012bgi izb\u012bd\u012bt un ievilkt, maksim\u0101li palielinot darb\u012bbas efektivit\u0101ti un samazinot nodilumu.<\/li>\n<li>\n<h3>Iekr\u0101v\u0113ji<\/h3>\n<p> Front\u0101lajos iekr\u0101v\u0113jos str\u0113les cilindri \u013cauj efekt\u012bvi pacelt un izg\u0101zt kravas. To uzticam\u0101 darb\u012bba nodro\u0161ina, ka materi\u0101lus var \u0101tri un efekt\u012bvi p\u0101rvietot, kas ir b\u016btiski produktivit\u0101tes saglab\u0101\u0161anai da\u017e\u0101dos pielietojumos.<\/li>\n<\/ul>\n<h2>Dizaina apsv\u0113rumi<\/h2>\n<ul>\n<li>\n<h3>Kravnes\u012bba<\/h3>\n<p> Str\u0113les cilindra kravnes\u012bba ir b\u016btisks projekt\u0113\u0161anas apsv\u0113rums. T\u0101 j\u0101projekt\u0113 t\u0101, lai t\u0101 bez atteices iztur\u0113tu maksim\u0101lo slodzi, kas paredzama ekspluat\u0101cijas laik\u0101. Tas ietver pareizo materi\u0101lu un konstrukcijas meto\u017eu izv\u0113li, lai nodro\u0161in\u0101tu iztur\u012bbu un notur\u012bbu. Kravnes\u012bba nosaka ar\u012b hidrauliskajai sist\u0113mai nepiecie\u0161amo izm\u0113ru un spiediena specifik\u0101cijas. R\u016bp\u012bgi apr\u0113\u0137ini projekt\u0113\u0161anas posm\u0101 nodro\u0161ina optim\u0101lu veiktsp\u0113ju un dro\u0161\u012bbu lieljaudas lietojumos.<\/h3>\n<\/li>\n<li>\n<h3>Bl\u012bv\u0113juma kvalit\u0101te<\/h3>\n<p> Efekt\u012bva bl\u012bv\u0113\u0161ana ir \u013coti svar\u012bga, lai nov\u0113rstu hidraulisk\u0101 \u0161\u0137idruma nopl\u016bdi un uztur\u0113tu spiedienu cilindr\u0101. Augstas kvalit\u0101tes bl\u012bv\u0113\u0161anas materi\u0101lu, piem\u0113ram, poliuret\u0101na un nitrilgumijas, izmanto\u0161ana ir b\u016btiska iztur\u012bbai un veiktsp\u0113jai. Bl\u012bv\u0113jumu konstrukcij\u0101m ir j\u0101piel\u0101go cilindra dinamisk\u0101s kust\u012bbas, vienlaikus izturot nodilumu un vides faktorus. Regul\u0101ra apkope un atbilsto\u0161a bl\u012bv\u0113juma izv\u0113le ir b\u016btiska, lai pagarin\u0101tu cilindra kalpo\u0161anas laiku.<\/h3>\n<\/li>\n<li>\n<h3>Iztur\u012bba<\/h3>\n<p> Iztur\u012bba ir \u0101rk\u0101rt\u012bgi svar\u012bga str\u0113les cilindru konstrukcij\u0101, \u012bpa\u0161i skarbos darba apst\u0101k\u013cos. Izmantotajiem materi\u0101liem j\u0101iztur da\u017e\u0101di stresa faktori, tostarp ekstrem\u0101las temperat\u016bras, mitrums un abraz\u012bvi materi\u0101li. Iztur\u012bba pret koroziju ir ar\u012b kritiski svar\u012bga; t\u0101p\u0113c bie\u017ei tiek izmantota virsmas apstr\u0101de un p\u0101rkl\u0101jumi, lai uzlabotu ilgm\u016b\u017e\u012bbu. Iztur\u012bga konstrukcija samazina nomai\u0146as un remonta bie\u017eumu, ietaupot gan laiku, gan naudu operatoram.<\/h3>\n<\/li>\n<li>\n<h3>Dro\u0161\u012bbas funkcijas<\/h3>\n<p> Str\u0113les cilindru konstrukcijas dro\u0161\u012bbas elementi nodro\u0161ina operatoru un apr\u012bkojuma aizsardz\u012bbu. Tie var ietvert spiediena samazin\u0101\u0161anas v\u0101rstus, lai nov\u0113rstu p\u0101rslodzi, un dro\u0161\u012bbas blo\u0137\u0113\u0161anas meh\u0101nismus, kas stabiliz\u0113 str\u0113li, kad t\u0101 nedarbojas. Iztur\u012bga dro\u0161\u012bbas konstrukcija ne tikai uzlabo darbinieku dro\u0161\u012bbu, bet ar\u012b nov\u0113r\u0161 nejau\u0161us meh\u0101nismu boj\u0101jumus. Atbilst\u012bba starptautiskajiem dro\u0161\u012bbas standartiem ir \u013coti svar\u012bga projekt\u0113\u0161anas proces\u0101.<\/h3>\n<\/li>\n<li>\n<h3>Apkope un izmantojam\u012bba<\/h3>\n<p> Svar\u012bgs apsv\u0113rums ir projekt\u0113\u0161ana, \u0146emot v\u0113r\u0101 apkopes vienk\u0101r\u0161\u012bbu. Komponentiem j\u0101b\u016bt pieejamiem p\u0101rbaudei, remontam vai nomai\u0146ai bez pla\u0161as demont\u0101\u017eas. \u0160\u012b projekt\u0113\u0161anas filozofija vienk\u0101r\u0161o apkopes proced\u016bras, samazinot d\u012bkst\u0101ves laiku un ekspluat\u0101cijas izmaksas. Turkl\u0101t balonam j\u0101pievieno dokument\u0101cija, kur\u0101 izkl\u0101st\u012bti apkopes grafiki un proced\u016bras, lai atvieglotu efekt\u012bvu apkopi.<\/h3>\n<\/li>\n<\/ul>\n<p><img decoding=\"async\" src=\"https:\/\/www.hydraulic-cylinders.net\/wp-content\/uploads\/2025\/04\/songte-oil-pipes-and-spare-parts.webp\" alt=\"Rezerves da\u013cas\"><\/p>\n<h2>Bl\u012bv\u0113\u0161ana un e\u013c\u013co\u0161ana<\/h2>\n<p>Str\u0113les cilindru bl\u012bv\u0113\u0161ana un e\u013c\u013co\u0161ana ir b\u016btiska, lai nodro\u0161in\u0101tu optim\u0101lu veiktsp\u0113ju un ilgm\u016b\u017e\u012bbu. Lai nov\u0113rstu hidraulisk\u0101 \u0161\u0137idruma nopl\u016bdi, tiek izmantoti da\u017e\u0101di bl\u012bv\u0113jumi, piem\u0113ram, virzu\u013ca bl\u012bv\u0113jumi un stie\u0146a bl\u012bv\u0113jumi. Iztur\u012bgu materi\u0101lu, piem\u0113ram, poliuret\u0101na un nitrila gumijas, izv\u0113le bl\u012bv\u0113jumiem uzlabo nodilumiztur\u012bbu un pagarina to kalpo\u0161anas laiku. Turkl\u0101t cilindra korpuss un v\u012bt\u0146otie gali tiek prec\u012bzi apstr\u0101d\u0101ti, lai uzlabotu nodilumiztur\u012bbu. Regul\u0101ra apkope, kas ietver cilindra pareizu e\u013c\u013co\u0161anu ar hidraulisko e\u013c\u013cu, ir nepiecie\u0161ama, lai samazin\u0101tu berzi, nov\u0113rstu p\u0101rkar\u0161anu un nodro\u0161in\u0101tu vienm\u0113r\u012bgu darb\u012bbu. \u0160\u012b regul\u0101r\u0101 e\u013c\u013co\u0161ana ne tikai uzlabo veiktsp\u0113ju, bet ar\u012b aizsarg\u0101 iek\u0161\u0113j\u0101s deta\u013cas no priek\u0161laic\u012bgas nodiluma, padarot to par b\u016btisku str\u0113les cilindra ilgtermi\u0146a funkcionalit\u0101tei.<\/p>\n<h2>Prevent\u012bvie apkopes pas\u0101kumi<\/h2>\n<ul>\n<li>\n<h3>Regul\u0101ras p\u0101rbaudes<\/h3>\n<p> Regul\u0101ru p\u0101rbau\u017eu veik\u0161ana ir \u013coti svar\u012bga, lai laikus atkl\u0101tu jebk\u0101das nodiluma vai boj\u0101jumu paz\u012bmes. Darb\u012bbas laik\u0101 p\u0101rbaudiet, vai nav nopl\u016b\u017eu, plaisu un neparastu trok\u0161\u0146u. Savlaic\u012bga probl\u0113mu atkl\u0101\u0161ana \u013cauj veikt \u0101tru remontu, nov\u0113r\u0161ot turpm\u0101kus boj\u0101jumus un nodro\u0161inot ekspluat\u0101cijas dro\u0161\u012bbu.<\/h3>\n<\/li>\n<li>\n<h3>Piem\u0113rota e\u013c\u013co\u0161ana<\/h3>\n<p> Ensuring that the boom cylinder is adequately lubricated helps reduce friction and wear. Use the recommended hydraulic oil and adhere to the lubrication schedule. Proper lubrication enhances performance and minimizes the risk of overheating, extending the cylinder&#8217;s service life.<\/h3>\n<\/li>\n<li>\n<h3>Bl\u012bv\u0113juma nomai\u0146a<\/h3>\n<p> Regul\u0101ri p\u0101rbaudiet bl\u012bv\u0113jumu st\u0101vokli un nomainiet tos p\u0113c nepiecie\u0161am\u012bbas, lai nov\u0113rstu hidraulisk\u0101 \u0161\u0137idruma nopl\u016bdes. Nolietoti bl\u012bv\u0113jumi var samazin\u0101t efektivit\u0101ti un palielin\u0101t ekspluat\u0101cijas izmaksas. Bl\u012bv\u0113jumu nomai\u0146as grafika ievie\u0161ana, pamatojoties uz lieto\u0161anu, var pal\u012bdz\u0113t saglab\u0101t cilindra integrit\u0101ti un veiktsp\u0113ju.<\/h3>\n<\/li>\n<\/ul>\n<h2>Pareizas uzst\u0101d\u012b\u0161anas vadl\u012bnijas<\/h2>\n<p>Pareiza str\u0113les cilindra uzst\u0101d\u012b\u0161ana ir \u013coti svar\u012bga, lai nodro\u0161in\u0101tu t\u0101 funkcionalit\u0101ti un ilgm\u016b\u017e\u012bbu. S\u0101ciet ar t\u012bras un stabilas darba vides sagatavo\u0161anu, lai nov\u0113rstu pies\u0101r\u0146ojumu. Uzst\u0101d\u012b\u0161anas laik\u0101 pareizi izl\u012bdziniet cilindru, lai nodro\u0161in\u0101tu t\u0101 vienm\u0113r\u012bgu darb\u012bbu un bez p\u0101rm\u0113r\u012bgas slodzes. Ieteicams izmantot atbilsto\u0161us mont\u0101\u017eas kron\u0161teinus, lai nostiprin\u0101tu cilindru viet\u0101, nov\u0113r\u0161ot nepareizu izl\u012bdzin\u0101\u0161anu, kas var\u0113tu izrais\u012bt priek\u0161laic\u012bgu nodilumu vai boj\u0101jumus.<\/p>\n<p>Before tightening bolts, double-check the alignment of all components to ensure they are correctly positioned. Follow the manufacturer&#8217;s torque specifications to avoid over-tightening, which can damage the cylinder. After installation, conduct a thorough operational test to verify that the cylinder functions correctly without leaks or abnormal noises. Regularly monitor the installation&#8217;s integrity and address any concerns promptly to maintain optimal performance.<\/p>\n<h2>Bie\u017ei sastopamie apkopes uzdevumi<\/h2>\n<ul>\n<li>\n<h3>Regul\u0101ras p\u0101rbaudes<\/h3>\n<p> Conducting regular checks on the boom cylinder is essential. Inspect for leaks, corrosion, or other signs of wear. Early detection of issues allows for timely repairs or replacements, ultimately extending the cylinder&#8217;s lifespan.<\/h3>\n<\/li>\n<li>\n<h3>Pareiza e\u013c\u013co\u0161ana<\/h3>\n<p> Ensure that the cylinder is lubricated according to the manufacturer&#8217;s recommendations. Adequate lubrication minimizes friction and prevents excessive wear, which can lead to cylinder failure. Regular lubrication is crucial to maintaining operational efficiency.<\/h3>\n<\/li>\n<li>\n<h3>Bl\u012bvju nomai\u0146as un kalibr\u0113\u0161anas p\u0101rbaudes<\/h3>\n<p> Regul\u0101ri nomainiet nolietot\u0101s bl\u012bves, lai nov\u0113rstu hidraulisk\u0101 \u0161\u0137idruma nopl\u016bdes. Kalibr\u0113\u0161anas p\u0101rbaudes nodro\u0161ina, ka cilindrs darbojas noteikto parametru robe\u017e\u0101s, uzlabojot t\u0101 veiktsp\u0113ju un uzticam\u012bbu. \u0160is apkopes uzdevums ir \u013coti svar\u012bgs dro\u0161\u012bbai un efektivit\u0101tei.<\/h3>\n<\/li>\n<\/ul>\n<p><img decoding=\"async\" src=\"https:\/\/www.hydraulic-cylinders.net\/wp-content\/uploads\/2025\/04\/songte-chushion-collar.webp\" alt=\"Spilvenu apkakle\"><\/p>\n<h2>Dro\u0161\u012bbas un vides apsv\u0113rumi<\/h2>\n<p>Str\u0101d\u0101jot ar hidrauliskajiem cilindriem, dro\u0161\u012bbas pas\u0101kumu ievie\u0161ana ir \u0101rk\u0101rt\u012bgi svar\u012bga, lai aizsarg\u0101tu gan person\u0101lu, gan vidi. Vienm\u0113r iev\u0113rojiet atbilsto\u0161us dro\u0161\u012bbas protokolus, darbinot iek\u0101rtas ar hidrauliskaj\u0101m sist\u0113m\u0101m. P\u0101rliecinieties, ka operatori ir apm\u0101c\u012bti r\u012bkoties potenci\u0101l\u0101s \u0101rk\u0101rtas situ\u0101cij\u0101s, piem\u0113ram, hidraulisk\u0101 \u0161\u0137idruma nopl\u016bd\u0113s, kas var rad\u012bt risku gan vesel\u012bbai, gan videi. Videi draudz\u012bgu hidraulisko \u0161\u0137idrumu izmanto\u0161ana var ar\u012b mazin\u0101t nopl\u016b\u017eu ietekmi uz apk\u0101rt\u0113j\u0101m ekosist\u0113m\u0101m. Regul\u0101ri j\u0101veic dro\u0161\u012bbas auditi, lai nov\u0113rt\u0113tu dro\u0161\u012bbas pas\u0101kumu efektivit\u0101ti un atbilst\u012bbu noteikumiem.<\/p>\n<h2>Bie\u017ei sastopamo probl\u0113mu nov\u0113r\u0161ana<\/h2>\n<ul>\n<li>\n<h3>\u0160\u0137idruma nopl\u016bde<\/h3>\n<p> Viena no visbie\u017e\u0101k sastopamaj\u0101m probl\u0113m\u0101m ar str\u0113les cilindriem ir \u0161\u0137idruma nopl\u016bde. Tas var rasties nolietotu bl\u012bv\u0113jumu vai nepareizi uzst\u0101d\u012btu deta\u013cu d\u0113\u013c. Regul\u0101ri p\u0101rbaudiet bl\u012bv\u0113jumu nodilumu un nomainiet tos, ja nepiecie\u0161ams. Nodro\u0161iniet pareizu izl\u012bdzin\u0101\u0161anu un pievelciet savienojumus, lai nov\u0113rstu nopl\u016bdes.<\/h3>\n<\/li>\n<li>\n<h3>L\u0113ns reakcijas laiks<\/h3>\n<p> Ja str\u0113les cilindrs rea\u0123\u0113 l\u0113ni, tas var liecin\u0101t par zemu hidraulisk\u0101 \u0161\u0137idruma l\u012bmeni vai gaisu sist\u0113m\u0101. P\u0101rbaudiet \u0161\u0137idruma l\u012bmeni un, ja nepiecie\u0161ams, papildiniet. Lai nodro\u0161in\u0101tu optim\u0101lu veiktsp\u0113ju, atgaisojiet sist\u0113mu, lai izvad\u012btu iesprostoto gaisu.<\/h3>\n<\/li>\n<li>\n<h3>Neparastas ska\u0146as<\/h3>\n<p> Neparasti trok\u0161\u0146i darb\u012bbas laik\u0101 var liecin\u0101t par potenci\u0101l\u0101m probl\u0113m\u0101m, piem\u0113ram, nepietiekamu e\u013c\u013co\u0161anu vai boj\u0101tiem komponentiem. P\u0101rbaudiet cilindru un apk\u0101rt\u0113jos komponentus, vai tie nav nodilu\u0161i vai boj\u0101ti. Nodro\u0161iniet atbilsto\u0161u e\u013c\u013co\u0161anas l\u012bmeni un uzkl\u0101jiet ieteicamo hidraulisko e\u013c\u013cu, lai samazin\u0101tu berzi.<\/h3>\n<\/li>\n<\/ul>\n<p>Prevent\u012bvu pas\u0101kumu ievie\u0161ana var iev\u0113rojami samazin\u0101t \u0161o probl\u0113mu ra\u0161anos. Regul\u0101ra apkope un uzraudz\u012bba pal\u012bdz\u0113s identific\u0113t potenci\u0101l\u0101s probl\u0113mas, pirms t\u0101s p\u0101raug nopietn\u0101s k\u013c\u016bm\u0113s.<\/p>\n<p><img decoding=\"async\" src=\"https:\/\/www.hydraulic-cylinders.net\/wp-content\/uploads\/2025\/04\/songte-bushings-with-all-kinds-of-excavator-models.webp\" alt=\"Bukses\"><\/p>\n<h2>Par m\u016bsu uz\u0146\u0113mumu<\/h2>\n<p>M\u0113s esam vado\u0161ais rezerves hidraulisko cilindru ra\u017eot\u0101js, kas pied\u0101v\u0101 pilnu produktu kl\u0101stu gan viet\u0113jam, gan starptautiskajam tirgum. M\u016bsu ap\u0146em\u0161anos nodro\u0161in\u0101t izcilu kvalit\u0101ti pastiprina m\u016bsu pilnveidot\u0101 ra\u017eo\u0161anas vad\u012bbas strat\u0113\u0123ija. M\u0113s izmantojam kvalific\u0113tu tehnisko person\u0101lu, modernu digit\u0101lo ra\u017eo\u0161anas apr\u012bkojumu un sp\u0113c\u012bgas test\u0113\u0161anas sist\u0113mas, lai past\u0101v\u012bgi uzlabotu m\u016bsu ra\u017eo\u0161anas iesp\u0113jas. Koncentr\u0113joties uz augstu efektivit\u0101ti, precizit\u0101ti un kvalit\u0101ti, m\u0113s cen\u0161amies apmierin\u0101t m\u016bsu klientu da\u017e\u0101d\u0101s vajadz\u012bbas, izmantojot piel\u0101gotus pakalpojumus un starptautiskas sertifik\u0101cijas.<\/p>\n<p><img decoding=\"async\" src=\"https:\/\/www.hydraulic-cylinders.net\/wp-content\/uploads\/2025\/04\/songte-company-4.webp\" alt=\"Uz\u0146\u0113muma p\u0101rskats\"><br \/>\n<img decoding=\"async\" src=\"https:\/\/www.hydraulic-cylinders.net\/wp-content\/uploads\/2025\/04\/songte-company-3.webp\" alt=\"Ra\u017eo\u0161anas iek\u0101rta\"><\/p>\n<p>Autors: lil<\/p>","protected":false},"excerpt":{"rendered":"<p>Boom Cylinder For Hengte Wheel Excavator HTL60 Product Overview The Boom Cylinder for Hengte Wheel Excavator HTL60 is an essential hydraulic component specifically designed to control the movement of the boom in heavy machinery. As a type of hydraulic cylinder, it plays a crucial role in the hydraulic system of excavators, backhoe loaders, and front [&hellip;]<\/p>","protected":false},"featured_media":17867,"comment_status":"open","ping_status":"closed","template":"","meta":{"_et_pb_use_builder":"","_et_pb_old_content":"","_et_gb_content_width":""},"product_brand":[],"product_cat":[1546],"product_tag":[1547,1496],"class_list":{"0":"post-19709","1":"product","2":"type-product","3":"status-publish","4":"has-post-thumbnail","6":"product_cat-boom-cylinders","7":"product_tag-boom-cylinders","8":"product_tag-hydraulic-cylinders","10":"first","11":"instock","12":"shipping-taxable","13":"product-type-simple"},"amp_enabled":true,"_links":{"self":[{"href":"https:\/\/www.hydraulic-cylinders.net\/lv\/wp-json\/wp\/v2\/product\/19709","targetHints":{"allow":["GET"]}}],"collection":[{"href":"https:\/\/www.hydraulic-cylinders.net\/lv\/wp-json\/wp\/v2\/product"}],"about":[{"href":"https:\/\/www.hydraulic-cylinders.net\/lv\/wp-json\/wp\/v2\/types\/product"}],"replies":[{"embeddable":true,"href":"https:\/\/www.hydraulic-cylinders.net\/lv\/wp-json\/wp\/v2\/comments?post=19709"}],"wp:featuredmedia":[{"embeddable":true,"href":"https:\/\/www.hydraulic-cylinders.net\/lv\/wp-json\/wp\/v2\/media\/17867"}],"wp:attachment":[{"href":"https:\/\/www.hydraulic-cylinders.net\/lv\/wp-json\/wp\/v2\/media?parent=19709"}],"wp:term":[{"taxonomy":"product_brand","embeddable":true,"href":"https:\/\/www.hydraulic-cylinders.net\/lv\/wp-json\/wp\/v2\/product_brand?post=19709"},{"taxonomy":"product_cat","embeddable":true,"href":"https:\/\/www.hydraulic-cylinders.net\/lv\/wp-json\/wp\/v2\/product_cat?post=19709"},{"taxonomy":"product_tag","embeddable":true,"href":"https:\/\/www.hydraulic-cylinders.net\/lv\/wp-json\/wp\/v2\/product_tag?post=19709"}],"curies":[{"name":"wp","href":"https:\/\/api.w.org\/{rel}","templated":true}]}}