{"id":19710,"date":"2025-04-07T07:03:11","date_gmt":"2025-04-07T07:03:11","guid":{"rendered":"https:\/\/www.hydraulic-cylinders.net\/product\/boom-cylinder-for-hengte-wheel-excavator-htl65-8\/"},"modified":"2025-04-07T07:03:13","modified_gmt":"2025-04-07T07:03:13","slug":"boom-cylinder-for-hengte-wheel-excavator-htl65-8","status":"publish","type":"product","link":"https:\/\/www.hydraulic-cylinders.net\/lv\/products\/boom-cylinder-for-hengte-wheel-excavator-htl65-8\/","title":{"rendered":"Hengte rite\u0146u ekskavatora HTL65-8 str\u0113les cilindrs"},"content":{"rendered":"<h1>Hengte rite\u0146u ekskavatora HTL65-8 str\u0113les cilindrs<\/h1>\n<h2>Produkta p\u0101rskats<\/h2>\n<p>Hengte rite\u0146u ekskavatora HTL65-8 str\u0113les cilindrs ir specializ\u0113ts hidrauliskais cilindrs, kas paredz\u0113ts str\u0113les kust\u012bbas vad\u012bbai da\u017e\u0101d\u0101s smagaj\u0101s ma\u0161\u012bn\u0101s, tostarp ekskavatoros, ekskavatoros-iekr\u0101v\u0113jos un front\u0101lajos iekr\u0101v\u0113jos. \u0160im hidrauliskajam cilindram ir iz\u0161\u0137iro\u0161a noz\u012bme, lai str\u0113le var\u0113tu pacelt, nolaist un noliekt, efekt\u012bvi atvieglojot materi\u0101lu apstr\u0101des uzdevumus. Kausa cilindrs ir izstr\u0101d\u0101ts, lai nodro\u0161in\u0101tu uzticamu veiktsp\u0113ju ekstrem\u0101los apst\u0101k\u013cos, garant\u0113jot, ka smagas kravas var manevr\u0113t prec\u012bzi un dro\u0161i.<\/p>\n<p><img decoding=\"async\" src=\"https:\/\/www.hydraulic-cylinders.net\/wp-content\/uploads\/2025\/04\/songte-company-1.webp\" alt=\"Str\u0113les cilindrs\" \/><\/p>\n<h2>Galven\u0101s iez\u012bmes<\/h2>\n<ul>\n<li>\n<h3>Augsta iztur\u012bba un ilgm\u016b\u017e\u012bba<\/h3>\n<p>\u0160ie cilindri, kas parasti ir izgatavoti no augstas stipr\u012bbas t\u0113rauda vai alum\u012bnija, var iztur\u0113t augstu spiedienu un lielas slodzes, padarot tos piem\u0113rotus skarbiem darba apst\u0101k\u013ciem. Konstrukcij\u0101 uzsvars tiek likts uz nodilumiztur\u012bbu un aizsardz\u012bbu pret koroziju, iev\u0113rojami pagarinot kalpo\u0161anas laiku.<\/p>\n<\/li>\n<li>\n<h3>Efekt\u012bva hidraulisk\u0101 darb\u012bba<\/h3>\n<p>Cilindrs izmanto hidraulisk\u0101s e\u013c\u013cas spiedienu, lai pan\u0101ktu vienm\u0113r\u012bgu izstiep\u0161anu un ievilk\u0161anu, \u0101tri rea\u0123\u0113jot uz vad\u012bbas komand\u0101m un nodro\u0161inot jaud\u012bgas stum\u0161anas un vilk\u0161anas iesp\u0113jas, kas ir ide\u0101li piem\u0113rotas smagu priek\u0161metu apstr\u0101dei un sare\u017e\u0123\u012btu uzdevumu veik\u0161anai.<\/p>\n<\/li>\n<li>\n<h3>Da\u017e\u0101di veidi<\/h3>\n<p>Pieejams gan vienas darb\u012bbas (hidrauliski tiek izmantota vien\u0101 virzien\u0101), gan divk\u0101r\u0161as darb\u012bbas (hidrauliski tiek izmantota abos virzienos) konfigur\u0101cij\u0101s, kausa cilindru var piel\u0101got da\u017e\u0101d\u0101m ekspluat\u0101cijas vajadz\u012bb\u0101m, da\u017eiem mode\u013ciem esot teleskopiskiem, kas \u013cauj pan\u0101kt liel\u0101ku pagarin\u0101jumu, nepalielinot \u0101r\u0113jos izm\u0113rus, kas ir ide\u0101li piem\u0113rots ierobe\u017eotas vietas pielietojumiem.<\/p>\n<\/li>\n<\/ul>\n<p>M\u016bsu uz\u0146\u0113mums specializ\u0113jas \u0161\u012b produkta ra\u017eo\u0161an\u0101, un m\u016bsu cilindri var lieliski aizst\u0101t eso\u0161os hidrauliskos cilindrus.<\/p>\n<p><img decoding=\"async\" src=\"https:\/\/www.hydraulic-cylinders.net\/wp-content\/uploads\/2025\/04\/songte-cylinder-head-with-all-kinds-excavator-models.webp\" alt=\"Ekskavatoru mode\u013ci\" \/><\/p>\n<h2>Pieteikumi<\/h2>\n<ul>\n<li>\n<h3>Celtniec\u012bbas apr\u012bkojums<\/h3>\n<p>Ekskavatoros str\u0113les cilindri ir vit\u0101li svar\u012bgi zemes vai gru\u017eu rak\u0161anai, iekrau\u0161anai un p\u0101rvieto\u0161anai. To veiktsp\u0113ja ir b\u016btiska rak\u0161anas proces\u0101, nodro\u0161inot, ka operatori var efekt\u012bvi p\u0101rvald\u012bt lielus materi\u0101la apjomus. Str\u0113les sp\u0113ja sasniegt da\u017e\u0101dus le\u0146\u0137us un dzi\u013cumus palielina ekskavatora daudzpus\u012bbu darba viet\u0101.<\/p>\n<\/li>\n<li>\n<h3>Lauksaimniec\u012bbas tehnika<\/h3>\n<p>Front\u0101lajos iekr\u0101v\u0113jos str\u0113les cilindri pal\u012bdz gr\u0101bt, pacelt un transport\u0113t augsni, sienu un citus materi\u0101lus. To iztur\u012bg\u0101 konstrukcija \u013cauj lauksaimniec\u012bbas ma\u0161\u012bn\u0101m veikt smagus cel\u0161anas darbus, uzlabojot produktivit\u0101ti gan saimniec\u012bb\u0101s, gan b\u016bvlaukumos.<\/p>\n<\/li>\n<li>\n<h3>Ekskavatori<\/h3>\n<p>Str\u0113les cilindrs \u013cauj ekskavatora kausam efekt\u012bvi iek\u013c\u016bt augsn\u0113 rak\u0161anas laik\u0101. \u0160\u012b sp\u0113ja ir \u013coti svar\u012bga da\u017e\u0101dos projektos, tostarp ainavu veido\u0161an\u0101, ieguves r\u016bpniec\u012bb\u0101 un ce\u013cu b\u016bv\u0113, \u013caujot rakt dzi\u013c\u0101k un efekt\u012bv\u0101k.<\/p>\n<\/li>\n<li>\n<h3>Iekr\u0101v\u0113ji<\/h3>\n<p>Front\u0101lajos iekr\u0101v\u0113jos \u0161ie cilindri ir galvenie kravu efekt\u012bvai pacel\u0161anai un izg\u0101\u0161anai. To sp\u0113ja p\u0101rvald\u012bt svaru un nodro\u0161in\u0101t stabilit\u0101ti darb\u012bbas laik\u0101 padara tos neaizst\u0101jamus materi\u0101lu apstr\u0101des uzdevumos.<\/p>\n<\/li>\n<\/ul>\n<h2>Dizaina apsv\u0113rumi<\/h2>\n<ul>\n<li>\n<h3>Kravnes\u012bba<\/h3>\n<p>Projekt\u0113jot str\u0113les cilindrus, kravnes\u012bba ir galvenais apsv\u0113rums, jo t\u0101 nosaka, k\u0101da veida uzdevumus cilindrs var veikt. Liela kravnes\u012bba nodro\u0161ina, ka hidraulisk\u0101 sist\u0113ma var pacelt vai p\u0101rvietot smagus materi\u0101lus, neapdraudot dro\u0161\u012bbu vai veiktsp\u0113ju.<\/p>\n<\/li>\n<li>\n<h3>Bl\u012bv\u0113\u0161ana<\/h3>\n<p>Efekt\u012bva bl\u012bv\u0113\u0161ana ir \u013coti svar\u012bga, lai nov\u0113rstu hidraulisk\u0101 \u0161\u0137idruma nopl\u016bdi, kas var apdraud\u0113t veiktsp\u0113ju un dro\u0161\u012bbu. Augstas kvalit\u0101tes bl\u012bves, kas izgatavotas no iztur\u012bgiem materi\u0101liem, piem\u0113ram, poliuret\u0101na vai nitrilkau\u010duka, ir b\u016btiskas, lai saglab\u0101tu hidraulisk\u0101s sist\u0113mas integrit\u0101ti.<\/p>\n<\/li>\n<li>\n<h3>Iztur\u012bba<\/h3>\n<p>Iztur\u012bba ir b\u016btisks faktors, jo str\u0113les cilindri bie\u017ei tiek pak\u013cauti skarbiem darba apst\u0101k\u013ciem. Materi\u0101liem, ko izmanto to konstrukcij\u0101, un projekt\u0113\u0161anas procesiem j\u0101b\u016bt v\u0113rstiem uz ilgtermi\u0146a veiktsp\u0113ju, lai samazin\u0101tu apkopes un nomai\u0146as bie\u017eumu.<\/p>\n<\/li>\n<li>\n<h3>Dro\u0161\u012bba<\/h3>\n<p>Dro\u0161\u012bbas apsv\u0113rumi ietver dro\u0161\u012bbas v\u0101rstu un citu meh\u0101nismu izmanto\u0161anu, lai nov\u0113rstu p\u0101rspiedienu un nodro\u0161in\u0101tu, ka sist\u0113mu var dro\u0161i darbin\u0101t zem slodzes. Projekt\u0113\u0161an\u0101 j\u0101iek\u013cauj ar\u012b funkcijas, kas nodro\u0161ina \u0113rtu piek\u013cuvi apkopes p\u0101rbau\u017eu laik\u0101.<\/p>\n<\/li>\n<li>\n<h3>Apkope<\/h3>\n<p>Ir svar\u012bgi projekt\u0113t t\u0101, lai b\u016btu viegli veikt apkopi, jo regul\u0101ras p\u0101rbaudes var nov\u0113rst d\u0101rgus remontdarbus un d\u012bkst\u0101ves. T\u0101das funkcijas k\u0101 viegli nomain\u0101mas bl\u012bves un pieejami stiprin\u0101juma punkti ir b\u016btiski efekt\u012bvai apkopei.<\/p>\n<\/li>\n<\/ul>\n<p><img decoding=\"async\" src=\"https:\/\/www.hydraulic-cylinders.net\/wp-content\/uploads\/2025\/04\/songte-oil-pipes-and-spare-parts.webp\" alt=\"E\u013c\u013cas caurules un rezerves da\u013cas\" \/><\/p>\n<h2>Bl\u012bv\u0113\u0161ana un e\u013c\u013co\u0161ana<\/h2>\n<p>Pareiza bl\u012bv\u0113\u0161ana un e\u013c\u013co\u0161ana ir kritiski svar\u012bga hidraulisko cilindru efekt\u012bvai darb\u012bbai. Lai nodro\u0161in\u0101tu cie\u0161u piegul\u0161anu un nov\u0113rstu nopl\u016bdes, tiek izmantoti da\u017e\u0101di bl\u012bv\u0113jumi, tostarp virzu\u013ca bl\u012bvsl\u0113gi \u200b\u200bun stie\u0146a bl\u012bvsl\u0113gi. Materi\u0101li, piem\u0113ram, poliuret\u0101ns un nitrilgumija, parasti tiek izv\u0113l\u0113ti to nodilumiztur\u012bbas un ilgm\u016b\u017e\u012bbas d\u0113\u013c. Cilindra korpuss un v\u012bt\u0146otie gali ir smalki apstr\u0101d\u0101ti, lai uzlabotu nodilumiztur\u012bbu, kas ir svar\u012bgi ilgm\u016b\u017e\u012bbai.<\/p>\n<p>Nepiecie\u0161ama ar\u012b regul\u0101ra e\u013c\u013co\u0161ana, veicot regul\u0101ras p\u0101rbaudes, lai nodro\u0161in\u0101tu, ka tiek uzkl\u0101ts pietiekams hidraulisk\u0101s e\u013c\u013cas daudzums optim\u0101las veiktsp\u0113jas uztur\u0113\u0161anai un nodiluma nov\u0113r\u0161anai. E\u013c\u013co\u0161anas noz\u012bmi nevar p\u0101rv\u0113rt\u0113t, jo t\u0101 samazina berzi un pagarina hidraulisko komponentu kalpo\u0161anas laiku.<\/p>\n<h2>Regul\u0101ra p\u0101rbaude un profilaktisk\u0101 apkope<\/h2>\n<p>Regul\u0101ru p\u0101rbau\u017eu un profilaktisko apkopju ievie\u0161ana ir b\u016btiska hidraulisko cilindru ilgm\u016b\u017e\u012bbai un veiktsp\u0113jai. Galvenie pas\u0101kumi ietver:<\/p>\n<ul>\n<li>\n<h3>Regul\u0101ras p\u0101rbaudes<\/h3>\n<p>Veiciet regul\u0101ras p\u0101rbaudes, lai noteiktu jebk\u0101das nodiluma vai boj\u0101jumu paz\u012bmes. Mekl\u0113jiet cilindr\u0101 nopl\u016bdes, plaisas vai deform\u0101cijas. Probl\u0113mu agr\u012bna atkl\u0101\u0161ana var nov\u0113rst d\u0101rgus remontdarbus un d\u012bkst\u0101ves.<\/p>\n<\/li>\n<li>\n<h3>Piem\u0113rota e\u013c\u013co\u0161ana<\/h3>\n<p>P\u0101rliecinieties, ka hidraulisk\u0101 \u0161\u0137idruma l\u012bmenis ir pietiekams un ka e\u013c\u013ca ir t\u012bra un bez piemais\u012bjumiem. Izveidojiet regul\u0101ru e\u013c\u013co\u0161anas grafiku, lai uztur\u0113tu bl\u012bv\u0113jumu un kust\u012bgo da\u013cu optim\u0101lu darb\u012bbu.<\/p>\n<\/li>\n<li>\n<h3>Bl\u012bv\u0113juma nomai\u0146a<\/h3>\n<p>Regul\u0101ri p\u0101rbaudiet bl\u012bv\u0113jumu nodilumu un nomainiet tos, kad nepiecie\u0161ams, lai nov\u0113rstu nopl\u016bdes un uztur\u0113tu spiedienu sist\u0113m\u0101. Pareizi uztur\u0113ti bl\u012bv\u0113jumi iev\u0113rojami pagarina hidraulisk\u0101 cilindra kalpo\u0161anas laiku.<\/p>\n<\/li>\n<\/ul>\n<h2>Uzst\u0101d\u012b\u0161anas vadl\u012bnijas<\/h2>\n<p>Pareiza str\u0113les cilindra uzst\u0101d\u012b\u0161ana ir \u013coti svar\u012bga, lai nodro\u0161in\u0101tu optim\u0101lu veiktsp\u0113ju un dro\u0161\u012bbu. Lai pareizi uzst\u0101d\u012btu, veiciet t\u0101l\u0101k nor\u0101d\u012bt\u0101s darb\u012bbas.<\/p>\n<p>Vispirms p\u0101rliecinieties, vai darba zona ir t\u012bra un bez gru\u017eiem, lai atvieglotu uzst\u0101d\u012b\u0161anas procesu. P\u0113c tam prec\u012bzi izl\u012bdziniet hidraulisko cilindru ar ma\u0161\u012bnas stiprin\u0101juma punktiem. Izmantojiet atbilsto\u0161us stiprin\u0101juma kron\u0161teinus, lai stingri nostiprin\u0101tu cilindru viet\u0101. Pirms skr\u016bvju pievilk\u0161anas ir svar\u012bgi p\u0101rbaud\u012bt izl\u012bdzin\u0101jumu, lai nov\u0113rstu p\u0101rm\u0113r\u012bgu slodzi uz cilindru.<\/p>\n<p>P\u0113c cilindra nostiprin\u0101\u0161anas pievienojiet hidraulisk\u0101s l\u012bnijas, p\u0101rliecinoties, ka \u0161\u013c\u016bten\u0113s nav samezglojumu vai sav\u012btuma. Pirms ma\u0161\u012bnas darbin\u0101\u0161anas piepildiet hidraulisko sist\u0113mu ar ieteicamo \u0161\u0137idrumu un izlaidiet gaisu no l\u012bnij\u0101m. Visbeidzot, veiciet funkcionalit\u0101tes p\u0101rbaudi, lai p\u0101rliecin\u0101tos, ka viss darbojas nevainojami, \u013caujot veikt nepiecie\u0161am\u0101s korekcijas.<\/p>\n<h2>Bie\u017ei sastopamie apkopes uzdevumi<\/h2>\n<p>Hidraulisko cilindru apkope prasa uzman\u012bbu vair\u0101kiem galvenajiem uzdevumiem:<\/p>\n<ul>\n<li>\n<h3>Regul\u0101ras p\u0101rbaudes<\/h3>\n<p>Lai noteiktu nodilumu vai potenci\u0101lus boj\u0101jumus, pirms tie saasin\u0101s, ir nepiecie\u0161amas regul\u0101ras p\u0101rbaudes. P\u0101rbaud\u0113s j\u0101nov\u0113rt\u0113 balona \u0101r\u0113jais st\u0101voklis, j\u0101p\u0101rbauda, \u200b\u200bvai nav nopl\u016b\u017eu, un j\u0101nodro\u0161ina, ka visi savienojumi ir dro\u0161i.<\/p>\n<\/li>\n<li>\n<h3>Pareiza e\u013c\u013co\u0161ana<\/h3>\n<p>E\u013c\u013co\u0161ana ir \u013coti svar\u012bga hidraulisko cilindru ilgm\u016b\u017e\u012bbai. P\u0101rliecinieties, vai bl\u012bves ir pien\u0101c\u012bgi iee\u013c\u013cotas, lai nov\u0113rstu nodilumu un nodro\u0161in\u0101tu vienm\u0113r\u012bgu darb\u012bbu. Regul\u0101ri papildiniet hidraulisko \u0161\u0137idrumu p\u0113c nepiecie\u0161am\u012bbas.<\/p>\n<\/li>\n<li>\n<h3>Bl\u012bv\u0113juma nomai\u0146a<\/h3>\n<p>Regul\u0101ri nomainiet bl\u012bves, lai saglab\u0101tu hidraulisk\u0101s sist\u0113mas integrit\u0101ti. \u0160is uzdevums j\u0101veic regul\u0101ru apkopes p\u0101rbau\u017eu laik\u0101, nodro\u0161inot, ka jaunas bl\u012bves ir pareizi uzst\u0101d\u012btas, lai nov\u0113rstu nopl\u016bdes.<\/p>\n<\/li>\n<\/ul>\n<p><img decoding=\"async\" src=\"https:\/\/www.hydraulic-cylinders.net\/wp-content\/uploads\/2025\/04\/songte-chushion-collar.webp\" alt=\"Spilvenu apkakle\" \/><\/p>\n<h2>Dro\u0161\u012bbas apsv\u0113rumi un vides faktori<\/h2>\n<p>Str\u0101d\u0101jot ar hidrauliskajiem cilindriem, dro\u0161\u012bbas pas\u0101kumi ir \u0101rk\u0101rt\u012bgi svar\u012bgi. Lai samazin\u0101tu riskus, ir svar\u012bgi pien\u0101c\u012bgi apm\u0101c\u012bt operatorus un apkopes person\u0101lu. Str\u0101d\u0101jot ar hidrauliskaj\u0101m sist\u0113m\u0101m, vienm\u0113r lietojiet individu\u0101los aizsardz\u012bbas l\u012bdzek\u013cus (IAL). Turkl\u0101t \u0146emiet v\u0113r\u0101 \u0161\u0137idruma nopl\u016b\u017eu ietekmi uz vidi; p\u0101rliecinieties, ka visi bl\u012bv\u0113jumi un savienojumi ir lab\u0101 st\u0101vokl\u012b, lai nov\u0113rstu augsnes un \u016bdens avotu pies\u0101r\u0146o\u0161anu.<\/p>\n<h2>Boj\u0101jumu diagnostika un bie\u017e\u0101k sastopam\u0101s probl\u0113mas<\/h2>\n<ul>\n<li>\n<h3>Nopl\u016bde<\/h3>\n<p>Hidraulisk\u0101 \u0161\u0137idruma nopl\u016bdes ir visizplat\u012bt\u0101k\u0101 hidraulisko cilindru probl\u0113ma. T\u0101s var rasties nolietotu bl\u012bv\u0113jumu vai boj\u0101tu savienojumu d\u0113\u013c. Regul\u0101ras p\u0101rbaudes un savlaic\u012bga bl\u012bv\u0113jumu nomai\u0146a ir b\u016btiska, lai nov\u0113rstu \u0161\u0137idruma zudumus.<\/p>\n<\/li>\n<li>\n<h3>Samazin\u0101ta veiktsp\u0113ja<\/h3>\n<p>Ja cilindrs nerea\u0123\u0113 labi vai tam ir samazin\u0101ta celtsp\u0113ja, tas var liecin\u0101t par iek\u0161\u0113jiem boj\u0101jumiem vai zemu \u0161\u0137idruma l\u012bmeni. P\u0101rbaudiet hidraulisko \u0161\u0137idrumu un cilindra iek\u0161\u0113jo nodilumu.<\/p>\n<\/li>\n<li>\n<h3>P\u0101rkar\u0161ana<\/h3>\n<p>P\u0101rkar\u0161ana var rasties augsta sist\u0113mas spiediena vai nepietiekamas e\u013c\u013co\u0161anas d\u0113\u013c. Nodro\u0161iniet, lai hidraulisk\u0101 e\u013c\u013ca tiktu regul\u0101ri main\u012bta un lai sist\u0113ma netiktu p\u0101rslogota.<\/p>\n<\/li>\n<\/ul>\n<h2>Probl\u0113mu nov\u0113r\u0161anas padomi<\/h2>\n<p>Lai efekt\u012bvi diagnostic\u0113tu un nov\u0113rstu probl\u0113mas ar hidrauliskajiem cilindriem, iev\u0113rojiet \u0161os probl\u0113mu nov\u0113r\u0161anas padomus:<\/p>\n<ul>\n<li>P\u0101rbaudiet, vai hidrauliskaj\u0101s l\u012bnij\u0101s un savienojumos nav redzamu boj\u0101jumu vai nopl\u016b\u017eu, nepiecie\u0161am\u012bbas gad\u012bjum\u0101 nomainiet vai salabojiet.<\/li>\n<li>P\u0101rliecinieties, vai hidrauliskais \u0161\u0137idrums ir atbilsto\u0161\u0101 l\u012bmen\u012b un lab\u0101 st\u0101vokl\u012b, un nomainiet to, ja tas ir pies\u0101r\u0146ots.<\/li>\n<li>Uzraugiet hidraulisk\u0101 \u0161\u0137idruma temperat\u016bru un p\u0101rliecinieties, ka t\u0101 paliek norm\u0101l\u0101 darba diapazon\u0101.<\/li>\n<\/ul>\n<p>Prevent\u012bvu pas\u0101kumu, piem\u0113ram, regul\u0101ru apkopes p\u0101rbau\u017eu, ievie\u0161ana pal\u012bdz\u0113s samazin\u0101t iesp\u0113jam\u0101s probl\u0113mas un nodro\u0161in\u0101s hidraulisk\u0101s sist\u0113mas uzticam\u012bbu.<\/p>\n<p><img decoding=\"async\" src=\"https:\/\/www.hydraulic-cylinders.net\/wp-content\/uploads\/2025\/04\/songte-bushings-with-all-kinds-of-excavator-models.webp\" alt=\"Bukses\" \/><\/p>\n<h2>Uz\u0146\u0113muma p\u0101rskats<\/h2>\n<p>M\u0113s esam ra\u017eot\u0101js, kas specializ\u0113jas alternat\u012bvos hidrauliskajos cilindros, pied\u0101v\u0101jot pla\u0161u produktu kl\u0101stu, kas m\u016bs ir padar\u012bjis par vienu no vado\u0161ajiem ra\u017eot\u0101jiem un vairumtirgot\u0101jiem gan viet\u0113j\u0101, gan starptautiskaj\u0101 tirg\u016b. M\u0113s iev\u0113rojam izcil\u012bbas kvalit\u0101tes principu, izmantojot izsmalcin\u0101tas ra\u017eo\u0161anas strat\u0113\u0123ijas m\u016bsu ra\u017eo\u0161anas vad\u012bb\u0101. M\u016bsu ap\u0146em\u0161an\u0101s izmantot kvalific\u0113tu person\u0101lu, modernu digit\u0101lo ra\u017eo\u0161anas apr\u012bkojumu un profesion\u0101las test\u0113\u0161anas sist\u0113mas nep\u0101rtraukti uzlabo m\u016bsu ra\u017eo\u0161anas iesp\u0113jas.<\/p>\n<p>Koncentr\u0113joties uz efektivit\u0101ti, precizit\u0101ti un augstu kvalit\u0101ti, m\u0113s cen\u0161amies apmierin\u0101t da\u017e\u0101das klientu vajadz\u012bbas. M\u016bsu starptautisk\u0101s sertifik\u0101cijas nodro\u0161ina, ka m\u016bsu produkti atbilst glob\u0101lajiem standartiem, savuk\u0101rt m\u016bsu piel\u0101gotie pakalpojumi \u013cauj mums piel\u0101got risin\u0101jumus konkr\u0113t\u0101m klientu pras\u012bb\u0101m. Turkl\u0101t m\u016bsu sp\u0113c\u012bgais p\u0113cp\u0101rdo\u0161anas atbalsts nodro\u0161ina, ka m\u016bsu klienti sa\u0146em nepiecie\u0161amo pal\u012bdz\u012bbu, lai efekt\u012bvi uztur\u0113tu savas hidraulisk\u0101s sist\u0113mas.<\/p>\n<p><img decoding=\"async\" src=\"https:\/\/www.hydraulic-cylinders.net\/wp-content\/uploads\/2025\/04\/songte-company-4.webp\" alt=\"Uz\u0146\u0113muma p\u0101rskats\" \/><br \/>\n<img decoding=\"async\" src=\"https:\/\/www.hydraulic-cylinders.net\/wp-content\/uploads\/2025\/04\/songte-company-3.webp\" alt=\"Ra\u017eo\u0161anas iek\u0101rtas\" \/><\/p>\n<p>Autors: lil<\/p>","protected":false},"excerpt":{"rendered":"<p>Boom Cylinder For Hengte Wheel Excavator HTL65-8 Product Overview The Boom Cylinder for Hengte Wheel Excavator HTL65-8 is a specialized hydraulic cylinder designed to control the movement of the boom on various heavy machinery, including excavators, backhoe loaders, and front loaders. This hydraulic cylinder plays a crucial role in enabling the boom to lift, lower, [&hellip;]<\/p>","protected":false},"featured_media":17868,"comment_status":"open","ping_status":"closed","template":"","meta":{"_et_pb_use_builder":"","_et_pb_old_content":"","_et_gb_content_width":""},"product_brand":[],"product_cat":[1546],"product_tag":[1547,1496],"class_list":{"0":"post-19710","1":"product","2":"type-product","3":"status-publish","4":"has-post-thumbnail","6":"product_cat-boom-cylinders","7":"product_tag-boom-cylinders","8":"product_tag-hydraulic-cylinders","10":"first","11":"instock","12":"shipping-taxable","13":"product-type-simple"},"amp_enabled":true,"_links":{"self":[{"href":"https:\/\/www.hydraulic-cylinders.net\/lv\/wp-json\/wp\/v2\/product\/19710","targetHints":{"allow":["GET"]}}],"collection":[{"href":"https:\/\/www.hydraulic-cylinders.net\/lv\/wp-json\/wp\/v2\/product"}],"about":[{"href":"https:\/\/www.hydraulic-cylinders.net\/lv\/wp-json\/wp\/v2\/types\/product"}],"replies":[{"embeddable":true,"href":"https:\/\/www.hydraulic-cylinders.net\/lv\/wp-json\/wp\/v2\/comments?post=19710"}],"wp:featuredmedia":[{"embeddable":true,"href":"https:\/\/www.hydraulic-cylinders.net\/lv\/wp-json\/wp\/v2\/media\/17868"}],"wp:attachment":[{"href":"https:\/\/www.hydraulic-cylinders.net\/lv\/wp-json\/wp\/v2\/media?parent=19710"}],"wp:term":[{"taxonomy":"product_brand","embeddable":true,"href":"https:\/\/www.hydraulic-cylinders.net\/lv\/wp-json\/wp\/v2\/product_brand?post=19710"},{"taxonomy":"product_cat","embeddable":true,"href":"https:\/\/www.hydraulic-cylinders.net\/lv\/wp-json\/wp\/v2\/product_cat?post=19710"},{"taxonomy":"product_tag","embeddable":true,"href":"https:\/\/www.hydraulic-cylinders.net\/lv\/wp-json\/wp\/v2\/product_tag?post=19710"}],"curies":[{"name":"wp","href":"https:\/\/api.w.org\/{rel}","templated":true}]}}