{"id":19712,"date":"2025-04-07T07:03:16","date_gmt":"2025-04-07T07:03:16","guid":{"rendered":"https:\/\/www.hydraulic-cylinders.net\/product\/boom-cylinder-for-hengte-wheel-excavator-htl90\/"},"modified":"2025-04-07T07:03:19","modified_gmt":"2025-04-07T07:03:19","slug":"boom-cylinder-for-hengte-wheel-excavator-htl90","status":"publish","type":"product","link":"https:\/\/www.hydraulic-cylinders.net\/lv\/products\/boom-cylinder-for-hengte-wheel-excavator-htl90\/","title":{"rendered":"Hengte rite\u0146u ekskavatora HTL90 str\u0113les cilindrs"},"content":{"rendered":"<h1>Hengte rite\u0146u ekskavatora HTL90 str\u0113les cilindrs<\/h1>\n<h2>Str\u0113les cilindra p\u0101rskats<\/h2>\n<p>Str\u0113les cilindrs ir svar\u012bga hidrauliska sast\u0101vda\u013ca, kas \u012bpa\u0161i izstr\u0101d\u0101ta Hengte rite\u0146u ekskavatoram HTL90. \u0160\u0101da veida hidrauliskajam cilindram ir b\u016btiska loma ekskavatora str\u0113les kust\u012bbas kontrol\u0113\u0161an\u0101. Atvieglojot str\u0113les pacel\u0161anu, nolai\u0161anu un noliek\u0161anu, tas iev\u0113rojami uzlabo materi\u0101lu apstr\u0101des uzdevumu efektivit\u0101ti. Str\u0113les cilindrs darbojas ar hidraulisk\u0101 spiediena pal\u012bdz\u012bbu, nodro\u0161inot vienm\u0113r\u012bgas un atsauc\u012bgas kust\u012bbas, kas ir b\u016btiskas da\u017e\u0101dos smago ma\u0161\u012bnu pielietojumos.<\/p>\n<p><img decoding=\"async\" src=\"https:\/\/www.hydraulic-cylinders.net\/wp-content\/uploads\/2025\/04\/songte-company-1.webp\" alt=\"Str\u0113les cilindra att\u0113ls\" \/><\/p>\n<h2>Str\u0113les cilindra galven\u0101s iez\u012bmes<\/h2>\n<ul>\n<li>\n<h3>Augsta iztur\u012bba un ilgm\u016b\u017e\u012bba<\/h3>\n<p>\u0160ie cilindri ir izgatavoti no augstas stipr\u012bbas t\u0113rauda vai alum\u012bnija, un tie ir paredz\u0113ti, lai iztur\u0113tu augstu spiedienu un lielas slodzes. Tie ir paredz\u0113ti optim\u0101lai darb\u012bbai skarbos darba apst\u0101k\u013cos, un tiem ir nodilumiztur\u012bba un aizsardz\u012bba pret koroziju, lai pagarin\u0101tu to kalpo\u0161anas laiku.<\/p>\n<\/li>\n<li>\n<h3>Efekt\u012bva hidraulisk\u0101 darb\u012bba<\/h3>\n<p>Str\u0113les cilindrs izmanto hidraulisk\u0101s e\u013c\u013cas spiedienu, lai pan\u0101ktu vienm\u0113r\u012bgas izstiep\u0161anas un ievilk\u0161anas kust\u012bbas. \u0160\u012b \u0101tr\u0101 reakcija uz vad\u012bbas komand\u0101m nodro\u0161ina sp\u0113c\u012bgu stum\u0161anas un vilk\u0161anas sp\u0113ku, padarot to ide\u0101li piem\u0113rotu smagu un sare\u017e\u0123\u012btu uzdevumu veik\u0161anai.<\/p>\n<\/li>\n<li>\n<h3>Pieejami da\u017e\u0101di veidi<\/h3>\n<p>Klienti var izv\u0113l\u0113ties starp vienk\u0101r\u0161as darb\u012bbas cilindriem, kas darbojas vien\u0101 virzien\u0101, vai divpus\u0113jiem cilindriem, kas darbojas abos virzienos. Da\u017ei mode\u013ci ir teleskopiski, kas \u013cauj sasniegt liel\u0101ku sniedzam\u012bbu, nepalielinot \u0101r\u0113jos izm\u0113rus, un ir piem\u0113roti lietojumiem ar ierobe\u017eotu vietu.<\/p>\n<\/li>\n<\/ul>\n<h2>Ra\u017eo\u0161anas iesp\u0113jas<\/h2>\n<p>M\u0113s ar lepnumu ra\u017eojam \u0161o produktu, pied\u0101v\u0101jot hidrauliskos cilindrus, kas lieliski aizst\u0101j eso\u0161os mode\u013cus. M\u016bsu ap\u0146em\u0161an\u0101s nodro\u0161in\u0101t kvalit\u0101ti un veiktsp\u0113ju nodro\u0161ina, ka m\u016bsu cilindri atbilst augst\u0101kajiem izcil\u012bbas standartiem.<\/p>\n<p><img decoding=\"async\" src=\"https:\/\/www.hydraulic-cylinders.net\/wp-content\/uploads\/2025\/04\/songte-cylinder-head-with-all-kinds-excavator-models.webp\" alt=\"Ekskavatoru mode\u013ci\" \/><\/p>\n<h2>Str\u0113les cilindra pielietojumi<\/h2>\n<ul>\n<li>\n<h3>Celtniec\u012bbas apr\u012bkojums<\/h3>\n<p>Ekskavatoros str\u0113les cilindrs ir b\u016btisks zemes vai gru\u017eu rak\u0161anai, iekrau\u0161anai un p\u0101rvieto\u0161anai. Ekskavatoros ar iekr\u0101v\u0113ju tas pal\u012bdz gan rak\u0161anas, gan cel\u0161anas darbos, padarot to par daudzpus\u012bgu sast\u0101vda\u013cu b\u016bvniec\u012bbas darbos.<\/p>\n<\/li>\n<li>\n<h3>Lauksaimniec\u012bbas tehnika<\/h3>\n<p>Front\u0101lajos iekr\u0101v\u0113jos str\u0113les cilindrs tiek izmantots augsnes, siena un citu materi\u0101lu sav\u0101k\u0161anai, cel\u0161anai un transport\u0113\u0161anai. Tas uzlabo lauksaimniec\u012bbas tehnikas funkcionalit\u0101ti, veicinot efekt\u012bvu lauksaimniec\u012bbas darb\u012bbu.<\/p>\n<\/li>\n<li>\n<h3>Ekskavatori<\/h3>\n<p>Str\u0113les cilindrs \u013cauj kausam efekt\u012bvi iek\u013c\u016bt augsn\u0113, atvieglojot rak\u0161anas darb\u012bbu, kas ir \u013coti svar\u012bga rak\u0161anas projektiem. T\u0101 iztur\u012bg\u0101 konstrukcija nodro\u0161ina uzticamu veiktsp\u0113ju sare\u017e\u0123\u012btos apst\u0101k\u013cos.<\/p>\n<\/li>\n<li>\n<h3>Iekr\u0101v\u0113ji<\/h3>\n<p>Front\u0101lajos iekr\u0101v\u0113jos str\u0113les cilindrs pal\u012bdz efekt\u012bvi pacelt un izg\u0101zt kravas. \u0160\u012b sp\u0113ja ir b\u016btiska materi\u0101lu apstr\u0101des uzdevumiem da\u017e\u0101d\u0101s nozar\u0113s, uzlabojot produktivit\u0101ti un efektivit\u0101ti.<\/p>\n<\/li>\n<\/ul>\n<h2>Dizaina apsv\u0113rumi un atlases krit\u0113riji<\/h2>\n<ul>\n<li>\n<h3>Kravnes\u012bba<\/h3>\n<p>Viens no galvenajiem apsv\u0113rumiem, izv\u0113loties str\u0113les cilindru, ir t\u0101 kravnes\u012bba. Cilindram j\u0101sp\u0113j iztur\u0113t maksim\u0101lo slodzi, kas paredzama ekspluat\u0101cijas laik\u0101. Pareizi nov\u0113rt\u0113ts cilindrs nodro\u0161ina dro\u0161\u012bbu un nov\u0113r\u0161 priek\u0161laic\u012bgu boj\u0101jumu p\u0101rslodzes d\u0113\u013c.<\/p>\n<\/li>\n<li>\n<h3>Bl\u012bv\u0113juma veiktsp\u0113ja<\/h3>\n<p>Efekt\u012bva bl\u012bv\u0113\u0161ana ir \u013coti svar\u012bga, lai nov\u0113rstu hidraulisk\u0101 \u0161\u0137idruma nopl\u016bdi un nodro\u0161in\u0101tu cilindra efekt\u012bvu darb\u012bbu. Augstas kvalit\u0101tes bl\u012bves, kas izgatavotas no t\u0101diem materi\u0101liem k\u0101 poliuret\u0101ns un nitrilgumija, ir b\u016btiskas hidraulisk\u0101 spiediena uztur\u0113\u0161anai un ilgm\u016b\u017e\u012bbai.<\/p>\n<\/li>\n<li>\n<h3>Iztur\u012bba<\/h3>\n<p>Str\u0113les cilindra deta\u013c\u0101m j\u0101iztur past\u0101v\u012bga slodze un pak\u013cau\u0161ana skarbiem apst\u0101k\u013ciem. T\u0101p\u0113c materi\u0101li ir r\u016bp\u012bgi j\u0101izv\u0113las, lai nodro\u0161in\u0101tu augstu nodilumiztur\u012bbu un aizsardz\u012bbu pret koroziju, t\u0101d\u0113j\u0101di veicinot cilindra kop\u0113jo iztur\u012bbu.<\/p>\n<\/li>\n<li>\n<h3>Dro\u0161\u012bbas funkcijas<\/h3>\n<p>Dro\u0161\u012bbas funkciju, piem\u0113ram, spiediena samazin\u0101\u0161anas v\u0101rstu un p\u0101rslodzes aizsardz\u012bbas, iek\u013cau\u0161ana ir b\u016btiska, lai nov\u0113rstu negad\u012bjumus un nodro\u0161in\u0101tu dro\u0161u darb\u012bbu. Lai izv\u0113l\u0113tos atbilsto\u0161us cilindrus, ir svar\u012bgi izprast hidrauliskaj\u0101m sist\u0113m\u0101m piem\u0113rojamos dro\u0161\u012bbas standartus.<\/p>\n<\/li>\n<li>\n<h3>Apkopes pieejam\u012bba<\/h3>\n<p>Balona projekt\u0113\u0161ana t\u0101, lai to b\u016btu viegli apkopt, ir \u013coti svar\u012bga, lai nodro\u0161in\u0101tu ilgtermi\u0146a darb\u012bbu. Komponentiem j\u0101b\u016bt pieejamiem p\u0101rbaudei, e\u013c\u013co\u0161anai un nomai\u0146ai, t\u0101d\u0113j\u0101di samazinot d\u012bkst\u0101ves laiku un nodro\u0161inot efekt\u012bvu darb\u012bbu.<\/p>\n<\/li>\n<\/ul>\n<p><img decoding=\"async\" src=\"https:\/\/www.hydraulic-cylinders.net\/wp-content\/uploads\/2025\/04\/songte-oil-pipes-and-spare-parts.webp\" alt=\"Hidraulisk\u0101s da\u013cas\" \/><\/p>\n<h2>Hidraulisk\u0101 cilindra bl\u012bv\u0113\u0161ana un e\u013c\u013co\u0161ana<\/h2>\n<p>Lai nodro\u0161in\u0101tu optim\u0101lu veiktsp\u0113ju, tiek izmantoti da\u017e\u0101di bl\u012bv\u0113\u0161anas komponenti, tostarp virzu\u013ca bl\u012bvsl\u0113gi \u200b\u200bun stie\u0146a bl\u012bvsl\u0113gi. Bl\u012bv\u0113jumi parasti tiek izgatavoti no iztur\u012bgiem materi\u0101liem, piem\u0113ram, poliuret\u0101na un nitrila gumijas, kas iztur nodilumu. Cilindra korpuss un v\u012bt\u0146ot\u0101s gala virsmas tiek prec\u012bzi apstr\u0101d\u0101tas, lai uzlabotu nodilumiztur\u012bbu. Regul\u0101ra e\u013c\u013co\u0161ana ar atbilsto\u0161u hidraulisk\u0101s e\u013c\u013cas daudzumu ir b\u016btiska, lai samazin\u0101tu berzi un nov\u0113rstu priek\u0161laic\u012bgu nodilumu, nodro\u0161inot cilindra vienm\u0113r\u012bgu darb\u012bbu laika gait\u0101.<\/p>\n<h2>Prevent\u012bvie apkopes pas\u0101kumi<\/h2>\n<ul>\n<li>\n<h3>Regul\u0101ras p\u0101rbaudes<\/h3>\n<p>Regul\u0101ras str\u0113les cilindra p\u0101rbaudes pal\u012bdz laikus noteikt nodiluma, nopl\u016b\u017eu vai citu probl\u0113mu paz\u012bmes. Vizu\u0101las p\u0101rbaudes, lai noteiktu hidraulisk\u0101 \u0161\u0137idruma nopl\u016bdes, bl\u012bv\u0113jumu nodilumu un cilindra visp\u0101r\u0113jo st\u0101vokli, ir svar\u012bgi prevent\u012bvie pas\u0101kumi.<\/p>\n<\/li>\n<li>\n<h3>Pareiza e\u013c\u013co\u0161ana<\/h3>\n<p>Atbilsto\u0161a e\u013c\u013co\u0161anas l\u012bme\u0146a uztur\u0113\u0161ana ir \u013coti svar\u012bga cilindra ilgm\u016b\u017e\u012bbai. Regul\u0101ri p\u0101rbaudiet un papildiniet hidraulisko e\u013c\u013cu, lai nodro\u0161in\u0101tu, ka bl\u012bves un kust\u012bg\u0101s da\u013cas ir pien\u0101c\u012bgi iee\u013c\u013cotas, samazinot nodilumu un uzlabojot veiktsp\u0113ju.<\/p>\n<\/li>\n<li>\n<h3>Bl\u012bv\u0113juma nomai\u0146a<\/h3>\n<p>Bl\u012bves j\u0101nomaina saska\u0146\u0101 ar ra\u017eot\u0101ja ieteikumiem vai tad, kad tiek konstat\u0113ts nodilums. Pareizi funkcion\u0113jo\u0161as bl\u012bves ir \u013coti svar\u012bgas hidraulisk\u0101 spiediena uztur\u0113\u0161anai un \u0161\u0137idruma nopl\u016bdes nov\u0113r\u0161anai.<\/p>\n<\/li>\n<\/ul>\n<h2>Uzst\u0101d\u012b\u0161anas vadl\u012bnijas<\/h2>\n<p>Pareiza str\u0113les cilindra uzst\u0101d\u012b\u0161ana ir b\u016btiska optim\u0101lai veiktsp\u0113jai. Vispirms p\u0101rliecinieties, vai mont\u0101\u017eas virsmas ir t\u012bras un bez gru\u017eiem. R\u016bp\u012bgi izl\u012bdziniet cilindru ar mont\u0101\u017eas punktiem, izmantojot atbilsto\u0161us kron\u0161teinus, lai to nostiprin\u0101tu viet\u0101. Ir \u013coti svar\u012bgi uztur\u0113t pareizu izl\u012bdzin\u0101\u0161anu vis\u0101 uzst\u0101d\u012b\u0161anas proces\u0101, lai nov\u0113rstu p\u0101rm\u0113r\u012bgu slodzi uz cilindru. P\u0113c uzst\u0101d\u012b\u0161anas p\u0101rbaudiet, vai hidrauliskajos savienojumos nav nopl\u016b\u017eu, un p\u0101rliecinieties, vai sist\u0113ma ir piepild\u012bta ar pareiza veida un daudzuma hidraulisko \u0161\u0137idrumu, pirms p\u0101rbaud\u0101t str\u0113les cilindra darb\u012bbu.<\/p>\n<h2>Bie\u017ei sastopamie apkopes uzdevumi<\/h2>\n<ul>\n<li>\n<h3>Regul\u0101ri p\u0101rbaudiet hidraulisk\u0101 \u0161\u0137idruma l\u012bmeni<\/h3>\n<p>Ir svar\u012bgi uzraudz\u012bt un uztur\u0113t atbilsto\u0161u hidraulisk\u0101 \u0161\u0137idruma l\u012bmeni, lai nodro\u0161in\u0101tu optim\u0101lu cilindra darb\u012bbu. Zems \u0161\u0137idruma l\u012bmenis var samazin\u0101t darb\u012bbas efektivit\u0101ti un izrais\u012bt boj\u0101jumus. Vienm\u0113r uzpildiet ar ieteicamo \u0161\u0137idruma veidu un iev\u0113rojiet apkopes grafikus.<\/p>\n<\/li>\n<li>\n<h3>Piem\u0113rota e\u013c\u013co\u0161ana<\/h3>\n<p>E\u013c\u013co\u0161ana nodro\u0161ina vienm\u0113r\u012bgu darb\u012bbu un pagarina str\u0113les cilindra kalpo\u0161anas laiku. Izmantojiet paredz\u0113to hidraulisko e\u013c\u013cu un iev\u0113rojiet ra\u017eot\u0101ja nor\u0101d\u012bjumus par e\u013c\u013co\u0161anas interv\u0101liem. Pareiza e\u013c\u013co\u0161ana samazina berzi un nodilumu, uzlabojot veiktsp\u0113ju.<\/p>\n<\/li>\n<li>\n<h3>Bl\u012bvju nomai\u0146as un kalibr\u0113\u0161anas p\u0101rbaudes<\/h3>\n<p>Regul\u0101ri p\u0101rbaudiet bl\u012bves, vai nav nodiluma, un nomainiet t\u0101s p\u0113c nepiecie\u0161am\u012bbas, lai nov\u0113rstu hidraulisk\u0101 \u0161\u0137idruma nopl\u016bdes. Kalibr\u0113\u0161anas p\u0101rbaudes nodro\u0161ina, ka cilindrs darbojas pareizi un atbilst ekspluat\u0101cijas specifik\u0101cij\u0101m. \u0160o uzdevumu savlaic\u012bga risin\u0101\u0161ana var nov\u0113rst liel\u0101kas probl\u0113mas n\u0101kotn\u0113.<\/p>\n<\/li>\n<\/ul>\n<p><img decoding=\"async\" src=\"https:\/\/www.hydraulic-cylinders.net\/wp-content\/uploads\/2025\/04\/songte-chushion-collar.webp\" alt=\"Spilvenu apkakle\" \/><\/p>\n<h2>Dro\u0161\u012bbas apsv\u0113rumi un vides faktori<\/h2>\n<p>Dro\u0161\u012bbas pas\u0101kumi ir \u0101rk\u0101rt\u012bgi svar\u012bgi, lietojot hidrauliskos komponentus, piem\u0113ram, str\u0113les cilindru. Operatoriem j\u0101b\u016bt apm\u0101c\u012btiem dro\u0161as lieto\u0161anas praks\u0113, lai samazin\u0101tu negad\u012bjumu risku. Regul\u0101ra apkope un p\u0101rbaudes pal\u012bdz nov\u0113rst darb\u012bbas trauc\u0113jumus, kas var\u0113tu izrais\u012bt b\u012bstamas situ\u0101cijas. Turkl\u0101t t\u0101di vides faktori k\u0101 ekstrem\u0101las temperat\u016bras un saskare ar kod\u012bgiem materi\u0101liem var ietekm\u0113t cilindra darb\u012bbu, t\u0101p\u0113c ir nepiecie\u0161ama atbilsto\u0161a materi\u0101lu izv\u0113le un aizsargp\u0101rkl\u0101jumi, lai uzlabotu iztur\u012bbu.<\/p>\n<h2>Probl\u0113mu nov\u0113r\u0161ana un bie\u017ei sastopamas probl\u0113mas<\/h2>\n<ul>\n<li>\n<h3>Nopl\u016bdes probl\u0113mas<\/h3>\n<p>Nopl\u016bde ir izplat\u012bta probl\u0113ma, kas var rasties nolietotu bl\u012bv\u0113jumu vai va\u013c\u012bgu savienojumu d\u0113\u013c. Regul\u0101ra p\u0101rbaude un savlaic\u012bga bl\u012bv\u0113jumu nomai\u0146a var mazin\u0101t \u0161o probl\u0113mu. Ja rodas nopl\u016bdes, identific\u0113jiet avotu un nekav\u0113joties nov\u0113rsiet to, lai nov\u0113rstu hidraulisk\u0101 \u0161\u0137idruma zudumu.<\/p>\n<\/li>\n<li>\n<h3>L\u0113na darb\u012bba<\/h3>\n<p>Ja str\u0113les cilindrs darbojas l\u0113ni, tas var liecin\u0101t par zemu hidraulisk\u0101 \u0161\u0137idruma l\u012bmeni vai gaisu sist\u0113m\u0101. P\u0101rbaudiet \u0161\u0137idruma l\u012bmeni un atgaisojiet sist\u0113mu, lai likvid\u0113tu gaisa kabatas, nodro\u0161inot efekt\u012bvu darb\u012bbu.<\/p>\n<\/li>\n<li>\n<h3>Jaudas zudums<\/h3>\n<p>Jaudas zudumu str\u0113les cilindr\u0101 var attiecin\u0101t uz da\u017e\u0101diem faktoriem, tostarp hidraulisko l\u012bniju aizsprostojumiem vai nepareizi funkcion\u0113jo\u0161iem v\u0101rstiem. P\u0101rbaudiet hidraulisko sist\u0113mu, vai nav aizsprostojumu, un p\u0101rliecinieties, vai visas sast\u0101vda\u013cas darbojas pareizi.<\/p>\n<\/li>\n<\/ul>\n<p><img decoding=\"async\" src=\"https:\/\/www.hydraulic-cylinders.net\/wp-content\/uploads\/2025\/04\/songte-bushings-with-all-kinds-of-excavator-models.webp\" alt=\"Ekskavatoru bukses\" \/><\/p>\n<h2>Probl\u0113mu nov\u0113r\u0161anas padomi<\/h2>\n<p>Lai pal\u012bdz\u0113tu lietot\u0101jiem efekt\u012bvi diagnostic\u0113t un nov\u0113rst probl\u0113mas ar str\u0113les cilindru, ir svar\u012bgi izveidot apkopes rut\u012bnu. Regul\u0101ras p\u0101rbaudes var pal\u012bdz\u0113t laikus identific\u0113t potenci\u0101l\u0101s probl\u0113mas. Apkopes darb\u012bbu un jebk\u0101du veiktsp\u0113jas neatbilst\u012bbu \u017eurn\u0101la uztur\u0113\u0161ana var pal\u012bdz\u0113t diagnostic\u0113t probl\u0113mas. Turkl\u0101t rezerves da\u013cu pieejam\u012bba var pa\u0101trin\u0101t remontu un samazin\u0101t d\u012bkst\u0101ves laiku. Prevent\u012bvie pas\u0101kumi, piem\u0113ram, pareiza e\u013c\u013co\u0161ana un regul\u0101ras p\u0101rbaudes, var iev\u0113rojami samazin\u0101t nopietnu probl\u0113mu iesp\u0113jam\u012bbu n\u0101kotn\u0113.<\/p>\n<h2>Par m\u016bsu uz\u0146\u0113mumu<\/h2>\n<p>M\u0113s esam vado\u0161ais rezerves hidraulisko cilindru ra\u017eot\u0101js, kas pied\u0101v\u0101 pla\u0161u produktu kl\u0101stu, kas atbilst gan viet\u0113j\u0101, gan starptautisk\u0101 tirgus pras\u012bb\u0101m. M\u016bsu ap\u0146em\u0161an\u0101s sasniegt izcil\u012bbu atspogu\u013cojas m\u016bsu sare\u017e\u0123\u012btajos ra\u017eo\u0161anas procesos, kuros tiek izmantotas jaun\u0101k\u0101s tehnolo\u0123ijas un kvalific\u0113ts person\u0101ls, lai uzlabotu produktu kvalit\u0101ti. M\u0113s past\u0101v\u012bgi pilnveidojam savas ra\u017eo\u0161anas strat\u0113\u0123ijas, lai nodro\u0161in\u0101tu augstu efektivit\u0101ti un precizit\u0101ti, apmierinot m\u016bsu klientu da\u017e\u0101d\u0101s vajadz\u012bbas.<\/p>\n<p><img decoding=\"async\" src=\"https:\/\/www.hydraulic-cylinders.net\/wp-content\/uploads\/2025\/04\/songte-company-4.webp\" alt=\"Uz\u0146\u0113muma att\u0113ls 1\" \/><br \/>\n<img decoding=\"async\" src=\"https:\/\/www.hydraulic-cylinders.net\/wp-content\/uploads\/2025\/04\/songte-company-3.webp\" alt=\"Uz\u0146\u0113muma att\u0113ls 2\" \/><\/p>\n<p>M\u016bsu profesion\u0101l\u0101 komanda ir ap\u0146\u0113musies nodro\u0161in\u0101t starptautiskus sertifik\u0101tus, piel\u0101gotus pakalpojumus un stabilu p\u0113cp\u0101rdo\u0161anas atbalstu. M\u0113s uzturam pla\u0161u ra\u017eo\u0161anas iek\u0101rtu kl\u0101stu, lai nodro\u0161in\u0101tu, ka varam efekt\u012bvi izpild\u012bt jebkuras specifiskas ra\u017eo\u0161anas pras\u012bbas.<\/p>\n<p>Autors: lil<\/p>","protected":false},"excerpt":{"rendered":"<p>Boom Cylinder For Hengte Wheel Excavator HTL90 Overview of the Boom Cylinder The Boom Cylinder is a crucial hydraulic component specifically designed for the Hengte Wheel Excavator HTL90. This type of hydraulic cylinder plays a vital role in controlling the movement of the excavator&#8217;s boom. By facilitating the boom&#8217;s lifting, lowering, and tilting actions, it [&hellip;]<\/p>","protected":false},"featured_media":17870,"comment_status":"open","ping_status":"closed","template":"","meta":{"_et_pb_use_builder":"","_et_pb_old_content":"","_et_gb_content_width":""},"product_brand":[],"product_cat":[1546],"product_tag":[1547,1496],"class_list":{"0":"post-19712","1":"product","2":"type-product","3":"status-publish","4":"has-post-thumbnail","6":"product_cat-boom-cylinders","7":"product_tag-boom-cylinders","8":"product_tag-hydraulic-cylinders","10":"first","11":"instock","12":"shipping-taxable","13":"product-type-simple"},"amp_enabled":true,"_links":{"self":[{"href":"https:\/\/www.hydraulic-cylinders.net\/lv\/wp-json\/wp\/v2\/product\/19712","targetHints":{"allow":["GET"]}}],"collection":[{"href":"https:\/\/www.hydraulic-cylinders.net\/lv\/wp-json\/wp\/v2\/product"}],"about":[{"href":"https:\/\/www.hydraulic-cylinders.net\/lv\/wp-json\/wp\/v2\/types\/product"}],"replies":[{"embeddable":true,"href":"https:\/\/www.hydraulic-cylinders.net\/lv\/wp-json\/wp\/v2\/comments?post=19712"}],"wp:featuredmedia":[{"embeddable":true,"href":"https:\/\/www.hydraulic-cylinders.net\/lv\/wp-json\/wp\/v2\/media\/17870"}],"wp:attachment":[{"href":"https:\/\/www.hydraulic-cylinders.net\/lv\/wp-json\/wp\/v2\/media?parent=19712"}],"wp:term":[{"taxonomy":"product_brand","embeddable":true,"href":"https:\/\/www.hydraulic-cylinders.net\/lv\/wp-json\/wp\/v2\/product_brand?post=19712"},{"taxonomy":"product_cat","embeddable":true,"href":"https:\/\/www.hydraulic-cylinders.net\/lv\/wp-json\/wp\/v2\/product_cat?post=19712"},{"taxonomy":"product_tag","embeddable":true,"href":"https:\/\/www.hydraulic-cylinders.net\/lv\/wp-json\/wp\/v2\/product_tag?post=19712"}],"curies":[{"name":"wp","href":"https:\/\/api.w.org\/{rel}","templated":true}]}}