{"id":19713,"date":"2025-04-07T07:03:19","date_gmt":"2025-04-07T07:03:19","guid":{"rendered":"https:\/\/www.hydraulic-cylinders.net\/product\/boom-cylinder-for-hengte-wheel-excavator-htl106\/"},"modified":"2025-04-07T07:03:22","modified_gmt":"2025-04-07T07:03:22","slug":"boom-cylinder-for-hengte-wheel-excavator-htl106","status":"publish","type":"product","link":"https:\/\/www.hydraulic-cylinders.net\/lv\/products\/boom-cylinder-for-hengte-wheel-excavator-htl106\/","title":{"rendered":"Hengte rite\u0146u ekskavatora HTL106 str\u0113les cilindrs"},"content":{"rendered":"<h1>Hengte rite\u0146u ekskavatora HTL106 str\u0113les cilindrs<\/h1>\n<h2>Ievads str\u0113les cilindros<\/h2>\n<p>Str\u0113les cilindrs ir svar\u012bga hidrauliska sast\u0101vda\u013ca, kas paredz\u0113ta, lai kontrol\u0113tu str\u0113les kust\u012bbu smagaj\u0101s ma\u0161\u012bn\u0101s, \u012bpa\u0161i ekskavatoros, iekr\u0101v\u0113ju ekskavatoros un front\u0101lajos iekr\u0101v\u0113jos. Tas \u013cauj str\u0113lei pacelt, nolaist un noliekt, t\u0101d\u0113j\u0101di atvieglojot efekt\u012bvus materi\u0101lu apstr\u0101des uzdevumus. \u0160is hidrauliskais cilindrs darbojas, izmantojot hidraulisk\u0101 \u0161\u0137idruma spiedienu, p\u0101rv\u0113r\u0161ot to meh\u0101nisk\u0101 sp\u0113k\u0101 prec\u012bz\u0101m kust\u012bb\u0101m.<\/p>\n<p><img decoding=\"async\" src=\"https:\/\/www.hydraulic-cylinders.net\/wp-content\/uploads\/2025\/04\/songte-company-1.webp\" alt=\"Str\u0113les cilindra att\u0113ls\" \/><\/p>\n<p>B\u016bvniec\u012bbas un lauksaimniec\u012bbas darbos str\u0113les cilindri ir b\u016btiski. \u0160iem cilindriem j\u0101b\u016bt iztur\u012bgiem un uzticamiem, jo \u200b\u200btie saskaras ar \u0101rk\u0101rt\u0113ju spiedienu un skarbiem darba apst\u0101k\u013ciem. To sp\u0113ja nodro\u0161in\u0101t vienm\u0113r\u012bgu un efekt\u012bvu darb\u012bbu tie\u0161i ietekm\u0113 to ma\u0161\u012bnu veiktsp\u0113ju, kur\u0101s tie ir integr\u0113ti.<\/p>\n<h2>Str\u0113les cilindra \u012bpa\u0161\u012bbas<\/h2>\n<h3>1. Augsta iztur\u012bba un ilgm\u016b\u017e\u012bba<\/h3>\n<p>Izgatavoti no augstas stipr\u012bbas t\u0113rauda vai alum\u012bnija, str\u0113les cilindri ir paredz\u0113ti, lai iztur\u0113tu lielas slodzes un augstspiediena vidi. To konstrukcij\u0101 ir \u0146emta v\u0113r\u0101 nodilumiztur\u012bba un aizsardz\u012bba pret koroziju, t\u0101d\u0113j\u0101di pagarinot to kalpo\u0161anas laiku.<\/p>\n<h3>2. Efekt\u012bva hidraulisk\u0101 darb\u012bba<\/h3>\n<p>\u0160ie cilindri izmanto hidraulisk\u0101 \u0161\u0137idruma spiedienu, lai nodro\u0161in\u0101tu vienm\u0113r\u012bgu izvilk\u0161anu un ievilk\u0161anu. Tie \u0101tri rea\u0123\u0113 uz operatora komand\u0101m, nodro\u0161inot iev\u0113rojamu stum\u0161anas un vilk\u0161anas sp\u0113ku, kas nepiecie\u0161ams smagu materi\u0101lu apstr\u0101dei un sare\u017e\u0123\u012btu uzdevumu veik\u0161anai.<\/p>\n<h3>3. Veidu da\u017e\u0101d\u012bba<\/h3>\n<p>Atkar\u012bb\u0101 no ekspluat\u0101cijas vajadz\u012bb\u0101m lietot\u0101ji var izv\u0113l\u0113ties starp vienas darb\u012bbas (izmantojot hidraulisko spiedienu vien\u0101 virzien\u0101) vai divk\u0101r\u0161as darb\u012bbas (izmantojot hidraulisko spiedienu abos virzienos) cilindriem. Da\u017ei mode\u013ci ir teleskopiski, kas \u013cauj tos papla\u0161in\u0101t, nepalielinot \u0101r\u0113jos izm\u0113rus, padarot tos piem\u0113rotus lieto\u0161anai ierobe\u017eot\u0101 telp\u0101.<\/p>\n<h3>4. Piel\u0101gojami risin\u0101jumi<\/h3>\n<p>M\u016bsu produkti var lieliski aizst\u0101t eso\u0161os hidrauliskos cilindrus, nodro\u0161inot sader\u012bbu un veiktsp\u0113ju da\u017e\u0101dos pielietojumos.<\/p>\n<p><img decoding=\"async\" src=\"https:\/\/www.hydraulic-cylinders.net\/wp-content\/uploads\/2025\/04\/songte-cylinder-head-with-all-kinds-excavator-models.webp\" alt=\"Piel\u0101gojami risin\u0101jumi\" \/><\/p>\n<h2>Lietojumprogrammu scen\u0101riji<\/h2>\n<h3>1. Celtniec\u012bbas tehnika<\/h3>\n<p>Ekskavatoros str\u0113les cilindriem ir b\u016btiska loma zemes vai gru\u017eu rak\u0161an\u0101, iekrau\u0161an\u0101 un p\u0101rvieto\u0161an\u0101. Tie \u013cauj izstiept un savilkt str\u0113li, vienlaikus nodro\u0161inot cel\u0161anas sp\u0113jas, kas nepiecie\u0161amas efekt\u012bvai darb\u012bbai. Ekskavatoros-iekr\u0101v\u0113jos tie pal\u012bdz gan rak\u0161anas, gan cel\u0161anas darbos, demonstr\u0113jot to daudzpus\u012bbu b\u016bvlaukumos.<\/p>\n<h3>2. Lauksaimniec\u012bbas tehnika<\/h3>\n<p>Front\u0101lajos iekr\u0101v\u0113jos str\u0113les cilindri ir atbild\u012bgi par augsnes, siena un citu materi\u0101lu sav\u0101k\u0161anu, cel\u0161anu un transport\u0113\u0161anu. To efektivit\u0101te \u0161o uzdevumu veik\u0161an\u0101 palielina produktivit\u0101ti lauksaimniec\u012bbas vid\u0113, padarot tos neaizst\u0101jamus lauksaimniec\u012bbas darb\u012bb\u0101s.<\/p>\n<h3>3. Ekskavatori<\/h3>\n<p>\u0160ie hidrauliskie cilindri \u013cauj kausam iek\u013c\u016bt zem\u0113, atvieglojot rak\u0161anas darb\u012bbas. Prec\u012bza vad\u012bba, ko nodro\u0161ina str\u0113les cilindri, ir \u013coti svar\u012bga veiksm\u012bgiem rak\u0161anas projektiem.<\/p>\n<h3>4. Iekr\u0101v\u0113ji<\/h3>\n<p>Front\u0101lajos iekr\u0101v\u0113jos str\u0113les cilindri pal\u012bdz efekt\u012bvi pacelt un izg\u0101zt kravas. To konstrukcija nodro\u0161ina, ka smagus materi\u0101lus var apstr\u0101d\u0101t, neapdraudot tehnikas stabilit\u0101ti.<\/p>\n<h2>Dizaina apsv\u0113rumi un atlases krit\u0113riji<\/h2>\n<h3>1. Kravnes\u012bba<\/h3>\n<p>Ir svar\u012bgi izv\u0113l\u0113ties str\u0113les cilindru, kas atbilst konkr\u0113t\u0101s slodzes pras\u012bb\u0101m apr\u012bkojumam, ar kuru tas tiks izmantots. Cilindram j\u0101sp\u0113j iztur\u0113t maksim\u0101lo slodzi bez atteices, nodro\u0161inot dro\u0161u darb\u012bbu smagu darbu laik\u0101.<\/p>\n<h3>2. Bl\u012bv\u0113\u0161anas sp\u0113ja<\/h3>\n<p>Efekt\u012bva bl\u012bv\u0113\u0161ana ir \u013coti svar\u012bga, lai nov\u0113rstu hidraulisk\u0101 \u0161\u0137idruma nopl\u016bdes, kas var izrais\u012bt neefektivit\u0101ti un iesp\u0113jamus boj\u0101jumus. Lai saglab\u0101tu darb\u012bbas integrit\u0101ti un samazin\u0101tu apkopes nepiecie\u0161am\u012bbu, j\u0101izmanto augstas kvalit\u0101tes bl\u012bv\u0113jumi.<\/p>\n<h3>3. Iztur\u012bba<\/h3>\n<p>Iztur\u012bba ir b\u016btisks dizaina aspekts, jo str\u0113les cilindri darbojas sare\u017e\u0123\u012btos apst\u0101k\u013cos. Tie j\u0101izgatavo no materi\u0101liem, kas ir iztur\u012bgi pret nodilumu un koroziju, t\u0101d\u0113j\u0101di pagarinot to kalpo\u0161anas laiku un samazinot nomai\u0146as bie\u017eumu.<\/p>\n<h3>4. Dro\u0161\u012bbas funkcijas<\/h3>\n<p>Dro\u0161\u012bbas elementu iek\u013cau\u0161ana konstrukcij\u0101 ir \u0101rk\u0101rt\u012bgi svar\u012bga, lai nov\u0113rstu negad\u012bjumus. J\u0101iek\u013cauj dro\u0161\u012bbas v\u0101rsti un spiediena samazin\u0101\u0161anas meh\u0101nismi, lai pasarg\u0101tu no p\u0101rslodzes un nodro\u0161in\u0101tu operatora dro\u0161\u012bbu.<\/p>\n<h3>5. Apkope un remont\u0113jam\u012bba<\/h3>\n<p>Projektam j\u0101b\u016bt t\u0101dam, lai nodro\u0161in\u0101tu \u0113rtu apkopi un remontu. Komponenti, kurus var apkalpot vai nomain\u012bt bez ilgsto\u0161as \u200b\u200bd\u012bkst\u0101ves, veicina kop\u0113jo darb\u012bbas efektivit\u0101ti.<\/p>\n<p><img decoding=\"async\" src=\"https:\/\/www.hydraulic-cylinders.net\/wp-content\/uploads\/2025\/04\/songte-oil-pipes-and-spare-parts.webp\" alt=\"Dizaina apsv\u0113rumi\" \/><\/p>\n<h2>Bl\u012bv\u0113\u0161ana un e\u013c\u013co\u0161ana<\/h2>\n<p>Hidraulisko cilindru efektivit\u0101te liel\u0101 m\u0113r\u0101 ir atkar\u012bga no pareiza bl\u012bv\u0113juma un e\u013c\u013co\u0161anas. Lai uztur\u0113tu hidraulisko spiedienu, j\u0101izmanto da\u017e\u0101di bl\u012bv\u0113\u0161anas komponenti, piem\u0113ram, virzu\u013ca bl\u012bvsl\u0113gi \u200b\u200bun stie\u0146a bl\u012bvsl\u0113gi. Priek\u0161roka tiek dota t\u0101diem materi\u0101liem k\u0101 poliuret\u0101ns un nitrila gumija to nodilumiztur\u012bbas d\u0113\u013c. Turkl\u0101t cilindra korpuss un v\u012bt\u0146otie gali ir r\u016bp\u012bgi j\u0101apstr\u0101d\u0101, lai uzlabotu iztur\u012bbu pret nodilumu. Regul\u0101ra e\u013c\u013co\u0161ana ar hidraulisko e\u013c\u013cu ir nepiecie\u0161ama, lai nodro\u0161in\u0101tu vienm\u0113r\u012bgu darb\u012bbu un pagarin\u0101tu cilindra kalpo\u0161anas laiku, veicinot optim\u0101lu veiktsp\u0113ju lieto\u0161anas laik\u0101.<\/p>\n<h2>Prevent\u012bvie apkopes pas\u0101kumi<\/h2>\n<ul>\n<li>Regul\u0101ri veiciet p\u0101rbaudes, lai identific\u0113tu iesp\u0113jam\u0101s nopl\u016bdes vai boj\u0101jumus.<\/li>\n<li>Lai saglab\u0101tu efektivit\u0101ti, nodro\u0161iniet bl\u012bv\u0113jumu un kust\u012bgo da\u013cu atbilsto\u0161u e\u013c\u013co\u0161anu.<\/li>\n<li>Nekav\u0113joties nomainiet nolietot\u0101s bl\u012bves, lai nov\u0113rstu hidraulisk\u0101 \u0161\u0137idruma zudumu.<\/li>\n<\/ul>\n<h2>Uzst\u0101d\u012b\u0161anas vadl\u012bnijas<\/h2>\n<p>Pareiza uzst\u0101d\u012b\u0161ana ir \u013coti svar\u012bga str\u0113les cilindru veiksm\u012bgai darb\u012bbai. S\u0101ciet, izl\u012bdzinot cilindru ar ma\u0161\u012bnas stiprin\u0101juma punktiem. Izmantojiet atbilsto\u0161us stiprin\u0101juma kron\u0161teinus, lai stingri nostiprin\u0101tu cilindru. P\u0101rliecinieties, vai hidraulisk\u0101s l\u012bnijas ir pareizi pievienotas, izvairoties no jebk\u0101diem pagriezieniem vai l\u012bkumiem, kas var izrais\u012bt nopl\u016bdes. P\u0113c uzst\u0101d\u012b\u0161anas p\u0101rbaudiet sist\u0113mu, lai p\u0101rliecin\u0101tos, ka t\u0101 darbojas nevainojami, bez neparastiem trok\u0161\u0146iem vai pretest\u012bbas. Piev\u0113rsiet \u012bpa\u0161u uzman\u012bbu cilindra izl\u012bdzin\u0101\u0161anai, lai nov\u0113rstu p\u0101rm\u0113r\u012bgu slodzi uz deta\u013c\u0101m, kas var izrais\u012bt priek\u0161laic\u012bgu boj\u0101jumu. Regul\u0101ra savienojumu p\u0101rbaude un dro\u0161a izvietojuma nodro\u0161in\u0101\u0161ana uzlabos str\u0113les cilindra ilgm\u016b\u017e\u012bbu un veiktsp\u0113ju.<\/p>\n<h2>Bie\u017ei sastopamie apkopes uzdevumi<\/h2>\n<h3>1. Regul\u0101ras p\u0101rbaudes<\/h3>\n<p>Regul\u0101ras p\u0101rbaudes ir \u013coti svar\u012bgas, lai laikus identific\u0113tu jebk\u0101das nodiluma un boj\u0101jumu paz\u012bmes. P\u0101rbaudiet hidraulisk\u0101s l\u012bnijas, vai nav nopl\u016b\u017eu, un p\u0101rbaudiet savienojumu stingr\u012bbu. \u0160o p\u0101rbau\u017eu veik\u0161ana pal\u012bdz nov\u0113rst negaid\u012btus boj\u0101jumus un \u013cauj savlaic\u012bgi veikt remontu.<\/p>\n<h3>2. Atbilsto\u0161a e\u013c\u013co\u0161ana<\/h3>\n<p>Lai nov\u0113rstu berzes rad\u012btus boj\u0101jumus, ir svar\u012bgi nodro\u0161in\u0101t, lai bl\u012bves un kust\u012bg\u0101s da\u013cas b\u016btu pien\u0101c\u012bgi iee\u013c\u013cotas. Regul\u0101ra e\u013c\u013co\u0161ana ar pareiza veida hidraulisko e\u013c\u013cu pagarin\u0101s cilindra kalpo\u0161anas laiku un uzlabos t\u0101 veiktsp\u0113ju.<\/p>\n<h3>3. Bl\u012bv\u0113juma nomai\u0146a un kalibr\u0113\u0161anas p\u0101rbaude<\/h3>\n<p>Laika gait\u0101 bl\u012bves var nolietoties un t\u0101s var b\u016bt j\u0101nomaina. Ir svar\u012bgi uzraudz\u012bt to st\u0101vokli un nomain\u012bt p\u0113c nepiecie\u0161am\u012bbas. Turkl\u0101t periodiska hidraulisk\u0101s sist\u0113mas kalibr\u0113\u0161ana nodro\u0161ina t\u0101s optim\u0101lu efektivit\u0101ti, saglab\u0101jot iek\u0101rtas dro\u0161\u012bbu un funkcionalit\u0101ti.<\/p>\n<p><img decoding=\"async\" src=\"https:\/\/www.hydraulic-cylinders.net\/wp-content\/uploads\/2025\/04\/songte-chushion-collar.webp\" alt=\"Apkopes uzdevumi\" \/><\/p>\n<h2>Dro\u0161\u012bbas apsv\u0113rumi un vides faktori<\/h2>\n<p>Str\u0101d\u0101jot ar hidrauliskaj\u0101m sist\u0113m\u0101m, dro\u0161\u012bbas pas\u0101kumu iev\u0113ro\u0161ana ir \u013coti svar\u012bga, lai izvair\u012btos no negad\u012bjumiem. Operatoriem j\u0101b\u016bt apm\u0101c\u012btiem dro\u0161as ekspluat\u0101cijas praks\u0113 un j\u0101saprot str\u0113les cilindra funkcionalit\u0101te. Individu\u0101lo aizsardz\u012bbas l\u012bdzek\u013cu (IAL) lieto\u0161ana ir b\u016btiska, lai mazin\u0101tu riskus, kas saist\u012bti ar hidraulisk\u0101 \u0161\u0137idruma iedarb\u012bbu vai iek\u0101rtu darb\u012bbas trauc\u0113jumiem. Turkl\u0101t, veicot apkopes darbus, j\u0101\u0146em v\u0113r\u0101 vides apsv\u0113rumi, lai nov\u0113rstu \u0161\u0137idruma nopl\u016bdes, kas var\u0113tu kait\u0113t apk\u0101rt\u0113j\u0101m ekosist\u0113m\u0101m.<\/p>\n<h2>K\u013c\u016bmju diagnostika un bie\u017e\u0101k sastopam\u0101s probl\u0113mas<\/h2>\n<h3>1. Hidraulisk\u0101s nopl\u016bdes<\/h3>\n<p>Nopl\u016bdes bie\u017ei var noteikt, nov\u0113rojot \u0161\u0137idruma pe\u013c\u0137es ap iek\u0101rtu. Regul\u0101ra bl\u012bv\u0113jumu un savienojumu p\u0101rbaude var nov\u0113rst \u0161\u0137idruma zudumus. Ja tiek konstat\u0113ta nopl\u016bde, p\u0101rbaudiet un nomainiet boj\u0101t\u0101s deta\u013cas, lai atjaunotu funkcionalit\u0101ti.<\/p>\n<h3>2. L\u0113na darb\u012bba<\/h3>\n<p>Ja cilindrs darbojas l\u0113ni, tas var liecin\u0101t par zemu hidraulisk\u0101 \u0161\u0137idruma l\u012bmeni vai aizsprostojumu l\u012bnij\u0101s. P\u0101rbaudiet \u0161\u0137idruma l\u012bmeni un nov\u0113rsiet visus aizsprostojumus, lai nodro\u0161in\u0101tu vienm\u0113r\u012bgu darb\u012bbu.<\/p>\n<h3>3. Neparastas ska\u0146as<\/h3>\n<p>Jebk\u0101da sl\u012bp\u0113\u0161anas vai klab\u0113\u0161anas ska\u0146a darb\u012bbas laik\u0101 parasti nor\u0101da uz meh\u0101nisk\u0101m probl\u0113m\u0101m. Noskaidrojiet trok\u0161\u0146a avotu un nekav\u0113joties nov\u0113rsiet visas nolietot\u0101s vai boj\u0101t\u0101s deta\u013cas.<\/p>\n<p><img decoding=\"async\" src=\"https:\/\/www.hydraulic-cylinders.net\/wp-content\/uploads\/2025\/04\/songte-bushings-with-all-kinds-of-excavator-models.webp\" alt=\"K\u013c\u016bmju diagnostika\" \/><\/p>\n<h2>Probl\u0113mu nov\u0113r\u0161anas padomi<\/h2>\n<p>Lai efekt\u012bvi diagnostic\u0113tu k\u013c\u016bmes, s\u0101ciet, pierakstot str\u0113les cilindra simptomus. Veiciet sistem\u0101tisku hidraulisk\u0101 \u0161\u0137idruma l\u012bme\u0146a, bl\u012bv\u0113jumu un savienojumu p\u0101rbaudi. Apkopes \u017eurn\u0101la uztur\u0113\u0161ana var pal\u012bdz\u0113t izsekot iepriek\u0161\u0113j\u0101m probl\u0113m\u0101m, atvieglojot atk\u0101rtotu probl\u0113mu identific\u0113\u0161anu. Prevent\u012bvu pas\u0101kumu ievie\u0161ana, piem\u0113ram, regul\u0101ras apkopes p\u0101rbaudes un savlaic\u012bgs remonts, var mazin\u0101t iesp\u0113jamos darb\u012bbas trauc\u0113jumus un uzlabot str\u0113les cilindra kalpo\u0161anas laiku.<\/p>\n<h2>Par m\u016bsu uz\u0146\u0113mumu<\/h2>\n<p>M\u0113s esam vado\u0161ais rezerves hidraulisko cilindru ra\u017eot\u0101js un vairumtirdzniec\u012bbas izplat\u012bt\u0101js, kas pied\u0101v\u0101 pla\u0161u produktu kl\u0101stu, lai apmierin\u0101tu da\u017e\u0101das nozares vajadz\u012bbas. M\u016bsu ap\u0146em\u0161an\u0101s nodro\u0161in\u0101t kvalit\u0101ti un izcil\u012bbu virza m\u016bsu ra\u017eo\u0161anas procesus, ko atbalsta progres\u012bvas ra\u017eo\u0161anas vad\u012bbas strat\u0113\u0123ijas. M\u016bsu prasm\u012bg\u0101 tehnisk\u0101 komanda apvienojum\u0101 ar augst\u0101k\u0101s klases digit\u0101laj\u0101m ra\u017eo\u0161anas iek\u0101rt\u0101m un profesion\u0101l\u0101m test\u0113\u0161anas sist\u0113m\u0101m nodro\u0161ina izcilu produktu kvalit\u0101ti. M\u0113s past\u0101v\u012bgi uzlabojam savu ra\u017eo\u0161anas platformu, iev\u0113rojot augstas efektivit\u0101tes, precizit\u0101tes un kvalit\u0101tes principus, lai apmierin\u0101tu m\u016bsu klientu da\u017e\u0101d\u0101s pras\u012bbas.<\/p>\n<p><img decoding=\"async\" src=\"https:\/\/www.hydraulic-cylinders.net\/wp-content\/uploads\/2025\/04\/songte-company-4.webp\" alt=\"Uz\u0146\u0113muma p\u0101rskats\" \/><br \/>\n<img decoding=\"async\" src=\"https:\/\/www.hydraulic-cylinders.net\/wp-content\/uploads\/2025\/04\/songte-company-3.webp\" alt=\"Uz\u0146\u0113muma p\u0101rskats\" \/><\/p>\n<p>M\u016bsu uz\u0146\u0113mums izce\u013cas ar profesionalit\u0101ti, starptautiskiem sertifik\u0101tiem, piel\u0101gotiem pakalpojumiem, modernu ra\u017eo\u0161anas apr\u012bkojumu un izcilu p\u0113cp\u0101rdo\u0161anas atbalstu.<\/p>\n<p>Autors: lil<\/p>","protected":false},"excerpt":{"rendered":"<p>Boom Cylinder For Hengte Wheel Excavator HTL106 Introduction to Boom Cylinders The boom cylinder is a crucial hydraulic component designed to control the movement of the boom in heavy machinery, particularly in excavators, backhoe loaders, and front loaders. It allows the boom to lift, lower, and tilt, facilitating efficient material handling tasks. This hydraulic cylinder [&hellip;]<\/p>","protected":false},"featured_media":17871,"comment_status":"open","ping_status":"closed","template":"","meta":{"_et_pb_use_builder":"","_et_pb_old_content":"","_et_gb_content_width":""},"product_brand":[],"product_cat":[1546],"product_tag":[1547,1496],"class_list":{"0":"post-19713","1":"product","2":"type-product","3":"status-publish","4":"has-post-thumbnail","6":"product_cat-boom-cylinders","7":"product_tag-boom-cylinders","8":"product_tag-hydraulic-cylinders","10":"first","11":"instock","12":"shipping-taxable","13":"product-type-simple"},"amp_enabled":true,"_links":{"self":[{"href":"https:\/\/www.hydraulic-cylinders.net\/lv\/wp-json\/wp\/v2\/product\/19713","targetHints":{"allow":["GET"]}}],"collection":[{"href":"https:\/\/www.hydraulic-cylinders.net\/lv\/wp-json\/wp\/v2\/product"}],"about":[{"href":"https:\/\/www.hydraulic-cylinders.net\/lv\/wp-json\/wp\/v2\/types\/product"}],"replies":[{"embeddable":true,"href":"https:\/\/www.hydraulic-cylinders.net\/lv\/wp-json\/wp\/v2\/comments?post=19713"}],"wp:featuredmedia":[{"embeddable":true,"href":"https:\/\/www.hydraulic-cylinders.net\/lv\/wp-json\/wp\/v2\/media\/17871"}],"wp:attachment":[{"href":"https:\/\/www.hydraulic-cylinders.net\/lv\/wp-json\/wp\/v2\/media?parent=19713"}],"wp:term":[{"taxonomy":"product_brand","embeddable":true,"href":"https:\/\/www.hydraulic-cylinders.net\/lv\/wp-json\/wp\/v2\/product_brand?post=19713"},{"taxonomy":"product_cat","embeddable":true,"href":"https:\/\/www.hydraulic-cylinders.net\/lv\/wp-json\/wp\/v2\/product_cat?post=19713"},{"taxonomy":"product_tag","embeddable":true,"href":"https:\/\/www.hydraulic-cylinders.net\/lv\/wp-json\/wp\/v2\/product_tag?post=19713"}],"curies":[{"name":"wp","href":"https:\/\/api.w.org\/{rel}","templated":true}]}}