{"id":19716,"date":"2025-04-07T07:03:30","date_gmt":"2025-04-07T07:03:30","guid":{"rendered":"https:\/\/www.hydraulic-cylinders.net\/product\/boom-cylinder-for-yigong-cy85-8\/"},"modified":"2025-04-07T07:03:33","modified_gmt":"2025-04-07T07:03:33","slug":"boom-cylinder-for-yigong-cy85-8","status":"publish","type":"product","link":"https:\/\/www.hydraulic-cylinders.net\/lv\/products\/boom-cylinder-for-yigong-cy85-8\/","title":{"rendered":"Str\u0113les cilindrs Yigong CY85-8"},"content":{"rendered":"<h1>Str\u0113les cilindrs Yigong CY85-8<\/h1>\n<h2>Str\u0113les cilindra izpratne<\/h2>\n<p>Str\u0113les cilindrs, kas \u012bpa\u0161i izstr\u0101d\u0101ts Yigong CY85-8, ir b\u016btiska hidraulisko sist\u0113mu sast\u0101vda\u013ca, ko izmanto smagaj\u0101s ma\u0161\u012bn\u0101s. Tas galvenok\u0101rt ir atbild\u012bgs par str\u0113les kust\u012bbas kontroli, \u013caujot operatoriem efekt\u012bvi pacelt, nolaist un noliekt str\u0113li. \u0160\u012b funkcionalit\u0101te ir vit\u0101li svar\u012bga materi\u0101lu apstr\u0101des uzdevumiem da\u017e\u0101d\u0101s nozar\u0113s.<\/p>\n<p><img decoding=\"async\" src=\"https:\/\/www.hydraulic-cylinders.net\/wp-content\/uploads\/2025\/04\/songte-company-1.webp\" alt=\"Str\u0113les cilindrs\" \/><\/p>\n<h3>Defin\u012bcija un p\u0101rskats<\/h3>\n<p>Str\u0113les cilindrs ir hidraulisk\u0101 cilindra veids, kas \u012bpa\u0161i izstr\u0101d\u0101ts, lai p\u0101rvald\u012btu str\u0113les kust\u012bbu, kas piestiprin\u0101ta smagajam apr\u012bkojumam, piem\u0113ram, ekskavatoriem, ekskavatoriem-iekr\u0101v\u0113jiem un front\u0101lajiem iekr\u0101v\u0113jiem. T\u0101 galven\u0101 funkcija ir atvieglot kausa pacel\u0161anu, nolai\u0161anu un noliek\u0161anu, padarot to par b\u016btisku instrumentu b\u016bvniec\u012bb\u0101, lauksaimniec\u012bb\u0101 un kalnr\u016bpniec\u012bb\u0101. Hidraulisk\u0101 sist\u0113ma izmanto hidraulisk\u0101s e\u013c\u013cas jaudu, lai rad\u012btu vienm\u0113r\u012bgu un efekt\u012bvu kust\u012bbu, \u013caujot operatoriem veikt uzdevumus prec\u012bzi un viegli.<\/p>\n<h2>Str\u0113les cilindra \u012bpa\u0161\u012bbas<\/h2>\n<ul>\n<li><strong>Augsta iztur\u012bba un ilgm\u016b\u017e\u012bba:<\/strong> Izgatavots no augstas stipr\u012bbas t\u0113rauda vai alum\u012bnija, str\u0113les cilindrs ir paredz\u0113ts, lai iztur\u0113tu augstu spiedienu un lielas slodzes, vienlaikus pretojoties nodilumam un korozijai, nodro\u0161inot ilgm\u016b\u017e\u012bbu skarbos darba apst\u0101k\u013cos.<\/li>\n<li><strong>Efekt\u012bva hidraulisk\u0101 darb\u012bba:<\/strong> Cilindrs izmanto hidraulisk\u0101s e\u013c\u013cas spiedienu, lai nodro\u0161in\u0101tu vienm\u0113r\u012bgu un atsauc\u012bgu kust\u012bbu, radot iev\u0113rojamu stum\u0161anas un vilk\u0161anas sp\u0113ku, kas ir ide\u0101li piem\u0113rots smagu materi\u0101lu apstr\u0101dei un sare\u017e\u0123\u012btiem uzdevumiem.<\/li>\n<li><strong>Da\u017e\u0101di veidi:<\/strong> Pieejams vienk\u0101r\u0161\u0101s darb\u012bbas (hidrauliska darb\u012bba vien\u0101 virzien\u0101) vai divk\u0101r\u0161\u0101s darb\u012bbas (hidrauliska darb\u012bba abos virzienos) konfigur\u0101cij\u0101s, lai apmierin\u0101tu da\u017e\u0101das ekspluat\u0101cijas vajadz\u012bbas, da\u017eiem mode\u013ciem pied\u0101v\u0101jot teleskopiskas iesp\u0113jas liel\u0101kam pagarin\u0101jumam, nepalielinot \u0101r\u0113jos izm\u0113rus.<\/li>\n<li><strong>Piel\u0101gota ra\u017eo\u0161ana:<\/strong> M\u016bsu produkti var lieliski aizst\u0101t eso\u0161os hidrauliskos cilindrus, nodro\u0161inot sader\u012bbu un uzticam\u012bbu darb\u012bb\u0101.<\/li>\n<li><strong>Uzlabots dizains:<\/strong> M\u016bsu cilindri ir izstr\u0101d\u0101ti, koncentr\u0113joties uz efektivit\u0101ti un dro\u0161\u012bbu, un tajos ir iek\u013cautas jaun\u0101k\u0101s tehnolo\u0123ijas optim\u0101lai veiktsp\u0113jai.<\/li>\n<\/ul>\n<p><img decoding=\"async\" src=\"https:\/\/www.hydraulic-cylinders.net\/wp-content\/uploads\/2025\/04\/songte-cylinder-head-with-all-kinds-excavator-models.webp\" alt=\"Cilindra galva\" \/><\/p>\n<h2>Str\u0113les cilindra pielietojumi<\/h2>\n<h3>Celtniec\u012bbas apr\u012bkojums<\/h3>\n<p>Ekskavatoros str\u0113les cilindri ir \u013coti svar\u012bgi zemes vai gru\u017eu rak\u0161anai, iekrau\u0161anai un p\u0101rvieto\u0161anai. Tie \u013cauj operatoram regul\u0113t str\u0113les le\u0146\u0137i un augstumu, maksim\u0101li palielinot efektivit\u0101ti b\u016bvlaukumos. Ekskavatoros-iekr\u0101v\u0113jos \u0161ie cilindri atbalsta gan rak\u0161anas, gan cel\u0161anas funkcijas, uzlabojot ma\u0161\u012bnas daudzpus\u012bbu.<\/p>\n<h3>Lauksaimniec\u012bbas tehnika<\/h3>\n<p>Front\u0101lie iekr\u0101v\u0113ji izmanto str\u0113les cilindrus augsnes, siena un citu materi\u0101lu sav\u0101k\u0161anai, cel\u0161anai un transport\u0113\u0161anai. \u0160\u012b iesp\u0113ja ir b\u016btiska t\u0101diem uzdevumiem k\u0101 m\u0101jlopu baro\u0161ana vai kult\u016braugu p\u0101rvieto\u0161ana, kur efektivit\u0101te un \u0101trums tie\u0161i ietekm\u0113 produktivit\u0101ti.<\/p>\n<h3>Ekskavatori<\/h3>\n<p>Ekskavatoros str\u0113les cilindrs \u013cauj kausam iek\u013c\u016bt augsn\u0113, atvieglojot rak\u0161anas darbus. T\u0101 jaud\u012bgais hidrauliskais meh\u0101nisms nodro\u0161ina dzi\u013cu rak\u0161anu un prec\u012bzas kust\u012bbas, kas ir b\u016btiski b\u016bvniec\u012bbas un zemes p\u0101rvieto\u0161anas projektos.<\/p>\n<h3>Iekr\u0101v\u0113ji<\/h3>\n<p>Front\u0101lajos iekr\u0101v\u0113jos str\u0113les cilindriem ir b\u016btiska loma kravu efekt\u012bv\u0101 cel\u0161an\u0101 un izg\u0101\u0161an\u0101. Tie nodro\u0161ina nepiecie\u0161amo iztur\u012bbu, lai apstr\u0101d\u0101tu smagas kravas, garant\u0113jot vienm\u0113r\u012bgu darb\u012bbu materi\u0101lu p\u0101rvieto\u0161anas uzdevumu laik\u0101.<\/p>\n<h2>Dizaina apsv\u0113rumi un atlases krit\u0113riji<\/h2>\n<h3>Kravnes\u012bba<\/h3>\n<p>Str\u0113les cilindra kravnes\u012bba ir b\u016btisks projekt\u0113\u0161anas apsv\u0113rums. Tam j\u0101sp\u0113j iztur\u0113t str\u0113les un pace\u013camo materi\u0101lu svaru, neapdraudot dro\u0161\u012bbu vai veiktsp\u0113ju. Cilindra konstrukcij\u0101 j\u0101\u0146em v\u0113r\u0101 gan statisk\u0101s, gan dinamisk\u0101s slodzes, lai nodro\u0161in\u0101tu stabilit\u0101ti un funkcionalit\u0101ti darb\u012bbas laik\u0101.<\/p>\n<h3>Bl\u012bv\u0113\u0161ana<\/h3>\n<p>Efekt\u012bva bl\u012bv\u0113\u0161ana ir \u013coti svar\u012bga, lai nov\u0113rstu hidraulisk\u0101 \u0161\u0137idruma nopl\u016bdes un uztur\u0113tu spiedienu cilindr\u0101. Bl\u012bv\u0113\u0161anas materi\u0101lu, piem\u0113ram, poliuret\u0101na vai nitrila gumijas, izv\u0113le ietekm\u0113 cilindra kop\u0113jo efektivit\u0101ti un ilgm\u016b\u017e\u012bbu. Augstas kvalit\u0101tes bl\u012bv\u0113jumi uzlabo iztur\u012bbu un samazina apkopes nepiecie\u0161am\u012bbu, t\u0101d\u0113j\u0101di veicinot cilindra uzticam\u012bbu.<\/p>\n<h3>Iztur\u012bba<\/h3>\n<p>Iztur\u012bba ir galvenais faktors, izv\u0113loties str\u0113les cilindru. Tam j\u0101b\u016bt konstru\u0113tam t\u0101, lai tas iztur\u0113tu skarbus darba apst\u0101k\u013cus, tostarp putek\u013cu, net\u012brumu un ekstrem\u0101lu temperat\u016bru iedarb\u012bbu. Izmantotajiem materi\u0101liem un ra\u017eo\u0161anas procesiem ir b\u016btiska loma cilindra kalpo\u0161anas laika un veiktsp\u0113jas noteik\u0161an\u0101 slodzes apst\u0101k\u013cos.<\/p>\n<h3>Dro\u0161\u012bba<\/h3>\n<p>Str\u0113les cilindra konstrukcij\u0101 j\u0101b\u016bt integr\u0113t\u0101m dro\u0161\u012bbas funkcij\u0101m, lai nov\u0113rstu nejau\u0161as k\u013c\u016bmes darb\u012bbas laik\u0101. Tas ietver t\u0101das funkcijas k\u0101 spiediena samazin\u0101\u0161anas v\u0101rstus, lai mazin\u0101tu p\u0101rspiedienu, nodro\u0161inot gan operatoru, gan apr\u012bkojuma dro\u0161\u012bbu. Regul\u0101r\u0101m dro\u0161\u012bbas p\u0101rbaud\u0113m j\u0101b\u016bt ar\u012b apkopes protokolu sast\u0101vda\u013cai.<\/p>\n<h3>Apkope<\/h3>\n<p>Apkopes apsv\u0113rumiem j\u0101ietekm\u0113 str\u0113les cilindra projekt\u0113\u0161ana un izv\u0113le. Vienk\u0101r\u0161a piek\u013cuve deta\u013c\u0101m p\u0101rbaudei, e\u013c\u013co\u0161anai un nomai\u0146ai var iev\u0113rojami samazin\u0101t d\u012bkst\u0101ves laiku un nodro\u0161in\u0101t cilindra efekt\u012bvu darb\u012bbu vis\u0101 t\u0101 kalpo\u0161anas laik\u0101. Projekt\u0113\u0161anas izv\u0113l\u0113m j\u0101b\u016bt t\u0101d\u0101m, lai t\u0101s nodro\u0161in\u0101tu regul\u0101ras apkopes p\u0101rbaudes bez pla\u0161as demont\u0101\u017eas.<\/p>\n<p><img decoding=\"async\" src=\"https:\/\/www.hydraulic-cylinders.net\/wp-content\/uploads\/2025\/04\/songte-oil-pipes-and-spare-parts.webp\" alt=\"E\u013c\u013cas caurules un rezerves da\u013cas\" \/><\/p>\n<h2>Bl\u012bv\u0113\u0161ana un e\u013c\u013co\u0161ana<\/h2>\n<p>Efekt\u012bva bl\u012bv\u0113\u0161ana un e\u013c\u013co\u0161ana ir kritiski svar\u012bga str\u0113les cilindra darb\u012bbai. Da\u017e\u0101d\u0101m bl\u012bv\u0113\u0161anas sast\u0101vda\u013c\u0101m, piem\u0113ram, virzu\u013ca bl\u012bv\u0113m un stie\u0146a bl\u012bv\u0113m, j\u0101b\u016bt izgatavot\u0101m no iztur\u012bgiem materi\u0101liem, kas ir iztur\u012bgi pret nodilumu. Cilindra korpusa un v\u012bt\u0146oto galu virsmas tiek prec\u012bzi apstr\u0101d\u0101tas, lai uzlabotu nodilumiztur\u012bbu. Regul\u0101ra e\u013c\u013co\u0161ana ar hidraulisko e\u013c\u013cu ir b\u016btiska, lai samazin\u0101tu berzi un nodilumu, nodro\u0161inot vienm\u0113r\u012bgu darb\u012bbu.<\/p>\n<h2>Regul\u0101ra p\u0101rbaude un profilaktisk\u0101 apkope<\/h2>\n<ul>\n<li><strong>Regul\u0101ras p\u0101rbaudes:<\/strong> Regul\u0101ru p\u0101rbau\u017eu veik\u0161ana, lai laikus noteiktu nodilumu, var nov\u0113rst nopietnus boj\u0101jumus. Mekl\u0113jiet nopl\u016bdes paz\u012bmes, neparastas ska\u0146as vai l\u0113nu darb\u012bbu.<\/li>\n<li><strong>E\u013c\u013co\u0161ana:<\/strong> P\u0101rliecinieties, vai bl\u012bves un kust\u012bg\u0101s da\u013cas ir pien\u0101c\u012bgi iee\u013c\u013cotas, lai samazin\u0101tu berzi un paildzin\u0101tu str\u0113les cilindra kalpo\u0161anas laiku. Izveidojiet e\u013c\u013co\u0161anas grafiku, pamatojoties uz lieto\u0161anas bie\u017eumu.<\/li>\n<li><strong>Bl\u012bv\u0113juma nomai\u0146a:<\/strong> Regul\u0101ri p\u0101rbaudiet bl\u012bves, vai t\u0101s nav boj\u0101tas vai nodilu\u0161as. To nomai\u0146a p\u0113c nepiecie\u0161am\u012bbas nov\u0113r\u0161 nopl\u016bdes un uztur optim\u0101lu cilindra darb\u012bbu.<\/li>\n<\/ul>\n<h2>Uzst\u0101d\u012b\u0161anas vadl\u012bnijas<\/h2>\n<p>Pareiza uzst\u0101d\u012b\u0161ana ir b\u016btiska str\u0113les cilindra efekt\u012bvai darb\u012bbai. Vispirms p\u0101rliecinieties, vai visas sast\u0101vda\u013cas ir t\u012bras un bez gru\u017eiem. Prec\u012bzi izl\u012bdziniet cilindru ar stiprin\u0101juma punktiem. Izmantojiet atbilsto\u0161us stiprin\u0101juma kron\u0161teinus, lai nostiprin\u0101tu cilindru, nov\u0113r\u0161ot kust\u012bbu darb\u012bbas laik\u0101. P\u0101rliecinieties, vai hidraulisk\u0101s l\u012bnijas ir pareizi pievienotas un nav samezgloju\u0161\u0101s vai aizsprostoju\u0161\u0101s. P\u0113c uzst\u0101d\u012b\u0161anas p\u0101rbaudiet, vai nav nopl\u016b\u017eu, un p\u0101rbaudiet cilindru zem slodzes, lai apstiprin\u0101tu pareizu darb\u012bbu.<\/p>\n<h2>Bie\u017ei sastopamie apkopes uzdevumi<\/h2>\n<ul>\n<li><strong>Regul\u0101ras p\u0101rbaudes:<\/strong> Regul\u0101ras p\u0101rbaudes pal\u012bdz identific\u0113t potenci\u0101l\u0101s probl\u0113mas, pirms t\u0101s saasin\u0101s. P\u0101rbaudiet, vai nav nopl\u016b\u017eu, bl\u012bv\u0113jumu nodiluma un cilindra visp\u0101r\u0113jo st\u0101vokli.<\/li>\n<li><strong>Piem\u0113rota e\u013c\u013co\u0161ana:<\/strong> Regul\u0101ri iee\u013c\u013cojiet nepiecie\u0161am\u0101s deta\u013cas, lai samazin\u0101tu berzi un nodilumu, t\u0101d\u0113j\u0101di pagarinot str\u0113les cilindra kalpo\u0161anas laiku.<\/li>\n<li><strong>Bl\u012bv\u0113juma nomai\u0146a:<\/strong> Sekojiet l\u012bdzi bl\u012bv\u0113m, nomainot t\u0101s p\u0113c nepiecie\u0161am\u012bbas, lai uztur\u0113tu hidraulisko spiedienu un nov\u0113rstu nopl\u016bdes.<\/li>\n<\/ul>\n<h2>Dro\u0161\u012bbas apsv\u0113rumi un vides faktori<\/h2>\n<p>Dro\u0161\u012bbas pas\u0101kumu ievie\u0161ana str\u0113les cilindru darb\u012bbas laik\u0101 ir \u0101rk\u0101rt\u012bgi svar\u012bga. Operatoriem j\u0101sa\u0146em apm\u0101c\u012bba, lai izprastu riskus un lab\u0101ko praksi hidraulisko iek\u0101rtu lieto\u0161an\u0101. Izmantojiet atbilsto\u0161us individu\u0101los aizsardz\u012bbas l\u012bdzek\u013cus (IAL) un uzturiet t\u012bru darba vidi, lai l\u012bdz minimumam samazin\u0101tu apdraud\u0113jumu.<\/p>\n<h2>K\u013c\u016bmju diagnostika un bie\u017e\u0101k sastopam\u0101s probl\u0113mas<\/h2>\n<ul>\n<li><strong>Nopl\u016bde:<\/strong> Nopl\u016bde var rasties boj\u0101tu bl\u012bv\u0113jumu vai savienojumu d\u0113\u013c. Regul\u0101ri p\u0101rbaudiet bl\u012bv\u0113jumus un nomainiet tos, ja paman\u0101t jebk\u0101das nodiluma paz\u012bmes.<\/li>\n<li><strong>L\u0113na darb\u012bba:<\/strong> Ja cilindrs darbojas l\u0113ni, p\u0101rbaudiet hidraulisk\u0101 \u0161\u0137idruma l\u012bmeni un p\u0101rliecinieties, ka \u0161\u013c\u016bten\u0113s nav aizsprostojumu.<\/li>\n<li><strong>Neparastas ska\u0146as:<\/strong> D\u012bvainas ska\u0146as var liecin\u0101t par iek\u0161\u0113ju nodilumu vai gaisu hidrauliskaj\u0101 sist\u0113m\u0101. Atgaisojiet sist\u0113mu un p\u0101rbaudiet, vai nav boj\u0101jumu.<\/li>\n<\/ul>\n<h2>Probl\u0113mu nov\u0113r\u0161anas padomi<\/h2>\n<p>Lai efekt\u012bvi diagnostic\u0113tu un nov\u0113rstu probl\u0113mas ar str\u0113les cilindru, s\u0101ciet ar r\u016bp\u012bgu p\u0101rbaudi. Mekl\u0113jiet nodiluma, boj\u0101jumu vai nopl\u016b\u017eu paz\u012bmes un nekav\u0113joties nov\u0113rsiet t\u0101s. Veiciet regul\u0101ru apkopi, lai nov\u0113rstu probl\u0113mu ra\u0161anos, tostarp regul\u0101ru e\u013c\u013co\u0161anu un bl\u012bv\u0113jumu p\u0101rbaudi. Apkopes darb\u012bbu \u017eurn\u0101la uztur\u0113\u0161ana var pal\u012bdz\u0113t noteikt mode\u013cus un iesp\u0113jam\u0101s probl\u0113mas, pirms t\u0101s k\u013c\u016bst nopietnas.<\/p>\n<p><img decoding=\"async\" src=\"https:\/\/www.hydraulic-cylinders.net\/wp-content\/uploads\/2025\/04\/songte-bushings-with-all-kinds-of-excavator-models.webp\" alt=\"Bukses\" \/><\/p>\n<h2>Par m\u016bsu uz\u0146\u0113mumu<\/h2>\n<p>M\u0113s esam vado\u0161ais hidraulisko cilindru un komponentu ra\u017eot\u0101js, kas pied\u0101v\u0101 pla\u0161u produktu kl\u0101stu, kas paredz\u0113ts da\u017e\u0101diem pielietojumiem. M\u016bsu ap\u0146em\u0161an\u0101s nodro\u0161in\u0101t kvalit\u0101ti ir pozicion\u0113jusi m\u016bs k\u0101 iev\u0113rojamu pieg\u0101d\u0101t\u0101ju gan viet\u0113j\u0101, gan starptautiskaj\u0101 tirg\u016b. M\u0113s priorit\u0101ri izvirz\u0101m izcil\u012bbu m\u016bsu ra\u017eo\u0161anas procesos, izmantojot progres\u012bvas tehnolo\u0123ijas un prasm\u012bgu person\u0101lu, lai rad\u012btu uzticamus un efekt\u012bvus hidrauliskos risin\u0101jumus.<\/p>\n<p><img decoding=\"async\" src=\"https:\/\/www.hydraulic-cylinders.net\/wp-content\/uploads\/2025\/04\/songte-company-4.webp\" alt=\"Uz\u0146\u0113muma p\u0101rskats\" \/><br \/>\n<img decoding=\"async\" src=\"https:\/\/www.hydraulic-cylinders.net\/wp-content\/uploads\/2025\/04\/songte-company-3.webp\" alt=\"Ra\u017eo\u0161anas iek\u0101rta\" \/><\/p>\n<p>M\u016bsu specializ\u0101cija hidrauliskajos cilindros, starptautisk\u0101s sertifik\u0101cijas un piel\u0101goto pakalpojumu iesp\u0113jas m\u016bs at\u0161\u0137ir nozar\u0113. M\u0113s izmantojam modern\u0101k\u0101s ra\u017eo\u0161anas iek\u0101rtas un veicam kvalit\u0101tes kontroles pas\u0101kumus, lai nodro\u0161in\u0101tu, ka m\u016bsu produkti atbilst augst\u0101kajiem standartiem. M\u016bsu p\u0113cp\u0101rdo\u0161anas atbalsts ir priek\u0161z\u012bm\u012bgs, nodro\u0161inot klientu apmierin\u0101t\u012bbu un ilgtermi\u0146a partnerattiec\u012bbas.<\/p>\n<p>Autors: lil<\/p>","protected":false},"excerpt":{"rendered":"<p>Boom Cylinder For Yigong CY85-8 Understanding the Boom Cylinder The Boom Cylinder, specifically designed for the Yigong CY85-8, is a crucial component of hydraulic systems used in heavy machinery. It is primarily responsible for controlling the movement of the boom, allowing operators to lift, lower, and tilt the boom effectively. This functionality is vital for [&hellip;]<\/p>","protected":false},"featured_media":17874,"comment_status":"open","ping_status":"closed","template":"","meta":{"_et_pb_use_builder":"","_et_pb_old_content":"","_et_gb_content_width":""},"product_brand":[],"product_cat":[1546],"product_tag":[1547,1496],"class_list":{"0":"post-19716","1":"product","2":"type-product","3":"status-publish","4":"has-post-thumbnail","6":"product_cat-boom-cylinders","7":"product_tag-boom-cylinders","8":"product_tag-hydraulic-cylinders","10":"first","11":"instock","12":"shipping-taxable","13":"product-type-simple"},"amp_enabled":true,"_links":{"self":[{"href":"https:\/\/www.hydraulic-cylinders.net\/lv\/wp-json\/wp\/v2\/product\/19716","targetHints":{"allow":["GET"]}}],"collection":[{"href":"https:\/\/www.hydraulic-cylinders.net\/lv\/wp-json\/wp\/v2\/product"}],"about":[{"href":"https:\/\/www.hydraulic-cylinders.net\/lv\/wp-json\/wp\/v2\/types\/product"}],"replies":[{"embeddable":true,"href":"https:\/\/www.hydraulic-cylinders.net\/lv\/wp-json\/wp\/v2\/comments?post=19716"}],"wp:featuredmedia":[{"embeddable":true,"href":"https:\/\/www.hydraulic-cylinders.net\/lv\/wp-json\/wp\/v2\/media\/17874"}],"wp:attachment":[{"href":"https:\/\/www.hydraulic-cylinders.net\/lv\/wp-json\/wp\/v2\/media?parent=19716"}],"wp:term":[{"taxonomy":"product_brand","embeddable":true,"href":"https:\/\/www.hydraulic-cylinders.net\/lv\/wp-json\/wp\/v2\/product_brand?post=19716"},{"taxonomy":"product_cat","embeddable":true,"href":"https:\/\/www.hydraulic-cylinders.net\/lv\/wp-json\/wp\/v2\/product_cat?post=19716"},{"taxonomy":"product_tag","embeddable":true,"href":"https:\/\/www.hydraulic-cylinders.net\/lv\/wp-json\/wp\/v2\/product_tag?post=19716"}],"curies":[{"name":"wp","href":"https:\/\/api.w.org\/{rel}","templated":true}]}}