{"id":19717,"date":"2025-04-07T07:03:33","date_gmt":"2025-04-07T07:03:33","guid":{"rendered":"https:\/\/www.hydraulic-cylinders.net\/product\/boom-cylinder-for-yigong-cy8150\/"},"modified":"2025-04-07T07:03:35","modified_gmt":"2025-04-07T07:03:35","slug":"boom-cylinder-for-yigong-cy8150","status":"publish","type":"product","link":"https:\/\/www.hydraulic-cylinders.net\/lv\/products\/boom-cylinder-for-yigong-cy8150\/","title":{"rendered":"Str\u0113les cilindrs Yigong CY8150"},"content":{"rendered":"<h1>Str\u0113les cilindrs Yigong CY8150<\/h1>\n<h2>Ievads str\u0113les cilindr\u0101<\/h2>\n<p>Str\u0113les cilindrs ir b\u016btiska hidraulisko sist\u0113mu sast\u0101vda\u013ca, kas \u012bpa\u0161i paredz\u0113ta, lai kontrol\u0113tu kausu kust\u012bbu da\u017e\u0101d\u0101s smagaj\u0101s ma\u0161\u012bn\u0101s, piem\u0113ram, ekskavatoros, ekskavatoros-iekr\u0101v\u0113jos un front\u0101lajos iekr\u0101v\u0113jos. \u0160is hidrauliskais cilindrs \u013cauj kausam pacelties, nolaisties un noliekties, atvieglojot efekt\u012bvus materi\u0101lu apstr\u0101des uzdevumus. Tam ir b\u016btiska loma, lai nodro\u0161in\u0101tu, ka iek\u0101rta darbojas vienm\u0113r\u012bgi un efekt\u012bvi, uzlabojot produktivit\u0101ti b\u016bvlaukumos un cit\u0101s r\u016bpniecisk\u0101s lietojumprogramm\u0101s.<\/p>\n<p><img decoding=\"async\" src=\"https:\/\/www.hydraulic-cylinders.net\/wp-content\/uploads\/2025\/04\/songte-company-1.webp\" alt=\"Str\u0113les cilindrs\" \/><\/p>\n<h3>Defin\u012bcija un p\u0101rskats<\/h3>\n<p>Str\u0113les cilindrs, kas paz\u012bstams ar\u012b k\u0101 kausa cilindrs, ir hidraulisk\u0101 cilindra veids, kas \u012bpa\u0161i paredz\u0113ts kausa kust\u012bbas vad\u012bbai uz smag\u0101s tehnikas. Tas ir konstru\u0113ts, lai p\u0101rvald\u012btu milz\u012bgo spiedienu, kas rodas darb\u012bbas laik\u0101, \u013caujot veikt prec\u012bzas kust\u012bbas, kas nepiecie\u0161amas pacel\u0161anai un noliek\u0161anai. Str\u0113les cilindra konstrukcija un funkcionalit\u0101te ir \u0101rk\u0101rt\u012bgi svar\u012bga, jo tie tie\u0161i ietekm\u0113 sare\u017e\u0123\u012btos apst\u0101k\u013cos izmantojamo ma\u0161\u012bnu efektivit\u0101ti un lietder\u012bbu.<\/p>\n<h2>Yigong CY8150 str\u0113les cilindra \u012bpa\u0161\u012bbas<\/h2>\n<ul>\n<li><strong>Augsta iztur\u012bba un ilgm\u016b\u017e\u012bba:<\/strong> Izgatavots no augstas stipr\u012bbas t\u0113rauda vai alum\u012bnija, str\u0113les cilindrs var iztur\u0113t augstu spiedienu un lielas slodzes, padarot to piem\u0113rotu skarbiem darba apst\u0101k\u013ciem. Tas ir izstr\u0101d\u0101ts, \u0146emot v\u0113r\u0101 nodilumiztur\u012bbu un korozijas iztur\u012bbu, pagarinot t\u0101 kalpo\u0161anas laiku.<\/li>\n<li><strong>Efekt\u012bva hidraulisk\u0101 darb\u012bba:<\/strong> Izmantojot hidraulisk\u0101s e\u013c\u013cas spiedienu, cilindrs nodro\u0161ina vienm\u0113r\u012bgu un atsauc\u012bgu izstiep\u0161anu un ievilk\u0161anu, radot sp\u0113c\u012bgus stum\u0161anas un vilk\u0161anas sp\u0113kus, kas ir ide\u0101li piem\u0113roti smagu priek\u0161metu apstr\u0101dei un sare\u017e\u0123\u012btu uzdevumu veik\u0161anai.<\/li>\n<li><strong>Da\u017e\u0101di veidi:<\/strong> Str\u0113les cilindrs, kas ir pieejams vienvirziena (darbojas vien\u0101 virzien\u0101) vai divk\u0101r\u0161as darb\u012bbas (darbojas divos virzienos) konfigur\u0101cij\u0101s, var tikt piel\u0101gots konkr\u0113t\u0101m ekspluat\u0101cijas vajadz\u012bb\u0101m. Da\u017ei mode\u013ci ir teleskopiski, kas \u013cauj veikt liel\u0101ku pagarin\u0101jumu, nepalielinot \u0101r\u0113jos izm\u0113rus, kas ir ide\u0101li piem\u0113rots darbam ar ierobe\u017eotu vietu.<\/li>\n<li><strong>Sader\u012bba:<\/strong> M\u016bsu str\u0113les ir konstru\u0113tas t\u0101, lai perfekti aizst\u0101tu eso\u0161os hidrauliskos cilindrus, nodro\u0161inot neman\u0101mu integr\u0101ciju jebkur\u0101 hidrauliskaj\u0101 sist\u0113m\u0101.<\/li>\n<li><strong>Prec\u012bzijas in\u017eenierija:<\/strong> Katrs cilindrs ir izgatavots, izmantojot progres\u012bvas ra\u017eo\u0161anas metodes, kas nodro\u0161ina augstu veiktsp\u0113ju un uzticam\u012bbu vissare\u017e\u0123\u012bt\u0101kajos apst\u0101k\u013cos.<\/li>\n<\/ul>\n<p><img decoding=\"async\" src=\"https:\/\/www.hydraulic-cylinders.net\/wp-content\/uploads\/2025\/04\/songte-cylinder-head-with-all-kinds-excavator-models.webp\" alt=\"Sader\u012bgi mode\u013ci\" \/><\/p>\n<h2>Str\u0113les cilindra pielietojums<\/h2>\n<h3>Celtniec\u012bbas apr\u012bkojums<\/h3>\n<p>Ekskavatoros str\u0113les cilindri ir b\u016btiski rak\u0161anai, iekrau\u0161anai un augsnes vai gru\u017eu p\u0101rvieto\u0161anai. To konstrukcija nodro\u0161ina iev\u0113rojamu celtsp\u0113ju, \u013caujot operatoriem efekt\u012bvi p\u0101rvald\u012bt smagas kravas un prec\u012bzi veikt uzdevumus. Ekskavatoros-iekr\u0101v\u0113jos kausa cilindri pal\u012bdz gan rak\u0161anas, gan cel\u0161anas oper\u0101cij\u0101s, uzlabojot ma\u0161\u012bnas daudzpus\u012bbu un produktivit\u0101ti.<\/p>\n<h3>Lauksaimniec\u012bbas tehnika<\/h3>\n<p>Front\u0101lajos iekr\u0101v\u0113jos str\u0113les cilindriem ir b\u016btiska loma augsnes, siena un citu materi\u0101lu sav\u0101k\u0161an\u0101, cel\u0161an\u0101 un transport\u0113\u0161an\u0101. Kausa noliek\u0161anas un pacel\u0161anas iesp\u0113ja atvieglo iekrau\u0161anu un izkrau\u0161anu, padarot \u0161os uzdevumus efekt\u012bv\u0101kus un maz\u0101k fiziski pras\u012bgus operatoriem.<\/p>\n<h3>Ekskavatori<\/h3>\n<p>Ekskavatoriem str\u0113les cilindrs \u013cauj kausam iek\u013c\u016bt augsn\u0113, atvieglojot efekt\u012bvas rak\u0161anas darb\u012bbas. Hidraulisk\u0101 vad\u012bba nodro\u0161ina, ka kausu var prec\u012bzi novietot, dodot operatoram iesp\u0113ju veikt sare\u017e\u0123\u012btus uzdevumus da\u017e\u0101dos augsnes apst\u0101k\u013cos.<\/p>\n<h3>Iekr\u0101v\u0113ji<\/h3>\n<p>Front\u0101lajos iekr\u0101v\u0113jos str\u0113les cilindri iev\u0113rojami veicina efekt\u012bvu kravu cel\u0161anu un izg\u0101\u0161anu. Tie nodro\u0161ina nepiecie\u0161amo iztur\u012bbu un stabilit\u0101ti smagu materi\u0101lu p\u0101rvieto\u0161anai, garant\u0113jot, ka darb\u012bbas tiek veiktas \u0101tri un dro\u0161i.<\/p>\n<h2>Dizaina apsv\u0113rumi un atlases krit\u0113riji<\/h2>\n<h3>Kravnes\u012bba<\/h3>\n<p>Izv\u0113loties str\u0113les cilindru, galvenais faktors, kas j\u0101\u0146em v\u0113r\u0101, ir kravnes\u012bba. Cilindram j\u0101sp\u0113j iztur\u0113t maksim\u0101lo slodzi, ar kuru tas saskarsies, neapdraudot dro\u0161\u012bbu vai veiktsp\u0113ju. Tas prasa r\u016bp\u012bgu izpratni par ma\u0161\u012bnas pras\u012bb\u0101m un darba vidi.<\/p>\n<h3>Bl\u012bv\u0113juma integrit\u0101te<\/h3>\n<p>Bl\u012bv\u0113jums ir \u013coti svar\u012bgs hidraulisko cilindru efekt\u012bvai darb\u012bbai. Augstas kvalit\u0101tes bl\u012bv\u0113jumi nov\u0113r\u0161 hidraulisk\u0101 \u0161\u0137idruma nopl\u016bdes, kas var samazin\u0101t veiktsp\u0113ju un rad\u012bt hidraulisk\u0101s sist\u0113mas boj\u0101jumus. Bl\u012bv\u0113\u0161anas materi\u0101lu, piem\u0113ram, poliuret\u0101na un nitrila gumijas, izv\u0113le ietekm\u0113 cilindra ilgm\u016b\u017e\u012bbu un uzticam\u012bbu.<\/p>\n<h3>Iztur\u012bba<\/h3>\n<p>Iztur\u012bba ir b\u016btiska str\u0113les cilindriem, kas darbojas skarbos apst\u0101k\u013cos. Izmantotajiem materi\u0101liem j\u0101b\u016bt iztur\u012bgiem pret nodilumu un koroziju, lai nodro\u0161in\u0101tu ilgu kalpo\u0161anas laiku. Ir svar\u012bgi izv\u0113l\u0113ties cilindrus, kas ir izgatavoti, lai iztur\u0113tu ekstrem\u0101lus apst\u0101k\u013cus, tostarp temperat\u016bras sv\u0101rst\u012bbas un pies\u0101r\u0146ojuma iedarb\u012bbu.<\/p>\n<h3>Dro\u0161\u012bbas funkcijas<\/h3>\n<p>Dro\u0161\u012bba hidrauliskaj\u0101s sist\u0113m\u0101s ir \u0101rk\u0101rt\u012bgi svar\u012bga. Str\u0113les cilindriem j\u0101b\u016bt konstru\u0113tiem ar dro\u0161\u012bbas funkcij\u0101m, kas aizsarg\u0101 gan tehniku, gan operatoru. Tas ietver spiediena samazin\u0101\u0161anas v\u0101rstus un iztur\u012bgu konstrukciju, kas sp\u0113j iztur\u0113t negaid\u012btas slodzes darb\u012bbas laik\u0101.<\/p>\n<h3>Apkope un remont\u0113jam\u012bba<\/h3>\n<p>V\u0113l viens svar\u012bgs konstrukcijas apsv\u0113rums ir viegla apkope. Str\u0113les cilindriem j\u0101b\u016bt viegli p\u0101rbaud\u0101miem, e\u013c\u013cojamiem un nomain\u0101miem. Konstrukcija, kas atvieglo \u0101tru remontu, uzlabo ma\u0161\u012bnas kop\u0113jo darbsp\u0113jas laiku un efektivit\u0101ti, atvieglojot operatoriem apr\u012bkojuma apkopi.<\/p>\n<p><img decoding=\"async\" src=\"https:\/\/www.hydraulic-cylinders.net\/wp-content\/uploads\/2025\/04\/songte-oil-pipes-and-spare-parts.webp\" alt=\"Hidraulisk\u0101s da\u013cas\" \/><\/p>\n<h2>Bl\u012bv\u0113\u0161ana un e\u013c\u013co\u0161ana<\/h2>\n<p>Efekt\u012bva bl\u012bv\u0113\u0161ana un e\u013c\u013co\u0161ana ir b\u016btiska, lai nodro\u0161in\u0101tu hidraulisk\u0101 cilindra vienm\u0113r\u012bgu un efekt\u012bvu darb\u012bbu. Da\u017e\u0101di bl\u012bv\u0113jumi, piem\u0113ram, virzu\u013ca bl\u012bv\u0113jumi un stie\u0146a bl\u012bv\u0113jumi, ir svar\u012bgi, lai nov\u0113rstu \u0161\u0137idruma nopl\u016bdes un uztur\u0113tu spiedienu. Bl\u012bv\u0113jumi, kas izgatavoti no iztur\u012bgiem materi\u0101liem, piem\u0113ram, poliuret\u0101na un nitrila gumijas, ir priek\u0161roka dodama to iztur\u012bbai pret nodilumu un vides faktoriem. Turkl\u0101t cilindra korpuss un v\u012bt\u0146ot\u0101s gala virsmas ir r\u016bp\u012bgi j\u0101apstr\u0101d\u0101, lai uzlabotu to nodilumiztur\u012bbu.<\/p>\n<p>Regul\u0101ra e\u013c\u013co\u0161ana ir ar\u012b \u013coti svar\u012bga; operatoriem j\u0101nodro\u0161ina pietiekams hidraulisk\u0101s e\u013c\u013cas daudzums, lai veicin\u0101tu vienm\u0113r\u012bgu kust\u012bbu un samazin\u0101tu berzi. Pareiza e\u013c\u013co\u0161ana ne tikai pagarina bl\u012bv\u0113jumu kalpo\u0161anas laiku, bet ar\u012b uzlabo hidraulisk\u0101s sist\u0113mas kop\u0113jo efektivit\u0101ti.<\/p>\n<h2>Prevent\u012bvie apkopes pas\u0101kumi<\/h2>\n<ul>\n<li><strong>Regul\u0101ras p\u0101rbaudes:<\/strong> Ir svar\u012bgi veikt regul\u0101ras str\u0113les cilindra p\u0101rbaudes, lai noteiktu nodiluma, nopl\u016bdes vai boj\u0101jumu paz\u012bmes. Regul\u0101ras p\u0101rbaudes pal\u012bdz laikus identific\u0113t probl\u0113mas, nov\u0113r\u0161ot nopietn\u0101kas probl\u0113mas v\u0113l\u0101k.<\/li>\n<li><strong>E\u013c\u013co\u0161anas grafiks:<\/strong> E\u013c\u013co\u0161anas grafika izveide nodro\u0161ina, ka hidrauliskais cilindrs ir pien\u0101c\u012bgi iee\u013c\u013cots, t\u0101d\u0113j\u0101di samazinot nodilumu. Operatori ir j\u0101apm\u0101ca regul\u0101ri pievienot pareiza veida un daudzuma hidraulisko e\u013c\u013cu.<\/li>\n<li><strong>Bl\u012bv\u0113juma nomai\u0146a:<\/strong> Bl\u012bves regul\u0101ri j\u0101p\u0101rbauda un p\u0113c nepiecie\u0161am\u012bbas j\u0101nomaina, lai nov\u0113rstu nopl\u016bdes un uztur\u0113tu hidraulisko spiedienu. Operatoriem j\u0101apzin\u0101s paz\u012bmes, kas liecina par bl\u012bvju nodilumu, piem\u0113ram, \u0161\u0137idruma nopl\u016bde vai samazin\u0101ta veiktsp\u0113ja.<\/li>\n<\/ul>\n<h2>Uzst\u0101d\u012b\u0161anas vadl\u012bnijas<\/h2>\n<p>Pareiza str\u0113les cilindra uzst\u0101d\u012b\u0161ana ir \u013coti svar\u012bga optim\u0101lai veiktsp\u0113jai. Pirms uzst\u0101d\u012b\u0161anas p\u0101rliecinieties, vai visas sast\u0101vda\u013cas ir t\u012bras un bez gru\u017eiem. Cilindram j\u0101b\u016bt pareizi izl\u012bdzin\u0101tam ar ma\u0161\u012bnas stiprin\u0101juma punktiem, lai izvair\u012btos no p\u0101rm\u0113r\u012bga spiediena uz cilindru un saist\u012btaj\u0101m deta\u013c\u0101m.<\/p>\n<p>Ieteicams izmantot atbilsto\u0161us mont\u0101\u017eas kron\u0161teinus, lai stingri nostiprin\u0101tu cilindru. Tas nov\u0113r\u0161 kust\u012bbu darb\u012bbas laik\u0101, kas var izrais\u012bt boj\u0101jumus vai atteici. P\u0113c uzst\u0101d\u012b\u0161anas pirms darba uzs\u0101k\u0161anas divreiz p\u0101rbaudiet visus savienojumus, vai tie nav cie\u0161i piegu\u013co\u0161i un nav nopl\u016b\u017eu. \u0160o vadl\u012bniju iev\u0113ro\u0161ana veicin\u0101s j\u016bsu hidraulisk\u0101s sist\u0113mas ilgm\u016b\u017e\u012bbu un uzticam\u012bbu.<\/p>\n<h2>Apkopes uzdevumi<\/h2>\n<ul>\n<li><strong>Regul\u0101ras p\u0101rbaudes:<\/strong> Regul\u0101ri p\u0101rbaudiet, vai nav nopl\u016b\u017eu, nodiluma un visp\u0101r\u0113j\u0101 st\u0101vok\u013ca. Probl\u0113mu agr\u012bna atkl\u0101\u0161ana var nov\u0113rst d\u0101rgus remontdarbus un d\u012bkst\u0101ves.<\/li>\n<li><strong>Pareiza e\u013c\u013co\u0161ana:<\/strong> P\u0101rliecinieties, vai hidrauliskais cilindrs ir iee\u013c\u013cots saska\u0146\u0101 ar ra\u017eot\u0101ja ieteikumiem. Atbilsto\u0161a e\u013c\u013co\u0161ana nov\u0113r\u0161 p\u0101rm\u0113r\u012bgu nodilumu un uztur veiktsp\u0113ju.<\/li>\n<li><strong>Bl\u012bv\u0113juma nomai\u0146as un kalibr\u0113\u0161anas p\u0101rbaudes:<\/strong> Regul\u0101ri p\u0101rbaudiet un nomainiet bl\u012bves, lai uztur\u0113tu hidraulisko integrit\u0101ti. Kalibr\u0113\u0161anas p\u0101rbaudes nodro\u0161ina, ka cilindrs darbojas paredz\u0113tajos parametros, uzlabojot dro\u0161\u012bbu un efektivit\u0101ti.<\/li>\n<\/ul>\n<h2>Dro\u0161\u012bbas apsv\u0113rumi un vides faktori<\/h2>\n<p>Izmantojot hidrauliskos cilindrus, dro\u0161\u012bbas pas\u0101kumi ir \u013coti svar\u012bgi, lai nov\u0113rstu negad\u012bjumus un traumas. Operatori ir j\u0101apm\u0101ca par pareizu ma\u0161\u012bnu lieto\u0161anu un dro\u0161\u012bbas protokolu iev\u0113ro\u0161anas noz\u012bmi. Regul\u0101ras dro\u0161\u012bbas p\u0101rbaudes var identific\u0113t iesp\u0113jamos apdraud\u0113jumus, \u013caujot veikt kori\u0123\u0113jo\u0161as darb\u012bbas.<\/p>\n<p>Ar\u012b vides faktoriem ir b\u016btiska loma hidraulisko cilindru ilgm\u016b\u017e\u012bb\u0101 un darb\u012bb\u0101. Pak\u013cau\u0161ana ekstrem\u0101l\u0101m temperat\u016br\u0101m, mitrumam un pies\u0101r\u0146ot\u0101jiem var ietekm\u0113t bl\u012bv\u0113jumu integrit\u0101ti un cilindra visp\u0101r\u0113jo funkcionalit\u0101ti. Ir svar\u012bgi ieviest pas\u0101kumus, lai aizsarg\u0101tu hidraulisk\u0101s sist\u0113mas no skarbajiem vides apst\u0101k\u013ciem.<\/p>\n<h2>K\u013c\u016bmju diagnostika un bie\u017e\u0101k sastopam\u0101s probl\u0113mas<\/h2>\n<ul>\n<li><strong>Nopl\u016bde:<\/strong> Ja no cilindra nopl\u016bst \u0161\u0137idrums, tas var liecin\u0101t par nodilu\u0161iem bl\u012bvsl\u0113giem. P\u0101rbaudiet, vai nav redzamu boj\u0101jumu, un nepiecie\u0161am\u012bbas gad\u012bjum\u0101 nomainiet bl\u012bvsl\u0113gus.<\/li>\n<li><strong>Samazin\u0101ta veiktsp\u0113ja:<\/strong> Ja cilindrs neizvelkas vai neievelkas vienm\u0113r\u012bgi, tas var\u0113tu b\u016bt nepietiekamas e\u013c\u013co\u0161anas vai iek\u0161\u0113ju boj\u0101jumu d\u0113\u013c. P\u0101rbaudiet un iee\u013c\u013cojiet, ja nepiecie\u0161ams.<\/li>\n<li><strong>Nevienm\u0113r\u012bga kust\u012bba:<\/strong> Ja kauss vai stiprin\u0101jums kustas nevienm\u0113r\u012bgi, tas var liecin\u0101t par izl\u012bdzin\u0101\u0161anas probl\u0113m\u0101m vai hidraulisk\u0101 spiediena nel\u012bdzsvarot\u012bbu. P\u0101rliecinieties, vai cilindrs ir pareizi izl\u012bdzin\u0101ts, un p\u0101rbaudiet hidraulisk\u0101s sist\u0113mas spiediena vienm\u0113r\u012bbu.<\/li>\n<\/ul>\n<p>Lai veiksm\u012bgi nov\u0113rstu probl\u0113mas, operatoriem ir j\u0101re\u0123istr\u0113 visas radu\u0161\u0101s probl\u0113mas, atz\u012bm\u0113jot konkr\u0113tus simptomus un apst\u0101k\u013cus. \u0160\u012b inform\u0101cija var b\u016bt nenov\u0113rt\u0113jama k\u013c\u016bmju diagnostic\u0113\u0161an\u0101 un prevent\u012bvu pas\u0101kumu ievie\u0161an\u0101, lai mazin\u0101tu iesp\u0113jam\u0101s probl\u0113mas.<\/p>\n<p><img decoding=\"async\" src=\"https:\/\/www.hydraulic-cylinders.net\/wp-content\/uploads\/2025\/04\/songte-bushings-with-all-kinds-of-excavator-models.webp\" alt=\"Bukses\" \/><\/p>\n<h2>Par m\u016bsu uz\u0146\u0113mumu<\/h2>\n<p>M\u0113s esam vado\u0161ais rezerves hidraulisko cilindru ra\u017eot\u0101js, kas pied\u0101v\u0101 pla\u0161u produktu kl\u0101stu gan viet\u0113jam, gan starptautiskajam tirgum. M\u016bsu ap\u0146em\u0161an\u0101s sasniegt izcil\u012bbu ir redzama m\u016bsu prec\u012bz\u0101s ra\u017eo\u0161anas darbn\u012bc\u0101s, kur m\u0113s izmantojam r\u016bp\u012bgas ra\u017eo\u0161anas vad\u012bbas strat\u0113\u0123iju.<\/p>\n<p>M\u0113s past\u0101v\u012bgi uzlabojam savas ra\u017eo\u0161anas iesp\u0113jas, ieguldot kvalific\u0113t\u0101 tehniskaj\u0101 person\u0101l\u0101, modern\u0101s digit\u0101l\u0101s ra\u017eo\u0161anas iek\u0101rt\u0101s un profesion\u0101l\u0101s test\u0113\u0161anas sist\u0113m\u0101s. \u0160\u012b ap\u0146em\u0161an\u0101s \u013cauj mums nodro\u0161in\u0101t augstas efektivit\u0101tes, augstas precizit\u0101tes un augstas kvalit\u0101tes produktus, kas piel\u0101goti da\u017e\u0101du klientu vajadz\u012bbu apmierin\u0101\u0161anai.<\/p>\n<p><img decoding=\"async\" src=\"https:\/\/www.hydraulic-cylinders.net\/wp-content\/uploads\/2025\/04\/songte-company-4.webp\" alt=\"Uz\u0146\u0113muma p\u0101rskats\" \/><br \/>\n<img decoding=\"async\" src=\"https:\/\/www.hydraulic-cylinders.net\/wp-content\/uploads\/2025\/04\/songte-company-3.webp\" alt=\"Uzlabots apr\u012bkojums\" \/><\/p>\n<h2>Secin\u0101jums<\/h2>\n<p>Rezum\u0113jot, Yigong CY8150 str\u0113les cilindrs ir b\u016btiska smago ma\u0161\u012bnu sast\u0101vda\u013ca, kas atvieglo efekt\u012bvu darb\u012bbu da\u017e\u0101dos pielietojumos. M\u016bsu uz\u0146\u0113mums lepojas ar augstas kvalit\u0101tes hidraulisko cilindru pieg\u0101di, ko atbalsta profesion\u0101li pakalpojumi un risin\u0101jumi, lai apmierin\u0101tu m\u016bsu klientu main\u012bg\u0101s pras\u012bbas.<\/p>\n<p>Autors: lil<\/p>","protected":false},"excerpt":{"rendered":"<p>Boom Cylinder For Yigong CY8150 Introduction to Boom Cylinder The Boom Cylinder is a crucial component in hydraulic systems, specifically designed to control the movement of buckets in various heavy machinery, such as excavators, backhoe loaders, and front loaders. This hydraulic cylinder allows the bucket to lift, lower, and tilt, facilitating efficient material handling tasks. [&hellip;]<\/p>","protected":false},"featured_media":17875,"comment_status":"open","ping_status":"closed","template":"","meta":{"_et_pb_use_builder":"","_et_pb_old_content":"","_et_gb_content_width":""},"product_brand":[],"product_cat":[1546],"product_tag":[1547,1496],"class_list":{"0":"post-19717","1":"product","2":"type-product","3":"status-publish","4":"has-post-thumbnail","6":"product_cat-boom-cylinders","7":"product_tag-boom-cylinders","8":"product_tag-hydraulic-cylinders","10":"first","11":"instock","12":"shipping-taxable","13":"product-type-simple"},"amp_enabled":true,"_links":{"self":[{"href":"https:\/\/www.hydraulic-cylinders.net\/lv\/wp-json\/wp\/v2\/product\/19717","targetHints":{"allow":["GET"]}}],"collection":[{"href":"https:\/\/www.hydraulic-cylinders.net\/lv\/wp-json\/wp\/v2\/product"}],"about":[{"href":"https:\/\/www.hydraulic-cylinders.net\/lv\/wp-json\/wp\/v2\/types\/product"}],"replies":[{"embeddable":true,"href":"https:\/\/www.hydraulic-cylinders.net\/lv\/wp-json\/wp\/v2\/comments?post=19717"}],"wp:featuredmedia":[{"embeddable":true,"href":"https:\/\/www.hydraulic-cylinders.net\/lv\/wp-json\/wp\/v2\/media\/17875"}],"wp:attachment":[{"href":"https:\/\/www.hydraulic-cylinders.net\/lv\/wp-json\/wp\/v2\/media?parent=19717"}],"wp:term":[{"taxonomy":"product_brand","embeddable":true,"href":"https:\/\/www.hydraulic-cylinders.net\/lv\/wp-json\/wp\/v2\/product_brand?post=19717"},{"taxonomy":"product_cat","embeddable":true,"href":"https:\/\/www.hydraulic-cylinders.net\/lv\/wp-json\/wp\/v2\/product_cat?post=19717"},{"taxonomy":"product_tag","embeddable":true,"href":"https:\/\/www.hydraulic-cylinders.net\/lv\/wp-json\/wp\/v2\/product_tag?post=19717"}],"curies":[{"name":"wp","href":"https:\/\/api.w.org\/{rel}","templated":true}]}}