{"id":19719,"date":"2025-04-07T07:03:38","date_gmt":"2025-04-07T07:03:38","guid":{"rendered":"https:\/\/www.hydraulic-cylinders.net\/product\/boom-cylinder-for-yigong-cy860\/"},"modified":"2025-04-07T07:03:41","modified_gmt":"2025-04-07T07:03:41","slug":"boom-cylinder-for-yigong-cy860","status":"publish","type":"product","link":"https:\/\/www.hydraulic-cylinders.net\/lv\/products\/boom-cylinder-for-yigong-cy860\/","title":{"rendered":"Str\u0113les cilindrs Yigong CY860"},"content":{"rendered":"<h1>Str\u0113les cilindrs Yigong CY860<\/h1>\n<h2>Produkta p\u0101rskats<\/h2>\n<p>Yigong CY860 str\u0113les cilindrs ir specializ\u0113ta hidrauliska sast\u0101vda\u013ca, kas paredz\u0113ta smago ma\u0161\u012bnu kausu kust\u012bbas vad\u012bbai. \u0160im hidrauliskajam cilindram ir iz\u0161\u0137iro\u0161a noz\u012bme ekskavatoros, univers\u0101lajos iekr\u0101v\u0113jos un front\u0101lajos iekr\u0101v\u0113jos, \u013caujot \u0161\u012bm ma\u0161\u012bn\u0101m efekt\u012bvi pacelt, nolaist un noliekt kausus. T\u0101 prec\u012bz\u0101 konstrukcija nodro\u0161ina netrauc\u0113tu darb\u012bbu da\u017e\u0101dos materi\u0101lu apstr\u0101des uzdevumos, padarot to par b\u016btisku hidraulisko sist\u0113mu sast\u0101vda\u013cu.<\/p>\n<p><img decoding=\"async\" src=\"https:\/\/www.hydraulic-cylinders.net\/wp-content\/uploads\/2025\/04\/songte-company-1.webp\" alt=\"Yigong CY860 str\u0113les cilindrs\" \/><\/p>\n<h3>Defin\u012bcija un funkcionalit\u0101te<\/h3>\n<p>Kausa cilindrs, ko bie\u017ei d\u0113v\u0113 par str\u0113les cilindru, ir hidraulisk\u0101 cilindra veids, ko \u012bpa\u0161i izmanto smagaj\u0101s ma\u0161\u012bn\u0101s, lai p\u0101rvald\u012btu kausu kust\u012bbu. \u0160ie cilindri izmanto hidraulisko \u0161\u0137idrumu, lai rad\u012btu sp\u0113ku, kas nodro\u0161ina kausa kust\u012bbu, kas ir \u013coti svar\u012bgi efekt\u012bvai rak\u0161anai, cel\u0161anai un materi\u0101lu transport\u0113\u0161anai. Str\u0113les cilindru konstrukcija nodro\u0161ina augstu veiktsp\u0113ju un uzticam\u012bbu sare\u017e\u0123\u012btos darba apst\u0101k\u013cos.<\/p>\n<h2>Str\u0113les cilindra \u012bpa\u0161\u012bbas<\/h2>\n<ul>\n<li><strong>Augsta iztur\u012bba un ilgm\u016b\u017e\u012bba:<\/strong> \u0160ie cilindri ir izgatavoti no augstas stipr\u012bbas t\u0113rauda vai alum\u012bnija, un tie ir paredz\u0113ti, lai iztur\u0113tu augstu spiedienu un lielas slodzes, padarot tos piem\u0113rotus skarbiem darba apst\u0101k\u013ciem.<\/li>\n<li><strong>Efekt\u012bva hidraulisk\u0101 darb\u012bba:<\/strong> Konstrukcija nodro\u0161ina vienm\u0113r\u012bgas ievilk\u0161anas un izstiep\u0161anas kust\u012bbas, nodro\u0161inot jaud\u012bgas stum\u0161anas un vilk\u0161anas sp\u0113jas, kas ir b\u016btiskas smagu kravu cel\u0161anai un sare\u017e\u0123\u012btiem uzdevumiem.<\/li>\n<li><strong>Da\u017e\u0101di veidi:<\/strong> Pieejams vienk\u0101r\u0161\u0101s darb\u012bbas (izmantojot hidraulisko sp\u0113ku vien\u0101 virzien\u0101) vai divk\u0101r\u0161\u0101s darb\u012bbas (izmantojot hidraulisko sp\u0113ku divos virzienos) konfigur\u0101cij\u0101s, lai apmierin\u0101tu da\u017e\u0101das ekspluat\u0101cijas pras\u012bbas.<\/li>\n<li><strong>Kompakts dizains:<\/strong> Da\u017eiem mode\u013ciem ir teleskopiska konstrukcija, kas \u013cauj veikt liel\u0101ku pagarin\u0101jumu, nepalielinot \u0101r\u0113jos izm\u0113rus, kas ir ide\u0101li piem\u0113rots lietojumiem ar ierobe\u017eotu vietu.<\/li>\n<li><strong>Paaugstin\u0101ta nodilumiztur\u012bba un korozijas iztur\u012bba:<\/strong> \u0160ie cilindri ir izstr\u0101d\u0101ti, \u0146emot v\u0113r\u0101 nodilumiztur\u012bbas un korozijas iztur\u012bbas \u012bpa\u0161\u012bbas, un tiem ir ilg\u0101ks kalpo\u0161anas laiks, un tie ir ret\u0101k j\u0101maina.<\/li>\n<\/ul>\n<p>M\u016bsu produkti var lieliski aizst\u0101t \u0161os hidrauliskos cilindrus.<\/p>\n<p><img decoding=\"async\" src=\"https:\/\/www.hydraulic-cylinders.net\/wp-content\/uploads\/2025\/04\/songte-cylinder-head-with-all-kinds-excavator-models.webp\" alt=\"Hidraulisko cilindru nomai\u0146a\" \/><\/p>\n<h2>Str\u0113les cilindra pielietojumi<\/h2>\n<h3>Celtniec\u012bbas apr\u012bkojums<\/h3>\n<p>Ekskavatoros str\u0113les cilindri ir \u013coti svar\u012bgi augsnes vai gru\u017eu rak\u0161anai, iekrau\u0161anai un p\u0101rvieto\u0161anai. Tie atvieglo prec\u012bzas kust\u012bbas, kas nepiecie\u0161amas efekt\u012bvai rak\u0161anai. Ekskavatoros-iekr\u0101v\u0113jos \u0161ie cilindri pal\u012bdz gan rak\u0161an\u0101, gan cel\u0161an\u0101, padarot tos daudzpus\u012bgus da\u017e\u0101diem b\u016bvniec\u012bbas uzdevumiem.<\/p>\n<h3>Lauksaimniec\u012bbas tehnika<\/h3>\n<p>Front\u0101lajos iekr\u0101v\u0113jos str\u0113les cilindri tiek izmantoti augsnes, siena un citu materi\u0101lu sav\u0101k\u0161anai, pacel\u0161anai un transport\u0113\u0161anai, t\u0101d\u0113j\u0101di uzlabojot lauksaimniec\u012bbas darbu produktivit\u0101ti. To iztur\u012bg\u0101 konstrukcija nodro\u0161ina, ka tie var tikt gal\u0101 ar lauksaimniec\u012bbas darbos nepiecie\u0161amo smago cel\u0161anu.<\/p>\n<h3>Ekskavatori<\/h3>\n<p>Kausa cilindri nodro\u0161ina ekskavatoru rak\u0161anas darb\u012bbu, \u013caujot kausam efekt\u012bvi iek\u013c\u016bt zem\u0113. Tie ir konstru\u0113ti, lai nodro\u0161in\u0101tu sp\u0113c\u012bgas kust\u012bbas, t\u0101d\u0113j\u0101di palielinot rak\u0161anas efektivit\u0101ti da\u017e\u0101dos reljefos.<\/p>\n<h3>Iekr\u0101v\u0113ji<\/h3>\n<p>Front\u0101lajos iekr\u0101v\u0113jos str\u0113les cilindri veicina kravu cel\u0161anu un izg\u0101\u0161anu, racionaliz\u0113jot darb\u012bbas un palielinot materi\u0101lu apstr\u0101des uzdevumu \u0101trumu un efektivit\u0101ti. To uzticama darb\u012bba ir b\u016btiska efekt\u012bv\u0101m iekrau\u0161anas un izkrau\u0161anas darb\u012bb\u0101m.<\/p>\n<h2>Dizaina apsv\u0113rumi un atlases krit\u0113riji<\/h2>\n<h3>Kravnes\u012bba<\/h3>\n<p>Izv\u0113loties str\u0113les cilindru, ir svar\u012bgi nov\u0113rt\u0113t t\u0101 kravnes\u012bbu. Cilindram j\u0101sp\u0113j iztur\u0113t maksim\u0101l\u0101s slodzes, kas rodas ekspluat\u0101cijas laik\u0101, bez boj\u0101jumiem. Konstrukcijai j\u0101nodro\u0161ina, ka cilindrs saglab\u0101 konstrukcijas integrit\u0101ti lielu slod\u017eu gad\u012bjum\u0101, kas ietver materi\u0101la iztur\u012bbas, biezuma un kop\u0113j\u0101s konstrukcijas \u0123eometrijas nov\u0113rt\u0113\u0161anu.<\/p>\n<h3>Bl\u012bv\u0113juma uzticam\u012bba<\/h3>\n<p>Efekt\u012bvs bl\u012bv\u0113jums ir \u013coti svar\u012bgs hidrauliskajiem cilindriem, lai nov\u0113rstu \u0161\u0137idruma nopl\u016bdi, kas var izrais\u012bt veiktsp\u0113jas probl\u0113mas un samazin\u0101tu efektivit\u0101ti. Bl\u012bv\u0113\u0161anas materi\u0101lu, piem\u0113ram, poliuret\u0101na un nitrilgumijas, izv\u0113le ietekm\u0113 cilindra sp\u0113ju uztur\u0113t spiedienu un efekt\u012bvi darboties. Lai nov\u0113rstu d\u0101rgus remontdarbus un nodro\u0161in\u0101tu optim\u0101lu veiktsp\u0113ju, ir nepiecie\u0161amas regul\u0101ras bl\u012bv\u0113jumu apkopes p\u0101rbaudes.<\/p>\n<h3>Iztur\u012bba<\/h3>\n<p>Iztur\u012bba ir b\u016btisks apsv\u0113rums str\u0113les cilindru projekt\u0113\u0161an\u0101. T\u0101di faktori k\u0101 augstas kvalit\u0101tes materi\u0101lu izv\u0113le, virsmas apstr\u0101de un aizsargp\u0101rkl\u0101jumi var iev\u0113rojami pagarin\u0101t cilindra kalpo\u0161anas laiku. Iztur\u012bgs cilindrs samazina d\u012bkst\u0101ves laiku un apkopes izmaksas, t\u0101d\u0113j\u0101di uzlabojot darb\u012bbas efektivit\u0101ti.<\/p>\n<h3>Dro\u0161\u012bbas funkcijas<\/h3>\n<p>Dro\u0161\u012bbas funkcijas ir \u0101rk\u0101rt\u012bgi svar\u012bgas hidraulisko cilindru konstrukcij\u0101. Dro\u0161\u012bbas v\u0101rstu un spiediena samazin\u0101\u0161anas sist\u0113mu iek\u013cau\u0161ana pal\u012bdz nov\u0113rst p\u0101rspiedienu un iesp\u0113jamus negad\u012bjumus. In\u017eenieriem j\u0101\u0146em v\u0113r\u0101 \u0161ie dro\u0161\u012bbas aspekti, lai iev\u0113rotu nozares standartus un nodro\u0161in\u0101tu lietot\u0101ja dro\u0161\u012bbu darb\u012bbas laik\u0101.<\/p>\n<h3>Apkopes pieejam\u012bba<\/h3>\n<p>Hidraulisko cilindru projekt\u0113\u0161ana, lai tos b\u016btu viegli apkopt, ir galvenais apsv\u0113rums. T\u0101das funkcijas k\u0101 pieejami e\u013c\u013co\u0161anas punkti un viegli nomain\u0101mi bl\u012bv\u0113jumi var atvieglot regul\u0101ru apkopi, samazinot laiku un p\u016bles, kas nepiecie\u0161amas, lai uztur\u0113tu cilindru optim\u0101l\u0101 st\u0101vokl\u012b. Koncentr\u0113\u0161an\u0101s uz apkopes pieejam\u012bbu uzlabo iek\u0101rtas visp\u0101r\u0113jo uzticam\u012bbu.<\/p>\n<p><img decoding=\"async\" src=\"https:\/\/www.hydraulic-cylinders.net\/wp-content\/uploads\/2025\/04\/songte-oil-pipes-and-spare-parts.webp\" alt=\"Hidraulisko cilindru deta\u013cas\" \/><\/p>\n<h2>Bl\u012bv\u0113\u0161ana un e\u013c\u013co\u0161ana<\/h2>\n<p>Str\u0113les cilindr\u0101 tiek izmantoti da\u017e\u0101di bl\u012bv\u0113\u0161anas komponenti, tostarp virzu\u013ca bl\u012bv\u0113jumi un stie\u0146a bl\u012bv\u0113jumi. \u0160ie bl\u012bv\u0113jumi parasti ir izgatavoti no nodilumiztur\u012bgiem materi\u0101liem, piem\u0113ram, poliuret\u0101na un nitrila gumijas, nodro\u0161inot, ka tie var iztur\u0113t skarbus ekspluat\u0101cijas apst\u0101k\u013cus. Cilindra korpuss un v\u012bt\u0146otie gali tiek prec\u012bzi apstr\u0101d\u0101ti, lai uzlabotu nodilumiztur\u012bbu, t\u0101d\u0113j\u0101di pagarinot kalpo\u0161anas laiku. Lai uztur\u0113tu optim\u0101lu veiktsp\u0113ju un nov\u0113rstu nodilumu, ir nepiecie\u0161ama regul\u0101ra e\u013c\u013co\u0161ana ar hidraulisko e\u013c\u013cu.<\/p>\n<h2>Regul\u0101ra p\u0101rbaude un profilaktisk\u0101 apkope<\/h2>\n<ul>\n<li><strong>Regul\u0101ras p\u0101rbaudes:<\/strong> Regul\u0101ras p\u0101rbaudes, lai noteiktu nopl\u016bdes, nodilumu un citus boj\u0101jumus, var pal\u012bdz\u0113t identific\u0113t probl\u0113mas, pirms t\u0101s noved pie k\u013c\u016bm\u0113m. Prevent\u012bv\u0101s apkopes grafika ievie\u0161ana var iev\u0113rojami samazin\u0101t remonta izmaksas un d\u012bkst\u0101ves laiku.<\/li>\n<li><strong>Piem\u0113rota e\u013c\u013co\u0161ana:<\/strong> Lai uztur\u0113tu cilindra veiktsp\u0113ju, ir \u013coti svar\u012bgi nodro\u0161in\u0101t pareizu hidraulisk\u0101s e\u013c\u013cas l\u012bmeni un veidu. Regul\u0101ra hidraulisk\u0101 \u0161\u0137idruma papildin\u0101\u0161ana un nomai\u0146a var pagarin\u0101t cilindra kalpo\u0161anas laiku.<\/li>\n<li><strong>Bl\u012bv\u0113juma nomai\u0146a:<\/strong> Laika gait\u0101 bl\u012bves var nolietoties nodiluma un vides faktoru d\u0113\u013c. Regul\u0101ra bl\u012bvju p\u0101rbaude un savlaic\u012bga nomai\u0146a ir b\u016btiska, lai saglab\u0101tu balona integrit\u0101ti un efektivit\u0101ti.<\/li>\n<\/ul>\n<h2>Uzst\u0101d\u012b\u0161anas vadl\u012bnijas<\/h2>\n<p>Pareiza str\u0113les cilindra uzst\u0101d\u012b\u0161ana ir \u013coti svar\u012bga t\u0101 optim\u0101lai darb\u012bbai. P\u0101rliecinieties, vai cilindrs ir pareizi izl\u012bdzin\u0101ts ar mont\u0101\u017eas kron\u0161teiniem, lai nov\u0113rstu p\u0101rm\u0113r\u012bgu slodzi un iesp\u0113jamus boj\u0101jumus darb\u012bbas laik\u0101. Izmantojiet atbilsto\u0161us stiprin\u0101juma elementus, lai stingri nostiprin\u0101tu cilindru viet\u0101. Ieteicams iepaz\u012bties ar ra\u017eot\u0101ja uzst\u0101d\u012b\u0161anas rokasgr\u0101matu, lai uzzin\u0101tu konkr\u0113tus griezes momenta iestat\u012bjumus un izl\u012bdzin\u0101\u0161anas proced\u016bras. Turkl\u0101t p\u0113c uzst\u0101d\u012b\u0161anas j\u0101p\u0101rbauda visi hidrauliskie savienojumi, vai nav nopl\u016b\u017eu, un j\u0101veic spiediena p\u0101rbaudes, lai nodro\u0161in\u0101tu pareizu darb\u012bbu.<\/p>\n<h2>Apkopes uzdevumi<\/h2>\n<ul>\n<li><strong>Regul\u0101ras p\u0101rbaudes:<\/strong> Ir svar\u012bgi veikt regul\u0101ras vizu\u0101las un funkcion\u0101las p\u0101rbaudes, lai atkl\u0101tu jebk\u0101das nodiluma, boj\u0101jumu vai \u0161\u0137idruma nopl\u016bdes paz\u012bmes. \u0160\u012b proakt\u012bv\u0101 pieeja pal\u012bdz laikus risin\u0101t iesp\u0113jam\u0101s probl\u0113mas.<\/li>\n<li><strong>Pareiza e\u013c\u013co\u0161ana:<\/strong> Nodro\u0161inot, ka cilindrs ir pien\u0101c\u012bgi iee\u013c\u013cots ar atbilsto\u0161u hidraulisko \u0161\u0137idrumu, tiek nov\u0113rsts nodilums un uztur\u0113ta optim\u0101la veiktsp\u0113ja. Ir nepiecie\u0161ams regul\u0101ri p\u0101rbaud\u012bt sm\u0113rvielas l\u012bmeni.<\/li>\n<li><strong>Bl\u012bv\u0113juma nomai\u0146as un kalibr\u0113\u0161anas p\u0101rbaudes:<\/strong> Regul\u0101ra nodilu\u0161o bl\u012bv\u0113jumu nomai\u0146a un cilindra kalibr\u0113\u0161anas p\u0101rbaude pal\u012bdz uztur\u0113t prec\u012bzu veiktsp\u0113ju. Pareiza kalibr\u0113\u0161ana nodro\u0161ina, ka cilindrs darbojas nor\u0101d\u012bto parametru robe\u017e\u0101s.<\/li>\n<\/ul>\n<p>Pareiza str\u0113les cilindra uzst\u0101d\u012b\u0161ana, e\u013c\u013co\u0161ana un regul\u0113\u0161ana ir \u013coti svar\u012bga t\u0101 ilgm\u016b\u017e\u012bbai un veiktsp\u0113jai. Pareiza cilindra izl\u012bdzin\u0101\u0161ana uzst\u0101d\u012b\u0161anas laik\u0101 un atbilsto\u0161u atbalsta kron\u0161teinu izmanto\u0161ana var nov\u0113rst nepareizas izl\u012bdzin\u0101\u0161anas probl\u0113mas. Lai nodro\u0161in\u0101tu darb\u012bbas efektivit\u0101ti, j\u0101iev\u0113ro ieteicam\u0101s p\u0101rbaudes, remonta un nomai\u0146as proced\u016bras. Lietot\u0101ja pieredzi uzlabos ar\u012b atjauno\u0161anas pakalpojumi un padomi hidraulisko cilindru kalpo\u0161anas laika pagarin\u0101\u0161anai.<\/p>\n<p><img decoding=\"async\" src=\"https:\/\/www.hydraulic-cylinders.net\/wp-content\/uploads\/2025\/04\/songte-chushion-collar.webp\" alt=\"Spilvenu apkakle\" \/><\/p>\n<h2>Dro\u0161\u012bbas apsv\u0113rumi un vides faktori<\/h2>\n<p>Hidraulisko cilindru darb\u012bbas laik\u0101 ir \u013coti svar\u012bgi ieviest atbilsto\u0161us dro\u0161\u012bbas pas\u0101kumus. Operatoriem j\u0101b\u016bt apm\u0101c\u012btiem atpaz\u012bt darb\u012bbas trauc\u0113jumu br\u012bdin\u0101juma paz\u012bmes un izprast dro\u0161\u012bbas protokolu iev\u0113ro\u0161anas noz\u012bmi. Atbilsto\u0161a operatoru apm\u0101c\u012bba un dro\u0161\u012bbas vadl\u012bniju iev\u0113ro\u0161ana pal\u012bdz nov\u0113rst negad\u012bjumus un nodro\u0161in\u0101t dro\u0161u darba vidi.<\/p>\n<h2>K\u013c\u016bmju diagnostika un bie\u017e\u0101k sastopam\u0101s probl\u0113mas<\/h2>\n<ul>\n<li><strong>Nopl\u016bde:<\/strong> Hidraulisk\u0101 \u0161\u0137idruma nopl\u016bdes var liecin\u0101t par bl\u012bv\u0113juma atteici vai boj\u0101jumu. Regul\u0101ra bl\u012bv\u0113jumu p\u0101rbaude un savlaic\u012bga nomai\u0146a var nov\u0113rst \u0161\u0137idruma zudumus un saglab\u0101t veiktsp\u0113ju.<\/li>\n<li><strong>L\u0113na vai nekonsekventa kust\u012bba:<\/strong> Ja cilindrs rea\u0123\u0113 l\u0113ni vai nekonsekventi, tas var liecin\u0101t par zemu hidraulisk\u0101 \u0161\u0137idruma l\u012bmeni vai nepiecie\u0161am\u012bbu p\u0113c e\u013c\u013co\u0161anas. \u0160\u0137idruma l\u012bme\u0146a p\u0101rbaude un pareizas apkopes nodro\u0161in\u0101\u0161ana var atrisin\u0101t \u0161\u012bs probl\u0113mas.<\/li>\n<li><strong>Neparastas ska\u0146as:<\/strong> Jebkuras neparastas ska\u0146as darb\u012bbas laik\u0101 var liecin\u0101t par iek\u0161\u0113jiem boj\u0101jumiem vai nepietiekamu e\u013c\u013co\u0161anu. Nekav\u0113joties j\u0101piev\u0113r\u0161 uzman\u012bba, lai izmekl\u0113tu un nov\u0113rstu \u0161o trok\u0161\u0146u c\u0113loni.<\/li>\n<\/ul>\n<p>Sniedzot probl\u0113mu nov\u0113r\u0161anas padomus un risin\u0101jumus bie\u017ei sastopamu cilindru probl\u0113mu nov\u0113r\u0161anai, lietot\u0101ji var efekt\u012bvi diagnostic\u0113t un nov\u0113rst probl\u0113mas, samazinot darb\u012bbas trauc\u0113jumus.<\/p>\n<p><img decoding=\"async\" src=\"https:\/\/www.hydraulic-cylinders.net\/wp-content\/uploads\/2025\/04\/songte-bushings-with-all-kinds-of-excavator-models.webp\" alt=\"Ekskavatora bukses\" \/><\/p>\n<h2>Uz\u0146\u0113muma p\u0101rskats<\/h2>\n<p>M\u0113s esam vado\u0161ais hidraulisko cilindru ra\u017eot\u0101js un vairumtirdzniec\u012bbas izplat\u012bt\u0101js ar pla\u0161u produktu kl\u0101stu. M\u016bsu ap\u0146em\u0161an\u0101s sasniegt izcil\u012bbu un p\u0101rdom\u0101tas ra\u017eo\u0161anas strat\u0113\u0123ijas m\u016bs pozicion\u0113 k\u0101 vado\u0161o pieg\u0101d\u0101t\u0101ju gan viet\u0113j\u0101, gan starptautiskaj\u0101 tirg\u016b. Izmantojot modernu ra\u017eo\u0161anas apr\u012bkojumu un profesion\u0101las test\u0113\u0161anas sist\u0113mas, m\u0113s nep\u0101rtraukti uzlabojam savas ra\u017eo\u0161anas iesp\u0113jas un kvalit\u0101tes nodro\u0161in\u0101\u0161anas procesus. M\u016bsu uzman\u012bbas centr\u0101 ir augsta efektivit\u0101te, precizit\u0101te un kvalit\u0101te, kas \u013cauj mums efekt\u012bvi apmierin\u0101t da\u017e\u0101das klientu vajadz\u012bbas.<\/p>\n<p>Papildus m\u016bsu specializ\u0101cijai hidrauliskajos cilindros m\u0113s pied\u0101v\u0101jam piel\u0101gotus pakalpojumus, kas piel\u0101goti unik\u0101l\u0101m klientu pras\u012bb\u0101m, nodro\u0161inot apmierin\u0101t\u012bbu un veiktsp\u0113ju. M\u016bsu ra\u017eotne ir apr\u012bkota ar jaun\u0101kaj\u0101m tehnolo\u0123ij\u0101m, kas \u013cauj mums past\u0101v\u012bgi ra\u017eot uzticamus un augstas kvalit\u0101tes produktus. Turkl\u0101t m\u016bsu specializ\u0113tais p\u0113cp\u0101rdo\u0161anas atbalsts nodro\u0161ina, ka klienti sa\u0146em visaptvero\u0161u pal\u012bdz\u012bbu ar\u012b p\u0113c pirkuma veik\u0161anas.<\/p>\n<p><img decoding=\"async\" src=\"https:\/\/www.hydraulic-cylinders.net\/wp-content\/uploads\/2025\/04\/songte-company-4.webp\" alt=\"Uz\u0146\u0113muma p\u0101rskats\" \/><br \/>\n<img decoding=\"async\" src=\"https:\/\/www.hydraulic-cylinders.net\/wp-content\/uploads\/2025\/04\/songte-company-3.webp\" alt=\"Ra\u017eo\u0161anas iek\u0101rta\" \/><\/p>\n<p>Autors: lil<\/p>","protected":false},"excerpt":{"rendered":"<p>Boom Cylinder For Yigong CY860 Product Overview The Boom Cylinder for Yigong CY860 is a specialized hydraulic component designed to control the movement of heavy machinery buckets. This hydraulic cylinder plays a critical role in excavators, backhoe loaders, and front-end loaders, enabling these machines to lift, lower, and tilt their buckets efficiently. Its precise engineering [&hellip;]<\/p>","protected":false},"featured_media":17877,"comment_status":"open","ping_status":"closed","template":"","meta":{"_et_pb_use_builder":"","_et_pb_old_content":"","_et_gb_content_width":""},"product_brand":[],"product_cat":[1546],"product_tag":[1547,1496],"class_list":{"0":"post-19719","1":"product","2":"type-product","3":"status-publish","4":"has-post-thumbnail","6":"product_cat-boom-cylinders","7":"product_tag-boom-cylinders","8":"product_tag-hydraulic-cylinders","10":"first","11":"instock","12":"shipping-taxable","13":"product-type-simple"},"amp_enabled":true,"_links":{"self":[{"href":"https:\/\/www.hydraulic-cylinders.net\/lv\/wp-json\/wp\/v2\/product\/19719","targetHints":{"allow":["GET"]}}],"collection":[{"href":"https:\/\/www.hydraulic-cylinders.net\/lv\/wp-json\/wp\/v2\/product"}],"about":[{"href":"https:\/\/www.hydraulic-cylinders.net\/lv\/wp-json\/wp\/v2\/types\/product"}],"replies":[{"embeddable":true,"href":"https:\/\/www.hydraulic-cylinders.net\/lv\/wp-json\/wp\/v2\/comments?post=19719"}],"wp:featuredmedia":[{"embeddable":true,"href":"https:\/\/www.hydraulic-cylinders.net\/lv\/wp-json\/wp\/v2\/media\/17877"}],"wp:attachment":[{"href":"https:\/\/www.hydraulic-cylinders.net\/lv\/wp-json\/wp\/v2\/media?parent=19719"}],"wp:term":[{"taxonomy":"product_brand","embeddable":true,"href":"https:\/\/www.hydraulic-cylinders.net\/lv\/wp-json\/wp\/v2\/product_brand?post=19719"},{"taxonomy":"product_cat","embeddable":true,"href":"https:\/\/www.hydraulic-cylinders.net\/lv\/wp-json\/wp\/v2\/product_cat?post=19719"},{"taxonomy":"product_tag","embeddable":true,"href":"https:\/\/www.hydraulic-cylinders.net\/lv\/wp-json\/wp\/v2\/product_tag?post=19719"}],"curies":[{"name":"wp","href":"https:\/\/api.w.org\/{rel}","templated":true}]}}