{"id":19722,"date":"2025-04-07T07:03:54","date_gmt":"2025-04-07T07:03:54","guid":{"rendered":"https:\/\/www.hydraulic-cylinders.net\/product\/boom-cylinder-for-yigong-cy330lc-8\/"},"modified":"2025-04-07T07:03:57","modified_gmt":"2025-04-07T07:03:57","slug":"boom-cylinder-for-yigong-cy330lc-8","status":"publish","type":"product","link":"https:\/\/www.hydraulic-cylinders.net\/lv\/products\/boom-cylinder-for-yigong-cy330lc-8\/","title":{"rendered":"Str\u0113les cilindrs Yigong CY330LC-8"},"content":{"rendered":"<h1>Str\u0113les cilindrs Yigong CY330LC-8<\/h1>\n<h2>Produkta p\u0101rskats<\/h2>\n<p>Yigong CY330LC-8 str\u0113les cilindrs ir svar\u012bga hidrauliska sast\u0101vda\u013ca, kas \u012bpa\u0161i paredz\u0113ta smago ma\u0161\u012bnu, tostarp ekskavatoru, univers\u0101lo iekr\u0101v\u0113ju un front\u0101lo iekr\u0101v\u0113ju, str\u0113les kust\u012bbas vad\u012bbai. \u0160is hidrauliskais cilindrs \u013cauj pacelt, nolaist un noliekt str\u0113li, t\u0101d\u0113j\u0101di atvieglojot efekt\u012bvus materi\u0101lu apstr\u0101des uzdevumus. K\u0101 hidrauliskais cilindrs tas izmanto spiediena hidraulisko \u0161\u0137idrumu, lai rad\u012btu line\u0101ru kust\u012bbu, kas ir b\u016btiska da\u017e\u0101du celtniec\u012bbas un lauksaimniec\u012bbas ma\u0161\u012bnu darb\u012bbai.<\/p>\n<p><img decoding=\"async\" src=\"https:\/\/www.hydraulic-cylinders.net\/wp-content\/uploads\/2025\/04\/songte-company-1.webp\" alt=\"Str\u0113les cilindra att\u0113ls\"><\/p>\n<h3>Funkcijas un pielietojumi<\/h3>\n<p>Kausa cilindram ir iz\u0161\u0137iro\u0161a noz\u012bme hidrauliskaj\u0101s sist\u0113m\u0101s, nodro\u0161inot prec\u012bzu smag\u0101 apr\u012bkojuma kust\u012bbu kontroli. B\u016bvniec\u012bb\u0101 tas pal\u012bdz rakt, iekraut un p\u0101rvietot materi\u0101lus, nodro\u0161inot uzdevumu efekt\u012bvu veik\u0161anu. Kausa cilindra konstrukcija ir piel\u0101gota smag\u0101 apr\u012bkojuma augstaj\u0101m pras\u012bb\u0101m, padarot to neaizst\u0101jamu gan b\u016bvniec\u012bb\u0101, gan lauksaimniec\u012bb\u0101.<\/p>\n<h2>Galven\u0101s iez\u012bmes<\/h2>\n<ul>\n<li><strong>Augsta iztur\u012bba un ilgm\u016b\u017e\u012bba:<\/strong> Izgatavots no augstas stipr\u012bbas t\u0113rauda vai alum\u012bnija, str\u0113les cilindrs ir konstru\u0113ts t\u0101, lai iztur\u0113tu augstu spiedienu un lielas slodzes, padarot to piem\u0113rotu skarbiem darba apst\u0101k\u013ciem.<\/li>\n<li><strong>Efekt\u012bva hidraulisk\u0101 darb\u012bba:<\/strong> Izmantojot hidraulisk\u0101s e\u013c\u013cas spiedienu, \u0161ie cilindri nodro\u0161ina vienm\u0113r\u012bgu izvirz\u012b\u0161anu un ievilk\u0161anu, sniedzot jaud\u012bgas stum\u0161anas un vilk\u0161anas iesp\u0113jas smagu un sare\u017e\u0123\u012btu uzdevumu veik\u0161anai.<\/li>\n<li><strong>Da\u017e\u0101di veidi:<\/strong> Str\u0113les cilindrs, kas pieejams vienk\u0101r\u0161\u0101s un divk\u0101r\u0161\u0101s darb\u012bbas mode\u013cos, var tikt piel\u0101gots konkr\u0113t\u0101m ekspluat\u0101cijas vajadz\u012bb\u0101m, tostarp teleskopiskiem mode\u013ciem kompaktiem lietojumiem.<\/li>\n<li><strong>Uzlabota veiktsp\u0113ja:<\/strong> Izstr\u0101d\u0101ts, \u0146emot v\u0113r\u0101 nodilumiztur\u012bbu un aizsardz\u012bbu pret koroziju, pagarinot cilindra kalpo\u0161anas laiku.<\/li>\n<li><strong>Vienk\u0101r\u0161a apkope:<\/strong> \u0160is dizains atvieglo vienk\u0101r\u0161as p\u0101rbaudes un remontu, nodro\u0161inot ilgsto\u0161u lietojam\u012bbu un uzticam\u012bbu.<\/li>\n<\/ul>\n<p>M\u0113s ra\u017eojam \u0161o produktu, un m\u016bsu cilindri var lieliski aizst\u0101t eso\u0161os hidrauliskos cilindrus.<\/p>\n<p><img decoding=\"async\" src=\"https:\/\/www.hydraulic-cylinders.net\/wp-content\/uploads\/2025\/04\/songte-cylinder-head-with-all-kinds-excavator-models.webp\" alt=\"Cilindra galvas att\u0113ls\"><\/p>\n<h2>Pieteikumi<\/h2>\n<h3>Celtniec\u012bbas apr\u012bkojums<\/h3>\n<p>Ekskavatoros str\u0113les cilindrs ir b\u016btisks augsnes vai gru\u017eu rak\u0161anai, iekrau\u0161anai un p\u0101rvieto\u0161anai. T\u0101 sp\u0113ja nodro\u0161in\u0101t lielu celtsp\u0113ju \u013cauj operatoriem efekt\u012bvi veikt da\u017e\u0101dus uzdevumus. Ekskavatoros-iekr\u0101v\u0113jos str\u0113les cilindrs ne tikai pal\u012bdz rak\u0161anas darbos, bet ar\u012b pal\u012bdz pacelt smagas kravas, padarot to par b\u016btisku sast\u0101vda\u013cu b\u016bvniec\u012bbas projektos.<\/p>\n<h3>Lauksaimniec\u012bbas tehnika<\/h3>\n<p>Front\u0101lie iekr\u0101v\u0113ji izmanto str\u0113les cilindrus, lai paceltu, sav\u0101ktu un transport\u0113tu augsni, sienu un citus materi\u0101lus. \u0160ie cilindri uzlabo ra\u017e\u012bgumu saimniec\u012bb\u0101s, nodro\u0161inot efekt\u012bvu beramkravu apstr\u0101di.<\/p>\n<h3>Ekskavatori<\/h3>\n<p>Ekskavatoriem str\u0113les cilindrs \u013cauj kausam efekt\u012bvi iek\u013c\u016bt augsn\u0113, atvieglojot dzi\u013cas rak\u0161anas darbus. \u0160\u012b funkcionalit\u0101te ir vit\u0101li svar\u012bga da\u017e\u0101diem b\u016bvniec\u012bbas darbiem, s\u0101kot no pamatu darbiem l\u012bdz ainavu veido\u0161anai.<\/p>\n<h3>Iekr\u0101v\u0113ji<\/h3>\n<p>Front\u0101lajos iekr\u0101v\u0113jos str\u0113les cilindri pal\u012bdz pacelt un izg\u0101zt kravas, optimiz\u0113jot veiktsp\u0113ju objekt\u0101. To uzticama darb\u012bba ir b\u016btiska, lai \u0101tri un efekt\u012bvi apstr\u0101d\u0101tu materi\u0101lus b\u016bvniec\u012bbas un ainavu veido\u0161anas darbu laik\u0101.<\/p>\n<h2>Dizaina apsv\u0113rumi un atlases krit\u0113riji<\/h2>\n<h3>Kravnes\u012bba<\/h3>\n<p>Str\u0113les cilindra kravnes\u012bba ir \u0101rk\u0101rt\u012bgi svar\u012bga. T\u0101 nosaka, cik lielu svaru cilindrs var iztur\u0113t, vienlaikus saglab\u0101jot dro\u0161\u012bbas un veiktsp\u0113jas standartus. Lai nov\u0113rstu boj\u0101jumus, ir nepiecie\u0161ami pareizi slodzes apr\u0113\u0137ini, nodro\u0161inot, ka cilindrs var iztur\u0113t tam rad\u012bt\u0101s ekspluat\u0101cijas pras\u012bbas, neapdraudot konstrukcijas integrit\u0101ti.<\/p>\n<h3>Bl\u012bv\u0113\u0161anas sp\u0113ja<\/h3>\n<p>Efekt\u012bva bl\u012bv\u0113\u0161ana ir \u013coti svar\u012bga, lai nov\u0113rstu hidraulisk\u0101 \u0161\u0137idruma nopl\u016bdes, kas var izrais\u012bt sist\u0113mas k\u013c\u016bmes. J\u0101izv\u0113las augstas kvalit\u0101tes bl\u012bves, lai nodro\u0161in\u0101tu, ka t\u0101s iztur darb\u012bbas laik\u0101 radu\u0161os spiedienu un temperat\u016bru. Regul\u0101ras bl\u012bvju p\u0101rbaudes pal\u012bdz uztur\u0113t optim\u0101lu veiktsp\u0113ju un pagarin\u0101t cilindra kalpo\u0161anas laiku.<\/p>\n<h3>Iztur\u012bba<\/h3>\n<p>Hidrauliskajiem cilindriem, kas pak\u013cauti skarbai videi, iztur\u012bba ir b\u016btiska. Izv\u0113loties materi\u0101lus un apdares materi\u0101lus, kas ir iztur\u012bgi pret nodilumu un koroziju, tiks pagarin\u0101ts cilindra kalpo\u0161anas laiks. Iztur\u012bga konstrukcija samazina nepiecie\u0161am\u012bbu p\u0113c bie\u017eas nomai\u0146as un apkopes, galu gal\u0101 ietaupot izmaksas.<\/p>\n<h3>Dro\u0161\u012bbas funkcijas<\/h3>\n<p>Dro\u0161\u012bbas elementu iek\u013cau\u0161ana str\u0113les cilindru konstrukcij\u0101 nav apsprie\u017eama. \u0160\u012bs funkcijas nov\u0113r\u0161 negad\u012bjumus un traumas darb\u012bbas laik\u0101. Dro\u0161\u012bbas pas\u0101kumi var ietvert ieb\u016bv\u0113tus spiediena samazin\u0101\u0161anas v\u0101rstus vai iztur\u012bgus blo\u0137\u0113\u0161anas meh\u0101nismus, kas nodro\u0161ina cilindra stabilit\u0101ti slodzes laik\u0101.<\/p>\n<h3>Uzturam\u012bba<\/h3>\n<p>Ir \u013coti svar\u012bgi projekt\u0113t str\u0113les cilindrus, lai tos b\u016btu viegli apkopt. Cilindrs, kas nodro\u0161ina vienk\u0101r\u0161u p\u0101rbaudi, e\u013c\u013co\u0161anu un deta\u013cu nomai\u0146u, samazin\u0101s d\u012bkst\u0101ves laiku un uzlabos produktivit\u0101ti. Katram komponentam j\u0101b\u016bt pieejamam bez sare\u017e\u0123\u012btiem demont\u0101\u017eas procesiem, lai nodro\u0161in\u0101tu efekt\u012bvu apkopes uzdevumu veik\u0161anu.<\/p>\n<p><img decoding=\"async\" src=\"https:\/\/www.hydraulic-cylinders.net\/wp-content\/uploads\/2025\/04\/songte-oil-pipes-and-spare-parts.webp\" alt=\"Hidraulisko deta\u013cu att\u0113ls\"><\/p>\n<h2>Bl\u012bv\u0113\u0161ana un e\u013c\u013co\u0161ana<\/h2>\n<p>Pareiza bl\u012bv\u0113\u0161ana un e\u013c\u013co\u0161ana ir b\u016btiska str\u0113les cilindra funkcionalit\u0101tei un ilgm\u016b\u017e\u012bbai. Da\u017e\u0101di bl\u012bv\u0113\u0161anas komponenti, piem\u0113ram, virzu\u013ca bl\u012bvsl\u0113gi \u200b\u200bun stie\u0146a bl\u012bvsl\u0113gi, ir r\u016bp\u012bgi j\u0101izv\u0113las. Materi\u0101li, piem\u0113ram, poliuret\u0101ns un nitrila gumija, ir priek\u0161roka dodama to nodilumiztur\u012bbas d\u0113\u013c. Cilindra korpuss un v\u012bt\u0146otie gali ir r\u016bp\u012bgi j\u0101apstr\u0101d\u0101, lai uzlabotu nodilumiztur\u012bbu. Regul\u0101ra e\u013c\u013co\u0161ana ar hidraulisko e\u013c\u013cu ir nepiecie\u0161ama, lai samazin\u0101tu berzi un nodro\u0161in\u0101tu vienm\u0113r\u012bgu darb\u012bbu.<\/p>\n<h2>Prevent\u012bvie apkopes pas\u0101kumi<\/h2>\n<ul>\n<li><strong>Regul\u0101ras p\u0101rbaudes:<\/strong> Regul\u0101ru nopl\u016b\u017eu, nodiluma un veiktsp\u0113jas probl\u0113mu p\u0101rbau\u017eu veik\u0161ana pal\u012bdz identific\u0113t iesp\u0113jam\u0101s probl\u0113mas, pirms t\u0101s saasin\u0101s.<\/li>\n<li><strong>Piem\u0113rota e\u013c\u013co\u0161ana:<\/strong> Lai cilindrs darbotos optim\u0101li, ir \u013coti svar\u012bgi nodro\u0161in\u0101t pareizu hidraulisk\u0101s e\u013c\u013cas l\u012bmeni un st\u0101vokli.<\/li>\n<li><strong>Bl\u012bv\u0113juma nomai\u0146a:<\/strong> Regul\u0101ra bl\u012bv\u0113jumu nomai\u0146a nov\u0113r\u0161 nopl\u016bdes un uztur hidraulisko spiedienu, nodro\u0161inot efekt\u012bvu darb\u012bbu.<\/li>\n<\/ul>\n<h2>Uzst\u0101d\u012b\u0161anas vadl\u012bnijas<\/h2>\n<p>Pareiza uzst\u0101d\u012b\u0161ana ir b\u016btiska str\u0113les cilindra darb\u012bbai. Vispirms p\u0101rliecinieties, vai mont\u0101\u017eas virsmas ir t\u012bras un bez gru\u017eiem. Prec\u012bzi izl\u012bdziniet cilindru, izmantojot atbilsto\u0161us mont\u0101\u017eas kron\u0161teinus, lai to stingri nostiprin\u0101tu. Ir svar\u012bgi iev\u0113rot ra\u017eot\u0101ja specifik\u0101cijas attiec\u012bb\u0101 uz griezes momentu un izl\u012bdzin\u0101\u0161anu, lai nov\u0113rstu nepareizu izl\u012bdzin\u0101\u0161anu, kas var izrais\u012bt priek\u0161laic\u012bgu nodilumu vai boj\u0101jumus. P\u0113c uzst\u0101d\u012b\u0161anas p\u0101rbaudiet, vai nav nopl\u016b\u017eu, un p\u0101rliecinieties, vai visi savienojumi ir dro\u0161i.<\/p>\n<h2>Apkopes uzdevumi<\/h2>\n<ul>\n<li><strong>Regul\u0101ras p\u0101rbaudes:<\/strong> Regul\u0101ras p\u0101rbaudes pal\u012bdz laikus atkl\u0101t probl\u0113mas un uztur\u0113t maksim\u0101lu veiktsp\u0113ju.<\/li>\n<li><strong>Pareiza e\u013c\u013co\u0161ana:<\/strong> Regul\u0101ra cilindra e\u013c\u013co\u0161ana ir svar\u012bga, lai nov\u0113rstu nodilumu un p\u0101rkar\u0161anu.<\/li>\n<li><strong>Bl\u012bv\u0113juma nomai\u0146a:<\/strong> Savlaic\u012bga bl\u012bv\u0113jumu nomai\u0146a ir \u013coti svar\u012bga, lai uztur\u0113tu hidraulisko spiedienu un nov\u0113rstu nopl\u016bdes.<\/li>\n<\/ul>\n<p>Pareiza uzst\u0101d\u012b\u0161ana, e\u013c\u013co\u0161ana un izl\u012bdzin\u0101\u0161ana ir \u013coti svar\u012bga, lai maksim\u0101li palielin\u0101tu str\u0113les cilindra kalpo\u0161anas laiku. Pareizu izl\u012bdzin\u0101\u0161anas meto\u017eu izmanto\u0161ana uzst\u0101d\u012b\u0161anas laik\u0101 nodro\u0161ina cilindra nevainojamu darb\u012bbu bez liekas slodzes. Ieteicamo p\u0101rbaudes, remonta un nomai\u0146as proced\u016bru iev\u0113ro\u0161ana ir b\u016btiska, lai saglab\u0101tu funkcionalit\u0101ti un uzticam\u012bbu.<\/p>\n<p><img decoding=\"async\" src=\"https:\/\/www.hydraulic-cylinders.net\/wp-content\/uploads\/2025\/04\/songte-chushion-collar.webp\" alt=\"Spilvenu apkakles att\u0113ls\"><\/p>\n<h2>Dro\u0161\u012bbas apsv\u0113rumi un vides faktori<\/h2>\n<p>Apsprie\u017eot str\u0113les cilindrus, dro\u0161\u012bbas pas\u0101kumi ir \u0101rk\u0101rt\u012bgi svar\u012bgi. Operatoriem ir j\u0101b\u016bt apm\u0101c\u012btiem atpaz\u012bt un mazin\u0101t ar hidrauliskaj\u0101m sist\u0113m\u0101m saist\u012btos riskus. J\u0101valk\u0101 atbilsto\u0161i individu\u0101lie aizsardz\u012bbas l\u012bdzek\u013ci (IAL), un dro\u0161\u012bbas protokolu iev\u0113ro\u0161ana ir b\u016btiska, lai nov\u0113rstu negad\u012bjumus un nodro\u0161in\u0101tu dro\u0161u darba vidi.<\/p>\n<h2>Probl\u0113mu nov\u0113r\u0161ana un bie\u017ei sastopamas probl\u0113mas<\/h2>\n<ul>\n<li><strong>Nopl\u016bde:<\/strong> Ja tiek konstat\u0113tas \u0161\u0137idruma nopl\u016bdes, p\u0101rbaudiet bl\u012bves un savienojumus, lai noteiktu nopl\u016bdes avotu.<\/li>\n<li><strong>L\u0113na kust\u012bba:<\/strong> Tas var liecin\u0101t par nepietiekamu hidraulisk\u0101 \u0161\u0137idruma daudzumu vai iesp\u0113jamiem iek\u0161\u0113jiem boj\u0101jumiem; p\u0101rbaudiet \u0161\u0137idruma l\u012bmeni un nodiluma pak\u0101pi.<\/li>\n<li><strong>Neparastas ska\u0146as:<\/strong> Jebk\u0101das neparastas ska\u0146as darb\u012bbas laik\u0101 var liecin\u0101t par meh\u0101nisk\u0101m probl\u0113m\u0101m vai nepietiekamu e\u013c\u013co\u0161anas l\u012bmeni; attiec\u012bgi nov\u0113rsiet probl\u0113mas.<\/li>\n<\/ul>\n<p>Probl\u0113mu nov\u0113r\u0161anas padomu un risin\u0101jumu snieg\u0161ana \u013cauj operatoriem efekt\u012bvi identific\u0113t un nov\u0113rst probl\u0113mas ar str\u0113les cilindriem. Prevent\u012bvie pas\u0101kumi un regul\u0101ra apkope var iev\u0113rojami samazin\u0101t \u0161o probl\u0113mu ra\u0161an\u0101s iesp\u0113jam\u012bbu.<\/p>\n<p><img decoding=\"async\" src=\"https:\/\/www.hydraulic-cylinders.net\/wp-content\/uploads\/2025\/04\/songte-bushings-with-all-kinds-of-excavator-models.webp\" alt=\"Bukses att\u0113ls\"><\/p>\n<h2>Uz\u0146\u0113muma p\u0101rskats<\/h2>\n<p>M\u0113s esam vado\u0161ais rezerves hidraulisko cilindru ra\u017eot\u0101js, kas ir paz\u012bstams ar savu pla\u0161o produktu kl\u0101stu. M\u016bsu ap\u0146em\u0161an\u0101s nodro\u0161in\u0101t kvalit\u0101ti ir padar\u012bjusi m\u016bs par vado\u0161o sp\u0113l\u0113t\u0101ju gan viet\u0113j\u0101, gan starptautiskaj\u0101 tirg\u016b. M\u0113s iev\u0113rojam izcil\u012bbu, izmantojot izsmalcin\u0101tu ra\u017eo\u0161anas praksi un progres\u012bvas ra\u017eo\u0161anas vad\u012bbas strat\u0113\u0123ijas. M\u016bsu kvalific\u0113tais darbasp\u0113ks apvienojum\u0101 ar modern\u0101ko digit\u0101lo ra\u017eo\u0161anas apr\u012bkojumu uzlabo m\u016bsu ra\u017eo\u0161anas iesp\u0113jas.<\/p>\n<p>Koncentr\u0113joties uz profesion\u0101lu pieredzi, starptautisk\u0101m sertifik\u0101cij\u0101m un piel\u0101gotiem pakalpojumiem, m\u016bsu produkti atbilst da\u017e\u0101d\u0101m klientu vajadz\u012bb\u0101m. M\u016bsu sp\u0113c\u012bgais p\u0113cp\u0101rdo\u0161anas atbalsts nodro\u0161ina, ka klienti sa\u0146em pal\u012bdz\u012bbu vis\u0101 m\u016bsu produktu dz\u012bves cikl\u0101.<\/p>\n<p><img decoding=\"async\" src=\"https:\/\/www.hydraulic-cylinders.net\/wp-content\/uploads\/2025\/04\/songte-company-4.webp\" alt=\"Uz\u0146\u0113muma att\u0113ls 1\"><br \/>\n<img decoding=\"async\" src=\"https:\/\/www.hydraulic-cylinders.net\/wp-content\/uploads\/2025\/04\/songte-company-3.webp\" alt=\"Uz\u0146\u0113muma att\u0113ls 2\"><\/p>\n<p>Autors: lil<\/p>","protected":false},"excerpt":{"rendered":"<p>Boom Cylinder For Yigong CY330LC-8 Product Overview The Boom Cylinder for Yigong CY330LC-8 is a vital hydraulic component designed specifically to control the movement of the boom of heavy machinery, including excavators, backhoe loaders, and front loaders. This hydraulic cylinder allows for the lifting, lowering, and tilting of the boom, facilitating efficient material handling tasks. [&hellip;]<\/p>","protected":false},"featured_media":17880,"comment_status":"open","ping_status":"closed","template":"","meta":{"_et_pb_use_builder":"","_et_pb_old_content":"","_et_gb_content_width":""},"product_brand":[],"product_cat":[1546],"product_tag":[1547,1496],"class_list":{"0":"post-19722","1":"product","2":"type-product","3":"status-publish","4":"has-post-thumbnail","6":"product_cat-boom-cylinders","7":"product_tag-boom-cylinders","8":"product_tag-hydraulic-cylinders","10":"first","11":"instock","12":"shipping-taxable","13":"product-type-simple"},"amp_enabled":true,"_links":{"self":[{"href":"https:\/\/www.hydraulic-cylinders.net\/lv\/wp-json\/wp\/v2\/product\/19722","targetHints":{"allow":["GET"]}}],"collection":[{"href":"https:\/\/www.hydraulic-cylinders.net\/lv\/wp-json\/wp\/v2\/product"}],"about":[{"href":"https:\/\/www.hydraulic-cylinders.net\/lv\/wp-json\/wp\/v2\/types\/product"}],"replies":[{"embeddable":true,"href":"https:\/\/www.hydraulic-cylinders.net\/lv\/wp-json\/wp\/v2\/comments?post=19722"}],"wp:featuredmedia":[{"embeddable":true,"href":"https:\/\/www.hydraulic-cylinders.net\/lv\/wp-json\/wp\/v2\/media\/17880"}],"wp:attachment":[{"href":"https:\/\/www.hydraulic-cylinders.net\/lv\/wp-json\/wp\/v2\/media?parent=19722"}],"wp:term":[{"taxonomy":"product_brand","embeddable":true,"href":"https:\/\/www.hydraulic-cylinders.net\/lv\/wp-json\/wp\/v2\/product_brand?post=19722"},{"taxonomy":"product_cat","embeddable":true,"href":"https:\/\/www.hydraulic-cylinders.net\/lv\/wp-json\/wp\/v2\/product_cat?post=19722"},{"taxonomy":"product_tag","embeddable":true,"href":"https:\/\/www.hydraulic-cylinders.net\/lv\/wp-json\/wp\/v2\/product_tag?post=19722"}],"curies":[{"name":"wp","href":"https:\/\/api.w.org\/{rel}","templated":true}]}}