{"id":19723,"date":"2025-04-07T07:03:57","date_gmt":"2025-04-07T07:03:57","guid":{"rendered":"https:\/\/www.hydraulic-cylinders.net\/product\/boom-cylinder-for-xiniu-xn7180\/"},"modified":"2025-04-07T07:04:02","modified_gmt":"2025-04-07T07:04:02","slug":"boom-cylinder-for-xiniu-xn7180","status":"publish","type":"product","link":"https:\/\/www.hydraulic-cylinders.net\/lv\/products\/boom-cylinder-for-xiniu-xn7180\/","title":{"rendered":"Str\u0113les cilindrs Xiniu XN7180"},"content":{"rendered":"<h1>Str\u0113les cilindrs Xiniu XN7180<\/h1>\n<h2>Ievads str\u0113les cilindros<\/h2>\n<p>Str\u0113les cilindrs, kas \u012bpa\u0161i izstr\u0101d\u0101ts Xiniu XN7180, ir b\u016btiska hidrauliska sast\u0101vda\u013ca, kam ir iz\u0161\u0137iro\u0161a noz\u012bme smago ma\u0161\u012bnu kust\u012bbas kontrol\u0113\u0161an\u0101. \u0160ie cilindri galvenok\u0101rt tiek izmantoti ekskavatoros, ekskavatoros-iekr\u0101v\u0113jos un front\u0101lajos iekr\u0101v\u0113jos, \u013caujot kausam efekt\u012bvi pacelt, nolaist un noliekt. Kausa cilindrs ir hidraulisk\u0101 cilindra veids, kas hidraulisko spiedienu p\u0101rveido meh\u0101nisk\u0101 sp\u0113k\u0101, atvieglojot da\u017e\u0101dus materi\u0101lu apstr\u0101des uzdevumus b\u016bvniec\u012bb\u0101 un lauksaimniec\u012bb\u0101.<\/p>\n<p><img decoding=\"async\" src=\"https:\/\/www.hydraulic-cylinders.net\/wp-content\/uploads\/2025\/04\/songte-company-1.webp\" alt=\"Str\u0113les cilindra att\u0113ls\"><\/p>\n<h3>Funkcija un pielietojums<\/h3>\n<p>Hidrauliskaj\u0101s sist\u0113m\u0101s str\u0113les cilindra funkcija ir iz\u0161\u0137iro\u0161a. Tas nodro\u0161ina nepiecie\u0161amo sp\u0113ku, lai veiktu prec\u012bzas kausa kust\u012bbas, \u013caujot operatoriem efekt\u012bvi veikt t\u0101dus uzdevumus k\u0101 rak\u0161ana, cel\u0161ana un materi\u0101lu transport\u0113\u0161ana. \u0160\u012b cilindra meh\u0101nikas kontrole ir \u013coti svar\u012bga, lai uzlabotu produktivit\u0101ti un nodro\u0161in\u0101tu dro\u0161\u012bbu darb\u012bb\u0101.<\/p>\n<h2>Str\u0113les cilindra \u012bpa\u0161\u012bbas<\/h2>\n<ul>\n<li><strong>Augsta iztur\u012bba un ilgm\u016b\u017e\u012bba:<\/strong> \u0160ie cilindri ir izgatavoti no augstas stipr\u012bbas t\u0113rauda vai alum\u012bnija, un tie ir paredz\u0113ti, lai iztur\u0113tu augstu spiedienu un lielas slodzes, padarot tos piem\u0113rotus skarbajiem darba apst\u0101k\u013ciem.<\/li>\n<li><strong>Efekt\u012bva hidraulisk\u0101 darb\u012bba:<\/strong> Str\u0113les cilindrs izmanto hidraulisk\u0101s e\u013c\u013cas spiedienu, lai nodro\u0161in\u0101tu vienm\u0113r\u012bgu izstiep\u0161anu un ievilk\u0161anu, nodro\u0161inot \u0101tru reakciju uz darb\u012bbas komand\u0101m un iev\u0113rojamu stum\u0161anas un vilk\u0161anas sp\u0113ku.<\/li>\n<li><strong>Veidu da\u017e\u0101d\u012bba:<\/strong> Tie ir pieejami vienk\u0101r\u0161\u0101s vai divk\u0101r\u0161\u0101s darb\u012bbas mode\u013cos, un tie atbilst da\u017e\u0101d\u0101m ekspluat\u0101cijas vajadz\u012bb\u0101m. Da\u017ei mode\u013ci ir teleskopiski, kas \u013cauj tos pla\u0161\u0101k izstiept, nepalielinot \u0101r\u0113jos izm\u0113rus, kas ir ide\u0101li piem\u0113rots \u0161aur\u0101m telp\u0101m.<\/li>\n<li><strong>Korozijas iztur\u012bba:<\/strong> \u0160ie cilindri ir konstru\u0113ti t\u0101, lai iztur\u0113tu pret koroziju, un tie ir izgatavoti no materi\u0101liem, kas uzlabo ilgm\u016b\u017e\u012bbu sare\u017e\u0123\u012btos apst\u0101k\u013cos.<\/li>\n<li><strong>Vienk\u0101r\u0161a apkope:<\/strong> \u0160ie cilindri, kas paredz\u0113ti vienk\u0101r\u0161ai apkopei, vienk\u0101r\u0161o remontu un apkopi, nodro\u0161inot minim\u0101lu tehnikas d\u012bkst\u0101vi.<\/li>\n<\/ul>\n<h2>Ra\u017eo\u0161anas iesp\u0113jas<\/h2>\n<p>Mums ir iesp\u0113jas ra\u017eot augstas kvalit\u0101tes str\u0113les cilindrus, kas lieliski aizst\u0101j eso\u0161os hidrauliskos cilindrus. M\u016bsu ra\u017eo\u0161anas process ir racionaliz\u0113ts, lai nodro\u0161in\u0101tu precizit\u0101ti un uzticam\u012bbu katr\u0101 ra\u017eotaj\u0101 vien\u012bb\u0101.<\/p>\n<p><img decoding=\"async\" src=\"https:\/\/www.hydraulic-cylinders.net\/wp-content\/uploads\/2025\/04\/songte-cylinder-head-with-all-kinds-excavator-models.webp\" alt=\"Cilindru ra\u017eo\u0161anas att\u0113ls\"><\/p>\n<h2>Lietojumprogrammu scen\u0101riji<\/h2>\n<h3>Celtniec\u012bbas apr\u012bkojums<\/h3>\n<p>B\u016bvniec\u012bbas iek\u0101rt\u0101s str\u0113les cilindri ir neat\u0146emama ekskavatoru sast\u0101vda\u013ca, kas atvieglo augsnes vai gru\u017eu rak\u0161anu, iekrau\u0161anu un p\u0101rvieto\u0161anu. To iztur\u012bg\u0101 konstrukcija nodro\u0161ina jaud\u012bgu cel\u0161anu un prec\u012bzu manevr\u0113\u0161anu, kas ir b\u016btiski b\u016bvniec\u012bbas projektiem, kuros nepiecie\u0161ama smagu kravu cel\u0161ana un materi\u0101lu p\u0101rvieto\u0161ana.<\/p>\n<h3>Lauksaimniec\u012bbas tehnika<\/h3>\n<p>Front\u0101lajiem iekr\u0101v\u0113jiem str\u0113les cilindri pal\u012bdz gr\u0101bt, pacelt un transport\u0113t augsni, sienu un citus materi\u0101lus. Tie nodro\u0161ina nepiecie\u0161amo sp\u0113ku, lai efekt\u012bvi apstr\u0101d\u0101tu lielas kravas, uzlabojot kop\u0113jo produktivit\u0101ti lauksaimniec\u012bbas darbos.<\/p>\n<h3>Ekskavatori<\/h3>\n<p>Ekskavatoros str\u0113les cilindri \u013cauj kausam efekt\u012bvi iek\u013c\u016bt zem\u0113, veicot svar\u012bgas rak\u0161anas darb\u012bbas. To veiktsp\u0113ja ir vit\u0101li svar\u012bga rak\u0161anas darbos da\u017e\u0101dos reljefos, nodro\u0161inot, ka operatori var sasniegt v\u0113lamos rezult\u0101tus ar minim\u0101lu piep\u016bli.<\/p>\n<h3>Iekr\u0101v\u0113ji<\/h3>\n<p>Front\u0101lajos iekr\u0101v\u0113jos \u0161ie cilindri pal\u012bdz efekt\u012bvi pacelt un izg\u0101zt kravas. To uzticam\u0101 darb\u012bba nodro\u0161ina, ka iekr\u0101v\u0113ji var veikt t\u0101dus uzdevumus k\u0101 materi\u0101lu apstr\u0101de un transport\u0113\u0161ana, neapdraudot veiktsp\u0113ju.<\/p>\n<h2>Dizaina apsv\u0113rumi un atlases krit\u0113riji<\/h2>\n<h3>Kravnes\u012bba<\/h3>\n<p>Str\u0113les cilindra kravnes\u012bba ir b\u016btisks projekt\u0113\u0161anas apsv\u0113rums. T\u0101 ir j\u0101piel\u0101go apkalpojam\u0101s tehnikas \u012bpa\u0161aj\u0101m pras\u012bb\u0101m. Ra\u017eot\u0101jiem ir j\u0101nov\u0113rt\u0113 paredz\u0113t\u0101 slodze un j\u0101nodro\u0161ina, ka cilindrs var iztur\u0113t \u0161\u0101dus sp\u0113kus bez boj\u0101jumu riska ekspluat\u0101cijas laik\u0101. Kravnes\u012bbas p\u0101rv\u0113rt\u0113\u0161ana var rad\u012bt nevajadz\u012bgas izmaksas, savuk\u0101rt nepietiekama nov\u0113rt\u0113\u0161ana var izrais\u012bt katastrof\u0101las atteices. T\u0101p\u0113c prec\u012bzi apr\u0113\u0137ini un zin\u0101\u0161anas par ekspluat\u0101cijas pras\u012bb\u0101m ir \u013coti svar\u012bgas, izv\u0113loties atbilsto\u0161u str\u0113les cilindru.<\/p>\n<h3>Bl\u012bv\u0113\u0161anas meh\u0101nismi<\/h3>\n<p>Efekt\u012bvi bl\u012bv\u0113\u0161anas meh\u0101nismi ir b\u016btiski, lai nodro\u0161in\u0101tu hidraulisko cilindru ilgm\u016b\u017e\u012bbu un efektivit\u0101ti. Bl\u012bv\u0113jumu izv\u0113le liel\u0101 m\u0113r\u0101 ietekm\u0113 cilindra sp\u0113ju saglab\u0101t hidraulisko \u0161\u0137idrumu un nov\u0113rst nopl\u016bdes. Augstas kvalit\u0101tes bl\u012bv\u0113\u0161anas materi\u0101li, piem\u0113ram, poliuret\u0101ns un nitrilgumija, ir v\u0113lami to iztur\u012bbas pret nodilumu un vides faktoriem d\u0113\u013c. Pareiza uzman\u012bba bl\u012bv\u0113juma konstrukcijai samazina apkopes nepiecie\u0161am\u012bbu un uzlabo kop\u0113jo sist\u0113mas uzticam\u012bbu.<\/p>\n<h3>Iztur\u012bba un apkope<\/h3>\n<p>Iztur\u012bba ir kritiski svar\u012bgs konstrukcijas aspekts, kas nodro\u0161ina, ka cilindrs var iztur\u0113t intens\u012bvas lieto\u0161anas slodzi. Tas ietver t\u0101du materi\u0101lu izmanto\u0161anu, kas ir iztur\u012bgi pret nodilumu, koroziju un nogurumu. Turkl\u0101t, projekt\u0113jot, \u0146emot v\u0113r\u0101 apkopi, piem\u0113ram, \u0113rtu piek\u013cuvi bl\u012bv\u0113jumu p\u0101rbaudei un nomai\u0146ai, var iev\u0113rojami samazin\u0101t d\u012bkst\u0101ves laiku un ekspluat\u0101cijas izmaksas. Regul\u0101ras apkopes p\u0101rbaudes ir b\u016btiskas, lai laikus identific\u0113tu iesp\u0113jam\u0101s probl\u0113mas, t\u0101p\u0113c iztur\u012bbas un vienk\u0101r\u0161as apkopes iek\u013cau\u0161ana konstrukcij\u0101 ir lab\u0101k\u0101 prakse.<\/p>\n<p><img decoding=\"async\" src=\"https:\/\/www.hydraulic-cylinders.net\/wp-content\/uploads\/2025\/04\/songte-oil-pipes-and-spare-parts.webp\" alt=\"Hidraulisko komponentu att\u0113ls\"><\/p>\n<h2>Bl\u012bv\u0113\u0161ana un e\u013c\u013co\u0161ana<\/h2>\n<p>Pareiza bl\u012bv\u0113\u0161ana un e\u013c\u013co\u0161ana ir b\u016btiska str\u0113les cilindru efekt\u012bvai darb\u012bbai. Lai pasarg\u0101tu no \u0161\u0137idruma zudumiem, tiek izmantoti da\u017e\u0101di bl\u012bv\u0113\u0161anas komponenti, piem\u0113ram, virzu\u013ca bl\u012bves un stie\u0146a bl\u012bves. Bl\u012bv\u0113jumi, kas izgatavoti no iztur\u012bgiem materi\u0101liem, piem\u0113ram, poliuret\u0101na un nitrila gumijas, nodro\u0161ina izcilu nodilumiztur\u012bbu, t\u0101d\u0113j\u0101di pagarinot cilindra kalpo\u0161anas laiku. Turkl\u0101t cilindra korpuss un v\u012bt\u0146otie gali tiek r\u016bp\u012bgi apstr\u0101d\u0101ti, lai uzlabotu nodilumiztur\u012bbu. Regul\u0101ra e\u013c\u013co\u0161ana ar hidraulisko e\u013c\u013cu ir b\u016btiska, jo t\u0101 samazina berzi un veicina vienm\u0113r\u012bgu darb\u012bbu, nodro\u0161inot optim\u0101lu hidraulisk\u0101s sist\u0113mas darb\u012bbu.<\/p>\n<h2>Regul\u0101ra p\u0101rbaude un profilaktisk\u0101 apkope<\/h2>\n<ul>\n<li><strong>Rut\u012bnas p\u0101rbaudes:<\/strong> Regul\u0101ras p\u0101rbaudes ir \u013coti svar\u012bgas, lai noteiktu nodilumu, pirms tas pastiprin\u0101s. Darb\u012bbas laik\u0101 mekl\u0113jiet nopl\u016bdes, korozijas vai neparastu trok\u0161\u0146u paz\u012bmes.<\/li>\n<li><strong>Pareiza e\u013c\u013co\u0161ana:<\/strong> P\u0101rliecinieties, vai hidraulisk\u0101s e\u013c\u013cas l\u012bmenis ir pietiekams un vai e\u013c\u013co\u0161ana tiek veikta saska\u0146\u0101 ar ra\u017eot\u0101ja ieteikumiem. Atbilsto\u0161a e\u013c\u013co\u0161ana samazina iek\u0161\u0113jo deta\u013cu berzi un nodilumu.<\/li>\n<li><strong>Bl\u012bv\u0113juma nomai\u0146a:<\/strong> Regul\u0101ri p\u0101rbaudiet bl\u012bv\u0113jumu st\u0101vokli un nomainiet tos, ja nepiecie\u0161ams. Boj\u0101ti bl\u012bv\u0113jumi var izrais\u012bt \u0161\u0137idruma nopl\u016bdes un samazin\u0101t efektivit\u0101ti.<\/li>\n<\/ul>\n<h2>Uzst\u0101d\u012b\u0161anas vadl\u012bnijas<\/h2>\n<p>Lai pareizi uzst\u0101d\u012btu str\u0113les cilindru, veiciet t\u0101l\u0101k nor\u0101d\u012bt\u0101s darb\u012bbas.<\/p>\n<ol>\n<li>Pirms uzst\u0101d\u012b\u0161anas procesa s\u0101k\u0161anas p\u0101rliecinieties, vai hidrauliskaj\u0101 sist\u0113m\u0101 nav spiediena, lai nov\u0113rstu negad\u012bjumus.<\/li>\n<li>Uzman\u012bgi izl\u012bdziniet cilindru ar stiprin\u0101juma punktiem uz iek\u0101rtas, p\u0101rliecinoties, ka tas ir l\u012bdzens un pareizi novietots.<\/li>\n<li>Izmantojiet atbilsto\u0161us stiprin\u0101juma kron\u0161teinus, lai nostiprin\u0101tu cilindru, nodro\u0161inot, ka tas ir stingri piestiprin\u0101ts, lai nov\u0113rstu kust\u012bbu darb\u012bbas laik\u0101.<\/li>\n<li>Pievienojiet hidraulisk\u0101s l\u012bnijas, p\u0101rliecinoties, ka t\u0101s nav gru\u017eu un ir dro\u0161i nostiprin\u0101tas, lai nov\u0113rstu nopl\u016bdes.<\/li>\n<li>P\u0113c uzst\u0101d\u012b\u0161anas l\u0113n\u0101m piepildiet sist\u0113mu ar spiedienu un p\u0101rbaudiet, vai nav nopl\u016b\u017eu, pirms piln\u012bgas lieto\u0161anas p\u0101rliecinoties, ka viss darbojas nevainojami.<\/li>\n<\/ol>\n<h2>Apkopes uzdevumi<\/h2>\n<ul>\n<li><strong>Regul\u0101ras p\u0101rbaudes:<\/strong> Veiciet regul\u0101ras p\u0101rbaudes, lai identific\u0113tu iesp\u0113jam\u0101s probl\u0113mas. P\u0101rbaudiet, vai nav nopl\u016b\u017eu, nodiluma paz\u012bmju un vai ir pareiza darb\u012bba, lai probl\u0113mas atkl\u0101tu jau agr\u012bn\u0101 stadij\u0101.<\/li>\n<li><strong>Pareiza e\u013c\u013co\u0161ana:<\/strong> Uzturiet atbilsto\u0161u hidraulisk\u0101s e\u013c\u013cas l\u012bmeni un veiciet e\u013c\u013co\u0161anu, k\u0101 ieteikts, lai nodro\u0161in\u0101tu vienm\u0113r\u012bgu darb\u012bbu un samazin\u0101tu nodilumu.<\/li>\n<li><strong>Bl\u012bv\u0113juma nomai\u0146as un kalibr\u0113\u0161anas p\u0101rbaudes:<\/strong> Regul\u0101ri nomainiet bl\u012bves un veiciet kalibr\u0113\u0161anas p\u0101rbaudes, lai nodro\u0161in\u0101tu, ka cilindrs darbojas noteikto parametru robe\u017e\u0101s.<\/li>\n<\/ul>\n<h2>Dro\u0161\u012bbas apsv\u0113rumi un vides faktori<\/h2>\n<p>Dro\u0161\u012bbas pas\u0101kumi ir \u0101rk\u0101rt\u012bgi svar\u012bgi, darbinot hidraulisk\u0101s sist\u0113mas. Operatoriem j\u0101b\u016bt apm\u0101c\u012btiem dro\u0161\u0101 ma\u0161\u012bnu lieto\u0161an\u0101 un j\u0101saprot dro\u0161\u012bbas protokolu iev\u0113ro\u0161anas noz\u012bme. Pareiza apkope un savlaic\u012bgas p\u0101rbaudes var nov\u0113rst negad\u012bjumus, ko izraisa iek\u0101rtu boj\u0101jumi. Turkl\u0101t j\u0101apsver videi draudz\u012bga prakse, piem\u0113ram, biolo\u0123iski no\u0101rd\u0101mu hidraulisko \u0161\u0137idrumu izmanto\u0161ana un j\u0101nodro\u0161ina, ka visas nopl\u016bdes tiek nekav\u0113joties nov\u0113rstas, lai samazin\u0101tu ietekmi uz vidi.<\/p>\n<h2>Probl\u0113mu nov\u0113r\u0161ana un bie\u017ei sastopamas probl\u0113mas<\/h2>\n<ul>\n<li><strong>Hidraulisk\u0101 \u0161\u0137idruma nopl\u016bdes:<\/strong> Nopl\u016bdes bie\u017ei var liecin\u0101t par nolietotiem bl\u012bv\u0113jumiem vai boj\u0101tiem savienojumiem. P\u0101rbaudiet bl\u012bves un, ja nepiecie\u0161ams, nomainiet t\u0101s.<\/li>\n<li><strong>V\u0101j\u0161 vai nerea\u0123\u0113jo\u0161s cilindrs:<\/strong> Tas var b\u016bt saist\u012bts ar zemu hidraulisk\u0101 \u0161\u0137idruma l\u012bmeni vai gaisu sist\u0113m\u0101. P\u0101rbaudiet \u0161\u0137idruma l\u012bmeni un atgaisojiet sist\u0113mu, lai izvad\u012btu gaisu.<\/li>\n<li><strong>Nekonsekventa kust\u012bba:<\/strong> Neregul\u0101ra cilindra kust\u012bba var nor\u0101d\u012bt uz probl\u0113m\u0101m ar hidraulisko s\u016bkni vai aizsprostojumiem hidrauliskaj\u0101s l\u012bnij\u0101s. P\u0101rbaudiet s\u016bkni un l\u012bnijas, vai nav aizsprostojumu.<\/li>\n<\/ul>\n<h2>Probl\u0113mu nov\u0113r\u0161anas padomi<\/h2>\n<p>Lai efekt\u012bvi diagnostic\u0113tu un nov\u0113rstu probl\u0113mas, iev\u0113rojiet \u0161os padomus:<\/p>\n<ul>\n<li>Vienm\u0113r uzturiet apkopes darb\u012bbu un visu konstat\u0113to probl\u0113mu \u017eurn\u0101lu. Tas var pal\u012bdz\u0113t noteikt sakar\u012bbas un nov\u0113rst turpm\u0101kas probl\u0113mas.<\/li>\n<li>Regul\u0101ri apm\u0101ciet operatorus, lai nodro\u0161in\u0101tu, ka vi\u0146i saprot, k\u0101 laikus identific\u0113t iesp\u0113jam\u0101s probl\u0113mas, izvairoties no d\u0101rgiem remontdarbiem.<\/li>\n<li>Lai ieg\u016btu savam modelim rakstur\u012bg\u0101s probl\u0113mu nov\u0113r\u0161anas vadl\u012bnijas, skatiet ra\u017eot\u0101ja rokasgr\u0101matu, nodro\u0161inot, ka iev\u0113rojat lab\u0101ko remonta praksi.<\/li>\n<\/ul>\n<p><img decoding=\"async\" src=\"https:\/\/www.hydraulic-cylinders.net\/wp-content\/uploads\/2025\/04\/songte-bushings-with-all-kinds-of-excavator-models.webp\" alt=\"Bukses att\u0113ls\"><\/p>\n<h2>Par m\u016bsu uz\u0146\u0113mumu<\/h2>\n<p>M\u0113s esam vado\u0161ais rezerves hidraulisko cilindru ra\u017eot\u0101js, kas paz\u012bstams ar pla\u0161o produktu kl\u0101stu un ap\u0146em\u0161anos nodro\u0161in\u0101t kvalit\u0101ti. M\u016bsu uz\u0146\u0113mums ir k\u013cuvis par vienu no vado\u0161ajiem hidraulisko cilindru ra\u017eot\u0101jiem un vairumtirgot\u0101jiem gan viet\u0113j\u0101, gan starptautiskaj\u0101 tirg\u016b. M\u0113s koncentr\u0113jamies uz izcil\u012bbu kvalit\u0101t\u0113, izmantojot izsmalcin\u0101tu ra\u017eo\u0161anas darbn\u012bcu ar r\u016bpniecisk\u0101s ra\u017eo\u0161anas vad\u012bbas strat\u0113\u0123iju. Izmantojot kvalific\u0113tus tehni\u0137us, modernu digit\u0101lo ra\u017eo\u0161anas apr\u012bkojumu un profesion\u0101lu test\u0113\u0161anas sist\u0113mu, m\u0113s past\u0101v\u012bgi uzlabojam savas ra\u017eo\u0161anas iesp\u0113jas.<\/p>\n<p><img decoding=\"async\" src=\"https:\/\/www.hydraulic-cylinders.net\/wp-content\/uploads\/2025\/04\/songte-company-4.webp\" alt=\"Uz\u0146\u0113muma p\u0101rskata att\u0113ls\"><br \/>\n<img decoding=\"async\" src=\"https:\/\/www.hydraulic-cylinders.net\/wp-content\/uploads\/2025\/04\/songte-company-3.webp\" alt=\"Ra\u017eo\u0161anas telpas att\u0113ls\"><\/p>\n<p>M\u016bsu ap\u0146em\u0161anos nodro\u0161in\u0101t profesionalit\u0101ti apliecina starptautiski sertifik\u0101ti un piel\u0101goti pakalpojumi, kas piel\u0101goti klientu vajadz\u012bb\u0101m. M\u0113s izmantojam modern\u0101k\u0101s ra\u017eo\u0161anas iek\u0101rtas, lai nodro\u0161in\u0101tu augstu efektivit\u0101ti, precizit\u0101ti un kvalit\u0101ti, nodro\u0161inot, ka m\u0113s izpild\u0101m m\u016bsu klientu da\u017e\u0101d\u0101s pras\u012bbas, vienlaikus sniedzot izcilu p\u0113cp\u0101rdo\u0161anas atbalstu.<\/p>\n<p>Autors: lil<\/p>","protected":false},"excerpt":{"rendered":"<p>Boom Cylinder For Xiniu XN7180 Introduction to Boom Cylinders The Boom Cylinder, specifically designed for the Xiniu XN7180, is an essential hydraulic component that plays a critical role in controlling the movement of heavy machinery. These cylinders are primarily used in excavators, backhoe loaders, and front-end loaders, enabling the bucket to lift, lower, and tilt [&hellip;]<\/p>","protected":false},"featured_media":17881,"comment_status":"open","ping_status":"closed","template":"","meta":{"_et_pb_use_builder":"","_et_pb_old_content":"","_et_gb_content_width":""},"product_brand":[],"product_cat":[1546],"product_tag":[1547,1496],"class_list":{"0":"post-19723","1":"product","2":"type-product","3":"status-publish","4":"has-post-thumbnail","6":"product_cat-boom-cylinders","7":"product_tag-boom-cylinders","8":"product_tag-hydraulic-cylinders","10":"first","11":"instock","12":"shipping-taxable","13":"product-type-simple"},"amp_enabled":true,"_links":{"self":[{"href":"https:\/\/www.hydraulic-cylinders.net\/lv\/wp-json\/wp\/v2\/product\/19723","targetHints":{"allow":["GET"]}}],"collection":[{"href":"https:\/\/www.hydraulic-cylinders.net\/lv\/wp-json\/wp\/v2\/product"}],"about":[{"href":"https:\/\/www.hydraulic-cylinders.net\/lv\/wp-json\/wp\/v2\/types\/product"}],"replies":[{"embeddable":true,"href":"https:\/\/www.hydraulic-cylinders.net\/lv\/wp-json\/wp\/v2\/comments?post=19723"}],"wp:featuredmedia":[{"embeddable":true,"href":"https:\/\/www.hydraulic-cylinders.net\/lv\/wp-json\/wp\/v2\/media\/17881"}],"wp:attachment":[{"href":"https:\/\/www.hydraulic-cylinders.net\/lv\/wp-json\/wp\/v2\/media?parent=19723"}],"wp:term":[{"taxonomy":"product_brand","embeddable":true,"href":"https:\/\/www.hydraulic-cylinders.net\/lv\/wp-json\/wp\/v2\/product_brand?post=19723"},{"taxonomy":"product_cat","embeddable":true,"href":"https:\/\/www.hydraulic-cylinders.net\/lv\/wp-json\/wp\/v2\/product_cat?post=19723"},{"taxonomy":"product_tag","embeddable":true,"href":"https:\/\/www.hydraulic-cylinders.net\/lv\/wp-json\/wp\/v2\/product_tag?post=19723"}],"curies":[{"name":"wp","href":"https:\/\/api.w.org\/{rel}","templated":true}]}}