{"id":19729,"date":"2025-04-07T07:04:25","date_gmt":"2025-04-07T07:04:25","guid":{"rendered":"https:\/\/www.hydraulic-cylinders.net\/product\/boom-cylinder-for-xiniu-xnx8\/"},"modified":"2025-04-07T07:04:27","modified_gmt":"2025-04-07T07:04:27","slug":"boom-cylinder-for-xiniu-xnx8","status":"publish","type":"product","link":"https:\/\/www.hydraulic-cylinders.net\/lv\/products\/boom-cylinder-for-xiniu-xnx8\/","title":{"rendered":"Str\u0113les cilindrs Xiniu XNX8"},"content":{"rendered":"<h1>Str\u0113les cilindrs Xiniu XNX8<\/h1>\n<h2>Str\u0113les cilindra izpratne<\/h2>\n<p>Str\u0113les cilindrs, kas \u012bpa\u0161i paredz\u0113ts smagaj\u0101m ma\u0161\u012bn\u0101m, sp\u0113l\u0113 iz\u0161\u0137iro\u0161u lomu da\u017e\u0101du iek\u0101rtu, piem\u0113ram, ekskavatoru un iekr\u0101v\u0113ju, darb\u012bb\u0101. \u0160is hidrauliskais cilindrs ir atbild\u012bgs par kausa kust\u012bbas vad\u012bbu, \u013caujot tam pacelt, nolaist un sasv\u0113rt. K\u0101 svar\u012bga hidraulisko sist\u0113mu sast\u0101vda\u013ca, str\u0113les cilindrs nodro\u0161ina efekt\u012bvu materi\u0101lu apstr\u0101di, padarot to par b\u016btisku celtniec\u012bbas un lauksaimniec\u012bbas tehnikas sast\u0101vda\u013cu.<\/p>\n<p><img decoding=\"async\" src=\"https:\/\/www.hydraulic-cylinders.net\/wp-content\/uploads\/2025\/04\/songte-company-1.webp\" alt=\"Str\u0113les cilindra att\u0113ls\"><\/p>\n<h3>Defin\u012bcija un p\u0101rskats<\/h3>\n<p>Str\u0113les cilindrs ir hidraulisk\u0101 cilindra veids, ko \u012bpa\u0161i izmanto smagaj\u0101s ma\u0161\u012bn\u0101s, lai p\u0101rvald\u012btu kausa kust\u012bbu. Tas darbojas, izmantojot hidraulisko \u0161\u0137idrumu sp\u0113ka rad\u012b\u0161anai, \u013caujot ma\u0161\u012bn\u0101m prec\u012bzi veikt t\u0101dus uzdevumus k\u0101 rak\u0161ana, cel\u0161ana un noliek\u0161ana. \u0160is meh\u0101nisms ir neat\u0146emama sast\u0101vda\u013ca lietojumos, kuros ir iesaist\u012bta smagu kravu cel\u0161ana un materi\u0101lu apstr\u0101de, jo tas nodro\u0161ina nepiecie\u0161amo jaudu un vad\u012bbu efekt\u012bvai darb\u012bbai.<\/p>\n<h2>Str\u0113les cilindra \u012bpa\u0161\u012bbas<\/h2>\n<ul>\n<li><strong>Augsta iztur\u012bba un ilgm\u016b\u017e\u012bba:<\/strong> Parasti izgatavots no augstas stipr\u012bbas t\u0113rauda vai alum\u012bnija, kas paredz\u0113ts augsta spiediena un lielu slodzi iztur\u0113\u0161anai. Tas ir veidots, lai iztur\u0113tu skarbus darba apst\u0101k\u013cus, un taj\u0101 ir iek\u013cauta nodilumiztur\u012bba un korozijas iztur\u012bba, lai pagarin\u0101tu t\u0101 kalpo\u0161anas laiku.<\/li>\n<li><strong>Efekt\u012bva hidraulisk\u0101 darb\u012bba:<\/strong> Cilindrs izmanto hidraulisk\u0101 \u0161\u0137idruma spiedienu, lai pan\u0101ktu vienm\u0113r\u012bgu izstiep\u0161anu un ievilk\u0161anu, \u0101tri rea\u0123\u0113jot uz operatora komand\u0101m un nodro\u0161inot iev\u0113rojamu stum\u0161anas un vilk\u0161anas sp\u0113ku, kas piem\u0113rots smagu un sare\u017e\u0123\u012btu uzdevumu veik\u0161anai.<\/li>\n<li><strong>Da\u017e\u0101di veidi:<\/strong> Pieejami vienk\u0101r\u0161\u0101s darb\u012bbas (hidraulisk\u0101 darb\u012bba vien\u0101 virzien\u0101) vai divk\u0101r\u0161\u0101s darb\u012bbas (hidraulisk\u0101 darb\u012bba abos virzienos) mode\u013cos, da\u017ei varianti ir teleskopiski, kas \u013cauj pan\u0101kt liel\u0101ku pagarin\u0101jumu, nepalielinot \u0101r\u0113jos izm\u0113rus, padarot tos ide\u0101li piem\u0113rotus ierobe\u017eotas vietas lietojumprogramm\u0101m.<\/li>\n<li><strong>Piel\u0101gota ra\u017eo\u0161ana:<\/strong> M\u016bsu produkti var lieliski aizst\u0101t eso\u0161os hidrauliskos cilindrus, nodro\u0161inot sader\u012bbu un veiktsp\u0113ju.<\/li>\n<li><strong>Uzticama veiktsp\u0113ja:<\/strong> Paredz\u0113ts vienm\u0113r\u012bgai darb\u012bbai main\u012bg\u0101s slodz\u0113s, nodro\u0161inot uzticam\u012bbu sare\u017e\u0123\u012btu uzdevumu laik\u0101.<\/li>\n<\/ul>\n<p><img decoding=\"async\" src=\"https:\/\/www.hydraulic-cylinders.net\/wp-content\/uploads\/2025\/04\/songte-cylinder-head-with-all-kinds-excavator-models.webp\" alt=\"Str\u0113les cilindra specifik\u0101cijas\"><\/p>\n<h2>Str\u0113les cilindra pielietojumi<\/h2>\n<h3>Celtniec\u012bbas apr\u012bkojums<\/h3>\n<p>Ekskavatoros str\u0113les cilindri ir \u013coti svar\u012bgi augsnes vai gru\u017eu rak\u0161anai, iekrau\u0161anai un p\u0101rvieto\u0161anai. Tie \u013cauj kausam efekt\u012bvi iek\u013c\u016bt zem\u0113, nodro\u0161inot efekt\u012bvus rak\u0161anas procesus. L\u012bdz\u012bgi ar\u012b ekskavatoros-iekr\u0101v\u0113jos \u0161ie cilindri pal\u012bdz gan rak\u0161anas, gan cel\u0161anas darbos, padarot tos daudzpus\u012bgus da\u017e\u0101d\u0101m b\u016bvniec\u012bbas darb\u012bb\u0101m.<\/p>\n<h3>Lauksaimniec\u012bbas tehnika<\/h3>\n<p>Front\u0101lajos iekr\u0101v\u0113jos str\u0113les cilindri atvieglo augsnes, siena un citu materi\u0101lu sav\u0101k\u0161anu, cel\u0161anu un transport\u0113\u0161anu. Hidraulisk\u0101 sist\u0113ma nodro\u0161ina nepiecie\u0161amo jaudu \u0161iem uzdevumiem, uzlabojot lauksaimniec\u012bbas darbu produktivit\u0101ti un efektivit\u0101ti.<\/p>\n<h3>Ekskavatori<\/h3>\n<p>Ekskavatori izmanto str\u0113les cilindrus, lai veiktu rak\u0161anas darb\u012bbas, \u013caujot kausam efekt\u012bvi iek\u013c\u016bt augsn\u0113. \u0160\u012b sp\u0113ja ir vit\u0101li svar\u012bga t\u0101dos darbos k\u0101 ainavu veido\u0161ana, tran\u0161eju rak\u0161ana un vietas sagatavo\u0161ana, kur nepiecie\u0161ama precizit\u0101te un jauda.<\/p>\n<h3>Iekr\u0101v\u0113ji<\/h3>\n<p>Front\u0101lajos iekr\u0101v\u0113jos str\u0113les cilindriem ir b\u016btiska loma kravu efekt\u012bv\u0101 cel\u0161an\u0101 un izg\u0101\u0161an\u0101. Tie \u013cauj operatoriem \u0101tri un prec\u012bzi apstr\u0101d\u0101t materi\u0101lus, iev\u0113rojami uzlabojot darb\u012bbas efektivit\u0101ti b\u016bvlaukumos.<\/p>\n<h2>Dizaina apsv\u0113rumi un atlases krit\u0113riji<\/h2>\n<h3>Kravnes\u012bba<\/h3>\n<p>Str\u0113les cilindra kravnes\u012bba ir kritisks faktors, kas j\u0101\u0146em v\u0113r\u0101, izv\u0113loties hidraulisko cilindru. Tam j\u0101sp\u0113j iztur\u0113t maksim\u0101lo svaru, ko tehnika pacels vai p\u0101rvietos. Pareiza kravnes\u012bbas nov\u0113rt\u0113\u0161ana nodro\u0161ina dro\u0161u un efekt\u012bvu darb\u012bbu, samazinot meh\u0101nisku boj\u0101jumu risku.<\/p>\n<h3>Bl\u012bv\u0113\u0161ana<\/h3>\n<p>Efekt\u012bvs bl\u012bv\u0113jums ir vit\u0101li svar\u012bgs hidraulisk\u0101 spiediena uztur\u0113\u0161anai un \u0161\u0137idruma nopl\u016b\u017eu nov\u0113r\u0161anai. Augstas kvalit\u0101tes bl\u012bv\u0113jumi ir b\u016btiski, lai nodro\u0161in\u0101tu cilindra ilgm\u016b\u017e\u012bbu un nov\u0113rstu hidraulisk\u0101 \u0161\u0137idruma pies\u0101r\u0146o\u0161anu, kas var\u0113tu pasliktin\u0101t veiktsp\u0113ju.<\/p>\n<h3>Iztur\u012bba<\/h3>\n<p>Str\u0113les cilindra iztur\u012bbu nosaka izmantotie materi\u0101li un iek\u013caut\u0101s konstrukcijas iez\u012bmes. Labi konstru\u0113tam cilindram j\u0101iztur nodilums no past\u0101v\u012bgas kust\u012bbas un skarbu vides apst\u0101k\u013cu iedarb\u012bbas, garant\u0113jot ilg\u0101ku kalpo\u0161anas laiku.<\/p>\n<h3>Dro\u0161\u012bba<\/h3>\n<p>Safety features should always be a primary concern when selecting a boom cylinder. This includes assessing the cylinder&#8217;s ability to handle overload conditions, ensuring that safety valves are in place to prevent catastrophic failure during operation.<\/p>\n<h3>Uzturam\u012bba<\/h3>\n<p>Vienk\u0101r\u0161a apkope ir \u013coti svar\u012bga, lai samazin\u0101tu d\u012bkst\u0101ves laiku. Izv\u0113loties str\u0113les cilindru, kas nodro\u0161ina \u0113rtu piek\u013cuvi kritiski svar\u012bg\u0101m sast\u0101vda\u013c\u0101m p\u0101rbaudei un apkopei, tiks uzlabota darb\u012bbas efektivit\u0101te un pagarin\u0101ts iek\u0101rtas kalpo\u0161anas laiks.<\/p>\n<p><img decoding=\"async\" src=\"https:\/\/www.hydraulic-cylinders.net\/wp-content\/uploads\/2025\/04\/songte-oil-pipes-and-spare-parts.webp\" alt=\"Hidraulisko cilindru komponenti\"><\/p>\n<h2>Bl\u012bv\u0113\u0161ana un e\u013c\u013co\u0161ana<\/h2>\n<p>Pareiza bl\u012bv\u0113\u0161ana un e\u013c\u013co\u0161ana ir b\u016btiska str\u0113les cilindru veiktsp\u0113jai un ilgm\u016b\u017e\u012bbai. Lai nov\u0113rstu \u0161\u0137idruma nopl\u016bdes un pies\u0101r\u0146ojumu, tiek izmantoti da\u017e\u0101di bl\u012bv\u0113\u0161anas elementi, piem\u0113ram, virzu\u013ca bl\u012bves un stie\u0146a bl\u012bves. Materi\u0101li, piem\u0113ram, poliuret\u0101ns un nitrila gumija, parasti tiek izmantoti to nodilumiztur\u012bgo \u012bpa\u0161\u012bbu d\u0113\u013c. Turkl\u0101t cilindra korpusam un v\u012bt\u0146otaj\u0101m gala virsm\u0101m ir nepiecie\u0161ama prec\u012bza apstr\u0101de, lai uzlabotu nodilumiztur\u012bbu. Regul\u0101ra e\u013c\u013co\u0161ana ar hidraulisko e\u013c\u013cu ir nepiecie\u0161ama, lai uztur\u0113tu optim\u0101lu veiktsp\u0113ju un nov\u0113rstu berzes izrais\u012btu nodilumu.<\/p>\n<h2>Regul\u0101ra p\u0101rbaude un profilaktisk\u0101 apkope<\/h2>\n<ul>\n<li><strong>Regul\u0101ras p\u0101rbaudes:<\/strong> Veiciet r\u016bp\u012bgas p\u0101rbaudes, lai noteiktu nodiluma, nopl\u016b\u017eu vai boj\u0101jumu paz\u012bmes. Probl\u0113mu agr\u012bna atkl\u0101\u0161ana var nov\u0113rst nopietn\u0101kas probl\u0113mas v\u0113l\u0101k.<\/li>\n<li><strong>Pareiza e\u013c\u013co\u0161ana:<\/strong> P\u0101rliecinieties, ka hidrauliskaj\u0101 sist\u0113m\u0101 ir pietiekami daudz e\u013c\u013cas, un regul\u0101ri nomainiet to saska\u0146\u0101 ar ra\u017eot\u0101ja ieteikumiem, lai nodro\u0161in\u0101tu nevainojamu darb\u012bbu.<\/li>\n<li><strong>Bl\u012bv\u0113juma nomai\u0146a:<\/strong> Regul\u0101ri p\u0101rbaudiet un nomainiet bl\u012bves p\u0113c nepiecie\u0161am\u012bbas, lai nov\u0113rstu nopl\u016bdes un saglab\u0101tu efektivit\u0101ti.<\/li>\n<\/ul>\n<h2>Uzst\u0101d\u012b\u0161anas vadl\u012bnijas<\/h2>\n<p>Lai pareizi uzst\u0101d\u012btu str\u0113les cilindru, veiciet t\u0101l\u0101k nor\u0101d\u012bt\u0101s darb\u012bbas.<\/p>\n<ol>\n<li>Pirms uzst\u0101d\u012b\u0161anas p\u0101rliecinieties, vai visas deta\u013cas ir t\u012bras un bez gru\u017eiem.<\/li>\n<li>Prec\u012bzi nol\u012bdziniet cilindru ar stiprin\u0101juma punktiem, lai darb\u012bbas laik\u0101 nov\u0113rstu spriegumu un nepareizu novietojumu.<\/li>\n<li>Izmantojiet atbilsto\u0161us mont\u0101\u017eas kron\u0161teinus, lai nostiprin\u0101tu cilindru viet\u0101, nodro\u0161inot, ka tas ir cie\u0161i piestiprin\u0101ts.<\/li>\n<li>Pirms iek\u0101rtas lieto\u0161anas p\u0101rbaudiet, vai visos hidrauliskajos savienojumos nav nopl\u016b\u017eu.<\/li>\n<li>Pirms piln\u012bgas darb\u012bbas p\u0101rbaudiet sist\u0113mu zem\u0101 spiedien\u0101, lai p\u0101rliecin\u0101tos, ka viss darbojas pareizi.<\/li>\n<\/ol>\n<h2>Bie\u017ei sastopamie apkopes uzdevumi<\/h2>\n<ul>\n<li><strong>Regul\u0101ras p\u0101rbaudes:<\/strong> Iepl\u0101nojiet regul\u0101ras p\u0101rbaudes, lai laikus paman\u012btu nodilumu vai boj\u0101jumus.<\/li>\n<li><strong>Piem\u0113rota e\u013c\u013co\u0161ana:<\/strong> Regul\u0101ri iee\u013c\u013cojiet cilindru saska\u0146\u0101 ar specifik\u0101cij\u0101m, lai nov\u0113rstu nodilumu un saglab\u0101tu efektivit\u0101ti.<\/li>\n<li><strong>Bl\u012bv\u0113juma nomai\u0146as un kalibr\u0113\u0161anas p\u0101rbaudes:<\/strong> Periodiski p\u0101rbaudiet bl\u012bv\u0113jumu nodilumu un nomainiet tos p\u0113c nepiecie\u0161am\u012bbas, nodro\u0161inot, ka sist\u0113ma saglab\u0101jas nosl\u0113gta un efekt\u012bva.<\/li>\n<\/ul>\n<p>Uzst\u0101d\u012b\u0161anas laik\u0101 ir svar\u012bgi pareizi izl\u012bdzin\u0101t cilindru, izmantojot atbilsto\u0161us stiprin\u0101juma kron\u0161teinus t\u0101 nostiprin\u0101\u0161anai. Regul\u0101ri apkopes darbi, piem\u0113ram, p\u0101rbaudes un e\u013c\u013co\u0161ana, ir svar\u012bgi, lai pagarin\u0101tu str\u0113les cilindra kalpo\u0161anas laiku un nodro\u0161in\u0101tu dro\u0161u darb\u012bbu.<\/p>\n<p><img decoding=\"async\" src=\"https:\/\/www.hydraulic-cylinders.net\/wp-content\/uploads\/2025\/04\/songte-chushion-collar.webp\" alt=\"Spilvenu apkakle\"><\/p>\n<h2>Dro\u0161\u012bbas apsv\u0113rumi un vides faktori<\/h2>\n<p>Str\u0101d\u0101jot ar hidrauliskaj\u0101m sist\u0113m\u0101m, dro\u0161\u012bbas pas\u0101kumi ir \u0101rk\u0101rt\u012bgi svar\u012bgi. Operatoriem j\u0101valk\u0101 atbilsto\u0161i individu\u0101lie aizsardz\u012bbas l\u012bdzek\u013ci (IAL) un j\u0101nodro\u0161ina, ka ekspluat\u0101cijas un apkopes laik\u0101 tiek iev\u0113roti visi dro\u0161\u012bbas protokoli. Regul\u0101ra apm\u0101c\u012bba par hidraulisko dro\u0161\u012bbu var nov\u0113rst negad\u012bjumus un uzlabot darb\u012bbas efektivit\u0101ti.<\/p>\n<h2>Probl\u0113mu nov\u0113r\u0161ana un bie\u017ei sastopamas probl\u0113mas<\/h2>\n<ul>\n<li><strong>Hidraulisk\u0101 \u0161\u0137idruma nopl\u016bdes:<\/strong> P\u0101rbaudiet bl\u012bves un savienojumus, vai tie nav nodilu\u0161i vai boj\u0101ti. Nekav\u0113joties nomainiet boj\u0101t\u0101s bl\u012bves, lai nov\u0113rstu nopl\u016bdes.<\/li>\n<li><strong>Nepietiekama jauda:<\/strong> Tas var liecin\u0101t par zemu hidraulisk\u0101 \u0161\u0137idruma l\u012bmeni vai iek\u0161\u0113jiem boj\u0101jumiem cilindr\u0101. P\u0101rbaudiet sist\u0113mu un, ja nepiecie\u0161ams, uzpildiet vai salabojiet to.<\/li>\n<li><strong>Neparastas ska\u0146as:<\/strong> Jebk\u0101das sl\u012bp\u0113\u0161anas vai klauv\u0113\u0161anas ska\u0146as var liecin\u0101t par meh\u0101nisku nodilumu vai nepareizu izl\u012bdzin\u0101jumu. Nekav\u0113joties p\u0101rbaudiet, lai nov\u0113rstu turpm\u0101kus boj\u0101jumus.<\/li>\n<\/ul>\n<h2>Probl\u0113mu nov\u0113r\u0161anas padomi un risin\u0101jumi<\/h2>\n<p>Lai efekt\u012bvi nov\u0113rstu probl\u0113mas:<\/p>\n<ul>\n<li>Regul\u0101ri p\u0101rbaudiet visus hidrauliskos komponentus, vai tie nav nodilu\u0161i vai boj\u0101ti, un nov\u0113rsiet probl\u0113mas, tikl\u012bdz t\u0101s rodas.<\/li>\n<li>Uzturiet hidraulisk\u0101 \u0161\u0137idruma l\u012bmeni atbilsto\u0161\u0101 l\u012bmen\u012b un nomainiet to, k\u0101 ieteikts, lai nov\u0113rstu veiktsp\u0113jas probl\u0113mas.<\/li>\n<li>Ieviesiet prevent\u012bvus pas\u0101kumus, piem\u0113ram, regul\u0101ru apkopi un p\u0101rbaudes, lai samazin\u0101tu iesp\u0113jam\u0101s probl\u0113mas un pagarin\u0101tu str\u0113les cilindra kalpo\u0161anas laiku.<\/li>\n<\/ul>\n<p><img decoding=\"async\" src=\"https:\/\/www.hydraulic-cylinders.net\/wp-content\/uploads\/2025\/04\/songte-bushings-with-all-kinds-of-excavator-models.webp\" alt=\"Hidraulisko cilindru bukses\"><\/p>\n<h2>Uz\u0146\u0113muma p\u0101rskats<\/h2>\n<p>M\u0113s esam vado\u0161ais rezerves hidraulisko cilindru ra\u017eot\u0101js, kas pied\u0101v\u0101 pla\u0161u produktu kl\u0101stu gan viet\u0113jam, gan starptautiskajam tirgum. M\u016bsu ap\u0146em\u0161an\u0101s nodro\u0161in\u0101t izcilu kvalit\u0101ti balst\u0101s uz izsmalcin\u0101tu ra\u017eo\u0161anas strat\u0113\u0123iju, kas ietver progres\u012bvas tehnolo\u0123ijas, prasm\u012bgu person\u0101lu un efekt\u012bvu ra\u017eo\u0161anas procesu. M\u016bsu modern\u0101k\u0101s ra\u017eo\u0161anas iek\u0101rtas ir apr\u012bkotas ar augst\u0101k\u0101s klases digit\u0101lo apr\u012bkojumu un stingru test\u0113\u0161anas sist\u0113mu, lai nodro\u0161in\u0101tu augst\u0101kos kvalit\u0101tes standartus. M\u0113s lepojamies ar savu sp\u0113ju apmierin\u0101t da\u017e\u0101das klientu vajadz\u012bbas ar augstu efektivit\u0101ti, precizit\u0101ti un kvalit\u0101ti.<\/p>\n<p>M\u016bsu kompetence aptver:<\/p>\n<ul>\n<li><strong>Profesionalit\u0101te:<\/strong> Ar pieredz\u0113ju\u0161u profesion\u0101\u013cu komandu m\u0113s nodro\u0161in\u0101m, ka m\u016bsu produkti atbilst augst\u0101kajiem nozares standartiem.<\/li>\n<li><strong>Starptautisk\u0101s sertifik\u0101cijas:<\/strong> M\u016bsu produkti ir sertific\u0113ti atbilsto\u0161i starptautiskajiem kvalit\u0101tes standartiem, kas vairo klientu uztic\u012bbu.<\/li>\n<li><strong>Piel\u0101goti pakalpojumi:<\/strong> M\u0113s pied\u0101v\u0101jam piel\u0101gotus risin\u0101jumus, lai apmierin\u0101tu \u012bpa\u0161as klientu pras\u012bbas, nodro\u0161inot vi\u0146u apmierin\u0101t\u012bbu.<\/li>\n<li><strong>Uzlabots ra\u017eo\u0161anas apr\u012bkojums:<\/strong> M\u016bsu ra\u017eo\u0161anas procesos tiek izmantotas jaun\u0101k\u0101s tehnolo\u0123ijas, lai uzlabotu efektivit\u0101ti un precizit\u0101ti.<\/li>\n<li><strong>P\u0113cp\u0101rdo\u0161anas serviss:<\/strong> M\u0113s pied\u0101v\u0101jam stabilu p\u0113cp\u0101rdo\u0161anas atbalstu, lai pal\u012bdz\u0113tu klientiem ar visiem jaut\u0101jumiem vai probl\u0113m\u0101m, ar kur\u0101m vi\u0146i var saskarties.<\/li>\n<\/ul>\n<p><img decoding=\"async\" src=\"https:\/\/www.hydraulic-cylinders.net\/wp-content\/uploads\/2025\/04\/songte-company-4.webp\" alt=\"Uz\u0146\u0113muma p\u0101rskats 1\"><img decoding=\"async\" src=\"https:\/\/www.hydraulic-cylinders.net\/wp-content\/uploads\/2025\/04\/songte-company-3.webp\" alt=\"Uz\u0146\u0113muma p\u0101rskats 2\"><\/p>\n<p>Autors: lil<\/p>","protected":false},"excerpt":{"rendered":"<p>Boom Cylinder For Xiniu XNX8 Understanding the Boom Cylinder The boom cylinder, specifically designed for heavy machinery, plays a crucial role in the operation of various equipment such as excavators and loaders. This hydraulic cylinder is responsible for controlling the movement of the bucket, enabling it to lift, lower, and tilt. As a vital component [&hellip;]<\/p>","protected":false},"featured_media":17872,"comment_status":"open","ping_status":"closed","template":"","meta":{"_et_pb_use_builder":"","_et_pb_old_content":"","_et_gb_content_width":""},"product_brand":[],"product_cat":[1546],"product_tag":[1547,1496],"class_list":{"0":"post-19729","1":"product","2":"type-product","3":"status-publish","4":"has-post-thumbnail","6":"product_cat-boom-cylinders","7":"product_tag-boom-cylinders","8":"product_tag-hydraulic-cylinders","10":"first","11":"instock","12":"shipping-taxable","13":"product-type-simple"},"amp_enabled":true,"_links":{"self":[{"href":"https:\/\/www.hydraulic-cylinders.net\/lv\/wp-json\/wp\/v2\/product\/19729","targetHints":{"allow":["GET"]}}],"collection":[{"href":"https:\/\/www.hydraulic-cylinders.net\/lv\/wp-json\/wp\/v2\/product"}],"about":[{"href":"https:\/\/www.hydraulic-cylinders.net\/lv\/wp-json\/wp\/v2\/types\/product"}],"replies":[{"embeddable":true,"href":"https:\/\/www.hydraulic-cylinders.net\/lv\/wp-json\/wp\/v2\/comments?post=19729"}],"wp:featuredmedia":[{"embeddable":true,"href":"https:\/\/www.hydraulic-cylinders.net\/lv\/wp-json\/wp\/v2\/media\/17872"}],"wp:attachment":[{"href":"https:\/\/www.hydraulic-cylinders.net\/lv\/wp-json\/wp\/v2\/media?parent=19729"}],"wp:term":[{"taxonomy":"product_brand","embeddable":true,"href":"https:\/\/www.hydraulic-cylinders.net\/lv\/wp-json\/wp\/v2\/product_brand?post=19729"},{"taxonomy":"product_cat","embeddable":true,"href":"https:\/\/www.hydraulic-cylinders.net\/lv\/wp-json\/wp\/v2\/product_cat?post=19729"},{"taxonomy":"product_tag","embeddable":true,"href":"https:\/\/www.hydraulic-cylinders.net\/lv\/wp-json\/wp\/v2\/product_tag?post=19729"}],"curies":[{"name":"wp","href":"https:\/\/api.w.org\/{rel}","templated":true}]}}