{"id":19731,"date":"2025-04-07T07:04:32","date_gmt":"2025-04-07T07:04:32","guid":{"rendered":"https:\/\/www.hydraulic-cylinders.net\/product\/boom-cylinder-for-kato-small-excavator-hd400-1-7\/"},"modified":"2025-04-07T07:04:34","modified_gmt":"2025-04-07T07:04:34","slug":"boom-cylinder-for-kato-small-excavator-hd400-1-7","status":"publish","type":"product","link":"https:\/\/www.hydraulic-cylinders.net\/lv\/products\/boom-cylinder-for-kato-small-excavator-hd400-1-7\/","title":{"rendered":"Kato maz\u0101 ekskavatora HD400-1-7 str\u0113les cilindrs"},"content":{"rendered":"<h1>Kato maz\u0101 ekskavatora HD400-1-7 str\u0113les cilindrs<\/h1>\n<h2>Ievads str\u0113les cilindr\u0101<\/h2>\n<p>Kato maz\u0101 ekskavatora HD400-1-7 str\u0113les cilindrs ir b\u016btiska hidrauliska sast\u0101vda\u013ca, kas paredz\u0113ta str\u0113les kust\u012bbas vad\u012bbai da\u017e\u0101d\u0101s smagaj\u0101s ma\u0161\u012bn\u0101s, \u012bpa\u0161i ekskavatoros. K\u0101 hidraulisk\u0101 cilindra veids tam ir iz\u0161\u0137iro\u0161a noz\u012bme hidrauliskaj\u0101 sist\u0113m\u0101, \u013caujot str\u0113lei pacelt, nolaist un noliekt, t\u0101d\u0113j\u0101di atvieglojot efekt\u012bvus materi\u0101lu apstr\u0101des darbus. Kausa cilindrs ir \u012bpa\u0161i izstr\u0101d\u0101ts darbam augsta spiediena apst\u0101k\u013cos, padarot to par b\u016btisku t\u0101du iek\u0101rtu k\u0101 ekskavatoru, ekskavatoru un front\u0101lo iekr\u0101v\u0113ju funkcionalit\u0101tei.<\/p>\n<p>\u0160ie hidrauliskie cilindri ir atbild\u012bgi par jaudas p\u0101rnesi, izmantojot hidraulisko \u0161\u0137idrumu, nodro\u0161inot vienm\u0113r\u012bgu un prec\u012bzu kust\u012bbu. \u0160\u012b funkcionalit\u0101te ir kritiski svar\u012bga, p\u0101rvietojot smagas kravas vai veicot sare\u017e\u0123\u012btus uzdevumus b\u016bvniec\u012bb\u0101, lauksaimniec\u012bb\u0101 un cit\u0101s nozar\u0113s. Str\u0113les cilindru unik\u0101l\u0101s \u012bpa\u0161\u012bbas, tostarp to konstrukcija un darb\u012bba, \u013cauj tiem iztur\u0113t skarbus darba apst\u0101k\u013cus, nodro\u0161inot ilgm\u016b\u017e\u012bbu un uzticam\u012bbu.<\/p>\n<p><img decoding=\"async\" src=\"https:\/\/www.hydraulic-cylinders.net\/wp-content\/uploads\/2025\/04\/songte-company-1.webp\" alt=\"Ekskavatoru str\u0113les cilindrs\" \/><\/p>\n<h2>Str\u0113les cilindra \u012bpa\u0161\u012bbas<\/h2>\n<h3>1. Augsta iztur\u012bba un ilgm\u016b\u017e\u012bba<\/h3>\n<p>Izgatavots no augstas stipr\u012bbas t\u0113rauda vai alum\u012bnija, str\u0113les cilindrs ir paredz\u0113ts augsta spiediena un lielu kravu iztur\u0113\u0161anai. Tas ir veidots, lai iztur\u0113tu skarbus darba apst\u0101k\u013cus, un tam ir funkcijas, kas uzlabo nodilumiztur\u012bbu un korozijas iztur\u012bbu, t\u0101d\u0113j\u0101di pagarinot t\u0101 kalpo\u0161anas laiku.<\/p>\n<h3>2. Efekt\u012bva hidraulisk\u0101 darb\u012bba<\/h3>\n<p>Hidrauliskais cilindrs izmanto hidraulisk\u0101s e\u013c\u013cas spiedienu, lai pan\u0101ktu vienm\u0113r\u012bgu izstiep\u0161anu un ievilk\u0161anu, \u0101tri rea\u0123\u0113jot uz operatora komand\u0101m. \u0160\u012b sp\u0113ja nodro\u0161ina sp\u0113c\u012bgu stum\u0161anas un vilk\u0161anas sp\u0113ku, padarot to ide\u0101li piem\u0113rotu smagu materi\u0101lu apstr\u0101dei un sare\u017e\u0123\u012btu uzdevumu veik\u0161anai.<\/p>\n<h3>3. Veidu da\u017e\u0101d\u012bba<\/h3>\n<p>Str\u0113les cilindrs ir pieejams vienk\u0101r\u0161\u0101s darb\u012bbas (izmantojot hidraulisko jaudu vien\u0101 virzien\u0101) un divk\u0101r\u0161\u0101s darb\u012bbas (darbojas abos virzienos) konfigur\u0101cij\u0101s, un to var piel\u0101got da\u017e\u0101d\u0101m ekspluat\u0101cijas vajadz\u012bb\u0101m. Da\u017eiem mode\u013ciem ir ar\u012b teleskopiska konstrukcija, kas nodro\u0161ina liel\u0101ku sniedzam\u012bbu, nepalielinot \u0101r\u0113jos izm\u0113rus, kas ir ide\u0101li piem\u0113rots darbam ar ierobe\u017eotu vietu.<\/p>\n<h3>4. Sader\u012bba un aizst\u0101\u0161ana<\/h3>\n<p>M\u016bsu ra\u017eo\u0161anas iesp\u0113jas \u013cauj mums ra\u017eot str\u0113les cilindrus, kas perfekti aizst\u0101j eso\u0161os hidrauliskos cilindrus. Tas nodro\u0161ina neman\u0101mu integr\u0101ciju j\u016bsu ma\u0161\u012bn\u0101s, uzlabojot darb\u012bbas efektivit\u0101ti.<\/p>\n<p><img decoding=\"async\" src=\"https:\/\/www.hydraulic-cylinders.net\/wp-content\/uploads\/2025\/04\/songte-cylinder-head-with-all-kinds-excavator-models.webp\" alt=\"Ekskavatoru mode\u013ci\" \/><\/p>\n<h3>5. Lietojumprogrammas un util\u012btprogrammas<\/h3>\n<h2>Str\u0113les cilindra pielietojumi<\/h2>\n<h3>1. Celtniec\u012bbas tehnika<\/h3>\n<p>B\u016bvniec\u012bbas iek\u0101rt\u0101s, piem\u0113ram, ekskavatoros, str\u0113les cilindrs ir \u013coti svar\u012bgs zemes vai gru\u017eu rak\u0161anai, iekrau\u0161anai un p\u0101rvieto\u0161anai. Tas \u013cauj str\u0113lei izstiepties un ievilkties, uzlabojot ma\u0161\u012bnas kop\u0113jo efektivit\u0101ti. Hidraulisk\u0101 cilindra precizit\u0101te padara to neaizst\u0101jamu rak\u0161anas darbu veik\u0161an\u0101, kur b\u016btiska ir precizit\u0101te un jauda.<\/p>\n<h3>2. Lauksaimniec\u012bbas tehnika<\/h3>\n<p>Front\u0101lie iekr\u0101v\u0113ji izmanto str\u0113les cilindrus augsnes, siena un citu materi\u0101lu sav\u0101k\u0161anai, cel\u0161anai un transport\u0113\u0161anai. Sp\u0113ja prec\u012bzi kontrol\u0113t pacel\u0161anas augstumu un le\u0146\u0137i ir \u013coti svar\u012bga lauksaimniec\u012bbas vid\u0113, padarot uzdevumus viegl\u0101k p\u0101rvald\u0101mus un efekt\u012bv\u0101kus. Str\u0113les cilindru piel\u0101gojam\u012bba nodro\u0161ina, ka tie var tikt gal\u0101 ar da\u017e\u0101diem lauksaimniec\u012bbas darbiem, iev\u0113rojami veicinot produktivit\u0101ti.<\/p>\n<h3>3. Ekskavatori<\/h3>\n<p>Ekskavatoru str\u0113les cilindrs \u013cauj kausam efekt\u012bvi iek\u013c\u016bt augsn\u0113, atvieglojot rak\u0161anas procesu. Hidraulisk\u0101 jauda \u013cauj pielietot iev\u0113rojamu sp\u0113ku, kas ir \u013coti svar\u012bgi, str\u0101d\u0101jot ar sare\u017e\u0123\u012btiem augsnes apst\u0101k\u013ciem, nodro\u0161inot, ka uzdevumi tiek paveikti \u0101tri un efekt\u012bvi.<\/p>\n<h3>4. Iekr\u0101v\u0113ji<\/h3>\n<p>Front\u0101lajos iekr\u0101v\u0113jos str\u0113les cilindri pal\u012bdz efekt\u012bvi pacelt un izkraut kravas. \u0160is pielietojums ir vit\u0101li svar\u012bgs b\u016bvniec\u012bb\u0101 un materi\u0101lu apstr\u0101d\u0113, kur savlaic\u012bga materi\u0101lu izkrau\u0161ana var ietekm\u0113t kop\u0113jo projekta laika grafiku. Hidraulisk\u0101s sist\u0113mas rea\u0123\u0113tsp\u0113ja padara to par v\u0113lamo izv\u0113li \u0161\u0101d\u0101m darb\u012bb\u0101m.<\/p>\n<h2>Dizaina apsv\u0113rumi un atlases krit\u0113riji<\/h2>\n<h3>1. Kravnes\u012bba<\/h3>\n<p>Izv\u0113loties str\u0113les cilindru, ir svar\u012bgi \u0146emt v\u0113r\u0101 t\u0101 kravnes\u012bbu. Cilindram j\u0101sp\u0113j iztur\u0113t maksim\u0101lo svaru, kas tam b\u016bs nepiecie\u0161ams pacelt vai nolaist. Cilindra ar nepietiekamu jaudu izmanto\u0161ana var izrais\u012bt apr\u012bkojuma boj\u0101jumus vai negad\u012bjumus, t\u0101p\u0113c ir svar\u012bgi saska\u0146ot cilindra specifik\u0101cijas ar pielietojuma pras\u012bb\u0101m.<\/p>\n<h3>2. Bl\u012bv\u0113jums un iztur\u012bba<\/h3>\n<p>Efekt\u012bva bl\u012bv\u0113\u0161ana ir kritiski svar\u012bga hidrauliskaj\u0101s sist\u0113m\u0101s, lai nov\u0113rstu nopl\u016bdes un uztur\u0113tu darb\u012bbas efektivit\u0101ti. Str\u0113les cilindr\u0101 izmantoto bl\u012bv\u0113jumu, piem\u0113ram, virzu\u013ca bl\u012bv\u0113juma un stie\u0146a bl\u012bv\u0113juma, kvalit\u0101te tie\u0161i ietekm\u0113 veiktsp\u0113ju un ilgm\u016b\u017e\u012bbu. Augstas kvalit\u0101tes bl\u012bv\u0113jumu izv\u0113le, kas izgatavoti no iztur\u012bgiem materi\u0101liem, ir b\u016btiska, lai nodro\u0161in\u0101tu hidraulisk\u0101s sist\u0113mas integrit\u0101ti.<\/p>\n<h3>3. Dro\u0161\u012bbas funkcijas<\/h3>\n<p>Dro\u0161\u012bbai j\u0101b\u016bt galvenajam apsv\u0113rumam str\u0113les cilindru projekt\u0113\u0161an\u0101. T\u0101das funkcijas k\u0101 spiediena samazin\u0101\u0161anas v\u0101rsti, dro\u0161\u012bbas sl\u0113dzenes un iztur\u012bgi konstrukcijas materi\u0101li veicina ekspluat\u0101cijas dro\u0161\u012bbu. \u0160o dro\u0161\u012bbas pas\u0101kumu ievie\u0161ana samazina negad\u012bjumu risku un nodro\u0161ina dro\u0161\u0101ku darba vidi.<\/p>\n<h3>4. Apkope un izmantojam\u012bba<\/h3>\n<p>Ir \u013coti svar\u012bgi projekt\u0113t str\u0113les cilindrus, lai tos b\u016btu viegli apkopt. Piek\u013cuve galvenajiem komponentiem remontam vai nomai\u0146ai var iev\u0113rojami samazin\u0101t d\u012bkst\u0101ves laiku un apkopes izmaksas. Izv\u0113loties konstrukciju, kas nodro\u0161ina \u0101tru apkopi, var uzlabot kop\u0113jo ma\u0161\u012bnas efektivit\u0101ti.<\/p>\n<p><img decoding=\"async\" src=\"https:\/\/www.hydraulic-cylinders.net\/wp-content\/uploads\/2025\/04\/songte-oil-pipes-and-spare-parts.webp\" alt=\"Hidraulisk\u0101s da\u013cas\" \/><\/p>\n<h2>Bl\u012bv\u0113\u0161ana un e\u013c\u013co\u0161ana<\/h2>\n<p>Efekt\u012bva bl\u012bv\u0113\u0161ana un e\u013c\u013co\u0161ana ir \u0101rk\u0101rt\u012bgi svar\u012bga hidraulisko cilindru veiktsp\u0113jai. Da\u017e\u0101di bl\u012bv\u0113\u0161anas komponenti, piem\u0113ram, virzu\u013ca bl\u012bv\u0113jumi un stie\u0146a bl\u012bv\u0113jumi, ir svar\u012bgi hidraulisk\u0101 spiediena uztur\u0113\u0161anai un \u0161\u0137idruma nopl\u016b\u017eu nov\u0113r\u0161anai. Bl\u012bvju izv\u0113le, kas izgatavoti no nodilumiztur\u012bgiem materi\u0101liem, piem\u0113ram, poliuret\u0101na vai nitrila gumijas, uzlabo iztur\u012bbu un veiktsp\u0113ju.<\/p>\n<p>Cilindra korpusa un v\u012bt\u0146ot\u0101 gala virsma parasti tiek smalki apstr\u0101d\u0101ta, lai uzlabotu nodilumiztur\u012bbu. Lai nodro\u0161in\u0101tu vienm\u0113r\u012bgu darb\u012bbu un pagarin\u0101tu cilindra kalpo\u0161anas laiku, ir nepiecie\u0161ama regul\u0101ra e\u013c\u013co\u0161ana ar atbilsto\u0161u hidraulisk\u0101s e\u013c\u013cas daudzumu. Ir svar\u012bgi uzraudz\u012bt e\u013c\u013cas l\u012bmeni un kvalit\u0101ti, lai nov\u0113rstu hidraulisk\u0101s sist\u0113mas degrad\u0101ciju.<\/p>\n<h2>Regul\u0101ra p\u0101rbaude un profilaktisk\u0101 apkope<\/h2>\n<h3>1. Pl\u0101not\u0101s p\u0101rbaudes<\/h3>\n<p>Ir \u013coti svar\u012bgi veikt regul\u0101ras p\u0101rbaudes, lai nov\u0113rt\u0113tu str\u0113les cilindra st\u0101vokli. Mekl\u0113jiet nodiluma, nopl\u016b\u017eu un boj\u0101jumu paz\u012bmes. Regul\u0101ras p\u0101rbaudes veik\u0161ana var pal\u012bdz\u0113t identific\u0113t potenci\u0101l\u0101s probl\u0113mas, pirms t\u0101s k\u013c\u016bst par nopietn\u0101m probl\u0113m\u0101m, nodro\u0161inot cilindra efekt\u012bvu un dro\u0161u darb\u012bbu.<\/p>\n<h3>2. Pareiza e\u013c\u013co\u0161ana<\/h3>\n<p>Hidraulisk\u0101s sist\u0113mas ilgm\u016b\u017e\u012bbai ir svar\u012bgi uztur\u0113t atbilsto\u0161u e\u013c\u013co\u0161anu. Regul\u0101ri p\u0101rbaudiet e\u013c\u013cas l\u012bmeni un p\u0101rliecinieties, ka hidrauliskais \u0161\u0137idrums ir t\u012brs un bez piemais\u012bjumiem. Nepietiekama e\u013c\u013co\u0161ana var izrais\u012bt p\u0101rm\u0113r\u012bgu nodilumu un priek\u0161laic\u012bgu cilindra boj\u0101jumu.<\/p>\n<h3>3. Bl\u012bv\u0113juma nomai\u0146as un kalibr\u0113\u0161anas p\u0101rbaudes<\/h3>\n<p>Bl\u012bv\u0113jumi periodiski j\u0101nomaina, lai nov\u0113rstu nopl\u016bdes un saglab\u0101tu efektivit\u0101ti. Apkopes laik\u0101 p\u0101rbaudiet, vai bl\u012bv\u0113jumi nav nodilu\u0161i vai boj\u0101ti, un nomainiet tos, ja nepiecie\u0161ams. J\u0101veic ar\u012b kalibr\u0113\u0161anas p\u0101rbaudes, lai p\u0101rliecin\u0101tos, ka cilindrs darbojas noteiktaj\u0101 diapazon\u0101, uzlabojot uzticam\u012bbu un dro\u0161\u012bbu.<\/p>\n<p><img decoding=\"async\" src=\"https:\/\/www.hydraulic-cylinders.net\/wp-content\/uploads\/2025\/04\/songte-chushion-collar.webp\" alt=\"Spilvenu apkakle\" \/><\/p>\n<h2>Dro\u0161\u012bbas apsv\u0113rumi un vides faktori<\/h2>\n<p>Dro\u0161\u012bbas pas\u0101kumu ievie\u0161ana, lietojot str\u0113les cilindrus, ir \u013coti svar\u012bga operatoru un apr\u012bkojuma aizsardz\u012bbai. Pareiza apm\u0101c\u012bba par pareizu hidraulisko sist\u0113mu lieto\u0161anu var iev\u0113rojami samazin\u0101t negad\u012bjumu risku. Turkl\u0101t dro\u0161\u012bbas noteikumu un vadl\u012bniju iev\u0113ro\u0161ana pal\u012bdz mazin\u0101t ietekmi uz vidi, nodro\u0161inot gan efekt\u012bvu, gan atbild\u012bgu darb\u012bbu.<\/p>\n<h2>Probl\u0113mu nov\u0113r\u0161ana un bie\u017ei sastopamas probl\u0113mas<\/h2>\n<h3>1. Hidraulisk\u0101s nopl\u016bdes<\/h3>\n<p>Hidraulisk\u0101s nopl\u016bdes var rasties nodilu\u0161u bl\u012bv\u0113jumu vai boj\u0101tu deta\u013cu d\u0113\u013c. Lai nov\u0113rstu nopl\u016bdes, p\u0101rbaudiet bl\u012bv\u0113juma virsmas un nomainiet visus boj\u0101tos bl\u012bv\u0113jumus. P\u0101rliecinieties, vai visi savienojumi ir cie\u0161i, lai nov\u0113rstu \u0161\u0137idruma zudumus.<\/p>\n<h3>2. Cilindra iestr\u0113g\u0161ana<\/h3>\n<p>Cilindra iespr\u016b\u0161ana var notikt hidrauliskaj\u0101 sist\u0113m\u0101 eso\u0161o gru\u017eu vai aizsprostojumu d\u0113\u013c. Regul\u0101ra t\u012br\u012b\u0161ana un apkope var pal\u012bdz\u0113t nov\u0113rst \u0161o probl\u0113mu. Ja rodas iespr\u016b\u0161ana, p\u0101rbaudiet, vai cilindr\u0101 nav aizsprostojumu, un izt\u012briet visus gru\u017eus.<\/p>\n<h3>3. Nekonsekventa veiktsp\u0113ja<\/h3>\n<p>Ja str\u0113les cilindra darb\u012bba ir nepast\u0101v\u012bga, p\u0101rbaudiet hidraulisk\u0101 \u0161\u0137idruma l\u012bmeni un p\u0101rliecinieties, vai tas ir ieteicamaj\u0101 diapazon\u0101. Zems \u0161\u0137idruma l\u012bmenis var izrais\u012bt nevienm\u0113r\u012bgu darb\u012bbu. Turkl\u0101t apsveriet hidraulisk\u0101 s\u016bk\u0146a un l\u012bniju st\u0101vokli, lai konstat\u0113tu iesp\u0113jam\u0101s probl\u0113mas.<\/p>\n<h2>Prevent\u012bvie pas\u0101kumi<\/h2>\n<p>Lai l\u012bdz minimumam samazin\u0101tu iesp\u0113jam\u0101s probl\u0113mas ar str\u0113les cilindriem, ieviesiet prevent\u012bvus pas\u0101kumus, piem\u0113ram, regul\u0101ras apkopes p\u0101rbaudes, nodro\u0161inot atbilsto\u0161u e\u013c\u013co\u0161anu un uzraugot hidraulisko sist\u0113mu, vai nav nopl\u016b\u017eu. Person\u0101la apm\u0101c\u012bba par pareizu lieto\u0161anu un apkopi var ar\u012b samazin\u0101t probl\u0113mu ra\u0161an\u0101s iesp\u0113jam\u012bbu.<\/p>\n<p><img decoding=\"async\" src=\"https:\/\/www.hydraulic-cylinders.net\/wp-content\/uploads\/2025\/04\/songte-bushings-with-all-kinds-of-excavator-models.webp\" alt=\"Ekskavatora bukses\" \/><\/p>\n<h2>Uz\u0146\u0113muma p\u0101rskats<\/h2>\n<p>M\u0113s esam vado\u0161ais rezerves hidraulisko cilindru ra\u017eot\u0101js, kas pied\u0101v\u0101 pla\u0161u produktu kl\u0101stu gan viet\u0113jam, gan starptautiskajam tirgum. M\u016bsu ap\u0146em\u0161an\u0101s nodro\u0161in\u0101t kvalit\u0101ti ir redzama m\u016bsu r\u016bp\u012bgajos ra\u017eo\u0161anas procesos. M\u0113s izmantojam progres\u012bvas ra\u017eo\u0161anas vad\u012bbas strat\u0113\u0123ijas, prasm\u012bgu person\u0101lu, augst\u0101k\u0101s klases digit\u0101l\u0101s ra\u017eo\u0161anas iek\u0101rtas un profesion\u0101las test\u0113\u0161anas sist\u0113mas.<\/p>\n<p>M\u016bsu ra\u017eo\u0161anas platforma tiek nep\u0101rtraukti uzlabota, \u013caujot mums uzlabot produktu kvalit\u0101ti un efekt\u012bvi apmierin\u0101t da\u017e\u0101das klientu vajadz\u012bbas. Koncentr\u0113joties uz efektivit\u0101ti, precizit\u0101ti un augstas kvalit\u0101tes ra\u017eo\u0161anu, m\u0113s esam ap\u0146\u0113mu\u0161ies nodro\u0161in\u0101t augst\u0101k\u0101s klases hidrauliskos cilindrus un izcilu klientu apkalpo\u0161anu.<\/p>\n<h3>Papildu uz\u0146\u0113muma atrib\u016bti<\/h3>\n<ul>\n<li><strong>Ekspert\u012bze:<\/strong> M\u016bsu komandai ir pla\u0161as zin\u0101\u0161anas un pieredze hidraulisko sist\u0113mu jom\u0101, kas nodro\u0161ina izcilu produktu kvalit\u0101ti.<\/li>\n<li><strong>Starptautisk\u0101 sertifik\u0101cija:<\/strong> M\u016bsu produkti atbilst stingriem starptautiskajiem standartiem, nodro\u0161inot kvalit\u0101tes un uzticam\u012bbas garantiju.<\/li>\n<li><strong>Piel\u0101go\u0161anas pakalpojumi:<\/strong> M\u0113s pied\u0101v\u0101jam piel\u0101gotus risin\u0101jumus, lai apmierin\u0101tu \u012bpa\u0161as klientu pras\u012bbas, uzlabojot produktu daudzpus\u012bbu.<\/li>\n<li><strong>M\u016bsdien\u012bg\u0101kais ra\u017eo\u0161anas apr\u012bkojums:<\/strong> M\u016bsu modern\u0101s ra\u017eo\u0161anas iek\u0101rtas nodro\u0161ina augstu efektivit\u0101ti un precizit\u0101ti ra\u017eo\u0161an\u0101.<\/li>\n<li><strong>P\u0113cp\u0101rdo\u0161anas atbalsts:<\/strong> M\u016bsu \u012bpa\u0161i izveidot\u0101 klientu apkalpo\u0161anas komanda vienm\u0113r ir pieejama, lai atbild\u0113tu uz jaut\u0101jumiem un sniegtu atbalstu.<\/li>\n<\/ul>\n<p><img decoding=\"async\" src=\"https:\/\/www.hydraulic-cylinders.net\/wp-content\/uploads\/2025\/04\/songte-company-4.webp\" alt=\"Uz\u0146\u0113muma p\u0101rskats\" \/><br \/>\n<img decoding=\"async\" src=\"https:\/\/www.hydraulic-cylinders.net\/wp-content\/uploads\/2025\/04\/songte-company-3.webp\" alt=\"Ra\u017eo\u0161anas iek\u0101rta\" \/><\/p>\n<p>Autors: lil<\/p>","protected":false},"excerpt":{"rendered":"<p>Boom Cylinder For Kato Small Excavator HD400-1-7 Introduction to Boom Cylinder The Boom Cylinder for Kato Small Excavator HD400-1-7 is an essential hydraulic component designed to control the movement of a boom in various heavy machinery, particularly excavators. As a type of hydraulic cylinder, it plays a crucial role in the hydraulic system by allowing [&hellip;]<\/p>","protected":false},"featured_media":17874,"comment_status":"open","ping_status":"closed","template":"","meta":{"_et_pb_use_builder":"","_et_pb_old_content":"","_et_gb_content_width":""},"product_brand":[],"product_cat":[1546],"product_tag":[1547,1496],"class_list":{"0":"post-19731","1":"product","2":"type-product","3":"status-publish","4":"has-post-thumbnail","6":"product_cat-boom-cylinders","7":"product_tag-boom-cylinders","8":"product_tag-hydraulic-cylinders","10":"first","11":"instock","12":"shipping-taxable","13":"product-type-simple"},"amp_enabled":true,"_links":{"self":[{"href":"https:\/\/www.hydraulic-cylinders.net\/lv\/wp-json\/wp\/v2\/product\/19731","targetHints":{"allow":["GET"]}}],"collection":[{"href":"https:\/\/www.hydraulic-cylinders.net\/lv\/wp-json\/wp\/v2\/product"}],"about":[{"href":"https:\/\/www.hydraulic-cylinders.net\/lv\/wp-json\/wp\/v2\/types\/product"}],"replies":[{"embeddable":true,"href":"https:\/\/www.hydraulic-cylinders.net\/lv\/wp-json\/wp\/v2\/comments?post=19731"}],"wp:featuredmedia":[{"embeddable":true,"href":"https:\/\/www.hydraulic-cylinders.net\/lv\/wp-json\/wp\/v2\/media\/17874"}],"wp:attachment":[{"href":"https:\/\/www.hydraulic-cylinders.net\/lv\/wp-json\/wp\/v2\/media?parent=19731"}],"wp:term":[{"taxonomy":"product_brand","embeddable":true,"href":"https:\/\/www.hydraulic-cylinders.net\/lv\/wp-json\/wp\/v2\/product_brand?post=19731"},{"taxonomy":"product_cat","embeddable":true,"href":"https:\/\/www.hydraulic-cylinders.net\/lv\/wp-json\/wp\/v2\/product_cat?post=19731"},{"taxonomy":"product_tag","embeddable":true,"href":"https:\/\/www.hydraulic-cylinders.net\/lv\/wp-json\/wp\/v2\/product_tag?post=19731"}],"curies":[{"name":"wp","href":"https:\/\/api.w.org\/{rel}","templated":true}]}}