{"id":19733,"date":"2025-04-07T07:04:37","date_gmt":"2025-04-07T07:04:37","guid":{"rendered":"https:\/\/www.hydraulic-cylinders.net\/product\/boom-cylinder-for-kato-small-excavator-hd820-3\/"},"modified":"2025-04-07T07:04:39","modified_gmt":"2025-04-07T07:04:39","slug":"boom-cylinder-for-kato-small-excavator-hd820-3","status":"publish","type":"product","link":"https:\/\/www.hydraulic-cylinders.net\/lv\/products\/boom-cylinder-for-kato-small-excavator-hd820-3\/","title":{"rendered":"Kato maz\u0101 ekskavatora HD820-3 str\u0113les cilindrs"},"content":{"rendered":"<h1>Kato maz\u0101 ekskavatora HD820-3 str\u0113les cilindrs<\/h1>\n<h2>Ievads str\u0113les cilindros<\/h2>\n<p>Kato maz\u0101 ekskavatora HD820-3 str\u0113les cilindrs ir b\u016btiska hidrauliska sast\u0101vda\u013ca, kas \u012bpa\u0161i paredz\u0113ta kausu kust\u012bbas vad\u012bbai da\u017e\u0101d\u0101s smagaj\u0101s ma\u0161\u012bn\u0101s, tostarp ekskavatoros, ekskavatoros-iekr\u0101v\u0113jos un front\u0101lajos iekr\u0101v\u0113jos. \u0160ie hidrauliskie cilindri atvieglo kausa pacel\u0161anu, nolai\u0161anu un noliek\u0161anu, padarot tos par vit\u0101li svar\u012bgiem materi\u0101lu apstr\u0101des uzdevumiem b\u016bvniec\u012bbas un rak\u0161anas darbos.<\/p>\n<p>\u0160o ier\u012b\u010du pamat\u0101 ir hidraulisk\u0101 sist\u0113ma, kas kust\u012bbas rad\u012b\u0161anai izmanto spiediena \u0161\u0137idrumu. Kausa cilindrs k\u0101 hidraulisk\u0101 cilindra veids ir konstru\u0113ts t\u0101, lai iztur\u0113tu \u0101rk\u0101rt\u0113jus sp\u0113kus, kas rodas smagas kravas cel\u0161anas un p\u0101rvieto\u0161anas laik\u0101. To iztur\u012bg\u0101 konstrukcija nodro\u0161ina uzticam\u012bbu un veiktsp\u0113ju pat skarbos darba apst\u0101k\u013cos.<\/p>\n<p><img decoding=\"async\" src=\"https:\/\/www.hydraulic-cylinders.net\/wp-content\/uploads\/2025\/04\/songte-company-1.webp\" alt=\"Kato maz\u0101 ekskavatora str\u0113les cilindrs\"><\/p>\n<h3>Str\u0113les cilindra \u012bpa\u0161\u012bbas<\/h3>\n<ul>\n<li><strong>Augsta iztur\u012bba un ilgm\u016b\u017e\u012bba:<\/strong> \u0160ie cilindri, kas izgatavoti no augstas stipr\u012bbas t\u0113rauda vai alum\u012bnija, var iztur\u0113t augstu spiedienu un lielas slodzes, padarot tos piem\u0113rotus skarbiem darba apst\u0101k\u013ciem.<\/li>\n<li><strong>Efekt\u012bva hidraulisk\u0101 darb\u012bba:<\/strong> Cilindra vienm\u0113r\u012bgu izvirz\u012b\u0161anu un ievilk\u0161anu pan\u0101k ar hidraulisk\u0101s e\u013c\u013cas spiediena pal\u012bdz\u012bbu, kas \u013cauj \u0101tri rea\u0123\u0113t uz vad\u012bbas komand\u0101m un nodro\u0161ina sp\u0113c\u012bgus stum\u0161anas un vilk\u0161anas sp\u0113kus.<\/li>\n<li><strong>Da\u017e\u0101di veidi:<\/strong> Str\u0113les cilindri ir pieejami gan vienk\u0101r\u0161as, gan divpus\u0113jas darb\u012bbas versij\u0101s, lai piel\u0101gotos da\u017e\u0101d\u0101m ekspluat\u0101cijas vajadz\u012bb\u0101m. Da\u017ei mode\u013ci ir teleskopiski, kas \u013cauj tos pagarin\u0101t, nepalielinot \u0101r\u0113jos izm\u0113rus, kas ir ide\u0101li piem\u0113rots darbam ar ierobe\u017eotu vietu.<\/li>\n<li><strong>Sader\u012bba:<\/strong> M\u016bsu produkti ir izstr\u0101d\u0101ti, lai perfekti aizst\u0101tu eso\u0161os hidrauliskos cilindrus, nodro\u0161inot neman\u0101mu integr\u0101ciju eso\u0161aj\u0101s iek\u0101rt\u0101s.<\/li>\n<li><strong>Apkopei draudz\u012bgs dizains:<\/strong> \u0160ie cilindri ir izstr\u0101d\u0101ti vienk\u0101r\u0161ai apkopei, nodro\u0161inot ilgsto\u0161u darb\u012bbu un samazin\u0101tu d\u012bkst\u0101ves laiku.<\/li>\n<\/ul>\n<p><img decoding=\"async\" src=\"https:\/\/www.hydraulic-cylinders.net\/wp-content\/uploads\/2025\/04\/songte-cylinder-head-with-all-kinds-excavator-models.webp\" alt=\"Ekskavatoru mode\u013cu sader\u012bba\"><\/p>\n<h2>Str\u0113les cilindra pielietojumi<\/h2>\n<h3>Celtniec\u012bbas apr\u012bkojums<\/h3>\n<p>B\u016bvniec\u012bbas tehnik\u0101, \u012bpa\u0161i ekskavatoros, str\u0113les cilindri ir \u013coti svar\u012bgi zemes vai gru\u017eu rak\u0161anai, iekrau\u0161anai un p\u0101rvieto\u0161anai. Tie nodro\u0161ina nepiecie\u0161amo sp\u0113ku, lai iek\u013c\u016btu zem\u0113, \u013caujot operatoriem efekt\u012bvi rakt. Ekskavatoros-iekr\u0101v\u0113jos \u0161ie cilindri pal\u012bdz ne tikai rakt, bet ar\u012b pacelt materi\u0101lus, uzlabojot ma\u0161\u012bnas daudzpus\u012bbu un efektivit\u0101ti da\u017e\u0101dos uzdevumos.<\/p>\n<h3>Lauksaimniec\u012bbas tehnika<\/h3>\n<p>Lauksaimniec\u012bbas tehnik\u0101 front\u0101lie iekr\u0101v\u0113ji izmanto str\u0113les cilindrus, lai paceltu, paceltu un transport\u0113tu augsni, sienu un citus materi\u0101lus. \u0160iem hidrauliskajiem cilindriem ir galven\u0101 loma lauksaimniec\u012bbas darb\u012bbu efektivit\u0101tes uzlabo\u0161an\u0101, nodro\u0161inot \u0101tru materi\u0101lu apstr\u0101di un transport\u0113\u0161anu, kas ir \u013coti svar\u012bgi produktivit\u0101tei lauksaimniec\u012bbas vid\u0113.<\/p>\n<h3>Ekskavatori<\/h3>\n<p>Ekskavatoriem str\u0113les cilindrs \u013cauj kausam iek\u013c\u016bt augsn\u0113, atvieglojot efekt\u012bvas rak\u0161anas darb\u012bbas. \u0160o cilindru nodro\u0161in\u0101t\u0101 hidraulisk\u0101 jauda \u013cauj ekskavatoriem prec\u012bzi un viegli veikt da\u017e\u0101dus uzdevumus, s\u0101kot no tran\u0161eju rak\u0161anas l\u012bdz pamatu rak\u0161anai. \u0160\u012b sp\u0113ja ir \u013coti svar\u012bga b\u016bvniec\u012bbas projektiem, kuriem nepiecie\u0161ama dzi\u013ca izrakumu veik\u0161ana.<\/p>\n<h3>Iekr\u0101v\u0113ji<\/h3>\n<p>Front\u0101lajos iekr\u0101v\u0113jos str\u0113les cilindri pal\u012bdz efekt\u012bvi pacelt un izg\u0101zt kravas. Tie nodro\u0161ina nepiecie\u0161amo celtsp\u0113ju, lai paceltu smagus materi\u0101lus un garant\u0113tu kontrol\u0113tu izg\u0101\u0161anu, kas uzlabo materi\u0101lu apstr\u0101des kop\u0113jo efektivit\u0101ti b\u016bvniec\u012bbas un ainavu veido\u0161anas darbos.<\/p>\n<h2>Str\u0113les cilindru projekt\u0113\u0161anas apsv\u0113rumi<\/h2>\n<h3>Kravnes\u012bba<\/h3>\n<p>Projekt\u0113jot str\u0113les cilindrus, kravnes\u012bba ir kritisks faktors. Cilindram j\u0101sp\u0113j iztur\u0113t maksim\u0101lo paredzamo slodzi, neapdraudot dro\u0161\u012bbu vai veiktsp\u0113ju. In\u017eenieri apr\u0113\u0137ina nepiecie\u0161amo kravnes\u012bbu, pamatojoties uz konkr\u0113tajiem cilindra pielietojumiem, nodro\u0161inot, ka tas atbilst nozares standartiem vai p\u0101rsniedz tos.<\/p>\n<h3>Bl\u012bv\u0113jums un iztur\u012bba<\/h3>\n<p>Efekt\u012bva bl\u012bv\u0113\u0161ana ir vit\u0101li svar\u012bga hidrauliskajiem cilindriem, lai nov\u0113rstu nopl\u016bdes un uztur\u0113tu spiedienu. Lai uzlabotu ilgm\u016b\u017e\u012bbu un uzticam\u012bbu, tiek izmantoti augstas kvalit\u0101tes bl\u012bv\u0113jumi, kas izgatavoti no iztur\u012bgiem materi\u0101liem, piem\u0113ram, poliuret\u0101na un nitrila gumijas. Projekt\u0113jot j\u0101\u0146em v\u0113r\u0101 ar\u012b iesp\u0113jamais nodilums, nodro\u0161inot, ka bl\u012bv\u0113jumi iztur ekspluat\u0101cijas slodzi.<\/p>\n<h3>Dro\u0161\u012bbas funkcijas<\/h3>\n<p>Dro\u0161\u012bba ir \u0101rk\u0101rt\u012bgi svar\u012bga str\u0113les cilindru projekt\u0113\u0161an\u0101. Dro\u0161\u012bbas funkciju, piem\u0113ram, spiediena samazin\u0101\u0161anas v\u0101rstu un atteices meh\u0101nismu, iek\u013cau\u0161ana nodro\u0161ina, ka iek\u0101rta darbojas dro\u0161os parametros. Regul\u0101ras dro\u0161\u012bbas p\u0101rbaudes un dro\u0161\u012bbas standartu iev\u0113ro\u0161ana ir \u013coti svar\u012bga, lai nov\u0113rstu negad\u012bjumus un iek\u0101rtu boj\u0101jumus.<\/p>\n<h3>Apkopes pieejam\u012bba<\/h3>\n<p>Apkopes pieejam\u012bbas projekt\u0113\u0161ana ir b\u016btiska, lai str\u0113les cilindri b\u016btu optim\u0101l\u0101 st\u0101vokl\u012b. T\u0101das funkcijas k\u0101 \u0113rta piek\u013cuve e\u013c\u013co\u0161anai un p\u0101rbaudei var iev\u0113rojami samazin\u0101t d\u012bkst\u0101ves laiku. P\u0101rdom\u0101ts dizains var atvieglot regul\u0101ras apkopes p\u0101rbaudes, pagarinot cilindra kalpo\u0161anas laiku un uzlabojot kop\u0113jo veiktsp\u0113ju.<\/p>\n<p><img decoding=\"async\" src=\"https:\/\/www.hydraulic-cylinders.net\/wp-content\/uploads\/2025\/04\/songte-oil-pipes-and-spare-parts.webp\" alt=\"Hidraulisk\u0101s caurules un rezerves da\u013cas\"><\/p>\n<h2>Str\u0113les cilindru bl\u012bv\u0113\u0161ana un e\u013c\u013co\u0161ana<\/h2>\n<p>Efekt\u012bva bl\u012bv\u0113\u0161ana ir \u013coti svar\u012bga, lai uztur\u0113tu hidraulisko spiedienu str\u0113les cilindros. Lai nov\u0113rstu hidraulisk\u0101 \u0161\u0137idruma nopl\u016bdes, tiek izmantoti da\u017e\u0101di bl\u012bv\u0113jumi, tostarp virzu\u013ca bl\u012bv\u0113jumi un stie\u0146a bl\u012bv\u0113jumi. Bl\u012bv\u0113jumi bie\u017ei tiek izgatavoti no nodilumiztur\u012bgiem materi\u0101liem, piem\u0113ram, poliuret\u0101na un nitrilgumijas, kas tiek izv\u0113l\u0113ti to iztur\u012bbas un sp\u0113jas iztur\u0113t ekstrem\u0101lus apst\u0101k\u013cus d\u0113\u013c.<\/p>\n<p>Cilindra korpusa virsma un v\u012bt\u0146otais gals ir r\u016bp\u012bgi apstr\u0101d\u0101ti, lai uzlabotu nodilumiztur\u012bbu, nodro\u0161inot ilgm\u016b\u017e\u012bbu un veiktsp\u0113ju. Nepiecie\u0161ama ar\u012b regul\u0101ra e\u013c\u013co\u0161ana; operatoriem j\u0101nodro\u0161ina, ka periodiski tiek pievienots pietiekams daudzums hidraulisk\u0101s e\u013c\u013cas, lai uztur\u0113tu cilindra funkcionalit\u0101ti un nov\u0113rstu nodilumu.<\/p>\n<h2>Regul\u0101ra p\u0101rbaude un profilaktisk\u0101 apkope<\/h2>\n<ul>\n<li><strong>Regul\u0101ras p\u0101rbaudes:<\/strong> Pl\u0101nojiet regul\u0101ras p\u0101rbaudes, lai noteiktu nopl\u016bdes, nodilumu vai boj\u0101jumus. Probl\u0113mu agr\u012bna atkl\u0101\u0161ana var nov\u0113rst d\u0101rgus remontdarbus un d\u012bkst\u0101ves.<\/li>\n<li><strong>Pareiza e\u013c\u013co\u0161ana:<\/strong> P\u0101rliecinieties, ka visas kust\u012bg\u0101s da\u013cas ir pien\u0101c\u012bgi iee\u013c\u013cotas ar atbilsto\u0161u hidraulisko e\u013c\u013cu, lai samazin\u0101tu berzi un nodilumu.<\/li>\n<li><strong>Bl\u012bv\u0113juma nomai\u0146a:<\/strong> Regul\u0101ri p\u0101rbaudiet bl\u012bves, vai nav nodiluma paz\u012bmju, un nomainiet t\u0101s p\u0113c nepiecie\u0161am\u012bbas, lai saglab\u0101tu hidraulisko efektivit\u0101ti un nov\u0113rstu nopl\u016bdes.<\/li>\n<\/ul>\n<h2>Str\u0113les cilindru uzst\u0101d\u012b\u0161anas vadl\u012bnijas<\/h2>\n<p>Str\u0113les cilindra uzst\u0101d\u012b\u0161ana prasa r\u016bp\u012bgu uzman\u012bbu deta\u013c\u0101m, lai nodro\u0161in\u0101tu pareizu darb\u012bbu un ilgm\u016b\u017e\u012bbu. Iev\u0113rojiet \u0161\u012bs vadl\u012bnijas:<\/p>\n<ul>\n<li><strong>Sagatavo\u0161ana:<\/strong> Pirms uzst\u0101d\u012b\u0161anas p\u0101rliecinieties, ka darba vieta ir t\u012bra un bez gru\u017eiem. Sagatavojiet visus nepiecie\u0161amos instrumentus un komponentus.<\/li>\n<li><strong>Izl\u012bdzin\u0101\u0161ana:<\/strong> Pareiza cilindra izl\u012bdzin\u0101\u0161ana ar stiprin\u0101juma punktiem ir \u013coti svar\u012bga. Izmantojiet l\u012bme\u0146r\u0101di, lai p\u0101rliecin\u0101tos, ka cilindrs ir taisns un saska\u0146ots ar ma\u0161\u012bnas konstrukciju.<\/li>\n<li><strong>Dro\u0161a mont\u0101\u017ea:<\/strong> Izmantojiet atbilsto\u0161us mont\u0101\u017eas kron\u0161teinus, lai stingri nostiprin\u0101tu cilindru viet\u0101. P\u0101rliecinieties, vai visas skr\u016bves ir pievilktas atbilsto\u0161i ra\u017eot\u0101ja specifik\u0101cij\u0101m, lai nov\u0113rstu kust\u012bbu darb\u012bbas laik\u0101.<\/li>\n<li><strong>Hidrauliskais savienojums:<\/strong> Uzman\u012bgi pievienojiet hidraulisk\u0101s l\u012bnijas, p\u0101rliecinoties, ka t\u0101s nav samezgloju\u0161\u0101s vai sav\u0113rpu\u0161\u0101s. P\u0101rbaudiet sader\u012bbu ar eso\u0161aj\u0101m hidrauliskaj\u0101m sist\u0113m\u0101m.<\/li>\n<li><strong>Test\u0113\u0161ana:<\/strong> P\u0113c uzst\u0101d\u012b\u0161anas veiciet testa darb\u012bbu, lai p\u0101rliecin\u0101tos, ka cilindrs darbojas nevainojami un bez nopl\u016bd\u0113m. S\u0101kotn\u0113j\u0101s darb\u012bbas laik\u0101 r\u016bp\u012bgi uzraugiet veiktsp\u0113ju.<\/li>\n<\/ul>\n<p><img decoding=\"async\" src=\"https:\/\/www.hydraulic-cylinders.net\/wp-content\/uploads\/2025\/04\/songte-chushion-collar.webp\" alt=\"Spilvenu apkakle\"><\/p>\n<h2>Dro\u0161\u012bbas apsv\u0113rumi un vides faktori<\/h2>\n<p>Izmantojot hidrauliskos cilindrus, dro\u0161\u012bbas pas\u0101kumu iev\u0113ro\u0161ana ir \u013coti svar\u012bga, lai nov\u0113rstu negad\u012bjumus. Operatoriem j\u0101b\u016bt apm\u0101c\u012btiem pareiz\u0101s apstr\u0101des tehnik\u0101s un individu\u0101lo aizsardz\u012bbas l\u012bdzek\u013cu (IAL) lieto\u0161an\u0101. Regul\u0101ri j\u0101veic dro\u0161\u012bbas auditi, lai nodro\u0161in\u0101tu atbilst\u012bbu dro\u0161\u012bbas standartiem un noteikumiem.<\/p>\n<p>Turkl\u0101t iz\u0161\u0137iro\u0161a noz\u012bme ir vides apsv\u0113rumiem, piem\u0113ram, hidraulisk\u0101 \u0161\u0137idruma nopl\u016b\u017eu p\u0101rvald\u012bbai. Hidraulisko \u0161\u0137idrumu ierobe\u017eo\u0161anas pas\u0101kumu un atbilsto\u0161u utiliz\u0101cijas protokolu ievie\u0161ana var iev\u0113rojami samazin\u0101t hidraulisko sist\u0113mu ietekmi uz vidi.<\/p>\n<h2>K\u013c\u016bmju diagnostika un bie\u017e\u0101k sastopam\u0101s probl\u0113mas<\/h2>\n<ul>\n<li><strong>Hidraulisk\u0101s nopl\u016bdes:<\/strong> Nopl\u016bdes var rasties bl\u012bv\u0113jumu nodiluma d\u0113\u013c. Lai nov\u0113rstu \u0161o probl\u0113mu, nepiecie\u0161ama regul\u0101ra apkope.<\/li>\n<li><strong>Samazin\u0101ta veiktsp\u0113ja:<\/strong> Ja cilindrs nerea\u0123\u0113 \u0101tri vai tam ir samazin\u0101ta jauda, \u200b\u200btas var liecin\u0101t par gaisu hidrauliskaj\u0101 sist\u0113m\u0101 vai zemu \u0161\u0137idruma l\u012bmeni.<\/li>\n<li><strong>P\u0101rkar\u0161ana:<\/strong> Nep\u0101rtraukta darb\u012bba bez atbilsto\u0161as \u200b\u200bdzes\u0113\u0161anas var izrais\u012bt p\u0101rkar\u0161anu, ietekm\u0113jot hidraulisk\u0101 \u0161\u0137idruma viskozit\u0101ti un veiktsp\u0113ju.<\/li>\n<\/ul>\n<p>Diagnostic\u0113jot \u0161\u012bs probl\u0113mas, ir svar\u012bgi r\u016bp\u012bgi p\u0101rbaud\u012bt hidraulisko sist\u0113mu, p\u0101rbaudot nopl\u016bdes, \u0161\u0137idruma l\u012bmeni un bl\u012bv\u0113jumu un \u0161\u013c\u016bte\u0146u integrit\u0101ti. Regul\u0101ri prevent\u012bvie pas\u0101kumi var iev\u0113rojami mazin\u0101t iesp\u0113jam\u0101s probl\u0113mas un pagarin\u0101t hidraulisko cilindru kalpo\u0161anas laiku.<\/p>\n<p><img decoding=\"async\" src=\"https:\/\/www.hydraulic-cylinders.net\/wp-content\/uploads\/2025\/04\/songte-bushings-with-all-kinds-of-excavator-models.webp\" alt=\"Ekskavatoru mode\u013cu bukses\"><\/p>\n<h2>Secin\u0101jums<\/h2>\n<p>M\u016bsu uz\u0146\u0113mums specializ\u0113jas augstas kvalit\u0101tes rezerves hidraulisko cilindru ra\u017eo\u0161an\u0101, nostiprinot sevi k\u0101 vienu no vado\u0161ajiem ra\u017eot\u0101jiem un vairumtirgot\u0101jiem gan viet\u0113j\u0101, gan starptautiskaj\u0101 tirg\u016b. M\u0113s iev\u0113rojam augst\u0101kos kvalit\u0101tes standartus, izmantojot izsmalcin\u0101tas ra\u017eo\u0161anas strat\u0113\u0123ijas un augst\u0101k\u0101s klases digit\u0101lo apr\u012bkojumu. M\u016bsu ap\u0146em\u0161an\u0101s nep\u0101rtraukti uzlabot ra\u017eo\u0161anas procesus un produktu kvalit\u0101ti nodro\u0161ina, ka m\u0113s efekt\u012bvi un prec\u012bzi apmierin\u0101m da\u017e\u0101das klientu vajadz\u012bbas.<\/p>\n<p>M\u0113s pied\u0101v\u0101jam piel\u0101gotus pakalpojumus, starptautiskus sertifik\u0101tus un sp\u0113c\u012bgu p\u0113cp\u0101rdo\u0161anas atbalsta sist\u0113mu. M\u016bsu modern\u0101s ra\u017eo\u0161anas iek\u0101rtas \u013cauj mums saglab\u0101t augstu precizit\u0101ti un efektivit\u0101ti m\u016bsu produktos, nodro\u0161inot, ka varam apmierin\u0101t da\u017e\u0101das lietojumprogrammas un specifik\u0101cijas.<\/p>\n<p><img decoding=\"async\" src=\"https:\/\/www.hydraulic-cylinders.net\/wp-content\/uploads\/2025\/04\/songte-company-4.webp\" alt=\"Uz\u0146\u0113muma p\u0101rskats\"><br \/>\n<img decoding=\"async\" src=\"https:\/\/www.hydraulic-cylinders.net\/wp-content\/uploads\/2025\/04\/songte-company-3.webp\" alt=\"Uz\u0146\u0113muma telpas\"><\/p>\n<p>Autors: lil<\/p>","protected":false},"excerpt":{"rendered":"<p>Boom Cylinder For Kato Small Excavator HD820-3 Introduction to Boom Cylinders The Boom Cylinder for Kato Small Excavator HD820-3 is an essential hydraulic component designed specifically for controlling the movement of buckets in various heavy machinery, including excavators, backhoe loaders, and front loaders. These hydraulic cylinders facilitate the lifting, lowering, and tilting of the bucket, [&hellip;]<\/p>","protected":false},"featured_media":17876,"comment_status":"open","ping_status":"closed","template":"","meta":{"_et_pb_use_builder":"","_et_pb_old_content":"","_et_gb_content_width":""},"product_brand":[],"product_cat":[1546],"product_tag":[1547,1496],"class_list":{"0":"post-19733","1":"product","2":"type-product","3":"status-publish","4":"has-post-thumbnail","6":"product_cat-boom-cylinders","7":"product_tag-boom-cylinders","8":"product_tag-hydraulic-cylinders","10":"first","11":"instock","12":"shipping-taxable","13":"product-type-simple"},"amp_enabled":true,"_links":{"self":[{"href":"https:\/\/www.hydraulic-cylinders.net\/lv\/wp-json\/wp\/v2\/product\/19733","targetHints":{"allow":["GET"]}}],"collection":[{"href":"https:\/\/www.hydraulic-cylinders.net\/lv\/wp-json\/wp\/v2\/product"}],"about":[{"href":"https:\/\/www.hydraulic-cylinders.net\/lv\/wp-json\/wp\/v2\/types\/product"}],"replies":[{"embeddable":true,"href":"https:\/\/www.hydraulic-cylinders.net\/lv\/wp-json\/wp\/v2\/comments?post=19733"}],"wp:featuredmedia":[{"embeddable":true,"href":"https:\/\/www.hydraulic-cylinders.net\/lv\/wp-json\/wp\/v2\/media\/17876"}],"wp:attachment":[{"href":"https:\/\/www.hydraulic-cylinders.net\/lv\/wp-json\/wp\/v2\/media?parent=19733"}],"wp:term":[{"taxonomy":"product_brand","embeddable":true,"href":"https:\/\/www.hydraulic-cylinders.net\/lv\/wp-json\/wp\/v2\/product_brand?post=19733"},{"taxonomy":"product_cat","embeddable":true,"href":"https:\/\/www.hydraulic-cylinders.net\/lv\/wp-json\/wp\/v2\/product_cat?post=19733"},{"taxonomy":"product_tag","embeddable":true,"href":"https:\/\/www.hydraulic-cylinders.net\/lv\/wp-json\/wp\/v2\/product_tag?post=19733"}],"curies":[{"name":"wp","href":"https:\/\/api.w.org\/{rel}","templated":true}]}}