{"id":19734,"date":"2025-04-07T07:04:39","date_gmt":"2025-04-07T07:04:39","guid":{"rendered":"https:\/\/www.hydraulic-cylinders.net\/product\/boom-cylinder-for-kato-small-excavator-hd900-5-7\/"},"modified":"2025-04-07T07:04:41","modified_gmt":"2025-04-07T07:04:41","slug":"boom-cylinder-for-kato-small-excavator-hd900-5-7","status":"publish","type":"product","link":"https:\/\/www.hydraulic-cylinders.net\/lv\/products\/boom-cylinder-for-kato-small-excavator-hd900-5-7\/","title":{"rendered":"Kato maz\u0101 ekskavatora HD900-5-7 str\u0113les cilindrs"},"content":{"rendered":"<h1>Kato maz\u0101 ekskavatora HD900-5-7 str\u0113les cilindrs<\/h1>\n<h2>Ievads str\u0113les cilindr\u0101<\/h2>\n<p>Str\u0113les cilindrs, kas \u012bpa\u0161i izstr\u0101d\u0101ts Kato mazajam ekskavatoram HD900-5-7, ir b\u016btiska smago ma\u0161\u012bnu hidraulisk\u0101s sist\u0113mas sast\u0101vda\u013ca. Tas kalpo str\u0113les kust\u012bbas kontrolei, \u013caujot veikt t\u0101dus uzdevumus k\u0101 cel\u0161ana, nolai\u0161ana un noliek\u0161ana. \u0160im hidrauliskajam cilindram ir b\u016btiska loma materi\u0101lu apstr\u0101des uzdevumu efektivit\u0101t\u0113, nodro\u0161inot ekskavatoru, ekskavatoru-iekr\u0101v\u0113ju un front\u0101lo iekr\u0101v\u0113ju efekt\u012bvu darb\u012bbu.<\/p>\n<p><img decoding=\"async\" src=\"https:\/\/www.hydraulic-cylinders.net\/wp-content\/uploads\/2025\/04\/songte-company-1.webp\" alt=\"Str\u0113les cilindra att\u0113ls\"><\/p>\n<h3>Kausa cilindru defin\u012bcija un p\u0101rskats<\/h3>\n<p>Kausa cilindri, kas ir hidraulisko cilindru veids, ir paredz\u0113ti, lai p\u0101rvald\u012btu kausu kust\u012bbu smagaj\u0101 ma\u0161\u012bn\u0101. Tie \u013cauj prec\u012bzi kontrol\u0113t kausa funkcijas, kas ir \u013coti svar\u012bgi da\u017e\u0101d\u0101m darb\u012bb\u0101m b\u016bvniec\u012bb\u0101 un lauksaimniec\u012bb\u0101. \u0160ie cilindri izmanto hidraulisko \u0161\u0137idrumu, lai rad\u012btu sp\u0113ku, p\u0101rv\u0113r\u0161ot to meh\u0101nisk\u0101 kust\u012bb\u0101. Kausa cilindru projekt\u0113\u0161ana un izgatavo\u0161ana ir v\u0113rsta uz iztur\u012bbu un uzticam\u012bbu, nodro\u0161inot, ka tie var iztur\u0113t lielas slodzes pielietojumu slodzi.<\/p>\n<h2>Str\u0113les cilindra \u012bpa\u0161\u012bbas<\/h2>\n<ul>\n<li><strong>Augsta iztur\u012bba un ilgm\u016b\u017e\u012bba:<\/strong> \u0160ie cilindri ir izgatavoti no augstas stipr\u012bbas t\u0113rauda vai alum\u012bnija, un tie var iztur\u0113t augstu spiedienu un lielas slodzes, padarot tos piem\u0113rotus skarbajiem darba apst\u0101k\u013ciem.<\/li>\n<li><strong>Efekt\u012bva hidraulisk\u0101 darb\u012bba:<\/strong> Cilindra vienm\u0113r\u012bgu izvilk\u0161anu un ievilk\u0161anu pan\u0101k ar hidraulisk\u0101s e\u013c\u013cas spiediena pal\u012bdz\u012bbu, nodro\u0161inot \u0101tru reakciju uz operatora komand\u0101m.<\/li>\n<li><strong>Da\u017e\u0101di veidi:<\/strong> Pieejams vienk\u0101r\u0161\u0101s vai divk\u0101r\u0161\u0101s darb\u012bbas konstrukcij\u0101s, str\u0113les cilindrs var apmierin\u0101t da\u017e\u0101das ekspluat\u0101cijas vajadz\u012bbas, un da\u017eiem mode\u013ciem ir teleskopiska konstrukcija liel\u0101kai sniedzam\u012bbai.<\/li>\n<li><strong>Korozijas iztur\u012bba:<\/strong> Balona konstrukcij\u0101 izmantotie materi\u0101li ir paredz\u0113ti korozijas iztur\u012bbai, t\u0101d\u0113j\u0101di pagarinot t\u0101 kalpo\u0161anas laiku.<\/li>\n<li><strong>Apkopei draudz\u012bgs dizains:<\/strong> Baloni ir konstru\u0113ti t\u0101, lai tos b\u016btu viegli apkopt, \u013caujot veikt \u0101tras p\u0101rbaudes un remontu.<\/li>\n<\/ul>\n<p>M\u016bsu produkti sp\u0113j perfekti aizst\u0101t \u0161os hidrauliskos cilindrus, nodro\u0161inot optim\u0101lu veiktsp\u0113ju.<\/p>\n<p><img decoding=\"async\" src=\"https:\/\/www.hydraulic-cylinders.net\/wp-content\/uploads\/2025\/04\/songte-cylinder-head-with-all-kinds-excavator-models.webp\" alt=\"Ekskavatora mode\u013ca sader\u012bba\"><\/p>\n<h2>Str\u0113les cilindra pielietojumi<\/h2>\n<h3>Celtniec\u012bbas apr\u012bkojums<\/h3>\n<p>Ekskavatoros str\u0113les cilindrs ir \u013coti svar\u012bgs rak\u0161anas, iekrau\u0161anas un augsnes vai gru\u017eu p\u0101rvieto\u0161anas veik\u0161anai. Tas \u013cauj operatoram kontrol\u0113t kausa dzi\u013cumu un le\u0146\u0137i, t\u0101d\u0113j\u0101di veicinot prec\u012bzu rak\u0161anu un materi\u0101lu apstr\u0101di. Turkl\u0101t ekskavatoros-iekr\u0101v\u0113jos str\u0113les cilindrs pal\u012bdz gan rak\u0161anas, gan cel\u0161anas darb\u012bb\u0101s, uzlabojot ma\u0161\u012bnas kop\u0113jo daudzpus\u012bbu un efektivit\u0101ti.<\/p>\n<h3>Lauksaimniec\u012bbas tehnika<\/h3>\n<p>Front\u0101lajos iekr\u0101v\u0113jos str\u0113les cilindrs tiek izmantots augsnes, siena un citu materi\u0101lu sav\u0101k\u0161anai, cel\u0161anai un transport\u0113\u0161anai. Sp\u0113ja prec\u012bzi kontrol\u0113t kausa kust\u012bbu padara to par b\u016btisku instrumentu lauksaimniec\u012bbas darbos, nodro\u0161inot efekt\u012bvu materi\u0101lu p\u0101rvald\u012bbu.<\/p>\n<h3>Ekskavatori<\/h3>\n<p>Str\u0113les cilindrs \u013cauj kausam efekt\u012bvi iek\u013c\u016bt augsn\u0113, nodro\u0161inot efekt\u012bvas rak\u0161anas darb\u012bbas. \u0160\u012b sp\u0113ja ir vit\u0101li svar\u012bga da\u017e\u0101diem rak\u0161anas darbiem, s\u0101kot no ainavu veido\u0161anas l\u012bdz liela m\u0113roga b\u016bvniec\u012bbas projektiem.<\/p>\n<h3>Iekr\u0101v\u0113ji<\/h3>\n<p>Front\u0101lajos iekr\u0101v\u0113jos str\u0113les cilindrs pal\u012bdz efekt\u012bvi pacelt un izg\u0101zt kravas. \u0160\u012b funkcionalit\u0101te ir b\u016btiska b\u016bvlaukumos un materi\u0101lu apstr\u0101des oper\u0101cij\u0101s, padarot iekr\u0101v\u0113ju par daudzpus\u012bgu apr\u012bkojumu.<\/p>\n<h2>Dizaina apsv\u0113rumi un atlases krit\u0113riji<\/h2>\n<h3>Kravnes\u012bba<\/h3>\n<p>Izv\u0113loties str\u0113les cilindru, kravnes\u012bba ir \u0101rk\u0101rt\u012bgi svar\u012bga. Ir \u013coti svar\u012bgi nodro\u0161in\u0101t, lai cilindrs iztur\u0113tu maksim\u0101l\u0101s slodzes, ar kur\u0101m saskarsies ekspluat\u0101cijas laik\u0101. Izv\u0113loties cilindru ar atbilsto\u0161u kravnes\u012bbu, tiek nov\u0113rstas iesp\u0113jam\u0101s k\u013c\u016bmes un uzlabota dro\u0161\u012bba.<\/p>\n<h3>Bl\u012bv\u0113juma integrit\u0101te<\/h3>\n<p>Hidraulisko cilindru bl\u012bv\u0113\u0161anai ir iz\u0161\u0137iro\u0161a noz\u012bme, lai nov\u0113rstu nopl\u016bdes un uztur\u0113tu veiktsp\u0113ju. Augstas kvalit\u0101tes bl\u012bv\u0113jumi, piem\u0113ram, virzu\u013ca un stie\u0146a bl\u012bv\u0113jumi, kas izgatavoti no iztur\u012bgiem materi\u0101liem, piem\u0113ram, poliuret\u0101na vai nitrila gumijas, ir b\u016btiski, lai nodro\u0161in\u0101tu cilindra ilgm\u016b\u017e\u012bbu un efektivit\u0101ti.<\/p>\n<h3>Iztur\u012bba<\/h3>\n<p>Str\u0113les cilindra iztur\u012bbu ietekm\u0113 izmantotie materi\u0101li un konstrukcija. Cilindriem j\u0101sp\u0113j iztur\u0113t skarbus darba apst\u0101k\u013cus, tostarp net\u012brumu, mitruma un kod\u012bgu vielu iedarb\u012bbu. Labi konstru\u0113tam cilindram b\u016bs ilg\u0101ks kalpo\u0161anas laiks, samazinot nepiecie\u0161am\u012bbu p\u0113c nomai\u0146as.<\/p>\n<h3>Dro\u0161\u012bbas funkcijas<\/h3>\n<p>Dro\u0161\u012bbas apsv\u0113rumi ietver to, lai nodro\u0161in\u0101tu, ka balons var darboties bez atteices riska. Tas ietver spiediena samazin\u0101\u0161anas v\u0101rstu un p\u0101rslodzes aizsardz\u012bbas sist\u0113mu konstrukciju, kas nov\u0113r\u0161 p\u0101rm\u0113r\u012bga spiediena palielin\u0101\u0161anos, kas var\u0113tu izrais\u012bt katastrof\u0101las atteices.<\/p>\n<h3>Apkopes pieejam\u012bba<\/h3>\n<p>Izv\u0113loties str\u0113les cilindru, b\u016btisks apsv\u0113rums ir vienk\u0101r\u0161a apkope. Konstrukcija, kas nodro\u0161ina \u0113rtu piek\u013cuvi bl\u012bv\u0113m un cit\u0101m sast\u0101vda\u013c\u0101m, atvieglo regul\u0101ras p\u0101rbaudes un remontu, kas ir svar\u012bgi cilindra kalpo\u0161anas laika pagarin\u0101\u0161anai.<\/p>\n<p><img decoding=\"async\" src=\"https:\/\/www.hydraulic-cylinders.net\/wp-content\/uploads\/2025\/04\/songte-oil-pipes-and-spare-parts.webp\" alt=\"E\u013c\u013cas caurules un rezerves da\u013cas\"><\/p>\n<h2>Bl\u012bv\u0113\u0161ana un e\u013c\u013co\u0161ana<\/h2>\n<p>Pareiza bl\u012bv\u0113\u0161ana un e\u013c\u013co\u0161ana ir kritiski svar\u012bga hidraulisko cilindru efekt\u012bvai darb\u012bbai. Da\u017e\u0101diem bl\u012bv\u0113jumiem, piem\u0113ram, virzu\u013ca bl\u012bv\u0113jumiem un stie\u0146a bl\u012bv\u0113jumiem, ir b\u016btiska loma nopl\u016b\u017eu nov\u0113r\u0161an\u0101 un spiediena uztur\u0113\u0161an\u0101. Bl\u012bv\u0113\u0161anas materi\u0101lu, piem\u0113ram, poliuret\u0101na un nitrila gumijas, izv\u0113le ir b\u016btiska, lai nodro\u0161in\u0101tu iztur\u012bbu un nodilumiztur\u012bbu. Cilindra korpusa un v\u012bt\u0146oto galu virsmas ir r\u016bp\u012bgi j\u0101apstr\u0101d\u0101, lai uzlabotu nodilumiztur\u012bbu. Regul\u0101ra e\u013c\u013co\u0161ana ar hidraulisko e\u013c\u013cu ir nepiecie\u0161ama, lai nodro\u0161in\u0101tu vienm\u0113r\u012bgu darb\u012bbu un nov\u0113rstu sist\u0113mas nodilumu.<\/p>\n<h2>Regul\u0101ra apkope un prevent\u012bvie pas\u0101kumi<\/h2>\n<ul>\n<li><strong>Regul\u0101ras p\u0101rbaudes:<\/strong> Ir \u013coti svar\u012bgi regul\u0101ri p\u0101rbaud\u012bt str\u0113les cilindru, lai noteiktu jebk\u0101das nodiluma vai boj\u0101jumu paz\u012bmes. Mekl\u0113jiet hidraulisk\u0101 \u0161\u0137idruma nopl\u016bdes, kas var liecin\u0101t par bl\u012bv\u0113juma boj\u0101jumu vai boj\u0101t\u0101m deta\u013c\u0101m.<\/li>\n<li><strong>Pareiza e\u013c\u013co\u0161ana:<\/strong> P\u0101rliecinieties, vai cilindrs ir pien\u0101c\u012bgi iee\u013c\u013cots saska\u0146\u0101 ar ra\u017eot\u0101ja nor\u0101d\u012bjumiem. Nepietiekama e\u013c\u013co\u0161ana var izrais\u012bt palielin\u0101tu berzi un priek\u0161laic\u012bgu iek\u0161\u0113jo deta\u013cu nodilumu.<\/li>\n<li><strong>Bl\u012bv\u0113juma nomai\u0146a:<\/strong> Regul\u0101ri p\u0101rbaudiet bl\u012bv\u0113jumu nodilumu un nomainiet tos p\u0113c nepiecie\u0161am\u012bbas, lai uztur\u0113tu optim\u0101lu veiktsp\u0113ju un nov\u0113rstu nopl\u016bdes.<\/li>\n<\/ul>\n<h2>Uzst\u0101d\u012b\u0161anas vadl\u012bnijas<\/h2>\n<p>Pareiza str\u0113les cilindra uzst\u0101d\u012b\u0161ana ir b\u016btiska, lai nodro\u0161in\u0101tu t\u0101 ilgm\u016b\u017e\u012bbu un veiktsp\u0113ju. Vispirms p\u0101rliecinieties, vai mont\u0101\u017eas virsmas ir t\u012bras un bez gru\u017eiem. Izmantojiet atbilsto\u0161us mont\u0101\u017eas kron\u0161teinus, lai nostiprin\u0101tu cilindru viet\u0101, nodro\u0161inot, ka tas ir pareizi izl\u012bdzin\u0101ts, lai nov\u0113rstu p\u0101rm\u0113r\u012bgu slodzi uz bl\u012bv\u0113m un deta\u013c\u0101m. Pievelkot aparat\u016bru, iev\u0113rojiet ra\u017eot\u0101ja griezes momenta specifik\u0101cijas, lai izvair\u012btos no p\u0101r\u0101k lielas pievilk\u0161anas, kas var izrais\u012bt boj\u0101jumus. P\u0113c uzst\u0101d\u012b\u0161anas p\u0101rbaudiet cilindra kust\u012bbu, lai nodro\u0161in\u0101tu vienm\u0113r\u012bgu darb\u012bbu, un p\u0101rbaudiet, vai nav nopl\u016b\u017eu.<\/p>\n<h2>Bie\u017ei sastopamie apkopes uzdevumi<\/h2>\n<ul>\n<li><strong>Regul\u0101ras p\u0101rbaudes:<\/strong> Regul\u0101ri p\u0101rbaudiet, vai nav nodiluma vai nopl\u016b\u017eu paz\u012bmju, jo agr\u012bna atkl\u0101\u0161ana var nov\u0113rst nopietn\u0101kas probl\u0113mas.<\/li>\n<li><strong>Pareiza e\u013c\u013co\u0161ana:<\/strong> P\u0101rliecinieties, vai hidraulisk\u0101s e\u013c\u013cas l\u012bmenis ir pietiekams un vai cilindrs ir iee\u013c\u013cots saska\u0146\u0101 ar ra\u017eot\u0101ja ieteikumiem.<\/li>\n<li><strong>Bl\u012bv\u0113juma nomai\u0146as un kalibr\u0113\u0161anas p\u0101rbaudes:<\/strong> Nomainiet bl\u012bves p\u0113c nepiecie\u0161am\u012bbas un p\u0101rliecinieties, ka tiek veiktas korekcijas, lai saglab\u0101tu cilindra efektivit\u0101ti.<\/li>\n<\/ul>\n<h2>Dro\u0161\u012bbas apsv\u0113rumi un vides faktori<\/h2>\n<p>Dro\u0161\u012bbas pas\u0101kumu ievie\u0161ana, lietojot hidrauliskos cilindrus, ir \u013coti svar\u012bga. Operatoriem j\u0101b\u016bt apm\u0101c\u012btiem atpaz\u012bt iesp\u0113jamos apdraud\u0113jumus un izmantot apr\u012bkojumu t\u0101 ekspluat\u0101cijas robe\u017e\u0101s. Turkl\u0101t pareiza apkope un regul\u0101ras p\u0101rbaudes var pal\u012bdz\u0113t nov\u0113rst negad\u012bjumus un vides kait\u0113jumu, ko izraisa hidraulisk\u0101 \u0161\u0137idruma nopl\u016bdes.<\/p>\n<h2>Bie\u017ei sastopamo probl\u0113mu nov\u0113r\u0161ana<\/h2>\n<ul>\n<li><strong>Nopl\u016bde:<\/strong> Ja no cilindra nopl\u016bst hidrauliskais \u0161\u0137idrums, p\u0101rbaudiet bl\u012bves, vai t\u0101s nav nodilu\u0161as vai boj\u0101tas, un nepiecie\u0161am\u012bbas gad\u012bjum\u0101 nomainiet t\u0101s.<\/li>\n<li><strong>L\u0113na darb\u012bba:<\/strong> Ja str\u0113les cilindrs kustas l\u0113n\u0101k nek\u0101 parasti, p\u0101rbaudiet hidraulisk\u0101 \u0161\u0137idruma l\u012bmeni un p\u0101rliecinieties, vai hidrauliskaj\u0101s l\u012bnij\u0101s nav aizsprostojumu.<\/li>\n<li><strong>Nekonsekventa kust\u012bba:<\/strong> Tas var liecin\u0101t par gaisu hidrauliskaj\u0101 sist\u0113m\u0101 vai nepareizu izl\u012bdzin\u0101jumu; atgaisojiet sist\u0113mu un p\u0101rbaudiet izl\u012bdzin\u0101jumu p\u0113c nepiecie\u0161am\u012bbas.<\/li>\n<\/ul>\n<p>K\u0101 prevent\u012bvus pas\u0101kumus regul\u0101ri p\u0101rbaudiet hidraulisk\u0101s sist\u0113mas integrit\u0101ti un uzturiet atbilsto\u0161u \u0161\u0137idruma l\u012bmeni, lai samazin\u0101tu probl\u0113mas.<\/p>\n<p><img decoding=\"async\" src=\"https:\/\/www.hydraulic-cylinders.net\/wp-content\/uploads\/2025\/04\/songte-bushings-with-all-kinds-of-excavator-models.webp\" alt=\"Bukses ar ekskavatora mode\u013ciem\"><\/p>\n<h2>Par m\u016bsu uz\u0146\u0113mumu<\/h2>\n<p>M\u0113s esam vado\u0161ais rezerves hidraulisko cilindru ra\u017eot\u0101js, kas pied\u0101v\u0101 pla\u0161u produktu kl\u0101stu, kas m\u016bs at\u0161\u0137ir gan viet\u0113j\u0101, gan starptautiskaj\u0101 tirg\u016b. M\u016bsu ap\u0146em\u0161anos sasniegt izcil\u012bbu atbalsta pilnveidota ra\u017eo\u0161anas vad\u012bbas strat\u0113\u0123ija, kas nodro\u0161ina augstu kvalit\u0101ti, izmantojot progres\u012bvas tehnolo\u0123ijas un kvalific\u0113tu darbasp\u0113ku. M\u0113s nep\u0101rtraukti uzlabojam savas ra\u017eo\u0161anas iesp\u0113jas, vienlaikus apmierinot da\u017e\u0101das klientu vajadz\u012bbas ar efektivit\u0101ti, precizit\u0101ti un izcilu kvalit\u0101ti.<\/p>\n<ul>\n<li><strong>Profesion\u0101l\u0101 pieredze:<\/strong> M\u016bsu komandu veido augsti kvalific\u0113ti speci\u0101listi, kas ir ap\u0146\u0113mu\u0161ies nodro\u0161in\u0101t augst\u0101k\u0101s kvalit\u0101tes hidrauliskos risin\u0101jumus.<\/li>\n<li><strong>Starptautisk\u0101s sertifik\u0101cijas:<\/strong> M\u016bsu produkti atbilst starptautiskajiem standartiem, nodro\u0161inot uzticam\u012bbu un dro\u0161\u012bbu vis\u0101s nozar\u0113s.<\/li>\n<li><strong>Piel\u0101goti risin\u0101jumi:<\/strong> M\u0113s pied\u0101v\u0101jam piel\u0101gotus risin\u0101jumus, lai apmierin\u0101tu \u012bpa\u0161as pras\u012bbas, nodro\u0161inot klientu apmierin\u0101t\u012bbu.<\/li>\n<li><strong>Uzlabots ra\u017eo\u0161anas apr\u012bkojums:<\/strong> Izmantojot jaun\u0101k\u0101s tehnolo\u0123ijas m\u016bsu ra\u017eo\u0161anas procesos, m\u0113s uzlabojam savu produktu kvalit\u0101ti.<\/li>\n<li><strong>Visaptvero\u0161s p\u0113cp\u0101rdo\u0161anas serviss:<\/strong> M\u0113s nodro\u0161in\u0101m past\u0101v\u012bgu atbalstu un pakalpojumus, lai nodro\u0161in\u0101tu m\u016bsu klientiem optim\u0101lu m\u016bsu produktu veiktsp\u0113ju.<\/li>\n<\/ul>\n<p><img decoding=\"async\" src=\"https:\/\/www.hydraulic-cylinders.net\/wp-content\/uploads\/2025\/04\/songte-company-4.webp\" alt=\"Uz\u0146\u0113muma p\u0101rskats\"><br \/>\n<img decoding=\"async\" src=\"https:\/\/www.hydraulic-cylinders.net\/wp-content\/uploads\/2025\/04\/songte-company-3.webp\" alt=\"Uz\u0146\u0113muma telpas\"><\/p>\n<p>Autors: lil<\/p>","protected":false},"excerpt":{"rendered":"<p>Boom Cylinder For Kato Small Excavator HD900-5-7 Introduction to the Boom Cylinder The Boom Cylinder, specifically designed for Kato&#8217;s small excavator HD900-5-7, is a crucial component in the hydraulic system of heavy machinery. It serves to control the movement of the boom, enabling tasks such as lifting, lowering, and tilting. This hydraulic cylinder plays an [&hellip;]<\/p>","protected":false},"featured_media":17877,"comment_status":"open","ping_status":"closed","template":"","meta":{"_et_pb_use_builder":"","_et_pb_old_content":"","_et_gb_content_width":""},"product_brand":[],"product_cat":[1546],"product_tag":[1547,1496],"class_list":{"0":"post-19734","1":"product","2":"type-product","3":"status-publish","4":"has-post-thumbnail","6":"product_cat-boom-cylinders","7":"product_tag-boom-cylinders","8":"product_tag-hydraulic-cylinders","10":"first","11":"instock","12":"shipping-taxable","13":"product-type-simple"},"amp_enabled":true,"_links":{"self":[{"href":"https:\/\/www.hydraulic-cylinders.net\/lv\/wp-json\/wp\/v2\/product\/19734","targetHints":{"allow":["GET"]}}],"collection":[{"href":"https:\/\/www.hydraulic-cylinders.net\/lv\/wp-json\/wp\/v2\/product"}],"about":[{"href":"https:\/\/www.hydraulic-cylinders.net\/lv\/wp-json\/wp\/v2\/types\/product"}],"replies":[{"embeddable":true,"href":"https:\/\/www.hydraulic-cylinders.net\/lv\/wp-json\/wp\/v2\/comments?post=19734"}],"wp:featuredmedia":[{"embeddable":true,"href":"https:\/\/www.hydraulic-cylinders.net\/lv\/wp-json\/wp\/v2\/media\/17877"}],"wp:attachment":[{"href":"https:\/\/www.hydraulic-cylinders.net\/lv\/wp-json\/wp\/v2\/media?parent=19734"}],"wp:term":[{"taxonomy":"product_brand","embeddable":true,"href":"https:\/\/www.hydraulic-cylinders.net\/lv\/wp-json\/wp\/v2\/product_brand?post=19734"},{"taxonomy":"product_cat","embeddable":true,"href":"https:\/\/www.hydraulic-cylinders.net\/lv\/wp-json\/wp\/v2\/product_cat?post=19734"},{"taxonomy":"product_tag","embeddable":true,"href":"https:\/\/www.hydraulic-cylinders.net\/lv\/wp-json\/wp\/v2\/product_tag?post=19734"}],"curies":[{"name":"wp","href":"https:\/\/api.w.org\/{rel}","templated":true}]}}