{"id":19736,"date":"2025-04-07T07:04:44","date_gmt":"2025-04-07T07:04:44","guid":{"rendered":"https:\/\/www.hydraulic-cylinders.net\/product\/boom-cylinder-for-kato-small-excavator-hd250-7\/"},"modified":"2025-04-07T07:04:46","modified_gmt":"2025-04-07T07:04:46","slug":"boom-cylinder-for-kato-small-excavator-hd250-7","status":"publish","type":"product","link":"https:\/\/www.hydraulic-cylinders.net\/lv\/products\/boom-cylinder-for-kato-small-excavator-hd250-7\/","title":{"rendered":"Kato maz\u0101 ekskavatora HD250-7 str\u0113les cilindrs"},"content":{"rendered":"<h1>Kato maz\u0101 ekskavatora HD250-7 str\u0113les cilindrs<\/h1>\n<h2>Produkta p\u0101rskats<\/h2>\n<p>Kato maz\u0101 ekskavatora HD250-7 str\u0113les cilindrs ir b\u016btiska sast\u0101vda\u013ca, kam ir iz\u0161\u0137iro\u0161a noz\u012bme celtniec\u012bbas tehnikas hidraulisko sist\u0113mu darb\u012bb\u0101. Kausa cilindrs, kas \u012bpa\u0161i paredz\u0113ts kausu kust\u012bbas vad\u012bbai smag\u0101 apr\u012bkojum\u0101, piem\u0113ram, ekskavatoros, ekskavatoros-iekr\u0101v\u0113jos un front\u0101lajos iekr\u0101v\u0113jos, \u013cauj pacelt, nolaist un noliekt kausu. \u0160\u012b funkcionalit\u0101te ir \u013coti svar\u012bga efekt\u012bviem materi\u0101lu apstr\u0101des uzdevumiem.<\/p>\n<p><img decoding=\"async\" src=\"https:\/\/www.hydraulic-cylinders.net\/wp-content\/uploads\/2025\/04\/songte-company-1.webp\" alt=\"Str\u0113les cilindra att\u0113ls\" \/><\/p>\n<p>Izmantojot hidraulisk\u0101s e\u013c\u013cas spiedienu, kausa cilindri nodro\u0161ina vienm\u0113r\u012bgu un efekt\u012bvu darb\u012bbu, kas ir \u013coti svar\u012bgi gan produktivit\u0101tei, gan dro\u0161\u012bbai darba viet\u0101. Prec\u012bz\u0101 vad\u012bba, ko tie pied\u0101v\u0101, \u013cauj operatoriem viegli manevr\u0113t ar smagiem materi\u0101liem, padarot tos par neaizst\u0101jamiem da\u017e\u0101dos pielietojumos, s\u0101kot no b\u016bvniec\u012bbas l\u012bdz lauksaimniec\u012bbas darbiem.<\/p>\n<h2>Str\u0113les cilindra \u012bpa\u0161\u012bbas<\/h2>\n<ul>\n<li><strong>Augsta iztur\u012bba un ilgm\u016b\u017e\u012bba:<\/strong> \u0160is cilindrs ir izgatavots no augstas stipr\u012bbas t\u0113rauda vai alum\u012bnija, un tas var iztur\u0113t augstu spiedienu un lielas slodzes, padarot to piem\u0113rotu skarbiem darba apst\u0101k\u013ciem. T\u0101 konstrukcija ir \u0146emta v\u0113r\u0101 ar\u012b nodilumiztur\u012bba un aizsardz\u012bba pret koroziju, pagarinot t\u0101 kalpo\u0161anas laiku.<\/li>\n<li><strong>Efekt\u012bva hidraulisk\u0101 darb\u012bba:<\/strong> Cilindrs izmanto hidraulisk\u0101s e\u013c\u013cas spiedienu, lai pan\u0101ktu vienm\u0113r\u012bgu izvirz\u012b\u0161anu un ievilk\u0161anu, \u013caujot \u0101tri rea\u0123\u0113t uz operatora komand\u0101m un nodro\u0161inot iev\u0113rojamu celtsp\u0113ju, kas ir labi piem\u0113rots smagu un sare\u017e\u0123\u012btu uzdevumu veik\u0161anai.<\/li>\n<li><strong>Pieejami da\u017e\u0101di veidi:<\/strong> Atkar\u012bb\u0101 no ekspluat\u0101cijas vajadz\u012bb\u0101m klienti var izv\u0113l\u0113ties starp vienas darb\u012bbas (hidrauliska darb\u012bba vien\u0101 virzien\u0101) vai divk\u0101r\u0161as darb\u012bbas (hidrauliska darb\u012bba abos virzienos) cilindriem. Da\u017eiem mode\u013ciem ir teleskopiska konstrukcija, kas pied\u0101v\u0101 liel\u0101ku sniedzam\u012bbu, nepalielinot \u0101r\u0113jo izm\u0113ru, kas ir ide\u0101li piem\u0113rots lietojumiem ar ierobe\u017eotu vietu.<\/li>\n<li><strong>Piel\u0101gota ra\u017eo\u0161ana:<\/strong> M\u016bsu ra\u017eo\u0161anas iesp\u0113jas \u013cauj mums ra\u017eot cilindrus, kas lieliski aizst\u0101j eso\u0161os hidrauliskos cilindrus, nodro\u0161inot sader\u012bbu un veiktsp\u0113ju da\u017e\u0101d\u0101s ma\u0161\u012bn\u0101s.<\/li>\n<li><strong>Daudzpus\u012bgi pielietojumi:<\/strong> \u0160is cilindrs nav paredz\u0113ts tikai vienam ma\u0161\u012bnas tipam; tas ir piel\u0101gojams da\u017e\u0101diem smag\u0101s tehnikas mode\u013ciem, padarot to par v\u0113rt\u012bgu resursu vair\u0101k\u0101s nozar\u0113s.<\/li>\n<\/ul>\n<p><img decoding=\"async\" src=\"https:\/\/www.hydraulic-cylinders.net\/wp-content\/uploads\/2025\/04\/songte-cylinder-head-with-all-kinds-excavator-models.webp\" alt=\"Ekskavatora mode\u013cu att\u0113ls\" \/><\/p>\n<h2>Str\u0113les cilindra pielietojumi<\/h2>\n<h3>Celtniec\u012bbas apr\u012bkojums<\/h3>\n<p>Ekskavatoros str\u0113les cilindri ir \u0161\u0137\u0113rsvirziena elementi zemes vai gru\u017eu rak\u0161anai, iekrau\u0161anai un p\u0101rvieto\u0161anai. Tie atvieglo kausa kust\u012bbu, kas ir b\u016btiski t\u0101diem uzdevumiem k\u0101 tran\u0161eju rak\u0161ana un vietas sagatavo\u0161ana. Ekskavatoros-iekr\u0101v\u0113jos kausa cilindrs pal\u012bdz gan rak\u0161anas, gan cel\u0161anas darbos, \u013caujot veikt pla\u0161u uzdevumu kl\u0101stu, nemainot apr\u012bkojumu.<\/p>\n<h3>Lauksaimniec\u012bbas tehnika<\/h3>\n<p>Front\u0101lajos iekr\u0101v\u0113jos str\u0113les cilindri ir b\u016btiski augsnes, siena un citu materi\u0101lu sav\u0101k\u0161anai, cel\u0161anai un transport\u0113\u0161anai. To iztur\u012bba un efektivit\u0101te padara tos ide\u0101li piem\u0113rotus lauksaimniec\u012bbas darbiem, kur bie\u017ei j\u0101p\u0101rvieto smagas kravas.<\/p>\n<h3>Ekskavatori<\/h3>\n<p>Str\u0113les cilindri \u013cauj ekskavatoriem efekt\u012bvi iek\u013c\u016bt zem\u0113, \u013caujot prec\u012bzi veikt rak\u0161anas procesu. Tie nodro\u0161ina nepiecie\u0161amo sp\u0113ku, lai izlauztos cauri cietai augsnei, padarot tos par b\u016btisku sast\u0101vda\u013cu b\u016bvniec\u012bbas un ainavu veido\u0161anas darbos.<\/p>\n<h3>Iekr\u0101v\u0113ji<\/h3>\n<p>Front\u0101lajos iekr\u0101v\u0113jos str\u0113les cilindri pal\u012bdz efekt\u012bvi pacelt un izkraut kravas. To konstrukcija nodro\u0161ina, ka operatori var p\u0101rvietot un izkraut materi\u0101lus ar minim\u0101lu piep\u016bli, t\u0101d\u0113j\u0101di uzlabojot produktivit\u0101ti darba viet\u0101.<\/p>\n<h2>Dizaina apsv\u0113rumi un atlases krit\u0113riji<\/h2>\n<h3>Kravnes\u012bba<\/h3>\n<p>Izv\u0113loties str\u0113les cilindru, galvenais apsv\u0113rums ir kravnes\u012bba. Cilindram j\u0101sp\u0113j iztur\u0113t maksim\u0101lo slodzi, kas paredzama darb\u012bbas laik\u0101, neapdraudot dro\u0161\u012bbu vai veiktsp\u0113ju. Tas ietver r\u016bp\u012bgus apr\u0113\u0137inus un test\u0113\u0161anu, lai nodro\u0161in\u0101tu uzticam\u012bbu. In\u017eenieriem j\u0101nov\u0113rt\u0113 p\u0101rvietojam\u0101 materi\u0101la svars, darb\u012bbas laik\u0101 pieliktais sp\u0113ks un dro\u0161\u012bbas faktori, kas nepiecie\u0161ami, lai nov\u0113rstu boj\u0101jumus.<\/p>\n<h3>Bl\u012bv\u0113juma integrit\u0101te<\/h3>\n<p>Efekt\u012bva bl\u012bv\u0113\u0161ana ir \u013coti svar\u012bga hidrauliskajiem cilindriem, jo \u200b\u200bt\u0101 nov\u0113r\u0161 nopl\u016bdes un uztur spiedienu sist\u0113m\u0101. Augstas kvalit\u0101tes bl\u012bves, kas izgatavotas no iztur\u012bgiem materi\u0101liem, piem\u0113ram, poliuret\u0101na un nitrila gumijas, ir b\u016btiskas, lai iztur\u0113tu ekspluat\u0101cijas apst\u0101k\u013cus. Regul\u0101ra bl\u012bvju p\u0101rbaude un iesp\u0113jama nomai\u0146a var pagarin\u0101t cilindra ekspluat\u0101cijas laiku un nodro\u0161in\u0101t nemain\u012bgu veiktsp\u0113ju.<\/p>\n<h3>Iztur\u012bba<\/h3>\n<p>Iztur\u012bba ir galvenais faktors str\u0113les cilindru konstrukcij\u0101. \u0160iem cilindriem j\u0101iztur skarbi vides apst\u0101k\u013ci, tostarp putek\u013cu, mitruma un \u0137\u012bmisku vielu iedarb\u012bba. Izv\u0113loties materi\u0101lus, kas ir iztur\u012bgi pret koroziju un nodilumu, tiek pagarin\u0101ts cilindra kalpo\u0161anas laiks un samazin\u0101tas apkopes izmaksas. In\u017eenieri iek\u013cauj ar\u012b konstrukcijas elementus, kas uzlabo notur\u012bbu pret triecieniem un abraz\u012bviem materi\u0101liem, ar kuriem saskaras lieto\u0161anas laik\u0101.<\/p>\n<h3>Dro\u0161\u012bbas funkcijas<\/h3>\n<p>Projekt\u0113jot hidrauliskos cilindrus, dro\u0161\u012bba nekad nedr\u012bkst tikt apdraud\u0113ta. T\u0101du funkciju k\u0101 spiediena samazin\u0101\u0161anas v\u0101rstu iek\u013cau\u0161ana pal\u012bdz nov\u0113rst p\u0101rspiedienu, kas var izrais\u012bt katastrof\u0101las k\u013c\u016bmes. Turkl\u0101t dubl\u0113tu sist\u0113mu iek\u013cau\u0161ana un regul\u0101ras apkopes p\u0101rbaudes veicina ekspluat\u0101cijas dro\u0161\u012bbu uz vietas.<\/p>\n<h3>Uzturam\u012bba<\/h3>\n<p>Apkopes vienk\u0101r\u0161\u012bba ir b\u016btisks projekt\u0113\u0161anas aspekts. Baloni j\u0101projekt\u0113, \u0146emot v\u0113r\u0101 to pieejam\u012bbu, nodro\u0161inot \u0101tru p\u0101rbaudi un remontu. Nomain\u0101mu deta\u013cu iek\u013cau\u0161ana var samazin\u0101t d\u012bkst\u0101ves laiku un apkopes izmaksas, atvieglojot operatoriem iek\u0101rtu uztur\u0113\u0161anu optim\u0101l\u0101 st\u0101vokl\u012b.<\/p>\n<p><img decoding=\"async\" src=\"https:\/\/www.hydraulic-cylinders.net\/wp-content\/uploads\/2025\/04\/songte-oil-pipes-and-spare-parts.webp\" alt=\"E\u013c\u013cas caurules un rezerves da\u013cas\" \/><\/p>\n<h2>Cilindra bl\u012bv\u0113\u0161ana un e\u013c\u013co\u0161ana<\/h2>\n<p>Efekt\u012bva bl\u012bv\u0113\u0161ana un e\u013c\u013co\u0161ana ir kritiski svar\u012bgi hidraulisko cilindru veiktsp\u0113jas un ilgm\u016b\u017e\u012bbas komponenti. Da\u017e\u0101di bl\u012bv\u0113jumi, piem\u0113ram, virzu\u013ca bl\u012bv\u0113jumi un stie\u0146a bl\u012bv\u0113jumi, nodro\u0161ina, ka hidrauliskais \u0161\u0137idrums paliek cilindr\u0101, nov\u0113r\u0161ot nopl\u016bdes un uzturot spiedienu. Bl\u012bv\u0113jumu materi\u0101lu izv\u0113le, tostarp nodilumiztur\u012bgs poliuret\u0101ns un nitrilgumija, ir b\u016btiska, lai nodro\u0161in\u0101tu iztur\u012bbu pret nodilumu un vides faktoriem.<\/p>\n<p>Turkl\u0101t cilindra korpusam un v\u012bt\u0146otajiem galiem nepiecie\u0161ama smalka apstr\u0101de, lai uzlabotu nodilumiztur\u012bbu. Nepiecie\u0161ama ar\u012b regul\u0101ra e\u013c\u013co\u0161ana; operatoriem periodiski j\u0101p\u0101rbauda un j\u0101uzpilda hidraulisk\u0101 e\u013c\u013ca, lai uztur\u0113tu optim\u0101lu veiktsp\u0113ju. Pareiza e\u013c\u013co\u0161ana samazina berzi, uzlabo hidraulisk\u0101s sist\u0113mas efektivit\u0101ti un pagarina bl\u012bv\u0113jumu un visa hidraulisk\u0101 cilindra kalpo\u0161anas laiku.<\/p>\n<h2>Regul\u0101ra p\u0101rbaude un profilaktisk\u0101 apkope<\/h2>\n<ul>\n<li><strong>Pl\u0101not\u0101s p\u0101rbaudes:<\/strong> Regul\u0101ri p\u0101rbaudiet str\u0113les cilindru, vai nav nodiluma, boj\u0101jumu vai nopl\u016b\u017eu paz\u012bmju. Probl\u0113mu agr\u012bna atkl\u0101\u0161ana var nov\u0113rst nopietn\u0101kas probl\u0113mas un d\u0101rgus remontdarbus v\u0113l\u0101k.<\/li>\n<li><strong>E\u013c\u013co\u0161ana:<\/strong> Ieviesiet regul\u0101ru e\u013c\u013co\u0161anas grafiku, lai nodro\u0161in\u0101tu, ka visas kust\u012bg\u0101s da\u013cas ir pien\u0101c\u012bgi iee\u013c\u013cotas. Tas samazina nodilumu, uzlabojot hidraulisk\u0101s sist\u0113mas kop\u0113jo veiktsp\u0113ju.<\/li>\n<li><strong>Bl\u012bv\u0113juma nomai\u0146a:<\/strong> Uzraugiet bl\u012bv\u0113jumu st\u0101vokli un nomainiet tos p\u0113c nepiecie\u0161am\u012bbas. Nolietoti bl\u012bv\u0113jumi var izrais\u012bt \u0161\u0137idruma nopl\u016bdes, samazinot hidraulisk\u0101s sist\u0113mas efektivit\u0101ti un radot iek\u0101rtu boj\u0101jumu risku.<\/li>\n<\/ul>\n<h2>Uzst\u0101d\u012b\u0161anas vadl\u012bnijas<\/h2>\n<p>Pareiza str\u0113les cilindra uzst\u0101d\u012b\u0161ana ir \u013coti svar\u012bga, lai nodro\u0161in\u0101tu optim\u0101lu veiktsp\u0113ju un dro\u0161\u012bbu. S\u0101ciet ar uzst\u0101d\u012b\u0161anas vietas sagatavo\u0161anu, p\u0101rliecinoties, ka visas sast\u0101vda\u013cas ir t\u012bras un bez gru\u017eiem. Pareizi izl\u012bdziniet cilindru ar mont\u0101\u017eas kron\u0161teiniem un izmantojiet atbilsto\u0161us stiprin\u0101juma elementus, lai to nostiprin\u0101tu viet\u0101. Ir svar\u012bgi iev\u0113rot ra\u017eot\u0101ja specifik\u0101cijas attiec\u012bb\u0101 uz jebkuru stiprin\u0101jumu griezes momenta iestat\u012bjumiem, lai nesaboj\u0101tu cilindru.<\/p>\n<p>P\u0101rliecinieties, vai hidraulisk\u0101s l\u012bnijas ir pareizi pievienotas un pl\u016bsmas ce\u013c\u0101 nav \u0161\u0137\u0113r\u0161\u013cu. P\u0113c uzst\u0101d\u012b\u0161anas atgaisojiet hidraulisko sist\u0113mu, lai no\u0146emtu gaisa kabatas, kas var ietekm\u0113t veiktsp\u0113ju. Visbeidzot, veiciet r\u016bp\u012bgu uzst\u0101d\u012bt\u0101 cilindra p\u0101rbaudi, lai p\u0101rliecin\u0101tos, ka visas sast\u0101vda\u013cas ir dro\u0161i nostiprin\u0101tas un darbojas nevainojami.<\/p>\n<h2>Bie\u017ei sastopamie apkopes uzdevumi<\/h2>\n<ul>\n<li><strong>Regul\u0101ras p\u0101rbaudes:<\/strong> Pl\u0101nojiet regul\u0101ras p\u0101rbaudes, lai p\u0101rbaud\u012btu, vai nav nodiluma vai boj\u0101jumu paz\u012bmju. Past\u0101v\u012bga uzraudz\u012bba var pal\u012bdz\u0113t identific\u0113t potenci\u0101l\u0101s probl\u0113mas, pirms t\u0101s saasin\u0101s, nodro\u0161inot str\u0113les cilindra un t\u0101 atbalst\u012bto ma\u0161\u012bnu ilgm\u016b\u017e\u012bbu.<\/li>\n<li><strong>Pareiza e\u013c\u013co\u0161ana:<\/strong> Nodro\u0161iniet atbilsto\u0161u hidraulisk\u0101s sist\u0113mas e\u013c\u013co\u0161anas grafiku. Pareiza hidraulisk\u0101s e\u013c\u013cas veida un daudzuma lieto\u0161ana ir b\u016btiska, lai nodro\u0161in\u0101tu vienm\u0113r\u012bgu un efekt\u012bvu darb\u012bbu. P\u0101rm\u0113r\u012bga vai nepietiekama e\u013c\u013co\u0161ana var izrais\u012bt nopietnus darb\u012bbas trauc\u0113jumus.<\/li>\n<li><strong>Bl\u012bv\u0113juma nomai\u0146as un kalibr\u0113\u0161anas p\u0101rbaudes:<\/strong> Regul\u0101ri p\u0101rbaudiet bl\u012bv\u0113jumu nodilumu un nomainiet tos p\u0113c nepiecie\u0161am\u012bbas. Hidraulisk\u0101s sist\u0113mas kalibr\u0113\u0161ana nodro\u0161ina, ka visas sast\u0101vda\u013cas darbojas atbilsto\u0161i paredz\u0113tajiem parametriem, kas ir \u013coti svar\u012bgi dro\u0161ai un efekt\u012bvai darb\u012bbai.<\/li>\n<\/ul>\n<p>Uzst\u0101d\u012b\u0161anas laik\u0101 ir svar\u012bgi pareizi izl\u012bdzin\u0101t cilindru, lai izvair\u012btos no p\u0101rm\u0113r\u012bgas slodzes uz deta\u013c\u0101m. Cilindra nostiprin\u0101\u0161anai izmantojiet piem\u0113rotas mont\u0101\u017eas kron\u0161teinus. Ieteicamo p\u0101rbaudes, remonta un nomai\u0146as proced\u016bru iev\u0113ro\u0161ana pal\u012bdz\u0113s uzlabot str\u0113les cilindra kalpo\u0161anas laiku un darb\u012bbas efektivit\u0101ti.<\/p>\n<p><img decoding=\"async\" src=\"https:\/\/www.hydraulic-cylinders.net\/wp-content\/uploads\/2025\/04\/songte-chushion-collar.webp\" alt=\"Spilvenu apkakle\" \/><\/p>\n<h2>Dro\u0161\u012bbas apsv\u0113rumi un vides faktori<\/h2>\n<p>Izmantojot hidraulisko apr\u012bkojumu, dro\u0161\u012bbas pas\u0101kumi ir \u0101rk\u0101rt\u012bgi svar\u012bgi. Operatoriem j\u0101valk\u0101 atbilsto\u0161i individu\u0101lie aizsardz\u012bbas l\u012bdzek\u013ci (IAL) un j\u0101b\u016bt apm\u0101c\u012btiem dro\u0161\u0101s ekspluat\u0101cijas proced\u016br\u0101s. Regul\u0101ras apm\u0101c\u012bbas var pal\u012bdz\u0113t person\u0101lam b\u016bt inform\u0113tam par riskiem, kas saist\u012bti ar hidrauliskaj\u0101m sist\u0113m\u0101m, un lab\u0101ko praksi smago ma\u0161\u012bnu ekspluat\u0101cij\u0101. Turkl\u0101t vides faktori, piem\u0113ram, darba vides temperat\u016bra un mitrums, var ietekm\u0113t hidraulisko veiktsp\u0113ju. Nodro\u0161inot, ka visas sast\u0101vda\u013cas ir nov\u0113rt\u0113tas atbilsto\u0161i paredzamajiem apst\u0101k\u013ciem, var mazin\u0101t riskus.<\/p>\n<h2>K\u013c\u016bmju diagnostika un bie\u017e\u0101k sastopam\u0101s probl\u0113mas<\/h2>\n<ul>\n<li><strong>Nopl\u016bdu\u0161as bl\u012bves:<\/strong> Viena no visbie\u017e\u0101k sastopamaj\u0101m probl\u0113m\u0101m hidrauliskajos cilindros ir bl\u012bv\u0113jumu nopl\u016bdes. To bie\u017ei var noteikt p\u0113c hidraulisk\u0101 \u0161\u0137idruma kl\u0101tb\u016btnes ap cilindru. Regul\u0101ra p\u0101rbaude un nodilu\u0161o bl\u012bv\u0113jumu t\u016bl\u012bt\u0113ja nomai\u0146a ir \u013coti svar\u012bga, lai saglab\u0101tu veiktsp\u0113ju.<\/li>\n<li><strong>Samazin\u0101ts cilindra \u0101trums:<\/strong> Ja str\u0113les cilindrs darbojas l\u0113n\u0101k nek\u0101 parasti, tas var liecin\u0101t par hidraulisko l\u012bniju aizsprostojumu vai zemu hidraulisk\u0101 \u0161\u0137idruma l\u012bmeni. \u0160\u0137idruma l\u012bme\u0146a p\u0101rbaude un l\u012bniju t\u012br\u012bbas nodro\u0161in\u0101\u0161ana var atrisin\u0101t \u0161o probl\u0113mu.<\/li>\n<li><strong>Nekonsekventa kust\u012bba:<\/strong> Ja cilindrs neizvirz\u0101s vai neievelkas vienm\u0113r\u012bgi, tas var b\u016bt saist\u012bts ar hidrauliskaj\u0101 sist\u0113m\u0101 iesprostotu gaisu. Sist\u0113mas atgaiso\u0161ana parasti var atrisin\u0101t \u0161o probl\u0113mu, atjaunojot vienm\u0113r\u012bgu darb\u012bbu.<\/li>\n<\/ul>\n<h2>Probl\u0113mu nov\u0113r\u0161anas padomi un risin\u0101jumi<\/h2>\n<p>Lai efekt\u012bvi diagnostic\u0113tu un risin\u0101tu probl\u0113mas, operatoriem ir skaidri j\u0101saprot hidraulisk\u0101s sist\u0113mas darb\u012bba. Regul\u0101ra apm\u0101c\u012bba par probl\u0113mu nov\u0113r\u0161anas metod\u0113m var dot person\u0101lam iesp\u0113ju efekt\u012bvi identific\u0113t un risin\u0101t probl\u0113mas. Piem\u0113ram, ja tiek konstat\u0113tas nopl\u016bdes, bl\u012bv\u0113jumu un savienojumu p\u0101rbaude bie\u017ei vien var noteikt probl\u0113mas avotu. Ja rodas veiktsp\u0113jas probl\u0113mas, hidraulisk\u0101 \u0161\u0137idruma l\u012bme\u0146a un \u0161\u013c\u016bte\u0146u un savienojumu st\u0101vok\u013ca p\u0101rbaude var pal\u012bdz\u0113t noteikt c\u0113loni.<\/p>\n<p>Prevent\u012bvie pas\u0101kumi, piem\u0113ram, regul\u0101ra apkope un p\u0101rbaudes, var iev\u0113rojami samazin\u0101t probl\u0113mu ra\u0161an\u0101s iesp\u0113jam\u012bbu. Visaptvero\u0161a apkopes grafika izveide, kas ietver regul\u0101ras p\u0101rbaudes, e\u013c\u013co\u0161anu un bl\u012bvju nomai\u0146u, pal\u012bdz\u0113s samazin\u0101t iesp\u0113jam\u0101s probl\u0113mas un nodro\u0161in\u0101s hidraulisk\u0101s sist\u0113mas nevainojamu darb\u012bbu.<\/p>\n<p><img decoding=\"async\" src=\"https:\/\/www.hydraulic-cylinders.net\/wp-content\/uploads\/2025\/04\/songte-bushings-with-all-kinds-of-excavator-models.webp\" alt=\"Bukses ar ekskavatora mode\u013ciem\" \/><\/p>\n<h2>Uz\u0146\u0113muma profils<\/h2>\n<p>M\u0113s esam vado\u0161ais rezerves hidraulisko cilindru ra\u017eot\u0101js ar pla\u0161u produktu kl\u0101stu, kas nostiprina m\u016bsu poz\u012bciju k\u0101 iev\u0113rojams sp\u0113l\u0113t\u0101js gan viet\u0113j\u0101, gan starptautiskaj\u0101 tirg\u016b. M\u016bsu ap\u0146em\u0161an\u0101s sasniegt izcil\u012bbu atspogu\u013cojas m\u016bsu r\u016bp\u012bgaj\u0101s ra\u017eo\u0161anas vad\u012bbas strat\u0113\u0123ij\u0101s, kas izmanto augst\u0101k\u0101s klases digit\u0101l\u0101s ra\u017eo\u0161anas iek\u0101rtas un specializ\u0113tas test\u0113\u0161anas sist\u0113mas.<\/p>\n<p>M\u016bsu kvalific\u0113to speci\u0101listu komanda nep\u0101rtraukti uzlabo m\u016bsu ra\u017eo\u0161anas platformu, nodro\u0161inot augstu efektivit\u0101ti, precizit\u0101ti un kvalit\u0101ti. M\u0113s pied\u0101v\u0101jam piel\u0101gotus pakalpojumus, lai apmierin\u0101tu da\u017e\u0101das klientu vajadz\u012bbas, vienlaikus iev\u0113rojot starptautiskos standartus un sertifik\u0101cijas.<\/p>\n<p>M\u016bsu ap\u0146em\u0161an\u0101s nodro\u0161in\u0101t klientu apmierin\u0101t\u012bbu sniedzas t\u0101l\u0101k par p\u0101rdo\u0161anu, jo m\u0113s nodro\u0161in\u0101m stabilu p\u0113cp\u0101rdo\u0161anas atbalstu, lai nodro\u0161in\u0101tu m\u016bsu produktu uzticam\u012bbu un veiktsp\u0113ju darba apst\u0101k\u013cos.<\/p>\n<p><img decoding=\"async\" src=\"https:\/\/www.hydraulic-cylinders.net\/wp-content\/uploads\/2025\/04\/songte-company-4.webp\" alt=\"Uz\u0146\u0113muma att\u0113ls 1\" \/><br \/>\n<img decoding=\"async\" src=\"https:\/\/www.hydraulic-cylinders.net\/wp-content\/uploads\/2025\/04\/songte-company-3.webp\" alt=\"Uz\u0146\u0113muma att\u0113ls 2\" \/><\/p>\n<p>Autors: lil<\/p>","protected":false},"excerpt":{"rendered":"<p>Boom Cylinder For Kato Small Excavator HD250-7 Product Overview The Boom Cylinder for Kato Small Excavator HD250-7 is an essential component that plays a critical role in the operation of hydraulic systems in construction machinery. A bucket cylinder, specifically designed for controlling the movement of buckets in heavy equipment such as excavators, backhoe loaders, and [&hellip;]<\/p>","protected":false},"featured_media":17879,"comment_status":"open","ping_status":"closed","template":"","meta":{"_et_pb_use_builder":"","_et_pb_old_content":"","_et_gb_content_width":""},"product_brand":[],"product_cat":[1546],"product_tag":[1547,1496],"class_list":{"0":"post-19736","1":"product","2":"type-product","3":"status-publish","4":"has-post-thumbnail","6":"product_cat-boom-cylinders","7":"product_tag-boom-cylinders","8":"product_tag-hydraulic-cylinders","10":"first","11":"instock","12":"shipping-taxable","13":"product-type-simple"},"amp_enabled":true,"_links":{"self":[{"href":"https:\/\/www.hydraulic-cylinders.net\/lv\/wp-json\/wp\/v2\/product\/19736","targetHints":{"allow":["GET"]}}],"collection":[{"href":"https:\/\/www.hydraulic-cylinders.net\/lv\/wp-json\/wp\/v2\/product"}],"about":[{"href":"https:\/\/www.hydraulic-cylinders.net\/lv\/wp-json\/wp\/v2\/types\/product"}],"replies":[{"embeddable":true,"href":"https:\/\/www.hydraulic-cylinders.net\/lv\/wp-json\/wp\/v2\/comments?post=19736"}],"wp:featuredmedia":[{"embeddable":true,"href":"https:\/\/www.hydraulic-cylinders.net\/lv\/wp-json\/wp\/v2\/media\/17879"}],"wp:attachment":[{"href":"https:\/\/www.hydraulic-cylinders.net\/lv\/wp-json\/wp\/v2\/media?parent=19736"}],"wp:term":[{"taxonomy":"product_brand","embeddable":true,"href":"https:\/\/www.hydraulic-cylinders.net\/lv\/wp-json\/wp\/v2\/product_brand?post=19736"},{"taxonomy":"product_cat","embeddable":true,"href":"https:\/\/www.hydraulic-cylinders.net\/lv\/wp-json\/wp\/v2\/product_cat?post=19736"},{"taxonomy":"product_tag","embeddable":true,"href":"https:\/\/www.hydraulic-cylinders.net\/lv\/wp-json\/wp\/v2\/product_tag?post=19736"}],"curies":[{"name":"wp","href":"https:\/\/api.w.org\/{rel}","templated":true}]}}