{"id":19738,"date":"2025-04-07T07:04:48","date_gmt":"2025-04-07T07:04:48","guid":{"rendered":"https:\/\/www.hydraulic-cylinders.net\/product\/boom-cylinder-for-kato-small-excavator-hd700-2-5-7\/"},"modified":"2025-04-07T07:04:51","modified_gmt":"2025-04-07T07:04:51","slug":"boom-cylinder-for-kato-small-excavator-hd700-2-5-7","status":"publish","type":"product","link":"https:\/\/www.hydraulic-cylinders.net\/lv\/products\/boom-cylinder-for-kato-small-excavator-hd700-2-5-7\/","title":{"rendered":"Kato maz\u0101 ekskavatora HD700-2-5-7 str\u0113les cilindrs"},"content":{"rendered":"<h1>Kato maz\u0101 ekskavatora HD700-2-5-7 str\u0113les cilindrs<\/h1>\n<h2>Produkta p\u0101rskats<\/h2>\n<p>Kato maz\u0101 ekskavatora HD700-2-5-7 str\u0113les cilindrs ir specializ\u0113ts hidrauliskais cilindrs, kas paredz\u0113ts str\u0113les kust\u012bbas vad\u012bbai da\u017e\u0101d\u0101s smagaj\u0101s ma\u0161\u012bn\u0101s, tostarp ekskavatoros, iekr\u0101v\u0113ju ekskavatoros un front\u0101lajos iekr\u0101v\u0113jos. \u0160im hidrauliskajam cilindram ir iz\u0161\u0137iro\u0161a noz\u012bme, lai str\u0113li var\u0113tu pacelt, nolaist un noliekt, efekt\u012bvi atvieglojot materi\u0101lu apstr\u0101des uzdevumus. Kausa cilindrs nodro\u0161ina prec\u012bzu stiprin\u0101juma darb\u012bbu, kas ir \u013coti svar\u012bgi b\u016bvniec\u012bbas un rak\u0161anas darbos. Tas ir konstru\u0113ts, lai iztur\u0113tu sare\u017e\u0123\u012btus ekspluat\u0101cijas apst\u0101k\u013cus, padarot to par b\u016btisku hidraulisko sist\u0113mu sast\u0101vda\u013cu.<\/p>\n<p><img decoding=\"async\" src=\"https:\/\/www.hydraulic-cylinders.net\/wp-content\/uploads\/2025\/04\/songte-company-1.webp\" alt=\"Str\u0113les cilindra att\u0113ls\" \/><\/p>\n<h2>Galven\u0101s iez\u012bmes<\/h2>\n<ul>\n<li>\n<h3>Augsta iztur\u012bba un ilgm\u016b\u017e\u012bba<\/h3>\n<p>\u0160ie cilindri ir izgatavoti no augstas stipr\u012bbas t\u0113rauda vai alum\u012bnija, un tie ir paredz\u0113ti, lai iztur\u0113tu augstu spiedienu un lielas slodzes. Tie ir veidoti, lai iztur\u0113tu skarbus darba apst\u0101k\u013cus, \u012bpa\u0161u uzman\u012bbu piev\u0113r\u0161ot nodilumiztur\u012bbai un korozijas iztur\u012bbai, lai pagarin\u0101tu to kalpo\u0161anas laiku.<\/p>\n<\/li>\n<li>\n<h3>Efekt\u012bva hidraulisk\u0101 darb\u012bba<\/h3>\n<p>Izmantojot hidraulisk\u0101s e\u013c\u013cas spiedienu, \u0161ie cilindri nodro\u0161ina vienm\u0113r\u012bgu izvirz\u012b\u0161anos un ievilk\u0161anos. Tie \u0101tri rea\u0123\u0113 uz operatora komand\u0101m, nodro\u0161inot sp\u0113c\u012bgus stum\u0161anas un vilk\u0161anas sp\u0113kus, kas ir piem\u0113roti smagu un sare\u017e\u0123\u012btu uzdevumu veik\u0161anai.<\/p>\n<\/li>\n<li>\n<h3>Da\u017e\u0101di veidi<\/h3>\n<p>M\u016bsu produktu kl\u0101st\u0101 ir iek\u013cauti vienk\u0101r\u0161\u0101s darb\u012bbas cilindri (darbojas vien\u0101 virzien\u0101) un divk\u0101r\u0161\u0101s darb\u012bbas cilindri (darbojas abos virzienos), kas piel\u0101goti da\u017e\u0101d\u0101m ekspluat\u0101cijas vajadz\u012bb\u0101m. Da\u017eiem mode\u013ciem ir teleskopiska konstrukcija, kas nodro\u0161ina liel\u0101ku pagarin\u0101jumu, nepalielinot \u0101r\u0113jos izm\u0113rus, kas ir ide\u0101li piem\u0113rots lietojumiem ar ierobe\u017eotu vietu.<\/p>\n<\/li>\n<li>\n<h3>Sader\u012bba un nomai\u0146a<\/h3>\n<p>M\u0113s ra\u017eojam \u0161o hidraulisko cilindru, lai tas b\u016btu ide\u0101ls eso\u0161o mode\u013cu aizvietot\u0101js, nodro\u0161inot sader\u012bbu ar da\u017e\u0101da veida ma\u0161\u012bn\u0101m un uzlabojot darb\u012bbas efektivit\u0101ti.<\/p>\n<\/li>\n<li>\n<h3>Uzlabotas ra\u017eo\u0161anas metodes<\/h3>\n<p>Izmantojot modern\u0101k\u0101s ra\u017eo\u0161anas metodes un stingrus kvalit\u0101tes kontroles pas\u0101kumus, m\u016bsu cilindri tiek ra\u017eoti atbilsto\u0161i augst\u0101kajiem nozares standartiem, nodro\u0161inot uzticam\u012bbu un veiktsp\u0113ju darba apst\u0101k\u013cos.<\/p>\n<\/li>\n<\/ul>\n<p><img decoding=\"async\" src=\"https:\/\/www.hydraulic-cylinders.net\/wp-content\/uploads\/2025\/04\/songte-cylinder-head-with-all-kinds-excavator-models.webp\" alt=\"Ekskavatoru mode\u013ci\" \/><\/p>\n<h2>Pieteikumi<\/h2>\n<ul>\n<li>\n<h3>Celtniec\u012bbas apr\u012bkojums<\/h3>\n<p>Str\u0113les cilindri ir neat\u0146emama ekskavatoru sast\u0101vda\u013ca, kas pal\u012bdz rakt, iekraut un p\u0101rvietot augsni vai gru\u017eus. Ekskavatoros-iekr\u0101v\u0113jos \u0161ie cilindri pal\u012bdz gan rak\u0161anas, gan cel\u0161anas oper\u0101cij\u0101s, nodro\u0161inot efektivit\u0101ti darba viet\u0101s.<\/p>\n<\/li>\n<li>\n<h3>Lauksaimniec\u012bbas tehnika<\/h3>\n<p>Front\u0101lo iekr\u0101v\u0113ju str\u0113les cilindri atvieglo augsnes, siena un citu materi\u0101lu sav\u0101k\u0161anu, cel\u0161anu un transport\u0113\u0161anu, t\u0101d\u0113j\u0101di uzlabojot lauksaimniec\u012bbas darbu produktivit\u0101ti.<\/p>\n<\/li>\n<li>\n<h3>Ekskavatori<\/h3>\n<p>Ekskavatoros str\u0113les cilindrs \u013cauj kausam iek\u013c\u016bt zem\u0113, nodro\u0161inot efekt\u012bvas rak\u0161anas darb\u012bbas, kas ir \u013coti svar\u012bgas da\u017e\u0101dos rak\u0161anas darbos.<\/p>\n<\/li>\n<li>\n<h3>Iekr\u0101v\u0113ji<\/h3>\n<p>Front\u0101lajos iekr\u0101v\u0113jos \u0161iem cilindriem ir b\u016btiska loma kravu cel\u0161an\u0101 un izg\u0101\u0161an\u0101, t\u0101d\u0113j\u0101di veicinot materi\u0101lu apstr\u0101des oper\u0101ciju kop\u0113jo efektivit\u0101ti.<\/p>\n<\/li>\n<\/ul>\n<h2>Projekt\u0113\u0161anas apsv\u0113rumi un atlases standarti<\/h2>\n<ul>\n<li>\n<h3>Kravnes\u012bba<\/h3>\n<p>Projekt\u0113jot j\u0101\u0146em v\u0113r\u0101 maksim\u0101l\u0101 slodze, kas balonam b\u016bs j\u0101iztur. Ir svar\u012bgi izv\u0113l\u0113ties balonu, kas atbilst vai p\u0101rsniedz ekspluat\u0101cijas slodzes pras\u012bbas, lai nov\u0113rstu boj\u0101jumus un nodro\u0161in\u0101tu dro\u0161\u012bbu ekspluat\u0101cijas laik\u0101.<\/p>\n<\/li>\n<li>\n<h3>Bl\u012bv\u0113\u0161anas efektivit\u0101te<\/h3>\n<p>Uzticams bl\u012bv\u0113jums ir \u013coti svar\u012bgs hidraulisk\u0101 spiediena uztur\u0113\u0161anai un nopl\u016b\u017eu nov\u0113r\u0161anai. Augstas kvalit\u0101tes bl\u012bv\u0113jumu izv\u0113le samazina apkopes nepiecie\u0161am\u012bbu un uzlabo cilindra kalpo\u0161anas laiku, nodro\u0161inot nemain\u012bgu veiktsp\u0113ju.<\/p>\n<\/li>\n<li>\n<h3>Iztur\u012bba<\/h3>\n<p>Baloniem j\u0101b\u016bt izgatavotiem no materi\u0101liem, kas ir iztur\u012bgi pret nodilumu. \u0145emot v\u0113r\u0101 t\u0101dus faktorus k\u0101 nogurums, nodilums un korozija, tiek nodro\u0161in\u0101ts, ka balons var iztur\u0113t sare\u017e\u0123\u012btus b\u016bvniec\u012bbas un lauksaimniec\u012bbas apst\u0101k\u013cus.<\/p>\n<\/li>\n<li>\n<h3>Dro\u0161\u012bbas funkcijas<\/h3>\n<p>Ir \u013coti svar\u012bgi iek\u013caut dro\u0161\u012bbas funkcijas, piem\u0113ram, spiediena samazin\u0101\u0161anas v\u0101rstus un av\u0101rijas dro\u0161as konstrukcijas. Tas nodro\u0161ina, ka darb\u012bbas trauc\u0113jumu gad\u012bjum\u0101 sist\u0113ma var nov\u0113rst katastrof\u0101las k\u013c\u016bmes, uzlabojot operatora dro\u0161\u012bbu.<\/p>\n<\/li>\n<li>\n<h3>Apkalpojam\u012bba<\/h3>\n<p>Vienk\u0101r\u0161a apkope un pieejam\u012bba nodro\u0161ina, ka operatori var veikt regul\u0101ras p\u0101rbaudes un remontu ar minim\u0101lu d\u012bkst\u0101vi. Tas ietver bl\u012bv\u0113jumu un citu nodiluma deta\u013cu nomai\u0146as vienk\u0101r\u0161\u012bbu, kas ir b\u016btiski darb\u012bbas efektivit\u0101tes uztur\u0113\u0161anai.<\/p>\n<\/li>\n<\/ul>\n<p><img decoding=\"async\" src=\"https:\/\/www.hydraulic-cylinders.net\/wp-content\/uploads\/2025\/04\/songte-oil-pipes-and-spare-parts.webp\" alt=\"E\u013c\u013cas caurules un rezerves da\u013cas\" \/><\/p>\n<h2>Bl\u012bv\u0113\u0161ana un e\u013c\u013co\u0161ana<\/h2>\n<p>Hidraulisko cilindru efektivit\u0101te ir \u013coti atkar\u012bga no bl\u012bv\u0113juma un e\u013c\u013co\u0161anas kvalit\u0101tes. Da\u017e\u0101diem bl\u012bv\u0113juma komponentiem, tostarp virzu\u013ca bl\u012bv\u0113jumiem un stie\u0146a bl\u012bv\u0113jumiem, ir b\u016btiska loma hidraulisk\u0101 \u0161\u0137idruma uztur\u0113\u0161an\u0101 sist\u0113m\u0101. Iztur\u012bgu materi\u0101lu, piem\u0113ram, poliuret\u0101na un nitrila gumijas, izmanto\u0161ana uzlabo nodilumiztur\u012bbu un ilgm\u016b\u017e\u012bbu.<\/p>\n<p>Cilindra korpuss un v\u012bt\u0146ot\u0101s gala virsmas tiek r\u016bp\u012bgi apstr\u0101d\u0101tas, lai uzlabotu nodilumiztur\u012bbu un bl\u012bv\u0113\u0161anas veiktsp\u0113ju. Regul\u0101ri j\u0101pievieno atbilsto\u0161s hidraulisk\u0101s e\u013c\u013cas daudzums, lai nodro\u0161in\u0101tu e\u013c\u013co\u0161anu, nov\u0113rstu berzi un pagarin\u0101tu cilindra kalpo\u0161anas laiku.<\/p>\n<h2>Regul\u0101ra p\u0101rbaude un profilaktisk\u0101 apkope<\/h2>\n<ul>\n<li>\n<h3>Pl\u0101not\u0101s p\u0101rbaudes<\/h3>\n<p>Regul\u0101ras p\u0101rbaudes pal\u012bdz identific\u0113t nodilumu un potenci\u0101los boj\u0101jumus, pirms tie saasin\u0101s. \u0160o nov\u0113rt\u0113jumu laik\u0101 p\u0101rbaudiet, vai nav nopl\u016b\u017eu paz\u012bmju, fizisku boj\u0101jumu un kop\u0113j\u0101s darb\u012bbas efektivit\u0101tes.<\/p>\n<\/li>\n<li>\n<h3>Pareiza e\u013c\u013co\u0161ana<\/h3>\n<p>P\u0101rliecinieties, ka visas kust\u012bg\u0101s da\u013cas ir pietiekami iee\u013c\u013cotas, lai samazin\u0101tu berzi un nodilumu. Tas ietver regul\u0101ru e\u013c\u013cas l\u012bme\u0146a p\u0101rbaudi un hidraulisk\u0101 \u0161\u0137idruma papildin\u0101\u0161anu, ja nepiecie\u0161ams.<\/p>\n<\/li>\n<li>\n<h3>Bl\u012bv\u0113juma nomai\u0146a<\/h3>\n<p>Uzraugiet bl\u012bv\u0113jumu st\u0101vokli un nekav\u0113joties nomainiet tos, ja tiek paman\u012btas jebk\u0101das nodiluma vai boj\u0101jumu paz\u012bmes. Tas nov\u0113rs\u012bs hidraulisk\u0101 \u0161\u0137idruma nopl\u016bdes un saglab\u0101s sist\u0113mas integrit\u0101ti.<\/p>\n<\/li>\n<\/ul>\n<h2>Uzst\u0101d\u012b\u0161anas instrukcijas<\/h2>\n<p>Pareiza str\u0113les cilindra uzst\u0101d\u012b\u0161ana ir \u013coti svar\u012bga, lai nodro\u0161in\u0101tu optim\u0101lu veiktsp\u0113ju. S\u0101ciet ar mont\u0101\u017eas zonas t\u012br\u012b\u0161anu, lai no\u0146emtu visus gru\u017eus, kas var\u0113tu trauc\u0113t mont\u0101\u017eu. Pareizi izl\u012bdziniet cilindru ar mont\u0101\u017eas kron\u0161teiniem, izmantojot atbilsto\u0161us uzst\u0101d\u012b\u0161anas instrumentus, nodro\u0161inot, ka nav nepareizas izl\u012bdzin\u0101\u0161anas, kas var\u0113tu izrais\u012bt priek\u0161laic\u012bgu nodilumu.<\/p>\n<p>Nostipriniet cilindru viet\u0101, izmantojot ieteicamos stiprin\u0101juma elementus, p\u0101rliecinoties, ka visas skr\u016bves un stiprin\u0101jumi ir pievilkti atbilsto\u0161i ra\u017eot\u0101ja specifik\u0101cij\u0101m. P\u0113c uzst\u0101d\u012b\u0161anas darbiniet cilindru piln\u0101 kust\u012bbas diapazon\u0101, lai nodro\u0161in\u0101tu nevainojamu darb\u012bbu, un p\u0101rbaudiet, vai nav nopl\u016b\u017eu vai neparastu ska\u0146u paz\u012bmju.<\/p>\n<h2>Bie\u017ei sastopamie apkopes uzdevumi<\/h2>\n<ul>\n<li>\n<h3>Regul\u0101ras p\u0101rbaudes<\/h3>\n<p>Regul\u0101ri p\u0101rbaudiet nopl\u016bdes, nodilumu un darb\u012bbas efektivit\u0101ti. \u0160\u012b proakt\u012bv\u0101 pieeja var pal\u012bdz\u0113t laikus identific\u0113t probl\u0113mas, nov\u0113r\u0161ot d\u0101rgus remontdarbus.<\/p>\n<\/li>\n<li>\n<h3>Piem\u0113rota e\u013c\u013co\u0161ana<\/h3>\n<p>Uzturiet optim\u0101lu e\u013c\u013co\u0161anu, regul\u0101ri p\u0101rbaudot un papildinot hidraulisk\u0101 \u0161\u0137idruma l\u012bmeni. Pareiza e\u013c\u013co\u0161ana samazina nodilumu un uzlabo cilindru kalpo\u0161anas laiku.<\/p>\n<\/li>\n<li>\n<h3>Bl\u012bvju nomai\u0146as un kalibr\u0113\u0161anas p\u0101rbaudes<\/h3>\n<p>Regul\u0101ri nomainiet nolietot\u0101s bl\u012bves, lai nov\u0113rstu nopl\u016bdes un uztur\u0113tu hidraulisko spiedienu. Kalibr\u0113\u0161ana nodro\u0161ina, ka cilindrs darbojas atbilsto\u0161i noteiktajiem parametriem, uzlabojot veiktsp\u0113ju un dro\u0161\u012bbu.<\/p>\n<\/li>\n<\/ul>\n<p><img decoding=\"async\" src=\"https:\/\/www.hydraulic-cylinders.net\/wp-content\/uploads\/2025\/04\/songte-chushion-collar.webp\" alt=\"Spilvenu apkakle\" \/><\/p>\n<h2>Dro\u0161\u012bbas apsv\u0113rumi un vides faktori<\/h2>\n<p>Izmantojot hidrauliskos cilindrus, ir svar\u012bgi iev\u0113rot dro\u0161\u012bbas pas\u0101kumus, lai aizsarg\u0101tu operatorus un apr\u012bkojumu. Pareiza apm\u0101c\u012bba par hidraulisko sist\u0113mu lieto\u0161anu un apkopi ir \u013coti svar\u012bga, lai samazin\u0101tu riskus, kas saist\u012bti ar hidraulisk\u0101 \u0161\u0137idruma nopl\u016bd\u0113m un apr\u012bkojuma boj\u0101jumiem. Dro\u0161\u012bbas protokolu iev\u0113ro\u0161ana, piem\u0113ram, aizsargl\u012bdzek\u013cu lieto\u0161ana un ekspluat\u0101cijas vadl\u012bniju iev\u0113ro\u0161ana, v\u0113l vair\u0101k uzlabo dro\u0161\u012bbu darba viet\u0101.<\/p>\n<h2>Probl\u0113mu nov\u0113r\u0161ana un bie\u017ei sastopamas probl\u0113mas<\/h2>\n<ul>\n<li>\n<h3>Hidraulisk\u0101 nopl\u016bde<\/h3>\n<p>Nopl\u016bde var rasties boj\u0101tu bl\u012bv\u0113jumu vai nepareizas uzst\u0101d\u012b\u0161anas d\u0113\u013c. Regul\u0101ras p\u0101rbaudes un savlaic\u012bga bl\u012bv\u0113jumu nomai\u0146a var mazin\u0101t \u0161o probl\u0113mu.<\/p>\n<\/li>\n<li>\n<h3>Slikta veiktsp\u0113ja<\/h3>\n<p>Ja cilindrs nerea\u0123\u0113 atbilsto\u0161i, tas var liecin\u0101t par zemu hidraulisk\u0101 \u0161\u0137idruma l\u012bmeni vai gaisu sist\u0113m\u0101. P\u0101rbaudiet \u0161\u0137idruma l\u012bmeni un nepiecie\u0161am\u012bbas gad\u012bjum\u0101 atgaisojiet sist\u0113mu.<\/p>\n<\/li>\n<li>\n<h3>Neparastas ska\u0146as<\/h3>\n<p>D\u012bvainas ska\u0146as darb\u012bbas laik\u0101 var liecin\u0101t par nepareizu izl\u012bdzin\u0101jumu vai iek\u0161\u0113ju nodilumu. P\u0101rbaudiet cilindru, vai tas ir pareizi izl\u012bdzin\u0101ts un vai nav nodiluma paz\u012bmju, un nekav\u0113joties nov\u0113rsiet visas probl\u0113mas.<\/p>\n<\/li>\n<\/ul>\n<p>Lai efekt\u012bvi risin\u0101tu \u0161\u012bs probl\u0113mas, ieteicams iev\u0113rot sistem\u0101tisku pieeju pamatc\u0113lo\u0146a diagnostic\u0113\u0161anai un korekt\u012bvu darb\u012bbu ievie\u0161anai. Prevent\u012bvie pas\u0101kumi, piem\u0113ram, regul\u0101ra apkope un ekspluat\u0101cijas vadl\u012bniju iev\u0113ro\u0161ana, var iev\u0113rojami samazin\u0101t probl\u0113mu ra\u0161an\u0101s iesp\u0113jam\u012bbu.<\/p>\n<p><img decoding=\"async\" src=\"https:\/\/www.hydraulic-cylinders.net\/wp-content\/uploads\/2025\/04\/songte-bushings-with-all-kinds-of-excavator-models.webp\" alt=\"Ekskavatoru mode\u013cu bukses\" \/><\/p>\n<h2>Uz\u0146\u0113muma p\u0101rskats<\/h2>\n<p>M\u0113s esam vado\u0161ais rezerves hidraulisko cilindru ra\u017eot\u0101js, kas pied\u0101v\u0101 pla\u0161u produktu kl\u0101stu viet\u0113jam un starptautiskajam tirgum. M\u016bsu ap\u0146em\u0161an\u0101s sasniegt izcil\u012bbu mudina m\u016bs iev\u0113rot augst\u0101kos kvalit\u0101tes standartus, izmantojot progres\u012bvas ra\u017eo\u0161anas vad\u012bbas strat\u0113\u0123ijas.<\/p>\n<p>M\u016bsu ra\u017eotnes ir apr\u012bkotas ar augst\u0101k\u0101s klases digit\u0101laj\u0101m ra\u017eo\u0161anas iek\u0101rt\u0101m un profesion\u0101lu p\u0101rbaudes sist\u0113mu, kas nep\u0101rtraukti uzlabo m\u016bsu ra\u017eo\u0161anas iesp\u0113jas. M\u0113s esam ap\u0146\u0113mu\u0161ies apmierin\u0101t da\u017e\u0101das klientu vajadz\u012bbas ar augstu efektivit\u0101ti, precizit\u0101ti un kvalit\u0101ti.<\/p>\n<p><img decoding=\"async\" src=\"https:\/\/www.hydraulic-cylinders.net\/wp-content\/uploads\/2025\/04\/songte-company-4.webp\" alt=\"Uz\u0146\u0113muma p\u0101rskats\" \/><br \/>\n<img decoding=\"async\" src=\"https:\/\/www.hydraulic-cylinders.net\/wp-content\/uploads\/2025\/04\/songte-company-3.webp\" alt=\"Ra\u017eo\u0161anas iek\u0101rta\" \/><\/p>\n<p>M\u016bsu specializ\u0101cija ietver profesion\u0101lu pieredzi, starptautiskus sertifik\u0101tus, piel\u0101gotus pakalpojumus, modernu ra\u017eo\u0161anas apr\u012bkojumu un visaptvero\u0161u p\u0113cp\u0101rdo\u0161anas atbalstu, nodro\u0161inot, ka klienti sa\u0146em lab\u0101kos pieejamos produktus un pakalpojumus.<\/p>\n<p>Autors: lil<\/p>","protected":false},"excerpt":{"rendered":"<p>Boom Cylinder For Kato Small Excavator HD700-2-5-7 Product Overview The Boom Cylinder for Kato Small Excavator HD700-2-5-7 is a specialized hydraulic cylinder designed to control the movement of the boom in various heavy machinery, including excavators, backhoe loaders, and front-end loaders. This hydraulic cylinder plays a crucial role in enabling the boom to lift, lower, [&hellip;]<\/p>","protected":false},"featured_media":17881,"comment_status":"open","ping_status":"closed","template":"","meta":{"_et_pb_use_builder":"","_et_pb_old_content":"","_et_gb_content_width":""},"product_brand":[],"product_cat":[1546],"product_tag":[1547,1496],"class_list":{"0":"post-19738","1":"product","2":"type-product","3":"status-publish","4":"has-post-thumbnail","6":"product_cat-boom-cylinders","7":"product_tag-boom-cylinders","8":"product_tag-hydraulic-cylinders","10":"first","11":"instock","12":"shipping-taxable","13":"product-type-simple"},"amp_enabled":true,"_links":{"self":[{"href":"https:\/\/www.hydraulic-cylinders.net\/lv\/wp-json\/wp\/v2\/product\/19738","targetHints":{"allow":["GET"]}}],"collection":[{"href":"https:\/\/www.hydraulic-cylinders.net\/lv\/wp-json\/wp\/v2\/product"}],"about":[{"href":"https:\/\/www.hydraulic-cylinders.net\/lv\/wp-json\/wp\/v2\/types\/product"}],"replies":[{"embeddable":true,"href":"https:\/\/www.hydraulic-cylinders.net\/lv\/wp-json\/wp\/v2\/comments?post=19738"}],"wp:featuredmedia":[{"embeddable":true,"href":"https:\/\/www.hydraulic-cylinders.net\/lv\/wp-json\/wp\/v2\/media\/17881"}],"wp:attachment":[{"href":"https:\/\/www.hydraulic-cylinders.net\/lv\/wp-json\/wp\/v2\/media?parent=19738"}],"wp:term":[{"taxonomy":"product_brand","embeddable":true,"href":"https:\/\/www.hydraulic-cylinders.net\/lv\/wp-json\/wp\/v2\/product_brand?post=19738"},{"taxonomy":"product_cat","embeddable":true,"href":"https:\/\/www.hydraulic-cylinders.net\/lv\/wp-json\/wp\/v2\/product_cat?post=19738"},{"taxonomy":"product_tag","embeddable":true,"href":"https:\/\/www.hydraulic-cylinders.net\/lv\/wp-json\/wp\/v2\/product_tag?post=19738"}],"curies":[{"name":"wp","href":"https:\/\/api.w.org\/{rel}","templated":true}]}}